





{"id":28721,"date":"2020-02-05T13:56:26","date_gmt":"2020-02-05T12:56:26","guid":{"rendered":"https:\/\/repliquemangacine.fr\/?post_type=product&#038;p=28721"},"modified":"2026-04-15T06:38:47","modified_gmt":"2026-04-15T04:38:47","slug":"ojo-de-agamotto-amuleto-colgante-dr-strange","status":"publish","type":"product","link":"https:\/\/repliquemangacine.fr\/es\/super-heros-marvel\/oeil-d-agamotto-pendentif-amulette-dr-strange\/","title":{"rendered":"Ojo de Agamotto Dr. Strange"},"content":{"rendered":"<h2>Ojo de Agamotto Dr. Strange en el universo Marvel.<\/h2>\n<p>Para empezar, el<strong>Ojo de Agamotto Dr. Strange<\/strong> Es una poderosa reliquia creada por Agamotto, el primer hechicero supremo, como dispositivo de contenci\u00f3n para la Gema del Tiempo. El Ojo ha sido protegido por los maestros de las artes m\u00edsticas durante generaciones.<\/p>\n<p>Como contenedor de la piedra del Tiempo, el\u2019<a href=\"https:\/\/universcinematographiquemarvel.fandom.com\/fr\/wiki\/\u0152il_d'Agamotto\" target=\"_blank\" rel=\"noopener noreferrer\">Ojo de Agamotto<\/a> permite a su portador utilizar el poder de la Gema del Infinito sin tener que tocarla f\u00edsicamente. Reforzado por su Gema del Infinito, el Ojo posee enormes poderes basados en el tiempo. Es capaz de controlar el flujo del tiempo a peque\u00f1a o gran escala.<\/p>\n<p>A gran escala, la piedra puede retroceder en el tiempo para deshacer acontecimientos enteros, incluso hasta el punto de devolver la vida a los muertos, regresando a un momento anterior a su muerte.<\/p>\n<h2>Tu Dr Strange Agamotto Eye al mejor precio<\/h2>\n<p>Ofrecemos una amplia gama de r\u00e9plicas de tus superh\u00e9roes Marvel.<\/p>\n<p>Lo primero y m\u00e1s importante,<\/p>\n<ul>\n<li>En <a href=\"https:\/\/repliquemangacine.fr\/es\/superheroes\/viuda-negra-palos-morados\/\">Bastones Viuda Negra<\/a> con bot\u00f3n interruptor para la iluminaci\u00f3n del bast\u00f3n.<\/li>\n<li>Tambi\u00e9n existe la <a href=\"https:\/\/repliquemangacine.fr\/es\/superheroes\/arc-reactor-mk1-iron-man-core-reactor\/\">Arco Reactor<\/a> de Iron Man MK1.<\/li>\n<li>As\u00ed como el <a href=\"https:\/\/repliquemangacine.fr\/es\/superheroes\/espectro-de-loki\/\">Espectro de Loki<\/a> con su base luminosa.<\/li>\n<li>Y mucho m\u00e1s por descubrir en nuestra tienda en l\u00ednea.<\/li>\n<\/ul>\n<p>Por eso, esta es una idea estupenda para regalar a todos los fans de Marvel.<\/p>\n<p>En conclusi\u00f3n, tambi\u00e9n puede utilizar el\u2019<strong>Ojo de Agamotto Dr. Strange<\/strong> como colgante amuleto para tus desfiles de Cosplay. Pero sobre todo, tambi\u00e9n es una pieza de coleccionista y una pieza decorativa.<\/p>\n<h2>\u00bfC\u00f3mo se fabrican nuestros productos Avengers Marvel?<\/h2>\n<p>Para empezar, todos nuestros productos derivados son de alta calidad y est\u00e1n fabricados con especial minuciosidad. De hecho, su fabricaci\u00f3n se realiza en parte de forma manual para reproducir hasta el m\u00e1s m\u00ednimo detalle. En cuanto a las partes m\u00e1s importantes, se mecanizan con m\u00e1quinas de gran precisi\u00f3n. Los grabados se realizan generalmente con una punta de diamante o con l\u00e1ser.<\/p>\n<p>Su <strong>Ojo de Agamotto Dr. Strange<\/strong> Ha sido fabricado para reproducir con exactitud todos los detalles. Desde piezas met\u00e1licas mecanizadas con acabado bronce antiguo hasta leds de alta intensidad.<\/p>\n<p>En conclusi\u00f3n, nuestras r\u00e9plicas, importadas de China o Espa\u00f1a, \u00a1le sorprender\u00e1n!<\/p>\n<p>R\u00e9plique Manga Cin\u00e9 es una empresa familiar francesa<\/p>","protected":false},"excerpt":{"rendered":"<p>Colgante Ojo de Agamotto del Dr. Strange en Vengadores.<\/p>\n<ul>\n<li>En metal con acabado bronce antiguo.<\/li>\n<li>Piedra del infinito en resina.<\/li>\n<li>Escala 1\/1<\/li>\n<li>Colgante con sistema de iluminaci\u00f3n LED.<\/li>\n<li>Funciona con dos pilas (incluidas) y hace brillar la Piedra del Infinito.<\/li>\n<li>Bot\u00f3n de encendido\/apagado.<\/li>\n<li>Cuello de cuero.<\/li>\n<li>Por supuesto, el colgante tambi\u00e9n puede llevarse puesto.<\/li>\n<li>Tama\u00f1o de los ojos: 10,5 cm X 8 cm - Peso: 313 gramos.<\/li>\n<li><strong>El soporte totalmente met\u00e1lico con acabado en bronce antiguo est\u00e1 tan bien detallado como siempre.<\/strong><\/li>\n<li>Brillante gracias a su LED, se recarga con un enchufe USBC (no suministrado).<\/li>\n<li>Bot\u00f3n de encendido\/apagado.<\/li>\n<li>Dimensiones del soporte : Anchura 9 cm - Altura : 11 cm - Peso : 272 Grs<\/li>\n<\/ul>","protected":false},"featured_media":28722,"template":"","meta":[],"product_brand":[896],"product_cat":[24,59],"product_tag":[],"class_list":{"0":"post-28721","1":"product","2":"type-product","3":"status-publish","4":"has-post-thumbnail","6":"product_brand-replique-manga-cine","7":"product_cat-films-series-tv-vente-de-katana-epee-et-produits-derives","8":"product_cat-super-heros-marvel","10":"first","11":"instock","12":"taxable","13":"shipping-taxable","14":"purchasable","15":"product-type-simple"},"yoast_head":"<!-- This site is optimized with the Yoast SEO plugin v27.4 - https:\/\/yoast.com\/product\/yoast-seo-wordpress\/ -->\n<title>\u0152il d&#039;Agamotto Dr Strange - Echelle 1\/1 - R\u00e9plique Manga Cin\u00e9<\/title>\n<meta name=\"description\" content=\"Offrez-lui l&#039;\u0152il d&#039;Agamotto Dr Strange au meilleur prix. En acier - Pierre d&#039;infinit\u00e9 - Taille r\u00e9elle - Lumineux - Dimension de l&#039;\u0153il 10X8 cm - Support\" \/>\n<meta name=\"robots\" content=\"index, follow, max-snippet:-1, max-image-preview:large, max-video-preview:-1\" \/>\n<link rel=\"canonical\" href=\"https:\/\/repliquemangacine.fr\/es\/superheroes-marvel\/ojo-de-agamotto-amuleto-colgante-dr-strange\/\" \/>\n<meta property=\"og:locale\" content=\"es_ES\" \/>\n<meta property=\"og:type\" content=\"article\" \/>\n<meta property=\"og:title\" content=\"\u0152il d&#039;Agamotto Dr Strange - Echelle 1\/1 - R\u00e9plique Manga Cin\u00e9\" \/>\n<meta property=\"og:description\" content=\"Offrez-lui l&#039;\u0152il d&#039;Agamotto Dr Strange au meilleur prix. En acier - Pierre d&#039;infinit\u00e9 - Taille r\u00e9elle - Lumineux - Dimension de l&#039;\u0153il 10X8 cm - Support\" \/>\n<meta property=\"og:url\" content=\"https:\/\/repliquemangacine.fr\/es\/superheroes-marvel\/ojo-de-agamotto-amuleto-colgante-dr-strange\/\" \/>\n<meta property=\"og:site_name\" content=\"R\u00e9plique Manga Cin\u00e9\" \/>\n<meta property=\"article:publisher\" content=\"https:\/\/www.facebook.com\/RepliqueMangaCine\" \/>\n<meta property=\"article:modified_time\" content=\"2026-04-15T04:38:47+00:00\" \/>\n<meta property=\"og:image\" content=\"https:\/\/repliquemangacine.fr\/wp-content\/uploads\/2023\/10\/0228.jpg\" \/>\n\t<meta property=\"og:image:width\" content=\"800\" \/>\n\t<meta property=\"og:image:height\" content=\"800\" \/>\n\t<meta property=\"og:image:type\" content=\"image\/jpeg\" \/>\n<meta name=\"twitter:card\" content=\"summary_large_image\" \/>\n<meta name=\"twitter:label1\" content=\"Tiempo de lectura\" \/>\n\t<meta name=\"twitter:data1\" content=\"1 minuto\" \/>\n<script type=\"application\/ld+json\" class=\"yoast-schema-graph\">{\"@context\":\"https:\\\/\\\/schema.org\",\"@graph\":[{\"@type\":\"WebPage\",\"@id\":\"https:\\\/\\\/repliquemangacine.fr\\\/super-heros-marvel\\\/oeil-d-agamotto-pendentif-amulette-dr-strange\\\/\",\"url\":\"https:\\\/\\\/repliquemangacine.fr\\\/super-heros-marvel\\\/oeil-d-agamotto-pendentif-amulette-dr-strange\\\/\",\"name\":\"\u0152il d'Agamotto Dr Strange - Echelle 1\\\/1 - R\u00e9plique Manga Cin\u00e9\",\"isPartOf\":{\"@id\":\"https:\\\/\\\/repliquemangacine.fr\\\/#website\"},\"primaryImageOfPage\":{\"@id\":\"https:\\\/\\\/repliquemangacine.fr\\\/super-heros-marvel\\\/oeil-d-agamotto-pendentif-amulette-dr-strange\\\/#primaryimage\"},\"image\":{\"@id\":\"https:\\\/\\\/repliquemangacine.fr\\\/super-heros-marvel\\\/oeil-d-agamotto-pendentif-amulette-dr-strange\\\/#primaryimage\"},\"thumbnailUrl\":\"https:\\\/\\\/repliquemangacine.fr\\\/wp-content\\\/uploads\\\/2023\\\/10\\\/0228.jpg\",\"datePublished\":\"2020-02-05T12:56:26+00:00\",\"dateModified\":\"2026-04-15T04:38:47+00:00\",\"description\":\"Offrez-lui l'\u0152il d'Agamotto Dr Strange au meilleur prix. En acier - Pierre d'infinit\u00e9 - Taille r\u00e9elle - Lumineux - Dimension de l'\u0153il 10X8 cm - Support\",\"breadcrumb\":{\"@id\":\"https:\\\/\\\/repliquemangacine.fr\\\/super-heros-marvel\\\/oeil-d-agamotto-pendentif-amulette-dr-strange\\\/#breadcrumb\"},\"inLanguage\":\"es\",\"potentialAction\":[{\"@type\":\"ReadAction\",\"target\":[\"https:\\\/\\\/repliquemangacine.fr\\\/super-heros-marvel\\\/oeil-d-agamotto-pendentif-amulette-dr-strange\\\/\"]}]},{\"@type\":\"ImageObject\",\"inLanguage\":\"es\",\"@id\":\"https:\\\/\\\/repliquemangacine.fr\\\/super-heros-marvel\\\/oeil-d-agamotto-pendentif-amulette-dr-strange\\\/#primaryimage\",\"url\":\"https:\\\/\\\/repliquemangacine.fr\\\/wp-content\\\/uploads\\\/2023\\\/10\\\/0228.jpg\",\"contentUrl\":\"https:\\\/\\\/repliquemangacine.fr\\\/wp-content\\\/uploads\\\/2023\\\/10\\\/0228.jpg\",\"width\":800,\"height\":800,\"caption\":\"\u0152il d'Agamotto Dr Strange\"},{\"@type\":\"BreadcrumbList\",\"@id\":\"https:\\\/\\\/repliquemangacine.fr\\\/super-heros-marvel\\\/oeil-d-agamotto-pendentif-amulette-dr-strange\\\/#breadcrumb\",\"itemListElement\":[{\"@type\":\"ListItem\",\"position\":1,\"name\":\"Accueil\",\"item\":\"https:\\\/\\\/repliquemangacine.fr\\\/\"},{\"@type\":\"ListItem\",\"position\":2,\"name\":\"Produits\",\"item\":\"https:\\\/\\\/repliquemangacine.fr\\\/boutique\\\/\"},{\"@type\":\"ListItem\",\"position\":3,\"name\":\"\u0152il d&#8217;Agamotto Dr Strange\"}]},{\"@type\":\"WebSite\",\"@id\":\"https:\\\/\\\/repliquemangacine.fr\\\/#website\",\"url\":\"https:\\\/\\\/repliquemangacine.fr\\\/\",\"name\":\"R\u00e9plique Manga Cin\u00e9\",\"description\":\"\",\"publisher\":{\"@id\":\"https:\\\/\\\/repliquemangacine.fr\\\/#organization\"},\"potentialAction\":[{\"@type\":\"SearchAction\",\"target\":{\"@type\":\"EntryPoint\",\"urlTemplate\":\"https:\\\/\\\/repliquemangacine.fr\\\/?s={search_term_string}\"},\"query-input\":{\"@type\":\"PropertyValueSpecification\",\"valueRequired\":true,\"valueName\":\"search_term_string\"}}],\"inLanguage\":\"es\"},{\"@type\":\"Organization\",\"@id\":\"https:\\\/\\\/repliquemangacine.fr\\\/#organization\",\"name\":\"R\u00e9plique Manga Cin\u00e9\",\"url\":\"https:\\\/\\\/repliquemangacine.fr\\\/\",\"logo\":{\"@type\":\"ImageObject\",\"inLanguage\":\"es\",\"@id\":\"https:\\\/\\\/repliquemangacine.fr\\\/#\\\/schema\\\/logo\\\/image\\\/\",\"url\":\"https:\\\/\\\/repliquemangacine.fr\\\/wp-content\\\/uploads\\\/2023\\\/10\\\/RMC-500250.png\",\"contentUrl\":\"https:\\\/\\\/repliquemangacine.fr\\\/wp-content\\\/uploads\\\/2023\\\/10\\\/RMC-500250.png\",\"width\":500,\"height\":250,\"caption\":\"R\u00e9plique Manga Cin\u00e9\"},\"image\":{\"@id\":\"https:\\\/\\\/repliquemangacine.fr\\\/#\\\/schema\\\/logo\\\/image\\\/\"},\"sameAs\":[\"https:\\\/\\\/www.facebook.com\\\/RepliqueMangaCine\",\"https:\\\/\\\/www.instagram.com\\\/repliquemangacine.fr\\\/\"]}]}<\/script>\n<!-- \/ Yoast SEO plugin. -->","yoast_head_json":{"title":"Dr Strange Ojo de Agamotto - Escala 1\/1 - R\u00e9plique Manga Cin\u00e9","description":"Ofr\u00e9zcale el Ojo de Agamotto Dr Strange al mejor precio. Fabricado en acero - Piedra del infinito - Tama\u00f1o real - Luminoso - Tama\u00f1o del ojo 10X8 cm - Soporte","robots":{"index":"index","follow":"follow","max-snippet":"max-snippet:-1","max-image-preview":"max-image-preview:large","max-video-preview":"max-video-preview:-1"},"canonical":"https:\/\/repliquemangacine.fr\/es\/superheroes-marvel\/ojo-de-agamotto-amuleto-colgante-dr-strange\/","og_locale":"es_ES","og_type":"article","og_title":"\u0152il d'Agamotto Dr Strange - Echelle 1\/1 - R\u00e9plique Manga Cin\u00e9","og_description":"Offrez-lui l'\u0152il d'Agamotto Dr Strange au meilleur prix. En acier - Pierre d'infinit\u00e9 - Taille r\u00e9elle - Lumineux - Dimension de l'\u0153il 10X8 cm - Support","og_url":"https:\/\/repliquemangacine.fr\/es\/superheroes-marvel\/ojo-de-agamotto-amuleto-colgante-dr-strange\/","og_site_name":"R\u00e9plique Manga Cin\u00e9","article_publisher":"https:\/\/www.facebook.com\/RepliqueMangaCine","article_modified_time":"2026-04-15T04:38:47+00:00","og_image":[{"width":800,"height":800,"url":"https:\/\/repliquemangacine.fr\/wp-content\/uploads\/2023\/10\/0228.jpg","type":"image\/jpeg"}],"twitter_card":"summary_large_image","twitter_misc":{"Tiempo de lectura":"1 minuto"},"schema":{"@context":"https:\/\/schema.org","@graph":[{"@type":"WebPage","@id":"https:\/\/repliquemangacine.fr\/super-heros-marvel\/oeil-d-agamotto-pendentif-amulette-dr-strange\/","url":"https:\/\/repliquemangacine.fr\/super-heros-marvel\/oeil-d-agamotto-pendentif-amulette-dr-strange\/","name":"Dr Strange Ojo de Agamotto - Escala 1\/1 - R\u00e9plique Manga Cin\u00e9","isPartOf":{"@id":"https:\/\/repliquemangacine.fr\/#website"},"primaryImageOfPage":{"@id":"https:\/\/repliquemangacine.fr\/super-heros-marvel\/oeil-d-agamotto-pendentif-amulette-dr-strange\/#primaryimage"},"image":{"@id":"https:\/\/repliquemangacine.fr\/super-heros-marvel\/oeil-d-agamotto-pendentif-amulette-dr-strange\/#primaryimage"},"thumbnailUrl":"https:\/\/repliquemangacine.fr\/wp-content\/uploads\/2023\/10\/0228.jpg","datePublished":"2020-02-05T12:56:26+00:00","dateModified":"2026-04-15T04:38:47+00:00","description":"Ofr\u00e9zcale el Ojo de Agamotto Dr Strange al mejor precio. Fabricado en acero - Piedra del infinito - Tama\u00f1o real - Luminoso - Tama\u00f1o del ojo 10X8 cm - Soporte","breadcrumb":{"@id":"https:\/\/repliquemangacine.fr\/super-heros-marvel\/oeil-d-agamotto-pendentif-amulette-dr-strange\/#breadcrumb"},"inLanguage":"es","potentialAction":[{"@type":"ReadAction","target":["https:\/\/repliquemangacine.fr\/super-heros-marvel\/oeil-d-agamotto-pendentif-amulette-dr-strange\/"]}]},{"@type":"ImageObject","inLanguage":"es","@id":"https:\/\/repliquemangacine.fr\/super-heros-marvel\/oeil-d-agamotto-pendentif-amulette-dr-strange\/#primaryimage","url":"https:\/\/repliquemangacine.fr\/wp-content\/uploads\/2023\/10\/0228.jpg","contentUrl":"https:\/\/repliquemangacine.fr\/wp-content\/uploads\/2023\/10\/0228.jpg","width":800,"height":800,"caption":"\u0152il d'Agamotto Dr Strange"},{"@type":"BreadcrumbList","@id":"https:\/\/repliquemangacine.fr\/super-heros-marvel\/oeil-d-agamotto-pendentif-amulette-dr-strange\/#breadcrumb","itemListElement":[{"@type":"ListItem","position":1,"name":"Accueil","item":"https:\/\/repliquemangacine.fr\/"},{"@type":"ListItem","position":2,"name":"Produits","item":"https:\/\/repliquemangacine.fr\/boutique\/"},{"@type":"ListItem","position":3,"name":"\u0152il d&#8217;Agamotto Dr Strange"}]},{"@type":"WebSite","@id":"https:\/\/repliquemangacine.fr\/#website","url":"https:\/\/repliquemangacine.fr\/","name":"R\u00e9plique Manga Cin\u00e9","description":"","publisher":{"@id":"https:\/\/repliquemangacine.fr\/#organization"},"potentialAction":[{"@type":"SearchAction","target":{"@type":"EntryPoint","urlTemplate":"https:\/\/repliquemangacine.fr\/?s={search_term_string}"},"query-input":{"@type":"PropertyValueSpecification","valueRequired":true,"valueName":"search_term_string"}}],"inLanguage":"es"},{"@type":"Organization","@id":"https:\/\/repliquemangacine.fr\/#organization","name":"R\u00e9plique Manga Cin\u00e9","url":"https:\/\/repliquemangacine.fr\/","logo":{"@type":"ImageObject","inLanguage":"es","@id":"https:\/\/repliquemangacine.fr\/#\/schema\/logo\/image\/","url":"https:\/\/repliquemangacine.fr\/wp-content\/uploads\/2023\/10\/RMC-500250.png","contentUrl":"https:\/\/repliquemangacine.fr\/wp-content\/uploads\/2023\/10\/RMC-500250.png","width":500,"height":250,"caption":"R\u00e9plique Manga Cin\u00e9"},"image":{"@id":"https:\/\/repliquemangacine.fr\/#\/schema\/logo\/image\/"},"sameAs":["https:\/\/www.facebook.com\/RepliqueMangaCine","https:\/\/www.instagram.com\/repliquemangacine.fr\/"]}]}},"_links":{"self":[{"href":"https:\/\/repliquemangacine.fr\/es\/wp-json\/wp\/v2\/product\/28721","targetHints":{"allow":["GET"]}}],"collection":[{"href":"https:\/\/repliquemangacine.fr\/es\/wp-json\/wp\/v2\/product"}],"about":[{"href":"https:\/\/repliquemangacine.fr\/es\/wp-json\/wp\/v2\/types\/product"}],"wp:featuredmedia":[{"embeddable":true,"href":"https:\/\/repliquemangacine.fr\/es\/wp-json\/wp\/v2\/media\/28722"}],"wp:attachment":[{"href":"https:\/\/repliquemangacine.fr\/es\/wp-json\/wp\/v2\/media?parent=28721"}],"wp:term":[{"taxonomy":"product_brand","embeddable":true,"href":"https:\/\/repliquemangacine.fr\/es\/wp-json\/wp\/v2\/product_brand?post=28721"},{"taxonomy":"product_cat","embeddable":true,"href":"https:\/\/repliquemangacine.fr\/es\/wp-json\/wp\/v2\/product_cat?post=28721"},{"taxonomy":"product_tag","embeddable":true,"href":"https:\/\/repliquemangacine.fr\/es\/wp-json\/wp\/v2\/product_tag?post=28721"}],"curies":[{"name":"wp","href":"https:\/\/api.w.org\/{rel}","templated":true}]}}