





{"id":28706,"date":"2020-02-03T14:48:18","date_gmt":"2020-02-03T13:48:18","guid":{"rendered":"https:\/\/repliquemangacine.fr\/?post_type=product&#038;p=28706"},"modified":"2026-04-14T14:46:53","modified_gmt":"2026-04-14T12:46:53","slug":"espectro-de-loki","status":"publish","type":"product","link":"https:\/\/repliquemangacine.fr\/es\/super-heros-marvel\/spectre-de-loki\/","title":{"rendered":"Loki Cetro de Asgard Soporte iluminado"},"content":{"rendered":"<h2>R\u00e9plica del Spectre de Loki del universo de los Vengadores.<\/h2>\n<p>Para empezar, el <strong>Espectro de Loki<\/strong> es un arma que sirvi\u00f3 como contenedor original de la Piedra Espiritual, una de las seis Piedras del Infinito. El bast\u00f3n, que le fue entregado por Thanos, fue utilizado por Loki para dirigir y comandar la invasi\u00f3n chitauri de la Tierra.<\/p>\n<p><a href=\"https:\/\/universcinematographiquemarvel.fandom.com\/fr\/wiki\/Sceptre#Capacit\u00e9s\" target=\"_blank\" rel=\"noopener noreferrer\">El cetro<\/a> Tiene un mango largo dorado y un empu\u00f1adura negra que contiene la piedra del Esp\u00edritu encerrada dentro de una gema azul rodeada por hojas de platino. Tiene dos hojas de platino afiladas que rodean la gema azul sujeta, una hoja alargada por encima de la gema y otra m\u00e1s corta por debajo.<\/p>\n<p>Es un arma formidable, con afiladas hojas de platino capaces de empalar y cortar violentamente a los enemigos a los que apunta. Adem\u00e1s, el cetro tiene la capacidad de vincular la conciencia de su portador con la de otra persona, como lo demuestra el hecho de que Loki utiliz\u00f3 el cetro para comunicarse mentalmente con el Otro.<\/p>\n<h2>Tu Espectro de Loki al mejor precio.<\/h2>\n<p>Ofrecemos una amplia gama de r\u00e9plicas de tus superh\u00e9roes Marvel.<\/p>\n<p>Lo primero y m\u00e1s importante,<\/p>\n<ul>\n<li>La <a href=\"https:\/\/repliquemangacine.fr\/es\/superheroes\/daga-de-loki\/\">La daga de Loki<\/a> con su hoja de acero grabado.<\/li>\n<li>Tambi\u00e9n existe la <a href=\"https:\/\/repliquemangacine.fr\/es\/superheroes\/taza-iron-man-3d-mk43\/\">Taza 3D Iron Man<\/a> en forma de casco.<\/li>\n<li>As\u00ed como el <a href=\"https:\/\/repliquemangacine.fr\/es\/superheroes\/replica-de-la-version-de-hulk-del-nano-guantelete\/\">Nano Guantelete de Hulk<\/a> en Avengers Endgame.<\/li>\n<li>Y mucho m\u00e1s por descubrir en nuestra tienda en l\u00ednea.<\/li>\n<\/ul>\n<p>Por eso, esta es una idea estupenda para regalar a todos los fans de Marvel.<\/p>\n<p>En conclusi\u00f3n, tambi\u00e9n puede utilizar este <strong>Espectro de Loki<\/strong> para tus desfiles de Cosplay. Pero sobre todo, tambi\u00e9n es una pieza de coleccionista y una pieza decorativa.<\/p>\n<h2>\u00bfC\u00f3mo mantengo la hoja de mi arma Marvel?<\/h2>\n<p>Las armas de colecci\u00f3n y decorativas se fabrican y ensamblan de forma simplificada. Como su uso es decorativo, no cuentan con los elementos de seguridad exigidos a un sable japon\u00e9s destinado al entrenamiento.<\/p>\n<p>Sin embargo, su <strong>Espectro de Loki<\/strong> a una hoja de acero que hay que cuidar para evitar que se estropee con el tiempo. Cuando exponga su katana, sus amigos sentir\u00e1n curiosidad por ver la hoja y tocarla. Aqu\u00ed es donde hay que tener cuidado, ya que la acidez de los dedos es muy perjudicial para el acero, sea cual sea su calidad.<\/p>\n<p>Sin embargo, si esto ocurre, no te asustes, todo lo que necesitas es un pa\u00f1o humedecido con un poco de aceite y limpiar las huellas dactilares. Si haces esto, tu espada durar\u00e1 mucho tiempo.<\/p>","protected":false},"excerpt":{"rendered":"<p>Magn\u00edfica r\u00e9plica del Spectre de Loki en el universo Marvel.<\/p>\n<ul>\n<li>Cuchillas de acero inoxidable preafiladas y no cortantes.<\/li>\n<li>Asa de metal dorado.<\/li>\n<li>L\u00e1mpara de PVC azul, de unos 7,5 cm de longitud.<\/li>\n<li>Funcional gracias a su interruptor LED.<\/li>\n<li>Soporte iluminado con 6 LED.<\/li>\n<li>Funciona con un cable USBC por un lado y USB por el otro (no suministrado).<\/li>\n<li>Longitud total: 114,5 cm - Peso: 3390 Grs. - Soporte: 60 cm<\/li>\n<\/ul>","protected":false},"featured_media":28707,"template":"","meta":[],"product_brand":[896],"product_cat":[24,59],"product_tag":[],"class_list":{"0":"post-28706","1":"product","2":"type-product","3":"status-publish","4":"has-post-thumbnail","6":"product_brand-replique-manga-cine","7":"product_cat-films-series-tv-vente-de-katana-epee-et-produits-derives","8":"product_cat-super-heros-marvel","10":"first","11":"instock","12":"sale","13":"taxable","14":"shipping-taxable","15":"purchasable","16":"product-type-simple"},"yoast_head":"<!-- This site is optimized with the Yoast SEO plugin v27.4 - https:\/\/yoast.com\/product\/yoast-seo-wordpress\/ -->\n<title>Spectre de Loki - Vente de Produits d\u00e9riv\u00e9s Marvel | RMC<\/title>\n<meta name=\"description\" content=\"D\u00e9couvrez le Spectre de Loki d&#039;Asgard dans Avengers au meilleur prix. Spectre et support lumineux - Lame acier - Echelle 1\/1 - Longueur 114.5 cm\" \/>\n<meta name=\"robots\" content=\"index, follow, max-snippet:-1, max-image-preview:large, max-video-preview:-1\" \/>\n<link rel=\"canonical\" href=\"https:\/\/repliquemangacine.fr\/es\/superheroes-marvel\/espectro-de-loki\/\" \/>\n<meta property=\"og:locale\" content=\"es_ES\" \/>\n<meta property=\"og:type\" content=\"article\" \/>\n<meta property=\"og:title\" content=\"Spectre de Loki - Vente de Produits d\u00e9riv\u00e9s Marvel | RMC\" \/>\n<meta property=\"og:description\" content=\"D\u00e9couvrez le Spectre de Loki d&#039;Asgard dans Avengers au meilleur prix. Spectre et support lumineux - Lame acier - Echelle 1\/1 - Longueur 114.5 cm\" \/>\n<meta property=\"og:url\" content=\"https:\/\/repliquemangacine.fr\/es\/superheroes-marvel\/espectro-de-loki\/\" \/>\n<meta property=\"og:site_name\" content=\"R\u00e9plique Manga Cin\u00e9\" \/>\n<meta property=\"article:publisher\" content=\"https:\/\/www.facebook.com\/RepliqueMangaCine\" \/>\n<meta property=\"article:modified_time\" content=\"2026-04-14T12:46:53+00:00\" \/>\n<meta property=\"og:image\" content=\"https:\/\/repliquemangacine.fr\/wp-content\/uploads\/2023\/10\/3404-Sceptre-de-Loki-dAsgard.jpg\" \/>\n\t<meta property=\"og:image:width\" content=\"800\" \/>\n\t<meta property=\"og:image:height\" content=\"800\" \/>\n\t<meta property=\"og:image:type\" content=\"image\/jpeg\" \/>\n<meta name=\"twitter:card\" content=\"summary_large_image\" \/>\n<meta name=\"twitter:label1\" content=\"Tiempo de lectura\" \/>\n\t<meta name=\"twitter:data1\" content=\"3 minutos\" \/>\n<script type=\"application\/ld+json\" class=\"yoast-schema-graph\">{\"@context\":\"https:\\\/\\\/schema.org\",\"@graph\":[{\"@type\":\"WebPage\",\"@id\":\"https:\\\/\\\/repliquemangacine.fr\\\/super-heros-marvel\\\/spectre-de-loki\\\/\",\"url\":\"https:\\\/\\\/repliquemangacine.fr\\\/super-heros-marvel\\\/spectre-de-loki\\\/\",\"name\":\"Spectre de Loki - Vente de Produits d\u00e9riv\u00e9s Marvel | RMC\",\"isPartOf\":{\"@id\":\"https:\\\/\\\/repliquemangacine.fr\\\/#website\"},\"primaryImageOfPage\":{\"@id\":\"https:\\\/\\\/repliquemangacine.fr\\\/super-heros-marvel\\\/spectre-de-loki\\\/#primaryimage\"},\"image\":{\"@id\":\"https:\\\/\\\/repliquemangacine.fr\\\/super-heros-marvel\\\/spectre-de-loki\\\/#primaryimage\"},\"thumbnailUrl\":\"https:\\\/\\\/repliquemangacine.fr\\\/wp-content\\\/uploads\\\/2023\\\/10\\\/3404-Sceptre-de-Loki-dAsgard.jpg\",\"datePublished\":\"2020-02-03T13:48:18+00:00\",\"dateModified\":\"2026-04-14T12:46:53+00:00\",\"description\":\"D\u00e9couvrez le Spectre de Loki d'Asgard dans Avengers au meilleur prix. Spectre et support lumineux - Lame acier - Echelle 1\\\/1 - Longueur 114.5 cm\",\"breadcrumb\":{\"@id\":\"https:\\\/\\\/repliquemangacine.fr\\\/super-heros-marvel\\\/spectre-de-loki\\\/#breadcrumb\"},\"inLanguage\":\"es\",\"potentialAction\":[{\"@type\":\"ReadAction\",\"target\":[\"https:\\\/\\\/repliquemangacine.fr\\\/super-heros-marvel\\\/spectre-de-loki\\\/\"]}]},{\"@type\":\"ImageObject\",\"inLanguage\":\"es\",\"@id\":\"https:\\\/\\\/repliquemangacine.fr\\\/super-heros-marvel\\\/spectre-de-loki\\\/#primaryimage\",\"url\":\"https:\\\/\\\/repliquemangacine.fr\\\/wp-content\\\/uploads\\\/2023\\\/10\\\/3404-Sceptre-de-Loki-dAsgard.jpg\",\"contentUrl\":\"https:\\\/\\\/repliquemangacine.fr\\\/wp-content\\\/uploads\\\/2023\\\/10\\\/3404-Sceptre-de-Loki-dAsgard.jpg\",\"width\":800,\"height\":800,\"caption\":\"Sceptre de Loki d'Asgard\"},{\"@type\":\"BreadcrumbList\",\"@id\":\"https:\\\/\\\/repliquemangacine.fr\\\/super-heros-marvel\\\/spectre-de-loki\\\/#breadcrumb\",\"itemListElement\":[{\"@type\":\"ListItem\",\"position\":1,\"name\":\"Accueil\",\"item\":\"https:\\\/\\\/repliquemangacine.fr\\\/\"},{\"@type\":\"ListItem\",\"position\":2,\"name\":\"Produits\",\"item\":\"https:\\\/\\\/repliquemangacine.fr\\\/boutique\\\/\"},{\"@type\":\"ListItem\",\"position\":3,\"name\":\"Sceptre Loki d&#8217;Asgard Support lumineux\"}]},{\"@type\":\"WebSite\",\"@id\":\"https:\\\/\\\/repliquemangacine.fr\\\/#website\",\"url\":\"https:\\\/\\\/repliquemangacine.fr\\\/\",\"name\":\"R\u00e9plique Manga Cin\u00e9\",\"description\":\"\",\"publisher\":{\"@id\":\"https:\\\/\\\/repliquemangacine.fr\\\/#organization\"},\"potentialAction\":[{\"@type\":\"SearchAction\",\"target\":{\"@type\":\"EntryPoint\",\"urlTemplate\":\"https:\\\/\\\/repliquemangacine.fr\\\/?s={search_term_string}\"},\"query-input\":{\"@type\":\"PropertyValueSpecification\",\"valueRequired\":true,\"valueName\":\"search_term_string\"}}],\"inLanguage\":\"es\"},{\"@type\":\"Organization\",\"@id\":\"https:\\\/\\\/repliquemangacine.fr\\\/#organization\",\"name\":\"R\u00e9plique Manga Cin\u00e9\",\"url\":\"https:\\\/\\\/repliquemangacine.fr\\\/\",\"logo\":{\"@type\":\"ImageObject\",\"inLanguage\":\"es\",\"@id\":\"https:\\\/\\\/repliquemangacine.fr\\\/#\\\/schema\\\/logo\\\/image\\\/\",\"url\":\"https:\\\/\\\/repliquemangacine.fr\\\/wp-content\\\/uploads\\\/2023\\\/10\\\/RMC-500250.png\",\"contentUrl\":\"https:\\\/\\\/repliquemangacine.fr\\\/wp-content\\\/uploads\\\/2023\\\/10\\\/RMC-500250.png\",\"width\":500,\"height\":250,\"caption\":\"R\u00e9plique Manga Cin\u00e9\"},\"image\":{\"@id\":\"https:\\\/\\\/repliquemangacine.fr\\\/#\\\/schema\\\/logo\\\/image\\\/\"},\"sameAs\":[\"https:\\\/\\\/www.facebook.com\\\/RepliqueMangaCine\",\"https:\\\/\\\/www.instagram.com\\\/repliquemangacine.fr\\\/\"]}]}<\/script>\n<!-- \/ Yoast SEO plugin. -->","yoast_head_json":{"title":"Spectre de Loki - Marvel Merchandising | RMC","description":"Descubre el Espectro de Loki de Asgard en Vengadores al mejor precio. Spectre y soporte de luz - Hoja de acero - Escala 1\/1 - Longitud 114,5 cm","robots":{"index":"index","follow":"follow","max-snippet":"max-snippet:-1","max-image-preview":"max-image-preview:large","max-video-preview":"max-video-preview:-1"},"canonical":"https:\/\/repliquemangacine.fr\/es\/superheroes-marvel\/espectro-de-loki\/","og_locale":"es_ES","og_type":"article","og_title":"Spectre de Loki - Vente de Produits d\u00e9riv\u00e9s Marvel | RMC","og_description":"D\u00e9couvrez le Spectre de Loki d'Asgard dans Avengers au meilleur prix. Spectre et support lumineux - Lame acier - Echelle 1\/1 - Longueur 114.5 cm","og_url":"https:\/\/repliquemangacine.fr\/es\/superheroes-marvel\/espectro-de-loki\/","og_site_name":"R\u00e9plique Manga Cin\u00e9","article_publisher":"https:\/\/www.facebook.com\/RepliqueMangaCine","article_modified_time":"2026-04-14T12:46:53+00:00","og_image":[{"width":800,"height":800,"url":"https:\/\/repliquemangacine.fr\/wp-content\/uploads\/2023\/10\/3404-Sceptre-de-Loki-dAsgard.jpg","type":"image\/jpeg"}],"twitter_card":"summary_large_image","twitter_misc":{"Tiempo de lectura":"3 minutos"},"schema":{"@context":"https:\/\/schema.org","@graph":[{"@type":"WebPage","@id":"https:\/\/repliquemangacine.fr\/super-heros-marvel\/spectre-de-loki\/","url":"https:\/\/repliquemangacine.fr\/super-heros-marvel\/spectre-de-loki\/","name":"Spectre de Loki - Marvel Merchandising | RMC","isPartOf":{"@id":"https:\/\/repliquemangacine.fr\/#website"},"primaryImageOfPage":{"@id":"https:\/\/repliquemangacine.fr\/super-heros-marvel\/spectre-de-loki\/#primaryimage"},"image":{"@id":"https:\/\/repliquemangacine.fr\/super-heros-marvel\/spectre-de-loki\/#primaryimage"},"thumbnailUrl":"https:\/\/repliquemangacine.fr\/wp-content\/uploads\/2023\/10\/3404-Sceptre-de-Loki-dAsgard.jpg","datePublished":"2020-02-03T13:48:18+00:00","dateModified":"2026-04-14T12:46:53+00:00","description":"Descubre el Espectro de Loki de Asgard en Vengadores al mejor precio. Spectre y soporte de luz - Hoja de acero - Escala 1\/1 - Longitud 114,5 cm","breadcrumb":{"@id":"https:\/\/repliquemangacine.fr\/super-heros-marvel\/spectre-de-loki\/#breadcrumb"},"inLanguage":"es","potentialAction":[{"@type":"ReadAction","target":["https:\/\/repliquemangacine.fr\/super-heros-marvel\/spectre-de-loki\/"]}]},{"@type":"ImageObject","inLanguage":"es","@id":"https:\/\/repliquemangacine.fr\/super-heros-marvel\/spectre-de-loki\/#primaryimage","url":"https:\/\/repliquemangacine.fr\/wp-content\/uploads\/2023\/10\/3404-Sceptre-de-Loki-dAsgard.jpg","contentUrl":"https:\/\/repliquemangacine.fr\/wp-content\/uploads\/2023\/10\/3404-Sceptre-de-Loki-dAsgard.jpg","width":800,"height":800,"caption":"Sceptre de Loki d'Asgard"},{"@type":"BreadcrumbList","@id":"https:\/\/repliquemangacine.fr\/super-heros-marvel\/spectre-de-loki\/#breadcrumb","itemListElement":[{"@type":"ListItem","position":1,"name":"Accueil","item":"https:\/\/repliquemangacine.fr\/"},{"@type":"ListItem","position":2,"name":"Produits","item":"https:\/\/repliquemangacine.fr\/boutique\/"},{"@type":"ListItem","position":3,"name":"Sceptre Loki d&#8217;Asgard Support lumineux"}]},{"@type":"WebSite","@id":"https:\/\/repliquemangacine.fr\/#website","url":"https:\/\/repliquemangacine.fr\/","name":"R\u00e9plique Manga Cin\u00e9","description":"","publisher":{"@id":"https:\/\/repliquemangacine.fr\/#organization"},"potentialAction":[{"@type":"SearchAction","target":{"@type":"EntryPoint","urlTemplate":"https:\/\/repliquemangacine.fr\/?s={search_term_string}"},"query-input":{"@type":"PropertyValueSpecification","valueRequired":true,"valueName":"search_term_string"}}],"inLanguage":"es"},{"@type":"Organization","@id":"https:\/\/repliquemangacine.fr\/#organization","name":"R\u00e9plique Manga Cin\u00e9","url":"https:\/\/repliquemangacine.fr\/","logo":{"@type":"ImageObject","inLanguage":"es","@id":"https:\/\/repliquemangacine.fr\/#\/schema\/logo\/image\/","url":"https:\/\/repliquemangacine.fr\/wp-content\/uploads\/2023\/10\/RMC-500250.png","contentUrl":"https:\/\/repliquemangacine.fr\/wp-content\/uploads\/2023\/10\/RMC-500250.png","width":500,"height":250,"caption":"R\u00e9plique Manga Cin\u00e9"},"image":{"@id":"https:\/\/repliquemangacine.fr\/#\/schema\/logo\/image\/"},"sameAs":["https:\/\/www.facebook.com\/RepliqueMangaCine","https:\/\/www.instagram.com\/repliquemangacine.fr\/"]}]}},"_links":{"self":[{"href":"https:\/\/repliquemangacine.fr\/es\/wp-json\/wp\/v2\/product\/28706","targetHints":{"allow":["GET"]}}],"collection":[{"href":"https:\/\/repliquemangacine.fr\/es\/wp-json\/wp\/v2\/product"}],"about":[{"href":"https:\/\/repliquemangacine.fr\/es\/wp-json\/wp\/v2\/types\/product"}],"wp:featuredmedia":[{"embeddable":true,"href":"https:\/\/repliquemangacine.fr\/es\/wp-json\/wp\/v2\/media\/28707"}],"wp:attachment":[{"href":"https:\/\/repliquemangacine.fr\/es\/wp-json\/wp\/v2\/media?parent=28706"}],"wp:term":[{"taxonomy":"product_brand","embeddable":true,"href":"https:\/\/repliquemangacine.fr\/es\/wp-json\/wp\/v2\/product_brand?post=28706"},{"taxonomy":"product_cat","embeddable":true,"href":"https:\/\/repliquemangacine.fr\/es\/wp-json\/wp\/v2\/product_cat?post=28706"},{"taxonomy":"product_tag","embeddable":true,"href":"https:\/\/repliquemangacine.fr\/es\/wp-json\/wp\/v2\/product_tag?post=28706"}],"curies":[{"name":"wp","href":"https:\/\/api.w.org\/{rel}","templated":true}]}}