





{"id":28656,"date":"2019-12-14T19:28:54","date_gmt":"2019-12-14T18:28:54","guid":{"rendered":"https:\/\/repliquemangacine.fr\/?post_type=product&#038;p=28656"},"modified":"2026-03-07T11:58:44","modified_gmt":"2026-03-07T10:58:44","slug":"assassin-s-creed-odyssey-replica-lanza-rota-de-leonidas","status":"publish","type":"product","link":"https:\/\/repliquemangacine.fr\/es\/armes-assassins-creed\/assassin-s-creed-odyssey-replique-lance-brisee-de-leonidas\/","title":{"rendered":"Lanza rota Le\u00f3nidas"},"content":{"rendered":"<h2>Lanza a Leonidas en Assassin's Creed Odyssey<\/h2>\n<p>Para empezar, el<strong> Lance Leonidas Assassin's Creed Odyssey<\/strong> tambi\u00e9n conocida como la espada de Le\u00f3nidas, es una espada del Ed\u00e9n. Fue blandida por el rey Le\u00f3nidas I de Esparta durante la batalla de las Term\u00f3pilas. Tras su muerte, esta lanza, rota durante la batalla, fue entregada a su hija Mirrina, quien a su vez la leg\u00f3 a su hijo, <a href=\"https:\/\/assassinscreed.fandom.com\/fr\/wiki\/Kassandra\" target=\"_blank\" rel=\"noopener noreferrer\">Kassandra<\/a>.<\/p>\n<p>Aunque hoy est\u00e1 rota, sigue siendo un arma temible y un tesoro familiar de valor incalculable. Se la entregaron a Kassandra\/Alexios para que uno de estos h\u00e9roes pudiera descubrir la verdad sobre su linaje.<\/p>\n<p>Adem\u00e1s, cuando Kassandra busc\u00f3 a su familia, se dirigi\u00f3 a la Forja de los Antiguos para mejorar la eficacia de la lanza en combate, su resistencia y sus poderes sobrenaturales gracias a los fragmentos del Ed\u00e9n de la Primera Civilizaci\u00f3n.<\/p>\n<h2>Tu Lanza Assassin's Creed Leonidas al mejor precio.<\/h2>\n<p>Te ofrecemos todas las r\u00e9plicas favoritas de la serie de videojuegos Assassin\u2019s Creed.<\/p>\n<p>Lo primero y m\u00e1s importante,<\/p>\n<ul>\n<li>En <a href=\"https:\/\/repliquemangacine.fr\/es\/assassins-creed\/altair-assassin-s-creed-cuchillos-arrojadizos\/\">Cuchillos arrojadizos Alta\u00efr<\/a> una de las 4 armas que posee.<\/li>\n<li>Tambi\u00e9n est\u00e1 la pistola hacha pirata Gun Axe que se encuentra en Assassin's Creed Unity: Dead Kings.<\/li>\n<li>Y muchos m\u00e1s por descubrir en nuestra tienda en l\u00ednea.<\/li>\n<\/ul>\n<p>Si eres fan de Assassin's Creed, esta lanza de Le\u00f3nidas es una excelente incorporaci\u00f3n a tu arsenal. Por eso, es una magn\u00edfica idea de regalo para los fans.<\/p>\n<p>En conclusi\u00f3n, tambi\u00e9n puede utilizar la <strong>Lance Leonidas Assassin's Creed<\/strong> para tus desfiles de cosplay o fiestas tem\u00e1ticas. Pero, sobre todo, la Lanza de Assassin's Creed Odyssey es un objeto de coleccionista, y una pieza decorativa.<\/p>\n<h2>\u00bfC\u00f3mo se mantiene la hoja de una lanza rota?<\/h2>\n<p>Las armas de colecci\u00f3n y decorativas se fabrican y ensamblan de forma simplificada. Como su uso es decorativo, no cuentan con los elementos de seguridad exigidos a un sable japon\u00e9s destinado al entrenamiento.<\/p>\n<p>Sin embargo, su <strong>Lance Leonidas Assassin's Creed<\/strong> a una hoja de acero que hay que cuidar para evitar que se estropee con el tiempo. Cuando exponga su katana, sus amigos sentir\u00e1n curiosidad por ver la hoja y tocarla. Aqu\u00ed es donde hay que tener cuidado, ya que la acidez de los dedos es muy perjudicial para el acero, sea cual sea su calidad.<\/p>\n<p>Si esto ocurre, no te asustes, simplemente utiliza un pa\u00f1o humedecido con un poco de aceite y limpia las huellas dactilares. Si haces esto, tu espada durar\u00e1 mucho tiempo.<\/p>\n<p><strong>\u00a0<\/strong><\/p>","protected":false},"excerpt":{"rendered":"<p>Lanza rota de Le\u00f3nidas en Assassin's Creed Odyssey<\/p>\n<ul>\n<li>La hoja es de acero decorado.<\/li>\n<li>Una delicadeza absolutamente incre\u00edble.<\/li>\n<li>Mango de acero con goma.<\/li>\n<li>Se entrega con expositor de plexigl\u00e1s transparente.<\/li>\n<li>Longitud total de la lanza: 65 cm - Peso: 1450 gramos<\/li>\n<\/ul>","protected":false},"featured_media":28657,"template":"","meta":[],"product_brand":[896],"product_cat":[836,48,23],"product_tag":[],"class_list":{"0":"post-28656","1":"product","2":"type-product","3":"status-publish","4":"has-post-thumbnail","6":"product_brand-replique-manga-cine","7":"product_cat-armes-assassins-creed","8":"product_cat-epees-assassins-creed-armes-assassins-creed","9":"product_cat-repliques-manga-jeux-video","11":"first","12":"instock","13":"taxable","14":"shipping-taxable","15":"purchasable","16":"product-type-simple"},"yoast_head":"<!-- This site is optimized with the Yoast SEO plugin v27.4 - https:\/\/yoast.com\/product\/yoast-seo-wordpress\/ -->\n<title>Lance L\u00e9onidas Assassin&#039;s Creed - Boutique en ligne | RMC<\/title>\n<meta name=\"description\" content=\"Achetez vite ! La Lance L\u00e9onidas Assassin&#039;s Creed Odyssey au meilleur prix. Lame acier - Longueur totale : 65cm - Support - Envoi 24\/48h\" \/>\n<meta name=\"robots\" content=\"index, follow, max-snippet:-1, max-image-preview:large, max-video-preview:-1\" \/>\n<link rel=\"canonical\" href=\"https:\/\/repliquemangacine.fr\/es\/armas-de-assassins-creed\/assassin-s-creed-odyssey-replica-lanza-rota-de-leonidas\/\" \/>\n<meta property=\"og:locale\" content=\"es_ES\" \/>\n<meta property=\"og:type\" content=\"article\" \/>\n<meta property=\"og:title\" content=\"Lance L\u00e9onidas Assassin&#039;s Creed - Boutique en ligne | RMC\" \/>\n<meta property=\"og:description\" content=\"Achetez vite ! La Lance L\u00e9onidas Assassin&#039;s Creed Odyssey au meilleur prix. Lame acier - Longueur totale : 65cm - Support - Envoi 24\/48h\" \/>\n<meta property=\"og:url\" content=\"https:\/\/repliquemangacine.fr\/es\/armas-de-assassins-creed\/assassin-s-creed-odyssey-replica-lanza-rota-de-leonidas\/\" \/>\n<meta property=\"og:site_name\" content=\"R\u00e9plique Manga Cin\u00e9\" \/>\n<meta property=\"article:publisher\" content=\"https:\/\/www.facebook.com\/RepliqueMangaCine\" \/>\n<meta property=\"article:modified_time\" content=\"2026-03-07T10:58:44+00:00\" \/>\n<meta property=\"og:image\" content=\"https:\/\/repliquemangacine.fr\/wp-content\/uploads\/2023\/10\/3361-Assassins-Creed-Odyssey-Replique-Lance-brisee-de-Leonidas.jpg\" \/>\n\t<meta property=\"og:image:width\" content=\"800\" \/>\n\t<meta property=\"og:image:height\" content=\"800\" \/>\n\t<meta property=\"og:image:type\" content=\"image\/jpeg\" \/>\n<meta name=\"twitter:card\" content=\"summary_large_image\" \/>\n<meta name=\"twitter:label1\" content=\"Tiempo de lectura\" \/>\n\t<meta name=\"twitter:data1\" content=\"1 minuto\" \/>\n<script type=\"application\/ld+json\" class=\"yoast-schema-graph\">{\"@context\":\"https:\\\/\\\/schema.org\",\"@graph\":[{\"@type\":\"WebPage\",\"@id\":\"https:\\\/\\\/repliquemangacine.fr\\\/armes-assassins-creed\\\/assassin-s-creed-odyssey-replique-lance-brisee-de-leonidas\\\/\",\"url\":\"https:\\\/\\\/repliquemangacine.fr\\\/armes-assassins-creed\\\/assassin-s-creed-odyssey-replique-lance-brisee-de-leonidas\\\/\",\"name\":\"Lance L\u00e9onidas Assassin's Creed - Boutique en ligne | RMC\",\"isPartOf\":{\"@id\":\"https:\\\/\\\/repliquemangacine.fr\\\/#website\"},\"primaryImageOfPage\":{\"@id\":\"https:\\\/\\\/repliquemangacine.fr\\\/armes-assassins-creed\\\/assassin-s-creed-odyssey-replique-lance-brisee-de-leonidas\\\/#primaryimage\"},\"image\":{\"@id\":\"https:\\\/\\\/repliquemangacine.fr\\\/armes-assassins-creed\\\/assassin-s-creed-odyssey-replique-lance-brisee-de-leonidas\\\/#primaryimage\"},\"thumbnailUrl\":\"https:\\\/\\\/repliquemangacine.fr\\\/wp-content\\\/uploads\\\/2023\\\/10\\\/3361-Assassins-Creed-Odyssey-Replique-Lance-brisee-de-Leonidas.jpg\",\"datePublished\":\"2019-12-14T18:28:54+00:00\",\"dateModified\":\"2026-03-07T10:58:44+00:00\",\"description\":\"Achetez vite ! La Lance L\u00e9onidas Assassin's Creed Odyssey au meilleur prix. Lame acier - Longueur totale : 65cm - Support - Envoi 24\\\/48h\",\"breadcrumb\":{\"@id\":\"https:\\\/\\\/repliquemangacine.fr\\\/armes-assassins-creed\\\/assassin-s-creed-odyssey-replique-lance-brisee-de-leonidas\\\/#breadcrumb\"},\"inLanguage\":\"es\",\"potentialAction\":[{\"@type\":\"ReadAction\",\"target\":[\"https:\\\/\\\/repliquemangacine.fr\\\/armes-assassins-creed\\\/assassin-s-creed-odyssey-replique-lance-brisee-de-leonidas\\\/\"]}]},{\"@type\":\"ImageObject\",\"inLanguage\":\"es\",\"@id\":\"https:\\\/\\\/repliquemangacine.fr\\\/armes-assassins-creed\\\/assassin-s-creed-odyssey-replique-lance-brisee-de-leonidas\\\/#primaryimage\",\"url\":\"https:\\\/\\\/repliquemangacine.fr\\\/wp-content\\\/uploads\\\/2023\\\/10\\\/3361-Assassins-Creed-Odyssey-Replique-Lance-brisee-de-Leonidas.jpg\",\"contentUrl\":\"https:\\\/\\\/repliquemangacine.fr\\\/wp-content\\\/uploads\\\/2023\\\/10\\\/3361-Assassins-Creed-Odyssey-Replique-Lance-brisee-de-Leonidas.jpg\",\"width\":800,\"height\":800,\"caption\":\"Lance L\u00e9onidas Assassin's Creed\"},{\"@type\":\"BreadcrumbList\",\"@id\":\"https:\\\/\\\/repliquemangacine.fr\\\/armes-assassins-creed\\\/assassin-s-creed-odyssey-replique-lance-brisee-de-leonidas\\\/#breadcrumb\",\"itemListElement\":[{\"@type\":\"ListItem\",\"position\":1,\"name\":\"Accueil\",\"item\":\"https:\\\/\\\/repliquemangacine.fr\\\/\"},{\"@type\":\"ListItem\",\"position\":2,\"name\":\"Produits\",\"item\":\"https:\\\/\\\/repliquemangacine.fr\\\/boutique\\\/\"},{\"@type\":\"ListItem\",\"position\":3,\"name\":\"Lance bris\u00e9e L\u00e9onidas\"}]},{\"@type\":\"WebSite\",\"@id\":\"https:\\\/\\\/repliquemangacine.fr\\\/#website\",\"url\":\"https:\\\/\\\/repliquemangacine.fr\\\/\",\"name\":\"R\u00e9plique Manga Cin\u00e9\",\"description\":\"\",\"publisher\":{\"@id\":\"https:\\\/\\\/repliquemangacine.fr\\\/#organization\"},\"potentialAction\":[{\"@type\":\"SearchAction\",\"target\":{\"@type\":\"EntryPoint\",\"urlTemplate\":\"https:\\\/\\\/repliquemangacine.fr\\\/?s={search_term_string}\"},\"query-input\":{\"@type\":\"PropertyValueSpecification\",\"valueRequired\":true,\"valueName\":\"search_term_string\"}}],\"inLanguage\":\"es\"},{\"@type\":\"Organization\",\"@id\":\"https:\\\/\\\/repliquemangacine.fr\\\/#organization\",\"name\":\"R\u00e9plique Manga Cin\u00e9\",\"url\":\"https:\\\/\\\/repliquemangacine.fr\\\/\",\"logo\":{\"@type\":\"ImageObject\",\"inLanguage\":\"es\",\"@id\":\"https:\\\/\\\/repliquemangacine.fr\\\/#\\\/schema\\\/logo\\\/image\\\/\",\"url\":\"https:\\\/\\\/repliquemangacine.fr\\\/wp-content\\\/uploads\\\/2023\\\/10\\\/RMC-500250.png\",\"contentUrl\":\"https:\\\/\\\/repliquemangacine.fr\\\/wp-content\\\/uploads\\\/2023\\\/10\\\/RMC-500250.png\",\"width\":500,\"height\":250,\"caption\":\"R\u00e9plique Manga Cin\u00e9\"},\"image\":{\"@id\":\"https:\\\/\\\/repliquemangacine.fr\\\/#\\\/schema\\\/logo\\\/image\\\/\"},\"sameAs\":[\"https:\\\/\\\/www.facebook.com\\\/RepliqueMangaCine\",\"https:\\\/\\\/www.instagram.com\\\/repliquemangacine.fr\\\/\"]}]}<\/script>\n<!-- \/ Yoast SEO plugin. -->","yoast_head_json":{"title":"Assassin's Creed Leonidas Lance - Boutique en ligne | RMC","description":"\u00a1C\u00f3mprala ya! Lanza Leonidas Assassin's Creed Odyssey al mejor precio. Hoja de acero - Longitud total: 65cm - Soporte - Env\u00edo 24\/48h","robots":{"index":"index","follow":"follow","max-snippet":"max-snippet:-1","max-image-preview":"max-image-preview:large","max-video-preview":"max-video-preview:-1"},"canonical":"https:\/\/repliquemangacine.fr\/es\/armas-de-assassins-creed\/assassin-s-creed-odyssey-replica-lanza-rota-de-leonidas\/","og_locale":"es_ES","og_type":"article","og_title":"Lance L\u00e9onidas Assassin's Creed - Boutique en ligne | RMC","og_description":"Achetez vite ! La Lance L\u00e9onidas Assassin's Creed Odyssey au meilleur prix. Lame acier - Longueur totale : 65cm - Support - Envoi 24\/48h","og_url":"https:\/\/repliquemangacine.fr\/es\/armas-de-assassins-creed\/assassin-s-creed-odyssey-replica-lanza-rota-de-leonidas\/","og_site_name":"R\u00e9plique Manga Cin\u00e9","article_publisher":"https:\/\/www.facebook.com\/RepliqueMangaCine","article_modified_time":"2026-03-07T10:58:44+00:00","og_image":[{"width":800,"height":800,"url":"https:\/\/repliquemangacine.fr\/wp-content\/uploads\/2023\/10\/3361-Assassins-Creed-Odyssey-Replique-Lance-brisee-de-Leonidas.jpg","type":"image\/jpeg"}],"twitter_card":"summary_large_image","twitter_misc":{"Tiempo de lectura":"1 minuto"},"schema":{"@context":"https:\/\/schema.org","@graph":[{"@type":"WebPage","@id":"https:\/\/repliquemangacine.fr\/armes-assassins-creed\/assassin-s-creed-odyssey-replique-lance-brisee-de-leonidas\/","url":"https:\/\/repliquemangacine.fr\/armes-assassins-creed\/assassin-s-creed-odyssey-replique-lance-brisee-de-leonidas\/","name":"Assassin's Creed Leonidas Lance - Boutique en ligne | RMC","isPartOf":{"@id":"https:\/\/repliquemangacine.fr\/#website"},"primaryImageOfPage":{"@id":"https:\/\/repliquemangacine.fr\/armes-assassins-creed\/assassin-s-creed-odyssey-replique-lance-brisee-de-leonidas\/#primaryimage"},"image":{"@id":"https:\/\/repliquemangacine.fr\/armes-assassins-creed\/assassin-s-creed-odyssey-replique-lance-brisee-de-leonidas\/#primaryimage"},"thumbnailUrl":"https:\/\/repliquemangacine.fr\/wp-content\/uploads\/2023\/10\/3361-Assassins-Creed-Odyssey-Replique-Lance-brisee-de-Leonidas.jpg","datePublished":"2019-12-14T18:28:54+00:00","dateModified":"2026-03-07T10:58:44+00:00","description":"\u00a1C\u00f3mprala ya! Lanza Leonidas Assassin's Creed Odyssey al mejor precio. Hoja de acero - Longitud total: 65cm - Soporte - Env\u00edo 24\/48h","breadcrumb":{"@id":"https:\/\/repliquemangacine.fr\/armes-assassins-creed\/assassin-s-creed-odyssey-replique-lance-brisee-de-leonidas\/#breadcrumb"},"inLanguage":"es","potentialAction":[{"@type":"ReadAction","target":["https:\/\/repliquemangacine.fr\/armes-assassins-creed\/assassin-s-creed-odyssey-replique-lance-brisee-de-leonidas\/"]}]},{"@type":"ImageObject","inLanguage":"es","@id":"https:\/\/repliquemangacine.fr\/armes-assassins-creed\/assassin-s-creed-odyssey-replique-lance-brisee-de-leonidas\/#primaryimage","url":"https:\/\/repliquemangacine.fr\/wp-content\/uploads\/2023\/10\/3361-Assassins-Creed-Odyssey-Replique-Lance-brisee-de-Leonidas.jpg","contentUrl":"https:\/\/repliquemangacine.fr\/wp-content\/uploads\/2023\/10\/3361-Assassins-Creed-Odyssey-Replique-Lance-brisee-de-Leonidas.jpg","width":800,"height":800,"caption":"Lance L\u00e9onidas Assassin's Creed"},{"@type":"BreadcrumbList","@id":"https:\/\/repliquemangacine.fr\/armes-assassins-creed\/assassin-s-creed-odyssey-replique-lance-brisee-de-leonidas\/#breadcrumb","itemListElement":[{"@type":"ListItem","position":1,"name":"Accueil","item":"https:\/\/repliquemangacine.fr\/"},{"@type":"ListItem","position":2,"name":"Produits","item":"https:\/\/repliquemangacine.fr\/boutique\/"},{"@type":"ListItem","position":3,"name":"Lance bris\u00e9e L\u00e9onidas"}]},{"@type":"WebSite","@id":"https:\/\/repliquemangacine.fr\/#website","url":"https:\/\/repliquemangacine.fr\/","name":"R\u00e9plique Manga Cin\u00e9","description":"","publisher":{"@id":"https:\/\/repliquemangacine.fr\/#organization"},"potentialAction":[{"@type":"SearchAction","target":{"@type":"EntryPoint","urlTemplate":"https:\/\/repliquemangacine.fr\/?s={search_term_string}"},"query-input":{"@type":"PropertyValueSpecification","valueRequired":true,"valueName":"search_term_string"}}],"inLanguage":"es"},{"@type":"Organization","@id":"https:\/\/repliquemangacine.fr\/#organization","name":"R\u00e9plique Manga Cin\u00e9","url":"https:\/\/repliquemangacine.fr\/","logo":{"@type":"ImageObject","inLanguage":"es","@id":"https:\/\/repliquemangacine.fr\/#\/schema\/logo\/image\/","url":"https:\/\/repliquemangacine.fr\/wp-content\/uploads\/2023\/10\/RMC-500250.png","contentUrl":"https:\/\/repliquemangacine.fr\/wp-content\/uploads\/2023\/10\/RMC-500250.png","width":500,"height":250,"caption":"R\u00e9plique Manga Cin\u00e9"},"image":{"@id":"https:\/\/repliquemangacine.fr\/#\/schema\/logo\/image\/"},"sameAs":["https:\/\/www.facebook.com\/RepliqueMangaCine","https:\/\/www.instagram.com\/repliquemangacine.fr\/"]}]}},"_links":{"self":[{"href":"https:\/\/repliquemangacine.fr\/es\/wp-json\/wp\/v2\/product\/28656","targetHints":{"allow":["GET"]}}],"collection":[{"href":"https:\/\/repliquemangacine.fr\/es\/wp-json\/wp\/v2\/product"}],"about":[{"href":"https:\/\/repliquemangacine.fr\/es\/wp-json\/wp\/v2\/types\/product"}],"wp:featuredmedia":[{"embeddable":true,"href":"https:\/\/repliquemangacine.fr\/es\/wp-json\/wp\/v2\/media\/28657"}],"wp:attachment":[{"href":"https:\/\/repliquemangacine.fr\/es\/wp-json\/wp\/v2\/media?parent=28656"}],"wp:term":[{"taxonomy":"product_brand","embeddable":true,"href":"https:\/\/repliquemangacine.fr\/es\/wp-json\/wp\/v2\/product_brand?post=28656"},{"taxonomy":"product_cat","embeddable":true,"href":"https:\/\/repliquemangacine.fr\/es\/wp-json\/wp\/v2\/product_cat?post=28656"},{"taxonomy":"product_tag","embeddable":true,"href":"https:\/\/repliquemangacine.fr\/es\/wp-json\/wp\/v2\/product_tag?post=28656"}],"curies":[{"name":"wp","href":"https:\/\/api.w.org\/{rel}","templated":true}]}}