





{"id":28651,"date":"2019-12-14T18:37:14","date_gmt":"2019-12-14T17:37:14","guid":{"rendered":"https:\/\/repliquemangacine.fr\/?post_type=product&#038;p=28651"},"modified":"2026-02-17T10:14:56","modified_gmt":"2026-02-17T09:14:56","slug":"espadas-gemelas-de-azzinoth-espada-legendaria-de-illidan","status":"publish","type":"product","link":"https:\/\/repliquemangacine.fr\/es\/epees-world-of-warcraft\/lames-jumelles-d-azzinoth-epee-legendaire-d-illidan\/","title":{"rendered":"Hojas gemelas de Azzinoth"},"content":{"rendered":"<h2>Espadas gemelas de Azzinoth en World of Warcraft<\/h2>\n<p>Para empezar, el <strong>Hojas gemelas de Azzinoth<\/strong>un conjunto de espadas imbuidas de magia. Durante la Guerra de los Antiguos, el demonio derrotado por el Elfo de la Noche <a href=\"https:\/\/fr.tbc.wowhead.com\/npc=22917\/illidan-hurlorage\" target=\"_blank\" rel=\"noopener noreferrer\">Illidan Hurlorage<\/a>, quien tom\u00f3 sus armas de entre sus restos mortales.<\/p>\n<p>Con el fin de aumentar su ya considerable poder, Illidan se apoder\u00f3 de las dos espadas del demonio y descubri\u00f3 que pod\u00eda fusionarlas para formar una sola arma mortal.<\/p>\n<p>Los jugadores de Wow conocieron la existencia de las Espadas Gemelas de Azzinoth en la expansi\u00f3n del juego The Burning Crusade, lanzada en 2007. Illidan Hurlorage es el jefe final de la incursi\u00f3n El Templo Negro. Por ello, los gremios tendr\u00e1n que librar una larga y dif\u00edcil batalla para poder aspirar a conseguir una de las dos codiciadas Warglaives legendarias.<\/p>\n<p>Para los jugadores m\u00e1s nost\u00e1lgicos, el equipo de Blizzard lanz\u00f3 una versi\u00f3n de World of Warcraft: The Burning Crusade Classic en enero de 2022. T\u00fa tambi\u00e9n puedes probar suerte para conseguir una Glaive Azzinoth.<\/p>\n<h2>Tu Azzinoth Cuchillas Gemelas al mejor precio.<\/h2>\n<p>Te ofrecemos una amplia selecci\u00f3n de espadas del mundo de World of Warcraft.<\/p>\n<p>Lo primero y m\u00e1s importante,<\/p>\n<ul>\n<li>El impresionante <a href=\"https:\/\/repliquemangacine.fr\/es\/world-of-warcraft-espada\/frostmourne-deuillegivre-espada-espada-del-rey-lich\/\">Espada Deuillegivre<\/a> ( Frostmourne) de Arthas.<\/li>\n<li>Tambi\u00e9n est\u00e1 el Doomhammer utilizado por el ic\u00f3nico Thrall.<\/li>\n<li>Adem\u00e1s del hacha a dos manos, el <a href=\"https:\/\/repliquemangacine.fr\/es\/world-of-warcraft-espada\/hacha-deuillelombre-shadowmourne-world-of-warcraft\/\">Shadowmourne<\/a> del Rey Arthas.<\/li>\n<li>Y mucho m\u00e1s por descubrir en nuestra tienda en l\u00ednea.<\/li>\n<\/ul>\n<p>Por eso, esta es una idea estupenda para regalar a los fans de WoW.<\/p>\n<p>En conclusi\u00f3n, puede comprar los <strong>Hojas gemelas de Azzinoth<\/strong> Esto le dar\u00e1 el mejor efecto en su configuraci\u00f3n. Pero, ante todo, las Warglaives son piezas de colecci\u00f3n y decoraci\u00f3n.<\/p>\n<p>R\u00e9plique Manga Cin\u00e9 es una empresa familiar francesa.<\/p>\n<h2>\u00bfC\u00f3mo mantengo la hoja de mi espada de World of Warcraft?<\/h2>\n<p>Las katanas de colecci\u00f3n y decorativas se fabrican y ensamblan de forma simplificada. Como su uso es decorativo, no cuentan con los elementos de seguridad exigidos a una espada japonesa destinada al entrenamiento.<\/p>\n<p>Sin embargo, su <strong>Hojas gemelas de Azzinoth<\/strong> tienen una hoja de acero que hay que mantener para evitar que se da\u00f1e con el tiempo. Cuando exponga su katana, sus amigos sentir\u00e1n curiosidad por ver la hoja y tocarla. Aqu\u00ed es donde hay que tener cuidado, ya que la acidez de los dedos es muy perjudicial para el acero, sea cual sea su calidad.<\/p>\n<p>Sin embargo, si esto ocurre, no te asustes, todo lo que necesitas es un pa\u00f1o humedecido con un poco de aceite y limpiar las huellas dactilares. Si haces esto, tu espada durar\u00e1 mucho tiempo.<\/p>\n<p><strong>\u00a0<\/strong><\/p>","protected":false},"excerpt":{"rendered":"<p>Hojas gemelas de Azzinoth El arma legendaria de Illidan en World of Warcraft<\/p>\n<ul>\n<li>Totalmente de metal.<\/li>\n<li>Guarda central de acero.<\/li>\n<li>Asas de metal recubiertas de polipiel negra en la parte posterior.<\/li>\n<li>Hay dos tornillos en el mango para facilitar la extracci\u00f3n de las cuchillas para su transporte.<\/li>\n<li>Soporte de madera individual para una presentaci\u00f3n atractiva.<\/li>\n<li>Longitud total de cada uno: aprox. 145 cm - Peso: 5,5 kg<\/li>\n<\/ul>","protected":false},"featured_media":28652,"template":"","meta":[],"product_brand":[896],"product_cat":[23,60],"product_tag":[],"class_list":{"0":"post-28651","1":"product","2":"type-product","3":"status-publish","4":"has-post-thumbnail","6":"product_brand-replique-manga-cine","7":"product_cat-repliques-manga-jeux-video","8":"product_cat-epees-world-of-warcraft","10":"first","11":"instock","12":"taxable","13":"shipping-taxable","14":"purchasable","15":"product-type-simple"},"yoast_head":"<!-- This site is optimized with the Yoast SEO plugin v27.4 - https:\/\/yoast.com\/product\/yoast-seo-wordpress\/ -->\n<title>Lames Jumelles d&#039;Azzinoth - Wow - Boutique en ligne | RMC<\/title>\n<meta name=\"description\" content=\"Achetez vite ! Les Lames Jumelles d&#039;Azzinoth au meilleur prix. Impressionnante Lame en acier - Support - Longueur : 145 cm chacune - Envoi 24\/48h\" \/>\n<meta name=\"robots\" content=\"index, follow, max-snippet:-1, max-image-preview:large, max-video-preview:-1\" \/>\n<link rel=\"canonical\" href=\"https:\/\/repliquemangacine.fr\/es\/espadas-de-world-of-warcraft\/espadas-gemelas-de-azzinoth-espada-legendaria-de-illidan\/\" \/>\n<meta property=\"og:locale\" content=\"es_ES\" \/>\n<meta property=\"og:type\" content=\"article\" \/>\n<meta property=\"og:title\" content=\"Lames Jumelles d&#039;Azzinoth - Wow - Boutique en ligne | RMC\" \/>\n<meta property=\"og:description\" content=\"Achetez vite ! Les Lames Jumelles d&#039;Azzinoth au meilleur prix. Impressionnante Lame en acier - Support - Longueur : 145 cm chacune - Envoi 24\/48h\" \/>\n<meta property=\"og:url\" content=\"https:\/\/repliquemangacine.fr\/es\/espadas-de-world-of-warcraft\/espadas-gemelas-de-azzinoth-espada-legendaria-de-illidan\/\" \/>\n<meta property=\"og:site_name\" content=\"R\u00e9plique Manga Cin\u00e9\" \/>\n<meta property=\"article:publisher\" content=\"https:\/\/www.facebook.com\/RepliqueMangaCine\" \/>\n<meta property=\"article:modified_time\" content=\"2026-02-17T09:14:56+00:00\" \/>\n<meta property=\"og:image\" content=\"https:\/\/repliquemangacine.fr\/wp-content\/uploads\/2023\/10\/3355-Lame-dAzzinoth-avec-support-bois.jpg\" \/>\n\t<meta property=\"og:image:width\" content=\"800\" \/>\n\t<meta property=\"og:image:height\" content=\"800\" \/>\n\t<meta property=\"og:image:type\" content=\"image\/jpeg\" \/>\n<meta name=\"twitter:card\" content=\"summary_large_image\" \/>\n<meta name=\"twitter:label1\" content=\"Tiempo de lectura\" \/>\n\t<meta name=\"twitter:data1\" content=\"2 minutos\" \/>\n<script type=\"application\/ld+json\" class=\"yoast-schema-graph\">{\"@context\":\"https:\\\/\\\/schema.org\",\"@graph\":[{\"@type\":\"WebPage\",\"@id\":\"https:\\\/\\\/repliquemangacine.fr\\\/epees-world-of-warcraft\\\/lames-jumelles-d-azzinoth-epee-legendaire-d-illidan\\\/\",\"url\":\"https:\\\/\\\/repliquemangacine.fr\\\/epees-world-of-warcraft\\\/lames-jumelles-d-azzinoth-epee-legendaire-d-illidan\\\/\",\"name\":\"Lames Jumelles d'Azzinoth - Wow - Boutique en ligne | RMC\",\"isPartOf\":{\"@id\":\"https:\\\/\\\/repliquemangacine.fr\\\/#website\"},\"primaryImageOfPage\":{\"@id\":\"https:\\\/\\\/repliquemangacine.fr\\\/epees-world-of-warcraft\\\/lames-jumelles-d-azzinoth-epee-legendaire-d-illidan\\\/#primaryimage\"},\"image\":{\"@id\":\"https:\\\/\\\/repliquemangacine.fr\\\/epees-world-of-warcraft\\\/lames-jumelles-d-azzinoth-epee-legendaire-d-illidan\\\/#primaryimage\"},\"thumbnailUrl\":\"https:\\\/\\\/repliquemangacine.fr\\\/wp-content\\\/uploads\\\/2023\\\/10\\\/3355-Lame-dAzzinoth-avec-support-bois.jpg\",\"datePublished\":\"2019-12-14T17:37:14+00:00\",\"dateModified\":\"2026-02-17T09:14:56+00:00\",\"description\":\"Achetez vite ! Les Lames Jumelles d'Azzinoth au meilleur prix. Impressionnante Lame en acier - Support - Longueur : 145 cm chacune - Envoi 24\\\/48h\",\"breadcrumb\":{\"@id\":\"https:\\\/\\\/repliquemangacine.fr\\\/epees-world-of-warcraft\\\/lames-jumelles-d-azzinoth-epee-legendaire-d-illidan\\\/#breadcrumb\"},\"inLanguage\":\"es\",\"potentialAction\":[{\"@type\":\"ReadAction\",\"target\":[\"https:\\\/\\\/repliquemangacine.fr\\\/epees-world-of-warcraft\\\/lames-jumelles-d-azzinoth-epee-legendaire-d-illidan\\\/\"]}]},{\"@type\":\"ImageObject\",\"inLanguage\":\"es\",\"@id\":\"https:\\\/\\\/repliquemangacine.fr\\\/epees-world-of-warcraft\\\/lames-jumelles-d-azzinoth-epee-legendaire-d-illidan\\\/#primaryimage\",\"url\":\"https:\\\/\\\/repliquemangacine.fr\\\/wp-content\\\/uploads\\\/2023\\\/10\\\/3355-Lame-dAzzinoth-avec-support-bois.jpg\",\"contentUrl\":\"https:\\\/\\\/repliquemangacine.fr\\\/wp-content\\\/uploads\\\/2023\\\/10\\\/3355-Lame-dAzzinoth-avec-support-bois.jpg\",\"width\":800,\"height\":800,\"caption\":\"Lames Jumelles d'Azzinoth avec support bois\"},{\"@type\":\"BreadcrumbList\",\"@id\":\"https:\\\/\\\/repliquemangacine.fr\\\/epees-world-of-warcraft\\\/lames-jumelles-d-azzinoth-epee-legendaire-d-illidan\\\/#breadcrumb\",\"itemListElement\":[{\"@type\":\"ListItem\",\"position\":1,\"name\":\"Accueil\",\"item\":\"https:\\\/\\\/repliquemangacine.fr\\\/\"},{\"@type\":\"ListItem\",\"position\":2,\"name\":\"Produits\",\"item\":\"https:\\\/\\\/repliquemangacine.fr\\\/boutique\\\/\"},{\"@type\":\"ListItem\",\"position\":3,\"name\":\"Lames Jumelles d&#8217;Azzinoth\"}]},{\"@type\":\"WebSite\",\"@id\":\"https:\\\/\\\/repliquemangacine.fr\\\/#website\",\"url\":\"https:\\\/\\\/repliquemangacine.fr\\\/\",\"name\":\"R\u00e9plique Manga Cin\u00e9\",\"description\":\"\",\"publisher\":{\"@id\":\"https:\\\/\\\/repliquemangacine.fr\\\/#organization\"},\"potentialAction\":[{\"@type\":\"SearchAction\",\"target\":{\"@type\":\"EntryPoint\",\"urlTemplate\":\"https:\\\/\\\/repliquemangacine.fr\\\/?s={search_term_string}\"},\"query-input\":{\"@type\":\"PropertyValueSpecification\",\"valueRequired\":true,\"valueName\":\"search_term_string\"}}],\"inLanguage\":\"es\"},{\"@type\":\"Organization\",\"@id\":\"https:\\\/\\\/repliquemangacine.fr\\\/#organization\",\"name\":\"R\u00e9plique Manga Cin\u00e9\",\"url\":\"https:\\\/\\\/repliquemangacine.fr\\\/\",\"logo\":{\"@type\":\"ImageObject\",\"inLanguage\":\"es\",\"@id\":\"https:\\\/\\\/repliquemangacine.fr\\\/#\\\/schema\\\/logo\\\/image\\\/\",\"url\":\"https:\\\/\\\/repliquemangacine.fr\\\/wp-content\\\/uploads\\\/2023\\\/10\\\/RMC-500250.png\",\"contentUrl\":\"https:\\\/\\\/repliquemangacine.fr\\\/wp-content\\\/uploads\\\/2023\\\/10\\\/RMC-500250.png\",\"width\":500,\"height\":250,\"caption\":\"R\u00e9plique Manga Cin\u00e9\"},\"image\":{\"@id\":\"https:\\\/\\\/repliquemangacine.fr\\\/#\\\/schema\\\/logo\\\/image\\\/\"},\"sameAs\":[\"https:\\\/\\\/www.facebook.com\\\/RepliqueMangaCine\",\"https:\\\/\\\/www.instagram.com\\\/repliquemangacine.fr\\\/\"]}]}<\/script>\n<!-- \/ Yoast SEO plugin. -->","yoast_head_json":{"title":"Azzinoth Twin Blades - Wow - Boutique en ligne | RMC","description":"\u00a1C\u00f3mpralo ya! Cuchillas gemelas de Azzinoth al mejor precio. Impresionante hoja de acero - Soporte - Longitud: 145 cm cada una - Env\u00edo 24\/48h","robots":{"index":"index","follow":"follow","max-snippet":"max-snippet:-1","max-image-preview":"max-image-preview:large","max-video-preview":"max-video-preview:-1"},"canonical":"https:\/\/repliquemangacine.fr\/es\/espadas-de-world-of-warcraft\/espadas-gemelas-de-azzinoth-espada-legendaria-de-illidan\/","og_locale":"es_ES","og_type":"article","og_title":"Lames Jumelles d'Azzinoth - Wow - Boutique en ligne | RMC","og_description":"Achetez vite ! Les Lames Jumelles d'Azzinoth au meilleur prix. Impressionnante Lame en acier - Support - Longueur : 145 cm chacune - Envoi 24\/48h","og_url":"https:\/\/repliquemangacine.fr\/es\/espadas-de-world-of-warcraft\/espadas-gemelas-de-azzinoth-espada-legendaria-de-illidan\/","og_site_name":"R\u00e9plique Manga Cin\u00e9","article_publisher":"https:\/\/www.facebook.com\/RepliqueMangaCine","article_modified_time":"2026-02-17T09:14:56+00:00","og_image":[{"width":800,"height":800,"url":"https:\/\/repliquemangacine.fr\/wp-content\/uploads\/2023\/10\/3355-Lame-dAzzinoth-avec-support-bois.jpg","type":"image\/jpeg"}],"twitter_card":"summary_large_image","twitter_misc":{"Tiempo de lectura":"2 minutos"},"schema":{"@context":"https:\/\/schema.org","@graph":[{"@type":"WebPage","@id":"https:\/\/repliquemangacine.fr\/epees-world-of-warcraft\/lames-jumelles-d-azzinoth-epee-legendaire-d-illidan\/","url":"https:\/\/repliquemangacine.fr\/epees-world-of-warcraft\/lames-jumelles-d-azzinoth-epee-legendaire-d-illidan\/","name":"Azzinoth Twin Blades - Wow - Boutique en ligne | RMC","isPartOf":{"@id":"https:\/\/repliquemangacine.fr\/#website"},"primaryImageOfPage":{"@id":"https:\/\/repliquemangacine.fr\/epees-world-of-warcraft\/lames-jumelles-d-azzinoth-epee-legendaire-d-illidan\/#primaryimage"},"image":{"@id":"https:\/\/repliquemangacine.fr\/epees-world-of-warcraft\/lames-jumelles-d-azzinoth-epee-legendaire-d-illidan\/#primaryimage"},"thumbnailUrl":"https:\/\/repliquemangacine.fr\/wp-content\/uploads\/2023\/10\/3355-Lame-dAzzinoth-avec-support-bois.jpg","datePublished":"2019-12-14T17:37:14+00:00","dateModified":"2026-02-17T09:14:56+00:00","description":"\u00a1C\u00f3mpralo ya! Cuchillas gemelas de Azzinoth al mejor precio. Impresionante hoja de acero - Soporte - Longitud: 145 cm cada una - Env\u00edo 24\/48h","breadcrumb":{"@id":"https:\/\/repliquemangacine.fr\/epees-world-of-warcraft\/lames-jumelles-d-azzinoth-epee-legendaire-d-illidan\/#breadcrumb"},"inLanguage":"es","potentialAction":[{"@type":"ReadAction","target":["https:\/\/repliquemangacine.fr\/epees-world-of-warcraft\/lames-jumelles-d-azzinoth-epee-legendaire-d-illidan\/"]}]},{"@type":"ImageObject","inLanguage":"es","@id":"https:\/\/repliquemangacine.fr\/epees-world-of-warcraft\/lames-jumelles-d-azzinoth-epee-legendaire-d-illidan\/#primaryimage","url":"https:\/\/repliquemangacine.fr\/wp-content\/uploads\/2023\/10\/3355-Lame-dAzzinoth-avec-support-bois.jpg","contentUrl":"https:\/\/repliquemangacine.fr\/wp-content\/uploads\/2023\/10\/3355-Lame-dAzzinoth-avec-support-bois.jpg","width":800,"height":800,"caption":"Lames Jumelles d'Azzinoth avec support bois"},{"@type":"BreadcrumbList","@id":"https:\/\/repliquemangacine.fr\/epees-world-of-warcraft\/lames-jumelles-d-azzinoth-epee-legendaire-d-illidan\/#breadcrumb","itemListElement":[{"@type":"ListItem","position":1,"name":"Accueil","item":"https:\/\/repliquemangacine.fr\/"},{"@type":"ListItem","position":2,"name":"Produits","item":"https:\/\/repliquemangacine.fr\/boutique\/"},{"@type":"ListItem","position":3,"name":"Lames Jumelles d&#8217;Azzinoth"}]},{"@type":"WebSite","@id":"https:\/\/repliquemangacine.fr\/#website","url":"https:\/\/repliquemangacine.fr\/","name":"R\u00e9plique Manga Cin\u00e9","description":"","publisher":{"@id":"https:\/\/repliquemangacine.fr\/#organization"},"potentialAction":[{"@type":"SearchAction","target":{"@type":"EntryPoint","urlTemplate":"https:\/\/repliquemangacine.fr\/?s={search_term_string}"},"query-input":{"@type":"PropertyValueSpecification","valueRequired":true,"valueName":"search_term_string"}}],"inLanguage":"es"},{"@type":"Organization","@id":"https:\/\/repliquemangacine.fr\/#organization","name":"R\u00e9plique Manga Cin\u00e9","url":"https:\/\/repliquemangacine.fr\/","logo":{"@type":"ImageObject","inLanguage":"es","@id":"https:\/\/repliquemangacine.fr\/#\/schema\/logo\/image\/","url":"https:\/\/repliquemangacine.fr\/wp-content\/uploads\/2023\/10\/RMC-500250.png","contentUrl":"https:\/\/repliquemangacine.fr\/wp-content\/uploads\/2023\/10\/RMC-500250.png","width":500,"height":250,"caption":"R\u00e9plique Manga Cin\u00e9"},"image":{"@id":"https:\/\/repliquemangacine.fr\/#\/schema\/logo\/image\/"},"sameAs":["https:\/\/www.facebook.com\/RepliqueMangaCine","https:\/\/www.instagram.com\/repliquemangacine.fr\/"]}]}},"_links":{"self":[{"href":"https:\/\/repliquemangacine.fr\/es\/wp-json\/wp\/v2\/product\/28651","targetHints":{"allow":["GET"]}}],"collection":[{"href":"https:\/\/repliquemangacine.fr\/es\/wp-json\/wp\/v2\/product"}],"about":[{"href":"https:\/\/repliquemangacine.fr\/es\/wp-json\/wp\/v2\/types\/product"}],"wp:featuredmedia":[{"embeddable":true,"href":"https:\/\/repliquemangacine.fr\/es\/wp-json\/wp\/v2\/media\/28652"}],"wp:attachment":[{"href":"https:\/\/repliquemangacine.fr\/es\/wp-json\/wp\/v2\/media?parent=28651"}],"wp:term":[{"taxonomy":"product_brand","embeddable":true,"href":"https:\/\/repliquemangacine.fr\/es\/wp-json\/wp\/v2\/product_brand?post=28651"},{"taxonomy":"product_cat","embeddable":true,"href":"https:\/\/repliquemangacine.fr\/es\/wp-json\/wp\/v2\/product_cat?post=28651"},{"taxonomy":"product_tag","embeddable":true,"href":"https:\/\/repliquemangacine.fr\/es\/wp-json\/wp\/v2\/product_tag?post=28651"}],"curies":[{"name":"wp","href":"https:\/\/api.w.org\/{rel}","templated":true}]}}