





{"id":28642,"date":"2019-12-14T17:11:56","date_gmt":"2019-12-14T16:11:56","guid":{"rendered":"https:\/\/repliquemangacine.fr\/?post_type=product&#038;p=28642"},"modified":"2026-02-19T10:46:50","modified_gmt":"2026-02-19T09:46:50","slug":"azzinoth-espada-de-guerra-illidan-espada-de-guerra","status":"publish","type":"product","link":"https:\/\/repliquemangacine.fr\/es\/epees-world-of-warcraft\/glaive-de-guerre-d-azzinoth-epee-warglaive-d-illidan\/","title":{"rendered":"Espada de guerra Azzinoth"},"content":{"rendered":"<h2>La espada de guerra Azzinoth de Illidan en World of Warcraft<\/h2>\n<p>Para empezar, el <strong>Espada de guerra Azzinoth<\/strong>Una espada imbuida con magia, m\u00e1s com\u00fanmente conocida como un conjunto de 2 espadas legendarias conocidas como las Warglaives de Illidan. Durante la Guerra de los Antiguos, el demonio derrotado por el elfo de la noche <a href=\"https:\/\/fr.tbc.wowhead.com\/npc=22917\/illidan-hurlorage\" target=\"_blank\" rel=\"noopener noreferrer\">Illidan Hurlorage<\/a>, quien tom\u00f3 sus armas de entre sus restos mortales.<\/p>\n<p>Illidan Tormentira es famoso por dos cosas: la terrible corrupci\u00f3n f\u00edsica que cubre su cuerpo, pero tambi\u00e9n sus dos espadas.  Para aumentar su ya considerable poder, Illidan se apoder\u00f3 de las dos espadas del demonio y descubri\u00f3 que pod\u00eda fusionarlas para formar una sola arma mortal.<\/p>\n<p>Los jugadores de World of Warcraft descubrieron la existencia de las espadas de Azzinoth en la expansi\u00f3n del juego The Burning Crusade, lanzada en 2007. Illidan Hurlorage es el jefe final de la incursi\u00f3n El Templo Negro.<\/p>\n<h2>Tu Azzinoth War Glaive al mejor precio.<\/h2>\n<p>Te ofrecemos una amplia selecci\u00f3n de espadas del mundo de World of Warcraft.<\/p>\n<p>Lo primero y m\u00e1s importante,<\/p>\n<ul>\n<li>La impresionante espada <a href=\"https:\/\/repliquemangacine.fr\/es\/world-of-warcraft-espada\/frostmourne-deuillegivre-espada-espada-del-rey-lich\/\">Deuillegivre<\/a> ( Frostmourne) d'Arthas .<\/li>\n<li>Tambi\u00e9n existe la <a href=\"https:\/\/repliquemangacine.fr\/es\/otras-peliculas-y-series\/daga-espada-leones-colmillo-du-roi-llane-wrynn-warcraft\/\">Daga espada Colmillo de Le\u00f3n<\/a> del Rey Llane Wrynn<\/li>\n<li>As\u00ed como el<a href=\"https:\/\/repliquemangacine.fr\/es\/world-of-warcraft-espada\/epee-gardes-royal-chevaliers-warcraft\/\">espada de los caballeros de la guardia<\/a> del reino de Azzenoth en la pel\u00edcula Warcraft.<\/li>\n<li>Y mucho m\u00e1s por descubrir en nuestra tienda en l\u00ednea.<\/li>\n<\/ul>\n<p>Por eso, esta es una idea estupenda para regalar a los fans de WoW.<\/p>\n<p>En conclusi\u00f3n, puede comprar el <strong>Espada de guerra Azzinoth<\/strong> Esto le dar\u00e1 el mejor efecto en su configuraci\u00f3n. Pero, ante todo, las Warglaives son piezas de colecci\u00f3n y decoraci\u00f3n.<\/p>\n<p>R\u00e9plique Manga Cin\u00e9 es una empresa familiar francesa.<\/p>\n<h2>\u00bfC\u00f3mo mantengo la hoja de mi espada de World of Warcraft?<\/h2>\n<p>Las katanas de colecci\u00f3n y decorativas se fabrican y ensamblan de forma simplificada. Como su uso es decorativo, no cuentan con los elementos de seguridad exigidos a una espada japonesa destinada al entrenamiento.<\/p>\n<p>Sin embargo, su <strong>Glaive de guerra Azzinoth<\/strong> a una hoja de acero que hay que cuidar para evitar que se estropee con el tiempo. Cuando exponga su katana, sus amigos sentir\u00e1n curiosidad por ver la hoja y tocarla. Aqu\u00ed es donde hay que tener cuidado, ya que la acidez de los dedos es muy perjudicial para el acero, sea cual sea su calidad.<\/p>\n<p>Sin embargo, si esto ocurre, no te asustes, todo lo que necesitas es un pa\u00f1o humedecido con un poco de aceite y limpiar las huellas dactilares. Si haces esto, tu espada durar\u00e1 mucho tiempo.<\/p>\n<p><strong>\u00a0<\/strong><\/p>","protected":false},"excerpt":{"rendered":"<p>\u00a1Espada de guerra de Azzinoth! El arma legendaria de Illidan en World of Warcraft<\/p>\n<ul>\n<li>Totalmente de metal.<\/li>\n<li>Guarda central de acero.<\/li>\n<li>En la parte trasera se encuentra el asa de metal recubierta de polipiel negra.<\/li>\n<li>Expositor de madera.<\/li>\n<li>Longitud total: 145 cm aprox. - Peso: 5,5 kg<\/li>\n<\/ul>","protected":false},"featured_media":28643,"template":"","meta":[],"product_brand":[896],"product_cat":[23,60],"product_tag":[],"class_list":{"0":"post-28642","1":"product","2":"type-product","3":"status-publish","4":"has-post-thumbnail","6":"product_brand-replique-manga-cine","7":"product_cat-repliques-manga-jeux-video","8":"product_cat-epees-world-of-warcraft","10":"first","11":"instock","12":"taxable","13":"shipping-taxable","14":"purchasable","15":"product-type-simple"},"yoast_head":"<!-- This site is optimized with the Yoast SEO plugin v27.4 - https:\/\/yoast.com\/product\/yoast-seo-wordpress\/ -->\n<title>Glaive de guerre d&#039;Azzinoth - Warglaive - Boutique en ligne - RMC<\/title>\n<meta name=\"description\" content=\"Commandez vite ! Ce Glaive de guerre d&#039;Azzinoth warglaive d&#039;Illidan au meilleur prix. Lame en acier - Echelle 1\/1 - Longueur : 145 cm - Envoi 24\/48h\" \/>\n<meta name=\"robots\" content=\"index, follow, max-snippet:-1, max-image-preview:large, max-video-preview:-1\" \/>\n<link rel=\"canonical\" href=\"https:\/\/repliquemangacine.fr\/es\/espadas-de-world-of-warcraft\/azzinoth-espada-de-guerra-illidan-espada-de-guerra\/\" \/>\n<meta property=\"og:locale\" content=\"es_ES\" \/>\n<meta property=\"og:type\" content=\"article\" \/>\n<meta property=\"og:title\" content=\"Glaive de guerre d&#039;Azzinoth - Warglaive - Boutique en ligne - RMC\" \/>\n<meta property=\"og:description\" content=\"Commandez vite ! Ce Glaive de guerre d&#039;Azzinoth warglaive d&#039;Illidan au meilleur prix. Lame en acier - Echelle 1\/1 - Longueur : 145 cm - Envoi 24\/48h\" \/>\n<meta property=\"og:url\" content=\"https:\/\/repliquemangacine.fr\/es\/espadas-de-world-of-warcraft\/azzinoth-espada-de-guerra-illidan-espada-de-guerra\/\" \/>\n<meta property=\"og:site_name\" content=\"R\u00e9plique Manga Cin\u00e9\" \/>\n<meta property=\"article:publisher\" content=\"https:\/\/www.facebook.com\/RepliqueMangaCine\" \/>\n<meta property=\"article:modified_time\" content=\"2026-02-19T09:46:50+00:00\" \/>\n<meta property=\"og:image\" content=\"https:\/\/repliquemangacine.fr\/wp-content\/uploads\/2023\/10\/3347-Glaive-de-guerre-dAzzinoth-support.jpg\" \/>\n\t<meta property=\"og:image:width\" content=\"800\" \/>\n\t<meta property=\"og:image:height\" content=\"800\" \/>\n\t<meta property=\"og:image:type\" content=\"image\/jpeg\" \/>\n<meta name=\"twitter:card\" content=\"summary_large_image\" \/>\n<meta name=\"twitter:label1\" content=\"Tiempo de lectura\" \/>\n\t<meta name=\"twitter:data1\" content=\"2 minutos\" \/>\n<script type=\"application\/ld+json\" class=\"yoast-schema-graph\">{\"@context\":\"https:\\\/\\\/schema.org\",\"@graph\":[{\"@type\":\"WebPage\",\"@id\":\"https:\\\/\\\/repliquemangacine.fr\\\/epees-world-of-warcraft\\\/glaive-de-guerre-d-azzinoth-epee-warglaive-d-illidan\\\/\",\"url\":\"https:\\\/\\\/repliquemangacine.fr\\\/epees-world-of-warcraft\\\/glaive-de-guerre-d-azzinoth-epee-warglaive-d-illidan\\\/\",\"name\":\"Glaive de guerre d'Azzinoth - Warglaive - Boutique en ligne - RMC\",\"isPartOf\":{\"@id\":\"https:\\\/\\\/repliquemangacine.fr\\\/#website\"},\"primaryImageOfPage\":{\"@id\":\"https:\\\/\\\/repliquemangacine.fr\\\/epees-world-of-warcraft\\\/glaive-de-guerre-d-azzinoth-epee-warglaive-d-illidan\\\/#primaryimage\"},\"image\":{\"@id\":\"https:\\\/\\\/repliquemangacine.fr\\\/epees-world-of-warcraft\\\/glaive-de-guerre-d-azzinoth-epee-warglaive-d-illidan\\\/#primaryimage\"},\"thumbnailUrl\":\"https:\\\/\\\/repliquemangacine.fr\\\/wp-content\\\/uploads\\\/2023\\\/10\\\/3347-Glaive-de-guerre-dAzzinoth-support.jpg\",\"datePublished\":\"2019-12-14T16:11:56+00:00\",\"dateModified\":\"2026-02-19T09:46:50+00:00\",\"description\":\"Commandez vite ! Ce Glaive de guerre d'Azzinoth warglaive d'Illidan au meilleur prix. Lame en acier - Echelle 1\\\/1 - Longueur : 145 cm - Envoi 24\\\/48h\",\"breadcrumb\":{\"@id\":\"https:\\\/\\\/repliquemangacine.fr\\\/epees-world-of-warcraft\\\/glaive-de-guerre-d-azzinoth-epee-warglaive-d-illidan\\\/#breadcrumb\"},\"inLanguage\":\"es\",\"potentialAction\":[{\"@type\":\"ReadAction\",\"target\":[\"https:\\\/\\\/repliquemangacine.fr\\\/epees-world-of-warcraft\\\/glaive-de-guerre-d-azzinoth-epee-warglaive-d-illidan\\\/\"]}]},{\"@type\":\"ImageObject\",\"inLanguage\":\"es\",\"@id\":\"https:\\\/\\\/repliquemangacine.fr\\\/epees-world-of-warcraft\\\/glaive-de-guerre-d-azzinoth-epee-warglaive-d-illidan\\\/#primaryimage\",\"url\":\"https:\\\/\\\/repliquemangacine.fr\\\/wp-content\\\/uploads\\\/2023\\\/10\\\/3347-Glaive-de-guerre-dAzzinoth-support.jpg\",\"contentUrl\":\"https:\\\/\\\/repliquemangacine.fr\\\/wp-content\\\/uploads\\\/2023\\\/10\\\/3347-Glaive-de-guerre-dAzzinoth-support.jpg\",\"width\":800,\"height\":800,\"caption\":\"Glaive de guerre d'Azzinoth + support\"},{\"@type\":\"BreadcrumbList\",\"@id\":\"https:\\\/\\\/repliquemangacine.fr\\\/epees-world-of-warcraft\\\/glaive-de-guerre-d-azzinoth-epee-warglaive-d-illidan\\\/#breadcrumb\",\"itemListElement\":[{\"@type\":\"ListItem\",\"position\":1,\"name\":\"Accueil\",\"item\":\"https:\\\/\\\/repliquemangacine.fr\\\/\"},{\"@type\":\"ListItem\",\"position\":2,\"name\":\"Produits\",\"item\":\"https:\\\/\\\/repliquemangacine.fr\\\/boutique\\\/\"},{\"@type\":\"ListItem\",\"position\":3,\"name\":\"Glaive de guerre d&#8217;Azzinoth\"}]},{\"@type\":\"WebSite\",\"@id\":\"https:\\\/\\\/repliquemangacine.fr\\\/#website\",\"url\":\"https:\\\/\\\/repliquemangacine.fr\\\/\",\"name\":\"R\u00e9plique Manga Cin\u00e9\",\"description\":\"\",\"publisher\":{\"@id\":\"https:\\\/\\\/repliquemangacine.fr\\\/#organization\"},\"potentialAction\":[{\"@type\":\"SearchAction\",\"target\":{\"@type\":\"EntryPoint\",\"urlTemplate\":\"https:\\\/\\\/repliquemangacine.fr\\\/?s={search_term_string}\"},\"query-input\":{\"@type\":\"PropertyValueSpecification\",\"valueRequired\":true,\"valueName\":\"search_term_string\"}}],\"inLanguage\":\"es\"},{\"@type\":\"Organization\",\"@id\":\"https:\\\/\\\/repliquemangacine.fr\\\/#organization\",\"name\":\"R\u00e9plique Manga Cin\u00e9\",\"url\":\"https:\\\/\\\/repliquemangacine.fr\\\/\",\"logo\":{\"@type\":\"ImageObject\",\"inLanguage\":\"es\",\"@id\":\"https:\\\/\\\/repliquemangacine.fr\\\/#\\\/schema\\\/logo\\\/image\\\/\",\"url\":\"https:\\\/\\\/repliquemangacine.fr\\\/wp-content\\\/uploads\\\/2023\\\/10\\\/RMC-500250.png\",\"contentUrl\":\"https:\\\/\\\/repliquemangacine.fr\\\/wp-content\\\/uploads\\\/2023\\\/10\\\/RMC-500250.png\",\"width\":500,\"height\":250,\"caption\":\"R\u00e9plique Manga Cin\u00e9\"},\"image\":{\"@id\":\"https:\\\/\\\/repliquemangacine.fr\\\/#\\\/schema\\\/logo\\\/image\\\/\"},\"sameAs\":[\"https:\\\/\\\/www.facebook.com\\\/RepliqueMangaCine\",\"https:\\\/\\\/www.instagram.com\\\/repliquemangacine.fr\\\/\"]}]}<\/script>\n<!-- \/ Yoast SEO plugin. -->","yoast_head_json":{"title":"Azzinoth Espada de Guerra - Warglaive - Tienda Online - RMC","description":"\u00a1P\u00eddelo ya! Este Glaive de guerre d'Azzinoth warglaive d'Illidan al mejor precio. Hoja de acero - Escala 1\/1 - Longitud: 145 cm - Env\u00edo 24\/48h","robots":{"index":"index","follow":"follow","max-snippet":"max-snippet:-1","max-image-preview":"max-image-preview:large","max-video-preview":"max-video-preview:-1"},"canonical":"https:\/\/repliquemangacine.fr\/es\/espadas-de-world-of-warcraft\/azzinoth-espada-de-guerra-illidan-espada-de-guerra\/","og_locale":"es_ES","og_type":"article","og_title":"Glaive de guerre d'Azzinoth - Warglaive - Boutique en ligne - RMC","og_description":"Commandez vite ! Ce Glaive de guerre d'Azzinoth warglaive d'Illidan au meilleur prix. Lame en acier - Echelle 1\/1 - Longueur : 145 cm - Envoi 24\/48h","og_url":"https:\/\/repliquemangacine.fr\/es\/espadas-de-world-of-warcraft\/azzinoth-espada-de-guerra-illidan-espada-de-guerra\/","og_site_name":"R\u00e9plique Manga Cin\u00e9","article_publisher":"https:\/\/www.facebook.com\/RepliqueMangaCine","article_modified_time":"2026-02-19T09:46:50+00:00","og_image":[{"width":800,"height":800,"url":"https:\/\/repliquemangacine.fr\/wp-content\/uploads\/2023\/10\/3347-Glaive-de-guerre-dAzzinoth-support.jpg","type":"image\/jpeg"}],"twitter_card":"summary_large_image","twitter_misc":{"Tiempo de lectura":"2 minutos"},"schema":{"@context":"https:\/\/schema.org","@graph":[{"@type":"WebPage","@id":"https:\/\/repliquemangacine.fr\/epees-world-of-warcraft\/glaive-de-guerre-d-azzinoth-epee-warglaive-d-illidan\/","url":"https:\/\/repliquemangacine.fr\/epees-world-of-warcraft\/glaive-de-guerre-d-azzinoth-epee-warglaive-d-illidan\/","name":"Azzinoth Espada de Guerra - Warglaive - Tienda Online - RMC","isPartOf":{"@id":"https:\/\/repliquemangacine.fr\/#website"},"primaryImageOfPage":{"@id":"https:\/\/repliquemangacine.fr\/epees-world-of-warcraft\/glaive-de-guerre-d-azzinoth-epee-warglaive-d-illidan\/#primaryimage"},"image":{"@id":"https:\/\/repliquemangacine.fr\/epees-world-of-warcraft\/glaive-de-guerre-d-azzinoth-epee-warglaive-d-illidan\/#primaryimage"},"thumbnailUrl":"https:\/\/repliquemangacine.fr\/wp-content\/uploads\/2023\/10\/3347-Glaive-de-guerre-dAzzinoth-support.jpg","datePublished":"2019-12-14T16:11:56+00:00","dateModified":"2026-02-19T09:46:50+00:00","description":"\u00a1P\u00eddelo ya! Este Glaive de guerre d'Azzinoth warglaive d'Illidan al mejor precio. Hoja de acero - Escala 1\/1 - Longitud: 145 cm - Env\u00edo 24\/48h","breadcrumb":{"@id":"https:\/\/repliquemangacine.fr\/epees-world-of-warcraft\/glaive-de-guerre-d-azzinoth-epee-warglaive-d-illidan\/#breadcrumb"},"inLanguage":"es","potentialAction":[{"@type":"ReadAction","target":["https:\/\/repliquemangacine.fr\/epees-world-of-warcraft\/glaive-de-guerre-d-azzinoth-epee-warglaive-d-illidan\/"]}]},{"@type":"ImageObject","inLanguage":"es","@id":"https:\/\/repliquemangacine.fr\/epees-world-of-warcraft\/glaive-de-guerre-d-azzinoth-epee-warglaive-d-illidan\/#primaryimage","url":"https:\/\/repliquemangacine.fr\/wp-content\/uploads\/2023\/10\/3347-Glaive-de-guerre-dAzzinoth-support.jpg","contentUrl":"https:\/\/repliquemangacine.fr\/wp-content\/uploads\/2023\/10\/3347-Glaive-de-guerre-dAzzinoth-support.jpg","width":800,"height":800,"caption":"Glaive de guerre d'Azzinoth + support"},{"@type":"BreadcrumbList","@id":"https:\/\/repliquemangacine.fr\/epees-world-of-warcraft\/glaive-de-guerre-d-azzinoth-epee-warglaive-d-illidan\/#breadcrumb","itemListElement":[{"@type":"ListItem","position":1,"name":"Accueil","item":"https:\/\/repliquemangacine.fr\/"},{"@type":"ListItem","position":2,"name":"Produits","item":"https:\/\/repliquemangacine.fr\/boutique\/"},{"@type":"ListItem","position":3,"name":"Glaive de guerre d&#8217;Azzinoth"}]},{"@type":"WebSite","@id":"https:\/\/repliquemangacine.fr\/#website","url":"https:\/\/repliquemangacine.fr\/","name":"R\u00e9plique Manga Cin\u00e9","description":"","publisher":{"@id":"https:\/\/repliquemangacine.fr\/#organization"},"potentialAction":[{"@type":"SearchAction","target":{"@type":"EntryPoint","urlTemplate":"https:\/\/repliquemangacine.fr\/?s={search_term_string}"},"query-input":{"@type":"PropertyValueSpecification","valueRequired":true,"valueName":"search_term_string"}}],"inLanguage":"es"},{"@type":"Organization","@id":"https:\/\/repliquemangacine.fr\/#organization","name":"R\u00e9plique Manga Cin\u00e9","url":"https:\/\/repliquemangacine.fr\/","logo":{"@type":"ImageObject","inLanguage":"es","@id":"https:\/\/repliquemangacine.fr\/#\/schema\/logo\/image\/","url":"https:\/\/repliquemangacine.fr\/wp-content\/uploads\/2023\/10\/RMC-500250.png","contentUrl":"https:\/\/repliquemangacine.fr\/wp-content\/uploads\/2023\/10\/RMC-500250.png","width":500,"height":250,"caption":"R\u00e9plique Manga Cin\u00e9"},"image":{"@id":"https:\/\/repliquemangacine.fr\/#\/schema\/logo\/image\/"},"sameAs":["https:\/\/www.facebook.com\/RepliqueMangaCine","https:\/\/www.instagram.com\/repliquemangacine.fr\/"]}]}},"_links":{"self":[{"href":"https:\/\/repliquemangacine.fr\/es\/wp-json\/wp\/v2\/product\/28642","targetHints":{"allow":["GET"]}}],"collection":[{"href":"https:\/\/repliquemangacine.fr\/es\/wp-json\/wp\/v2\/product"}],"about":[{"href":"https:\/\/repliquemangacine.fr\/es\/wp-json\/wp\/v2\/types\/product"}],"wp:featuredmedia":[{"embeddable":true,"href":"https:\/\/repliquemangacine.fr\/es\/wp-json\/wp\/v2\/media\/28643"}],"wp:attachment":[{"href":"https:\/\/repliquemangacine.fr\/es\/wp-json\/wp\/v2\/media?parent=28642"}],"wp:term":[{"taxonomy":"product_brand","embeddable":true,"href":"https:\/\/repliquemangacine.fr\/es\/wp-json\/wp\/v2\/product_brand?post=28642"},{"taxonomy":"product_cat","embeddable":true,"href":"https:\/\/repliquemangacine.fr\/es\/wp-json\/wp\/v2\/product_cat?post=28642"},{"taxonomy":"product_tag","embeddable":true,"href":"https:\/\/repliquemangacine.fr\/es\/wp-json\/wp\/v2\/product_tag?post=28642"}],"curies":[{"name":"wp","href":"https:\/\/api.w.org\/{rel}","templated":true}]}}