





{"id":28628,"date":"2019-12-02T10:25:36","date_gmt":"2019-12-02T09:25:36","guid":{"rendered":"https:\/\/repliquemangacine.fr\/?post_type=product&#038;p=28628"},"modified":"2026-03-29T22:29:38","modified_gmt":"2026-03-29T20:29:38","slug":"katana-highlander-connor-macleod-espada","status":"publish","type":"product","link":"https:\/\/repliquemangacine.fr\/es\/katana-les-epees-de-films-et-series\/katana-highlander-epee-de-connor-macleod\/","title":{"rendered":"Katana Highlander Connor McLeod"},"content":{"rendered":"<h2>Katana Highlander Connor McLeod<\/h2>\n<p>Para empezar, la r\u00e9plica de la katana del Highlander Connor McLeod es absolutamente extraordinaria, con su empu\u00f1adura de resina finamente decorada con un drag\u00f3n.<\/p>\n<p>Connor MacLeod es un inmortal, el primero de su clan en llevar el nombre de Highlander. Al comienzo de su vida como inmortal, vaga por el pa\u00eds hasta que conoce a Heather MacDonald. Hija de un herrero de Glencoe, Connor aprende el oficio con su suegro y se casa con Heather, ya que los dos j\u00f3venes se han enamorado.<\/p>\n<p>A lo largo de su vida, Connor utiliz\u00f3 tres espadas. La primera era una claymore escocesa que llevaba el nombre de su clan. M\u00e1s tarde, utiliz\u00f3 esta espada como l\u00e1pida para la tumba de Heather.<\/p>\n<h2>Tu Katana Highlander Connor McLeod al mejor precio.<\/h2>\n<p>Ofrecemos una amplia gama de r\u00e9plicas del mundo del cine.<\/p>\n<p>Lo primero y m\u00e1s importante,<\/p>\n<ul>\n<li>La impresionante r\u00e9plica del<a href=\"https:\/\/repliquemangacine.fr\/es\/otras-peliculas\/epee-kurgan-highlander\/\">Espada Kurgan<\/a> cruel inmortal en la pel\u00edcula Highlander.<\/li>\n<li>As\u00ed como el<a href=\"https:\/\/repliquemangacine.fr\/es\/otras-peliculas\/connor-macleod-espada-highlander\/\">La espada de Connor MacLeod<\/a> con licencia oficial <a href=\"https:\/\/www.marto.es\/index.php\/es\/\" target=\"_blank\" rel=\"noopener noreferrer\">Marto<\/a>.<\/li>\n<li>Tambi\u00e9n existe la<a href=\"https:\/\/repliquemangacine.fr\/es\/otras-peliculas\/narnia-espada-valiente\/\">Espada valiente en Narnia<\/a>.<\/li>\n<li>Y muchos m\u00e1s por descubrir en nuestra tienda en l\u00ednea.<\/li>\n<\/ul>\n<p>Por eso, aqu\u00ed tienes unas ideas fant\u00e1sticas para regalar a todos los aficionados al cine y las series de televisi\u00f3n.<\/p>\n<p>En conclusi\u00f3n, puedes utilizar la Katana Highlander Connor McLeod para tus desfiles de cosplay o tus fiestas tem\u00e1ticas. Pero, ante todo, esta espada Claymore es una pieza de colecci\u00f3n y decoraci\u00f3n.<\/p>\n<h2>\u00bfC\u00f3mo se mantiene la hoja de la katana?<\/h2>\n<p>Las katanas de colecci\u00f3n y decorativas se fabrican y ensamblan de forma simplificada. Como su uso es decorativo, no cuentan con los elementos de seguridad exigidos a una espada japonesa destinada al entrenamiento.<\/p>\n<p>Sin embargo, su <strong>Connor McLeod Highlander katana<\/strong> a una hoja de acero que hay que cuidar para evitar que se estropee con el tiempo. Cuando exponga su katana, sus amigos sentir\u00e1n curiosidad por ver la hoja y tocarla. Aqu\u00ed es donde hay que tener cuidado, ya que la acidez de los dedos es muy perjudicial para el acero, sea cual sea su calidad.<\/p>\n<p>Sin embargo, si esto ocurre, no te asustes, todo lo que necesitas es un pa\u00f1o humedecido con un poco de aceite y limpiar las huellas dactilares. Si haces esto, tu espada durar\u00e1 mucho tiempo.<\/p>","protected":false},"excerpt":{"rendered":"<p>R\u00e9plica de la katana de Connor Macl\u00e9od de la pel\u00edcula Highlander.<\/p>\n<ul>\n<li>Hoja de acero 440.<\/li>\n<li>Empu\u00f1adura de acero que representa un drag\u00f3n.<\/li>\n<li>Empu\u00f1adura de resina con pomo de cabeza de drag\u00f3n.<\/li>\n<li>Vaina lacada en negro.<\/li>\n<li>Longitud de la hoja: 69,5 cm - Longitud total: 108 cm<\/li>\n<\/ul>","protected":false},"featured_media":28629,"template":"","meta":[],"product_brand":[896],"product_cat":[91,66,24],"product_tag":[],"class_list":{"0":"post-28628","1":"product","2":"type-product","3":"status-publish","4":"has-post-thumbnail","6":"product_brand-replique-manga-cine","7":"product_cat-katana-les-epees-de-films-et-series","8":"product_cat-repliques-d-armes-films-et-series","9":"product_cat-films-series-tv-vente-de-katana-epee-et-produits-derives","11":"first","12":"instock","13":"taxable","14":"shipping-taxable","15":"purchasable","16":"product-type-simple"},"yoast_head":"<!-- This site is optimized with the Yoast SEO plugin v27.4 - https:\/\/yoast.com\/product\/yoast-seo-wordpress\/ -->\n<title>Katana Highlander Connor McLeod - R\u00e9plique Manga Cin\u00e9<\/title>\n<meta name=\"description\" content=\"Offrez-vous le Katana Highlander Connor McLeod au meilleur prix - Lame en acier 440 - Poign\u00e9e en r\u00e9sine moul\u00e9 - Fourreau laqu\u00e9 - Longueur totale : 108 cm\" \/>\n<meta name=\"robots\" content=\"index, follow, max-snippet:-1, max-image-preview:large, max-video-preview:-1\" \/>\n<link rel=\"canonical\" href=\"https:\/\/repliquemangacine.fr\/es\/espadas-katana-de-peliculas-y-series\/katana-highlander-connor-macleod-espada\/\" \/>\n<meta property=\"og:locale\" content=\"es_ES\" \/>\n<meta property=\"og:type\" content=\"article\" \/>\n<meta property=\"og:title\" content=\"Katana Highlander Connor McLeod - R\u00e9plique Manga Cin\u00e9\" \/>\n<meta property=\"og:description\" content=\"Offrez-vous le Katana Highlander Connor McLeod au meilleur prix - Lame en acier 440 - Poign\u00e9e en r\u00e9sine moul\u00e9 - Fourreau laqu\u00e9 - Longueur totale : 108 cm\" \/>\n<meta property=\"og:url\" content=\"https:\/\/repliquemangacine.fr\/es\/espadas-katana-de-peliculas-y-series\/katana-highlander-connor-macleod-espada\/\" \/>\n<meta property=\"og:site_name\" content=\"R\u00e9plique Manga Cin\u00e9\" \/>\n<meta property=\"article:publisher\" content=\"https:\/\/www.facebook.com\/RepliqueMangaCine\" \/>\n<meta property=\"article:modified_time\" content=\"2026-03-29T20:29:38+00:00\" \/>\n<meta property=\"og:image\" content=\"https:\/\/repliquemangacine.fr\/wp-content\/uploads\/2023\/10\/3336-Katana-Highlander-Epee-de-Connor-MacLeod.jpg\" \/>\n\t<meta property=\"og:image:width\" content=\"800\" \/>\n\t<meta property=\"og:image:height\" content=\"800\" \/>\n\t<meta property=\"og:image:type\" content=\"image\/jpeg\" \/>\n<meta name=\"twitter:card\" content=\"summary_large_image\" \/>\n<meta name=\"twitter:label1\" content=\"Tiempo de lectura\" \/>\n\t<meta name=\"twitter:data1\" content=\"2 minutos\" \/>\n<script type=\"application\/ld+json\" class=\"yoast-schema-graph\">{\"@context\":\"https:\\\/\\\/schema.org\",\"@graph\":[{\"@type\":\"WebPage\",\"@id\":\"https:\\\/\\\/repliquemangacine.fr\\\/katana-les-epees-de-films-et-series\\\/katana-highlander-epee-de-connor-macleod\\\/\",\"url\":\"https:\\\/\\\/repliquemangacine.fr\\\/katana-les-epees-de-films-et-series\\\/katana-highlander-epee-de-connor-macleod\\\/\",\"name\":\"Katana Highlander Connor McLeod - R\u00e9plique Manga Cin\u00e9\",\"isPartOf\":{\"@id\":\"https:\\\/\\\/repliquemangacine.fr\\\/#website\"},\"primaryImageOfPage\":{\"@id\":\"https:\\\/\\\/repliquemangacine.fr\\\/katana-les-epees-de-films-et-series\\\/katana-highlander-epee-de-connor-macleod\\\/#primaryimage\"},\"image\":{\"@id\":\"https:\\\/\\\/repliquemangacine.fr\\\/katana-les-epees-de-films-et-series\\\/katana-highlander-epee-de-connor-macleod\\\/#primaryimage\"},\"thumbnailUrl\":\"https:\\\/\\\/repliquemangacine.fr\\\/wp-content\\\/uploads\\\/2023\\\/10\\\/3336-Katana-Highlander-Epee-de-Connor-MacLeod.jpg\",\"datePublished\":\"2019-12-02T09:25:36+00:00\",\"dateModified\":\"2026-03-29T20:29:38+00:00\",\"description\":\"Offrez-vous le Katana Highlander Connor McLeod au meilleur prix - Lame en acier 440 - Poign\u00e9e en r\u00e9sine moul\u00e9 - Fourreau laqu\u00e9 - Longueur totale : 108 cm\",\"breadcrumb\":{\"@id\":\"https:\\\/\\\/repliquemangacine.fr\\\/katana-les-epees-de-films-et-series\\\/katana-highlander-epee-de-connor-macleod\\\/#breadcrumb\"},\"inLanguage\":\"es\",\"potentialAction\":[{\"@type\":\"ReadAction\",\"target\":[\"https:\\\/\\\/repliquemangacine.fr\\\/katana-les-epees-de-films-et-series\\\/katana-highlander-epee-de-connor-macleod\\\/\"]}]},{\"@type\":\"ImageObject\",\"inLanguage\":\"es\",\"@id\":\"https:\\\/\\\/repliquemangacine.fr\\\/katana-les-epees-de-films-et-series\\\/katana-highlander-epee-de-connor-macleod\\\/#primaryimage\",\"url\":\"https:\\\/\\\/repliquemangacine.fr\\\/wp-content\\\/uploads\\\/2023\\\/10\\\/3336-Katana-Highlander-Epee-de-Connor-MacLeod.jpg\",\"contentUrl\":\"https:\\\/\\\/repliquemangacine.fr\\\/wp-content\\\/uploads\\\/2023\\\/10\\\/3336-Katana-Highlander-Epee-de-Connor-MacLeod.jpg\",\"width\":800,\"height\":800,\"caption\":\"Katana Highlander-Ep\u00e9e de Connor MacLeod\"},{\"@type\":\"BreadcrumbList\",\"@id\":\"https:\\\/\\\/repliquemangacine.fr\\\/katana-les-epees-de-films-et-series\\\/katana-highlander-epee-de-connor-macleod\\\/#breadcrumb\",\"itemListElement\":[{\"@type\":\"ListItem\",\"position\":1,\"name\":\"Accueil\",\"item\":\"https:\\\/\\\/repliquemangacine.fr\\\/\"},{\"@type\":\"ListItem\",\"position\":2,\"name\":\"Produits\",\"item\":\"https:\\\/\\\/repliquemangacine.fr\\\/boutique\\\/\"},{\"@type\":\"ListItem\",\"position\":3,\"name\":\"Katana Highlander Connor McLeod\"}]},{\"@type\":\"WebSite\",\"@id\":\"https:\\\/\\\/repliquemangacine.fr\\\/#website\",\"url\":\"https:\\\/\\\/repliquemangacine.fr\\\/\",\"name\":\"R\u00e9plique Manga Cin\u00e9\",\"description\":\"\",\"publisher\":{\"@id\":\"https:\\\/\\\/repliquemangacine.fr\\\/#organization\"},\"potentialAction\":[{\"@type\":\"SearchAction\",\"target\":{\"@type\":\"EntryPoint\",\"urlTemplate\":\"https:\\\/\\\/repliquemangacine.fr\\\/?s={search_term_string}\"},\"query-input\":{\"@type\":\"PropertyValueSpecification\",\"valueRequired\":true,\"valueName\":\"search_term_string\"}}],\"inLanguage\":\"es\"},{\"@type\":\"Organization\",\"@id\":\"https:\\\/\\\/repliquemangacine.fr\\\/#organization\",\"name\":\"R\u00e9plique Manga Cin\u00e9\",\"url\":\"https:\\\/\\\/repliquemangacine.fr\\\/\",\"logo\":{\"@type\":\"ImageObject\",\"inLanguage\":\"es\",\"@id\":\"https:\\\/\\\/repliquemangacine.fr\\\/#\\\/schema\\\/logo\\\/image\\\/\",\"url\":\"https:\\\/\\\/repliquemangacine.fr\\\/wp-content\\\/uploads\\\/2023\\\/10\\\/RMC-500250.png\",\"contentUrl\":\"https:\\\/\\\/repliquemangacine.fr\\\/wp-content\\\/uploads\\\/2023\\\/10\\\/RMC-500250.png\",\"width\":500,\"height\":250,\"caption\":\"R\u00e9plique Manga Cin\u00e9\"},\"image\":{\"@id\":\"https:\\\/\\\/repliquemangacine.fr\\\/#\\\/schema\\\/logo\\\/image\\\/\"},\"sameAs\":[\"https:\\\/\\\/www.facebook.com\\\/RepliqueMangaCine\",\"https:\\\/\\\/www.instagram.com\\\/repliquemangacine.fr\\\/\"]}]}<\/script>\n<!-- \/ Yoast SEO plugin. -->","yoast_head_json":{"title":"Katana Highlander Connor McLeod - R\u00e9plique Manga Cin\u00e9","description":"Reg\u00e1late la Katana Highlander Connor McLeod al mejor precio - Hoja de acero 440 - Mango de resina moldeada - Vaina lacada - Longitud total: 108 cm","robots":{"index":"index","follow":"follow","max-snippet":"max-snippet:-1","max-image-preview":"max-image-preview:large","max-video-preview":"max-video-preview:-1"},"canonical":"https:\/\/repliquemangacine.fr\/es\/espadas-katana-de-peliculas-y-series\/katana-highlander-connor-macleod-espada\/","og_locale":"es_ES","og_type":"article","og_title":"Katana Highlander Connor McLeod - R\u00e9plique Manga Cin\u00e9","og_description":"Offrez-vous le Katana Highlander Connor McLeod au meilleur prix - Lame en acier 440 - Poign\u00e9e en r\u00e9sine moul\u00e9 - Fourreau laqu\u00e9 - Longueur totale : 108 cm","og_url":"https:\/\/repliquemangacine.fr\/es\/espadas-katana-de-peliculas-y-series\/katana-highlander-connor-macleod-espada\/","og_site_name":"R\u00e9plique Manga Cin\u00e9","article_publisher":"https:\/\/www.facebook.com\/RepliqueMangaCine","article_modified_time":"2026-03-29T20:29:38+00:00","og_image":[{"width":800,"height":800,"url":"https:\/\/repliquemangacine.fr\/wp-content\/uploads\/2023\/10\/3336-Katana-Highlander-Epee-de-Connor-MacLeod.jpg","type":"image\/jpeg"}],"twitter_card":"summary_large_image","twitter_misc":{"Tiempo de lectura":"2 minutos"},"schema":{"@context":"https:\/\/schema.org","@graph":[{"@type":"WebPage","@id":"https:\/\/repliquemangacine.fr\/katana-les-epees-de-films-et-series\/katana-highlander-epee-de-connor-macleod\/","url":"https:\/\/repliquemangacine.fr\/katana-les-epees-de-films-et-series\/katana-highlander-epee-de-connor-macleod\/","name":"Katana Highlander Connor McLeod - R\u00e9plique Manga Cin\u00e9","isPartOf":{"@id":"https:\/\/repliquemangacine.fr\/#website"},"primaryImageOfPage":{"@id":"https:\/\/repliquemangacine.fr\/katana-les-epees-de-films-et-series\/katana-highlander-epee-de-connor-macleod\/#primaryimage"},"image":{"@id":"https:\/\/repliquemangacine.fr\/katana-les-epees-de-films-et-series\/katana-highlander-epee-de-connor-macleod\/#primaryimage"},"thumbnailUrl":"https:\/\/repliquemangacine.fr\/wp-content\/uploads\/2023\/10\/3336-Katana-Highlander-Epee-de-Connor-MacLeod.jpg","datePublished":"2019-12-02T09:25:36+00:00","dateModified":"2026-03-29T20:29:38+00:00","description":"Reg\u00e1late la Katana Highlander Connor McLeod al mejor precio - Hoja de acero 440 - Mango de resina moldeada - Vaina lacada - Longitud total: 108 cm","breadcrumb":{"@id":"https:\/\/repliquemangacine.fr\/katana-les-epees-de-films-et-series\/katana-highlander-epee-de-connor-macleod\/#breadcrumb"},"inLanguage":"es","potentialAction":[{"@type":"ReadAction","target":["https:\/\/repliquemangacine.fr\/katana-les-epees-de-films-et-series\/katana-highlander-epee-de-connor-macleod\/"]}]},{"@type":"ImageObject","inLanguage":"es","@id":"https:\/\/repliquemangacine.fr\/katana-les-epees-de-films-et-series\/katana-highlander-epee-de-connor-macleod\/#primaryimage","url":"https:\/\/repliquemangacine.fr\/wp-content\/uploads\/2023\/10\/3336-Katana-Highlander-Epee-de-Connor-MacLeod.jpg","contentUrl":"https:\/\/repliquemangacine.fr\/wp-content\/uploads\/2023\/10\/3336-Katana-Highlander-Epee-de-Connor-MacLeod.jpg","width":800,"height":800,"caption":"Katana Highlander-Ep\u00e9e de Connor MacLeod"},{"@type":"BreadcrumbList","@id":"https:\/\/repliquemangacine.fr\/katana-les-epees-de-films-et-series\/katana-highlander-epee-de-connor-macleod\/#breadcrumb","itemListElement":[{"@type":"ListItem","position":1,"name":"Accueil","item":"https:\/\/repliquemangacine.fr\/"},{"@type":"ListItem","position":2,"name":"Produits","item":"https:\/\/repliquemangacine.fr\/boutique\/"},{"@type":"ListItem","position":3,"name":"Katana Highlander Connor McLeod"}]},{"@type":"WebSite","@id":"https:\/\/repliquemangacine.fr\/#website","url":"https:\/\/repliquemangacine.fr\/","name":"R\u00e9plique Manga Cin\u00e9","description":"","publisher":{"@id":"https:\/\/repliquemangacine.fr\/#organization"},"potentialAction":[{"@type":"SearchAction","target":{"@type":"EntryPoint","urlTemplate":"https:\/\/repliquemangacine.fr\/?s={search_term_string}"},"query-input":{"@type":"PropertyValueSpecification","valueRequired":true,"valueName":"search_term_string"}}],"inLanguage":"es"},{"@type":"Organization","@id":"https:\/\/repliquemangacine.fr\/#organization","name":"R\u00e9plique Manga Cin\u00e9","url":"https:\/\/repliquemangacine.fr\/","logo":{"@type":"ImageObject","inLanguage":"es","@id":"https:\/\/repliquemangacine.fr\/#\/schema\/logo\/image\/","url":"https:\/\/repliquemangacine.fr\/wp-content\/uploads\/2023\/10\/RMC-500250.png","contentUrl":"https:\/\/repliquemangacine.fr\/wp-content\/uploads\/2023\/10\/RMC-500250.png","width":500,"height":250,"caption":"R\u00e9plique Manga Cin\u00e9"},"image":{"@id":"https:\/\/repliquemangacine.fr\/#\/schema\/logo\/image\/"},"sameAs":["https:\/\/www.facebook.com\/RepliqueMangaCine","https:\/\/www.instagram.com\/repliquemangacine.fr\/"]}]}},"_links":{"self":[{"href":"https:\/\/repliquemangacine.fr\/es\/wp-json\/wp\/v2\/product\/28628","targetHints":{"allow":["GET"]}}],"collection":[{"href":"https:\/\/repliquemangacine.fr\/es\/wp-json\/wp\/v2\/product"}],"about":[{"href":"https:\/\/repliquemangacine.fr\/es\/wp-json\/wp\/v2\/types\/product"}],"wp:featuredmedia":[{"embeddable":true,"href":"https:\/\/repliquemangacine.fr\/es\/wp-json\/wp\/v2\/media\/28629"}],"wp:attachment":[{"href":"https:\/\/repliquemangacine.fr\/es\/wp-json\/wp\/v2\/media?parent=28628"}],"wp:term":[{"taxonomy":"product_brand","embeddable":true,"href":"https:\/\/repliquemangacine.fr\/es\/wp-json\/wp\/v2\/product_brand?post=28628"},{"taxonomy":"product_cat","embeddable":true,"href":"https:\/\/repliquemangacine.fr\/es\/wp-json\/wp\/v2\/product_cat?post=28628"},{"taxonomy":"product_tag","embeddable":true,"href":"https:\/\/repliquemangacine.fr\/es\/wp-json\/wp\/v2\/product_tag?post=28628"}],"curies":[{"name":"wp","href":"https:\/\/api.w.org\/{rel}","templated":true}]}}