





{"id":28610,"date":"2019-11-29T19:23:58","date_gmt":"2019-11-29T18:23:58","guid":{"rendered":"https:\/\/repliquemangacine.fr\/?post_type=product&#038;p=28610"},"modified":"2026-04-03T18:42:35","modified_gmt":"2026-04-03T16:42:35","slug":"sam-jetstream-katana","status":"publish","type":"product","link":"https:\/\/repliquemangacine.fr\/es\/katana-et-epee-de-jeux-video-autre-jeux-video\/katana-de-sam-jetstream\/","title":{"rendered":"Metal Gear Rising Katana Muramasa por Samuel Rodriguez"},"content":{"rendered":"<h2>Espada met\u00e1lica Gear Rising - Katana de Sam Jetstream<\/h2>\n<p>En primer lugar, la Katana de Sam Jetstream en Metal Gear Rising. El juego <a href=\"https:\/\/metalgear.fandom.com\/wiki\/Metal_Gear_Rising:_Revengeance\" target=\"_blank\" rel=\"noopener noreferrer\">Metal Gear Rising<\/a> : Revengeance es un spin-off de Metal Gear Solid ambientado 4 a\u00f1os despu\u00e9s de Metal Gear Solid 4 : Guns of Patriots. Este episodio, a diferencia del habitual, es un Beat them Up en tercera persona en el que controlamos a Raiden. Despu\u00e9s de los acontecimientos de Metal Gear Solid 4, en 2018, Raiden se encuentra con el Primer Ministro de los Estados Unidos, pero mientras estaban en su limusina, 2 cyborgs les atacaron, Jetstream Sam y Sundower, que capturan al Primer Ministro. Raiden tuvo entonces que ir a liberarlo, destruyendo varios robots en el proceso, incluido un Metal Gear Ray. Pero en una pelea con Sam, pierde un ojo y un brazo, lo que le obliga a rendirse. Samuel Rodr\u00edguez es un ninja cyborg, tambi\u00e9n conocido como Jetstream Sam. Motivado por la venganza, perfecciona sus habilidades hasta convertirse en un experto espadach\u00edn.<\/p>\n<h2>Tu Sam Jetstream Katana al mejor precio.<\/h2>\n<p>Te traemos todas las frases de tus personajes de videojuegos favoritos. Lo primero y m\u00e1s importante,<\/p>\n<ul>\n<li>Encuentra la Katana Kageuchi de Amenoma en Impacto Genshin,<\/li>\n<li>Adem\u00e1s del impresionante <a href=\"https:\/\/repliquemangacine.fr\/es\/katana-y-espada-videojuego-otros-videojuegos\/espada-trituradora-cloud-ff7\/\">espada de Nube<\/a> en Final Fantasy 7 Remake.<\/li>\n<li>Tambi\u00e9n existe la <a href=\"https:\/\/repliquemangacine.fr\/es\/katana-y-espada-videojuego-otros-videojuegos\/katana-sakai-forge-fantasma-de-tsushima\/\">Katana forjada Saka\u00ef<\/a> en el videojuego Ghost of Tsushima.<\/li>\n<li>Y mucho, mucho m\u00e1s por descubrir en nuestra tienda en l\u00ednea.<\/li>\n<\/ul>\n<p>Por eso son una gran idea de regalo para todos los fans de los videojuegos. En conclusi\u00f3n, tambi\u00e9n puedes utilizar esta espada met\u00e1lica de Gear Rising para tus desfiles de cosplay o fiestas tem\u00e1ticas. Pero sobre todo, esta espada es tambi\u00e9n una pieza de coleccionista y una gran decoraci\u00f3n.<\/p>\n<h2>\u00bfC\u00f3mo puedo mantener la hoja de mi katana Murasama?<\/h2>\n<p>Katanas de colecci\u00f3n y decorativas, fabricadas y ensambladas de forma simplificada. Como su uso es decorativo, no cuentan con las caracter\u00edsticas de seguridad exigidas a una espada japonesa destinada al entrenamiento. Sin embargo, tu espada met\u00e1lica de Gear Rising s\u00ed tiene una hoja de acero que es necesario mantener para evitar que se da\u00f1e con el tiempo. Si vas a exponer tu katana, tus amigos sentir\u00e1n curiosidad por ver la hoja y tocarla. Aqu\u00ed es donde debes tener cuidado, porque la acidez de los dedos es muy perjudicial para el acero, sea cual sea su calidad. Si esto ocurre, no te asustes, simplemente utiliza un pa\u00f1o humedecido con un poco de aceite y limpia las huellas de los dedos. Si haces esto, tu espada durar\u00e1 mucho tiempo.<\/p>","protected":false},"excerpt":{"rendered":"<p>Magn\u00edfica reproducci\u00f3n de la katana de Samuel Rodrigues, tambi\u00e9n conocido como Jetstream Sam. Su hoja de alta frecuencia es de acero inoxidable 440 con un acabado de pintura en polvo roja. La empu\u00f1adura y la guarda son de acero de aspecto futurista y magn\u00edfico acabado, y el bot\u00f3n rojo da la ilusi\u00f3n de liberar la hoja de su vaina. La vaina es de madera roja mate y contiene un mecanismo de rifle con cargador y gatillo situado bajo la empu\u00f1adura de la espada, todo ello en abs moldeado.<\/p>\n<p>Longitud de la hoja: 69 cm - Longitud total con vaina: 106 cm<\/p>\n<p><strong>Venta prohibida a menores<\/strong><\/p>","protected":false},"featured_media":85564,"template":"","meta":[],"product_brand":[896],"product_cat":[23,67],"product_tag":[],"class_list":{"0":"post-28610","1":"product","2":"type-product","3":"status-publish","4":"has-post-thumbnail","6":"product_brand-replique-manga-cine","7":"product_cat-repliques-manga-jeux-video","8":"product_cat-katana-et-epee-de-jeux-video-autre-jeux-video","10":"first","11":"outofstock","12":"taxable","13":"shipping-taxable","14":"purchasable","15":"product-type-simple"},"yoast_head":"<!-- This site is optimized with the Yoast SEO plugin v27.4 - https:\/\/yoast.com\/product\/yoast-seo-wordpress\/ -->\n<title>Katana de Sam Jetstream - M\u00e9tal Gear Rising - RMC<\/title>\n<meta name=\"description\" content=\"Devenez cyborg en commandant cette splendide r\u00e9plique du Katana de Sam Jetstream dans M\u00e9tal Gear Rising. Lame rouge, fourreau pistolet\" \/>\n<meta name=\"robots\" content=\"index, follow, max-snippet:-1, max-image-preview:large, max-video-preview:-1\" \/>\n<link rel=\"canonical\" href=\"https:\/\/repliquemangacine.fr\/es\/katana-y-espada-videojuego-otros-videojuegos\/sam-jetstream-katana\/\" \/>\n<meta property=\"og:locale\" content=\"es_ES\" \/>\n<meta property=\"og:type\" content=\"article\" \/>\n<meta property=\"og:title\" content=\"Katana de Sam Jetstream - M\u00e9tal Gear Rising - RMC\" \/>\n<meta property=\"og:description\" content=\"Devenez cyborg en commandant cette splendide r\u00e9plique du Katana de Sam Jetstream dans M\u00e9tal Gear Rising. Lame rouge, fourreau pistolet\" \/>\n<meta property=\"og:url\" content=\"https:\/\/repliquemangacine.fr\/es\/katana-y-espada-videojuego-otros-videojuegos\/sam-jetstream-katana\/\" \/>\n<meta property=\"og:site_name\" content=\"R\u00e9plique Manga Cin\u00e9\" \/>\n<meta property=\"article:publisher\" content=\"https:\/\/www.facebook.com\/RepliqueMangaCine\" \/>\n<meta property=\"article:modified_time\" content=\"2026-04-03T16:42:35+00:00\" \/>\n<meta property=\"og:image\" content=\"https:\/\/repliquemangacine.fr\/wp-content\/uploads\/2019\/11\/Katana-de-Sam-Jetstream.jpg\" \/>\n\t<meta property=\"og:image:width\" content=\"800\" \/>\n\t<meta property=\"og:image:height\" content=\"800\" \/>\n\t<meta property=\"og:image:type\" content=\"image\/jpeg\" \/>\n<meta name=\"twitter:card\" content=\"summary_large_image\" \/>\n<meta name=\"twitter:label1\" content=\"Tiempo de lectura\" \/>\n\t<meta name=\"twitter:data1\" content=\"3 minutos\" \/>\n<script type=\"application\/ld+json\" class=\"yoast-schema-graph\">{\"@context\":\"https:\\\/\\\/schema.org\",\"@graph\":[{\"@type\":\"WebPage\",\"@id\":\"https:\\\/\\\/repliquemangacine.fr\\\/katana-et-epee-de-jeux-video-autre-jeux-video\\\/katana-de-sam-jetstream\\\/\",\"url\":\"https:\\\/\\\/repliquemangacine.fr\\\/katana-et-epee-de-jeux-video-autre-jeux-video\\\/katana-de-sam-jetstream\\\/\",\"name\":\"Katana de Sam Jetstream - M\u00e9tal Gear Rising - RMC\",\"isPartOf\":{\"@id\":\"https:\\\/\\\/repliquemangacine.fr\\\/#website\"},\"primaryImageOfPage\":{\"@id\":\"https:\\\/\\\/repliquemangacine.fr\\\/katana-et-epee-de-jeux-video-autre-jeux-video\\\/katana-de-sam-jetstream\\\/#primaryimage\"},\"image\":{\"@id\":\"https:\\\/\\\/repliquemangacine.fr\\\/katana-et-epee-de-jeux-video-autre-jeux-video\\\/katana-de-sam-jetstream\\\/#primaryimage\"},\"thumbnailUrl\":\"https:\\\/\\\/repliquemangacine.fr\\\/wp-content\\\/uploads\\\/2019\\\/11\\\/Katana-de-Sam-Jetstream.jpg\",\"datePublished\":\"2019-11-29T18:23:58+00:00\",\"dateModified\":\"2026-04-03T16:42:35+00:00\",\"description\":\"Devenez cyborg en commandant cette splendide r\u00e9plique du Katana de Sam Jetstream dans M\u00e9tal Gear Rising. Lame rouge, fourreau pistolet\",\"breadcrumb\":{\"@id\":\"https:\\\/\\\/repliquemangacine.fr\\\/katana-et-epee-de-jeux-video-autre-jeux-video\\\/katana-de-sam-jetstream\\\/#breadcrumb\"},\"inLanguage\":\"es\",\"potentialAction\":[{\"@type\":\"ReadAction\",\"target\":[\"https:\\\/\\\/repliquemangacine.fr\\\/katana-et-epee-de-jeux-video-autre-jeux-video\\\/katana-de-sam-jetstream\\\/\"]}]},{\"@type\":\"ImageObject\",\"inLanguage\":\"es\",\"@id\":\"https:\\\/\\\/repliquemangacine.fr\\\/katana-et-epee-de-jeux-video-autre-jeux-video\\\/katana-de-sam-jetstream\\\/#primaryimage\",\"url\":\"https:\\\/\\\/repliquemangacine.fr\\\/wp-content\\\/uploads\\\/2019\\\/11\\\/Katana-de-Sam-Jetstream.jpg\",\"contentUrl\":\"https:\\\/\\\/repliquemangacine.fr\\\/wp-content\\\/uploads\\\/2019\\\/11\\\/Katana-de-Sam-Jetstream.jpg\",\"width\":800,\"height\":800,\"caption\":\"Katana de Sam Jetstream Metal rising\"},{\"@type\":\"BreadcrumbList\",\"@id\":\"https:\\\/\\\/repliquemangacine.fr\\\/katana-et-epee-de-jeux-video-autre-jeux-video\\\/katana-de-sam-jetstream\\\/#breadcrumb\",\"itemListElement\":[{\"@type\":\"ListItem\",\"position\":1,\"name\":\"Accueil\",\"item\":\"https:\\\/\\\/repliquemangacine.fr\\\/\"},{\"@type\":\"ListItem\",\"position\":2,\"name\":\"Produits\",\"item\":\"https:\\\/\\\/repliquemangacine.fr\\\/boutique\\\/\"},{\"@type\":\"ListItem\",\"position\":3,\"name\":\"M\u00e9tal Gear Rising Katana Muramasa de Samuel Rodriguez\"}]},{\"@type\":\"WebSite\",\"@id\":\"https:\\\/\\\/repliquemangacine.fr\\\/#website\",\"url\":\"https:\\\/\\\/repliquemangacine.fr\\\/\",\"name\":\"R\u00e9plique Manga Cin\u00e9\",\"description\":\"\",\"publisher\":{\"@id\":\"https:\\\/\\\/repliquemangacine.fr\\\/#organization\"},\"potentialAction\":[{\"@type\":\"SearchAction\",\"target\":{\"@type\":\"EntryPoint\",\"urlTemplate\":\"https:\\\/\\\/repliquemangacine.fr\\\/?s={search_term_string}\"},\"query-input\":{\"@type\":\"PropertyValueSpecification\",\"valueRequired\":true,\"valueName\":\"search_term_string\"}}],\"inLanguage\":\"es\"},{\"@type\":\"Organization\",\"@id\":\"https:\\\/\\\/repliquemangacine.fr\\\/#organization\",\"name\":\"R\u00e9plique Manga Cin\u00e9\",\"url\":\"https:\\\/\\\/repliquemangacine.fr\\\/\",\"logo\":{\"@type\":\"ImageObject\",\"inLanguage\":\"es\",\"@id\":\"https:\\\/\\\/repliquemangacine.fr\\\/#\\\/schema\\\/logo\\\/image\\\/\",\"url\":\"https:\\\/\\\/repliquemangacine.fr\\\/wp-content\\\/uploads\\\/2023\\\/10\\\/RMC-500250.png\",\"contentUrl\":\"https:\\\/\\\/repliquemangacine.fr\\\/wp-content\\\/uploads\\\/2023\\\/10\\\/RMC-500250.png\",\"width\":500,\"height\":250,\"caption\":\"R\u00e9plique Manga Cin\u00e9\"},\"image\":{\"@id\":\"https:\\\/\\\/repliquemangacine.fr\\\/#\\\/schema\\\/logo\\\/image\\\/\"},\"sameAs\":[\"https:\\\/\\\/www.facebook.com\\\/RepliqueMangaCine\",\"https:\\\/\\\/www.instagram.com\\\/repliquemangacine.fr\\\/\"]}]}<\/script>\n<!-- \/ Yoast SEO plugin. -->","yoast_head_json":{"title":"Katana de Sam Jetstream - Metal Gear Rising - RMC","description":"Convi\u00e9rtete en un cyborg al mando de esta espl\u00e9ndida r\u00e9plica de la Katana de Sam Jetstream en Metal Gear Rising. Hoja roja, vaina de pistola","robots":{"index":"index","follow":"follow","max-snippet":"max-snippet:-1","max-image-preview":"max-image-preview:large","max-video-preview":"max-video-preview:-1"},"canonical":"https:\/\/repliquemangacine.fr\/es\/katana-y-espada-videojuego-otros-videojuegos\/sam-jetstream-katana\/","og_locale":"es_ES","og_type":"article","og_title":"Katana de Sam Jetstream - M\u00e9tal Gear Rising - RMC","og_description":"Devenez cyborg en commandant cette splendide r\u00e9plique du Katana de Sam Jetstream dans M\u00e9tal Gear Rising. Lame rouge, fourreau pistolet","og_url":"https:\/\/repliquemangacine.fr\/es\/katana-y-espada-videojuego-otros-videojuegos\/sam-jetstream-katana\/","og_site_name":"R\u00e9plique Manga Cin\u00e9","article_publisher":"https:\/\/www.facebook.com\/RepliqueMangaCine","article_modified_time":"2026-04-03T16:42:35+00:00","og_image":[{"width":800,"height":800,"url":"https:\/\/repliquemangacine.fr\/wp-content\/uploads\/2019\/11\/Katana-de-Sam-Jetstream.jpg","type":"image\/jpeg"}],"twitter_card":"summary_large_image","twitter_misc":{"Tiempo de lectura":"3 minutos"},"schema":{"@context":"https:\/\/schema.org","@graph":[{"@type":"WebPage","@id":"https:\/\/repliquemangacine.fr\/katana-et-epee-de-jeux-video-autre-jeux-video\/katana-de-sam-jetstream\/","url":"https:\/\/repliquemangacine.fr\/katana-et-epee-de-jeux-video-autre-jeux-video\/katana-de-sam-jetstream\/","name":"Katana de Sam Jetstream - Metal Gear Rising - RMC","isPartOf":{"@id":"https:\/\/repliquemangacine.fr\/#website"},"primaryImageOfPage":{"@id":"https:\/\/repliquemangacine.fr\/katana-et-epee-de-jeux-video-autre-jeux-video\/katana-de-sam-jetstream\/#primaryimage"},"image":{"@id":"https:\/\/repliquemangacine.fr\/katana-et-epee-de-jeux-video-autre-jeux-video\/katana-de-sam-jetstream\/#primaryimage"},"thumbnailUrl":"https:\/\/repliquemangacine.fr\/wp-content\/uploads\/2019\/11\/Katana-de-Sam-Jetstream.jpg","datePublished":"2019-11-29T18:23:58+00:00","dateModified":"2026-04-03T16:42:35+00:00","description":"Convi\u00e9rtete en un cyborg al mando de esta espl\u00e9ndida r\u00e9plica de la Katana de Sam Jetstream en Metal Gear Rising. Hoja roja, vaina de pistola","breadcrumb":{"@id":"https:\/\/repliquemangacine.fr\/katana-et-epee-de-jeux-video-autre-jeux-video\/katana-de-sam-jetstream\/#breadcrumb"},"inLanguage":"es","potentialAction":[{"@type":"ReadAction","target":["https:\/\/repliquemangacine.fr\/katana-et-epee-de-jeux-video-autre-jeux-video\/katana-de-sam-jetstream\/"]}]},{"@type":"ImageObject","inLanguage":"es","@id":"https:\/\/repliquemangacine.fr\/katana-et-epee-de-jeux-video-autre-jeux-video\/katana-de-sam-jetstream\/#primaryimage","url":"https:\/\/repliquemangacine.fr\/wp-content\/uploads\/2019\/11\/Katana-de-Sam-Jetstream.jpg","contentUrl":"https:\/\/repliquemangacine.fr\/wp-content\/uploads\/2019\/11\/Katana-de-Sam-Jetstream.jpg","width":800,"height":800,"caption":"Katana de Sam Jetstream Metal rising"},{"@type":"BreadcrumbList","@id":"https:\/\/repliquemangacine.fr\/katana-et-epee-de-jeux-video-autre-jeux-video\/katana-de-sam-jetstream\/#breadcrumb","itemListElement":[{"@type":"ListItem","position":1,"name":"Accueil","item":"https:\/\/repliquemangacine.fr\/"},{"@type":"ListItem","position":2,"name":"Produits","item":"https:\/\/repliquemangacine.fr\/boutique\/"},{"@type":"ListItem","position":3,"name":"M\u00e9tal Gear Rising Katana Muramasa de Samuel Rodriguez"}]},{"@type":"WebSite","@id":"https:\/\/repliquemangacine.fr\/#website","url":"https:\/\/repliquemangacine.fr\/","name":"R\u00e9plique Manga Cin\u00e9","description":"","publisher":{"@id":"https:\/\/repliquemangacine.fr\/#organization"},"potentialAction":[{"@type":"SearchAction","target":{"@type":"EntryPoint","urlTemplate":"https:\/\/repliquemangacine.fr\/?s={search_term_string}"},"query-input":{"@type":"PropertyValueSpecification","valueRequired":true,"valueName":"search_term_string"}}],"inLanguage":"es"},{"@type":"Organization","@id":"https:\/\/repliquemangacine.fr\/#organization","name":"R\u00e9plique Manga Cin\u00e9","url":"https:\/\/repliquemangacine.fr\/","logo":{"@type":"ImageObject","inLanguage":"es","@id":"https:\/\/repliquemangacine.fr\/#\/schema\/logo\/image\/","url":"https:\/\/repliquemangacine.fr\/wp-content\/uploads\/2023\/10\/RMC-500250.png","contentUrl":"https:\/\/repliquemangacine.fr\/wp-content\/uploads\/2023\/10\/RMC-500250.png","width":500,"height":250,"caption":"R\u00e9plique Manga Cin\u00e9"},"image":{"@id":"https:\/\/repliquemangacine.fr\/#\/schema\/logo\/image\/"},"sameAs":["https:\/\/www.facebook.com\/RepliqueMangaCine","https:\/\/www.instagram.com\/repliquemangacine.fr\/"]}]}},"_links":{"self":[{"href":"https:\/\/repliquemangacine.fr\/es\/wp-json\/wp\/v2\/product\/28610","targetHints":{"allow":["GET"]}}],"collection":[{"href":"https:\/\/repliquemangacine.fr\/es\/wp-json\/wp\/v2\/product"}],"about":[{"href":"https:\/\/repliquemangacine.fr\/es\/wp-json\/wp\/v2\/types\/product"}],"wp:featuredmedia":[{"embeddable":true,"href":"https:\/\/repliquemangacine.fr\/es\/wp-json\/wp\/v2\/media\/85564"}],"wp:attachment":[{"href":"https:\/\/repliquemangacine.fr\/es\/wp-json\/wp\/v2\/media?parent=28610"}],"wp:term":[{"taxonomy":"product_brand","embeddable":true,"href":"https:\/\/repliquemangacine.fr\/es\/wp-json\/wp\/v2\/product_brand?post=28610"},{"taxonomy":"product_cat","embeddable":true,"href":"https:\/\/repliquemangacine.fr\/es\/wp-json\/wp\/v2\/product_cat?post=28610"},{"taxonomy":"product_tag","embeddable":true,"href":"https:\/\/repliquemangacine.fr\/es\/wp-json\/wp\/v2\/product_tag?post=28610"}],"curies":[{"name":"wp","href":"https:\/\/api.w.org\/{rel}","templated":true}]}}