





{"id":28602,"date":"2019-11-29T18:53:13","date_gmt":"2019-11-29T17:53:13","guid":{"rendered":"https:\/\/repliquemangacine.fr\/?post_type=product&#038;p=28602"},"modified":"2025-10-11T17:32:48","modified_gmt":"2025-10-11T15:32:48","slug":"jetstream-sword-sam-metal-gear-rising-revenge","status":"publish","type":"product","link":"https:\/\/repliquemangacine.fr\/es\/katana-et-epee-de-jeux-video-autre-jeux-video\/epee-de-jetstream-sam-metal-gear-rising-revengeance\/","title":{"rendered":"Gear Rising: Revengeance Espada met\u00e1lica"},"content":{"rendered":"<h2>Espada met\u00e1lica Gear Rising - Katana Murasama<\/h2>\n<p>Para empezar, el<strong>Gear Rising Espada met\u00e1lica<\/strong> pertenece a Jetstream Sam. El juego <a href=\"https:\/\/metalgear.fandom.com\/fr\/wiki\/Metal_Gear_Rising_:_Revengeance\" target=\"_blank\" rel=\"noopener noreferrer\">Metal Gear Rising: Venganza<\/a>\u00a0 Un spin-off de Metal Gear Solid que tiene lugar cuatro a\u00f1os despu\u00e9s de Metal Gear Solid 4: Guns of Patriots. Este episodio, a diferencia de lo habitual, es un juego de lucha en tercera persona en el que controlas a Raiden.<\/p>\n<p>Tras los acontecimientos de Metal Gear Solid 4, en 2018, Raiden se re\u00fane con el primer ministro de los Estados Unidos, pero mientras se encuentran en su limusina, dos cyborgs los atacan, Jetstream Sam y Sundower, que capturan al primer ministro.<\/p>\n<p>Posteriormente, Raiden debe ir a liberarlo, destruyendo por el camino varios robots, entre ellos un Metal Gear Ray. Pero durante un combate contra Sam, pierde un ojo y un brazo, lo que le obliga a rendirse.<\/p>\n<p>Samuel Rodr\u00edguez es un ninja cyborg, tambi\u00e9n conocido como Jetstream Sam. Motivado por la venganza, perfecciona sus habilidades para convertirse en un experto espadach\u00edn.<\/p>\n<h2>Tu Metal Gear Rising al mejor precio.<\/h2>\n<p>Te ofrecemos todas las r\u00e9plicas de tus personajes favoritos de videojuegos.<\/p>\n<p>Lo primero y m\u00e1s importante,<\/p>\n<ul>\n<li>Encuentra el <a href=\"https:\/\/repliquemangacine.fr\/es\/katana-y-espada-videojuego-otros-videojuegos\/katana-kageuchi-damenoma\/\">Katana Kageuchi de Amenoma<\/a> en Genshin Impact,<\/li>\n<li>Adem\u00e1s del impresionante <a href=\"https:\/\/repliquemangacine.fr\/es\/katana-y-espada-videojuego-otros-videojuegos\/espada-trituradora-cloud-ff7\/\">espada de Nube<\/a> en Final Fantasy 7 Remake.<\/li>\n<li>Tambi\u00e9n existe la <a href=\"https:\/\/repliquemangacine.fr\/es\/katana-y-espada-videojuego-otros-videojuegos\/katana-sakai-fantasma-de-tsushima\/\">Saka\u00ef katana<\/a> en el videojuego Ghost of Tsushima.<\/li>\n<li>Y mucho, mucho m\u00e1s por descubrir en nuestra tienda en l\u00ednea.<\/li>\n<\/ul>\n<p>Por eso, aqu\u00ed tienes unas ideas fant\u00e1sticas para regalar a todos los aficionados a los videojuegos.<\/p>\n<p>En conclusi\u00f3n, tambi\u00e9n puede utilizar este <strong>Gear Rising Espada met\u00e1lica<\/strong> para tus desfiles de cosplay o veladas tem\u00e1ticas. Pero, sobre todo, esta espada es tambi\u00e9n una pieza de coleccionista y una pieza decorativa.<\/p>\n<h2>\u00bfC\u00f3mo mantengo la hoja de la katana Murasama de Sam?<\/h2>\n<p>Las katanas de colecci\u00f3n y decoraci\u00f3n, fabricadas y ensambladas de forma simplificada. Al ser de uso decorativo, no cuentan con los elementos de seguridad necesarios para una espada japonesa destinada al entrenamiento.<\/p>\n<p>Sin embargo, su <strong>Gear Rising Espada met\u00e1lica<\/strong> una hoja de acero que hay que cuidar para evitar que se deteriore con el tiempo. De hecho, vas a exponer tu katana, tus amigos sentir\u00e1n curiosidad por ver la hoja y tocarla. Ah\u00ed es donde hay que tener cuidado, hay que destacar que la acidez de los dedos es muy perjudicial para el acero, independientemente de su calidad.<\/p>\n<p>Si esto ocurre, no se preocupe, solo tiene que humedecer un pa\u00f1o con un poco de aceite y limpiar las huellas dactilares. De esta forma, conservar\u00e1 su espada durante mucho tiempo.<\/p>\n<p>&nbsp;<\/p>","protected":false},"excerpt":{"rendered":"<p>Una magn\u00edfica reproducci\u00f3n de la katana de Samuel Rodrigues, tambi\u00e9n conocido como Jetstream Sam.<\/p>\n<ul>\n<li>Hoja de acero inoxidable 440 con recubrimiento de polvo rojo.<\/li>\n<li>Empu\u00f1adura y guarda de acero de aspecto futurista y magn\u00edfico acabado.<\/li>\n<li>Bot\u00f3n rojo para la ilusi\u00f3n de liberar la hoja de su funda.<\/li>\n<li>La vaina es de madera negra mate.<\/li>\n<li>Longitud de la hoja: 69 cm - Longitud total con vaina: 106 cm<\/li>\n<\/ul>\n<p><strong>\u00a0<\/strong><\/p>","protected":false},"featured_media":28603,"template":"","meta":[],"product_brand":[896],"product_cat":[23,67],"product_tag":[],"class_list":{"0":"post-28602","1":"product","2":"type-product","3":"status-publish","4":"has-post-thumbnail","6":"product_brand-replique-manga-cine","7":"product_cat-repliques-manga-jeux-video","8":"product_cat-katana-et-epee-de-jeux-video-autre-jeux-video","10":"first","11":"instock","12":"taxable","13":"shipping-taxable","14":"purchasable","15":"product-type-simple"},"yoast_head":"<!-- This site is optimized with the Yoast SEO plugin v27.4 - https:\/\/yoast.com\/product\/yoast-seo-wordpress\/ -->\n<title>Ep\u00e9e M\u00e9tal Gear Rising - Katana Murasama de Sam | RMC<\/title>\n<meta name=\"description\" content=\"Achetez vite ! Cette Ep\u00e9e M\u00e9tal Gear Rising de Sam. Lame acier haute fr\u00e9quence. Poign\u00e9e m\u00e9tal allure futuriste. Fourreau bois noir. Longueur : 106 cm\" \/>\n<meta name=\"robots\" content=\"index, follow, max-snippet:-1, max-image-preview:large, max-video-preview:-1\" \/>\n<link rel=\"canonical\" href=\"https:\/\/repliquemangacine.fr\/es\/katana-y-espada-videojuego-otros-videojuegos\/jetstream-sword-sam-metal-gear-rising-revenge\/\" \/>\n<meta property=\"og:locale\" content=\"es_ES\" \/>\n<meta property=\"og:type\" content=\"article\" \/>\n<meta property=\"og:title\" content=\"Ep\u00e9e M\u00e9tal Gear Rising - Katana Murasama de Sam | RMC\" \/>\n<meta property=\"og:description\" content=\"Achetez vite ! Cette Ep\u00e9e M\u00e9tal Gear Rising de Sam. Lame acier haute fr\u00e9quence. Poign\u00e9e m\u00e9tal allure futuriste. Fourreau bois noir. Longueur : 106 cm\" \/>\n<meta property=\"og:url\" content=\"https:\/\/repliquemangacine.fr\/es\/katana-y-espada-videojuego-otros-videojuegos\/jetstream-sword-sam-metal-gear-rising-revenge\/\" \/>\n<meta property=\"og:site_name\" content=\"R\u00e9plique Manga Cin\u00e9\" \/>\n<meta property=\"article:publisher\" content=\"https:\/\/www.facebook.com\/RepliqueMangaCine\" \/>\n<meta property=\"article:modified_time\" content=\"2025-10-11T15:32:48+00:00\" \/>\n<meta property=\"og:image\" content=\"https:\/\/repliquemangacine.fr\/wp-content\/uploads\/2023\/10\/3299-Epee-de-Jetstream-Sam-Metal-Gear-Rising-Revengeance.jpg\" \/>\n\t<meta property=\"og:image:width\" content=\"800\" \/>\n\t<meta property=\"og:image:height\" content=\"800\" \/>\n\t<meta property=\"og:image:type\" content=\"image\/jpeg\" \/>\n<meta name=\"twitter:card\" content=\"summary_large_image\" \/>\n<meta name=\"twitter:label1\" content=\"Tiempo de lectura\" \/>\n\t<meta name=\"twitter:data1\" content=\"1 minuto\" \/>\n<script type=\"application\/ld+json\" class=\"yoast-schema-graph\">{\"@context\":\"https:\\\/\\\/schema.org\",\"@graph\":[{\"@type\":\"WebPage\",\"@id\":\"https:\\\/\\\/repliquemangacine.fr\\\/katana-et-epee-de-jeux-video-autre-jeux-video\\\/epee-de-jetstream-sam-metal-gear-rising-revengeance\\\/\",\"url\":\"https:\\\/\\\/repliquemangacine.fr\\\/katana-et-epee-de-jeux-video-autre-jeux-video\\\/epee-de-jetstream-sam-metal-gear-rising-revengeance\\\/\",\"name\":\"Ep\u00e9e M\u00e9tal Gear Rising - Katana Murasama de Sam | RMC\",\"isPartOf\":{\"@id\":\"https:\\\/\\\/repliquemangacine.fr\\\/#website\"},\"primaryImageOfPage\":{\"@id\":\"https:\\\/\\\/repliquemangacine.fr\\\/katana-et-epee-de-jeux-video-autre-jeux-video\\\/epee-de-jetstream-sam-metal-gear-rising-revengeance\\\/#primaryimage\"},\"image\":{\"@id\":\"https:\\\/\\\/repliquemangacine.fr\\\/katana-et-epee-de-jeux-video-autre-jeux-video\\\/epee-de-jetstream-sam-metal-gear-rising-revengeance\\\/#primaryimage\"},\"thumbnailUrl\":\"https:\\\/\\\/repliquemangacine.fr\\\/wp-content\\\/uploads\\\/2023\\\/10\\\/3299-Epee-de-Jetstream-Sam-Metal-Gear-Rising-Revengeance.jpg\",\"datePublished\":\"2019-11-29T17:53:13+00:00\",\"dateModified\":\"2025-10-11T15:32:48+00:00\",\"description\":\"Achetez vite ! Cette Ep\u00e9e M\u00e9tal Gear Rising de Sam. Lame acier haute fr\u00e9quence. Poign\u00e9e m\u00e9tal allure futuriste. Fourreau bois noir. Longueur : 106 cm\",\"breadcrumb\":{\"@id\":\"https:\\\/\\\/repliquemangacine.fr\\\/katana-et-epee-de-jeux-video-autre-jeux-video\\\/epee-de-jetstream-sam-metal-gear-rising-revengeance\\\/#breadcrumb\"},\"inLanguage\":\"es\",\"potentialAction\":[{\"@type\":\"ReadAction\",\"target\":[\"https:\\\/\\\/repliquemangacine.fr\\\/katana-et-epee-de-jeux-video-autre-jeux-video\\\/epee-de-jetstream-sam-metal-gear-rising-revengeance\\\/\"]}]},{\"@type\":\"ImageObject\",\"inLanguage\":\"es\",\"@id\":\"https:\\\/\\\/repliquemangacine.fr\\\/katana-et-epee-de-jeux-video-autre-jeux-video\\\/epee-de-jetstream-sam-metal-gear-rising-revengeance\\\/#primaryimage\",\"url\":\"https:\\\/\\\/repliquemangacine.fr\\\/wp-content\\\/uploads\\\/2023\\\/10\\\/3299-Epee-de-Jetstream-Sam-Metal-Gear-Rising-Revengeance.jpg\",\"contentUrl\":\"https:\\\/\\\/repliquemangacine.fr\\\/wp-content\\\/uploads\\\/2023\\\/10\\\/3299-Epee-de-Jetstream-Sam-Metal-Gear-Rising-Revengeance.jpg\",\"width\":800,\"height\":800,\"caption\":\"Ep\u00e9e de Jetstream Sam - Metal Gear Rising\"},{\"@type\":\"BreadcrumbList\",\"@id\":\"https:\\\/\\\/repliquemangacine.fr\\\/katana-et-epee-de-jeux-video-autre-jeux-video\\\/epee-de-jetstream-sam-metal-gear-rising-revengeance\\\/#breadcrumb\",\"itemListElement\":[{\"@type\":\"ListItem\",\"position\":1,\"name\":\"Accueil\",\"item\":\"https:\\\/\\\/repliquemangacine.fr\\\/\"},{\"@type\":\"ListItem\",\"position\":2,\"name\":\"Produits\",\"item\":\"https:\\\/\\\/repliquemangacine.fr\\\/boutique\\\/\"},{\"@type\":\"ListItem\",\"position\":3,\"name\":\"Ep\u00e9e M\u00e9tal Gear Rising : Revengeance\"}]},{\"@type\":\"WebSite\",\"@id\":\"https:\\\/\\\/repliquemangacine.fr\\\/#website\",\"url\":\"https:\\\/\\\/repliquemangacine.fr\\\/\",\"name\":\"R\u00e9plique Manga Cin\u00e9\",\"description\":\"\",\"publisher\":{\"@id\":\"https:\\\/\\\/repliquemangacine.fr\\\/#organization\"},\"potentialAction\":[{\"@type\":\"SearchAction\",\"target\":{\"@type\":\"EntryPoint\",\"urlTemplate\":\"https:\\\/\\\/repliquemangacine.fr\\\/?s={search_term_string}\"},\"query-input\":{\"@type\":\"PropertyValueSpecification\",\"valueRequired\":true,\"valueName\":\"search_term_string\"}}],\"inLanguage\":\"es\"},{\"@type\":\"Organization\",\"@id\":\"https:\\\/\\\/repliquemangacine.fr\\\/#organization\",\"name\":\"R\u00e9plique Manga Cin\u00e9\",\"url\":\"https:\\\/\\\/repliquemangacine.fr\\\/\",\"logo\":{\"@type\":\"ImageObject\",\"inLanguage\":\"es\",\"@id\":\"https:\\\/\\\/repliquemangacine.fr\\\/#\\\/schema\\\/logo\\\/image\\\/\",\"url\":\"https:\\\/\\\/repliquemangacine.fr\\\/wp-content\\\/uploads\\\/2023\\\/10\\\/RMC-500250.png\",\"contentUrl\":\"https:\\\/\\\/repliquemangacine.fr\\\/wp-content\\\/uploads\\\/2023\\\/10\\\/RMC-500250.png\",\"width\":500,\"height\":250,\"caption\":\"R\u00e9plique Manga Cin\u00e9\"},\"image\":{\"@id\":\"https:\\\/\\\/repliquemangacine.fr\\\/#\\\/schema\\\/logo\\\/image\\\/\"},\"sameAs\":[\"https:\\\/\\\/www.facebook.com\\\/RepliqueMangaCine\",\"https:\\\/\\\/www.instagram.com\\\/repliquemangacine.fr\\\/\"]}]}<\/script>\n<!-- \/ Yoast SEO plugin. -->","yoast_head_json":{"title":"Gear Rising Espada de Metal - Katana Murasama por Sam | RMC","description":"\u00a1C\u00f3mprala ya! Esta espada de metal Gear Rising de Sam. Hoja de acero de alta frecuencia. Empu\u00f1adura met\u00e1lica futurista. Vaina de madera negra. Longitud: 106 cm.","robots":{"index":"index","follow":"follow","max-snippet":"max-snippet:-1","max-image-preview":"max-image-preview:large","max-video-preview":"max-video-preview:-1"},"canonical":"https:\/\/repliquemangacine.fr\/es\/katana-y-espada-videojuego-otros-videojuegos\/jetstream-sword-sam-metal-gear-rising-revenge\/","og_locale":"es_ES","og_type":"article","og_title":"Ep\u00e9e M\u00e9tal Gear Rising - Katana Murasama de Sam | RMC","og_description":"Achetez vite ! Cette Ep\u00e9e M\u00e9tal Gear Rising de Sam. Lame acier haute fr\u00e9quence. Poign\u00e9e m\u00e9tal allure futuriste. Fourreau bois noir. Longueur : 106 cm","og_url":"https:\/\/repliquemangacine.fr\/es\/katana-y-espada-videojuego-otros-videojuegos\/jetstream-sword-sam-metal-gear-rising-revenge\/","og_site_name":"R\u00e9plique Manga Cin\u00e9","article_publisher":"https:\/\/www.facebook.com\/RepliqueMangaCine","article_modified_time":"2025-10-11T15:32:48+00:00","og_image":[{"width":800,"height":800,"url":"https:\/\/repliquemangacine.fr\/wp-content\/uploads\/2023\/10\/3299-Epee-de-Jetstream-Sam-Metal-Gear-Rising-Revengeance.jpg","type":"image\/jpeg"}],"twitter_card":"summary_large_image","twitter_misc":{"Tiempo de lectura":"1 minuto"},"schema":{"@context":"https:\/\/schema.org","@graph":[{"@type":"WebPage","@id":"https:\/\/repliquemangacine.fr\/katana-et-epee-de-jeux-video-autre-jeux-video\/epee-de-jetstream-sam-metal-gear-rising-revengeance\/","url":"https:\/\/repliquemangacine.fr\/katana-et-epee-de-jeux-video-autre-jeux-video\/epee-de-jetstream-sam-metal-gear-rising-revengeance\/","name":"Gear Rising Espada de Metal - Katana Murasama por Sam | RMC","isPartOf":{"@id":"https:\/\/repliquemangacine.fr\/#website"},"primaryImageOfPage":{"@id":"https:\/\/repliquemangacine.fr\/katana-et-epee-de-jeux-video-autre-jeux-video\/epee-de-jetstream-sam-metal-gear-rising-revengeance\/#primaryimage"},"image":{"@id":"https:\/\/repliquemangacine.fr\/katana-et-epee-de-jeux-video-autre-jeux-video\/epee-de-jetstream-sam-metal-gear-rising-revengeance\/#primaryimage"},"thumbnailUrl":"https:\/\/repliquemangacine.fr\/wp-content\/uploads\/2023\/10\/3299-Epee-de-Jetstream-Sam-Metal-Gear-Rising-Revengeance.jpg","datePublished":"2019-11-29T17:53:13+00:00","dateModified":"2025-10-11T15:32:48+00:00","description":"\u00a1C\u00f3mprala ya! Esta espada de metal Gear Rising de Sam. Hoja de acero de alta frecuencia. Empu\u00f1adura met\u00e1lica futurista. Vaina de madera negra. Longitud: 106 cm.","breadcrumb":{"@id":"https:\/\/repliquemangacine.fr\/katana-et-epee-de-jeux-video-autre-jeux-video\/epee-de-jetstream-sam-metal-gear-rising-revengeance\/#breadcrumb"},"inLanguage":"es","potentialAction":[{"@type":"ReadAction","target":["https:\/\/repliquemangacine.fr\/katana-et-epee-de-jeux-video-autre-jeux-video\/epee-de-jetstream-sam-metal-gear-rising-revengeance\/"]}]},{"@type":"ImageObject","inLanguage":"es","@id":"https:\/\/repliquemangacine.fr\/katana-et-epee-de-jeux-video-autre-jeux-video\/epee-de-jetstream-sam-metal-gear-rising-revengeance\/#primaryimage","url":"https:\/\/repliquemangacine.fr\/wp-content\/uploads\/2023\/10\/3299-Epee-de-Jetstream-Sam-Metal-Gear-Rising-Revengeance.jpg","contentUrl":"https:\/\/repliquemangacine.fr\/wp-content\/uploads\/2023\/10\/3299-Epee-de-Jetstream-Sam-Metal-Gear-Rising-Revengeance.jpg","width":800,"height":800,"caption":"Ep\u00e9e de Jetstream Sam - Metal Gear Rising"},{"@type":"BreadcrumbList","@id":"https:\/\/repliquemangacine.fr\/katana-et-epee-de-jeux-video-autre-jeux-video\/epee-de-jetstream-sam-metal-gear-rising-revengeance\/#breadcrumb","itemListElement":[{"@type":"ListItem","position":1,"name":"Accueil","item":"https:\/\/repliquemangacine.fr\/"},{"@type":"ListItem","position":2,"name":"Produits","item":"https:\/\/repliquemangacine.fr\/boutique\/"},{"@type":"ListItem","position":3,"name":"Ep\u00e9e M\u00e9tal Gear Rising : Revengeance"}]},{"@type":"WebSite","@id":"https:\/\/repliquemangacine.fr\/#website","url":"https:\/\/repliquemangacine.fr\/","name":"R\u00e9plique Manga Cin\u00e9","description":"","publisher":{"@id":"https:\/\/repliquemangacine.fr\/#organization"},"potentialAction":[{"@type":"SearchAction","target":{"@type":"EntryPoint","urlTemplate":"https:\/\/repliquemangacine.fr\/?s={search_term_string}"},"query-input":{"@type":"PropertyValueSpecification","valueRequired":true,"valueName":"search_term_string"}}],"inLanguage":"es"},{"@type":"Organization","@id":"https:\/\/repliquemangacine.fr\/#organization","name":"R\u00e9plique Manga Cin\u00e9","url":"https:\/\/repliquemangacine.fr\/","logo":{"@type":"ImageObject","inLanguage":"es","@id":"https:\/\/repliquemangacine.fr\/#\/schema\/logo\/image\/","url":"https:\/\/repliquemangacine.fr\/wp-content\/uploads\/2023\/10\/RMC-500250.png","contentUrl":"https:\/\/repliquemangacine.fr\/wp-content\/uploads\/2023\/10\/RMC-500250.png","width":500,"height":250,"caption":"R\u00e9plique Manga Cin\u00e9"},"image":{"@id":"https:\/\/repliquemangacine.fr\/#\/schema\/logo\/image\/"},"sameAs":["https:\/\/www.facebook.com\/RepliqueMangaCine","https:\/\/www.instagram.com\/repliquemangacine.fr\/"]}]}},"_links":{"self":[{"href":"https:\/\/repliquemangacine.fr\/es\/wp-json\/wp\/v2\/product\/28602","targetHints":{"allow":["GET"]}}],"collection":[{"href":"https:\/\/repliquemangacine.fr\/es\/wp-json\/wp\/v2\/product"}],"about":[{"href":"https:\/\/repliquemangacine.fr\/es\/wp-json\/wp\/v2\/types\/product"}],"wp:featuredmedia":[{"embeddable":true,"href":"https:\/\/repliquemangacine.fr\/es\/wp-json\/wp\/v2\/media\/28603"}],"wp:attachment":[{"href":"https:\/\/repliquemangacine.fr\/es\/wp-json\/wp\/v2\/media?parent=28602"}],"wp:term":[{"taxonomy":"product_brand","embeddable":true,"href":"https:\/\/repliquemangacine.fr\/es\/wp-json\/wp\/v2\/product_brand?post=28602"},{"taxonomy":"product_cat","embeddable":true,"href":"https:\/\/repliquemangacine.fr\/es\/wp-json\/wp\/v2\/product_cat?post=28602"},{"taxonomy":"product_tag","embeddable":true,"href":"https:\/\/repliquemangacine.fr\/es\/wp-json\/wp\/v2\/product_tag?post=28602"}],"curies":[{"name":"wp","href":"https:\/\/api.w.org\/{rel}","templated":true}]}}