





{"id":28589,"date":"2019-11-23T15:10:53","date_gmt":"2019-11-23T14:10:53","guid":{"rendered":"https:\/\/repliquemangacine.fr\/?post_type=product&#038;p=28589"},"modified":"2026-04-19T00:43:22","modified_gmt":"2026-04-18T22:43:22","slug":"estuche-le-frontier-denix-peacemaker-55-pulgadas-calibre-45","status":"publish","type":"product","link":"https:\/\/repliquemangacine.fr\/es\/colt-revolver-western\/coffret-le-frontier-denix-peacemaker-55-pouce-calibre-45\/","title":{"rendered":"Juego Le Frontier 1873 Calibre 45"},"content":{"rendered":"<h2>Le Frontier Denix 1873 boxed set.<\/h2>\n<p>Para empezar, el <strong>Estuche Le Frontier 1873 Denix<\/strong>es una reproducci\u00f3n id\u00e9ntica del original.<\/p>\n<p>Si hay un arma cuyo prestigio nunca ha flaqueado y, por el contrario, nunca ha dejado de crecer, \u00e9sa es el Colt Single Action. Este rev\u00f3lver, con su caracter\u00edstica forma perfectamente armoniosa, se ha convertido en legendario.<\/p>\n<p>Cabe destacar que fue en 1875 cuando la Single Action recibi\u00f3 el sobrenombre de Frontier, a\u00f1o en el que se adapt\u00f3 el cartucho 44-40 Winchester. As\u00ed, las dos armas m\u00e1s legendarias del Lejano Oeste impon\u00edan la misma ley del fuego.<\/p>\n<p>Tras la conquista del Oeste, comienza para esta arma la conquista de la memoria. Algo que le resultar\u00e1 f\u00e1cil, ya que sus l\u00edneas y sus haza\u00f1as han marcado la imaginaci\u00f3n de los hombres.<\/p>\n<h2>Tu Set Regalo Le Frontier Denix al mejor precio.<\/h2>\n<p>Le ofrecemos una amplia selecci\u00f3n de reproducciones de armas Denix a los precios m\u00e1s bajos del mercado.<\/p>\n<p>Lo primero y m\u00e1s importante,<\/p>\n<ul>\n<li>El rifle Pistolet <a href=\"https:\/\/repliquemangacine.fr\/es\/pistola-colt\/fusil-pistolet-coach-gun-canon-court-usa\/\">Entrenador Gun<\/a> dos barriles serrados Denix.<\/li>\n<li>Adem\u00e1s de la imponente <a href=\"https:\/\/repliquemangacine.fr\/es\/pistola-colt\/colt-buntline-especial-wyatt-earp-1873-nickele\/\">Buntline niquelado<\/a> La legendaria especial de ca\u00f1\u00f3n largo de 12 pulgadas de Wyatt Earp.<\/li>\n<li>Y muchos m\u00e1s por descubrir en nuestra tienda en l\u00ednea.<\/li>\n<\/ul>\n<p>Por eso es una gran idea de regalo para coleccionistas o aficionados a las pel\u00edculas del Oeste.<\/p>\n<p>En conclusi\u00f3n, puede utilizar el <strong>Le Frontier Denix<\/strong> para sus demostraciones de Westerns o veladas tem\u00e1ticas.<\/p>\n<p>Le recordamos que solo se trata de armas falsas que no suponen ning\u00fan peligro.<\/p>\n<p>R\u00e9plique Manga Cin\u00e9 es una empresa francesa y distribuidora oficial de la marca. <a href=\"https:\/\/www.denix.fr\/\" target=\"_blank\" rel=\"noopener noreferrer\">Denix<\/a>.<\/p>\n<h2>\u00bfC\u00f3mo se fabrican las r\u00e9plicas de armas Denix?<\/h2>\n<p>Utilizadas en recreaciones hist\u00f3ricas, pel\u00edculas, series y por coleccionistas. Las reproducciones Denix est\u00e1n fabricadas con materiales de alta calidad. Cuidadosamente elaboradas y ensambladas para crear armas de colecci\u00f3n realistas.<\/p>\n<ul>\n<li>Los metales se encuentran en una aleaci\u00f3n met\u00e1lica conocida como Zamac, cuya composici\u00f3n b\u00e1sica es zinc en 95%.<\/li>\n<li>Las piezas de pl\u00e1stico de las r\u00e9plicas son de ABS moldeado, que ofrece una gran resistencia.<\/li>\n<li>Las maderas elegidas por su belleza y durabilidad, como la caoba, el olivo o el nogal, dar\u00e1n a sus culatas y barricas un aspecto elegante y aut\u00e9ntico.<\/li>\n<\/ul>\n<p>Cabe se\u00f1alar que todas las reproducciones Denix son id\u00e9nticas a los originales, como su <strong>Le Frontier Denix<\/strong>.<\/p>","protected":false},"excerpt":{"rendered":"<p>Peacemaker (SAA 1873) calibre 45 de 5,5 pulgadas.<\/p>\n<ul>\n<li>Culata de madera maciza.<\/li>\n<li>Marco de Zamac gris envejecido.<\/li>\n<li>Armas y huelgas.<\/li>\n<li>No apto para disparar.<\/li>\n<li>No se requiere autorizaci\u00f3n. Venta y posesi\u00f3n libres.<\/li>\n<li>Caja con 6 bolas ficticias.<\/li>\n<li>Longitud total: 30,5 cm - Peso: 975 gramos<\/li>\n<\/ul>","protected":false},"featured_media":28590,"template":"","meta":[],"product_brand":[896],"product_cat":[34,33,77,102,28,27],"product_tag":[],"class_list":{"0":"post-28589","1":"product","2":"type-product","3":"status-publish","4":"has-post-thumbnail","6":"product_brand-replique-manga-cine","7":"product_cat-armes-westerns","8":"product_cat-colt-pistolet","9":"product_cat-colt-revolver-western","10":"product_cat-denix","11":"product_cat-repliques-darmes","12":"product_cat-armes-et-accessoires-western","14":"first","15":"instock","16":"sale","17":"taxable","18":"shipping-taxable","19":"purchasable","20":"product-type-simple"},"yoast_head":"<!-- This site is optimized with the Yoast SEO plugin v27.4 - https:\/\/yoast.com\/product\/yoast-seo-wordpress\/ -->\n<title>Coffret Le Frontier Denix - Vente en ligne | R\u00e9plique Manga Cin\u00e9<\/title>\n<meta name=\"description\" content=\"Offrez-lui ! Ce Coffret Le Frontier Denix au meilleur prix - En m\u00e9tal - Crosse en bois - Barillet rotatif - M\u00e9canisme fonctionnel - Longueur : 30.5 cm\" \/>\n<meta name=\"robots\" content=\"index, follow, max-snippet:-1, max-image-preview:large, max-video-preview:-1\" \/>\n<link rel=\"canonical\" href=\"https:\/\/repliquemangacine.fr\/es\/revolver-colt-western\/estuche-le-frontier-denix-peacemaker-55-pulgadas-calibre-45\/\" \/>\n<meta property=\"og:locale\" content=\"es_ES\" \/>\n<meta property=\"og:type\" content=\"article\" \/>\n<meta property=\"og:title\" content=\"Coffret Le Frontier Denix - Vente en ligne | R\u00e9plique Manga Cin\u00e9\" \/>\n<meta property=\"og:description\" content=\"Offrez-lui ! Ce Coffret Le Frontier Denix au meilleur prix - En m\u00e9tal - Crosse en bois - Barillet rotatif - M\u00e9canisme fonctionnel - Longueur : 30.5 cm\" \/>\n<meta property=\"og:url\" content=\"https:\/\/repliquemangacine.fr\/es\/revolver-colt-western\/estuche-le-frontier-denix-peacemaker-55-pulgadas-calibre-45\/\" \/>\n<meta property=\"og:site_name\" content=\"R\u00e9plique Manga Cin\u00e9\" \/>\n<meta property=\"article:publisher\" content=\"https:\/\/www.facebook.com\/RepliqueMangaCine\" \/>\n<meta property=\"article:modified_time\" content=\"2026-04-18T22:43:22+00:00\" \/>\n<meta property=\"og:image\" content=\"https:\/\/repliquemangacine.fr\/wp-content\/uploads\/2023\/10\/3275-Coffret-Cadeaux-Colt-Peacemaker-5.5-pouce-Calibre-45.jpg\" \/>\n\t<meta property=\"og:image:width\" content=\"800\" \/>\n\t<meta property=\"og:image:height\" content=\"800\" \/>\n\t<meta property=\"og:image:type\" content=\"image\/jpeg\" \/>\n<meta name=\"twitter:card\" content=\"summary_large_image\" \/>\n<meta name=\"twitter:label1\" content=\"Tiempo de lectura\" \/>\n\t<meta name=\"twitter:data1\" content=\"2 minutos\" \/>\n<script type=\"application\/ld+json\" class=\"yoast-schema-graph\">{\"@context\":\"https:\\\/\\\/schema.org\",\"@graph\":[{\"@type\":\"WebPage\",\"@id\":\"https:\\\/\\\/repliquemangacine.fr\\\/colt-revolver-western\\\/coffret-le-frontier-denix-peacemaker-55-pouce-calibre-45\\\/\",\"url\":\"https:\\\/\\\/repliquemangacine.fr\\\/colt-revolver-western\\\/coffret-le-frontier-denix-peacemaker-55-pouce-calibre-45\\\/\",\"name\":\"Coffret Le Frontier Denix - Vente en ligne | R\u00e9plique Manga Cin\u00e9\",\"isPartOf\":{\"@id\":\"https:\\\/\\\/repliquemangacine.fr\\\/#website\"},\"primaryImageOfPage\":{\"@id\":\"https:\\\/\\\/repliquemangacine.fr\\\/colt-revolver-western\\\/coffret-le-frontier-denix-peacemaker-55-pouce-calibre-45\\\/#primaryimage\"},\"image\":{\"@id\":\"https:\\\/\\\/repliquemangacine.fr\\\/colt-revolver-western\\\/coffret-le-frontier-denix-peacemaker-55-pouce-calibre-45\\\/#primaryimage\"},\"thumbnailUrl\":\"https:\\\/\\\/repliquemangacine.fr\\\/wp-content\\\/uploads\\\/2023\\\/10\\\/3275-Coffret-Cadeaux-Colt-Peacemaker-5.5-pouce-Calibre-45.jpg\",\"datePublished\":\"2019-11-23T14:10:53+00:00\",\"dateModified\":\"2026-04-18T22:43:22+00:00\",\"description\":\"Offrez-lui ! Ce Coffret Le Frontier Denix au meilleur prix - En m\u00e9tal - Crosse en bois - Barillet rotatif - M\u00e9canisme fonctionnel - Longueur : 30.5 cm\",\"breadcrumb\":{\"@id\":\"https:\\\/\\\/repliquemangacine.fr\\\/colt-revolver-western\\\/coffret-le-frontier-denix-peacemaker-55-pouce-calibre-45\\\/#breadcrumb\"},\"inLanguage\":\"es\",\"potentialAction\":[{\"@type\":\"ReadAction\",\"target\":[\"https:\\\/\\\/repliquemangacine.fr\\\/colt-revolver-western\\\/coffret-le-frontier-denix-peacemaker-55-pouce-calibre-45\\\/\"]}]},{\"@type\":\"ImageObject\",\"inLanguage\":\"es\",\"@id\":\"https:\\\/\\\/repliquemangacine.fr\\\/colt-revolver-western\\\/coffret-le-frontier-denix-peacemaker-55-pouce-calibre-45\\\/#primaryimage\",\"url\":\"https:\\\/\\\/repliquemangacine.fr\\\/wp-content\\\/uploads\\\/2023\\\/10\\\/3275-Coffret-Cadeaux-Colt-Peacemaker-5.5-pouce-Calibre-45.jpg\",\"contentUrl\":\"https:\\\/\\\/repliquemangacine.fr\\\/wp-content\\\/uploads\\\/2023\\\/10\\\/3275-Coffret-Cadeaux-Colt-Peacemaker-5.5-pouce-Calibre-45.jpg\",\"width\":800,\"height\":800,\"caption\":\"Coffret Le Frontier Denix -Peacemaker 5.5 pouce - Calibre 45\"},{\"@type\":\"BreadcrumbList\",\"@id\":\"https:\\\/\\\/repliquemangacine.fr\\\/colt-revolver-western\\\/coffret-le-frontier-denix-peacemaker-55-pouce-calibre-45\\\/#breadcrumb\",\"itemListElement\":[{\"@type\":\"ListItem\",\"position\":1,\"name\":\"Accueil\",\"item\":\"https:\\\/\\\/repliquemangacine.fr\\\/\"},{\"@type\":\"ListItem\",\"position\":2,\"name\":\"Produits\",\"item\":\"https:\\\/\\\/repliquemangacine.fr\\\/boutique\\\/\"},{\"@type\":\"ListItem\",\"position\":3,\"name\":\"Coffret Le Frontier 1873 Calibre 45\"}]},{\"@type\":\"WebSite\",\"@id\":\"https:\\\/\\\/repliquemangacine.fr\\\/#website\",\"url\":\"https:\\\/\\\/repliquemangacine.fr\\\/\",\"name\":\"R\u00e9plique Manga Cin\u00e9\",\"description\":\"\",\"publisher\":{\"@id\":\"https:\\\/\\\/repliquemangacine.fr\\\/#organization\"},\"potentialAction\":[{\"@type\":\"SearchAction\",\"target\":{\"@type\":\"EntryPoint\",\"urlTemplate\":\"https:\\\/\\\/repliquemangacine.fr\\\/?s={search_term_string}\"},\"query-input\":{\"@type\":\"PropertyValueSpecification\",\"valueRequired\":true,\"valueName\":\"search_term_string\"}}],\"inLanguage\":\"es\"},{\"@type\":\"Organization\",\"@id\":\"https:\\\/\\\/repliquemangacine.fr\\\/#organization\",\"name\":\"R\u00e9plique Manga Cin\u00e9\",\"url\":\"https:\\\/\\\/repliquemangacine.fr\\\/\",\"logo\":{\"@type\":\"ImageObject\",\"inLanguage\":\"es\",\"@id\":\"https:\\\/\\\/repliquemangacine.fr\\\/#\\\/schema\\\/logo\\\/image\\\/\",\"url\":\"https:\\\/\\\/repliquemangacine.fr\\\/wp-content\\\/uploads\\\/2023\\\/10\\\/RMC-500250.png\",\"contentUrl\":\"https:\\\/\\\/repliquemangacine.fr\\\/wp-content\\\/uploads\\\/2023\\\/10\\\/RMC-500250.png\",\"width\":500,\"height\":250,\"caption\":\"R\u00e9plique Manga Cin\u00e9\"},\"image\":{\"@id\":\"https:\\\/\\\/repliquemangacine.fr\\\/#\\\/schema\\\/logo\\\/image\\\/\"},\"sameAs\":[\"https:\\\/\\\/www.facebook.com\\\/RepliqueMangaCine\",\"https:\\\/\\\/www.instagram.com\\\/repliquemangacine.fr\\\/\"]}]}<\/script>\n<!-- \/ Yoast SEO plugin. -->","yoast_head_json":{"title":"Box Le Frontier Denix - Venta en l\u00ednea | R\u00e9plique Manga Cin\u00e9","description":"\u00a1Reg\u00e1lala! Este conjunto Le Frontier Denix al mejor precio - Metal - Culata de madera - Ca\u00f1\u00f3n giratorio - Mecanismo funcional - Longitud: 30,5 cm.","robots":{"index":"index","follow":"follow","max-snippet":"max-snippet:-1","max-image-preview":"max-image-preview:large","max-video-preview":"max-video-preview:-1"},"canonical":"https:\/\/repliquemangacine.fr\/es\/revolver-colt-western\/estuche-le-frontier-denix-peacemaker-55-pulgadas-calibre-45\/","og_locale":"es_ES","og_type":"article","og_title":"Coffret Le Frontier Denix - Vente en ligne | R\u00e9plique Manga Cin\u00e9","og_description":"Offrez-lui ! Ce Coffret Le Frontier Denix au meilleur prix - En m\u00e9tal - Crosse en bois - Barillet rotatif - M\u00e9canisme fonctionnel - Longueur : 30.5 cm","og_url":"https:\/\/repliquemangacine.fr\/es\/revolver-colt-western\/estuche-le-frontier-denix-peacemaker-55-pulgadas-calibre-45\/","og_site_name":"R\u00e9plique Manga Cin\u00e9","article_publisher":"https:\/\/www.facebook.com\/RepliqueMangaCine","article_modified_time":"2026-04-18T22:43:22+00:00","og_image":[{"width":800,"height":800,"url":"https:\/\/repliquemangacine.fr\/wp-content\/uploads\/2023\/10\/3275-Coffret-Cadeaux-Colt-Peacemaker-5.5-pouce-Calibre-45.jpg","type":"image\/jpeg"}],"twitter_card":"summary_large_image","twitter_misc":{"Tiempo de lectura":"2 minutos"},"schema":{"@context":"https:\/\/schema.org","@graph":[{"@type":"WebPage","@id":"https:\/\/repliquemangacine.fr\/colt-revolver-western\/coffret-le-frontier-denix-peacemaker-55-pouce-calibre-45\/","url":"https:\/\/repliquemangacine.fr\/colt-revolver-western\/coffret-le-frontier-denix-peacemaker-55-pouce-calibre-45\/","name":"Box Le Frontier Denix - Venta en l\u00ednea | R\u00e9plique Manga Cin\u00e9","isPartOf":{"@id":"https:\/\/repliquemangacine.fr\/#website"},"primaryImageOfPage":{"@id":"https:\/\/repliquemangacine.fr\/colt-revolver-western\/coffret-le-frontier-denix-peacemaker-55-pouce-calibre-45\/#primaryimage"},"image":{"@id":"https:\/\/repliquemangacine.fr\/colt-revolver-western\/coffret-le-frontier-denix-peacemaker-55-pouce-calibre-45\/#primaryimage"},"thumbnailUrl":"https:\/\/repliquemangacine.fr\/wp-content\/uploads\/2023\/10\/3275-Coffret-Cadeaux-Colt-Peacemaker-5.5-pouce-Calibre-45.jpg","datePublished":"2019-11-23T14:10:53+00:00","dateModified":"2026-04-18T22:43:22+00:00","description":"\u00a1Reg\u00e1lala! Este conjunto Le Frontier Denix al mejor precio - Metal - Culata de madera - Ca\u00f1\u00f3n giratorio - Mecanismo funcional - Longitud: 30,5 cm.","breadcrumb":{"@id":"https:\/\/repliquemangacine.fr\/colt-revolver-western\/coffret-le-frontier-denix-peacemaker-55-pouce-calibre-45\/#breadcrumb"},"inLanguage":"es","potentialAction":[{"@type":"ReadAction","target":["https:\/\/repliquemangacine.fr\/colt-revolver-western\/coffret-le-frontier-denix-peacemaker-55-pouce-calibre-45\/"]}]},{"@type":"ImageObject","inLanguage":"es","@id":"https:\/\/repliquemangacine.fr\/colt-revolver-western\/coffret-le-frontier-denix-peacemaker-55-pouce-calibre-45\/#primaryimage","url":"https:\/\/repliquemangacine.fr\/wp-content\/uploads\/2023\/10\/3275-Coffret-Cadeaux-Colt-Peacemaker-5.5-pouce-Calibre-45.jpg","contentUrl":"https:\/\/repliquemangacine.fr\/wp-content\/uploads\/2023\/10\/3275-Coffret-Cadeaux-Colt-Peacemaker-5.5-pouce-Calibre-45.jpg","width":800,"height":800,"caption":"Coffret Le Frontier Denix -Peacemaker 5.5 pouce - Calibre 45"},{"@type":"BreadcrumbList","@id":"https:\/\/repliquemangacine.fr\/colt-revolver-western\/coffret-le-frontier-denix-peacemaker-55-pouce-calibre-45\/#breadcrumb","itemListElement":[{"@type":"ListItem","position":1,"name":"Accueil","item":"https:\/\/repliquemangacine.fr\/"},{"@type":"ListItem","position":2,"name":"Produits","item":"https:\/\/repliquemangacine.fr\/boutique\/"},{"@type":"ListItem","position":3,"name":"Coffret Le Frontier 1873 Calibre 45"}]},{"@type":"WebSite","@id":"https:\/\/repliquemangacine.fr\/#website","url":"https:\/\/repliquemangacine.fr\/","name":"R\u00e9plique Manga Cin\u00e9","description":"","publisher":{"@id":"https:\/\/repliquemangacine.fr\/#organization"},"potentialAction":[{"@type":"SearchAction","target":{"@type":"EntryPoint","urlTemplate":"https:\/\/repliquemangacine.fr\/?s={search_term_string}"},"query-input":{"@type":"PropertyValueSpecification","valueRequired":true,"valueName":"search_term_string"}}],"inLanguage":"es"},{"@type":"Organization","@id":"https:\/\/repliquemangacine.fr\/#organization","name":"R\u00e9plique Manga Cin\u00e9","url":"https:\/\/repliquemangacine.fr\/","logo":{"@type":"ImageObject","inLanguage":"es","@id":"https:\/\/repliquemangacine.fr\/#\/schema\/logo\/image\/","url":"https:\/\/repliquemangacine.fr\/wp-content\/uploads\/2023\/10\/RMC-500250.png","contentUrl":"https:\/\/repliquemangacine.fr\/wp-content\/uploads\/2023\/10\/RMC-500250.png","width":500,"height":250,"caption":"R\u00e9plique Manga Cin\u00e9"},"image":{"@id":"https:\/\/repliquemangacine.fr\/#\/schema\/logo\/image\/"},"sameAs":["https:\/\/www.facebook.com\/RepliqueMangaCine","https:\/\/www.instagram.com\/repliquemangacine.fr\/"]}]}},"_links":{"self":[{"href":"https:\/\/repliquemangacine.fr\/es\/wp-json\/wp\/v2\/product\/28589","targetHints":{"allow":["GET"]}}],"collection":[{"href":"https:\/\/repliquemangacine.fr\/es\/wp-json\/wp\/v2\/product"}],"about":[{"href":"https:\/\/repliquemangacine.fr\/es\/wp-json\/wp\/v2\/types\/product"}],"wp:featuredmedia":[{"embeddable":true,"href":"https:\/\/repliquemangacine.fr\/es\/wp-json\/wp\/v2\/media\/28590"}],"wp:attachment":[{"href":"https:\/\/repliquemangacine.fr\/es\/wp-json\/wp\/v2\/media?parent=28589"}],"wp:term":[{"taxonomy":"product_brand","embeddable":true,"href":"https:\/\/repliquemangacine.fr\/es\/wp-json\/wp\/v2\/product_brand?post=28589"},{"taxonomy":"product_cat","embeddable":true,"href":"https:\/\/repliquemangacine.fr\/es\/wp-json\/wp\/v2\/product_cat?post=28589"},{"taxonomy":"product_tag","embeddable":true,"href":"https:\/\/repliquemangacine.fr\/es\/wp-json\/wp\/v2\/product_tag?post=28589"}],"curies":[{"name":"wp","href":"https:\/\/api.w.org\/{rel}","templated":true}]}}