





{"id":28580,"date":"2019-11-17T13:45:39","date_gmt":"2019-11-17T12:45:39","guid":{"rendered":"https:\/\/repliquemangacine.fr\/?post_type=product&#038;p=28580"},"modified":"2026-03-02T23:38:39","modified_gmt":"2026-03-02T22:38:39","slug":"espada-de-ceremonia-napoleonica","status":"publish","type":"product","link":"https:\/\/repliquemangacine.fr\/es\/armes-historiques\/epee-de-ceremonie-napoleonienne\/","title":{"rendered":"Espada de ceremonia napole\u00f3nica"},"content":{"rendered":"<h2>Espada de decoraci\u00f3n ceremonial napole\u00f3nica.<\/h2>\n<p>Para empezar, el<strong>Espada de ceremonia napole\u00f3nica<\/strong> Es una pieza de colecci\u00f3n y decoraci\u00f3n firmada por Denix.<\/p>\n<p>Conquistador de la mayor parte de Europa, dirigi\u00f3 campa\u00f1as b\u00e9licas muy exitosas, aunque tambi\u00e9n sufri\u00f3 algunas derrotas. Sus agresivas guerras de conquista se convirtieron en las mayores operaciones militares conocidas hasta ese momento en Europa, con un n\u00famero de soldados nunca visto en los ej\u00e9rcitos de la \u00e9poca.<\/p>\n<p>El \u00e1guila es sin duda el s\u00edmbolo napole\u00f3nico m\u00e1s conocido. Elemento principal del nuevo escudo, el ave de J\u00fapiter, emblema del Imperio romano, se asocia desde la antig\u00fcedad con las victorias militares.<\/p>\n<p>Al d\u00eda siguiente de la coronaci\u00f3n, el 2 de diciembre de 1804, Napole\u00f3n hizo colocar el s\u00edmbolo en la parte superior del asta de todas las banderas de los ej\u00e9rcitos napole\u00f3nicos.<\/p>\n<h2>Su Espada Ceremonial Napole\u00f3nica al mejor precio.<\/h2>\n<p>Ofrecemos una amplia gama de reproducciones de armas hist\u00f3ricas<\/p>\n<p>Lo primero y m\u00e1s importante,<\/p>\n<ul>\n<li>Le <a href=\"https:\/\/repliquemangacine.fr\/es\/pistola-antigua\/pistola-napoleon-gribeauval-1806\/\">Pistola Napole\u00f3n de chispa<\/a> con el emblema N y su corona imperial. Gribeauval 1806.<\/li>\n<li>Adem\u00e1s de Le <a href=\"https:\/\/repliquemangacine.fr\/es\/armas-historicas\/encendedor-sable-modelo-ano-xi-infanteria-napoleonica\/\">Encendedor Sabre<\/a> Modelo AN-XI de la infanter\u00eda napole\u00f3nica.<\/li>\n<li>Tambi\u00e9n existe <a href=\"https:\/\/repliquemangacine.fr\/es\/replicas-de-armas-napoleon\/soporte-de-madera-napoleon\/\">stand<\/a> con el escudo de Napole\u00f3n.<\/li>\n<li>Y muchos m\u00e1s por descubrir en nuestra tienda en l\u00ednea.<\/li>\n<\/ul>\n<p>Por eso hemos pensado en algunas ideas para regalar a los aficionados a la historia.<\/p>\n<p>En conclusi\u00f3n, tambi\u00e9n puede utilizar este <strong>Espada de ceremonia napole\u00f3nica<\/strong> para sus colecciones hist\u00f3ricas. Pero, ante todo, esta espada es una pieza de colecci\u00f3n y decoraci\u00f3n.<\/p>\n<p>R\u00e9plique Manga Cin\u00e9 es una empresa familiar francesa. Distribuidor oficial de la marca <a href=\"https:\/\/www.denix.fr\/fr\/accueil-fr\/\" target=\"_blank\" rel=\"noopener noreferrer\">Denix<\/a>.<\/p>\n<h2>\u00bfC\u00f3mo se mantiene la hoja de su espada hist\u00f3rica?<\/h2>\n<p>Las espadas de colecci\u00f3n y decorativas se fabrican y ensamblan de forma simplificada. Como su uso es decorativo, no cuentan con los elementos de seguridad necesarios para una espada japonesa destinada al entrenamiento.<\/p>\n<p>Sin embargo, su <strong>Espada de ceremonia napole\u00f3nica<\/strong> a una hoja de acero que hay que cuidar para evitar que se estropee con el tiempo. Cuando exponga su katana, sus amigos sentir\u00e1n curiosidad por ver la hoja y tocarla. Aqu\u00ed es donde hay que tener cuidado, ya que la acidez de los dedos es muy perjudicial para el acero, sea cual sea su calidad.<\/p>\n<p>Sin embargo, si esto ocurre, no te asustes, todo lo que necesitas es un pa\u00f1o humedecido con un poco de aceite y limpiar las huellas dactilares. Si haces esto, tu espada durar\u00e1 mucho tiempo.<\/p>","protected":false},"excerpt":{"rendered":"<p>R\u00e9plica de una espada de la \u00e9poca napole\u00f3nica.<\/p>\n<ul>\n<li>Hoja de acero inoxidable.<\/li>\n<li>Empu\u00f1adura de acero con emblema de \u00e1guila imperial.<\/li>\n<li>Mango de acero dorado finamente decorado.<\/li>\n<li>Pomo finamente decorado en acero envejecido.<\/li>\n<li>Funda de polipiel con decoraci\u00f3n.<\/li>\n<li>Longitud de la hoja: 66 cm - Longitud total: 86 cm<\/li>\n<\/ul>","protected":false},"featured_media":65809,"template":"","meta":[],"product_brand":[896],"product_cat":[25,37,74],"product_tag":[],"class_list":{"0":"post-28580","1":"product","2":"type-product","3":"status-publish","4":"has-post-thumbnail","6":"product_brand-replique-manga-cine","7":"product_cat-armes-historiques","8":"product_cat-premier-empire","9":"product_cat-sabres-1er-empire","11":"first","12":"instock","13":"taxable","14":"shipping-taxable","15":"purchasable","16":"product-type-simple"},"yoast_head":"<!-- This site is optimized with the Yoast SEO plugin v27.4 - https:\/\/yoast.com\/product\/yoast-seo-wordpress\/ -->\n<title>Ep\u00e9e de c\u00e9r\u00e9monie Napol\u00e9onienne - Vente Ep\u00e9e historique - RMC<\/title>\n<meta name=\"description\" content=\"D\u00e9couvrez cette Ep\u00e9e de c\u00e9r\u00e9monie Napol\u00e9onienne au meilleur prix - Lame en acier inoxydable - Poign\u00e9e et garde acier richement d\u00e9cor\u00e9 - Longueur : 102 cm\" \/>\n<meta name=\"robots\" content=\"index, follow, max-snippet:-1, max-image-preview:large, max-video-preview:-1\" \/>\n<link rel=\"canonical\" href=\"https:\/\/repliquemangacine.fr\/es\/armas-historicas\/espada-de-ceremonia-napoleonica\/\" \/>\n<meta property=\"og:locale\" content=\"es_ES\" \/>\n<meta property=\"og:type\" content=\"article\" \/>\n<meta property=\"og:title\" content=\"Ep\u00e9e de c\u00e9r\u00e9monie Napol\u00e9onienne - Vente Ep\u00e9e historique - RMC\" \/>\n<meta property=\"og:description\" content=\"D\u00e9couvrez cette Ep\u00e9e de c\u00e9r\u00e9monie Napol\u00e9onienne au meilleur prix - Lame en acier inoxydable - Poign\u00e9e et garde acier richement d\u00e9cor\u00e9 - Longueur : 102 cm\" \/>\n<meta property=\"og:url\" content=\"https:\/\/repliquemangacine.fr\/es\/armas-historicas\/espada-de-ceremonia-napoleonica\/\" \/>\n<meta property=\"og:site_name\" content=\"R\u00e9plique Manga Cin\u00e9\" \/>\n<meta property=\"article:publisher\" content=\"https:\/\/www.facebook.com\/RepliqueMangaCine\" \/>\n<meta property=\"article:modified_time\" content=\"2026-03-02T22:38:39+00:00\" \/>\n<meta property=\"og:image\" content=\"https:\/\/repliquemangacine.fr\/wp-content\/uploads\/2019\/11\/Epee-de-ceremonie-napoleon.jpg\" \/>\n\t<meta property=\"og:image:width\" content=\"500\" \/>\n\t<meta property=\"og:image:height\" content=\"500\" \/>\n\t<meta property=\"og:image:type\" content=\"image\/jpeg\" \/>\n<meta name=\"twitter:card\" content=\"summary_large_image\" \/>\n<meta name=\"twitter:label1\" content=\"Tiempo de lectura\" \/>\n\t<meta name=\"twitter:data1\" content=\"2 minutos\" \/>\n<script type=\"application\/ld+json\" class=\"yoast-schema-graph\">{\"@context\":\"https:\\\/\\\/schema.org\",\"@graph\":[{\"@type\":\"WebPage\",\"@id\":\"https:\\\/\\\/repliquemangacine.fr\\\/armes-historiques\\\/epee-de-ceremonie-napoleonienne\\\/\",\"url\":\"https:\\\/\\\/repliquemangacine.fr\\\/armes-historiques\\\/epee-de-ceremonie-napoleonienne\\\/\",\"name\":\"Ep\u00e9e de c\u00e9r\u00e9monie Napol\u00e9onienne - Vente Ep\u00e9e historique - RMC\",\"isPartOf\":{\"@id\":\"https:\\\/\\\/repliquemangacine.fr\\\/#website\"},\"primaryImageOfPage\":{\"@id\":\"https:\\\/\\\/repliquemangacine.fr\\\/armes-historiques\\\/epee-de-ceremonie-napoleonienne\\\/#primaryimage\"},\"image\":{\"@id\":\"https:\\\/\\\/repliquemangacine.fr\\\/armes-historiques\\\/epee-de-ceremonie-napoleonienne\\\/#primaryimage\"},\"thumbnailUrl\":\"https:\\\/\\\/repliquemangacine.fr\\\/wp-content\\\/uploads\\\/2019\\\/11\\\/Epee-de-ceremonie-napoleon.jpg\",\"datePublished\":\"2019-11-17T12:45:39+00:00\",\"dateModified\":\"2026-03-02T22:38:39+00:00\",\"description\":\"D\u00e9couvrez cette Ep\u00e9e de c\u00e9r\u00e9monie Napol\u00e9onienne au meilleur prix - Lame en acier inoxydable - Poign\u00e9e et garde acier richement d\u00e9cor\u00e9 - Longueur : 102 cm\",\"breadcrumb\":{\"@id\":\"https:\\\/\\\/repliquemangacine.fr\\\/armes-historiques\\\/epee-de-ceremonie-napoleonienne\\\/#breadcrumb\"},\"inLanguage\":\"es\",\"potentialAction\":[{\"@type\":\"ReadAction\",\"target\":[\"https:\\\/\\\/repliquemangacine.fr\\\/armes-historiques\\\/epee-de-ceremonie-napoleonienne\\\/\"]}]},{\"@type\":\"ImageObject\",\"inLanguage\":\"es\",\"@id\":\"https:\\\/\\\/repliquemangacine.fr\\\/armes-historiques\\\/epee-de-ceremonie-napoleonienne\\\/#primaryimage\",\"url\":\"https:\\\/\\\/repliquemangacine.fr\\\/wp-content\\\/uploads\\\/2019\\\/11\\\/Epee-de-ceremonie-napoleon.jpg\",\"contentUrl\":\"https:\\\/\\\/repliquemangacine.fr\\\/wp-content\\\/uploads\\\/2019\\\/11\\\/Epee-de-ceremonie-napoleon.jpg\",\"width\":500,\"height\":500,\"caption\":\"Ep\u00e9e de c\u00e9r\u00e9monie Napol\u00e9onienne\"},{\"@type\":\"BreadcrumbList\",\"@id\":\"https:\\\/\\\/repliquemangacine.fr\\\/armes-historiques\\\/epee-de-ceremonie-napoleonienne\\\/#breadcrumb\",\"itemListElement\":[{\"@type\":\"ListItem\",\"position\":1,\"name\":\"Accueil\",\"item\":\"https:\\\/\\\/repliquemangacine.fr\\\/\"},{\"@type\":\"ListItem\",\"position\":2,\"name\":\"Produits\",\"item\":\"https:\\\/\\\/repliquemangacine.fr\\\/boutique\\\/\"},{\"@type\":\"ListItem\",\"position\":3,\"name\":\"Ep\u00e9e de c\u00e9r\u00e9monie Napol\u00e9onienne\"}]},{\"@type\":\"WebSite\",\"@id\":\"https:\\\/\\\/repliquemangacine.fr\\\/#website\",\"url\":\"https:\\\/\\\/repliquemangacine.fr\\\/\",\"name\":\"R\u00e9plique Manga Cin\u00e9\",\"description\":\"\",\"publisher\":{\"@id\":\"https:\\\/\\\/repliquemangacine.fr\\\/#organization\"},\"potentialAction\":[{\"@type\":\"SearchAction\",\"target\":{\"@type\":\"EntryPoint\",\"urlTemplate\":\"https:\\\/\\\/repliquemangacine.fr\\\/?s={search_term_string}\"},\"query-input\":{\"@type\":\"PropertyValueSpecification\",\"valueRequired\":true,\"valueName\":\"search_term_string\"}}],\"inLanguage\":\"es\"},{\"@type\":\"Organization\",\"@id\":\"https:\\\/\\\/repliquemangacine.fr\\\/#organization\",\"name\":\"R\u00e9plique Manga Cin\u00e9\",\"url\":\"https:\\\/\\\/repliquemangacine.fr\\\/\",\"logo\":{\"@type\":\"ImageObject\",\"inLanguage\":\"es\",\"@id\":\"https:\\\/\\\/repliquemangacine.fr\\\/#\\\/schema\\\/logo\\\/image\\\/\",\"url\":\"https:\\\/\\\/repliquemangacine.fr\\\/wp-content\\\/uploads\\\/2023\\\/10\\\/RMC-500250.png\",\"contentUrl\":\"https:\\\/\\\/repliquemangacine.fr\\\/wp-content\\\/uploads\\\/2023\\\/10\\\/RMC-500250.png\",\"width\":500,\"height\":250,\"caption\":\"R\u00e9plique Manga Cin\u00e9\"},\"image\":{\"@id\":\"https:\\\/\\\/repliquemangacine.fr\\\/#\\\/schema\\\/logo\\\/image\\\/\"},\"sameAs\":[\"https:\\\/\\\/www.facebook.com\\\/RepliqueMangaCine\",\"https:\\\/\\\/www.instagram.com\\\/repliquemangacine.fr\\\/\"]}]}<\/script>\n<!-- \/ Yoast SEO plugin. -->","yoast_head_json":{"title":"Espada de ceremonia napole\u00f3nica - Espadas hist\u00f3ricas en venta - RMC","description":"Descubra esta espada de ceremonia napole\u00f3nica al mejor precio - Hoja de acero inoxidable - Empu\u00f1adura y guarda de acero ricamente decoradas - Longitud: 102 cm","robots":{"index":"index","follow":"follow","max-snippet":"max-snippet:-1","max-image-preview":"max-image-preview:large","max-video-preview":"max-video-preview:-1"},"canonical":"https:\/\/repliquemangacine.fr\/es\/armas-historicas\/espada-de-ceremonia-napoleonica\/","og_locale":"es_ES","og_type":"article","og_title":"Ep\u00e9e de c\u00e9r\u00e9monie Napol\u00e9onienne - Vente Ep\u00e9e historique - RMC","og_description":"D\u00e9couvrez cette Ep\u00e9e de c\u00e9r\u00e9monie Napol\u00e9onienne au meilleur prix - Lame en acier inoxydable - Poign\u00e9e et garde acier richement d\u00e9cor\u00e9 - Longueur : 102 cm","og_url":"https:\/\/repliquemangacine.fr\/es\/armas-historicas\/espada-de-ceremonia-napoleonica\/","og_site_name":"R\u00e9plique Manga Cin\u00e9","article_publisher":"https:\/\/www.facebook.com\/RepliqueMangaCine","article_modified_time":"2026-03-02T22:38:39+00:00","og_image":[{"width":500,"height":500,"url":"https:\/\/repliquemangacine.fr\/wp-content\/uploads\/2019\/11\/Epee-de-ceremonie-napoleon.jpg","type":"image\/jpeg"}],"twitter_card":"summary_large_image","twitter_misc":{"Tiempo de lectura":"2 minutos"},"schema":{"@context":"https:\/\/schema.org","@graph":[{"@type":"WebPage","@id":"https:\/\/repliquemangacine.fr\/armes-historiques\/epee-de-ceremonie-napoleonienne\/","url":"https:\/\/repliquemangacine.fr\/armes-historiques\/epee-de-ceremonie-napoleonienne\/","name":"Espada de ceremonia napole\u00f3nica - Espadas hist\u00f3ricas en venta - RMC","isPartOf":{"@id":"https:\/\/repliquemangacine.fr\/#website"},"primaryImageOfPage":{"@id":"https:\/\/repliquemangacine.fr\/armes-historiques\/epee-de-ceremonie-napoleonienne\/#primaryimage"},"image":{"@id":"https:\/\/repliquemangacine.fr\/armes-historiques\/epee-de-ceremonie-napoleonienne\/#primaryimage"},"thumbnailUrl":"https:\/\/repliquemangacine.fr\/wp-content\/uploads\/2019\/11\/Epee-de-ceremonie-napoleon.jpg","datePublished":"2019-11-17T12:45:39+00:00","dateModified":"2026-03-02T22:38:39+00:00","description":"Descubra esta espada de ceremonia napole\u00f3nica al mejor precio - Hoja de acero inoxidable - Empu\u00f1adura y guarda de acero ricamente decoradas - Longitud: 102 cm","breadcrumb":{"@id":"https:\/\/repliquemangacine.fr\/armes-historiques\/epee-de-ceremonie-napoleonienne\/#breadcrumb"},"inLanguage":"es","potentialAction":[{"@type":"ReadAction","target":["https:\/\/repliquemangacine.fr\/armes-historiques\/epee-de-ceremonie-napoleonienne\/"]}]},{"@type":"ImageObject","inLanguage":"es","@id":"https:\/\/repliquemangacine.fr\/armes-historiques\/epee-de-ceremonie-napoleonienne\/#primaryimage","url":"https:\/\/repliquemangacine.fr\/wp-content\/uploads\/2019\/11\/Epee-de-ceremonie-napoleon.jpg","contentUrl":"https:\/\/repliquemangacine.fr\/wp-content\/uploads\/2019\/11\/Epee-de-ceremonie-napoleon.jpg","width":500,"height":500,"caption":"Ep\u00e9e de c\u00e9r\u00e9monie Napol\u00e9onienne"},{"@type":"BreadcrumbList","@id":"https:\/\/repliquemangacine.fr\/armes-historiques\/epee-de-ceremonie-napoleonienne\/#breadcrumb","itemListElement":[{"@type":"ListItem","position":1,"name":"Accueil","item":"https:\/\/repliquemangacine.fr\/"},{"@type":"ListItem","position":2,"name":"Produits","item":"https:\/\/repliquemangacine.fr\/boutique\/"},{"@type":"ListItem","position":3,"name":"Ep\u00e9e de c\u00e9r\u00e9monie Napol\u00e9onienne"}]},{"@type":"WebSite","@id":"https:\/\/repliquemangacine.fr\/#website","url":"https:\/\/repliquemangacine.fr\/","name":"R\u00e9plique Manga Cin\u00e9","description":"","publisher":{"@id":"https:\/\/repliquemangacine.fr\/#organization"},"potentialAction":[{"@type":"SearchAction","target":{"@type":"EntryPoint","urlTemplate":"https:\/\/repliquemangacine.fr\/?s={search_term_string}"},"query-input":{"@type":"PropertyValueSpecification","valueRequired":true,"valueName":"search_term_string"}}],"inLanguage":"es"},{"@type":"Organization","@id":"https:\/\/repliquemangacine.fr\/#organization","name":"R\u00e9plique Manga Cin\u00e9","url":"https:\/\/repliquemangacine.fr\/","logo":{"@type":"ImageObject","inLanguage":"es","@id":"https:\/\/repliquemangacine.fr\/#\/schema\/logo\/image\/","url":"https:\/\/repliquemangacine.fr\/wp-content\/uploads\/2023\/10\/RMC-500250.png","contentUrl":"https:\/\/repliquemangacine.fr\/wp-content\/uploads\/2023\/10\/RMC-500250.png","width":500,"height":250,"caption":"R\u00e9plique Manga Cin\u00e9"},"image":{"@id":"https:\/\/repliquemangacine.fr\/#\/schema\/logo\/image\/"},"sameAs":["https:\/\/www.facebook.com\/RepliqueMangaCine","https:\/\/www.instagram.com\/repliquemangacine.fr\/"]}]}},"_links":{"self":[{"href":"https:\/\/repliquemangacine.fr\/es\/wp-json\/wp\/v2\/product\/28580","targetHints":{"allow":["GET"]}}],"collection":[{"href":"https:\/\/repliquemangacine.fr\/es\/wp-json\/wp\/v2\/product"}],"about":[{"href":"https:\/\/repliquemangacine.fr\/es\/wp-json\/wp\/v2\/types\/product"}],"wp:featuredmedia":[{"embeddable":true,"href":"https:\/\/repliquemangacine.fr\/es\/wp-json\/wp\/v2\/media\/65809"}],"wp:attachment":[{"href":"https:\/\/repliquemangacine.fr\/es\/wp-json\/wp\/v2\/media?parent=28580"}],"wp:term":[{"taxonomy":"product_brand","embeddable":true,"href":"https:\/\/repliquemangacine.fr\/es\/wp-json\/wp\/v2\/product_brand?post=28580"},{"taxonomy":"product_cat","embeddable":true,"href":"https:\/\/repliquemangacine.fr\/es\/wp-json\/wp\/v2\/product_cat?post=28580"},{"taxonomy":"product_tag","embeddable":true,"href":"https:\/\/repliquemangacine.fr\/es\/wp-json\/wp\/v2\/product_tag?post=28580"}],"curies":[{"name":"wp","href":"https:\/\/api.w.org\/{rel}","templated":true}]}}