





{"id":28562,"date":"2019-11-11T16:09:23","date_gmt":"2019-11-11T15:09:23","guid":{"rendered":"https:\/\/repliquemangacine.fr\/?post_type=product&#038;p=28562"},"modified":"2025-09-23T18:02:25","modified_gmt":"2025-09-23T16:02:25","slug":"hawkeye-ronin-avengers-espada","status":"publish","type":"product","link":"https:\/\/repliquemangacine.fr\/es\/super-heros-marvel\/epee-hawkeye-ronin-avengers\/","title":{"rendered":"Avengers Hawkeye Ronin espada"},"content":{"rendered":"<h2>Espada Ronin de Ojo de Halc\u00f3n en Vengadores 4<\/h2>\n<p>Para empezar, el<strong>Espada Hawkeye Ronin<\/strong> es una espada utilizada principalmente por Clint Barton para asesinar a criminales que hab\u00edan sobrevivido a la crisis. Tras su regreso a los Vengadores. Barton utiliza la espada para luchar contra el ej\u00e9rcito de Thanos durante la Batalla de la Tierra.<\/p>\n<p>Clint Barton, tambi\u00e9n conocido como Hawkeye, o Ojo de Halc\u00f3n, es un francotirador, antiguo agente especial de S.H.I.E.L.D. y uno de los miembros fundadores de los Vengadores. Recluta a Black Widow, con quien desarrolla una fuerte amistad.<\/p>\n<p>Con su determinaci\u00f3n de detener a Loki, los <a href=\"https:\/\/universcinematographiquemarvel.fandom.com\/fr\/wiki\/Avengers\" target=\"_blank\" rel=\"noopener noreferrer\">Vengadores<\/a> han tomado el control de un Quinjet de S.H.I.E.L.D. Ojo de Halc\u00f3n transporta a Viuda Negra y al Capit\u00e1n Am\u00e9rica a Nueva York justo cuando se abre el portal del Teseracto.<\/p>\n<h2>Tu Espada Hawkeye Ronin al mejor precio.<\/h2>\n<p>Te ofrecemos una amplia selecci\u00f3n de r\u00e9plicas del universo Marvel.<\/p>\n<p>Lo primero y m\u00e1s importante,<\/p>\n<ul>\n<li>En <a href=\"https:\/\/repliquemangacine.fr\/es\/superheroes\/viuda-negra-palos-morados\/\">Palitos luminosos,<\/a> utilizadas por la Viuda Negra aka Natasha Romanoff, est\u00e1n disponibles en dos colores.<\/li>\n<li>Entonces, lo sublime <a href=\"https:\/\/repliquemangacine.fr\/es\/superheroes\/daga-de-loki\/\">La daga de Loki<\/a>.<\/li>\n<li>As\u00ed como <a href=\"https:\/\/repliquemangacine.fr\/es\/superheroes\/deadpool-marvel-espadas\/\">Espadas Deadpool<\/a> en el universo Marvel.<\/li>\n<li>Y muchos m\u00e1s por descubrir en nuestra tienda en l\u00ednea.<\/li>\n<\/ul>\n<p>Por eso, aqu\u00ed tienes unas ideas fant\u00e1sticas para regalar a todos los fans de Marvel.<\/p>\n<p>En conclusi\u00f3n, puede utilizar el\u2019<strong>Espada Hawkeye Ronin<\/strong> en Avengers Endgame para tus desfiles de Cosplay. Pero sobre todo, esta espada es una pieza de coleccionista y decoraci\u00f3n.<\/p>\n<h2>\u00bfC\u00f3mo mantengo la hoja de mi espada Marvel?<\/h2>\n<p>Las espadas de colecci\u00f3n y decorativas se fabrican y ensamblan de forma simplificada. Como su uso es decorativo, no cuentan con los elementos de seguridad necesarios para una espada japonesa destinada al entrenamiento.<\/p>\n<p>Sin embargo, su <strong>Espada Hawkeye Ronin<\/strong> a una hoja de acero que hay que cuidar para evitar que se estropee con el tiempo. Cuando exponga su katana, sus amigos sentir\u00e1n curiosidad por ver la hoja y tocarla. Aqu\u00ed es donde hay que tener cuidado, ya que la acidez de los dedos es muy perjudicial para el acero, sea cual sea su calidad.<\/p>\n<p>Sin embargo, si esto ocurre, no te asustes, todo lo que necesitas es un pa\u00f1o humedecido con un poco de aceite y limpiar las huellas dactilares. Si haces esto, tu espada durar\u00e1 mucho tiempo.<\/p>","protected":false},"excerpt":{"rendered":"<p>Espada Ronin de Ojo de Halc\u00f3n en versi\u00f3n Vengadores 4 XL.<\/p>\n<ul>\n<li>Hoja de acero 440 no afilada.<\/li>\n<li>Armaz\u00f3n de metal calado.<\/li>\n<li>Protector met\u00e1lico redondo.<\/li>\n<li>Mango recubierto de hilo de algod\u00f3n negro.<\/li>\n<li>Funda de imitaci\u00f3n de cuero negro.<\/li>\n<li>Longitud de la hoja: 64,5 cm - Longitud total: 93,5 cm<\/li>\n<\/ul>","protected":false},"featured_media":28563,"template":"","meta":[],"product_brand":[896],"product_cat":[24,59],"product_tag":[],"class_list":{"0":"post-28562","1":"product","2":"type-product","3":"status-publish","4":"has-post-thumbnail","6":"product_brand-replique-manga-cine","7":"product_cat-films-series-tv-vente-de-katana-epee-et-produits-derives","8":"product_cat-super-heros-marvel","10":"first","11":"instock","12":"taxable","13":"shipping-taxable","14":"purchasable","15":"product-type-simple"},"yoast_head":"<!-- This site is optimized with the Yoast SEO plugin v27.4 - https:\/\/yoast.com\/product\/yoast-seo-wordpress\/ -->\n<title>Ep\u00e9e Hawkeye Ronin - Avengers 4 - R\u00e9plique Manga Cin\u00e9<\/title>\n<meta name=\"description\" content=\"Superbe Ep\u00e9e Hawkeye Ronin dans Avengers 4 en version XL. La lame large est en acier ajour\u00e9e. Livr\u00e9 avec son fourreau en simili cuir noir. A voir !\" \/>\n<meta name=\"robots\" content=\"index, follow, max-snippet:-1, max-image-preview:large, max-video-preview:-1\" \/>\n<link rel=\"canonical\" href=\"https:\/\/repliquemangacine.fr\/es\/superheroes-marvel\/hawkeye-ronin-avengers-espada\/\" \/>\n<meta property=\"og:locale\" content=\"es_ES\" \/>\n<meta property=\"og:type\" content=\"article\" \/>\n<meta property=\"og:title\" content=\"Ep\u00e9e Hawkeye Ronin - Avengers 4 - R\u00e9plique Manga Cin\u00e9\" \/>\n<meta property=\"og:description\" content=\"Superbe Ep\u00e9e Hawkeye Ronin dans Avengers 4 en version XL. La lame large est en acier ajour\u00e9e. Livr\u00e9 avec son fourreau en simili cuir noir. A voir !\" \/>\n<meta property=\"og:url\" content=\"https:\/\/repliquemangacine.fr\/es\/superheroes-marvel\/hawkeye-ronin-avengers-espada\/\" \/>\n<meta property=\"og:site_name\" content=\"R\u00e9plique Manga Cin\u00e9\" \/>\n<meta property=\"article:publisher\" content=\"https:\/\/www.facebook.com\/RepliqueMangaCine\" \/>\n<meta property=\"article:modified_time\" content=\"2025-09-23T16:02:25+00:00\" \/>\n<meta property=\"og:image\" content=\"https:\/\/repliquemangacine.fr\/wp-content\/uploads\/2023\/10\/Epee-Hawkeye-Ronin-avengers-4.jpg\" \/>\n\t<meta property=\"og:image:width\" content=\"500\" \/>\n\t<meta property=\"og:image:height\" content=\"500\" \/>\n\t<meta property=\"og:image:type\" content=\"image\/jpeg\" \/>\n<meta name=\"twitter:card\" content=\"summary_large_image\" \/>\n<meta name=\"twitter:label1\" content=\"Tiempo de lectura\" \/>\n\t<meta name=\"twitter:data1\" content=\"2 minutos\" \/>\n<script type=\"application\/ld+json\" class=\"yoast-schema-graph\">{\"@context\":\"https:\\\/\\\/schema.org\",\"@graph\":[{\"@type\":\"WebPage\",\"@id\":\"https:\\\/\\\/repliquemangacine.fr\\\/super-heros-marvel\\\/epee-hawkeye-ronin-avengers\\\/\",\"url\":\"https:\\\/\\\/repliquemangacine.fr\\\/super-heros-marvel\\\/epee-hawkeye-ronin-avengers\\\/\",\"name\":\"Ep\u00e9e Hawkeye Ronin - Avengers 4 - R\u00e9plique Manga Cin\u00e9\",\"isPartOf\":{\"@id\":\"https:\\\/\\\/repliquemangacine.fr\\\/#website\"},\"primaryImageOfPage\":{\"@id\":\"https:\\\/\\\/repliquemangacine.fr\\\/super-heros-marvel\\\/epee-hawkeye-ronin-avengers\\\/#primaryimage\"},\"image\":{\"@id\":\"https:\\\/\\\/repliquemangacine.fr\\\/super-heros-marvel\\\/epee-hawkeye-ronin-avengers\\\/#primaryimage\"},\"thumbnailUrl\":\"https:\\\/\\\/repliquemangacine.fr\\\/wp-content\\\/uploads\\\/2023\\\/10\\\/Epee-Hawkeye-Ronin-avengers-4.jpg\",\"datePublished\":\"2019-11-11T15:09:23+00:00\",\"dateModified\":\"2025-09-23T16:02:25+00:00\",\"description\":\"Superbe Ep\u00e9e Hawkeye Ronin dans Avengers 4 en version XL. La lame large est en acier ajour\u00e9e. Livr\u00e9 avec son fourreau en simili cuir noir. A voir !\",\"breadcrumb\":{\"@id\":\"https:\\\/\\\/repliquemangacine.fr\\\/super-heros-marvel\\\/epee-hawkeye-ronin-avengers\\\/#breadcrumb\"},\"inLanguage\":\"es\",\"potentialAction\":[{\"@type\":\"ReadAction\",\"target\":[\"https:\\\/\\\/repliquemangacine.fr\\\/super-heros-marvel\\\/epee-hawkeye-ronin-avengers\\\/\"]}]},{\"@type\":\"ImageObject\",\"inLanguage\":\"es\",\"@id\":\"https:\\\/\\\/repliquemangacine.fr\\\/super-heros-marvel\\\/epee-hawkeye-ronin-avengers\\\/#primaryimage\",\"url\":\"https:\\\/\\\/repliquemangacine.fr\\\/wp-content\\\/uploads\\\/2023\\\/10\\\/Epee-Hawkeye-Ronin-avengers-4.jpg\",\"contentUrl\":\"https:\\\/\\\/repliquemangacine.fr\\\/wp-content\\\/uploads\\\/2023\\\/10\\\/Epee-Hawkeye-Ronin-avengers-4.jpg\",\"width\":500,\"height\":500,\"caption\":\"Ep\u00e9e Hawkeye Ronin avengers 4\"},{\"@type\":\"BreadcrumbList\",\"@id\":\"https:\\\/\\\/repliquemangacine.fr\\\/super-heros-marvel\\\/epee-hawkeye-ronin-avengers\\\/#breadcrumb\",\"itemListElement\":[{\"@type\":\"ListItem\",\"position\":1,\"name\":\"Accueil\",\"item\":\"https:\\\/\\\/repliquemangacine.fr\\\/\"},{\"@type\":\"ListItem\",\"position\":2,\"name\":\"Produits\",\"item\":\"https:\\\/\\\/repliquemangacine.fr\\\/boutique\\\/\"},{\"@type\":\"ListItem\",\"position\":3,\"name\":\"Ep\u00e9e Hawkeye Ronin Avengers\"}]},{\"@type\":\"WebSite\",\"@id\":\"https:\\\/\\\/repliquemangacine.fr\\\/#website\",\"url\":\"https:\\\/\\\/repliquemangacine.fr\\\/\",\"name\":\"R\u00e9plique Manga Cin\u00e9\",\"description\":\"\",\"publisher\":{\"@id\":\"https:\\\/\\\/repliquemangacine.fr\\\/#organization\"},\"potentialAction\":[{\"@type\":\"SearchAction\",\"target\":{\"@type\":\"EntryPoint\",\"urlTemplate\":\"https:\\\/\\\/repliquemangacine.fr\\\/?s={search_term_string}\"},\"query-input\":{\"@type\":\"PropertyValueSpecification\",\"valueRequired\":true,\"valueName\":\"search_term_string\"}}],\"inLanguage\":\"es\"},{\"@type\":\"Organization\",\"@id\":\"https:\\\/\\\/repliquemangacine.fr\\\/#organization\",\"name\":\"R\u00e9plique Manga Cin\u00e9\",\"url\":\"https:\\\/\\\/repliquemangacine.fr\\\/\",\"logo\":{\"@type\":\"ImageObject\",\"inLanguage\":\"es\",\"@id\":\"https:\\\/\\\/repliquemangacine.fr\\\/#\\\/schema\\\/logo\\\/image\\\/\",\"url\":\"https:\\\/\\\/repliquemangacine.fr\\\/wp-content\\\/uploads\\\/2023\\\/10\\\/RMC-500250.png\",\"contentUrl\":\"https:\\\/\\\/repliquemangacine.fr\\\/wp-content\\\/uploads\\\/2023\\\/10\\\/RMC-500250.png\",\"width\":500,\"height\":250,\"caption\":\"R\u00e9plique Manga Cin\u00e9\"},\"image\":{\"@id\":\"https:\\\/\\\/repliquemangacine.fr\\\/#\\\/schema\\\/logo\\\/image\\\/\"},\"sameAs\":[\"https:\\\/\\\/www.facebook.com\\\/RepliqueMangaCine\",\"https:\\\/\\\/www.instagram.com\\\/repliquemangacine.fr\\\/\"]}]}<\/script>\n<!-- \/ Yoast SEO plugin. -->","yoast_head_json":{"title":"Espada Ronin de Ojo de Halc\u00f3n - Vengadores 4 - R\u00e9plique Manga Cin\u00e9","description":"Magn\u00edfica espada Ronin de Ojo de Halc\u00f3n en Vengadores 4 en versi\u00f3n XL. La hoja ancha es de acero calado. Viene con su vaina de cuero negro de imitaci\u00f3n. \u00a1Imprescindible!","robots":{"index":"index","follow":"follow","max-snippet":"max-snippet:-1","max-image-preview":"max-image-preview:large","max-video-preview":"max-video-preview:-1"},"canonical":"https:\/\/repliquemangacine.fr\/es\/superheroes-marvel\/hawkeye-ronin-avengers-espada\/","og_locale":"es_ES","og_type":"article","og_title":"Ep\u00e9e Hawkeye Ronin - Avengers 4 - R\u00e9plique Manga Cin\u00e9","og_description":"Superbe Ep\u00e9e Hawkeye Ronin dans Avengers 4 en version XL. La lame large est en acier ajour\u00e9e. Livr\u00e9 avec son fourreau en simili cuir noir. A voir !","og_url":"https:\/\/repliquemangacine.fr\/es\/superheroes-marvel\/hawkeye-ronin-avengers-espada\/","og_site_name":"R\u00e9plique Manga Cin\u00e9","article_publisher":"https:\/\/www.facebook.com\/RepliqueMangaCine","article_modified_time":"2025-09-23T16:02:25+00:00","og_image":[{"width":500,"height":500,"url":"https:\/\/repliquemangacine.fr\/wp-content\/uploads\/2023\/10\/Epee-Hawkeye-Ronin-avengers-4.jpg","type":"image\/jpeg"}],"twitter_card":"summary_large_image","twitter_misc":{"Tiempo de lectura":"2 minutos"},"schema":{"@context":"https:\/\/schema.org","@graph":[{"@type":"WebPage","@id":"https:\/\/repliquemangacine.fr\/super-heros-marvel\/epee-hawkeye-ronin-avengers\/","url":"https:\/\/repliquemangacine.fr\/super-heros-marvel\/epee-hawkeye-ronin-avengers\/","name":"Espada Ronin de Ojo de Halc\u00f3n - Vengadores 4 - R\u00e9plique Manga Cin\u00e9","isPartOf":{"@id":"https:\/\/repliquemangacine.fr\/#website"},"primaryImageOfPage":{"@id":"https:\/\/repliquemangacine.fr\/super-heros-marvel\/epee-hawkeye-ronin-avengers\/#primaryimage"},"image":{"@id":"https:\/\/repliquemangacine.fr\/super-heros-marvel\/epee-hawkeye-ronin-avengers\/#primaryimage"},"thumbnailUrl":"https:\/\/repliquemangacine.fr\/wp-content\/uploads\/2023\/10\/Epee-Hawkeye-Ronin-avengers-4.jpg","datePublished":"2019-11-11T15:09:23+00:00","dateModified":"2025-09-23T16:02:25+00:00","description":"Magn\u00edfica espada Ronin de Ojo de Halc\u00f3n en Vengadores 4 en versi\u00f3n XL. La hoja ancha es de acero calado. Viene con su vaina de cuero negro de imitaci\u00f3n. \u00a1Imprescindible!","breadcrumb":{"@id":"https:\/\/repliquemangacine.fr\/super-heros-marvel\/epee-hawkeye-ronin-avengers\/#breadcrumb"},"inLanguage":"es","potentialAction":[{"@type":"ReadAction","target":["https:\/\/repliquemangacine.fr\/super-heros-marvel\/epee-hawkeye-ronin-avengers\/"]}]},{"@type":"ImageObject","inLanguage":"es","@id":"https:\/\/repliquemangacine.fr\/super-heros-marvel\/epee-hawkeye-ronin-avengers\/#primaryimage","url":"https:\/\/repliquemangacine.fr\/wp-content\/uploads\/2023\/10\/Epee-Hawkeye-Ronin-avengers-4.jpg","contentUrl":"https:\/\/repliquemangacine.fr\/wp-content\/uploads\/2023\/10\/Epee-Hawkeye-Ronin-avengers-4.jpg","width":500,"height":500,"caption":"Ep\u00e9e Hawkeye Ronin avengers 4"},{"@type":"BreadcrumbList","@id":"https:\/\/repliquemangacine.fr\/super-heros-marvel\/epee-hawkeye-ronin-avengers\/#breadcrumb","itemListElement":[{"@type":"ListItem","position":1,"name":"Accueil","item":"https:\/\/repliquemangacine.fr\/"},{"@type":"ListItem","position":2,"name":"Produits","item":"https:\/\/repliquemangacine.fr\/boutique\/"},{"@type":"ListItem","position":3,"name":"Ep\u00e9e Hawkeye Ronin Avengers"}]},{"@type":"WebSite","@id":"https:\/\/repliquemangacine.fr\/#website","url":"https:\/\/repliquemangacine.fr\/","name":"R\u00e9plique Manga Cin\u00e9","description":"","publisher":{"@id":"https:\/\/repliquemangacine.fr\/#organization"},"potentialAction":[{"@type":"SearchAction","target":{"@type":"EntryPoint","urlTemplate":"https:\/\/repliquemangacine.fr\/?s={search_term_string}"},"query-input":{"@type":"PropertyValueSpecification","valueRequired":true,"valueName":"search_term_string"}}],"inLanguage":"es"},{"@type":"Organization","@id":"https:\/\/repliquemangacine.fr\/#organization","name":"R\u00e9plique Manga Cin\u00e9","url":"https:\/\/repliquemangacine.fr\/","logo":{"@type":"ImageObject","inLanguage":"es","@id":"https:\/\/repliquemangacine.fr\/#\/schema\/logo\/image\/","url":"https:\/\/repliquemangacine.fr\/wp-content\/uploads\/2023\/10\/RMC-500250.png","contentUrl":"https:\/\/repliquemangacine.fr\/wp-content\/uploads\/2023\/10\/RMC-500250.png","width":500,"height":250,"caption":"R\u00e9plique Manga Cin\u00e9"},"image":{"@id":"https:\/\/repliquemangacine.fr\/#\/schema\/logo\/image\/"},"sameAs":["https:\/\/www.facebook.com\/RepliqueMangaCine","https:\/\/www.instagram.com\/repliquemangacine.fr\/"]}]}},"_links":{"self":[{"href":"https:\/\/repliquemangacine.fr\/es\/wp-json\/wp\/v2\/product\/28562","targetHints":{"allow":["GET"]}}],"collection":[{"href":"https:\/\/repliquemangacine.fr\/es\/wp-json\/wp\/v2\/product"}],"about":[{"href":"https:\/\/repliquemangacine.fr\/es\/wp-json\/wp\/v2\/types\/product"}],"wp:featuredmedia":[{"embeddable":true,"href":"https:\/\/repliquemangacine.fr\/es\/wp-json\/wp\/v2\/media\/28563"}],"wp:attachment":[{"href":"https:\/\/repliquemangacine.fr\/es\/wp-json\/wp\/v2\/media?parent=28562"}],"wp:term":[{"taxonomy":"product_brand","embeddable":true,"href":"https:\/\/repliquemangacine.fr\/es\/wp-json\/wp\/v2\/product_brand?post=28562"},{"taxonomy":"product_cat","embeddable":true,"href":"https:\/\/repliquemangacine.fr\/es\/wp-json\/wp\/v2\/product_cat?post=28562"},{"taxonomy":"product_tag","embeddable":true,"href":"https:\/\/repliquemangacine.fr\/es\/wp-json\/wp\/v2\/product_tag?post=28562"}],"curies":[{"name":"wp","href":"https:\/\/api.w.org\/{rel}","templated":true}]}}