





{"id":28520,"date":"2019-11-06T13:22:35","date_gmt":"2019-11-06T12:22:35","guid":{"rendered":"https:\/\/repliquemangacine.fr\/?post_type=product&#038;p=28520"},"modified":"2025-12-23T13:13:24","modified_gmt":"2025-12-23T12:13:24","slug":"daga-griega-afrodita","status":"publish","type":"product","link":"https:\/\/repliquemangacine.fr\/es\/dagues-medievales\/poignard-grec-aphrodite\/","title":{"rendered":"Daga griega Afrodita"},"content":{"rendered":"<h2>R\u00e9plica de la daga griega Afrodita<\/h2>\n<p>Para empezar, esta daga <strong>Daga griega Afrodita<\/strong> destaca por su acabado. En la mitolog\u00eda griega, Afrodita est\u00e1 casada en ocasiones con Hefesto, dios del fuego, la forja y la metalurgia.<\/p>\n<p>La <a href=\"https:\/\/www.histoire-pour-tous.fr\/civilisations\/3067-la-civilisation-grecque-la-grece-antique.html\" target=\"_blank\" rel=\"noopener noreferrer\">Antigua Grecia<\/a> corresponde a las civilizaciones que se desarrollaron en la Grecia continental, en el mar Egeo y sus alrededores durante la Antig\u00fcedad. Los antiguos griegos fundaron ciudades y reinos m\u00e1s all\u00e1 de su regi\u00f3n de origen, especialmente en Asia Menor, Sicilia e Italia.<\/p>\n<p>En conclusi\u00f3n, en el \u00e1mbito del arte, la pol\u00edtica, la literatura o la ciencia, la herencia de la Antigua Grecia sigue influyendo en nuestro mundo. La civilizaci\u00f3n griega lo invent\u00f3 casi todo, empezando por la democracia.<\/p>\n<h2>Tu Daga Griega Afrodita al mejor precio.<\/h2>\n<p>Le ofrecemos una amplia selecci\u00f3n de r\u00e9plicas de la \u00e9poca antigua, griega y romana.<\/p>\n<p>Lo primero y m\u00e1s importante,<\/p>\n<ul>\n<li>El Gladius de Maguncia o <a href=\"https:\/\/repliquemangacine.fr\/es\/espadas-espada\/mainz-gladius-tiber-espada\/\">espada de Tiberio<\/a> es una famosa espada romana hallada en el Rin, cerca de Maguncia, en Alemania.<\/li>\n<li>Tambi\u00e9n existe la <a href=\"https:\/\/repliquemangacine.fr\/es\/armas-historicas\/sabre-briquet-d-infanterie-napoleonien\/\">encendedor de sable<\/a> Infanter\u00eda napole\u00f3nica.<\/li>\n<li>As\u00ed como el<a href=\"https:\/\/repliquemangacine.fr\/es\/espada-medieval-2\/practica-espada-de-combate-medieval\/\">Espada medieval<\/a> con su vaina de cuero.<\/li>\n<li>Y muchos m\u00e1s por descubrir en nuestra tienda en l\u00ednea.<\/li>\n<\/ul>\n<p>Por eso, esta es una magn\u00edfica idea de regalo para todos los apasionados de la \u00e9poca medieval.<\/p>\n<p>En conclusi\u00f3n, tambi\u00e9n puedes usar esta daga. <strong>Daga griega Afrodita<\/strong> Pero, ante todo, es una pieza de coleccionista y una forma estupenda de decorar tu casa.<\/p>\n<h2>\u00bfC\u00f3mo mantengo la hoja de mi daga?<\/h2>\n<p>Las dagas de colecci\u00f3n y decorativas se fabrican y ensamblan de forma simplificada. Como su uso es decorativo, no cuentan con los elementos de seguridad exigidos para un sable japon\u00e9s destinado al entrenamiento.<\/p>\n<p>Sin embargo, su <strong>Daga griega Afrodita<\/strong> a una hoja de acero que hay que mantener para evitar que se da\u00f1e con el tiempo. Cuando muestres tu daga, tus amigos sentir\u00e1n curiosidad por ver la hoja y tocarla. Aqu\u00ed es donde hay que tener cuidado, porque la acidez de los dedos es muy perjudicial para el acero, sea cual sea su calidad.<\/p>\n<p>Sin embargo, si esto ocurre, no te asustes, simplemente utiliza un pa\u00f1o humedecido con un poco de aceite y limpia las huellas dactilares. Si haces esto, tu daga durar\u00e1 mucho tiempo.<\/p>","protected":false},"excerpt":{"rendered":"<p>Magn\u00edfica r\u00e9plica de una daga de la \u00e9poca griega.<\/p>\n<ul>\n<li>Hoja de acero 440 serigrafiada con un \u00e1ngel femenino Afrodita.<\/li>\n<li>Empu\u00f1adura y mango de acero decorado.<\/li>\n<li>Pomo decorativo.<\/li>\n<li>Vaina de acero decorada en varios tonos.<\/li>\n<li>Longitud hoja :22.5 cm - Longitud total :37 cm - Peso : 642 Grs<\/li>\n<\/ul>","protected":false},"featured_media":28521,"template":"","meta":[],"product_brand":[896],"product_cat":[31,25,93,43],"product_tag":[],"class_list":{"0":"post-28520","1":"product","2":"type-product","3":"status-publish","4":"has-post-thumbnail","6":"product_brand-replique-manga-cine","7":"product_cat-armes-antiques","8":"product_cat-armes-historiques","9":"product_cat-dagues-medievales","10":"product_cat-reproductions-d-armes-et-accessoires-medievales","12":"first","13":"instock","14":"taxable","15":"shipping-taxable","16":"purchasable","17":"product-type-simple"},"yoast_head":"<!-- This site is optimized with the Yoast SEO plugin v27.4 - https:\/\/yoast.com\/product\/yoast-seo-wordpress\/ -->\n<title>Poignard Grec Aphrodite - Dague historique | R\u00e9plique Manga Cin\u00e9<\/title>\n<meta name=\"description\" content=\"Offrez-lui cette dague Poignard Grec Aphrodite. Lame en acier - Garde, pommeau et fourreau en acier d\u00e9cor\u00e9 - Longueur totale : 37 cm - Poids : 642 grs\" \/>\n<meta name=\"robots\" content=\"index, follow, max-snippet:-1, max-image-preview:large, max-video-preview:-1\" \/>\n<link rel=\"canonical\" href=\"https:\/\/repliquemangacine.fr\/es\/dagas-medievales\/daga-griega-afrodita\/\" \/>\n<meta property=\"og:locale\" content=\"es_ES\" \/>\n<meta property=\"og:type\" content=\"article\" \/>\n<meta property=\"og:title\" content=\"Poignard Grec Aphrodite - Dague historique | R\u00e9plique Manga Cin\u00e9\" \/>\n<meta property=\"og:description\" content=\"Offrez-lui cette dague Poignard Grec Aphrodite. Lame en acier - Garde, pommeau et fourreau en acier d\u00e9cor\u00e9 - Longueur totale : 37 cm - Poids : 642 grs\" \/>\n<meta property=\"og:url\" content=\"https:\/\/repliquemangacine.fr\/es\/dagas-medievales\/daga-griega-afrodita\/\" \/>\n<meta property=\"og:site_name\" content=\"R\u00e9plique Manga Cin\u00e9\" \/>\n<meta property=\"article:publisher\" content=\"https:\/\/www.facebook.com\/RepliqueMangaCine\" \/>\n<meta property=\"article:modified_time\" content=\"2025-12-23T12:13:24+00:00\" \/>\n<meta property=\"og:image\" content=\"https:\/\/repliquemangacine.fr\/wp-content\/uploads\/2023\/10\/3221-Dague-poignard-Romain.jpg\" \/>\n\t<meta property=\"og:image:width\" content=\"800\" \/>\n\t<meta property=\"og:image:height\" content=\"800\" \/>\n\t<meta property=\"og:image:type\" content=\"image\/jpeg\" \/>\n<meta name=\"twitter:card\" content=\"summary_large_image\" \/>\n<meta name=\"twitter:label1\" content=\"Tiempo de lectura\" \/>\n\t<meta name=\"twitter:data1\" content=\"1 minuto\" \/>\n<script type=\"application\/ld+json\" class=\"yoast-schema-graph\">{\"@context\":\"https:\\\/\\\/schema.org\",\"@graph\":[{\"@type\":\"WebPage\",\"@id\":\"https:\\\/\\\/repliquemangacine.fr\\\/dagues-medievales\\\/poignard-grec-aphrodite\\\/\",\"url\":\"https:\\\/\\\/repliquemangacine.fr\\\/dagues-medievales\\\/poignard-grec-aphrodite\\\/\",\"name\":\"Poignard Grec Aphrodite - Dague historique | R\u00e9plique Manga Cin\u00e9\",\"isPartOf\":{\"@id\":\"https:\\\/\\\/repliquemangacine.fr\\\/#website\"},\"primaryImageOfPage\":{\"@id\":\"https:\\\/\\\/repliquemangacine.fr\\\/dagues-medievales\\\/poignard-grec-aphrodite\\\/#primaryimage\"},\"image\":{\"@id\":\"https:\\\/\\\/repliquemangacine.fr\\\/dagues-medievales\\\/poignard-grec-aphrodite\\\/#primaryimage\"},\"thumbnailUrl\":\"https:\\\/\\\/repliquemangacine.fr\\\/wp-content\\\/uploads\\\/2023\\\/10\\\/3221-Dague-poignard-Romain.jpg\",\"datePublished\":\"2019-11-06T12:22:35+00:00\",\"dateModified\":\"2025-12-23T12:13:24+00:00\",\"description\":\"Offrez-lui cette dague Poignard Grec Aphrodite. Lame en acier - Garde, pommeau et fourreau en acier d\u00e9cor\u00e9 - Longueur totale : 37 cm - Poids : 642 grs\",\"breadcrumb\":{\"@id\":\"https:\\\/\\\/repliquemangacine.fr\\\/dagues-medievales\\\/poignard-grec-aphrodite\\\/#breadcrumb\"},\"inLanguage\":\"es\",\"potentialAction\":[{\"@type\":\"ReadAction\",\"target\":[\"https:\\\/\\\/repliquemangacine.fr\\\/dagues-medievales\\\/poignard-grec-aphrodite\\\/\"]}]},{\"@type\":\"ImageObject\",\"inLanguage\":\"es\",\"@id\":\"https:\\\/\\\/repliquemangacine.fr\\\/dagues-medievales\\\/poignard-grec-aphrodite\\\/#primaryimage\",\"url\":\"https:\\\/\\\/repliquemangacine.fr\\\/wp-content\\\/uploads\\\/2023\\\/10\\\/3221-Dague-poignard-Romain.jpg\",\"contentUrl\":\"https:\\\/\\\/repliquemangacine.fr\\\/wp-content\\\/uploads\\\/2023\\\/10\\\/3221-Dague-poignard-Romain.jpg\",\"width\":800,\"height\":800,\"caption\":\"Poignard Grec Aphrodite\"},{\"@type\":\"BreadcrumbList\",\"@id\":\"https:\\\/\\\/repliquemangacine.fr\\\/dagues-medievales\\\/poignard-grec-aphrodite\\\/#breadcrumb\",\"itemListElement\":[{\"@type\":\"ListItem\",\"position\":1,\"name\":\"Accueil\",\"item\":\"https:\\\/\\\/repliquemangacine.fr\\\/\"},{\"@type\":\"ListItem\",\"position\":2,\"name\":\"Produits\",\"item\":\"https:\\\/\\\/repliquemangacine.fr\\\/boutique\\\/\"},{\"@type\":\"ListItem\",\"position\":3,\"name\":\"Poignard Grec Aphrodite\"}]},{\"@type\":\"WebSite\",\"@id\":\"https:\\\/\\\/repliquemangacine.fr\\\/#website\",\"url\":\"https:\\\/\\\/repliquemangacine.fr\\\/\",\"name\":\"R\u00e9plique Manga Cin\u00e9\",\"description\":\"\",\"publisher\":{\"@id\":\"https:\\\/\\\/repliquemangacine.fr\\\/#organization\"},\"potentialAction\":[{\"@type\":\"SearchAction\",\"target\":{\"@type\":\"EntryPoint\",\"urlTemplate\":\"https:\\\/\\\/repliquemangacine.fr\\\/?s={search_term_string}\"},\"query-input\":{\"@type\":\"PropertyValueSpecification\",\"valueRequired\":true,\"valueName\":\"search_term_string\"}}],\"inLanguage\":\"es\"},{\"@type\":\"Organization\",\"@id\":\"https:\\\/\\\/repliquemangacine.fr\\\/#organization\",\"name\":\"R\u00e9plique Manga Cin\u00e9\",\"url\":\"https:\\\/\\\/repliquemangacine.fr\\\/\",\"logo\":{\"@type\":\"ImageObject\",\"inLanguage\":\"es\",\"@id\":\"https:\\\/\\\/repliquemangacine.fr\\\/#\\\/schema\\\/logo\\\/image\\\/\",\"url\":\"https:\\\/\\\/repliquemangacine.fr\\\/wp-content\\\/uploads\\\/2023\\\/10\\\/RMC-500250.png\",\"contentUrl\":\"https:\\\/\\\/repliquemangacine.fr\\\/wp-content\\\/uploads\\\/2023\\\/10\\\/RMC-500250.png\",\"width\":500,\"height\":250,\"caption\":\"R\u00e9plique Manga Cin\u00e9\"},\"image\":{\"@id\":\"https:\\\/\\\/repliquemangacine.fr\\\/#\\\/schema\\\/logo\\\/image\\\/\"},\"sameAs\":[\"https:\\\/\\\/www.facebook.com\\\/RepliqueMangaCine\",\"https:\\\/\\\/www.instagram.com\\\/repliquemangacine.fr\\\/\"]}]}<\/script>\n<!-- \/ Yoast SEO plugin. -->","yoast_head_json":{"title":"Daga griega Afrodita - Daga hist\u00f3rica | R\u00e9plique Manga Cin\u00e9","description":"Reg\u00e1lale esta daga griega de Afrodita. Hoja de acero - Empu\u00f1adura, pomo y vaina de acero decorado - Longitud total: 37 cm - Peso: 642 grs.","robots":{"index":"index","follow":"follow","max-snippet":"max-snippet:-1","max-image-preview":"max-image-preview:large","max-video-preview":"max-video-preview:-1"},"canonical":"https:\/\/repliquemangacine.fr\/es\/dagas-medievales\/daga-griega-afrodita\/","og_locale":"es_ES","og_type":"article","og_title":"Poignard Grec Aphrodite - Dague historique | R\u00e9plique Manga Cin\u00e9","og_description":"Offrez-lui cette dague Poignard Grec Aphrodite. Lame en acier - Garde, pommeau et fourreau en acier d\u00e9cor\u00e9 - Longueur totale : 37 cm - Poids : 642 grs","og_url":"https:\/\/repliquemangacine.fr\/es\/dagas-medievales\/daga-griega-afrodita\/","og_site_name":"R\u00e9plique Manga Cin\u00e9","article_publisher":"https:\/\/www.facebook.com\/RepliqueMangaCine","article_modified_time":"2025-12-23T12:13:24+00:00","og_image":[{"width":800,"height":800,"url":"https:\/\/repliquemangacine.fr\/wp-content\/uploads\/2023\/10\/3221-Dague-poignard-Romain.jpg","type":"image\/jpeg"}],"twitter_card":"summary_large_image","twitter_misc":{"Tiempo de lectura":"1 minuto"},"schema":{"@context":"https:\/\/schema.org","@graph":[{"@type":"WebPage","@id":"https:\/\/repliquemangacine.fr\/dagues-medievales\/poignard-grec-aphrodite\/","url":"https:\/\/repliquemangacine.fr\/dagues-medievales\/poignard-grec-aphrodite\/","name":"Daga griega Afrodita - Daga hist\u00f3rica | R\u00e9plique Manga Cin\u00e9","isPartOf":{"@id":"https:\/\/repliquemangacine.fr\/#website"},"primaryImageOfPage":{"@id":"https:\/\/repliquemangacine.fr\/dagues-medievales\/poignard-grec-aphrodite\/#primaryimage"},"image":{"@id":"https:\/\/repliquemangacine.fr\/dagues-medievales\/poignard-grec-aphrodite\/#primaryimage"},"thumbnailUrl":"https:\/\/repliquemangacine.fr\/wp-content\/uploads\/2023\/10\/3221-Dague-poignard-Romain.jpg","datePublished":"2019-11-06T12:22:35+00:00","dateModified":"2025-12-23T12:13:24+00:00","description":"Reg\u00e1lale esta daga griega de Afrodita. Hoja de acero - Empu\u00f1adura, pomo y vaina de acero decorado - Longitud total: 37 cm - Peso: 642 grs.","breadcrumb":{"@id":"https:\/\/repliquemangacine.fr\/dagues-medievales\/poignard-grec-aphrodite\/#breadcrumb"},"inLanguage":"es","potentialAction":[{"@type":"ReadAction","target":["https:\/\/repliquemangacine.fr\/dagues-medievales\/poignard-grec-aphrodite\/"]}]},{"@type":"ImageObject","inLanguage":"es","@id":"https:\/\/repliquemangacine.fr\/dagues-medievales\/poignard-grec-aphrodite\/#primaryimage","url":"https:\/\/repliquemangacine.fr\/wp-content\/uploads\/2023\/10\/3221-Dague-poignard-Romain.jpg","contentUrl":"https:\/\/repliquemangacine.fr\/wp-content\/uploads\/2023\/10\/3221-Dague-poignard-Romain.jpg","width":800,"height":800,"caption":"Poignard Grec Aphrodite"},{"@type":"BreadcrumbList","@id":"https:\/\/repliquemangacine.fr\/dagues-medievales\/poignard-grec-aphrodite\/#breadcrumb","itemListElement":[{"@type":"ListItem","position":1,"name":"Accueil","item":"https:\/\/repliquemangacine.fr\/"},{"@type":"ListItem","position":2,"name":"Produits","item":"https:\/\/repliquemangacine.fr\/boutique\/"},{"@type":"ListItem","position":3,"name":"Poignard Grec Aphrodite"}]},{"@type":"WebSite","@id":"https:\/\/repliquemangacine.fr\/#website","url":"https:\/\/repliquemangacine.fr\/","name":"R\u00e9plique Manga Cin\u00e9","description":"","publisher":{"@id":"https:\/\/repliquemangacine.fr\/#organization"},"potentialAction":[{"@type":"SearchAction","target":{"@type":"EntryPoint","urlTemplate":"https:\/\/repliquemangacine.fr\/?s={search_term_string}"},"query-input":{"@type":"PropertyValueSpecification","valueRequired":true,"valueName":"search_term_string"}}],"inLanguage":"es"},{"@type":"Organization","@id":"https:\/\/repliquemangacine.fr\/#organization","name":"R\u00e9plique Manga Cin\u00e9","url":"https:\/\/repliquemangacine.fr\/","logo":{"@type":"ImageObject","inLanguage":"es","@id":"https:\/\/repliquemangacine.fr\/#\/schema\/logo\/image\/","url":"https:\/\/repliquemangacine.fr\/wp-content\/uploads\/2023\/10\/RMC-500250.png","contentUrl":"https:\/\/repliquemangacine.fr\/wp-content\/uploads\/2023\/10\/RMC-500250.png","width":500,"height":250,"caption":"R\u00e9plique Manga Cin\u00e9"},"image":{"@id":"https:\/\/repliquemangacine.fr\/#\/schema\/logo\/image\/"},"sameAs":["https:\/\/www.facebook.com\/RepliqueMangaCine","https:\/\/www.instagram.com\/repliquemangacine.fr\/"]}]}},"_links":{"self":[{"href":"https:\/\/repliquemangacine.fr\/es\/wp-json\/wp\/v2\/product\/28520","targetHints":{"allow":["GET"]}}],"collection":[{"href":"https:\/\/repliquemangacine.fr\/es\/wp-json\/wp\/v2\/product"}],"about":[{"href":"https:\/\/repliquemangacine.fr\/es\/wp-json\/wp\/v2\/types\/product"}],"wp:featuredmedia":[{"embeddable":true,"href":"https:\/\/repliquemangacine.fr\/es\/wp-json\/wp\/v2\/media\/28521"}],"wp:attachment":[{"href":"https:\/\/repliquemangacine.fr\/es\/wp-json\/wp\/v2\/media?parent=28520"}],"wp:term":[{"taxonomy":"product_brand","embeddable":true,"href":"https:\/\/repliquemangacine.fr\/es\/wp-json\/wp\/v2\/product_brand?post=28520"},{"taxonomy":"product_cat","embeddable":true,"href":"https:\/\/repliquemangacine.fr\/es\/wp-json\/wp\/v2\/product_cat?post=28520"},{"taxonomy":"product_tag","embeddable":true,"href":"https:\/\/repliquemangacine.fr\/es\/wp-json\/wp\/v2\/product_tag?post=28520"}],"curies":[{"name":"wp","href":"https:\/\/api.w.org\/{rel}","templated":true}]}}