





{"id":28515,"date":"2019-11-06T12:18:16","date_gmt":"2019-11-06T11:18:16","guid":{"rendered":"https:\/\/repliquemangacine.fr\/?post_type=product&#038;p=28515"},"modified":"2026-03-07T09:57:20","modified_gmt":"2026-03-07T08:57:20","slug":"daga-romana-s-p-q-r","status":"publish","type":"product","link":"https:\/\/repliquemangacine.fr\/es\/dagues-medievales\/dague-poignard-romain-s-p-q-r\/","title":{"rendered":"Daga romana S.P.Q.R"},"content":{"rendered":"<h2>R\u00e9plica de la daga romana S.P.Q.R<\/h2>\n<p>Para empezar, esta daga <strong>Daga romana S.P.Q.R<\/strong> destaca por su acabado.<\/p>\n<p>S.P.Q.R Senatus populusque Romanusa es un lema en lat\u00edn que significa \u201cEl Senado y el pueblo romano\u201d. Abreviado con las siglas SPQR, es el emblema de la Rep\u00fablica romana y, por tradici\u00f3n, de la\u2019<a href=\"https:\/\/www.visitonsrome.com\/empire-romain\" target=\"_blank\" rel=\"noopener noreferrer\">Imperio Romano<\/a>.<\/p>\n<p>Estas cuatro letras representaban el poder pol\u00edtico romano. Hoy en d\u00eda siguen siendo el s\u00edmbolo de la ciudad de Roma. De hecho, las letras SPQR siguen formando parte del escudo de la ciudad de Roma. Aparecen en los edificios, las alcantarillas, las bocas de incendio y las obras p\u00fablicas de la ciudad.<\/p>\n<h2>Tu Daga Romana SPQR al mejor precio.<\/h2>\n<p>Le ofrecemos una amplia selecci\u00f3n de r\u00e9plicas de la \u00e9poca antigua.<\/p>\n<p>Lo primero y m\u00e1s importante,<\/p>\n<ul>\n<li>Todos <a href=\"https:\/\/repliquemangacine.fr\/es\/espadas-espada\/juego-de-dos-espadas-romanas\/\">dos espadas romanas<\/a> inspirado en la pel\u00edcula Espartaco.<\/li>\n<li>Pero tambi\u00e9n, Le <a href=\"https:\/\/repliquemangacine.fr\/es\/espadas-espada\/mainz-gladius-tiber-espada\/\">Gladius de Maguncia<\/a> o espada de Tiberio, famosa espada romana hallada en el Rin, cerca de Maguncia, en Alemania.<\/li>\n<li>Y muchos m\u00e1s por descubrir en nuestra tienda en l\u00ednea.<\/li>\n<\/ul>\n<p>Por eso, esta es una magn\u00edfica idea de regalo para todos los apasionados de la \u00e9poca de los gladiadores.<\/p>\n<p>En conclusi\u00f3n, tambi\u00e9n puedes usar esta daga. <strong>Daga romana S.P.Q.R<\/strong> para sus recreaciones hist\u00f3ricas o decoraci\u00f3n de interiores. Pero, sobre todo, es una pieza de coleccionista y un objeto decorativo.<\/p>\n<h2>\u00bfC\u00f3mo mantengo la hoja de mi daga?<\/h2>\n<p>Las dagas de colecci\u00f3n y decorativas se fabrican y ensamblan de forma simplificada. Como su uso es decorativo, no cuentan con los elementos de seguridad exigidos para un sable japon\u00e9s destinado al entrenamiento.<\/p>\n<p>Sin embargo, su <strong>Daga romana S.P.Q.R<\/strong> a una hoja de acero que hay que mantener para evitar que se da\u00f1e con el tiempo. Cuando muestres tu daga, tus amigos sentir\u00e1n curiosidad por ver la hoja y tocarla. Aqu\u00ed es donde hay que tener cuidado, porque la acidez de los dedos es muy perjudicial para el acero, sea cual sea su calidad.<\/p>\n<p>Sin embargo, si esto ocurre, no te asustes, simplemente utiliza un pa\u00f1o humedecido con un poco de aceite y limpia las huellas dactilares. Si haces esto, tu daga durar\u00e1 mucho tiempo.<\/p>","protected":false},"excerpt":{"rendered":"<p>Sublime reproducci\u00f3n de una daga romana.<\/p>\n<ul>\n<li>Hoja de acero 440 serigrafiada con el logo SPQR.<\/li>\n<li>Cabeza de \u00e1guila imperial, emblema del C\u00e9sar.<\/li>\n<li>La empu\u00f1adura y el mango son de metal decorado.<\/li>\n<li>Vaina de acero finamente decorada.<\/li>\n<li>Longitud hoja: 20 cm - Longitud total: 34,5 cm - Peso: 595 Grs<\/li>\n<\/ul>","protected":false},"featured_media":28516,"template":"","meta":[],"product_brand":[896],"product_cat":[31,25,93,43],"product_tag":[],"class_list":{"0":"post-28515","1":"product","2":"type-product","3":"status-publish","4":"has-post-thumbnail","6":"product_brand-replique-manga-cine","7":"product_cat-armes-antiques","8":"product_cat-armes-historiques","9":"product_cat-dagues-medievales","10":"product_cat-reproductions-d-armes-et-accessoires-medievales","12":"first","13":"instock","14":"taxable","15":"shipping-taxable","16":"purchasable","17":"product-type-simple"},"yoast_head":"<!-- This site is optimized with the Yoast SEO plugin v27.4 - https:\/\/yoast.com\/product\/yoast-seo-wordpress\/ -->\n<title>Poignard Romain S.P.Q.R - Pugio Dague - R\u00e9plique Manga Cin\u00e9<\/title>\n<meta name=\"description\" content=\"Venez d\u00e9couvrir le Poignard Romain S.P.Q.R au meilleur prix - Lame acier avec sigle - Pommeau t\u00eate d&#039;aigle - Fourreau acier d\u00e9cor\u00e9 - Longueur : 34.5 cm\" \/>\n<meta name=\"robots\" content=\"index, follow, max-snippet:-1, max-image-preview:large, max-video-preview:-1\" \/>\n<link rel=\"canonical\" href=\"https:\/\/repliquemangacine.fr\/es\/dagas-medievales\/daga-romana-s-p-q-r\/\" \/>\n<meta property=\"og:locale\" content=\"es_ES\" \/>\n<meta property=\"og:type\" content=\"article\" \/>\n<meta property=\"og:title\" content=\"Poignard Romain S.P.Q.R - Pugio Dague - R\u00e9plique Manga Cin\u00e9\" \/>\n<meta property=\"og:description\" content=\"Venez d\u00e9couvrir le Poignard Romain S.P.Q.R au meilleur prix - Lame acier avec sigle - Pommeau t\u00eate d&#039;aigle - Fourreau acier d\u00e9cor\u00e9 - Longueur : 34.5 cm\" \/>\n<meta property=\"og:url\" content=\"https:\/\/repliquemangacine.fr\/es\/dagas-medievales\/daga-romana-s-p-q-r\/\" \/>\n<meta property=\"og:site_name\" content=\"R\u00e9plique Manga Cin\u00e9\" \/>\n<meta property=\"article:publisher\" content=\"https:\/\/www.facebook.com\/RepliqueMangaCine\" \/>\n<meta property=\"article:modified_time\" content=\"2026-03-07T08:57:20+00:00\" \/>\n<meta property=\"og:image\" content=\"https:\/\/repliquemangacine.fr\/wp-content\/uploads\/2023\/10\/3219-Dague-poignard-Romain.jpg\" \/>\n\t<meta property=\"og:image:width\" content=\"800\" \/>\n\t<meta property=\"og:image:height\" content=\"800\" \/>\n\t<meta property=\"og:image:type\" content=\"image\/jpeg\" \/>\n<meta name=\"twitter:card\" content=\"summary_large_image\" \/>\n<meta name=\"twitter:label1\" content=\"Tiempo de lectura\" \/>\n\t<meta name=\"twitter:data1\" content=\"2 minutos\" \/>\n<script type=\"application\/ld+json\" class=\"yoast-schema-graph\">{\"@context\":\"https:\\\/\\\/schema.org\",\"@graph\":[{\"@type\":\"WebPage\",\"@id\":\"https:\\\/\\\/repliquemangacine.fr\\\/dagues-medievales\\\/dague-poignard-romain-s-p-q-r\\\/\",\"url\":\"https:\\\/\\\/repliquemangacine.fr\\\/dagues-medievales\\\/dague-poignard-romain-s-p-q-r\\\/\",\"name\":\"Poignard Romain S.P.Q.R - Pugio Dague - R\u00e9plique Manga Cin\u00e9\",\"isPartOf\":{\"@id\":\"https:\\\/\\\/repliquemangacine.fr\\\/#website\"},\"primaryImageOfPage\":{\"@id\":\"https:\\\/\\\/repliquemangacine.fr\\\/dagues-medievales\\\/dague-poignard-romain-s-p-q-r\\\/#primaryimage\"},\"image\":{\"@id\":\"https:\\\/\\\/repliquemangacine.fr\\\/dagues-medievales\\\/dague-poignard-romain-s-p-q-r\\\/#primaryimage\"},\"thumbnailUrl\":\"https:\\\/\\\/repliquemangacine.fr\\\/wp-content\\\/uploads\\\/2023\\\/10\\\/3219-Dague-poignard-Romain.jpg\",\"datePublished\":\"2019-11-06T11:18:16+00:00\",\"dateModified\":\"2026-03-07T08:57:20+00:00\",\"description\":\"Venez d\u00e9couvrir le Poignard Romain S.P.Q.R au meilleur prix - Lame acier avec sigle - Pommeau t\u00eate d'aigle - Fourreau acier d\u00e9cor\u00e9 - Longueur : 34.5 cm\",\"breadcrumb\":{\"@id\":\"https:\\\/\\\/repliquemangacine.fr\\\/dagues-medievales\\\/dague-poignard-romain-s-p-q-r\\\/#breadcrumb\"},\"inLanguage\":\"es\",\"potentialAction\":[{\"@type\":\"ReadAction\",\"target\":[\"https:\\\/\\\/repliquemangacine.fr\\\/dagues-medievales\\\/dague-poignard-romain-s-p-q-r\\\/\"]}]},{\"@type\":\"ImageObject\",\"inLanguage\":\"es\",\"@id\":\"https:\\\/\\\/repliquemangacine.fr\\\/dagues-medievales\\\/dague-poignard-romain-s-p-q-r\\\/#primaryimage\",\"url\":\"https:\\\/\\\/repliquemangacine.fr\\\/wp-content\\\/uploads\\\/2023\\\/10\\\/3219-Dague-poignard-Romain.jpg\",\"contentUrl\":\"https:\\\/\\\/repliquemangacine.fr\\\/wp-content\\\/uploads\\\/2023\\\/10\\\/3219-Dague-poignard-Romain.jpg\",\"width\":800,\"height\":800,\"caption\":\"Dague poignard Romain\"},{\"@type\":\"BreadcrumbList\",\"@id\":\"https:\\\/\\\/repliquemangacine.fr\\\/dagues-medievales\\\/dague-poignard-romain-s-p-q-r\\\/#breadcrumb\",\"itemListElement\":[{\"@type\":\"ListItem\",\"position\":1,\"name\":\"Accueil\",\"item\":\"https:\\\/\\\/repliquemangacine.fr\\\/\"},{\"@type\":\"ListItem\",\"position\":2,\"name\":\"Produits\",\"item\":\"https:\\\/\\\/repliquemangacine.fr\\\/boutique\\\/\"},{\"@type\":\"ListItem\",\"position\":3,\"name\":\"Poignard Romain S.P.Q.R\"}]},{\"@type\":\"WebSite\",\"@id\":\"https:\\\/\\\/repliquemangacine.fr\\\/#website\",\"url\":\"https:\\\/\\\/repliquemangacine.fr\\\/\",\"name\":\"R\u00e9plique Manga Cin\u00e9\",\"description\":\"\",\"publisher\":{\"@id\":\"https:\\\/\\\/repliquemangacine.fr\\\/#organization\"},\"potentialAction\":[{\"@type\":\"SearchAction\",\"target\":{\"@type\":\"EntryPoint\",\"urlTemplate\":\"https:\\\/\\\/repliquemangacine.fr\\\/?s={search_term_string}\"},\"query-input\":{\"@type\":\"PropertyValueSpecification\",\"valueRequired\":true,\"valueName\":\"search_term_string\"}}],\"inLanguage\":\"es\"},{\"@type\":\"Organization\",\"@id\":\"https:\\\/\\\/repliquemangacine.fr\\\/#organization\",\"name\":\"R\u00e9plique Manga Cin\u00e9\",\"url\":\"https:\\\/\\\/repliquemangacine.fr\\\/\",\"logo\":{\"@type\":\"ImageObject\",\"inLanguage\":\"es\",\"@id\":\"https:\\\/\\\/repliquemangacine.fr\\\/#\\\/schema\\\/logo\\\/image\\\/\",\"url\":\"https:\\\/\\\/repliquemangacine.fr\\\/wp-content\\\/uploads\\\/2023\\\/10\\\/RMC-500250.png\",\"contentUrl\":\"https:\\\/\\\/repliquemangacine.fr\\\/wp-content\\\/uploads\\\/2023\\\/10\\\/RMC-500250.png\",\"width\":500,\"height\":250,\"caption\":\"R\u00e9plique Manga Cin\u00e9\"},\"image\":{\"@id\":\"https:\\\/\\\/repliquemangacine.fr\\\/#\\\/schema\\\/logo\\\/image\\\/\"},\"sameAs\":[\"https:\\\/\\\/www.facebook.com\\\/RepliqueMangaCine\",\"https:\\\/\\\/www.instagram.com\\\/repliquemangacine.fr\\\/\"]}]}<\/script>\n<!-- \/ Yoast SEO plugin. -->","yoast_head_json":{"title":"Pu\u00f1al romano S.P.Q.R - Pugio Dague - R\u00e9plique Manga Cin\u00e9","description":"Venga a descubrir la daga romana S.P.Q.R al mejor precio - Hoja de acero con iniciales - Pomo con cabeza de \u00e1guila - Vaina de acero decorada - Longitud: 34,5 cm","robots":{"index":"index","follow":"follow","max-snippet":"max-snippet:-1","max-image-preview":"max-image-preview:large","max-video-preview":"max-video-preview:-1"},"canonical":"https:\/\/repliquemangacine.fr\/es\/dagas-medievales\/daga-romana-s-p-q-r\/","og_locale":"es_ES","og_type":"article","og_title":"Poignard Romain S.P.Q.R - Pugio Dague - R\u00e9plique Manga Cin\u00e9","og_description":"Venez d\u00e9couvrir le Poignard Romain S.P.Q.R au meilleur prix - Lame acier avec sigle - Pommeau t\u00eate d'aigle - Fourreau acier d\u00e9cor\u00e9 - Longueur : 34.5 cm","og_url":"https:\/\/repliquemangacine.fr\/es\/dagas-medievales\/daga-romana-s-p-q-r\/","og_site_name":"R\u00e9plique Manga Cin\u00e9","article_publisher":"https:\/\/www.facebook.com\/RepliqueMangaCine","article_modified_time":"2026-03-07T08:57:20+00:00","og_image":[{"width":800,"height":800,"url":"https:\/\/repliquemangacine.fr\/wp-content\/uploads\/2023\/10\/3219-Dague-poignard-Romain.jpg","type":"image\/jpeg"}],"twitter_card":"summary_large_image","twitter_misc":{"Tiempo de lectura":"2 minutos"},"schema":{"@context":"https:\/\/schema.org","@graph":[{"@type":"WebPage","@id":"https:\/\/repliquemangacine.fr\/dagues-medievales\/dague-poignard-romain-s-p-q-r\/","url":"https:\/\/repliquemangacine.fr\/dagues-medievales\/dague-poignard-romain-s-p-q-r\/","name":"Pu\u00f1al romano S.P.Q.R - Pugio Dague - R\u00e9plique Manga Cin\u00e9","isPartOf":{"@id":"https:\/\/repliquemangacine.fr\/#website"},"primaryImageOfPage":{"@id":"https:\/\/repliquemangacine.fr\/dagues-medievales\/dague-poignard-romain-s-p-q-r\/#primaryimage"},"image":{"@id":"https:\/\/repliquemangacine.fr\/dagues-medievales\/dague-poignard-romain-s-p-q-r\/#primaryimage"},"thumbnailUrl":"https:\/\/repliquemangacine.fr\/wp-content\/uploads\/2023\/10\/3219-Dague-poignard-Romain.jpg","datePublished":"2019-11-06T11:18:16+00:00","dateModified":"2026-03-07T08:57:20+00:00","description":"Venga a descubrir la daga romana S.P.Q.R al mejor precio - Hoja de acero con iniciales - Pomo con cabeza de \u00e1guila - Vaina de acero decorada - Longitud: 34,5 cm","breadcrumb":{"@id":"https:\/\/repliquemangacine.fr\/dagues-medievales\/dague-poignard-romain-s-p-q-r\/#breadcrumb"},"inLanguage":"es","potentialAction":[{"@type":"ReadAction","target":["https:\/\/repliquemangacine.fr\/dagues-medievales\/dague-poignard-romain-s-p-q-r\/"]}]},{"@type":"ImageObject","inLanguage":"es","@id":"https:\/\/repliquemangacine.fr\/dagues-medievales\/dague-poignard-romain-s-p-q-r\/#primaryimage","url":"https:\/\/repliquemangacine.fr\/wp-content\/uploads\/2023\/10\/3219-Dague-poignard-Romain.jpg","contentUrl":"https:\/\/repliquemangacine.fr\/wp-content\/uploads\/2023\/10\/3219-Dague-poignard-Romain.jpg","width":800,"height":800,"caption":"Dague poignard Romain"},{"@type":"BreadcrumbList","@id":"https:\/\/repliquemangacine.fr\/dagues-medievales\/dague-poignard-romain-s-p-q-r\/#breadcrumb","itemListElement":[{"@type":"ListItem","position":1,"name":"Accueil","item":"https:\/\/repliquemangacine.fr\/"},{"@type":"ListItem","position":2,"name":"Produits","item":"https:\/\/repliquemangacine.fr\/boutique\/"},{"@type":"ListItem","position":3,"name":"Poignard Romain S.P.Q.R"}]},{"@type":"WebSite","@id":"https:\/\/repliquemangacine.fr\/#website","url":"https:\/\/repliquemangacine.fr\/","name":"R\u00e9plique Manga Cin\u00e9","description":"","publisher":{"@id":"https:\/\/repliquemangacine.fr\/#organization"},"potentialAction":[{"@type":"SearchAction","target":{"@type":"EntryPoint","urlTemplate":"https:\/\/repliquemangacine.fr\/?s={search_term_string}"},"query-input":{"@type":"PropertyValueSpecification","valueRequired":true,"valueName":"search_term_string"}}],"inLanguage":"es"},{"@type":"Organization","@id":"https:\/\/repliquemangacine.fr\/#organization","name":"R\u00e9plique Manga Cin\u00e9","url":"https:\/\/repliquemangacine.fr\/","logo":{"@type":"ImageObject","inLanguage":"es","@id":"https:\/\/repliquemangacine.fr\/#\/schema\/logo\/image\/","url":"https:\/\/repliquemangacine.fr\/wp-content\/uploads\/2023\/10\/RMC-500250.png","contentUrl":"https:\/\/repliquemangacine.fr\/wp-content\/uploads\/2023\/10\/RMC-500250.png","width":500,"height":250,"caption":"R\u00e9plique Manga Cin\u00e9"},"image":{"@id":"https:\/\/repliquemangacine.fr\/#\/schema\/logo\/image\/"},"sameAs":["https:\/\/www.facebook.com\/RepliqueMangaCine","https:\/\/www.instagram.com\/repliquemangacine.fr\/"]}]}},"_links":{"self":[{"href":"https:\/\/repliquemangacine.fr\/es\/wp-json\/wp\/v2\/product\/28515","targetHints":{"allow":["GET"]}}],"collection":[{"href":"https:\/\/repliquemangacine.fr\/es\/wp-json\/wp\/v2\/product"}],"about":[{"href":"https:\/\/repliquemangacine.fr\/es\/wp-json\/wp\/v2\/types\/product"}],"wp:featuredmedia":[{"embeddable":true,"href":"https:\/\/repliquemangacine.fr\/es\/wp-json\/wp\/v2\/media\/28516"}],"wp:attachment":[{"href":"https:\/\/repliquemangacine.fr\/es\/wp-json\/wp\/v2\/media?parent=28515"}],"wp:term":[{"taxonomy":"product_brand","embeddable":true,"href":"https:\/\/repliquemangacine.fr\/es\/wp-json\/wp\/v2\/product_brand?post=28515"},{"taxonomy":"product_cat","embeddable":true,"href":"https:\/\/repliquemangacine.fr\/es\/wp-json\/wp\/v2\/product_cat?post=28515"},{"taxonomy":"product_tag","embeddable":true,"href":"https:\/\/repliquemangacine.fr\/es\/wp-json\/wp\/v2\/product_tag?post=28515"}],"curies":[{"name":"wp","href":"https:\/\/api.w.org\/{rel}","templated":true}]}}