





{"id":28506,"date":"2019-10-27T19:39:12","date_gmt":"2019-10-27T18:39:12","guid":{"rendered":"https:\/\/repliquemangacine.fr\/?post_type=product&#038;p=28506"},"modified":"2026-01-09T11:04:10","modified_gmt":"2026-01-09T10:04:10","slug":"espada-de-hielo-rey-de-la-noche","status":"publish","type":"product","link":"https:\/\/repliquemangacine.fr\/es\/epees-game-of-thrones\/epee-de-glace-roi-de-la-nuit\/","title":{"rendered":"Cuchilla del Rey de la Noche"},"content":{"rendered":"<h2>R\u00e9plica id\u00e9ntica de la espada del Rey de la Noche de la serie de culto Juego de Tronos.<\/h2>\n<p>La Lame Roi de la nuit es absolutamente extraordinaria en su dise\u00f1o.<\/p>\n<p>Las criaturas m\u00e1s temidas de Poniente, que suponen una amenaza para todo lo que vive, los Caminantes Blancos del g\u00e9lido norte tienen miles de a\u00f1os. Nacidos de una poderosa magia sin precedentes, se crearon para proteger a los Hijos del Bosque de los Primeros Hombres, que les hab\u00edan hecho la guerra desde su llegada de Essos. Estas criaturas utilizan armas m\u00e1gicas de hielo m\u00e1s fuertes que el acero e impermeables a otras armas.<\/p>\n<p>El Rey de la Noche es el primer Caminante Blanco creado por los Hijos del Bosque. Se aleja de ellos con el apoyo de sus hermanos. Se propone aniquilar toda forma de vida gracias al Ej\u00e9rcito de los Muertos que dirige. Para ello, inicia una marcha desde las Tierras del Invierno Eterno hacia el sur de Poniente. Cuando est\u00e1 a punto de conquistar Invernalia, Arya Stark lo mata clav\u00e1ndole una daga en <a href=\"https:\/\/gameofthrones.fandom.com\/fr\/wiki\/Acier_valyrien\">Acero valyrio<\/a> en el pecho.<\/p>\n<h3>Te traemos todas las r\u00e9plicas de las espadas de tus h\u00e9roes favoritos de Juego de Tronos.<\/h3>\n<p>Lo primero y m\u00e1s importante,<\/p>\n<ul>\n<li>L'<a href=\"https:\/\/repliquemangacine.fr\/es\/espadas-de-juego-de-tronos\/epee-needle-arya-stark-game-of-thrones-2\/\">espada aguja arya<\/a> Stark que le dio Jon Nieve.<\/li>\n<li>Pero tambi\u00e9n la<a href=\"https:\/\/repliquemangacine.fr\/es\/espadas-de-juego-de-tronos\/epee-pleurs-de-veuve-epee-du-roi-joffrey-juego-de-tronos\/\">La viuda del rey Joffre llorando espada<\/a>y.<\/li>\n<li>As\u00ed como <a href=\"https:\/\/repliquemangacine.fr\/es\/joyas-de-coleccion\/rhaegal-huevo-juego-de-tronos\/\">huevos de drag\u00f3n<\/a> de Daenerys.<\/li>\n<li>Y muchos m\u00e1s...<\/li>\n<\/ul>\n<p>Es una gran idea de regalo para los fans de Juego de Tronos.<\/p>\n<h3>Puedes utilizar el Night King Blade para tus desfiles de cosplay o noches tem\u00e1ticas.<\/h3>\n<p>Sobre todo, es una pieza de coleccionista y decorativa.<\/p>\n<p><strong>Tenga en cuenta que todas nuestras r\u00e9plicas son objetos de colecci\u00f3n y decoraci\u00f3n. Puede utilizarlas para recreaciones hist\u00f3ricas, desfiles de cosplay o decoraci\u00f3n de interiores. En consecuencia, no es posible acudir a lugares p\u00fablicos con estas r\u00e9plicas.<\/strong><\/p>","protected":false},"excerpt":{"rendered":"<p>\u00a1En exclusiva para R\u00e9plique Manga Cin\u00e9!<\/p>\n<ul>\n<li>Una magn\u00edfica r\u00e9plica no oficial de la Hoja de Hielo, la espada del Rey de la Noche.<\/li>\n<li>Fabricado \u00edntegramente en resina acr\u00edlica, ligero y transparente.<\/li>\n<li>La ilusi\u00f3n es perfecta: es dif\u00edcil distinguir a simple vista que no es hielo de verdad.<\/li>\n<li>Su hoja ancha y plana se estrecha hasta la punta.<\/li>\n<li>El asa est\u00e1 rodeada de polipiel beige.<\/li>\n<li>Los flecos se han volteado como el ante, para mayor realismo, y los flecos son tambi\u00e9n de distintos tama\u00f1os.<\/li>\n<li>Longitud de la hoja: 62 cm - Longitud total: 105 cm<\/li>\n<\/ul>\n<p><strong>\u00a0<\/strong><\/p>","protected":false},"featured_media":28507,"template":"","meta":[],"product_brand":[896],"product_cat":[72,24,47],"product_tag":[],"class_list":{"0":"post-28506","1":"product","2":"type-product","3":"status-publish","4":"has-post-thumbnail","6":"product_brand-replique-manga-cine","7":"product_cat-epees-game-of-thrones","8":"product_cat-films-series-tv-vente-de-katana-epee-et-produits-derives","9":"product_cat-game-of-thrones","11":"first","12":"instock","13":"taxable","14":"shipping-taxable","15":"purchasable","16":"product-type-simple"},"yoast_head":"<!-- This site is optimized with the Yoast SEO plugin v27.4 - https:\/\/yoast.com\/product\/yoast-seo-wordpress\/ -->\n<title>Lame Roi de la Nuit - Game of Thrones - R\u00e9plique Manga Cin\u00e9<\/title>\n<meta name=\"description\" content=\"Commandez vite ! La Lame Roi de la Nuit dans Game of Thrones. Cette lame est en r\u00e9sine acrylique transparente comme de la glace. Poign\u00e9e Cuir avec franges\" \/>\n<meta name=\"robots\" content=\"index, follow, max-snippet:-1, max-image-preview:large, max-video-preview:-1\" \/>\n<link rel=\"canonical\" href=\"https:\/\/repliquemangacine.fr\/es\/espadas-de-juego-de-tronos\/espada-de-hielo-rey-de-la-noche\/\" \/>\n<meta property=\"og:locale\" content=\"es_ES\" \/>\n<meta property=\"og:type\" content=\"article\" \/>\n<meta property=\"og:title\" content=\"Lame Roi de la Nuit - Game of Thrones - R\u00e9plique Manga Cin\u00e9\" \/>\n<meta property=\"og:description\" content=\"Commandez vite ! La Lame Roi de la Nuit dans Game of Thrones. Cette lame est en r\u00e9sine acrylique transparente comme de la glace. Poign\u00e9e Cuir avec franges\" \/>\n<meta property=\"og:url\" content=\"https:\/\/repliquemangacine.fr\/es\/espadas-de-juego-de-tronos\/espada-de-hielo-rey-de-la-noche\/\" \/>\n<meta property=\"og:site_name\" content=\"R\u00e9plique Manga Cin\u00e9\" \/>\n<meta property=\"article:publisher\" content=\"https:\/\/www.facebook.com\/RepliqueMangaCine\" \/>\n<meta property=\"article:modified_time\" content=\"2026-01-09T10:04:10+00:00\" \/>\n<meta property=\"og:image\" content=\"https:\/\/repliquemangacine.fr\/wp-content\/uploads\/2023\/10\/3209-Epee-de-Glace-roi-de-la-nuit.jpg\" \/>\n\t<meta property=\"og:image:width\" content=\"800\" \/>\n\t<meta property=\"og:image:height\" content=\"800\" \/>\n\t<meta property=\"og:image:type\" content=\"image\/jpeg\" \/>\n<meta name=\"twitter:card\" content=\"summary_large_image\" \/>\n<meta name=\"twitter:label1\" content=\"Tiempo de lectura\" \/>\n\t<meta name=\"twitter:data1\" content=\"1 minuto\" \/>\n<script type=\"application\/ld+json\" class=\"yoast-schema-graph\">{\"@context\":\"https:\\\/\\\/schema.org\",\"@graph\":[{\"@type\":\"WebPage\",\"@id\":\"https:\\\/\\\/repliquemangacine.fr\\\/epees-game-of-thrones\\\/epee-de-glace-roi-de-la-nuit\\\/\",\"url\":\"https:\\\/\\\/repliquemangacine.fr\\\/epees-game-of-thrones\\\/epee-de-glace-roi-de-la-nuit\\\/\",\"name\":\"Lame Roi de la Nuit - Game of Thrones - R\u00e9plique Manga Cin\u00e9\",\"isPartOf\":{\"@id\":\"https:\\\/\\\/repliquemangacine.fr\\\/#website\"},\"primaryImageOfPage\":{\"@id\":\"https:\\\/\\\/repliquemangacine.fr\\\/epees-game-of-thrones\\\/epee-de-glace-roi-de-la-nuit\\\/#primaryimage\"},\"image\":{\"@id\":\"https:\\\/\\\/repliquemangacine.fr\\\/epees-game-of-thrones\\\/epee-de-glace-roi-de-la-nuit\\\/#primaryimage\"},\"thumbnailUrl\":\"https:\\\/\\\/repliquemangacine.fr\\\/wp-content\\\/uploads\\\/2023\\\/10\\\/3209-Epee-de-Glace-roi-de-la-nuit.jpg\",\"datePublished\":\"2019-10-27T18:39:12+00:00\",\"dateModified\":\"2026-01-09T10:04:10+00:00\",\"description\":\"Commandez vite ! La Lame Roi de la Nuit dans Game of Thrones. Cette lame est en r\u00e9sine acrylique transparente comme de la glace. Poign\u00e9e Cuir avec franges\",\"breadcrumb\":{\"@id\":\"https:\\\/\\\/repliquemangacine.fr\\\/epees-game-of-thrones\\\/epee-de-glace-roi-de-la-nuit\\\/#breadcrumb\"},\"inLanguage\":\"es\",\"potentialAction\":[{\"@type\":\"ReadAction\",\"target\":[\"https:\\\/\\\/repliquemangacine.fr\\\/epees-game-of-thrones\\\/epee-de-glace-roi-de-la-nuit\\\/\"]}]},{\"@type\":\"ImageObject\",\"inLanguage\":\"es\",\"@id\":\"https:\\\/\\\/repliquemangacine.fr\\\/epees-game-of-thrones\\\/epee-de-glace-roi-de-la-nuit\\\/#primaryimage\",\"url\":\"https:\\\/\\\/repliquemangacine.fr\\\/wp-content\\\/uploads\\\/2023\\\/10\\\/3209-Epee-de-Glace-roi-de-la-nuit.jpg\",\"contentUrl\":\"https:\\\/\\\/repliquemangacine.fr\\\/wp-content\\\/uploads\\\/2023\\\/10\\\/3209-Epee-de-Glace-roi-de-la-nuit.jpg\",\"width\":800,\"height\":800,\"caption\":\"Ep\u00e9e de Glace roi de la nuit\"},{\"@type\":\"BreadcrumbList\",\"@id\":\"https:\\\/\\\/repliquemangacine.fr\\\/epees-game-of-thrones\\\/epee-de-glace-roi-de-la-nuit\\\/#breadcrumb\",\"itemListElement\":[{\"@type\":\"ListItem\",\"position\":1,\"name\":\"Accueil\",\"item\":\"https:\\\/\\\/repliquemangacine.fr\\\/\"},{\"@type\":\"ListItem\",\"position\":2,\"name\":\"Produits\",\"item\":\"https:\\\/\\\/repliquemangacine.fr\\\/boutique\\\/\"},{\"@type\":\"ListItem\",\"position\":3,\"name\":\"Lame Roi de la Nuit\"}]},{\"@type\":\"WebSite\",\"@id\":\"https:\\\/\\\/repliquemangacine.fr\\\/#website\",\"url\":\"https:\\\/\\\/repliquemangacine.fr\\\/\",\"name\":\"R\u00e9plique Manga Cin\u00e9\",\"description\":\"\",\"publisher\":{\"@id\":\"https:\\\/\\\/repliquemangacine.fr\\\/#organization\"},\"potentialAction\":[{\"@type\":\"SearchAction\",\"target\":{\"@type\":\"EntryPoint\",\"urlTemplate\":\"https:\\\/\\\/repliquemangacine.fr\\\/?s={search_term_string}\"},\"query-input\":{\"@type\":\"PropertyValueSpecification\",\"valueRequired\":true,\"valueName\":\"search_term_string\"}}],\"inLanguage\":\"es\"},{\"@type\":\"Organization\",\"@id\":\"https:\\\/\\\/repliquemangacine.fr\\\/#organization\",\"name\":\"R\u00e9plique Manga Cin\u00e9\",\"url\":\"https:\\\/\\\/repliquemangacine.fr\\\/\",\"logo\":{\"@type\":\"ImageObject\",\"inLanguage\":\"es\",\"@id\":\"https:\\\/\\\/repliquemangacine.fr\\\/#\\\/schema\\\/logo\\\/image\\\/\",\"url\":\"https:\\\/\\\/repliquemangacine.fr\\\/wp-content\\\/uploads\\\/2023\\\/10\\\/RMC-500250.png\",\"contentUrl\":\"https:\\\/\\\/repliquemangacine.fr\\\/wp-content\\\/uploads\\\/2023\\\/10\\\/RMC-500250.png\",\"width\":500,\"height\":250,\"caption\":\"R\u00e9plique Manga Cin\u00e9\"},\"image\":{\"@id\":\"https:\\\/\\\/repliquemangacine.fr\\\/#\\\/schema\\\/logo\\\/image\\\/\"},\"sameAs\":[\"https:\\\/\\\/www.facebook.com\\\/RepliqueMangaCine\",\"https:\\\/\\\/www.instagram.com\\\/repliquemangacine.fr\\\/\"]}]}<\/script>\n<!-- \/ Yoast SEO plugin. -->","yoast_head_json":{"title":"Espada del Rey de la Noche - Juego de Tronos - R\u00e9plique Manga Cin\u00e9","description":"\u00a1P\u00eddelo ya! La espada del Rey de la Noche de Juego de Tronos. Esta espada est\u00e1 hecha de resina acr\u00edlica transparente como el hielo. Mango de cuero con flecos","robots":{"index":"index","follow":"follow","max-snippet":"max-snippet:-1","max-image-preview":"max-image-preview:large","max-video-preview":"max-video-preview:-1"},"canonical":"https:\/\/repliquemangacine.fr\/es\/espadas-de-juego-de-tronos\/espada-de-hielo-rey-de-la-noche\/","og_locale":"es_ES","og_type":"article","og_title":"Lame Roi de la Nuit - Game of Thrones - R\u00e9plique Manga Cin\u00e9","og_description":"Commandez vite ! La Lame Roi de la Nuit dans Game of Thrones. Cette lame est en r\u00e9sine acrylique transparente comme de la glace. Poign\u00e9e Cuir avec franges","og_url":"https:\/\/repliquemangacine.fr\/es\/espadas-de-juego-de-tronos\/espada-de-hielo-rey-de-la-noche\/","og_site_name":"R\u00e9plique Manga Cin\u00e9","article_publisher":"https:\/\/www.facebook.com\/RepliqueMangaCine","article_modified_time":"2026-01-09T10:04:10+00:00","og_image":[{"width":800,"height":800,"url":"https:\/\/repliquemangacine.fr\/wp-content\/uploads\/2023\/10\/3209-Epee-de-Glace-roi-de-la-nuit.jpg","type":"image\/jpeg"}],"twitter_card":"summary_large_image","twitter_misc":{"Tiempo de lectura":"1 minuto"},"schema":{"@context":"https:\/\/schema.org","@graph":[{"@type":"WebPage","@id":"https:\/\/repliquemangacine.fr\/epees-game-of-thrones\/epee-de-glace-roi-de-la-nuit\/","url":"https:\/\/repliquemangacine.fr\/epees-game-of-thrones\/epee-de-glace-roi-de-la-nuit\/","name":"Espada del Rey de la Noche - Juego de Tronos - R\u00e9plique Manga Cin\u00e9","isPartOf":{"@id":"https:\/\/repliquemangacine.fr\/#website"},"primaryImageOfPage":{"@id":"https:\/\/repliquemangacine.fr\/epees-game-of-thrones\/epee-de-glace-roi-de-la-nuit\/#primaryimage"},"image":{"@id":"https:\/\/repliquemangacine.fr\/epees-game-of-thrones\/epee-de-glace-roi-de-la-nuit\/#primaryimage"},"thumbnailUrl":"https:\/\/repliquemangacine.fr\/wp-content\/uploads\/2023\/10\/3209-Epee-de-Glace-roi-de-la-nuit.jpg","datePublished":"2019-10-27T18:39:12+00:00","dateModified":"2026-01-09T10:04:10+00:00","description":"\u00a1P\u00eddelo ya! La espada del Rey de la Noche de Juego de Tronos. Esta espada est\u00e1 hecha de resina acr\u00edlica transparente como el hielo. Mango de cuero con flecos","breadcrumb":{"@id":"https:\/\/repliquemangacine.fr\/epees-game-of-thrones\/epee-de-glace-roi-de-la-nuit\/#breadcrumb"},"inLanguage":"es","potentialAction":[{"@type":"ReadAction","target":["https:\/\/repliquemangacine.fr\/epees-game-of-thrones\/epee-de-glace-roi-de-la-nuit\/"]}]},{"@type":"ImageObject","inLanguage":"es","@id":"https:\/\/repliquemangacine.fr\/epees-game-of-thrones\/epee-de-glace-roi-de-la-nuit\/#primaryimage","url":"https:\/\/repliquemangacine.fr\/wp-content\/uploads\/2023\/10\/3209-Epee-de-Glace-roi-de-la-nuit.jpg","contentUrl":"https:\/\/repliquemangacine.fr\/wp-content\/uploads\/2023\/10\/3209-Epee-de-Glace-roi-de-la-nuit.jpg","width":800,"height":800,"caption":"Ep\u00e9e de Glace roi de la nuit"},{"@type":"BreadcrumbList","@id":"https:\/\/repliquemangacine.fr\/epees-game-of-thrones\/epee-de-glace-roi-de-la-nuit\/#breadcrumb","itemListElement":[{"@type":"ListItem","position":1,"name":"Accueil","item":"https:\/\/repliquemangacine.fr\/"},{"@type":"ListItem","position":2,"name":"Produits","item":"https:\/\/repliquemangacine.fr\/boutique\/"},{"@type":"ListItem","position":3,"name":"Lame Roi de la Nuit"}]},{"@type":"WebSite","@id":"https:\/\/repliquemangacine.fr\/#website","url":"https:\/\/repliquemangacine.fr\/","name":"R\u00e9plique Manga Cin\u00e9","description":"","publisher":{"@id":"https:\/\/repliquemangacine.fr\/#organization"},"potentialAction":[{"@type":"SearchAction","target":{"@type":"EntryPoint","urlTemplate":"https:\/\/repliquemangacine.fr\/?s={search_term_string}"},"query-input":{"@type":"PropertyValueSpecification","valueRequired":true,"valueName":"search_term_string"}}],"inLanguage":"es"},{"@type":"Organization","@id":"https:\/\/repliquemangacine.fr\/#organization","name":"R\u00e9plique Manga Cin\u00e9","url":"https:\/\/repliquemangacine.fr\/","logo":{"@type":"ImageObject","inLanguage":"es","@id":"https:\/\/repliquemangacine.fr\/#\/schema\/logo\/image\/","url":"https:\/\/repliquemangacine.fr\/wp-content\/uploads\/2023\/10\/RMC-500250.png","contentUrl":"https:\/\/repliquemangacine.fr\/wp-content\/uploads\/2023\/10\/RMC-500250.png","width":500,"height":250,"caption":"R\u00e9plique Manga Cin\u00e9"},"image":{"@id":"https:\/\/repliquemangacine.fr\/#\/schema\/logo\/image\/"},"sameAs":["https:\/\/www.facebook.com\/RepliqueMangaCine","https:\/\/www.instagram.com\/repliquemangacine.fr\/"]}]}},"_links":{"self":[{"href":"https:\/\/repliquemangacine.fr\/es\/wp-json\/wp\/v2\/product\/28506","targetHints":{"allow":["GET"]}}],"collection":[{"href":"https:\/\/repliquemangacine.fr\/es\/wp-json\/wp\/v2\/product"}],"about":[{"href":"https:\/\/repliquemangacine.fr\/es\/wp-json\/wp\/v2\/types\/product"}],"wp:featuredmedia":[{"embeddable":true,"href":"https:\/\/repliquemangacine.fr\/es\/wp-json\/wp\/v2\/media\/28507"}],"wp:attachment":[{"href":"https:\/\/repliquemangacine.fr\/es\/wp-json\/wp\/v2\/media?parent=28506"}],"wp:term":[{"taxonomy":"product_brand","embeddable":true,"href":"https:\/\/repliquemangacine.fr\/es\/wp-json\/wp\/v2\/product_brand?post=28506"},{"taxonomy":"product_cat","embeddable":true,"href":"https:\/\/repliquemangacine.fr\/es\/wp-json\/wp\/v2\/product_cat?post=28506"},{"taxonomy":"product_tag","embeddable":true,"href":"https:\/\/repliquemangacine.fr\/es\/wp-json\/wp\/v2\/product_tag?post=28506"}],"curies":[{"name":"wp","href":"https:\/\/api.w.org\/{rel}","templated":true}]}}