





{"id":28499,"date":"2019-10-27T19:30:22","date_gmt":"2019-10-27T18:30:22","guid":{"rendered":"https:\/\/repliquemangacine.fr\/?post_type=product&#038;p=28499"},"modified":"2026-01-09T11:04:22","modified_gmt":"2026-01-09T10:04:22","slug":"espada-de-hielo-caminantes-blancos","status":"publish","type":"product","link":"https:\/\/repliquemangacine.fr\/es\/epees-game-of-thrones\/epee-de-glace-marcheurs-blancs\/","title":{"rendered":"Hoja de Hielo Caminantes Blancos"},"content":{"rendered":"<h2>R\u00e9plica id\u00e9ntica de los Caminantes Blancos de la serie de culto Juego de Tronos.<\/h2>\n<p>La Lame de Glace Marcheurs Blancs es absolutamente extraordinaria en su dise\u00f1o.<\/p>\n<p>Las criaturas m\u00e1s temidas de Poniente, que suponen una amenaza para todo lo que vive, los Caminantes Blancos del g\u00e9lido norte tienen miles de a\u00f1os. Nacidos de una poderosa magia sin precedentes, se crearon para proteger a los Hijos del Bosque de los Primeros Hombres, que les hab\u00edan hecho la guerra desde su llegada de Essos. Estas criaturas utilizan armas m\u00e1gicas de hielo m\u00e1s fuertes que el acero e impermeables a otras armas.<\/p>\n<p>Los Caminantes Blancos tienen el mismo aspecto que los humanos, salvo por su piel gris clara y su cabello blanco. Sus ojos son de un azul g\u00e9lido, como los del Rey Nocturno y los Espectros. Su piel les da un aspecto esquel\u00e9tico.<\/p>\n<p>Poseen una fuerza superior a la de los humanos. Al igual que el Rey Nocturno, los Caminantes Blancos pueden resucitar los cad\u00e1veres de humanos y animales. Est\u00e1n armados con espadas o lanzas de hielo, capaces de romper las armas humanas, excepto las de <a href=\"https:\/\/gameofthrones.fandom.com\/fr\/wiki\/Acier_valyrien\">Acero valyrio<\/a>.<\/p>\n<h3>Te traemos todas las r\u00e9plicas de las espadas de tus h\u00e9roes favoritos de Juego de Tronos.<\/h3>\n<p>Lo primero y m\u00e1s importante,<\/p>\n<ul>\n<li>La <a href=\"https:\/\/repliquemangacine.fr\/es\/espadas-de-juego-de-tronos\/arakh-serpe-de-khal-drogo-game-of-thrones-l-arme-des-dothrakis\/\">El gancho de Drogo<\/a> marido de Daenerys.<\/li>\n<li>Pero tambi\u00e9n la <a href=\"https:\/\/repliquemangacine.fr\/es\/espadas-de-juego-de-tronos\/replica-de-la-daga-catspaw-juego-de-tronos\/\">Daga Catspaw<\/a> y su espada de acero valyrio, que Arya utiliza para matar al Rey de la Noche.<\/li>\n<li>As\u00ed como el<a href=\"https:\/\/repliquemangacine.fr\/es\/espadas-de-juego-de-tronos\/juego-de-tronos-eddard-stark-espada-hbo-version-tv\/\">La espada de Eddard Stark<\/a>.<\/li>\n<li>Y muchos m\u00e1s...<\/li>\n<\/ul>\n<p>Es una gran idea de regalo para los fans de Juego de Tronos.<\/p>\n<h3>Puedes utilizar la Hoja de Hielo de los Caminantes Blancos para tus desfiles de cosplay o veladas tem\u00e1ticas.<\/h3>\n<p>Sobre todo, es una pieza de coleccionista y decorativa.<\/p>\n<p><strong>Tenga en cuenta que todas nuestras r\u00e9plicas son objetos de colecci\u00f3n y decoraci\u00f3n. Puede utilizarlas para recreaciones hist\u00f3ricas, desfiles de cosplay o decoraci\u00f3n de interiores. En consecuencia, no es posible acudir a lugares p\u00fablicos con estas r\u00e9plicas.<\/strong><\/p>","protected":false},"excerpt":{"rendered":"<p>\u00a1En exclusiva para R\u00e9plique Manga Cin\u00e9!<\/p>\n<ul>\n<li>Una magn\u00edfica r\u00e9plica no oficial de la Hoja de Hielo, la espada de los Caminantes Blancos.<\/li>\n<li>Fabricado \u00edntegramente en resina acr\u00edlica, ligero y transparente.<\/li>\n<li>La ilusi\u00f3n es perfecta: es dif\u00edcil distinguir a simple vista que no es hielo de verdad.<\/li>\n<li>Su hoja ancha y plana se estrecha hasta la punta y tiene un mango estrecho.<\/li>\n<li>Un pomo con dos garras, como las espadas de la famosa serie Juego de Tronos.<\/li>\n<li>Longitud total: 104 cm - Grosor de la hoja: 11,5 cm<\/li>\n<\/ul>\n<p><strong>\u00a0<\/strong><\/p>","protected":false},"featured_media":28500,"template":"","meta":[],"product_brand":[896],"product_cat":[72,24,47],"product_tag":[],"class_list":{"0":"post-28499","1":"product","2":"type-product","3":"status-publish","4":"has-post-thumbnail","6":"product_brand-replique-manga-cine","7":"product_cat-epees-game-of-thrones","8":"product_cat-films-series-tv-vente-de-katana-epee-et-produits-derives","9":"product_cat-game-of-thrones","11":"first","12":"instock","13":"taxable","14":"shipping-taxable","15":"purchasable","16":"product-type-simple"},"yoast_head":"<!-- This site is optimized with the Yoast SEO plugin v27.4 - https:\/\/yoast.com\/product\/yoast-seo-wordpress\/ -->\n<title>Lame de Glace Marcheurs Blancs - GOT - R\u00e9plique Manga Cin\u00e9<\/title>\n<meta name=\"description\" content=\"Exclusivit\u00e9 ! Achetez vite ! cette superbe Lame de Glace Marcheurs Blancs. Tout en r\u00e9sine acrylique. Une pi\u00e8ce rare \u00e0 ne pas manquer\" \/>\n<meta name=\"robots\" content=\"index, follow, max-snippet:-1, max-image-preview:large, max-video-preview:-1\" \/>\n<link rel=\"canonical\" href=\"https:\/\/repliquemangacine.fr\/es\/espadas-de-juego-de-tronos\/espada-de-hielo-caminantes-blancos\/\" \/>\n<meta property=\"og:locale\" content=\"es_ES\" \/>\n<meta property=\"og:type\" content=\"article\" \/>\n<meta property=\"og:title\" content=\"Lame de Glace Marcheurs Blancs - GOT - R\u00e9plique Manga Cin\u00e9\" \/>\n<meta property=\"og:description\" content=\"Exclusivit\u00e9 ! Achetez vite ! cette superbe Lame de Glace Marcheurs Blancs. Tout en r\u00e9sine acrylique. Une pi\u00e8ce rare \u00e0 ne pas manquer\" \/>\n<meta property=\"og:url\" content=\"https:\/\/repliquemangacine.fr\/es\/espadas-de-juego-de-tronos\/espada-de-hielo-caminantes-blancos\/\" \/>\n<meta property=\"og:site_name\" content=\"R\u00e9plique Manga Cin\u00e9\" \/>\n<meta property=\"article:publisher\" content=\"https:\/\/www.facebook.com\/RepliqueMangaCine\" \/>\n<meta property=\"article:modified_time\" content=\"2026-01-09T10:04:22+00:00\" \/>\n<meta property=\"og:image\" content=\"https:\/\/repliquemangacine.fr\/wp-content\/uploads\/2023\/10\/3203-Epee-de-glace-Marcheurs-Blancs.jpg\" \/>\n\t<meta property=\"og:image:width\" content=\"800\" \/>\n\t<meta property=\"og:image:height\" content=\"800\" \/>\n\t<meta property=\"og:image:type\" content=\"image\/jpeg\" \/>\n<meta name=\"twitter:card\" content=\"summary_large_image\" \/>\n<meta name=\"twitter:label1\" content=\"Tiempo de lectura\" \/>\n\t<meta name=\"twitter:data1\" content=\"1 minuto\" \/>\n<script type=\"application\/ld+json\" class=\"yoast-schema-graph\">{\"@context\":\"https:\\\/\\\/schema.org\",\"@graph\":[{\"@type\":\"WebPage\",\"@id\":\"https:\\\/\\\/repliquemangacine.fr\\\/epees-game-of-thrones\\\/epee-de-glace-marcheurs-blancs\\\/\",\"url\":\"https:\\\/\\\/repliquemangacine.fr\\\/epees-game-of-thrones\\\/epee-de-glace-marcheurs-blancs\\\/\",\"name\":\"Lame de Glace Marcheurs Blancs - GOT - R\u00e9plique Manga Cin\u00e9\",\"isPartOf\":{\"@id\":\"https:\\\/\\\/repliquemangacine.fr\\\/#website\"},\"primaryImageOfPage\":{\"@id\":\"https:\\\/\\\/repliquemangacine.fr\\\/epees-game-of-thrones\\\/epee-de-glace-marcheurs-blancs\\\/#primaryimage\"},\"image\":{\"@id\":\"https:\\\/\\\/repliquemangacine.fr\\\/epees-game-of-thrones\\\/epee-de-glace-marcheurs-blancs\\\/#primaryimage\"},\"thumbnailUrl\":\"https:\\\/\\\/repliquemangacine.fr\\\/wp-content\\\/uploads\\\/2023\\\/10\\\/3203-Epee-de-glace-Marcheurs-Blancs.jpg\",\"datePublished\":\"2019-10-27T18:30:22+00:00\",\"dateModified\":\"2026-01-09T10:04:22+00:00\",\"description\":\"Exclusivit\u00e9 ! Achetez vite ! cette superbe Lame de Glace Marcheurs Blancs. Tout en r\u00e9sine acrylique. Une pi\u00e8ce rare \u00e0 ne pas manquer\",\"breadcrumb\":{\"@id\":\"https:\\\/\\\/repliquemangacine.fr\\\/epees-game-of-thrones\\\/epee-de-glace-marcheurs-blancs\\\/#breadcrumb\"},\"inLanguage\":\"es\",\"potentialAction\":[{\"@type\":\"ReadAction\",\"target\":[\"https:\\\/\\\/repliquemangacine.fr\\\/epees-game-of-thrones\\\/epee-de-glace-marcheurs-blancs\\\/\"]}]},{\"@type\":\"ImageObject\",\"inLanguage\":\"es\",\"@id\":\"https:\\\/\\\/repliquemangacine.fr\\\/epees-game-of-thrones\\\/epee-de-glace-marcheurs-blancs\\\/#primaryimage\",\"url\":\"https:\\\/\\\/repliquemangacine.fr\\\/wp-content\\\/uploads\\\/2023\\\/10\\\/3203-Epee-de-glace-Marcheurs-Blancs.jpg\",\"contentUrl\":\"https:\\\/\\\/repliquemangacine.fr\\\/wp-content\\\/uploads\\\/2023\\\/10\\\/3203-Epee-de-glace-Marcheurs-Blancs.jpg\",\"width\":800,\"height\":800,\"caption\":\"\u00c9p\u00e9e de glace Marcheurs Blancs\"},{\"@type\":\"BreadcrumbList\",\"@id\":\"https:\\\/\\\/repliquemangacine.fr\\\/epees-game-of-thrones\\\/epee-de-glace-marcheurs-blancs\\\/#breadcrumb\",\"itemListElement\":[{\"@type\":\"ListItem\",\"position\":1,\"name\":\"Accueil\",\"item\":\"https:\\\/\\\/repliquemangacine.fr\\\/\"},{\"@type\":\"ListItem\",\"position\":2,\"name\":\"Produits\",\"item\":\"https:\\\/\\\/repliquemangacine.fr\\\/boutique\\\/\"},{\"@type\":\"ListItem\",\"position\":3,\"name\":\"Lame de Glace Marcheurs Blancs\"}]},{\"@type\":\"WebSite\",\"@id\":\"https:\\\/\\\/repliquemangacine.fr\\\/#website\",\"url\":\"https:\\\/\\\/repliquemangacine.fr\\\/\",\"name\":\"R\u00e9plique Manga Cin\u00e9\",\"description\":\"\",\"publisher\":{\"@id\":\"https:\\\/\\\/repliquemangacine.fr\\\/#organization\"},\"potentialAction\":[{\"@type\":\"SearchAction\",\"target\":{\"@type\":\"EntryPoint\",\"urlTemplate\":\"https:\\\/\\\/repliquemangacine.fr\\\/?s={search_term_string}\"},\"query-input\":{\"@type\":\"PropertyValueSpecification\",\"valueRequired\":true,\"valueName\":\"search_term_string\"}}],\"inLanguage\":\"es\"},{\"@type\":\"Organization\",\"@id\":\"https:\\\/\\\/repliquemangacine.fr\\\/#organization\",\"name\":\"R\u00e9plique Manga Cin\u00e9\",\"url\":\"https:\\\/\\\/repliquemangacine.fr\\\/\",\"logo\":{\"@type\":\"ImageObject\",\"inLanguage\":\"es\",\"@id\":\"https:\\\/\\\/repliquemangacine.fr\\\/#\\\/schema\\\/logo\\\/image\\\/\",\"url\":\"https:\\\/\\\/repliquemangacine.fr\\\/wp-content\\\/uploads\\\/2023\\\/10\\\/RMC-500250.png\",\"contentUrl\":\"https:\\\/\\\/repliquemangacine.fr\\\/wp-content\\\/uploads\\\/2023\\\/10\\\/RMC-500250.png\",\"width\":500,\"height\":250,\"caption\":\"R\u00e9plique Manga Cin\u00e9\"},\"image\":{\"@id\":\"https:\\\/\\\/repliquemangacine.fr\\\/#\\\/schema\\\/logo\\\/image\\\/\"},\"sameAs\":[\"https:\\\/\\\/www.facebook.com\\\/RepliqueMangaCine\",\"https:\\\/\\\/www.instagram.com\\\/repliquemangacine.fr\\\/\"]}]}<\/script>\n<!-- \/ Yoast SEO plugin. -->","yoast_head_json":{"title":"Cuchilla de Hielo Caminantes Blancos - GOT - R\u00e9plique Manga Cin\u00e9","description":"\u00a1Exclusiva! \u00a1Compra ya esta magn\u00edfica Hoja de Hielo de los Caminantes Blancos! Todo en resina acr\u00edlica. Una pieza \u00fanica que no te puedes perder","robots":{"index":"index","follow":"follow","max-snippet":"max-snippet:-1","max-image-preview":"max-image-preview:large","max-video-preview":"max-video-preview:-1"},"canonical":"https:\/\/repliquemangacine.fr\/es\/espadas-de-juego-de-tronos\/espada-de-hielo-caminantes-blancos\/","og_locale":"es_ES","og_type":"article","og_title":"Lame de Glace Marcheurs Blancs - GOT - R\u00e9plique Manga Cin\u00e9","og_description":"Exclusivit\u00e9 ! Achetez vite ! cette superbe Lame de Glace Marcheurs Blancs. Tout en r\u00e9sine acrylique. Une pi\u00e8ce rare \u00e0 ne pas manquer","og_url":"https:\/\/repliquemangacine.fr\/es\/espadas-de-juego-de-tronos\/espada-de-hielo-caminantes-blancos\/","og_site_name":"R\u00e9plique Manga Cin\u00e9","article_publisher":"https:\/\/www.facebook.com\/RepliqueMangaCine","article_modified_time":"2026-01-09T10:04:22+00:00","og_image":[{"width":800,"height":800,"url":"https:\/\/repliquemangacine.fr\/wp-content\/uploads\/2023\/10\/3203-Epee-de-glace-Marcheurs-Blancs.jpg","type":"image\/jpeg"}],"twitter_card":"summary_large_image","twitter_misc":{"Tiempo de lectura":"1 minuto"},"schema":{"@context":"https:\/\/schema.org","@graph":[{"@type":"WebPage","@id":"https:\/\/repliquemangacine.fr\/epees-game-of-thrones\/epee-de-glace-marcheurs-blancs\/","url":"https:\/\/repliquemangacine.fr\/epees-game-of-thrones\/epee-de-glace-marcheurs-blancs\/","name":"Cuchilla de Hielo Caminantes Blancos - GOT - R\u00e9plique Manga Cin\u00e9","isPartOf":{"@id":"https:\/\/repliquemangacine.fr\/#website"},"primaryImageOfPage":{"@id":"https:\/\/repliquemangacine.fr\/epees-game-of-thrones\/epee-de-glace-marcheurs-blancs\/#primaryimage"},"image":{"@id":"https:\/\/repliquemangacine.fr\/epees-game-of-thrones\/epee-de-glace-marcheurs-blancs\/#primaryimage"},"thumbnailUrl":"https:\/\/repliquemangacine.fr\/wp-content\/uploads\/2023\/10\/3203-Epee-de-glace-Marcheurs-Blancs.jpg","datePublished":"2019-10-27T18:30:22+00:00","dateModified":"2026-01-09T10:04:22+00:00","description":"\u00a1Exclusiva! \u00a1Compra ya esta magn\u00edfica Hoja de Hielo de los Caminantes Blancos! Todo en resina acr\u00edlica. Una pieza \u00fanica que no te puedes perder","breadcrumb":{"@id":"https:\/\/repliquemangacine.fr\/epees-game-of-thrones\/epee-de-glace-marcheurs-blancs\/#breadcrumb"},"inLanguage":"es","potentialAction":[{"@type":"ReadAction","target":["https:\/\/repliquemangacine.fr\/epees-game-of-thrones\/epee-de-glace-marcheurs-blancs\/"]}]},{"@type":"ImageObject","inLanguage":"es","@id":"https:\/\/repliquemangacine.fr\/epees-game-of-thrones\/epee-de-glace-marcheurs-blancs\/#primaryimage","url":"https:\/\/repliquemangacine.fr\/wp-content\/uploads\/2023\/10\/3203-Epee-de-glace-Marcheurs-Blancs.jpg","contentUrl":"https:\/\/repliquemangacine.fr\/wp-content\/uploads\/2023\/10\/3203-Epee-de-glace-Marcheurs-Blancs.jpg","width":800,"height":800,"caption":"\u00c9p\u00e9e de glace Marcheurs Blancs"},{"@type":"BreadcrumbList","@id":"https:\/\/repliquemangacine.fr\/epees-game-of-thrones\/epee-de-glace-marcheurs-blancs\/#breadcrumb","itemListElement":[{"@type":"ListItem","position":1,"name":"Accueil","item":"https:\/\/repliquemangacine.fr\/"},{"@type":"ListItem","position":2,"name":"Produits","item":"https:\/\/repliquemangacine.fr\/boutique\/"},{"@type":"ListItem","position":3,"name":"Lame de Glace Marcheurs Blancs"}]},{"@type":"WebSite","@id":"https:\/\/repliquemangacine.fr\/#website","url":"https:\/\/repliquemangacine.fr\/","name":"R\u00e9plique Manga Cin\u00e9","description":"","publisher":{"@id":"https:\/\/repliquemangacine.fr\/#organization"},"potentialAction":[{"@type":"SearchAction","target":{"@type":"EntryPoint","urlTemplate":"https:\/\/repliquemangacine.fr\/?s={search_term_string}"},"query-input":{"@type":"PropertyValueSpecification","valueRequired":true,"valueName":"search_term_string"}}],"inLanguage":"es"},{"@type":"Organization","@id":"https:\/\/repliquemangacine.fr\/#organization","name":"R\u00e9plique Manga Cin\u00e9","url":"https:\/\/repliquemangacine.fr\/","logo":{"@type":"ImageObject","inLanguage":"es","@id":"https:\/\/repliquemangacine.fr\/#\/schema\/logo\/image\/","url":"https:\/\/repliquemangacine.fr\/wp-content\/uploads\/2023\/10\/RMC-500250.png","contentUrl":"https:\/\/repliquemangacine.fr\/wp-content\/uploads\/2023\/10\/RMC-500250.png","width":500,"height":250,"caption":"R\u00e9plique Manga Cin\u00e9"},"image":{"@id":"https:\/\/repliquemangacine.fr\/#\/schema\/logo\/image\/"},"sameAs":["https:\/\/www.facebook.com\/RepliqueMangaCine","https:\/\/www.instagram.com\/repliquemangacine.fr\/"]}]}},"_links":{"self":[{"href":"https:\/\/repliquemangacine.fr\/es\/wp-json\/wp\/v2\/product\/28499","targetHints":{"allow":["GET"]}}],"collection":[{"href":"https:\/\/repliquemangacine.fr\/es\/wp-json\/wp\/v2\/product"}],"about":[{"href":"https:\/\/repliquemangacine.fr\/es\/wp-json\/wp\/v2\/types\/product"}],"wp:featuredmedia":[{"embeddable":true,"href":"https:\/\/repliquemangacine.fr\/es\/wp-json\/wp\/v2\/media\/28500"}],"wp:attachment":[{"href":"https:\/\/repliquemangacine.fr\/es\/wp-json\/wp\/v2\/media?parent=28499"}],"wp:term":[{"taxonomy":"product_brand","embeddable":true,"href":"https:\/\/repliquemangacine.fr\/es\/wp-json\/wp\/v2\/product_brand?post=28499"},{"taxonomy":"product_cat","embeddable":true,"href":"https:\/\/repliquemangacine.fr\/es\/wp-json\/wp\/v2\/product_cat?post=28499"},{"taxonomy":"product_tag","embeddable":true,"href":"https:\/\/repliquemangacine.fr\/es\/wp-json\/wp\/v2\/product_tag?post=28499"}],"curies":[{"name":"wp","href":"https:\/\/api.w.org\/{rel}","templated":true}]}}