





{"id":28451,"date":"2019-10-20T19:25:46","date_gmt":"2019-10-20T17:25:46","guid":{"rendered":"https:\/\/repliquemangacine.fr\/?post_type=product&#038;p=28451"},"modified":"2026-03-25T12:29:20","modified_gmt":"2026-03-25T11:29:20","slug":"varita-remus-lupin-metal-core","status":"publish","type":"product","link":"https:\/\/repliquemangacine.fr\/es\/baguettes-personnages-harry-potter\/baguette-remus-lupin-noyau-metal\/","title":{"rendered":"Varita de Remus Lupin"},"content":{"rendered":"<h2><b>La varita de Remus Lupin - Harry Potter<br \/>\n<\/b><\/h2>\n<p>Para empezar, el <strong>La varita de Remus Lupin<\/strong> est\u00e1 fabricado \u00edntegramente en resina, con una varilla met\u00e1lica en el centro que le confiere una gran calidad.<\/p>\n<p>C\u00e1lido y valiente, Remus es rechazado all\u00e1 donde va, ya que la gente le teme por su naturaleza de hombre lobo. Considerado en la serie como un especialista en el hechizo del <a href=\"https:\/\/harrypotter.fandom.com\/fr\/wiki\/Sortil\u00e8ge_du_Patronus\" target=\"_blank\" rel=\"noopener noreferrer\">Patronus<\/a>.<\/p>\n<p>Cabe destacar que el asesinato de James Potter y su esposa Lily, a manos de Lord Voldemort, fue uno de los acontecimientos m\u00e1s traum\u00e1ticos de su vida. De hecho, Dumbledore le conf\u00eda el puesto de profesor de Defensa contra las Artes Oscuras.<\/p>\n<h2>Tu varita barata de Remus Lupin.<\/h2>\n<p>Ofrecemos una amplia gama de varitas Ollivander de Harry Potter.<\/p>\n<p>Lo primero y m\u00e1s importante,<\/p>\n<ul>\n<li>La <a href=\"https:\/\/repliquemangacine.fr\/es\/palillos-de-caracteres\/varilla-de-nucleo-metalico-negro-sirius-de-alta-calidad\/\">La varita m\u00e1gica de Sirius Black<\/a> su amigo<\/li>\n<li>La <a href=\"https:\/\/repliquemangacine.fr\/es\/palillos-de-caracteres\/varilla-lucius-malfoy-de-nucleo-metalico-de-alta-calidad\/\">La varita de Lucius Malfoy<\/a> que es uno de los Mort\u00edfagos de Voldemort<\/li>\n<li>Y muchos m\u00e1s por descubrir en nuestra tienda en l\u00ednea.<\/li>\n<\/ul>\n<p>Por eso, aqu\u00ed tienes una idea estupenda para regalar a todos los fans de Harry Potter.<\/p>\n<p>En conclusi\u00f3n, tambi\u00e9n puede utilizar este <strong>La varita de Remus Lupin<\/strong> para tus cosplays o fiestas tem\u00e1ticas. Pero, ante todo, es una pieza de colecci\u00f3n y decoraci\u00f3n.<\/p>\n<p>R\u00e9plique Manga Cin\u00e9 es una empresa familiar francesa.<\/p>\n<h2>\u00bfC\u00f3mo se fabrican las varitas de los brujos?<\/h2>\n<p>Una varita m\u00e1gica es un objeto compuesto por dos elementos variables: una madera, que suele proceder de un \u00e1rbol, y lo que se conoce como el n\u00facleo de la varita, que puede provenir de diversas criaturas o plantas m\u00e1gicas. Es una herramienta utilizada por brujos y brujas para afinar sus hechizos y obtener mejores resultados cuando emplean la magia.<\/p>\n<p>Nuestros baguettes est\u00e1n fabricados en resina moldeada, con un n\u00facleo de metal en el centro que aporta a su <strong>Varita de Remus Lupin<\/strong> una resistencia extraordinaria.<\/p>\n<p>Cabe destacar que la mayor\u00eda de los magos compran su varita a los once a\u00f1os, antes de comenzar su educaci\u00f3n m\u00e1gica. Los j\u00f3venes magos pueden ir a comprar su varita ellos mismos a una tienda especializada; los estudiantes brit\u00e1nicos suelen acudir a Ollivander.<\/p>\n<p>&nbsp;<\/p>","protected":false},"excerpt":{"rendered":"<p>Varita de Remus Lupin inspirada en la saga Harry Potter.<\/p>\n<ul>\n<li>Varilla de resina, imita el aspecto de la madera de cipr\u00e9s.<\/li>\n<li>N\u00facleo met\u00e1lico.<\/li>\n<li>Carta de personaje adicional<\/li>\n<li>Longitud total: 36 cm - Peso: 60 grs<\/li>\n<\/ul>\n<p>&nbsp;<\/p>","protected":false},"featured_media":28452,"template":"","meta":[],"product_brand":[896],"product_cat":[80,24,41],"product_tag":[],"class_list":{"0":"post-28451","1":"product","2":"type-product","3":"status-publish","4":"has-post-thumbnail","6":"product_brand-replique-manga-cine","7":"product_cat-baguettes-personnages-harry-potter","8":"product_cat-films-series-tv-vente-de-katana-epee-et-produits-derives","9":"product_cat-baguettes-et-goodies-harry-potter","11":"first","12":"instock","13":"taxable","14":"shipping-taxable","15":"purchasable","16":"product-type-simple"},"yoast_head":"<!-- This site is optimized with the Yoast SEO plugin v27.4 - https:\/\/yoast.com\/product\/yoast-seo-wordpress\/ -->\n<title>Baguette Remus Lupin - Harry Potter - R\u00e9plique Manga Cin\u00e9<\/title>\n<meta name=\"description\" content=\"Votre baguette de Remus Lupin dans Harry Potter au meilleur prix - Noyau en m\u00e9tal recouverte de r\u00e9sine - Longueur totale : 36 cm - Bo\u00eete Collector\" \/>\n<meta name=\"robots\" content=\"index, follow, max-snippet:-1, max-image-preview:large, max-video-preview:-1\" \/>\n<link rel=\"canonical\" href=\"https:\/\/repliquemangacine.fr\/es\/varitas-de-personajes-de-harry-potter\/varita-remus-lupin-metal-core\/\" \/>\n<meta property=\"og:locale\" content=\"es_ES\" \/>\n<meta property=\"og:type\" content=\"article\" \/>\n<meta property=\"og:title\" content=\"Baguette Remus Lupin - Harry Potter - R\u00e9plique Manga Cin\u00e9\" \/>\n<meta property=\"og:description\" content=\"Votre baguette de Remus Lupin dans Harry Potter au meilleur prix - Noyau en m\u00e9tal recouverte de r\u00e9sine - Longueur totale : 36 cm - Bo\u00eete Collector\" \/>\n<meta property=\"og:url\" content=\"https:\/\/repliquemangacine.fr\/es\/varitas-de-personajes-de-harry-potter\/varita-remus-lupin-metal-core\/\" \/>\n<meta property=\"og:site_name\" content=\"R\u00e9plique Manga Cin\u00e9\" \/>\n<meta property=\"article:publisher\" content=\"https:\/\/www.facebook.com\/RepliqueMangaCine\" \/>\n<meta property=\"article:modified_time\" content=\"2026-03-25T11:29:20+00:00\" \/>\n<meta property=\"og:image\" content=\"https:\/\/repliquemangacine.fr\/wp-content\/uploads\/2023\/10\/3160-Baguette-Remus-Lupin-Noyau-metal.jpg\" \/>\n\t<meta property=\"og:image:width\" content=\"1000\" \/>\n\t<meta property=\"og:image:height\" content=\"1000\" \/>\n\t<meta property=\"og:image:type\" content=\"image\/jpeg\" \/>\n<meta name=\"twitter:card\" content=\"summary_large_image\" \/>\n<meta name=\"twitter:label1\" content=\"Tiempo de lectura\" \/>\n\t<meta name=\"twitter:data1\" content=\"2 minutos\" \/>\n<script type=\"application\/ld+json\" class=\"yoast-schema-graph\">{\"@context\":\"https:\\\/\\\/schema.org\",\"@graph\":[{\"@type\":\"WebPage\",\"@id\":\"https:\\\/\\\/repliquemangacine.fr\\\/baguettes-personnages-harry-potter\\\/baguette-remus-lupin-noyau-metal\\\/\",\"url\":\"https:\\\/\\\/repliquemangacine.fr\\\/baguettes-personnages-harry-potter\\\/baguette-remus-lupin-noyau-metal\\\/\",\"name\":\"Baguette Remus Lupin - Harry Potter - R\u00e9plique Manga Cin\u00e9\",\"isPartOf\":{\"@id\":\"https:\\\/\\\/repliquemangacine.fr\\\/#website\"},\"primaryImageOfPage\":{\"@id\":\"https:\\\/\\\/repliquemangacine.fr\\\/baguettes-personnages-harry-potter\\\/baguette-remus-lupin-noyau-metal\\\/#primaryimage\"},\"image\":{\"@id\":\"https:\\\/\\\/repliquemangacine.fr\\\/baguettes-personnages-harry-potter\\\/baguette-remus-lupin-noyau-metal\\\/#primaryimage\"},\"thumbnailUrl\":\"https:\\\/\\\/repliquemangacine.fr\\\/wp-content\\\/uploads\\\/2023\\\/10\\\/3160-Baguette-Remus-Lupin-Noyau-metal.jpg\",\"datePublished\":\"2019-10-20T17:25:46+00:00\",\"dateModified\":\"2026-03-25T11:29:20+00:00\",\"description\":\"Votre baguette de Remus Lupin dans Harry Potter au meilleur prix - Noyau en m\u00e9tal recouverte de r\u00e9sine - Longueur totale : 36 cm - Bo\u00eete Collector\",\"breadcrumb\":{\"@id\":\"https:\\\/\\\/repliquemangacine.fr\\\/baguettes-personnages-harry-potter\\\/baguette-remus-lupin-noyau-metal\\\/#breadcrumb\"},\"inLanguage\":\"es\",\"potentialAction\":[{\"@type\":\"ReadAction\",\"target\":[\"https:\\\/\\\/repliquemangacine.fr\\\/baguettes-personnages-harry-potter\\\/baguette-remus-lupin-noyau-metal\\\/\"]}]},{\"@type\":\"ImageObject\",\"inLanguage\":\"es\",\"@id\":\"https:\\\/\\\/repliquemangacine.fr\\\/baguettes-personnages-harry-potter\\\/baguette-remus-lupin-noyau-metal\\\/#primaryimage\",\"url\":\"https:\\\/\\\/repliquemangacine.fr\\\/wp-content\\\/uploads\\\/2023\\\/10\\\/3160-Baguette-Remus-Lupin-Noyau-metal.jpg\",\"contentUrl\":\"https:\\\/\\\/repliquemangacine.fr\\\/wp-content\\\/uploads\\\/2023\\\/10\\\/3160-Baguette-Remus-Lupin-Noyau-metal.jpg\",\"width\":1000,\"height\":1000,\"caption\":\"Baguette Remus Lupin Noyau m\u00e9tal\"},{\"@type\":\"BreadcrumbList\",\"@id\":\"https:\\\/\\\/repliquemangacine.fr\\\/baguettes-personnages-harry-potter\\\/baguette-remus-lupin-noyau-metal\\\/#breadcrumb\",\"itemListElement\":[{\"@type\":\"ListItem\",\"position\":1,\"name\":\"Accueil\",\"item\":\"https:\\\/\\\/repliquemangacine.fr\\\/\"},{\"@type\":\"ListItem\",\"position\":2,\"name\":\"Produits\",\"item\":\"https:\\\/\\\/repliquemangacine.fr\\\/boutique\\\/\"},{\"@type\":\"ListItem\",\"position\":3,\"name\":\"Baguette Remus Lupin\"}]},{\"@type\":\"WebSite\",\"@id\":\"https:\\\/\\\/repliquemangacine.fr\\\/#website\",\"url\":\"https:\\\/\\\/repliquemangacine.fr\\\/\",\"name\":\"R\u00e9plique Manga Cin\u00e9\",\"description\":\"\",\"publisher\":{\"@id\":\"https:\\\/\\\/repliquemangacine.fr\\\/#organization\"},\"potentialAction\":[{\"@type\":\"SearchAction\",\"target\":{\"@type\":\"EntryPoint\",\"urlTemplate\":\"https:\\\/\\\/repliquemangacine.fr\\\/?s={search_term_string}\"},\"query-input\":{\"@type\":\"PropertyValueSpecification\",\"valueRequired\":true,\"valueName\":\"search_term_string\"}}],\"inLanguage\":\"es\"},{\"@type\":\"Organization\",\"@id\":\"https:\\\/\\\/repliquemangacine.fr\\\/#organization\",\"name\":\"R\u00e9plique Manga Cin\u00e9\",\"url\":\"https:\\\/\\\/repliquemangacine.fr\\\/\",\"logo\":{\"@type\":\"ImageObject\",\"inLanguage\":\"es\",\"@id\":\"https:\\\/\\\/repliquemangacine.fr\\\/#\\\/schema\\\/logo\\\/image\\\/\",\"url\":\"https:\\\/\\\/repliquemangacine.fr\\\/wp-content\\\/uploads\\\/2023\\\/10\\\/RMC-500250.png\",\"contentUrl\":\"https:\\\/\\\/repliquemangacine.fr\\\/wp-content\\\/uploads\\\/2023\\\/10\\\/RMC-500250.png\",\"width\":500,\"height\":250,\"caption\":\"R\u00e9plique Manga Cin\u00e9\"},\"image\":{\"@id\":\"https:\\\/\\\/repliquemangacine.fr\\\/#\\\/schema\\\/logo\\\/image\\\/\"},\"sameAs\":[\"https:\\\/\\\/www.facebook.com\\\/RepliqueMangaCine\",\"https:\\\/\\\/www.instagram.com\\\/repliquemangacine.fr\\\/\"]}]}<\/script>\n<!-- \/ Yoast SEO plugin. -->","yoast_head_json":{"title":"Varita de Remus Lupin - Harry Potter - R\u00e9plique Manga Cin\u00e9","description":"Tu varita de Remus Lupin en Harry Potter al mejor precio - N\u00facleo de metal recubierto de resina - Longitud total: 36 cm - Estuche de coleccionista","robots":{"index":"index","follow":"follow","max-snippet":"max-snippet:-1","max-image-preview":"max-image-preview:large","max-video-preview":"max-video-preview:-1"},"canonical":"https:\/\/repliquemangacine.fr\/es\/varitas-de-personajes-de-harry-potter\/varita-remus-lupin-metal-core\/","og_locale":"es_ES","og_type":"article","og_title":"Baguette Remus Lupin - Harry Potter - R\u00e9plique Manga Cin\u00e9","og_description":"Votre baguette de Remus Lupin dans Harry Potter au meilleur prix - Noyau en m\u00e9tal recouverte de r\u00e9sine - Longueur totale : 36 cm - Bo\u00eete Collector","og_url":"https:\/\/repliquemangacine.fr\/es\/varitas-de-personajes-de-harry-potter\/varita-remus-lupin-metal-core\/","og_site_name":"R\u00e9plique Manga Cin\u00e9","article_publisher":"https:\/\/www.facebook.com\/RepliqueMangaCine","article_modified_time":"2026-03-25T11:29:20+00:00","og_image":[{"width":1000,"height":1000,"url":"https:\/\/repliquemangacine.fr\/wp-content\/uploads\/2023\/10\/3160-Baguette-Remus-Lupin-Noyau-metal.jpg","type":"image\/jpeg"}],"twitter_card":"summary_large_image","twitter_misc":{"Tiempo de lectura":"2 minutos"},"schema":{"@context":"https:\/\/schema.org","@graph":[{"@type":"WebPage","@id":"https:\/\/repliquemangacine.fr\/baguettes-personnages-harry-potter\/baguette-remus-lupin-noyau-metal\/","url":"https:\/\/repliquemangacine.fr\/baguettes-personnages-harry-potter\/baguette-remus-lupin-noyau-metal\/","name":"Varita de Remus Lupin - Harry Potter - R\u00e9plique Manga Cin\u00e9","isPartOf":{"@id":"https:\/\/repliquemangacine.fr\/#website"},"primaryImageOfPage":{"@id":"https:\/\/repliquemangacine.fr\/baguettes-personnages-harry-potter\/baguette-remus-lupin-noyau-metal\/#primaryimage"},"image":{"@id":"https:\/\/repliquemangacine.fr\/baguettes-personnages-harry-potter\/baguette-remus-lupin-noyau-metal\/#primaryimage"},"thumbnailUrl":"https:\/\/repliquemangacine.fr\/wp-content\/uploads\/2023\/10\/3160-Baguette-Remus-Lupin-Noyau-metal.jpg","datePublished":"2019-10-20T17:25:46+00:00","dateModified":"2026-03-25T11:29:20+00:00","description":"Tu varita de Remus Lupin en Harry Potter al mejor precio - N\u00facleo de metal recubierto de resina - Longitud total: 36 cm - Estuche de coleccionista","breadcrumb":{"@id":"https:\/\/repliquemangacine.fr\/baguettes-personnages-harry-potter\/baguette-remus-lupin-noyau-metal\/#breadcrumb"},"inLanguage":"es","potentialAction":[{"@type":"ReadAction","target":["https:\/\/repliquemangacine.fr\/baguettes-personnages-harry-potter\/baguette-remus-lupin-noyau-metal\/"]}]},{"@type":"ImageObject","inLanguage":"es","@id":"https:\/\/repliquemangacine.fr\/baguettes-personnages-harry-potter\/baguette-remus-lupin-noyau-metal\/#primaryimage","url":"https:\/\/repliquemangacine.fr\/wp-content\/uploads\/2023\/10\/3160-Baguette-Remus-Lupin-Noyau-metal.jpg","contentUrl":"https:\/\/repliquemangacine.fr\/wp-content\/uploads\/2023\/10\/3160-Baguette-Remus-Lupin-Noyau-metal.jpg","width":1000,"height":1000,"caption":"Baguette Remus Lupin Noyau m\u00e9tal"},{"@type":"BreadcrumbList","@id":"https:\/\/repliquemangacine.fr\/baguettes-personnages-harry-potter\/baguette-remus-lupin-noyau-metal\/#breadcrumb","itemListElement":[{"@type":"ListItem","position":1,"name":"Accueil","item":"https:\/\/repliquemangacine.fr\/"},{"@type":"ListItem","position":2,"name":"Produits","item":"https:\/\/repliquemangacine.fr\/boutique\/"},{"@type":"ListItem","position":3,"name":"Baguette Remus Lupin"}]},{"@type":"WebSite","@id":"https:\/\/repliquemangacine.fr\/#website","url":"https:\/\/repliquemangacine.fr\/","name":"R\u00e9plique Manga Cin\u00e9","description":"","publisher":{"@id":"https:\/\/repliquemangacine.fr\/#organization"},"potentialAction":[{"@type":"SearchAction","target":{"@type":"EntryPoint","urlTemplate":"https:\/\/repliquemangacine.fr\/?s={search_term_string}"},"query-input":{"@type":"PropertyValueSpecification","valueRequired":true,"valueName":"search_term_string"}}],"inLanguage":"es"},{"@type":"Organization","@id":"https:\/\/repliquemangacine.fr\/#organization","name":"R\u00e9plique Manga Cin\u00e9","url":"https:\/\/repliquemangacine.fr\/","logo":{"@type":"ImageObject","inLanguage":"es","@id":"https:\/\/repliquemangacine.fr\/#\/schema\/logo\/image\/","url":"https:\/\/repliquemangacine.fr\/wp-content\/uploads\/2023\/10\/RMC-500250.png","contentUrl":"https:\/\/repliquemangacine.fr\/wp-content\/uploads\/2023\/10\/RMC-500250.png","width":500,"height":250,"caption":"R\u00e9plique Manga Cin\u00e9"},"image":{"@id":"https:\/\/repliquemangacine.fr\/#\/schema\/logo\/image\/"},"sameAs":["https:\/\/www.facebook.com\/RepliqueMangaCine","https:\/\/www.instagram.com\/repliquemangacine.fr\/"]}]}},"_links":{"self":[{"href":"https:\/\/repliquemangacine.fr\/es\/wp-json\/wp\/v2\/product\/28451","targetHints":{"allow":["GET"]}}],"collection":[{"href":"https:\/\/repliquemangacine.fr\/es\/wp-json\/wp\/v2\/product"}],"about":[{"href":"https:\/\/repliquemangacine.fr\/es\/wp-json\/wp\/v2\/types\/product"}],"wp:featuredmedia":[{"embeddable":true,"href":"https:\/\/repliquemangacine.fr\/es\/wp-json\/wp\/v2\/media\/28452"}],"wp:attachment":[{"href":"https:\/\/repliquemangacine.fr\/es\/wp-json\/wp\/v2\/media?parent=28451"}],"wp:term":[{"taxonomy":"product_brand","embeddable":true,"href":"https:\/\/repliquemangacine.fr\/es\/wp-json\/wp\/v2\/product_brand?post=28451"},{"taxonomy":"product_cat","embeddable":true,"href":"https:\/\/repliquemangacine.fr\/es\/wp-json\/wp\/v2\/product_cat?post=28451"},{"taxonomy":"product_tag","embeddable":true,"href":"https:\/\/repliquemangacine.fr\/es\/wp-json\/wp\/v2\/product_tag?post=28451"}],"curies":[{"name":"wp","href":"https:\/\/api.w.org\/{rel}","templated":true}]}}