





{"id":28418,"date":"2019-09-26T18:15:22","date_gmt":"2019-09-26T16:15:22","guid":{"rendered":"https:\/\/repliquemangacine.fr\/?post_type=product&#038;p=28418"},"modified":"2025-09-23T18:02:21","modified_gmt":"2025-09-23T16:02:21","slug":"llavero-guante-thanos-avengers-infinity-war","status":"publish","type":"product","link":"https:\/\/repliquemangacine.fr\/es\/porte-cles-goodies\/porte-cles-gant-de-thanos-avengers-infinity-war\/","title":{"rendered":"Llavero guante Thanos - Avengers Infinity War"},"content":{"rendered":"<p>Llavero con guante de Thanos.<\/p>\n<p>&nbsp;<\/p>","protected":false},"excerpt":{"rendered":"<p>Magn\u00edfico llavero del guante de Thanos en la pel\u00edcula de Marvel Vengadores Infinity War. \u00cdntegramente en metal envejecido con magn\u00edficos acabados. Peque\u00f1as piedras de resina.<\/p>\n<p>Peso: 56 gramos - Longitud del guante: 7,5 cm<\/p>","protected":false},"featured_media":28419,"template":"","meta":[],"product_brand":[896],"product_cat":[24,94,96,59],"product_tag":[],"class_list":{"0":"post-28418","1":"product","2":"type-product","3":"status-publish","4":"has-post-thumbnail","6":"product_brand-replique-manga-cine","7":"product_cat-films-series-tv-vente-de-katana-epee-et-produits-derives","8":"product_cat-goodies","9":"product_cat-porte-cles-goodies","10":"product_cat-super-heros-marvel","12":"first","13":"instock","14":"taxable","15":"shipping-taxable","16":"purchasable","17":"product-type-simple"},"yoast_head":"<!-- This site is optimized with the Yoast SEO plugin v27.4 - https:\/\/yoast.com\/product\/yoast-seo-wordpress\/ -->\n<title>Avengers Infinity War- Porte cl\u00e9s gant de Thanos en m\u00e9tal<\/title>\n<meta name=\"description\" content=\"En exclusivit\u00e9 ! Magnifique porte cl\u00e9s du gant de Thanos dans le film de Marvel Avengers Infinity War. Tout en m\u00e9tal, un petit cadeau utile !\" \/>\n<meta name=\"robots\" content=\"index, follow, max-snippet:-1, max-image-preview:large, max-video-preview:-1\" \/>\n<link rel=\"canonical\" href=\"https:\/\/repliquemangacine.fr\/es\/llaveros\/llavero-guante-thanos-avengers-infinity-war\/\" \/>\n<meta property=\"og:locale\" content=\"es_ES\" \/>\n<meta property=\"og:type\" content=\"article\" \/>\n<meta property=\"og:title\" content=\"Avengers Infinity War- Porte cl\u00e9s gant de Thanos en m\u00e9tal\" \/>\n<meta property=\"og:description\" content=\"En exclusivit\u00e9 ! Magnifique porte cl\u00e9s du gant de Thanos dans le film de Marvel Avengers Infinity War. Tout en m\u00e9tal, un petit cadeau utile !\" \/>\n<meta property=\"og:url\" content=\"https:\/\/repliquemangacine.fr\/es\/llaveros\/llavero-guante-thanos-avengers-infinity-war\/\" \/>\n<meta property=\"og:site_name\" content=\"R\u00e9plique Manga Cin\u00e9\" \/>\n<meta property=\"article:publisher\" content=\"https:\/\/www.facebook.com\/RepliqueMangaCine\" \/>\n<meta property=\"article:modified_time\" content=\"2025-09-23T16:02:21+00:00\" \/>\n<meta property=\"og:image\" content=\"https:\/\/repliquemangacine.fr\/wp-content\/uploads\/2023\/10\/3135-Porte-cles-gant-de-Thanos.jpg\" \/>\n\t<meta property=\"og:image:width\" content=\"800\" \/>\n\t<meta property=\"og:image:height\" content=\"800\" \/>\n\t<meta property=\"og:image:type\" content=\"image\/jpeg\" \/>\n<meta name=\"twitter:card\" content=\"summary_large_image\" \/>\n<meta name=\"twitter:label1\" content=\"Tiempo de lectura\" \/>\n\t<meta name=\"twitter:data1\" content=\"1 minuto\" \/>\n<script type=\"application\/ld+json\" class=\"yoast-schema-graph\">{\"@context\":\"https:\\\/\\\/schema.org\",\"@graph\":[{\"@type\":\"WebPage\",\"@id\":\"https:\\\/\\\/repliquemangacine.fr\\\/en\\\/key-ring-goodies\\\/thanos-glove-keyring-avengers-infinity-war\\\/\",\"url\":\"https:\\\/\\\/repliquemangacine.fr\\\/en\\\/key-ring-goodies\\\/thanos-glove-keyring-avengers-infinity-war\\\/\",\"name\":\"Avengers Infinity War- Porte cl\u00e9s gant de Thanos en m\u00e9tal\",\"isPartOf\":{\"@id\":\"https:\\\/\\\/repliquemangacine.fr\\\/#website\"},\"primaryImageOfPage\":{\"@id\":\"https:\\\/\\\/repliquemangacine.fr\\\/en\\\/key-ring-goodies\\\/thanos-glove-keyring-avengers-infinity-war\\\/#primaryimage\"},\"image\":{\"@id\":\"https:\\\/\\\/repliquemangacine.fr\\\/en\\\/key-ring-goodies\\\/thanos-glove-keyring-avengers-infinity-war\\\/#primaryimage\"},\"thumbnailUrl\":\"https:\\\/\\\/repliquemangacine.fr\\\/wp-content\\\/uploads\\\/2023\\\/10\\\/3135-Porte-cles-gant-de-Thanos.jpg\",\"datePublished\":\"2019-09-26T16:15:22+00:00\",\"dateModified\":\"2025-09-23T16:02:21+00:00\",\"description\":\"En exclusivit\u00e9 ! Magnifique porte cl\u00e9s du gant de Thanos dans le film de Marvel Avengers Infinity War. Tout en m\u00e9tal, un petit cadeau utile !\",\"breadcrumb\":{\"@id\":\"https:\\\/\\\/repliquemangacine.fr\\\/en\\\/key-ring-goodies\\\/thanos-glove-keyring-avengers-infinity-war\\\/#breadcrumb\"},\"inLanguage\":\"es\",\"potentialAction\":[{\"@type\":\"ReadAction\",\"target\":[\"https:\\\/\\\/repliquemangacine.fr\\\/en\\\/key-ring-goodies\\\/thanos-glove-keyring-avengers-infinity-war\\\/\"]}]},{\"@type\":\"ImageObject\",\"inLanguage\":\"es\",\"@id\":\"https:\\\/\\\/repliquemangacine.fr\\\/en\\\/key-ring-goodies\\\/thanos-glove-keyring-avengers-infinity-war\\\/#primaryimage\",\"url\":\"https:\\\/\\\/repliquemangacine.fr\\\/wp-content\\\/uploads\\\/2023\\\/10\\\/3135-Porte-cles-gant-de-Thanos.jpg\",\"contentUrl\":\"https:\\\/\\\/repliquemangacine.fr\\\/wp-content\\\/uploads\\\/2023\\\/10\\\/3135-Porte-cles-gant-de-Thanos.jpg\",\"width\":800,\"height\":800,\"caption\":\"Porte cl\u00e9s gant de Thanos\"},{\"@type\":\"BreadcrumbList\",\"@id\":\"https:\\\/\\\/repliquemangacine.fr\\\/en\\\/key-ring-goodies\\\/thanos-glove-keyring-avengers-infinity-war\\\/#breadcrumb\",\"itemListElement\":[{\"@type\":\"ListItem\",\"position\":1,\"name\":\"Accueil\",\"item\":\"https:\\\/\\\/repliquemangacine.fr\\\/\"},{\"@type\":\"ListItem\",\"position\":2,\"name\":\"Produits\",\"item\":\"https:\\\/\\\/repliquemangacine.fr\\\/boutique\\\/\"},{\"@type\":\"ListItem\",\"position\":3,\"name\":\"Porte cl\u00e9s gant de Thanos &#8211; Avengers Infinity War\"}]},{\"@type\":\"WebSite\",\"@id\":\"https:\\\/\\\/repliquemangacine.fr\\\/#website\",\"url\":\"https:\\\/\\\/repliquemangacine.fr\\\/\",\"name\":\"R\u00e9plique Manga Cin\u00e9\",\"description\":\"\",\"publisher\":{\"@id\":\"https:\\\/\\\/repliquemangacine.fr\\\/#organization\"},\"potentialAction\":[{\"@type\":\"SearchAction\",\"target\":{\"@type\":\"EntryPoint\",\"urlTemplate\":\"https:\\\/\\\/repliquemangacine.fr\\\/?s={search_term_string}\"},\"query-input\":{\"@type\":\"PropertyValueSpecification\",\"valueRequired\":true,\"valueName\":\"search_term_string\"}}],\"inLanguage\":\"es\"},{\"@type\":\"Organization\",\"@id\":\"https:\\\/\\\/repliquemangacine.fr\\\/#organization\",\"name\":\"R\u00e9plique Manga Cin\u00e9\",\"url\":\"https:\\\/\\\/repliquemangacine.fr\\\/\",\"logo\":{\"@type\":\"ImageObject\",\"inLanguage\":\"es\",\"@id\":\"https:\\\/\\\/repliquemangacine.fr\\\/#\\\/schema\\\/logo\\\/image\\\/\",\"url\":\"https:\\\/\\\/repliquemangacine.fr\\\/wp-content\\\/uploads\\\/2023\\\/10\\\/RMC-500250.png\",\"contentUrl\":\"https:\\\/\\\/repliquemangacine.fr\\\/wp-content\\\/uploads\\\/2023\\\/10\\\/RMC-500250.png\",\"width\":500,\"height\":250,\"caption\":\"R\u00e9plique Manga Cin\u00e9\"},\"image\":{\"@id\":\"https:\\\/\\\/repliquemangacine.fr\\\/#\\\/schema\\\/logo\\\/image\\\/\"},\"sameAs\":[\"https:\\\/\\\/www.facebook.com\\\/RepliqueMangaCine\",\"https:\\\/\\\/www.instagram.com\\\/repliquemangacine.fr\\\/\"]}]}<\/script>\n<!-- \/ Yoast SEO plugin. -->","yoast_head_json":{"title":"Avengers Infinity War- Llavero guante met\u00e1lico de Thanos","description":"\u00a1\u00a1\u00a1Exclusiva!!! Magn\u00edfico llavero para el guante de Thanos en la pel\u00edcula de Marvel Vengadores Infinity War. Todo de metal, \u00a1un regalito muy \u00fatil!","robots":{"index":"index","follow":"follow","max-snippet":"max-snippet:-1","max-image-preview":"max-image-preview:large","max-video-preview":"max-video-preview:-1"},"canonical":"https:\/\/repliquemangacine.fr\/es\/llaveros\/llavero-guante-thanos-avengers-infinity-war\/","og_locale":"es_ES","og_type":"article","og_title":"Avengers Infinity War- Porte cl\u00e9s gant de Thanos en m\u00e9tal","og_description":"En exclusivit\u00e9 ! Magnifique porte cl\u00e9s du gant de Thanos dans le film de Marvel Avengers Infinity War. Tout en m\u00e9tal, un petit cadeau utile !","og_url":"https:\/\/repliquemangacine.fr\/es\/llaveros\/llavero-guante-thanos-avengers-infinity-war\/","og_site_name":"R\u00e9plique Manga Cin\u00e9","article_publisher":"https:\/\/www.facebook.com\/RepliqueMangaCine","article_modified_time":"2025-09-23T16:02:21+00:00","og_image":[{"width":800,"height":800,"url":"https:\/\/repliquemangacine.fr\/wp-content\/uploads\/2023\/10\/3135-Porte-cles-gant-de-Thanos.jpg","type":"image\/jpeg"}],"twitter_card":"summary_large_image","twitter_misc":{"Tiempo de lectura":"1 minuto"},"schema":{"@context":"https:\/\/schema.org","@graph":[{"@type":"WebPage","@id":"https:\/\/repliquemangacine.fr\/en\/key-ring-goodies\/thanos-glove-keyring-avengers-infinity-war\/","url":"https:\/\/repliquemangacine.fr\/en\/key-ring-goodies\/thanos-glove-keyring-avengers-infinity-war\/","name":"Avengers Infinity War- Llavero guante met\u00e1lico de Thanos","isPartOf":{"@id":"https:\/\/repliquemangacine.fr\/#website"},"primaryImageOfPage":{"@id":"https:\/\/repliquemangacine.fr\/en\/key-ring-goodies\/thanos-glove-keyring-avengers-infinity-war\/#primaryimage"},"image":{"@id":"https:\/\/repliquemangacine.fr\/en\/key-ring-goodies\/thanos-glove-keyring-avengers-infinity-war\/#primaryimage"},"thumbnailUrl":"https:\/\/repliquemangacine.fr\/wp-content\/uploads\/2023\/10\/3135-Porte-cles-gant-de-Thanos.jpg","datePublished":"2019-09-26T16:15:22+00:00","dateModified":"2025-09-23T16:02:21+00:00","description":"\u00a1\u00a1\u00a1Exclusiva!!! Magn\u00edfico llavero para el guante de Thanos en la pel\u00edcula de Marvel Vengadores Infinity War. Todo de metal, \u00a1un regalito muy \u00fatil!","breadcrumb":{"@id":"https:\/\/repliquemangacine.fr\/en\/key-ring-goodies\/thanos-glove-keyring-avengers-infinity-war\/#breadcrumb"},"inLanguage":"es","potentialAction":[{"@type":"ReadAction","target":["https:\/\/repliquemangacine.fr\/en\/key-ring-goodies\/thanos-glove-keyring-avengers-infinity-war\/"]}]},{"@type":"ImageObject","inLanguage":"es","@id":"https:\/\/repliquemangacine.fr\/en\/key-ring-goodies\/thanos-glove-keyring-avengers-infinity-war\/#primaryimage","url":"https:\/\/repliquemangacine.fr\/wp-content\/uploads\/2023\/10\/3135-Porte-cles-gant-de-Thanos.jpg","contentUrl":"https:\/\/repliquemangacine.fr\/wp-content\/uploads\/2023\/10\/3135-Porte-cles-gant-de-Thanos.jpg","width":800,"height":800,"caption":"Porte cl\u00e9s gant de Thanos"},{"@type":"BreadcrumbList","@id":"https:\/\/repliquemangacine.fr\/en\/key-ring-goodies\/thanos-glove-keyring-avengers-infinity-war\/#breadcrumb","itemListElement":[{"@type":"ListItem","position":1,"name":"Accueil","item":"https:\/\/repliquemangacine.fr\/"},{"@type":"ListItem","position":2,"name":"Produits","item":"https:\/\/repliquemangacine.fr\/boutique\/"},{"@type":"ListItem","position":3,"name":"Porte cl\u00e9s gant de Thanos &#8211; Avengers Infinity War"}]},{"@type":"WebSite","@id":"https:\/\/repliquemangacine.fr\/#website","url":"https:\/\/repliquemangacine.fr\/","name":"R\u00e9plique Manga Cin\u00e9","description":"","publisher":{"@id":"https:\/\/repliquemangacine.fr\/#organization"},"potentialAction":[{"@type":"SearchAction","target":{"@type":"EntryPoint","urlTemplate":"https:\/\/repliquemangacine.fr\/?s={search_term_string}"},"query-input":{"@type":"PropertyValueSpecification","valueRequired":true,"valueName":"search_term_string"}}],"inLanguage":"es"},{"@type":"Organization","@id":"https:\/\/repliquemangacine.fr\/#organization","name":"R\u00e9plique Manga Cin\u00e9","url":"https:\/\/repliquemangacine.fr\/","logo":{"@type":"ImageObject","inLanguage":"es","@id":"https:\/\/repliquemangacine.fr\/#\/schema\/logo\/image\/","url":"https:\/\/repliquemangacine.fr\/wp-content\/uploads\/2023\/10\/RMC-500250.png","contentUrl":"https:\/\/repliquemangacine.fr\/wp-content\/uploads\/2023\/10\/RMC-500250.png","width":500,"height":250,"caption":"R\u00e9plique Manga Cin\u00e9"},"image":{"@id":"https:\/\/repliquemangacine.fr\/#\/schema\/logo\/image\/"},"sameAs":["https:\/\/www.facebook.com\/RepliqueMangaCine","https:\/\/www.instagram.com\/repliquemangacine.fr\/"]}]}},"_links":{"self":[{"href":"https:\/\/repliquemangacine.fr\/es\/wp-json\/wp\/v2\/product\/28418","targetHints":{"allow":["GET"]}}],"collection":[{"href":"https:\/\/repliquemangacine.fr\/es\/wp-json\/wp\/v2\/product"}],"about":[{"href":"https:\/\/repliquemangacine.fr\/es\/wp-json\/wp\/v2\/types\/product"}],"wp:featuredmedia":[{"embeddable":true,"href":"https:\/\/repliquemangacine.fr\/es\/wp-json\/wp\/v2\/media\/28419"}],"wp:attachment":[{"href":"https:\/\/repliquemangacine.fr\/es\/wp-json\/wp\/v2\/media?parent=28418"}],"wp:term":[{"taxonomy":"product_brand","embeddable":true,"href":"https:\/\/repliquemangacine.fr\/es\/wp-json\/wp\/v2\/product_brand?post=28418"},{"taxonomy":"product_cat","embeddable":true,"href":"https:\/\/repliquemangacine.fr\/es\/wp-json\/wp\/v2\/product_cat?post=28418"},{"taxonomy":"product_tag","embeddable":true,"href":"https:\/\/repliquemangacine.fr\/es\/wp-json\/wp\/v2\/product_tag?post=28418"}],"curies":[{"name":"wp","href":"https:\/\/api.w.org\/{rel}","templated":true}]}}