





{"id":28402,"date":"2019-09-26T14:35:30","date_gmt":"2019-09-26T12:35:30","guid":{"rendered":"https:\/\/repliquemangacine.fr\/?post_type=product&#038;p=28402"},"modified":"2026-01-28T19:38:56","modified_gmt":"2026-01-28T18:38:56","slug":"set-de-3-naruto-kunai","status":"publish","type":"product","link":"https:\/\/repliquemangacine.fr\/es\/kunai-et-shuriken-naruto\/ensemble-de-3-kunai-naruto\/","title":{"rendered":"Naruto 3 Kunai set"},"content":{"rendered":"<h2>Juego de 3 Naruto Kunai con bolsa.<\/h2>\n<p>Para empezar, este conjunto de 3 kunai Naruto viene con una bolsa de transporte.<\/p>\n<p>Un kunai, al igual que un shuriken, es un arma utilizada habitualmente por los ninjas. Se trata de un arma blanca de una longitud media de una mano, destinada a herir en combate cuerpo a cuerpo, aunque tambi\u00e9n puede utilizarse como arma arrojadiza.<\/p>\n<p>Los kunai tambi\u00e9n pueden ocultarse en una manga. Como la mayor\u00eda de las armas, un kunai puede impregnarse de chakra y volverse as\u00ed mucho m\u00e1s temible.<\/p>\n<p>Hay diferentes tipos de kunai. Minato Namikaze usa kunais de tres hojas que tienen un sello especial para su t\u00e9cnica de teletransporte, lo que le ha valido el apodo de \u2019Rayo Amarillo de Konoha\u00ab. Durante la \u00faltima prueba del examen de selecci\u00f3n de ch\u016bnin, Kabuto us\u00f3 un <a href=\"https:\/\/naruto.fandom.com\/fr\/wiki\/Kuna\u00ef\" target=\"_blank\" rel=\"noopener noreferrer\">kunai<\/a> sin un anillo para matar a un miembro de los Anbu.<\/p>\n<h2>Tu Set de Kunai Naruto 3 al mejor precio.<\/h2>\n<p>Te ofrecemos todas las r\u00e9plicas de tus personajes favoritos del manga animado Naruto.<\/p>\n<p>Lo primero y m\u00e1s importante,<\/p>\n<ul>\n<li>La r\u00e9plica del<a href=\"https:\/\/repliquemangacine.fr\/es\/katana-goodies-naruto\/kusanagi-espada-sasuke-naruto\/\">Espada Sasuk\u00e9<\/a> las versiones manga y anime de la katana Kusanagi.<\/li>\n<li>As\u00ed como el <a href=\"https:\/\/repliquemangacine.fr\/es\/katana-goodies-naruto\/naruto-juego-de-28-piezas\/\">Caja de regalo de 28 piezas<\/a> para los amantes de Naruto.<\/li>\n<li>Tambi\u00e9n hay una r\u00e9plica del <a href=\"https:\/\/repliquemangacine.fr\/es\/katana-goodies-naruto\/katana-kakashi-hatake-anbu-naruto\/\">shirasaya de Kakashi Hatake Anbu<\/a>.<\/li>\n<li>Y hay mucho m\u00e1s por descubrir.<\/li>\n<\/ul>\n<p>Por eso, aqu\u00ed tienes unas ideas estupendas para regalar a los fans de Naruto.<\/p>\n<p>En conclusi\u00f3n, tambi\u00e9n puedes utilizar este conjunto de 3 kunai Naruto para tus cosplays.<\/p>\n<p>Pero, ante todo, los kunai de Naruto son piezas de colecci\u00f3n y decoraci\u00f3n.<\/p>\n<h2>Descubre nuestras \u00faltimas novedades de Naruto a bajo precio<\/h2>\n<p>Siempre en busca de novedades y con el objetivo de satisfacer sus demandas, \u00a1tenemos algunas peque\u00f1as joyas que pronto le presentaremos!<\/p>\n<p>Por ejemplo: el gran Kunai Naruto con su mango blanco. Dentro de poco, tendremos el gran placer de presentaros las figuras de Naruto.<\/p>\n<p>R\u00e9plique Manga Cin\u00e9 es una empresa familiar francesa.<\/p>\n<p><strong>Tenga en cuenta que todas nuestras r\u00e9plicas son objetos de colecci\u00f3n y decoraci\u00f3n. Puede utilizarlas para recreaciones hist\u00f3ricas, desfiles de cosplay o decoraci\u00f3n de interiores. En consecuencia, no es posible acudir a lugares p\u00fablicos con estas r\u00e9plicas.<\/strong><\/p>","protected":false},"excerpt":{"rendered":"<p>Magn\u00edfico juego de 3 Kunai<\/p>\n<ul>\n<li>Todo de acero de doble bisel.<\/li>\n<li>Cinta roja de algod\u00f3n satinado en el asa.<\/li>\n<li>Cinta decorativa<\/li>\n<li>Se suministra con una funda de cordura negra que se puede llevar en el cintur\u00f3n.<\/li>\n<li>Longitud total de cada kunai: 13 cm<\/li>\n<\/ul>","protected":false},"featured_media":78217,"template":"","meta":[],"product_brand":[896],"product_cat":[108],"product_tag":[],"class_list":{"0":"post-28402","1":"product","2":"type-product","3":"status-publish","4":"has-post-thumbnail","6":"product_brand-replique-manga-cine","7":"product_cat-kunai-et-shuriken-naruto","9":"first","10":"instock","11":"taxable","12":"shipping-taxable","13":"purchasable","14":"product-type-simple"},"yoast_head":"<!-- This site is optimized with the Yoast SEO plugin v27.4 - https:\/\/yoast.com\/product\/yoast-seo-wordpress\/ -->\n<title>Ensemble 3 Kuna\u00ef Naruto - Goodies Naruto - R\u00e9plique Manga Cin\u00e9<\/title>\n<meta name=\"description\" content=\"Commandez vite ! cet Ensemble 3 Kuna\u00ef Naruto au meilleur prix. Tout en m\u00e9tal. Lame en acier. Longueur totale : 16cm - Envoi 24\/48h\" \/>\n<meta name=\"robots\" content=\"index, follow, max-snippet:-1, max-image-preview:large, max-video-preview:-1\" \/>\n<link rel=\"canonical\" href=\"https:\/\/repliquemangacine.fr\/es\/naruto-kunai-y-shuriken\/set-de-3-naruto-kunai\/\" \/>\n<meta property=\"og:locale\" content=\"es_ES\" \/>\n<meta property=\"og:type\" content=\"article\" \/>\n<meta property=\"og:title\" content=\"Ensemble 3 Kuna\u00ef Naruto - Goodies Naruto - R\u00e9plique Manga Cin\u00e9\" \/>\n<meta property=\"og:description\" content=\"Commandez vite ! cet Ensemble 3 Kuna\u00ef Naruto au meilleur prix. Tout en m\u00e9tal. Lame en acier. Longueur totale : 16cm - Envoi 24\/48h\" \/>\n<meta property=\"og:url\" content=\"https:\/\/repliquemangacine.fr\/es\/naruto-kunai-y-shuriken\/set-de-3-naruto-kunai\/\" \/>\n<meta property=\"og:site_name\" content=\"R\u00e9plique Manga Cin\u00e9\" \/>\n<meta property=\"article:publisher\" content=\"https:\/\/www.facebook.com\/RepliqueMangaCine\" \/>\n<meta property=\"article:modified_time\" content=\"2026-01-28T18:38:56+00:00\" \/>\n<meta property=\"og:image\" content=\"https:\/\/repliquemangacine.fr\/wp-content\/uploads\/2019\/09\/kunai-ensemble-de-trois-.jpg\" \/>\n\t<meta property=\"og:image:width\" content=\"500\" \/>\n\t<meta property=\"og:image:height\" content=\"500\" \/>\n\t<meta property=\"og:image:type\" content=\"image\/jpeg\" \/>\n<meta name=\"twitter:card\" content=\"summary_large_image\" \/>\n<meta name=\"twitter:label1\" content=\"Tiempo de lectura\" \/>\n\t<meta name=\"twitter:data1\" content=\"3 minutos\" \/>\n<script type=\"application\/ld+json\" class=\"yoast-schema-graph\">{\"@context\":\"https:\\\/\\\/schema.org\",\"@graph\":[{\"@type\":\"WebPage\",\"@id\":\"https:\\\/\\\/repliquemangacine.fr\\\/kunai-et-shuriken-naruto\\\/ensemble-de-3-kunai-naruto\\\/\",\"url\":\"https:\\\/\\\/repliquemangacine.fr\\\/kunai-et-shuriken-naruto\\\/ensemble-de-3-kunai-naruto\\\/\",\"name\":\"Ensemble 3 Kuna\u00ef Naruto - Goodies Naruto - R\u00e9plique Manga Cin\u00e9\",\"isPartOf\":{\"@id\":\"https:\\\/\\\/repliquemangacine.fr\\\/#website\"},\"primaryImageOfPage\":{\"@id\":\"https:\\\/\\\/repliquemangacine.fr\\\/kunai-et-shuriken-naruto\\\/ensemble-de-3-kunai-naruto\\\/#primaryimage\"},\"image\":{\"@id\":\"https:\\\/\\\/repliquemangacine.fr\\\/kunai-et-shuriken-naruto\\\/ensemble-de-3-kunai-naruto\\\/#primaryimage\"},\"thumbnailUrl\":\"https:\\\/\\\/repliquemangacine.fr\\\/wp-content\\\/uploads\\\/2019\\\/09\\\/kunai-ensemble-de-trois-.jpg\",\"datePublished\":\"2019-09-26T12:35:30+00:00\",\"dateModified\":\"2026-01-28T18:38:56+00:00\",\"description\":\"Commandez vite ! cet Ensemble 3 Kuna\u00ef Naruto au meilleur prix. Tout en m\u00e9tal. Lame en acier. Longueur totale : 16cm - Envoi 24\\\/48h\",\"breadcrumb\":{\"@id\":\"https:\\\/\\\/repliquemangacine.fr\\\/kunai-et-shuriken-naruto\\\/ensemble-de-3-kunai-naruto\\\/#breadcrumb\"},\"inLanguage\":\"es\",\"potentialAction\":[{\"@type\":\"ReadAction\",\"target\":[\"https:\\\/\\\/repliquemangacine.fr\\\/kunai-et-shuriken-naruto\\\/ensemble-de-3-kunai-naruto\\\/\"]}]},{\"@type\":\"ImageObject\",\"inLanguage\":\"es\",\"@id\":\"https:\\\/\\\/repliquemangacine.fr\\\/kunai-et-shuriken-naruto\\\/ensemble-de-3-kunai-naruto\\\/#primaryimage\",\"url\":\"https:\\\/\\\/repliquemangacine.fr\\\/wp-content\\\/uploads\\\/2019\\\/09\\\/kunai-ensemble-de-trois-.jpg\",\"contentUrl\":\"https:\\\/\\\/repliquemangacine.fr\\\/wp-content\\\/uploads\\\/2019\\\/09\\\/kunai-ensemble-de-trois-.jpg\",\"width\":500,\"height\":500,\"caption\":\"Ensemble de 3 Kuna\u00ef\"},{\"@type\":\"BreadcrumbList\",\"@id\":\"https:\\\/\\\/repliquemangacine.fr\\\/kunai-et-shuriken-naruto\\\/ensemble-de-3-kunai-naruto\\\/#breadcrumb\",\"itemListElement\":[{\"@type\":\"ListItem\",\"position\":1,\"name\":\"Accueil\",\"item\":\"https:\\\/\\\/repliquemangacine.fr\\\/\"},{\"@type\":\"ListItem\",\"position\":2,\"name\":\"Produits\",\"item\":\"https:\\\/\\\/repliquemangacine.fr\\\/boutique\\\/\"},{\"@type\":\"ListItem\",\"position\":3,\"name\":\"Ensemble 3 Kuna\u00ef Naruto\"}]},{\"@type\":\"WebSite\",\"@id\":\"https:\\\/\\\/repliquemangacine.fr\\\/#website\",\"url\":\"https:\\\/\\\/repliquemangacine.fr\\\/\",\"name\":\"R\u00e9plique Manga Cin\u00e9\",\"description\":\"\",\"publisher\":{\"@id\":\"https:\\\/\\\/repliquemangacine.fr\\\/#organization\"},\"potentialAction\":[{\"@type\":\"SearchAction\",\"target\":{\"@type\":\"EntryPoint\",\"urlTemplate\":\"https:\\\/\\\/repliquemangacine.fr\\\/?s={search_term_string}\"},\"query-input\":{\"@type\":\"PropertyValueSpecification\",\"valueRequired\":true,\"valueName\":\"search_term_string\"}}],\"inLanguage\":\"es\"},{\"@type\":\"Organization\",\"@id\":\"https:\\\/\\\/repliquemangacine.fr\\\/#organization\",\"name\":\"R\u00e9plique Manga Cin\u00e9\",\"url\":\"https:\\\/\\\/repliquemangacine.fr\\\/\",\"logo\":{\"@type\":\"ImageObject\",\"inLanguage\":\"es\",\"@id\":\"https:\\\/\\\/repliquemangacine.fr\\\/#\\\/schema\\\/logo\\\/image\\\/\",\"url\":\"https:\\\/\\\/repliquemangacine.fr\\\/wp-content\\\/uploads\\\/2023\\\/10\\\/RMC-500250.png\",\"contentUrl\":\"https:\\\/\\\/repliquemangacine.fr\\\/wp-content\\\/uploads\\\/2023\\\/10\\\/RMC-500250.png\",\"width\":500,\"height\":250,\"caption\":\"R\u00e9plique Manga Cin\u00e9\"},\"image\":{\"@id\":\"https:\\\/\\\/repliquemangacine.fr\\\/#\\\/schema\\\/logo\\\/image\\\/\"},\"sameAs\":[\"https:\\\/\\\/www.facebook.com\\\/RepliqueMangaCine\",\"https:\\\/\\\/www.instagram.com\\\/repliquemangacine.fr\\\/\"]}]}<\/script>\n<!-- \/ Yoast SEO plugin. -->","yoast_head_json":{"title":"Juego de 3 Naruto Kunai - Naruto Goodies - R\u00e9plique Manga Cin\u00e9","description":"Pida este set de 3 Kuna\u00ef Naruto al mejor precio. Todo metal. Hoja de acero. Longitud total: 16cm - Env\u00edo 24\/48h","robots":{"index":"index","follow":"follow","max-snippet":"max-snippet:-1","max-image-preview":"max-image-preview:large","max-video-preview":"max-video-preview:-1"},"canonical":"https:\/\/repliquemangacine.fr\/es\/naruto-kunai-y-shuriken\/set-de-3-naruto-kunai\/","og_locale":"es_ES","og_type":"article","og_title":"Ensemble 3 Kuna\u00ef Naruto - Goodies Naruto - R\u00e9plique Manga Cin\u00e9","og_description":"Commandez vite ! cet Ensemble 3 Kuna\u00ef Naruto au meilleur prix. Tout en m\u00e9tal. Lame en acier. Longueur totale : 16cm - Envoi 24\/48h","og_url":"https:\/\/repliquemangacine.fr\/es\/naruto-kunai-y-shuriken\/set-de-3-naruto-kunai\/","og_site_name":"R\u00e9plique Manga Cin\u00e9","article_publisher":"https:\/\/www.facebook.com\/RepliqueMangaCine","article_modified_time":"2026-01-28T18:38:56+00:00","og_image":[{"width":500,"height":500,"url":"https:\/\/repliquemangacine.fr\/wp-content\/uploads\/2019\/09\/kunai-ensemble-de-trois-.jpg","type":"image\/jpeg"}],"twitter_card":"summary_large_image","twitter_misc":{"Tiempo de lectura":"3 minutos"},"schema":{"@context":"https:\/\/schema.org","@graph":[{"@type":"WebPage","@id":"https:\/\/repliquemangacine.fr\/kunai-et-shuriken-naruto\/ensemble-de-3-kunai-naruto\/","url":"https:\/\/repliquemangacine.fr\/kunai-et-shuriken-naruto\/ensemble-de-3-kunai-naruto\/","name":"Juego de 3 Naruto Kunai - Naruto Goodies - R\u00e9plique Manga Cin\u00e9","isPartOf":{"@id":"https:\/\/repliquemangacine.fr\/#website"},"primaryImageOfPage":{"@id":"https:\/\/repliquemangacine.fr\/kunai-et-shuriken-naruto\/ensemble-de-3-kunai-naruto\/#primaryimage"},"image":{"@id":"https:\/\/repliquemangacine.fr\/kunai-et-shuriken-naruto\/ensemble-de-3-kunai-naruto\/#primaryimage"},"thumbnailUrl":"https:\/\/repliquemangacine.fr\/wp-content\/uploads\/2019\/09\/kunai-ensemble-de-trois-.jpg","datePublished":"2019-09-26T12:35:30+00:00","dateModified":"2026-01-28T18:38:56+00:00","description":"Pida este set de 3 Kuna\u00ef Naruto al mejor precio. Todo metal. Hoja de acero. Longitud total: 16cm - Env\u00edo 24\/48h","breadcrumb":{"@id":"https:\/\/repliquemangacine.fr\/kunai-et-shuriken-naruto\/ensemble-de-3-kunai-naruto\/#breadcrumb"},"inLanguage":"es","potentialAction":[{"@type":"ReadAction","target":["https:\/\/repliquemangacine.fr\/kunai-et-shuriken-naruto\/ensemble-de-3-kunai-naruto\/"]}]},{"@type":"ImageObject","inLanguage":"es","@id":"https:\/\/repliquemangacine.fr\/kunai-et-shuriken-naruto\/ensemble-de-3-kunai-naruto\/#primaryimage","url":"https:\/\/repliquemangacine.fr\/wp-content\/uploads\/2019\/09\/kunai-ensemble-de-trois-.jpg","contentUrl":"https:\/\/repliquemangacine.fr\/wp-content\/uploads\/2019\/09\/kunai-ensemble-de-trois-.jpg","width":500,"height":500,"caption":"Ensemble de 3 Kuna\u00ef"},{"@type":"BreadcrumbList","@id":"https:\/\/repliquemangacine.fr\/kunai-et-shuriken-naruto\/ensemble-de-3-kunai-naruto\/#breadcrumb","itemListElement":[{"@type":"ListItem","position":1,"name":"Accueil","item":"https:\/\/repliquemangacine.fr\/"},{"@type":"ListItem","position":2,"name":"Produits","item":"https:\/\/repliquemangacine.fr\/boutique\/"},{"@type":"ListItem","position":3,"name":"Ensemble 3 Kuna\u00ef Naruto"}]},{"@type":"WebSite","@id":"https:\/\/repliquemangacine.fr\/#website","url":"https:\/\/repliquemangacine.fr\/","name":"R\u00e9plique Manga Cin\u00e9","description":"","publisher":{"@id":"https:\/\/repliquemangacine.fr\/#organization"},"potentialAction":[{"@type":"SearchAction","target":{"@type":"EntryPoint","urlTemplate":"https:\/\/repliquemangacine.fr\/?s={search_term_string}"},"query-input":{"@type":"PropertyValueSpecification","valueRequired":true,"valueName":"search_term_string"}}],"inLanguage":"es"},{"@type":"Organization","@id":"https:\/\/repliquemangacine.fr\/#organization","name":"R\u00e9plique Manga Cin\u00e9","url":"https:\/\/repliquemangacine.fr\/","logo":{"@type":"ImageObject","inLanguage":"es","@id":"https:\/\/repliquemangacine.fr\/#\/schema\/logo\/image\/","url":"https:\/\/repliquemangacine.fr\/wp-content\/uploads\/2023\/10\/RMC-500250.png","contentUrl":"https:\/\/repliquemangacine.fr\/wp-content\/uploads\/2023\/10\/RMC-500250.png","width":500,"height":250,"caption":"R\u00e9plique Manga Cin\u00e9"},"image":{"@id":"https:\/\/repliquemangacine.fr\/#\/schema\/logo\/image\/"},"sameAs":["https:\/\/www.facebook.com\/RepliqueMangaCine","https:\/\/www.instagram.com\/repliquemangacine.fr\/"]}]}},"_links":{"self":[{"href":"https:\/\/repliquemangacine.fr\/es\/wp-json\/wp\/v2\/product\/28402","targetHints":{"allow":["GET"]}}],"collection":[{"href":"https:\/\/repliquemangacine.fr\/es\/wp-json\/wp\/v2\/product"}],"about":[{"href":"https:\/\/repliquemangacine.fr\/es\/wp-json\/wp\/v2\/types\/product"}],"wp:featuredmedia":[{"embeddable":true,"href":"https:\/\/repliquemangacine.fr\/es\/wp-json\/wp\/v2\/media\/78217"}],"wp:attachment":[{"href":"https:\/\/repliquemangacine.fr\/es\/wp-json\/wp\/v2\/media?parent=28402"}],"wp:term":[{"taxonomy":"product_brand","embeddable":true,"href":"https:\/\/repliquemangacine.fr\/es\/wp-json\/wp\/v2\/product_brand?post=28402"},{"taxonomy":"product_cat","embeddable":true,"href":"https:\/\/repliquemangacine.fr\/es\/wp-json\/wp\/v2\/product_cat?post=28402"},{"taxonomy":"product_tag","embeddable":true,"href":"https:\/\/repliquemangacine.fr\/es\/wp-json\/wp\/v2\/product_tag?post=28402"}],"curies":[{"name":"wp","href":"https:\/\/api.w.org\/{rel}","templated":true}]}}