





{"id":28384,"date":"2019-09-08T15:42:38","date_gmt":"2019-09-08T13:42:38","guid":{"rendered":"https:\/\/repliquemangacine.fr\/?post_type=product&#038;p=28384"},"modified":"2025-09-23T18:02:19","modified_gmt":"2025-09-23T16:02:19","slug":"kukri-eureka-2-machete-zombie-killer-the-walking-dead","status":"publish","type":"product","link":"https:\/\/repliquemangacine.fr\/es\/armes-the-walking-dead\/machette-kukri-eureka-2-machette-tueur-de-zombie-the-walking-dead\/","title":{"rendered":"Machete Kukri Eureka 2"},"content":{"rendered":"<h2>Machete Kukri Eureka 2<\/h2>\n<p>\u00a1El machete Kukri Eureka 2 est\u00e1 especialmente dise\u00f1ado para matar zombis! Machete utilizado por Eugene en The Walking Dead.<\/p>\n<p>Una <a href=\"https:\/\/fr.wikipedia.org\/wiki\/Machette\" target=\"_blank\" rel=\"noopener noreferrer\">machete<\/a> Es un cuchillo largo con mango corto y hoja gruesa, de unos 40 cm de largo, dise\u00f1ado como herramienta para cortar vegetaci\u00f3n. De hecho, se utiliza generalmente para abrirse camino entre la vegetaci\u00f3n densa y para abrir frutos de c\u00e1scara dura, como el coco.<\/p>\n<p>Cabe destacar que el machete form\u00f3 parte del equipamiento del ej\u00e9rcito franc\u00e9s durante la segunda mitad del siglo XIX y la primera mitad del siglo XX con el nombre de \u00absable de abatir\u00bb.<\/p>\n<p>Ampliamente utilizado en el cine y los videojuegos. En Assassin\u2019s Creed III: Liberation, la hero\u00edna Aveline de Grandpr\u00e9 utiliza un machete para el combate cuerpo a cuerpo.<\/p>\n<h2>Tu Machete Kukri Eureka 2 al mejor precio.<\/h2>\n<p>Te ofrecemos una amplia selecci\u00f3n de r\u00e9plicas de la serie The Walking Dead.<\/p>\n<p>Lo primero y m\u00e1s importante,<\/p>\n<ul>\n<li>Una r\u00e9plica id\u00e9ntica del <a href=\"https:\/\/repliquemangacine.fr\/es\/peliculas-series-tv-venta-de-espadas-katana-y-productos-relacionados\/katana-forge-de-michonne\/\">La katana de Michonne<\/a> versi\u00f3n recortada en la serie The Walking Dead.<\/li>\n<li>Tambi\u00e9n existe la <a href=\"https:\/\/repliquemangacine.fr\/es\/los-muertos-vivientes\/machete-asesino-de-zombies-2\/\">machete asesino de zombies<\/a>.<\/li>\n<li>Y muchos m\u00e1s por descubrir en nuestra tienda en l\u00ednea.<\/li>\n<\/ul>\n<p>Por eso, aqu\u00ed tienes una idea estupenda para regalar a todos los fans de la serie The Walking Dead.<\/p>\n<p>En conclusi\u00f3n, tambi\u00e9n puede utilizar este machete Kukri Eureka 2 para sus fiestas de Halloween o sus fiestas tem\u00e1ticas. Pero, ante todo, es una pieza de colecci\u00f3n y decoraci\u00f3n.<\/p>\n<h2>\u00bfC\u00f3mo mantengo la hoja de mi espada?<\/h2>\n<p>Las espadas de colecci\u00f3n y decorativas se fabrican y ensamblan de forma simplificada. Como su uso es decorativo, no cuentan con los elementos de seguridad necesarios para una espada japonesa destinada al entrenamiento.<\/p>\n<p>Sin embargo, su <strong>Machete Kukri Eureka 2<\/strong> a una hoja de acero que hay que cuidar para evitar que se estropee con el tiempo. Cuando exponga su katana, sus amigos sentir\u00e1n curiosidad por ver la hoja y tocarla. Aqu\u00ed es donde hay que tener cuidado, ya que la acidez de los dedos es muy perjudicial para el acero, sea cual sea su calidad.<\/p>\n<p>Sin embargo, si esto ocurre, no te asustes, todo lo que necesitas es un pa\u00f1o humedecido con un poco de aceite y limpiar las huellas dactilares. Si haces esto, tu espada durar\u00e1 mucho tiempo.<\/p>","protected":false},"excerpt":{"rendered":"<p>Machete usado por Eugene en The Walking Dead.<\/p>\n<ul>\n<li>Hoja de acero 440 preafilada.<\/li>\n<li>Empu\u00f1adura de ABS sujeta por tres tornillos y tuercas.<\/li>\n<li>Estuche de Cordura.<\/li>\n<li>Longitud de la hoja: 44 cm - Longitud total: 61 cm - Peso: 675 gramos<\/li>\n<\/ul>","protected":false},"featured_media":28385,"template":"","meta":[],"product_brand":[896],"product_cat":[24,62],"product_tag":[648,641,649],"class_list":{"0":"post-28384","1":"product","2":"type-product","3":"status-publish","4":"has-post-thumbnail","6":"product_brand-replique-manga-cine","7":"product_cat-films-series-tv-vente-de-katana-epee-et-produits-derives","8":"product_cat-armes-the-walking-dead","9":"product_tag-kukri","10":"product_tag-machette","11":"product_tag-machette-kukri","13":"first","14":"instock","15":"taxable","16":"shipping-taxable","17":"purchasable","18":"product-type-simple"},"yoast_head":"<!-- This site is optimized with the Yoast SEO plugin v27.5 - https:\/\/yoast.com\/product\/yoast-seo-wordpress\/ -->\n<title>Machette Kukri Eureka 2 - Walking Dead - R\u00e9plique Manga Cin\u00e9<\/title>\n<meta name=\"description\" content=\"Commandez vite ! votre Machette Kukri Eureka 2 au meilleur prix. Lame en acier - Fait d&#039;une seule pi\u00e8ce - Poign\u00e9e ABS - Longueur totale : 61 cm\" \/>\n<meta name=\"robots\" content=\"index, follow, max-snippet:-1, max-image-preview:large, max-video-preview:-1\" \/>\n<link rel=\"canonical\" href=\"https:\/\/repliquemangacine.fr\/es\/armas-the-walking-dead\/kukri-eureka-2-machete-zombie-killer-the-walking-dead\/\" \/>\n<meta property=\"og:locale\" content=\"es_ES\" \/>\n<meta property=\"og:type\" content=\"article\" \/>\n<meta property=\"og:title\" content=\"Machette Kukri Eureka 2 - Walking Dead - R\u00e9plique Manga Cin\u00e9\" \/>\n<meta property=\"og:description\" content=\"Commandez vite ! votre Machette Kukri Eureka 2 au meilleur prix. Lame en acier - Fait d&#039;une seule pi\u00e8ce - Poign\u00e9e ABS - Longueur totale : 61 cm\" \/>\n<meta property=\"og:url\" content=\"https:\/\/repliquemangacine.fr\/es\/armas-the-walking-dead\/kukri-eureka-2-machete-zombie-killer-the-walking-dead\/\" \/>\n<meta property=\"og:site_name\" content=\"R\u00e9plique Manga Cin\u00e9\" \/>\n<meta property=\"article:publisher\" content=\"https:\/\/www.facebook.com\/RepliqueMangaCine\" \/>\n<meta property=\"article:modified_time\" content=\"2025-09-23T16:02:19+00:00\" \/>\n<meta property=\"og:image\" content=\"https:\/\/repliquemangacine.fr\/wp-content\/uploads\/2023\/10\/3087-Machette-Kukri-Eureka-II.jpg\" \/>\n\t<meta property=\"og:image:width\" content=\"800\" \/>\n\t<meta property=\"og:image:height\" content=\"800\" \/>\n\t<meta property=\"og:image:type\" content=\"image\/jpeg\" \/>\n<meta name=\"twitter:card\" content=\"summary_large_image\" \/>\n<meta name=\"twitter:label1\" content=\"Tiempo de lectura\" \/>\n\t<meta name=\"twitter:data1\" content=\"1 minuto\" \/>\n<script type=\"application\/ld+json\" class=\"yoast-schema-graph\">{\"@context\":\"https:\\\/\\\/schema.org\",\"@graph\":[{\"@type\":\"WebPage\",\"@id\":\"https:\\\/\\\/repliquemangacine.fr\\\/en\\\/weapons-the-walking-dead\\\/kukri-eureka-2-machete-zombie-killer-the-walking-dead\\\/\",\"url\":\"https:\\\/\\\/repliquemangacine.fr\\\/en\\\/weapons-the-walking-dead\\\/kukri-eureka-2-machete-zombie-killer-the-walking-dead\\\/\",\"name\":\"Machette Kukri Eureka 2 - Walking Dead - R\u00e9plique Manga Cin\u00e9\",\"isPartOf\":{\"@id\":\"https:\\\/\\\/repliquemangacine.fr\\\/#website\"},\"primaryImageOfPage\":{\"@id\":\"https:\\\/\\\/repliquemangacine.fr\\\/en\\\/weapons-the-walking-dead\\\/kukri-eureka-2-machete-zombie-killer-the-walking-dead\\\/#primaryimage\"},\"image\":{\"@id\":\"https:\\\/\\\/repliquemangacine.fr\\\/en\\\/weapons-the-walking-dead\\\/kukri-eureka-2-machete-zombie-killer-the-walking-dead\\\/#primaryimage\"},\"thumbnailUrl\":\"https:\\\/\\\/repliquemangacine.fr\\\/wp-content\\\/uploads\\\/2023\\\/10\\\/3087-Machette-Kukri-Eureka-II.jpg\",\"datePublished\":\"2019-09-08T13:42:38+00:00\",\"dateModified\":\"2025-09-23T16:02:19+00:00\",\"description\":\"Commandez vite ! votre Machette Kukri Eureka 2 au meilleur prix. Lame en acier - Fait d'une seule pi\u00e8ce - Poign\u00e9e ABS - Longueur totale : 61 cm\",\"breadcrumb\":{\"@id\":\"https:\\\/\\\/repliquemangacine.fr\\\/en\\\/weapons-the-walking-dead\\\/kukri-eureka-2-machete-zombie-killer-the-walking-dead\\\/#breadcrumb\"},\"inLanguage\":\"es\",\"potentialAction\":[{\"@type\":\"ReadAction\",\"target\":[\"https:\\\/\\\/repliquemangacine.fr\\\/en\\\/weapons-the-walking-dead\\\/kukri-eureka-2-machete-zombie-killer-the-walking-dead\\\/\"]}]},{\"@type\":\"ImageObject\",\"inLanguage\":\"es\",\"@id\":\"https:\\\/\\\/repliquemangacine.fr\\\/en\\\/weapons-the-walking-dead\\\/kukri-eureka-2-machete-zombie-killer-the-walking-dead\\\/#primaryimage\",\"url\":\"https:\\\/\\\/repliquemangacine.fr\\\/wp-content\\\/uploads\\\/2023\\\/10\\\/3087-Machette-Kukri-Eureka-II.jpg\",\"contentUrl\":\"https:\\\/\\\/repliquemangacine.fr\\\/wp-content\\\/uploads\\\/2023\\\/10\\\/3087-Machette-Kukri-Eureka-II.jpg\",\"width\":800,\"height\":800,\"caption\":\"Machette Kukri Eureka II\"},{\"@type\":\"BreadcrumbList\",\"@id\":\"https:\\\/\\\/repliquemangacine.fr\\\/en\\\/weapons-the-walking-dead\\\/kukri-eureka-2-machete-zombie-killer-the-walking-dead\\\/#breadcrumb\",\"itemListElement\":[{\"@type\":\"ListItem\",\"position\":1,\"name\":\"Accueil\",\"item\":\"https:\\\/\\\/repliquemangacine.fr\\\/\"},{\"@type\":\"ListItem\",\"position\":2,\"name\":\"Produits\",\"item\":\"https:\\\/\\\/repliquemangacine.fr\\\/boutique\\\/\"},{\"@type\":\"ListItem\",\"position\":3,\"name\":\"Machette Kukri Eureka 2\"}]},{\"@type\":\"WebSite\",\"@id\":\"https:\\\/\\\/repliquemangacine.fr\\\/#website\",\"url\":\"https:\\\/\\\/repliquemangacine.fr\\\/\",\"name\":\"R\u00e9plique Manga Cin\u00e9\",\"description\":\"\",\"publisher\":{\"@id\":\"https:\\\/\\\/repliquemangacine.fr\\\/#organization\"},\"potentialAction\":[{\"@type\":\"SearchAction\",\"target\":{\"@type\":\"EntryPoint\",\"urlTemplate\":\"https:\\\/\\\/repliquemangacine.fr\\\/?s={search_term_string}\"},\"query-input\":{\"@type\":\"PropertyValueSpecification\",\"valueRequired\":true,\"valueName\":\"search_term_string\"}}],\"inLanguage\":\"es\"},{\"@type\":\"Organization\",\"@id\":\"https:\\\/\\\/repliquemangacine.fr\\\/#organization\",\"name\":\"R\u00e9plique Manga Cin\u00e9\",\"url\":\"https:\\\/\\\/repliquemangacine.fr\\\/\",\"logo\":{\"@type\":\"ImageObject\",\"inLanguage\":\"es\",\"@id\":\"https:\\\/\\\/repliquemangacine.fr\\\/#\\\/schema\\\/logo\\\/image\\\/\",\"url\":\"https:\\\/\\\/repliquemangacine.fr\\\/wp-content\\\/uploads\\\/2023\\\/10\\\/RMC-500250.png\",\"contentUrl\":\"https:\\\/\\\/repliquemangacine.fr\\\/wp-content\\\/uploads\\\/2023\\\/10\\\/RMC-500250.png\",\"width\":500,\"height\":250,\"caption\":\"R\u00e9plique Manga Cin\u00e9\"},\"image\":{\"@id\":\"https:\\\/\\\/repliquemangacine.fr\\\/#\\\/schema\\\/logo\\\/image\\\/\"},\"sameAs\":[\"https:\\\/\\\/www.facebook.com\\\/RepliqueMangaCine\",\"https:\\\/\\\/www.instagram.com\\\/repliquemangacine.fr\\\/\"]}]}<\/script>\n<!-- \/ Yoast SEO plugin. -->","yoast_head_json":{"title":"Machete Kukri Eureka 2 - Walking Dead - R\u00e9plique Manga Cin\u00e9","description":"Compra ahora tu Machete Kukri Eureka 2 al mejor precio. Hoja de acero - Fabricado en una sola pieza - Mango ABS - Longitud total: 61 cm.","robots":{"index":"index","follow":"follow","max-snippet":"max-snippet:-1","max-image-preview":"max-image-preview:large","max-video-preview":"max-video-preview:-1"},"canonical":"https:\/\/repliquemangacine.fr\/es\/armas-the-walking-dead\/kukri-eureka-2-machete-zombie-killer-the-walking-dead\/","og_locale":"es_ES","og_type":"article","og_title":"Machette Kukri Eureka 2 - Walking Dead - R\u00e9plique Manga Cin\u00e9","og_description":"Commandez vite ! votre Machette Kukri Eureka 2 au meilleur prix. Lame en acier - Fait d'une seule pi\u00e8ce - Poign\u00e9e ABS - Longueur totale : 61 cm","og_url":"https:\/\/repliquemangacine.fr\/es\/armas-the-walking-dead\/kukri-eureka-2-machete-zombie-killer-the-walking-dead\/","og_site_name":"R\u00e9plique Manga Cin\u00e9","article_publisher":"https:\/\/www.facebook.com\/RepliqueMangaCine","article_modified_time":"2025-09-23T16:02:19+00:00","og_image":[{"width":800,"height":800,"url":"https:\/\/repliquemangacine.fr\/wp-content\/uploads\/2023\/10\/3087-Machette-Kukri-Eureka-II.jpg","type":"image\/jpeg"}],"twitter_card":"summary_large_image","twitter_misc":{"Tiempo de lectura":"1 minuto"},"schema":{"@context":"https:\/\/schema.org","@graph":[{"@type":"WebPage","@id":"https:\/\/repliquemangacine.fr\/en\/weapons-the-walking-dead\/kukri-eureka-2-machete-zombie-killer-the-walking-dead\/","url":"https:\/\/repliquemangacine.fr\/en\/weapons-the-walking-dead\/kukri-eureka-2-machete-zombie-killer-the-walking-dead\/","name":"Machete Kukri Eureka 2 - Walking Dead - R\u00e9plique Manga Cin\u00e9","isPartOf":{"@id":"https:\/\/repliquemangacine.fr\/#website"},"primaryImageOfPage":{"@id":"https:\/\/repliquemangacine.fr\/en\/weapons-the-walking-dead\/kukri-eureka-2-machete-zombie-killer-the-walking-dead\/#primaryimage"},"image":{"@id":"https:\/\/repliquemangacine.fr\/en\/weapons-the-walking-dead\/kukri-eureka-2-machete-zombie-killer-the-walking-dead\/#primaryimage"},"thumbnailUrl":"https:\/\/repliquemangacine.fr\/wp-content\/uploads\/2023\/10\/3087-Machette-Kukri-Eureka-II.jpg","datePublished":"2019-09-08T13:42:38+00:00","dateModified":"2025-09-23T16:02:19+00:00","description":"Compra ahora tu Machete Kukri Eureka 2 al mejor precio. Hoja de acero - Fabricado en una sola pieza - Mango ABS - Longitud total: 61 cm.","breadcrumb":{"@id":"https:\/\/repliquemangacine.fr\/en\/weapons-the-walking-dead\/kukri-eureka-2-machete-zombie-killer-the-walking-dead\/#breadcrumb"},"inLanguage":"es","potentialAction":[{"@type":"ReadAction","target":["https:\/\/repliquemangacine.fr\/en\/weapons-the-walking-dead\/kukri-eureka-2-machete-zombie-killer-the-walking-dead\/"]}]},{"@type":"ImageObject","inLanguage":"es","@id":"https:\/\/repliquemangacine.fr\/en\/weapons-the-walking-dead\/kukri-eureka-2-machete-zombie-killer-the-walking-dead\/#primaryimage","url":"https:\/\/repliquemangacine.fr\/wp-content\/uploads\/2023\/10\/3087-Machette-Kukri-Eureka-II.jpg","contentUrl":"https:\/\/repliquemangacine.fr\/wp-content\/uploads\/2023\/10\/3087-Machette-Kukri-Eureka-II.jpg","width":800,"height":800,"caption":"Machette Kukri Eureka II"},{"@type":"BreadcrumbList","@id":"https:\/\/repliquemangacine.fr\/en\/weapons-the-walking-dead\/kukri-eureka-2-machete-zombie-killer-the-walking-dead\/#breadcrumb","itemListElement":[{"@type":"ListItem","position":1,"name":"Accueil","item":"https:\/\/repliquemangacine.fr\/"},{"@type":"ListItem","position":2,"name":"Produits","item":"https:\/\/repliquemangacine.fr\/boutique\/"},{"@type":"ListItem","position":3,"name":"Machette Kukri Eureka 2"}]},{"@type":"WebSite","@id":"https:\/\/repliquemangacine.fr\/#website","url":"https:\/\/repliquemangacine.fr\/","name":"R\u00e9plique Manga Cin\u00e9","description":"","publisher":{"@id":"https:\/\/repliquemangacine.fr\/#organization"},"potentialAction":[{"@type":"SearchAction","target":{"@type":"EntryPoint","urlTemplate":"https:\/\/repliquemangacine.fr\/?s={search_term_string}"},"query-input":{"@type":"PropertyValueSpecification","valueRequired":true,"valueName":"search_term_string"}}],"inLanguage":"es"},{"@type":"Organization","@id":"https:\/\/repliquemangacine.fr\/#organization","name":"R\u00e9plique Manga Cin\u00e9","url":"https:\/\/repliquemangacine.fr\/","logo":{"@type":"ImageObject","inLanguage":"es","@id":"https:\/\/repliquemangacine.fr\/#\/schema\/logo\/image\/","url":"https:\/\/repliquemangacine.fr\/wp-content\/uploads\/2023\/10\/RMC-500250.png","contentUrl":"https:\/\/repliquemangacine.fr\/wp-content\/uploads\/2023\/10\/RMC-500250.png","width":500,"height":250,"caption":"R\u00e9plique Manga Cin\u00e9"},"image":{"@id":"https:\/\/repliquemangacine.fr\/#\/schema\/logo\/image\/"},"sameAs":["https:\/\/www.facebook.com\/RepliqueMangaCine","https:\/\/www.instagram.com\/repliquemangacine.fr\/"]}]}},"_links":{"self":[{"href":"https:\/\/repliquemangacine.fr\/es\/wp-json\/wp\/v2\/product\/28384","targetHints":{"allow":["GET"]}}],"collection":[{"href":"https:\/\/repliquemangacine.fr\/es\/wp-json\/wp\/v2\/product"}],"about":[{"href":"https:\/\/repliquemangacine.fr\/es\/wp-json\/wp\/v2\/types\/product"}],"wp:featuredmedia":[{"embeddable":true,"href":"https:\/\/repliquemangacine.fr\/es\/wp-json\/wp\/v2\/media\/28385"}],"wp:attachment":[{"href":"https:\/\/repliquemangacine.fr\/es\/wp-json\/wp\/v2\/media?parent=28384"}],"wp:term":[{"taxonomy":"product_brand","embeddable":true,"href":"https:\/\/repliquemangacine.fr\/es\/wp-json\/wp\/v2\/product_brand?post=28384"},{"taxonomy":"product_cat","embeddable":true,"href":"https:\/\/repliquemangacine.fr\/es\/wp-json\/wp\/v2\/product_cat?post=28384"},{"taxonomy":"product_tag","embeddable":true,"href":"https:\/\/repliquemangacine.fr\/es\/wp-json\/wp\/v2\/product_tag?post=28384"}],"curies":[{"name":"wp","href":"https:\/\/api.w.org\/{rel}","templated":true}]}}