





{"id":28370,"date":"2019-09-08T14:13:44","date_gmt":"2019-09-08T12:13:44","guid":{"rendered":"https:\/\/repliquemangacine.fr\/?post_type=product&#038;p=28370"},"modified":"2026-04-22T03:23:33","modified_gmt":"2026-04-22T01:23:33","slug":"tercer-machete","status":"publish","type":"product","link":"https:\/\/repliquemangacine.fr\/es\/armes-the-walking-dead\/machette-third\/","title":{"rendered":"Machete Tercero"},"content":{"rendered":"<h2>Machete Tercero<\/h2>\n<p>Para empezar, el <strong>Machete Tercero<\/strong> \u00a1Est\u00e1 especialmente dise\u00f1ada para matar zombis!<\/p>\n<p>Una <a href=\"https:\/\/fr.wikipedia.org\/wiki\/Machette\" target=\"_blank\" rel=\"noopener noreferrer\">machete<\/a> Es un cuchillo largo con mango corto y hoja gruesa, de unos 40 cm de largo, dise\u00f1ado como herramienta para cortar vegetaci\u00f3n. Se utiliza generalmente para abrirse camino entre la vegetaci\u00f3n densa y para abrir frutos de c\u00e1scara dura, como el coco.<\/p>\n<p>La machete form\u00f3 parte del equipamiento del ej\u00e9rcito franc\u00e9s durante la segunda mitad del siglo XIX y la primera mitad del siglo XX con el nombre de \u00absabre d'abattis\u00bb (sable de combate).<\/p>\n<p>Ampliamente utilizado en el cine y los videojuegos. En Assassin\u2019s Creed III: Liberation, la hero\u00edna Aveline de Grandpr\u00e9 utiliza un machete para el combate cuerpo a cuerpo.<\/p>\n<h2>Tu Machette Third al mejor precio.<\/h2>\n<p>Te ofrecemos una amplia selecci\u00f3n de r\u00e9plicas de la serie The Walking Dead.<\/p>\n<p>Lo primero y m\u00e1s importante,<\/p>\n<ul>\n<li>El fant\u00e1stico <a href=\"https:\/\/repliquemangacine.fr\/es\/los-muertos-vivientes\/katana-de-michonne\/\">La katana de Michonne<\/a> en versi\u00f3n no cortante. Pero tambi\u00e9n hay disponible una versi\u00f3n cortante.<\/li>\n<li>Tambi\u00e9n existe la <a href=\"https:\/\/repliquemangacine.fr\/es\/los-muertos-vivientes\/batte-de-lucille-en-mousse-rigide\/\">Bate Negan<\/a> versi\u00f3n de espuma.<\/li>\n<li>As\u00ed como el arma preferida de Rick, su <a href=\"https:\/\/repliquemangacine.fr\/es\/los-muertos-vivientes\/colt-python-rick-grimes\/\">Colt Python 357<\/a><\/li>\n<li>Y muchos m\u00e1s por descubrir en nuestra tienda en l\u00ednea.<\/li>\n<\/ul>\n<p>Por eso, esta es una idea estupenda para regalar a todos los fans de la serie The Walking Dead.<\/p>\n<p>En conclusi\u00f3n, tambi\u00e9n puede utilizar este <strong>Machete asesino de zombis<\/strong> para tus fiestas de Halloweens o veladas tem\u00e1ticas. Pero, sobre todo, es una pieza de coleccionista y de decoraci\u00f3n.<\/p>\n<h2>\u00bfC\u00f3mo mantengo la hoja de mi espada?<\/h2>\n<p>Las espadas de colecci\u00f3n y decorativas se fabrican y ensamblan de forma simplificada. Como su uso es decorativo, no cuentan con los elementos de seguridad necesarios para una espada japonesa destinada al entrenamiento.<\/p>\n<p>Sin embargo, su <strong>Machete Tercero<\/strong> a una hoja de acero que hay que cuidar para evitar que se estropee con el tiempo. Cuando exponga su katana, sus amigos sentir\u00e1n curiosidad por ver la hoja y tocarla. Aqu\u00ed es donde hay que tener cuidado, ya que la acidez de los dedos es muy perjudicial para el acero, sea cual sea su calidad.<\/p>\n<p>Sin embargo, si esto ocurre, no te asustes, todo lo que necesitas es un pa\u00f1o humedecido con un poco de aceite y limpiar las huellas dactilares. Si haces esto, tu espada durar\u00e1 mucho tiempo.<\/p>","protected":false},"excerpt":{"rendered":"<div class=\"text col-xs-offset-0\" style=\"height: auto;\">Machete fabricado en una sola pieza.<\/div>\n<ul>\n<li class=\"text col-xs-offset-0\" style=\"height: auto;\">Hoja bicolor, puntiaguda y dentada.<\/li>\n<li class=\"text col-xs-offset-0\" style=\"height: auto;\">Asa entrelazada con tiras de algod\u00f3n.<\/li>\n<li class=\"text col-xs-offset-0\" style=\"height: auto;\">Funda de cordura negra.<\/li>\n<li class=\"text col-xs-offset-0\" style=\"height: auto;\">Longitud de la hoja: 46,5 cm - Longitud total: 63,5 cm<\/li>\n<\/ul>","protected":false},"featured_media":28371,"template":"","meta":[],"product_brand":[896],"product_cat":[24,62],"product_tag":[641,642],"class_list":{"0":"post-28370","1":"product","2":"type-product","3":"status-publish","4":"has-post-thumbnail","6":"product_brand-replique-manga-cine","7":"product_cat-films-series-tv-vente-de-katana-epee-et-produits-derives","8":"product_cat-armes-the-walking-dead","9":"product_tag-machette","10":"product_tag-machette-the-walking-dead","12":"first","13":"instock","14":"sale","15":"taxable","16":"shipping-taxable","17":"purchasable","18":"product-type-simple"},"yoast_head":"<!-- This site is optimized with the Yoast SEO plugin v27.4 - https:\/\/yoast.com\/product\/yoast-seo-wordpress\/ -->\n<title>Machette Third - Walking Dead | R\u00e9plique Manga Cin\u00e9<\/title>\n<meta name=\"description\" content=\"Superbe Machette Third the Walking Dead au meilleur prix - Lame en acier - Fait d&#039;une seule pi\u00e8ce - Fourreau - Longueur totale : 63.5 cm\" \/>\n<meta name=\"robots\" content=\"index, follow, max-snippet:-1, max-image-preview:large, max-video-preview:-1\" \/>\n<link rel=\"canonical\" href=\"https:\/\/repliquemangacine.fr\/es\/armas-the-walking-dead\/tercer-machete\/\" \/>\n<meta property=\"og:locale\" content=\"es_ES\" \/>\n<meta property=\"og:type\" content=\"article\" \/>\n<meta property=\"og:title\" content=\"Machette Third - Walking Dead | R\u00e9plique Manga Cin\u00e9\" \/>\n<meta property=\"og:description\" content=\"Superbe Machette Third the Walking Dead au meilleur prix - Lame en acier - Fait d&#039;une seule pi\u00e8ce - Fourreau - Longueur totale : 63.5 cm\" \/>\n<meta property=\"og:url\" content=\"https:\/\/repliquemangacine.fr\/es\/armas-the-walking-dead\/tercer-machete\/\" \/>\n<meta property=\"og:site_name\" content=\"R\u00e9plique Manga Cin\u00e9\" \/>\n<meta property=\"article:publisher\" content=\"https:\/\/www.facebook.com\/RepliqueMangaCine\" \/>\n<meta property=\"article:modified_time\" content=\"2026-04-22T01:23:33+00:00\" \/>\n<meta property=\"og:image\" content=\"https:\/\/repliquemangacine.fr\/wp-content\/uploads\/2023\/10\/3096-Machette-tueur-de-Zombie.jpg\" \/>\n\t<meta property=\"og:image:width\" content=\"800\" \/>\n\t<meta property=\"og:image:height\" content=\"800\" \/>\n\t<meta property=\"og:image:type\" content=\"image\/jpeg\" \/>\n<meta name=\"twitter:card\" content=\"summary_large_image\" \/>\n<meta name=\"twitter:label1\" content=\"Tiempo de lectura\" \/>\n\t<meta name=\"twitter:data1\" content=\"3 minutos\" \/>\n<script type=\"application\/ld+json\" class=\"yoast-schema-graph\">{\"@context\":\"https:\\\/\\\/schema.org\",\"@graph\":[{\"@type\":\"WebPage\",\"@id\":\"https:\\\/\\\/repliquemangacine.fr\\\/armes-the-walking-dead\\\/machette-third\\\/\",\"url\":\"https:\\\/\\\/repliquemangacine.fr\\\/armes-the-walking-dead\\\/machette-third\\\/\",\"name\":\"Machette Third - Walking Dead | R\u00e9plique Manga Cin\u00e9\",\"isPartOf\":{\"@id\":\"https:\\\/\\\/repliquemangacine.fr\\\/#website\"},\"primaryImageOfPage\":{\"@id\":\"https:\\\/\\\/repliquemangacine.fr\\\/armes-the-walking-dead\\\/machette-third\\\/#primaryimage\"},\"image\":{\"@id\":\"https:\\\/\\\/repliquemangacine.fr\\\/armes-the-walking-dead\\\/machette-third\\\/#primaryimage\"},\"thumbnailUrl\":\"https:\\\/\\\/repliquemangacine.fr\\\/wp-content\\\/uploads\\\/2023\\\/10\\\/3096-Machette-tueur-de-Zombie.jpg\",\"datePublished\":\"2019-09-08T12:13:44+00:00\",\"dateModified\":\"2026-04-22T01:23:33+00:00\",\"description\":\"Superbe Machette Third the Walking Dead au meilleur prix - Lame en acier - Fait d'une seule pi\u00e8ce - Fourreau - Longueur totale : 63.5 cm\",\"breadcrumb\":{\"@id\":\"https:\\\/\\\/repliquemangacine.fr\\\/armes-the-walking-dead\\\/machette-third\\\/#breadcrumb\"},\"inLanguage\":\"es\",\"potentialAction\":[{\"@type\":\"ReadAction\",\"target\":[\"https:\\\/\\\/repliquemangacine.fr\\\/armes-the-walking-dead\\\/machette-third\\\/\"]}]},{\"@type\":\"ImageObject\",\"inLanguage\":\"es\",\"@id\":\"https:\\\/\\\/repliquemangacine.fr\\\/armes-the-walking-dead\\\/machette-third\\\/#primaryimage\",\"url\":\"https:\\\/\\\/repliquemangacine.fr\\\/wp-content\\\/uploads\\\/2023\\\/10\\\/3096-Machette-tueur-de-Zombie.jpg\",\"contentUrl\":\"https:\\\/\\\/repliquemangacine.fr\\\/wp-content\\\/uploads\\\/2023\\\/10\\\/3096-Machette-tueur-de-Zombie.jpg\",\"width\":800,\"height\":800,\"caption\":\"Machette tueur de Zombie\"},{\"@type\":\"BreadcrumbList\",\"@id\":\"https:\\\/\\\/repliquemangacine.fr\\\/armes-the-walking-dead\\\/machette-third\\\/#breadcrumb\",\"itemListElement\":[{\"@type\":\"ListItem\",\"position\":1,\"name\":\"Accueil\",\"item\":\"https:\\\/\\\/repliquemangacine.fr\\\/\"},{\"@type\":\"ListItem\",\"position\":2,\"name\":\"Produits\",\"item\":\"https:\\\/\\\/repliquemangacine.fr\\\/boutique\\\/\"},{\"@type\":\"ListItem\",\"position\":3,\"name\":\"Machette Third\"}]},{\"@type\":\"WebSite\",\"@id\":\"https:\\\/\\\/repliquemangacine.fr\\\/#website\",\"url\":\"https:\\\/\\\/repliquemangacine.fr\\\/\",\"name\":\"R\u00e9plique Manga Cin\u00e9\",\"description\":\"\",\"publisher\":{\"@id\":\"https:\\\/\\\/repliquemangacine.fr\\\/#organization\"},\"potentialAction\":[{\"@type\":\"SearchAction\",\"target\":{\"@type\":\"EntryPoint\",\"urlTemplate\":\"https:\\\/\\\/repliquemangacine.fr\\\/?s={search_term_string}\"},\"query-input\":{\"@type\":\"PropertyValueSpecification\",\"valueRequired\":true,\"valueName\":\"search_term_string\"}}],\"inLanguage\":\"es\"},{\"@type\":\"Organization\",\"@id\":\"https:\\\/\\\/repliquemangacine.fr\\\/#organization\",\"name\":\"R\u00e9plique Manga Cin\u00e9\",\"url\":\"https:\\\/\\\/repliquemangacine.fr\\\/\",\"logo\":{\"@type\":\"ImageObject\",\"inLanguage\":\"es\",\"@id\":\"https:\\\/\\\/repliquemangacine.fr\\\/#\\\/schema\\\/logo\\\/image\\\/\",\"url\":\"https:\\\/\\\/repliquemangacine.fr\\\/wp-content\\\/uploads\\\/2023\\\/10\\\/RMC-500250.png\",\"contentUrl\":\"https:\\\/\\\/repliquemangacine.fr\\\/wp-content\\\/uploads\\\/2023\\\/10\\\/RMC-500250.png\",\"width\":500,\"height\":250,\"caption\":\"R\u00e9plique Manga Cin\u00e9\"},\"image\":{\"@id\":\"https:\\\/\\\/repliquemangacine.fr\\\/#\\\/schema\\\/logo\\\/image\\\/\"},\"sameAs\":[\"https:\\\/\\\/www.facebook.com\\\/RepliqueMangaCine\",\"https:\\\/\\\/www.instagram.com\\\/repliquemangacine.fr\\\/\"]}]}<\/script>\n<!-- \/ Yoast SEO plugin. -->","yoast_head_json":{"title":"Machete Tercero - Walking Dead | R\u00e9plique Manga Cin\u00e9","description":"Magn\u00edfico Machete de Third the Walking Dead al mejor precio - Hoja de acero - Fabricado en una sola pieza - Vaina - Longitud total: 63,5 cm","robots":{"index":"index","follow":"follow","max-snippet":"max-snippet:-1","max-image-preview":"max-image-preview:large","max-video-preview":"max-video-preview:-1"},"canonical":"https:\/\/repliquemangacine.fr\/es\/armas-the-walking-dead\/tercer-machete\/","og_locale":"es_ES","og_type":"article","og_title":"Machette Third - Walking Dead | R\u00e9plique Manga Cin\u00e9","og_description":"Superbe Machette Third the Walking Dead au meilleur prix - Lame en acier - Fait d'une seule pi\u00e8ce - Fourreau - Longueur totale : 63.5 cm","og_url":"https:\/\/repliquemangacine.fr\/es\/armas-the-walking-dead\/tercer-machete\/","og_site_name":"R\u00e9plique Manga Cin\u00e9","article_publisher":"https:\/\/www.facebook.com\/RepliqueMangaCine","article_modified_time":"2026-04-22T01:23:33+00:00","og_image":[{"width":800,"height":800,"url":"https:\/\/repliquemangacine.fr\/wp-content\/uploads\/2023\/10\/3096-Machette-tueur-de-Zombie.jpg","type":"image\/jpeg"}],"twitter_card":"summary_large_image","twitter_misc":{"Tiempo de lectura":"3 minutos"},"schema":{"@context":"https:\/\/schema.org","@graph":[{"@type":"WebPage","@id":"https:\/\/repliquemangacine.fr\/armes-the-walking-dead\/machette-third\/","url":"https:\/\/repliquemangacine.fr\/armes-the-walking-dead\/machette-third\/","name":"Machete Tercero - Walking Dead | R\u00e9plique Manga Cin\u00e9","isPartOf":{"@id":"https:\/\/repliquemangacine.fr\/#website"},"primaryImageOfPage":{"@id":"https:\/\/repliquemangacine.fr\/armes-the-walking-dead\/machette-third\/#primaryimage"},"image":{"@id":"https:\/\/repliquemangacine.fr\/armes-the-walking-dead\/machette-third\/#primaryimage"},"thumbnailUrl":"https:\/\/repliquemangacine.fr\/wp-content\/uploads\/2023\/10\/3096-Machette-tueur-de-Zombie.jpg","datePublished":"2019-09-08T12:13:44+00:00","dateModified":"2026-04-22T01:23:33+00:00","description":"Magn\u00edfico Machete de Third the Walking Dead al mejor precio - Hoja de acero - Fabricado en una sola pieza - Vaina - Longitud total: 63,5 cm","breadcrumb":{"@id":"https:\/\/repliquemangacine.fr\/armes-the-walking-dead\/machette-third\/#breadcrumb"},"inLanguage":"es","potentialAction":[{"@type":"ReadAction","target":["https:\/\/repliquemangacine.fr\/armes-the-walking-dead\/machette-third\/"]}]},{"@type":"ImageObject","inLanguage":"es","@id":"https:\/\/repliquemangacine.fr\/armes-the-walking-dead\/machette-third\/#primaryimage","url":"https:\/\/repliquemangacine.fr\/wp-content\/uploads\/2023\/10\/3096-Machette-tueur-de-Zombie.jpg","contentUrl":"https:\/\/repliquemangacine.fr\/wp-content\/uploads\/2023\/10\/3096-Machette-tueur-de-Zombie.jpg","width":800,"height":800,"caption":"Machette tueur de Zombie"},{"@type":"BreadcrumbList","@id":"https:\/\/repliquemangacine.fr\/armes-the-walking-dead\/machette-third\/#breadcrumb","itemListElement":[{"@type":"ListItem","position":1,"name":"Accueil","item":"https:\/\/repliquemangacine.fr\/"},{"@type":"ListItem","position":2,"name":"Produits","item":"https:\/\/repliquemangacine.fr\/boutique\/"},{"@type":"ListItem","position":3,"name":"Machette Third"}]},{"@type":"WebSite","@id":"https:\/\/repliquemangacine.fr\/#website","url":"https:\/\/repliquemangacine.fr\/","name":"R\u00e9plique Manga Cin\u00e9","description":"","publisher":{"@id":"https:\/\/repliquemangacine.fr\/#organization"},"potentialAction":[{"@type":"SearchAction","target":{"@type":"EntryPoint","urlTemplate":"https:\/\/repliquemangacine.fr\/?s={search_term_string}"},"query-input":{"@type":"PropertyValueSpecification","valueRequired":true,"valueName":"search_term_string"}}],"inLanguage":"es"},{"@type":"Organization","@id":"https:\/\/repliquemangacine.fr\/#organization","name":"R\u00e9plique Manga Cin\u00e9","url":"https:\/\/repliquemangacine.fr\/","logo":{"@type":"ImageObject","inLanguage":"es","@id":"https:\/\/repliquemangacine.fr\/#\/schema\/logo\/image\/","url":"https:\/\/repliquemangacine.fr\/wp-content\/uploads\/2023\/10\/RMC-500250.png","contentUrl":"https:\/\/repliquemangacine.fr\/wp-content\/uploads\/2023\/10\/RMC-500250.png","width":500,"height":250,"caption":"R\u00e9plique Manga Cin\u00e9"},"image":{"@id":"https:\/\/repliquemangacine.fr\/#\/schema\/logo\/image\/"},"sameAs":["https:\/\/www.facebook.com\/RepliqueMangaCine","https:\/\/www.instagram.com\/repliquemangacine.fr\/"]}]}},"_links":{"self":[{"href":"https:\/\/repliquemangacine.fr\/es\/wp-json\/wp\/v2\/product\/28370","targetHints":{"allow":["GET"]}}],"collection":[{"href":"https:\/\/repliquemangacine.fr\/es\/wp-json\/wp\/v2\/product"}],"about":[{"href":"https:\/\/repliquemangacine.fr\/es\/wp-json\/wp\/v2\/types\/product"}],"wp:featuredmedia":[{"embeddable":true,"href":"https:\/\/repliquemangacine.fr\/es\/wp-json\/wp\/v2\/media\/28371"}],"wp:attachment":[{"href":"https:\/\/repliquemangacine.fr\/es\/wp-json\/wp\/v2\/media?parent=28370"}],"wp:term":[{"taxonomy":"product_brand","embeddable":true,"href":"https:\/\/repliquemangacine.fr\/es\/wp-json\/wp\/v2\/product_brand?post=28370"},{"taxonomy":"product_cat","embeddable":true,"href":"https:\/\/repliquemangacine.fr\/es\/wp-json\/wp\/v2\/product_cat?post=28370"},{"taxonomy":"product_tag","embeddable":true,"href":"https:\/\/repliquemangacine.fr\/es\/wp-json\/wp\/v2\/product_tag?post=28370"}],"curies":[{"name":"wp","href":"https:\/\/api.w.org\/{rel}","templated":true}]}}