





{"id":28274,"date":"2019-09-05T15:04:04","date_gmt":"2019-09-05T13:04:04","guid":{"rendered":"https:\/\/repliquemangacine.fr\/?post_type=product&#038;p=28274"},"modified":"2025-09-23T18:02:16","modified_gmt":"2025-09-23T16:02:16","slug":"taza-juego-de-tronos-taza-lobo-fantasma","status":"publish","type":"product","link":"https:\/\/repliquemangacine.fr\/es\/collectors-et-goodies-game-of-thrones\/mug-game-of-thrones-tasse-loup-fantome\/","title":{"rendered":"Taza Juego de Tronos - Taza Lobo Fantasma"},"content":{"rendered":"<h2>Taza Lobo GOT (Juego de Tronos)<\/h2>\n<p>Para empezar, el <strong>Taza GOT Wolf<\/strong>, inspirado en la serie Juego de Tronos. La cabeza de Fantasma aparece en ambos lados de la taza. La decoraci\u00f3n que la rodea es de una delicadeza incre\u00edble. Interior de aluminio.<\/p>\n<p>Game Of Throne, tambi\u00e9n conocida como El Trono de Hierro, serie de televisi\u00f3n estadounidense de fantas\u00eda creada por David Benioff y D. B. Weiss.<\/p>\n<p>De hecho, se trata de la adaptaci\u00f3n de la serie de novelas escritas por George R. R. Martin. Esta saga es famosa por su realismo y por sus numerosas inspiraciones en hechos reales. Algunos lugares y personajes hist\u00f3ricos, como la Guerra de las Dos Rosas, el muro de Adriano o Enrique VII Tudor.<\/p>\n<h2>Tu Taza GOT Wolf al mejor precio.<\/h2>\n<p>Le ofrecemos una amplia selecci\u00f3n de espadas y objetos de colecci\u00f3n a precios econ\u00f3micos.<\/p>\n<p>Lo primero y m\u00e1s importante,<\/p>\n<ul>\n<li>L'<a href=\"https:\/\/repliquemangacine.fr\/es\/juego-de-tronos\/jon-snow-espada-grande-juego-de-tronos-etiqueta\/\">La espada de Jon Nieve<\/a> \"Grand Griffe\" en versi\u00f3n novela y serie.<\/li>\n<li>As\u00ed como el<a href=\"https:\/\/repliquemangacine.fr\/es\/juego-de-tronos-coleccionistas-y-golosinas\/armadura-lannister-60cm-juego-de-tronos\/\">Armadura Lannister en 60 cm<\/a>sino tambi\u00e9n en tama\u00f1o real<\/li>\n<li>Tambi\u00e9n hay huevos de drag\u00f3n de Daenerys bajo licencia de HBO, distribuidos por <a href=\"https:\/\/noblecollection.fr\/\" target=\"_blank\" rel=\"noopener noreferrer\">Colecci\u00f3n Noble<\/a><\/li>\n<li>Y mucho m\u00e1s por descubrir en nuestra tienda en l\u00ednea.<\/li>\n<\/ul>\n<p>Por eso, aqu\u00ed tienes una idea estupenda para regalar a los fans de la serie Juego de Tronos.<\/p>\n<p>En conclusi\u00f3n, puede utilizar el <strong>Taza GOT Wolf<\/strong> en la vida cotidiana durante las pausas para el caf\u00e9. Pero, sobre todo, es una pieza de coleccionista y una pieza decorativa.<\/p>\n<h2>\u00bfC\u00f3mo se fabrican sus objetos de colecci\u00f3n?<\/h2>\n<p>Para empezar, todos nuestros productos derivados son de la m\u00e1xima calidad, fabricados con meticulosa atenci\u00f3n al detalle. Una parte se hace a mano, para reproducir hasta el m\u00e1s m\u00ednimo detalle. Las partes m\u00e1s importantes se mecanizan con m\u00e1quinas muy precisas. Los grabados se hacen generalmente con punta de diamante o l\u00e1ser.<\/p>\n<p>Su <strong>Taza GOT Wolf<\/strong> fabricados para reproducir cada detalle con exactitud. Para igualar el legado de las obras maestras originales. Se hace hincapi\u00e9 en crear r\u00e9plicas de alta calidad que sean lo m\u00e1s hist\u00f3ricamente exactas posible.<\/p>\n<p>En conclusi\u00f3n, importadas de China, Espa\u00f1a o la India, \u00a1nuestras r\u00e9plicas le sorprender\u00e1n!<\/p>\n<p>R\u00e9plique Manga Cin\u00e9 es una empresa familiar francesa.<\/p>","protected":false},"excerpt":{"rendered":"<p>Taza no oficial de Juego de Tronos con la cabeza de Fantasma, uno de los lobos adoptados y criados por Jon Nieve.<\/p>\n<ul>\n<li>Fabricado en resina de alta calidad.<\/li>\n<li>Pintado a mano.<\/li>\n<li>Interior de aluminio.<\/li>\n<li>Di\u00e1metro exterior de la taza: 10 cm - Altura: 11 cm - Peso: 427 g<\/li>\n<\/ul>","protected":false},"featured_media":28275,"template":"","meta":[],"product_brand":[896],"product_cat":[81,24,47],"product_tag":[605,606,607,608],"class_list":{"0":"post-28274","1":"product","2":"type-product","3":"status-publish","4":"has-post-thumbnail","6":"product_brand-replique-manga-cine","7":"product_cat-collectors-et-goodies-game-of-thrones","8":"product_cat-films-series-tv-vente-de-katana-epee-et-produits-derives","9":"product_cat-game-of-thrones","10":"product_tag-cadeau-game-of-thrones","11":"product_tag-goodies-game-of-thrones","12":"product_tag-idee-cadeau-got","13":"product_tag-mug-game-of-thrones","15":"first","16":"instock","17":"taxable","18":"shipping-taxable","19":"purchasable","20":"product-type-simple"},"yoast_head":"<!-- This site is optimized with the Yoast SEO plugin v27.4 - https:\/\/yoast.com\/product\/yoast-seo-wordpress\/ -->\n<title>Mug Loup GOT - Vente objet Collector Game of Thrones | RMC<\/title>\n<meta name=\"description\" content=\"D\u00e9couvrez le Mug Loup GOT au meilleur prix - Int\u00e9rieur en aluminium - Ext\u00e9rieur en r\u00e9sine avec la t\u00eate du loup Fant\u00f4me - Hauteur : 11 cm - Poids : 427 g\" \/>\n<meta name=\"robots\" content=\"index, follow, max-snippet:-1, max-image-preview:large, max-video-preview:-1\" \/>\n<link rel=\"canonical\" href=\"https:\/\/repliquemangacine.fr\/es\/juego-de-tronos-coleccionistas-y-golosinas\/taza-juego-de-tronos-taza-lobo-fantasma\/\" \/>\n<meta property=\"og:locale\" content=\"es_ES\" \/>\n<meta property=\"og:type\" content=\"article\" \/>\n<meta property=\"og:title\" content=\"Mug Loup GOT - Vente objet Collector Game of Thrones | RMC\" \/>\n<meta property=\"og:description\" content=\"D\u00e9couvrez le Mug Loup GOT au meilleur prix - Int\u00e9rieur en aluminium - Ext\u00e9rieur en r\u00e9sine avec la t\u00eate du loup Fant\u00f4me - Hauteur : 11 cm - Poids : 427 g\" \/>\n<meta property=\"og:url\" content=\"https:\/\/repliquemangacine.fr\/es\/juego-de-tronos-coleccionistas-y-golosinas\/taza-juego-de-tronos-taza-lobo-fantasma\/\" \/>\n<meta property=\"og:site_name\" content=\"R\u00e9plique Manga Cin\u00e9\" \/>\n<meta property=\"article:publisher\" content=\"https:\/\/www.facebook.com\/RepliqueMangaCine\" \/>\n<meta property=\"article:modified_time\" content=\"2025-09-23T16:02:16+00:00\" \/>\n<meta property=\"og:image\" content=\"https:\/\/repliquemangacine.fr\/wp-content\/uploads\/2023\/10\/3002-Mug-Game-of-Thrones-Tasse-loup-Fantome.jpg\" \/>\n\t<meta property=\"og:image:width\" content=\"1200\" \/>\n\t<meta property=\"og:image:height\" content=\"1048\" \/>\n\t<meta property=\"og:image:type\" content=\"image\/jpeg\" \/>\n<meta name=\"twitter:card\" content=\"summary_large_image\" \/>\n<meta name=\"twitter:label1\" content=\"Tiempo de lectura\" \/>\n\t<meta name=\"twitter:data1\" content=\"1 minuto\" \/>\n<script type=\"application\/ld+json\" class=\"yoast-schema-graph\">{\"@context\":\"https:\\\/\\\/schema.org\",\"@graph\":[{\"@type\":\"WebPage\",\"@id\":\"https:\\\/\\\/repliquemangacine.fr\\\/en\\\/game-of-thrones-collectors-and-goodies\\\/game-of-thrones-mug-phantom-wolf-mug\\\/\",\"url\":\"https:\\\/\\\/repliquemangacine.fr\\\/en\\\/game-of-thrones-collectors-and-goodies\\\/game-of-thrones-mug-phantom-wolf-mug\\\/\",\"name\":\"Mug Loup GOT - Vente objet Collector Game of Thrones | RMC\",\"isPartOf\":{\"@id\":\"https:\\\/\\\/repliquemangacine.fr\\\/#website\"},\"primaryImageOfPage\":{\"@id\":\"https:\\\/\\\/repliquemangacine.fr\\\/en\\\/game-of-thrones-collectors-and-goodies\\\/game-of-thrones-mug-phantom-wolf-mug\\\/#primaryimage\"},\"image\":{\"@id\":\"https:\\\/\\\/repliquemangacine.fr\\\/en\\\/game-of-thrones-collectors-and-goodies\\\/game-of-thrones-mug-phantom-wolf-mug\\\/#primaryimage\"},\"thumbnailUrl\":\"https:\\\/\\\/repliquemangacine.fr\\\/wp-content\\\/uploads\\\/2023\\\/10\\\/3002-Mug-Game-of-Thrones-Tasse-loup-Fantome.jpg\",\"datePublished\":\"2019-09-05T13:04:04+00:00\",\"dateModified\":\"2025-09-23T16:02:16+00:00\",\"description\":\"D\u00e9couvrez le Mug Loup GOT au meilleur prix - Int\u00e9rieur en aluminium - Ext\u00e9rieur en r\u00e9sine avec la t\u00eate du loup Fant\u00f4me - Hauteur : 11 cm - Poids : 427 g\",\"breadcrumb\":{\"@id\":\"https:\\\/\\\/repliquemangacine.fr\\\/en\\\/game-of-thrones-collectors-and-goodies\\\/game-of-thrones-mug-phantom-wolf-mug\\\/#breadcrumb\"},\"inLanguage\":\"es\",\"potentialAction\":[{\"@type\":\"ReadAction\",\"target\":[\"https:\\\/\\\/repliquemangacine.fr\\\/en\\\/game-of-thrones-collectors-and-goodies\\\/game-of-thrones-mug-phantom-wolf-mug\\\/\"]}]},{\"@type\":\"ImageObject\",\"inLanguage\":\"es\",\"@id\":\"https:\\\/\\\/repliquemangacine.fr\\\/en\\\/game-of-thrones-collectors-and-goodies\\\/game-of-thrones-mug-phantom-wolf-mug\\\/#primaryimage\",\"url\":\"https:\\\/\\\/repliquemangacine.fr\\\/wp-content\\\/uploads\\\/2023\\\/10\\\/3002-Mug-Game-of-Thrones-Tasse-loup-Fantome.jpg\",\"contentUrl\":\"https:\\\/\\\/repliquemangacine.fr\\\/wp-content\\\/uploads\\\/2023\\\/10\\\/3002-Mug-Game-of-Thrones-Tasse-loup-Fantome.jpg\",\"width\":1200,\"height\":1048,\"caption\":\"Mug Game of Thrones- Tasse loup Fantome\"},{\"@type\":\"BreadcrumbList\",\"@id\":\"https:\\\/\\\/repliquemangacine.fr\\\/en\\\/game-of-thrones-collectors-and-goodies\\\/game-of-thrones-mug-phantom-wolf-mug\\\/#breadcrumb\",\"itemListElement\":[{\"@type\":\"ListItem\",\"position\":1,\"name\":\"Accueil\",\"item\":\"https:\\\/\\\/repliquemangacine.fr\\\/\"},{\"@type\":\"ListItem\",\"position\":2,\"name\":\"Produits\",\"item\":\"https:\\\/\\\/repliquemangacine.fr\\\/boutique\\\/\"},{\"@type\":\"ListItem\",\"position\":3,\"name\":\"Mug Game of Thrones &#8211; Tasse loup Fantome\"}]},{\"@type\":\"WebSite\",\"@id\":\"https:\\\/\\\/repliquemangacine.fr\\\/#website\",\"url\":\"https:\\\/\\\/repliquemangacine.fr\\\/\",\"name\":\"R\u00e9plique Manga Cin\u00e9\",\"description\":\"\",\"publisher\":{\"@id\":\"https:\\\/\\\/repliquemangacine.fr\\\/#organization\"},\"potentialAction\":[{\"@type\":\"SearchAction\",\"target\":{\"@type\":\"EntryPoint\",\"urlTemplate\":\"https:\\\/\\\/repliquemangacine.fr\\\/?s={search_term_string}\"},\"query-input\":{\"@type\":\"PropertyValueSpecification\",\"valueRequired\":true,\"valueName\":\"search_term_string\"}}],\"inLanguage\":\"es\"},{\"@type\":\"Organization\",\"@id\":\"https:\\\/\\\/repliquemangacine.fr\\\/#organization\",\"name\":\"R\u00e9plique Manga Cin\u00e9\",\"url\":\"https:\\\/\\\/repliquemangacine.fr\\\/\",\"logo\":{\"@type\":\"ImageObject\",\"inLanguage\":\"es\",\"@id\":\"https:\\\/\\\/repliquemangacine.fr\\\/#\\\/schema\\\/logo\\\/image\\\/\",\"url\":\"https:\\\/\\\/repliquemangacine.fr\\\/wp-content\\\/uploads\\\/2023\\\/10\\\/RMC-500250.png\",\"contentUrl\":\"https:\\\/\\\/repliquemangacine.fr\\\/wp-content\\\/uploads\\\/2023\\\/10\\\/RMC-500250.png\",\"width\":500,\"height\":250,\"caption\":\"R\u00e9plique Manga Cin\u00e9\"},\"image\":{\"@id\":\"https:\\\/\\\/repliquemangacine.fr\\\/#\\\/schema\\\/logo\\\/image\\\/\"},\"sameAs\":[\"https:\\\/\\\/www.facebook.com\\\/RepliqueMangaCine\",\"https:\\\/\\\/www.instagram.com\\\/repliquemangacine.fr\\\/\"]}]}<\/script>\n<!-- \/ Yoast SEO plugin. -->","yoast_head_json":{"title":"Taza Lobo GOT - Game of Thrones Collector's Items | RMC","description":"Descubre la Taza GOT Wolf al mejor precio - Interior de aluminio - Exterior de resina con cabeza de lobo fantasma - Altura: 11 cm - Peso: 427 g","robots":{"index":"index","follow":"follow","max-snippet":"max-snippet:-1","max-image-preview":"max-image-preview:large","max-video-preview":"max-video-preview:-1"},"canonical":"https:\/\/repliquemangacine.fr\/es\/juego-de-tronos-coleccionistas-y-golosinas\/taza-juego-de-tronos-taza-lobo-fantasma\/","og_locale":"es_ES","og_type":"article","og_title":"Mug Loup GOT - Vente objet Collector Game of Thrones | RMC","og_description":"D\u00e9couvrez le Mug Loup GOT au meilleur prix - Int\u00e9rieur en aluminium - Ext\u00e9rieur en r\u00e9sine avec la t\u00eate du loup Fant\u00f4me - Hauteur : 11 cm - Poids : 427 g","og_url":"https:\/\/repliquemangacine.fr\/es\/juego-de-tronos-coleccionistas-y-golosinas\/taza-juego-de-tronos-taza-lobo-fantasma\/","og_site_name":"R\u00e9plique Manga Cin\u00e9","article_publisher":"https:\/\/www.facebook.com\/RepliqueMangaCine","article_modified_time":"2025-09-23T16:02:16+00:00","og_image":[{"width":1200,"height":1048,"url":"https:\/\/repliquemangacine.fr\/wp-content\/uploads\/2023\/10\/3002-Mug-Game-of-Thrones-Tasse-loup-Fantome.jpg","type":"image\/jpeg"}],"twitter_card":"summary_large_image","twitter_misc":{"Tiempo de lectura":"1 minuto"},"schema":{"@context":"https:\/\/schema.org","@graph":[{"@type":"WebPage","@id":"https:\/\/repliquemangacine.fr\/en\/game-of-thrones-collectors-and-goodies\/game-of-thrones-mug-phantom-wolf-mug\/","url":"https:\/\/repliquemangacine.fr\/en\/game-of-thrones-collectors-and-goodies\/game-of-thrones-mug-phantom-wolf-mug\/","name":"Taza Lobo GOT - Game of Thrones Collector's Items | RMC","isPartOf":{"@id":"https:\/\/repliquemangacine.fr\/#website"},"primaryImageOfPage":{"@id":"https:\/\/repliquemangacine.fr\/en\/game-of-thrones-collectors-and-goodies\/game-of-thrones-mug-phantom-wolf-mug\/#primaryimage"},"image":{"@id":"https:\/\/repliquemangacine.fr\/en\/game-of-thrones-collectors-and-goodies\/game-of-thrones-mug-phantom-wolf-mug\/#primaryimage"},"thumbnailUrl":"https:\/\/repliquemangacine.fr\/wp-content\/uploads\/2023\/10\/3002-Mug-Game-of-Thrones-Tasse-loup-Fantome.jpg","datePublished":"2019-09-05T13:04:04+00:00","dateModified":"2025-09-23T16:02:16+00:00","description":"Descubre la Taza GOT Wolf al mejor precio - Interior de aluminio - Exterior de resina con cabeza de lobo fantasma - Altura: 11 cm - Peso: 427 g","breadcrumb":{"@id":"https:\/\/repliquemangacine.fr\/en\/game-of-thrones-collectors-and-goodies\/game-of-thrones-mug-phantom-wolf-mug\/#breadcrumb"},"inLanguage":"es","potentialAction":[{"@type":"ReadAction","target":["https:\/\/repliquemangacine.fr\/en\/game-of-thrones-collectors-and-goodies\/game-of-thrones-mug-phantom-wolf-mug\/"]}]},{"@type":"ImageObject","inLanguage":"es","@id":"https:\/\/repliquemangacine.fr\/en\/game-of-thrones-collectors-and-goodies\/game-of-thrones-mug-phantom-wolf-mug\/#primaryimage","url":"https:\/\/repliquemangacine.fr\/wp-content\/uploads\/2023\/10\/3002-Mug-Game-of-Thrones-Tasse-loup-Fantome.jpg","contentUrl":"https:\/\/repliquemangacine.fr\/wp-content\/uploads\/2023\/10\/3002-Mug-Game-of-Thrones-Tasse-loup-Fantome.jpg","width":1200,"height":1048,"caption":"Mug Game of Thrones- Tasse loup Fantome"},{"@type":"BreadcrumbList","@id":"https:\/\/repliquemangacine.fr\/en\/game-of-thrones-collectors-and-goodies\/game-of-thrones-mug-phantom-wolf-mug\/#breadcrumb","itemListElement":[{"@type":"ListItem","position":1,"name":"Accueil","item":"https:\/\/repliquemangacine.fr\/"},{"@type":"ListItem","position":2,"name":"Produits","item":"https:\/\/repliquemangacine.fr\/boutique\/"},{"@type":"ListItem","position":3,"name":"Mug Game of Thrones &#8211; Tasse loup Fantome"}]},{"@type":"WebSite","@id":"https:\/\/repliquemangacine.fr\/#website","url":"https:\/\/repliquemangacine.fr\/","name":"R\u00e9plique Manga Cin\u00e9","description":"","publisher":{"@id":"https:\/\/repliquemangacine.fr\/#organization"},"potentialAction":[{"@type":"SearchAction","target":{"@type":"EntryPoint","urlTemplate":"https:\/\/repliquemangacine.fr\/?s={search_term_string}"},"query-input":{"@type":"PropertyValueSpecification","valueRequired":true,"valueName":"search_term_string"}}],"inLanguage":"es"},{"@type":"Organization","@id":"https:\/\/repliquemangacine.fr\/#organization","name":"R\u00e9plique Manga Cin\u00e9","url":"https:\/\/repliquemangacine.fr\/","logo":{"@type":"ImageObject","inLanguage":"es","@id":"https:\/\/repliquemangacine.fr\/#\/schema\/logo\/image\/","url":"https:\/\/repliquemangacine.fr\/wp-content\/uploads\/2023\/10\/RMC-500250.png","contentUrl":"https:\/\/repliquemangacine.fr\/wp-content\/uploads\/2023\/10\/RMC-500250.png","width":500,"height":250,"caption":"R\u00e9plique Manga Cin\u00e9"},"image":{"@id":"https:\/\/repliquemangacine.fr\/#\/schema\/logo\/image\/"},"sameAs":["https:\/\/www.facebook.com\/RepliqueMangaCine","https:\/\/www.instagram.com\/repliquemangacine.fr\/"]}]}},"_links":{"self":[{"href":"https:\/\/repliquemangacine.fr\/es\/wp-json\/wp\/v2\/product\/28274","targetHints":{"allow":["GET"]}}],"collection":[{"href":"https:\/\/repliquemangacine.fr\/es\/wp-json\/wp\/v2\/product"}],"about":[{"href":"https:\/\/repliquemangacine.fr\/es\/wp-json\/wp\/v2\/types\/product"}],"wp:featuredmedia":[{"embeddable":true,"href":"https:\/\/repliquemangacine.fr\/es\/wp-json\/wp\/v2\/media\/28275"}],"wp:attachment":[{"href":"https:\/\/repliquemangacine.fr\/es\/wp-json\/wp\/v2\/media?parent=28274"}],"wp:term":[{"taxonomy":"product_brand","embeddable":true,"href":"https:\/\/repliquemangacine.fr\/es\/wp-json\/wp\/v2\/product_brand?post=28274"},{"taxonomy":"product_cat","embeddable":true,"href":"https:\/\/repliquemangacine.fr\/es\/wp-json\/wp\/v2\/product_cat?post=28274"},{"taxonomy":"product_tag","embeddable":true,"href":"https:\/\/repliquemangacine.fr\/es\/wp-json\/wp\/v2\/product_tag?post=28274"}],"curies":[{"name":"wp","href":"https:\/\/api.w.org\/{rel}","templated":true}]}}