





{"id":28266,"date":"2019-08-18T11:05:15","date_gmt":"2019-08-18T09:05:15","guid":{"rendered":"https:\/\/repliquemangacine.fr\/?post_type=product&#038;p=28266"},"modified":"2025-09-23T18:02:16","modified_gmt":"2025-09-23T16:02:16","slug":"bankai-ichigo-tensa-zangetsu-corte-142cm","status":"publish","type":"product","link":"https:\/\/repliquemangacine.fr\/es\/katana-forge\/bankai-ichigo-tensa-zangetsu-coupant-142cm\/","title":{"rendered":"Corte Banka\u00ef Ichigo 142cm"},"content":{"rendered":"<h2>Banka\u00ef Ichigo cortando Tensa Zangetsu, 142cm<\/h2>\n<p>Para empezar, la Banka\u00ef Ichigo, Tensa Zangetsu 142 cm (Cadena Celestial, Luna Afilada) es la primera katana de Ichigo. Ichigo Kurosaki es un humano con la excepcional habilidad de distinguir fantasmas. Adem\u00e1s, su vida da un vuelco cuando conoce a Rukia Kuchiki, que le otorga sus poderes de <a href=\"https:\/\/bleach.fandom.com\/fr\/wiki\/Shinigami\" target=\"_blank\" rel=\"noopener noreferrer\">Shinigami<\/a> para salvar a su familia de un Hollow.<\/p>\n<p>Ichigo es un luchador muy poderoso, puede intimidar a cuatro o cinco matones sin ning\u00fan problema, romperle siete dientes a alguien de un solo pu\u00f1etazo o incluso lanzar por los aires a un Arrancar de una patada. Hay que destacar que el hecho de haber practicado artes marciales desde muy joven le ayuda enormemente.<\/p>\n<p>Su rivalidad en el jard\u00edn de infancia con Tatsuki Arisawa, una de las luchadoras de k\u00e1rate m\u00e1s poderosas de Jap\u00f3n, lo elev\u00f3 a un alto nivel en el combate cuerpo a cuerpo.<\/p>\n<h2>Tu c\u00fater Banka\u00ef Ichigo al mejor precio.<\/h2>\n<p>Te traemos todas las frases de tus personajes favoritos en este manga anime de Bleach.<\/p>\n<p>Lo primero y m\u00e1s importante,<\/p>\n<ul>\n<li>La primera <a href=\"https:\/\/repliquemangacine.fr\/es\/lejia\/bankai-tensa-zangetsu\/\">bankai d'ichigo<\/a> forjado, la versi\u00f3n corta del Tensa Zangetsu.<\/li>\n<li>As\u00ed como la versi\u00f3n m\u00e1s larga y la versi\u00f3n con el protector diferente.<\/li>\n<li>Tambi\u00e9n existe la <a href=\"https:\/\/repliquemangacine.fr\/es\/lejia\/zanpakuto-shirayuki-shikai-rukia-kuchiki\/\">Katana Rukia Kuchiki<\/a> llamada Zanpakuto Shirayuki, considerada la mejor Zanpakut\u00f4 de la Sociedad de Almas.<\/li>\n<li>Y muchos m\u00e1s por descubrir en nuestra tienda en l\u00ednea.<\/li>\n<\/ul>\n<p>Aqu\u00ed tienes algunas ideas para regalar a los fans de Bleach.<\/p>\n<p>En conclusi\u00f3n, tambi\u00e9n puede utilizar este <strong>Corte de Banka\u00ef Ichigo<\/strong> para tus desfiles de cosplay o veladas tem\u00e1ticas. Pero sobre todo, la katana Ichigo es tambi\u00e9n una pieza de coleccionista y una pieza decorativa.<\/p>\n<h2>\u00bfC\u00f3mo se mantiene la hoja de la katana Bleach?<\/h2>\n<p>Las katanas de colecci\u00f3n y decorativas se fabrican y ensamblan de forma simplificada. Como su uso es decorativo, no cuentan con los elementos de seguridad exigidos a una espada japonesa destinada al entrenamiento.<\/p>\n<p>Sin embargo, <strong>tu corte Banka\u00ef Ichigo<\/strong> a una hoja de acero que hay que cuidar para evitar que se estropee con el tiempo. Cuando exponga su katana, sus amigos sentir\u00e1n curiosidad por ver la hoja y tocarla. Aqu\u00ed es donde hay que tener cuidado, ya que la acidez de los dedos es muy perjudicial para el acero, sea cual sea su calidad.<\/p>\n<p>Sin embargo, si esto ocurre, no te asustes, todo lo que necesitas es un pa\u00f1o humedecido con un poco de aceite y limpiar las huellas dactilares. Si haces esto, tu espada durar\u00e1 mucho tiempo.<\/p>\n<p><strong>\u00a0<\/strong><\/p>","protected":false},"excerpt":{"rendered":"<p>Banka\u00ef Ichigo - Tensa Zangetsu versi\u00f3n hoja afilada.<\/p>\n<ul>\n<li>Hoja de acero de corte forjado tipo Maru.<\/li>\n<li>Asa rodeada de trenza de algod\u00f3n negro.<\/li>\n<li>Cadena rota, simboliza el karma roto de Ichigo.<\/li>\n<li>Guarda met\u00e1lica con la forma espec\u00edfica de una esv\u00e1stica.<\/li>\n<li>Vaina de madera negra.<\/li>\n<li>Se suministra con funda protectora y folleto de mantenimiento.<\/li>\n<li>Longitud de la hoja: 95 cm - Longitud total: 142 cm<\/li>\n<\/ul>\n<p><strong>\u00a0<\/strong><\/p>","protected":false},"featured_media":28267,"template":"","meta":[],"product_brand":[896],"product_cat":[30,26,38,23],"product_tag":[],"class_list":{"0":"post-28266","1":"product","2":"type-product","3":"status-publish","4":"has-post-thumbnail","6":"product_brand-replique-manga-cine","7":"product_cat-katana-bleach","8":"product_cat-katana-epee","9":"product_cat-katana-forge","10":"product_cat-repliques-manga-jeux-video","12":"first","13":"outofstock","14":"taxable","15":"shipping-taxable","16":"purchasable","17":"product-type-simple"},"yoast_head":"<!-- This site is optimized with the Yoast SEO plugin v27.4 - https:\/\/yoast.com\/product\/yoast-seo-wordpress\/ -->\n<title>Banka\u00ef Ichigo coupant - Tensa Zangetsu - Boutique en ligne | RMC<\/title>\n<meta name=\"description\" content=\"Achetez vite ! Le Banka\u00ef Ichigo coupant Tensa Zangetsu dans Bleach au meilleur prix. Lame tranchante en acier forg\u00e9 - Longueur totale : 142cm - Envoi 24\/48h\" \/>\n<meta name=\"robots\" content=\"index, follow, max-snippet:-1, max-image-preview:large, max-video-preview:-1\" \/>\n<link rel=\"canonical\" href=\"https:\/\/repliquemangacine.fr\/es\/forja-de-katanas\/bankai-ichigo-tensa-zangetsu-corte-142cm\/\" \/>\n<meta property=\"og:locale\" content=\"es_ES\" \/>\n<meta property=\"og:type\" content=\"article\" \/>\n<meta property=\"og:title\" content=\"Banka\u00ef Ichigo coupant - Tensa Zangetsu - Boutique en ligne | RMC\" \/>\n<meta property=\"og:description\" content=\"Achetez vite ! Le Banka\u00ef Ichigo coupant Tensa Zangetsu dans Bleach au meilleur prix. Lame tranchante en acier forg\u00e9 - Longueur totale : 142cm - Envoi 24\/48h\" \/>\n<meta property=\"og:url\" content=\"https:\/\/repliquemangacine.fr\/es\/forja-de-katanas\/bankai-ichigo-tensa-zangetsu-corte-142cm\/\" \/>\n<meta property=\"og:site_name\" content=\"R\u00e9plique Manga Cin\u00e9\" \/>\n<meta property=\"article:publisher\" content=\"https:\/\/www.facebook.com\/RepliqueMangaCine\" \/>\n<meta property=\"article:modified_time\" content=\"2025-09-23T16:02:16+00:00\" \/>\n<meta property=\"og:image\" content=\"https:\/\/repliquemangacine.fr\/wp-content\/uploads\/2023\/10\/2994-Bankai-Ichigo-Tensa-Zangetsu-coupant-142cm.jpg\" \/>\n\t<meta property=\"og:image:width\" content=\"800\" \/>\n\t<meta property=\"og:image:height\" content=\"800\" \/>\n\t<meta property=\"og:image:type\" content=\"image\/jpeg\" \/>\n<meta name=\"twitter:card\" content=\"summary_large_image\" \/>\n<meta name=\"twitter:label1\" content=\"Tiempo de lectura\" \/>\n\t<meta name=\"twitter:data1\" content=\"1 minuto\" \/>\n<script type=\"application\/ld+json\" class=\"yoast-schema-graph\">{\"@context\":\"https:\\\/\\\/schema.org\",\"@graph\":[{\"@type\":\"WebPage\",\"@id\":\"https:\\\/\\\/repliquemangacine.fr\\\/katana-forge\\\/bankai-ichigo-tensa-zangetsu-coupant-142cm\\\/\",\"url\":\"https:\\\/\\\/repliquemangacine.fr\\\/katana-forge\\\/bankai-ichigo-tensa-zangetsu-coupant-142cm\\\/\",\"name\":\"Banka\u00ef Ichigo coupant - Tensa Zangetsu - Boutique en ligne | RMC\",\"isPartOf\":{\"@id\":\"https:\\\/\\\/repliquemangacine.fr\\\/#website\"},\"primaryImageOfPage\":{\"@id\":\"https:\\\/\\\/repliquemangacine.fr\\\/katana-forge\\\/bankai-ichigo-tensa-zangetsu-coupant-142cm\\\/#primaryimage\"},\"image\":{\"@id\":\"https:\\\/\\\/repliquemangacine.fr\\\/katana-forge\\\/bankai-ichigo-tensa-zangetsu-coupant-142cm\\\/#primaryimage\"},\"thumbnailUrl\":\"https:\\\/\\\/repliquemangacine.fr\\\/wp-content\\\/uploads\\\/2023\\\/10\\\/2994-Bankai-Ichigo-Tensa-Zangetsu-coupant-142cm.jpg\",\"datePublished\":\"2019-08-18T09:05:15+00:00\",\"dateModified\":\"2025-09-23T16:02:16+00:00\",\"description\":\"Achetez vite ! Le Banka\u00ef Ichigo coupant Tensa Zangetsu dans Bleach au meilleur prix. Lame tranchante en acier forg\u00e9 - Longueur totale : 142cm - Envoi 24\\\/48h\",\"breadcrumb\":{\"@id\":\"https:\\\/\\\/repliquemangacine.fr\\\/katana-forge\\\/bankai-ichigo-tensa-zangetsu-coupant-142cm\\\/#breadcrumb\"},\"inLanguage\":\"es\",\"potentialAction\":[{\"@type\":\"ReadAction\",\"target\":[\"https:\\\/\\\/repliquemangacine.fr\\\/katana-forge\\\/bankai-ichigo-tensa-zangetsu-coupant-142cm\\\/\"]}]},{\"@type\":\"ImageObject\",\"inLanguage\":\"es\",\"@id\":\"https:\\\/\\\/repliquemangacine.fr\\\/katana-forge\\\/bankai-ichigo-tensa-zangetsu-coupant-142cm\\\/#primaryimage\",\"url\":\"https:\\\/\\\/repliquemangacine.fr\\\/wp-content\\\/uploads\\\/2023\\\/10\\\/2994-Bankai-Ichigo-Tensa-Zangetsu-coupant-142cm.jpg\",\"contentUrl\":\"https:\\\/\\\/repliquemangacine.fr\\\/wp-content\\\/uploads\\\/2023\\\/10\\\/2994-Bankai-Ichigo-Tensa-Zangetsu-coupant-142cm.jpg\",\"width\":800,\"height\":800,\"caption\":\"Banka\u00ef Ichigo - Tensa Zangetsu coupant 142cm\"},{\"@type\":\"BreadcrumbList\",\"@id\":\"https:\\\/\\\/repliquemangacine.fr\\\/katana-forge\\\/bankai-ichigo-tensa-zangetsu-coupant-142cm\\\/#breadcrumb\",\"itemListElement\":[{\"@type\":\"ListItem\",\"position\":1,\"name\":\"Accueil\",\"item\":\"https:\\\/\\\/repliquemangacine.fr\\\/\"},{\"@type\":\"ListItem\",\"position\":2,\"name\":\"Produits\",\"item\":\"https:\\\/\\\/repliquemangacine.fr\\\/boutique\\\/\"},{\"@type\":\"ListItem\",\"position\":3,\"name\":\"Banka\u00ef Ichigo coupant 142cm\"}]},{\"@type\":\"WebSite\",\"@id\":\"https:\\\/\\\/repliquemangacine.fr\\\/#website\",\"url\":\"https:\\\/\\\/repliquemangacine.fr\\\/\",\"name\":\"R\u00e9plique Manga Cin\u00e9\",\"description\":\"\",\"publisher\":{\"@id\":\"https:\\\/\\\/repliquemangacine.fr\\\/#organization\"},\"potentialAction\":[{\"@type\":\"SearchAction\",\"target\":{\"@type\":\"EntryPoint\",\"urlTemplate\":\"https:\\\/\\\/repliquemangacine.fr\\\/?s={search_term_string}\"},\"query-input\":{\"@type\":\"PropertyValueSpecification\",\"valueRequired\":true,\"valueName\":\"search_term_string\"}}],\"inLanguage\":\"es\"},{\"@type\":\"Organization\",\"@id\":\"https:\\\/\\\/repliquemangacine.fr\\\/#organization\",\"name\":\"R\u00e9plique Manga Cin\u00e9\",\"url\":\"https:\\\/\\\/repliquemangacine.fr\\\/\",\"logo\":{\"@type\":\"ImageObject\",\"inLanguage\":\"es\",\"@id\":\"https:\\\/\\\/repliquemangacine.fr\\\/#\\\/schema\\\/logo\\\/image\\\/\",\"url\":\"https:\\\/\\\/repliquemangacine.fr\\\/wp-content\\\/uploads\\\/2023\\\/10\\\/RMC-500250.png\",\"contentUrl\":\"https:\\\/\\\/repliquemangacine.fr\\\/wp-content\\\/uploads\\\/2023\\\/10\\\/RMC-500250.png\",\"width\":500,\"height\":250,\"caption\":\"R\u00e9plique Manga Cin\u00e9\"},\"image\":{\"@id\":\"https:\\\/\\\/repliquemangacine.fr\\\/#\\\/schema\\\/logo\\\/image\\\/\"},\"sameAs\":[\"https:\\\/\\\/www.facebook.com\\\/RepliqueMangaCine\",\"https:\\\/\\\/www.instagram.com\\\/repliquemangacine.fr\\\/\"]}]}<\/script>\n<!-- \/ Yoast SEO plugin. -->","yoast_head_json":{"title":"Corte Banka\u00ef Ichigo - Tensa Zangetsu - Tienda online | RMC","description":"\u00a1C\u00f3mprala ya! La cuchilla de corte Banka\u00ef Ichigo Tensa Zangetsu de Bleach al mejor precio. Hoja de corte de acero forjado - Longitud total: 142cm - Env\u00edo 24\/48h","robots":{"index":"index","follow":"follow","max-snippet":"max-snippet:-1","max-image-preview":"max-image-preview:large","max-video-preview":"max-video-preview:-1"},"canonical":"https:\/\/repliquemangacine.fr\/es\/forja-de-katanas\/bankai-ichigo-tensa-zangetsu-corte-142cm\/","og_locale":"es_ES","og_type":"article","og_title":"Banka\u00ef Ichigo coupant - Tensa Zangetsu - Boutique en ligne | RMC","og_description":"Achetez vite ! Le Banka\u00ef Ichigo coupant Tensa Zangetsu dans Bleach au meilleur prix. Lame tranchante en acier forg\u00e9 - Longueur totale : 142cm - Envoi 24\/48h","og_url":"https:\/\/repliquemangacine.fr\/es\/forja-de-katanas\/bankai-ichigo-tensa-zangetsu-corte-142cm\/","og_site_name":"R\u00e9plique Manga Cin\u00e9","article_publisher":"https:\/\/www.facebook.com\/RepliqueMangaCine","article_modified_time":"2025-09-23T16:02:16+00:00","og_image":[{"width":800,"height":800,"url":"https:\/\/repliquemangacine.fr\/wp-content\/uploads\/2023\/10\/2994-Bankai-Ichigo-Tensa-Zangetsu-coupant-142cm.jpg","type":"image\/jpeg"}],"twitter_card":"summary_large_image","twitter_misc":{"Tiempo de lectura":"1 minuto"},"schema":{"@context":"https:\/\/schema.org","@graph":[{"@type":"WebPage","@id":"https:\/\/repliquemangacine.fr\/katana-forge\/bankai-ichigo-tensa-zangetsu-coupant-142cm\/","url":"https:\/\/repliquemangacine.fr\/katana-forge\/bankai-ichigo-tensa-zangetsu-coupant-142cm\/","name":"Corte Banka\u00ef Ichigo - Tensa Zangetsu - Tienda online | RMC","isPartOf":{"@id":"https:\/\/repliquemangacine.fr\/#website"},"primaryImageOfPage":{"@id":"https:\/\/repliquemangacine.fr\/katana-forge\/bankai-ichigo-tensa-zangetsu-coupant-142cm\/#primaryimage"},"image":{"@id":"https:\/\/repliquemangacine.fr\/katana-forge\/bankai-ichigo-tensa-zangetsu-coupant-142cm\/#primaryimage"},"thumbnailUrl":"https:\/\/repliquemangacine.fr\/wp-content\/uploads\/2023\/10\/2994-Bankai-Ichigo-Tensa-Zangetsu-coupant-142cm.jpg","datePublished":"2019-08-18T09:05:15+00:00","dateModified":"2025-09-23T16:02:16+00:00","description":"\u00a1C\u00f3mprala ya! La cuchilla de corte Banka\u00ef Ichigo Tensa Zangetsu de Bleach al mejor precio. Hoja de corte de acero forjado - Longitud total: 142cm - Env\u00edo 24\/48h","breadcrumb":{"@id":"https:\/\/repliquemangacine.fr\/katana-forge\/bankai-ichigo-tensa-zangetsu-coupant-142cm\/#breadcrumb"},"inLanguage":"es","potentialAction":[{"@type":"ReadAction","target":["https:\/\/repliquemangacine.fr\/katana-forge\/bankai-ichigo-tensa-zangetsu-coupant-142cm\/"]}]},{"@type":"ImageObject","inLanguage":"es","@id":"https:\/\/repliquemangacine.fr\/katana-forge\/bankai-ichigo-tensa-zangetsu-coupant-142cm\/#primaryimage","url":"https:\/\/repliquemangacine.fr\/wp-content\/uploads\/2023\/10\/2994-Bankai-Ichigo-Tensa-Zangetsu-coupant-142cm.jpg","contentUrl":"https:\/\/repliquemangacine.fr\/wp-content\/uploads\/2023\/10\/2994-Bankai-Ichigo-Tensa-Zangetsu-coupant-142cm.jpg","width":800,"height":800,"caption":"Banka\u00ef Ichigo - Tensa Zangetsu coupant 142cm"},{"@type":"BreadcrumbList","@id":"https:\/\/repliquemangacine.fr\/katana-forge\/bankai-ichigo-tensa-zangetsu-coupant-142cm\/#breadcrumb","itemListElement":[{"@type":"ListItem","position":1,"name":"Accueil","item":"https:\/\/repliquemangacine.fr\/"},{"@type":"ListItem","position":2,"name":"Produits","item":"https:\/\/repliquemangacine.fr\/boutique\/"},{"@type":"ListItem","position":3,"name":"Banka\u00ef Ichigo coupant 142cm"}]},{"@type":"WebSite","@id":"https:\/\/repliquemangacine.fr\/#website","url":"https:\/\/repliquemangacine.fr\/","name":"R\u00e9plique Manga Cin\u00e9","description":"","publisher":{"@id":"https:\/\/repliquemangacine.fr\/#organization"},"potentialAction":[{"@type":"SearchAction","target":{"@type":"EntryPoint","urlTemplate":"https:\/\/repliquemangacine.fr\/?s={search_term_string}"},"query-input":{"@type":"PropertyValueSpecification","valueRequired":true,"valueName":"search_term_string"}}],"inLanguage":"es"},{"@type":"Organization","@id":"https:\/\/repliquemangacine.fr\/#organization","name":"R\u00e9plique Manga Cin\u00e9","url":"https:\/\/repliquemangacine.fr\/","logo":{"@type":"ImageObject","inLanguage":"es","@id":"https:\/\/repliquemangacine.fr\/#\/schema\/logo\/image\/","url":"https:\/\/repliquemangacine.fr\/wp-content\/uploads\/2023\/10\/RMC-500250.png","contentUrl":"https:\/\/repliquemangacine.fr\/wp-content\/uploads\/2023\/10\/RMC-500250.png","width":500,"height":250,"caption":"R\u00e9plique Manga Cin\u00e9"},"image":{"@id":"https:\/\/repliquemangacine.fr\/#\/schema\/logo\/image\/"},"sameAs":["https:\/\/www.facebook.com\/RepliqueMangaCine","https:\/\/www.instagram.com\/repliquemangacine.fr\/"]}]}},"_links":{"self":[{"href":"https:\/\/repliquemangacine.fr\/es\/wp-json\/wp\/v2\/product\/28266","targetHints":{"allow":["GET"]}}],"collection":[{"href":"https:\/\/repliquemangacine.fr\/es\/wp-json\/wp\/v2\/product"}],"about":[{"href":"https:\/\/repliquemangacine.fr\/es\/wp-json\/wp\/v2\/types\/product"}],"wp:featuredmedia":[{"embeddable":true,"href":"https:\/\/repliquemangacine.fr\/es\/wp-json\/wp\/v2\/media\/28267"}],"wp:attachment":[{"href":"https:\/\/repliquemangacine.fr\/es\/wp-json\/wp\/v2\/media?parent=28266"}],"wp:term":[{"taxonomy":"product_brand","embeddable":true,"href":"https:\/\/repliquemangacine.fr\/es\/wp-json\/wp\/v2\/product_brand?post=28266"},{"taxonomy":"product_cat","embeddable":true,"href":"https:\/\/repliquemangacine.fr\/es\/wp-json\/wp\/v2\/product_cat?post=28266"},{"taxonomy":"product_tag","embeddable":true,"href":"https:\/\/repliquemangacine.fr\/es\/wp-json\/wp\/v2\/product_tag?post=28266"}],"curies":[{"name":"wp","href":"https:\/\/api.w.org\/{rel}","templated":true}]}}