





{"id":28252,"date":"2019-08-12T13:10:00","date_gmt":"2019-08-12T11:10:00","guid":{"rendered":"https:\/\/repliquemangacine.fr\/?post_type=product&#038;p=28252"},"modified":"2026-03-11T18:14:58","modified_gmt":"2026-03-11T17:14:58","slug":"liga-de-la-justicia-replica-aquaman-tridente-186-cm","status":"publish","type":"product","link":"https:\/\/repliquemangacine.fr\/es\/super-heros-marvel\/justice-league-replique-trident-de-aquaman-186-cm\/","title":{"rendered":"Tridente Aquaman Liga de la Justicia"},"content":{"rendered":"<h2>R\u00e9plica del Tridente de la Liga de la Justicia de Aquaman.<\/h2>\n<p>Para empezar, el <strong>Tridente Aquaman Liga de la Justicia<\/strong> 186 cm, con licencia oficial de DC Comics y distribuido por The <a href=\"https:\/\/noblecollection.fr\/trident-aquaman-justice-league-comics-p-7087.html\" target=\"_blank\" rel=\"noopener noreferrer\">Colecci\u00f3n Noble<\/a>.<\/p>\n<p>Aquaman, pel\u00edcula de superh\u00e9roes estadounidense-australiana dirigida por James Wan, estrenada en 2018. Sexta pel\u00edcula del universo cinematogr\u00e1fico de DC, centrada en Aquaman, el rey de Atlantis.<\/p>\n<p>Aquaman, un personaje legendario desde hace 70 a\u00f1os, es el rey de los siete mares y gobierna a rega\u00f1adientes sobre Atlantis. Atrapado entre los terr\u00edcolas, que destruyen constantemente el mar, y los habitantes de Atlantis, dispuestos a rebelarse, debe proteger todo el planeta.<\/p>\n<p>Por cierto, se trata de la primera aventura en solitario de Aquaman, que ya apareci\u00f3 brevemente en Batman v Superman: El amanecer de la justicia (2016) y, m\u00e1s extensamente, en La Liga de la Justicia (2017) de Zack Snyder.<\/p>\n<h2>Tu Tridente Aquaman al mejor precio.<\/h2>\n<p>Le ofrecemos una amplia selecci\u00f3n de reproducciones de objetos coleccionables de superh\u00e9roes.<\/p>\n<p>Lo primero y m\u00e1s importante,<\/p>\n<ul>\n<li>El magn\u00edfico <a href=\"https:\/\/repliquemangacine.fr\/es\/superheroes\/arc-reactor-mk1-iron-man-core-reactor\/\">Arco Reactor Iron Man<\/a> Versi\u00f3n MK1.<\/li>\n<li>Tambi\u00e9n est\u00e1 el doble<a href=\"https:\/\/repliquemangacine.fr\/es\/superheroes\/double-epee-de-thanos-avengers-endgame\/\"> espada de Thanos<\/a> en la \u00faltima pel\u00edcula de Marvel, Vengadores Endgame.<\/li>\n<li>As\u00ed como el <a href=\"https:\/\/repliquemangacine.fr\/es\/superheroes\/mjolnir-metal-thor-martillo-con-base\/\">Mj\u00f6lnir, el martillo de Thor<\/a> versi\u00f3n met\u00e1lica de lujo, utilizada por Thor Hammer en el universo Marvel<\/li>\n<li>Y muchos m\u00e1s por descubrir en nuestra tienda en l\u00ednea.<\/li>\n<\/ul>\n<p>Por eso, esta es una idea genial para regalar a todos los fans del universo DC Comics.<\/p>\n<p>En conclusi\u00f3n, puede utilizar el <strong>Tridente Aquaman Liga de la Justicia<\/strong> para tus desfiles de Cosplays o tus veladas tem\u00e1ticas. Pero sobre todo, este tridente es una pieza de coleccionista y un objeto decorativo.<\/p>\n<h2>\u00bfC\u00f3mo se fabrican nuestros productos Avengers?<\/h2>\n<p>Para empezar, todos nuestros productos derivados son de alta calidad y est\u00e1n fabricados con especial minuciosidad. De hecho, su fabricaci\u00f3n se realiza en parte de forma manual para reproducir hasta el m\u00e1s m\u00ednimo detalle. En cuanto a las partes m\u00e1s importantes, se mecanizan con m\u00e1quinas de gran precisi\u00f3n. Los grabados se realizan generalmente con una punta de diamante o con l\u00e1ser.<\/p>\n<p>Su <strong>Tridente Aquaman Liga de la Justicia<\/strong> Ha sido fabricado para reproducir con exactitud todos los detalles. Piezas met\u00e1licas y de madera, acabado en pintura metalizada.<\/p>\n<p>En conclusi\u00f3n, nuestras r\u00e9plicas, importadas de China o Espa\u00f1a, \u00a1le sorprender\u00e1n!<\/p>\n<p>R\u00e9plique Manga Cin\u00e9 es una empresa familiar francesa.<\/p>\n<p>Disfrute de su visita.<\/p>","protected":false},"excerpt":{"rendered":"<p>R\u00e9plica oficial del tridente de Aquaman de la Liga de la Justicia.<\/p>\n<ul>\n<li>De madera aglomerada.<\/li>\n<li>De pl\u00e1stico, acabado en pintura metalizada.<\/li>\n<li>Se entrega en tres piezas para facilitar el montaje.<\/li>\n<li>Caja de coleccionista con los colores de la pel\u00edcula.<\/li>\n<li>Longitud total: 186 cm<\/li>\n<li><strong>Bajo licencia oficial de DC Comics distribuido por The Noble Collection<\/strong><\/li>\n<\/ul>","protected":false},"featured_media":28253,"template":"","meta":[],"product_brand":[896],"product_cat":[24,59],"product_tag":[],"class_list":{"0":"post-28252","1":"product","2":"type-product","3":"status-publish","4":"has-post-thumbnail","6":"product_brand-replique-manga-cine","7":"product_cat-films-series-tv-vente-de-katana-epee-et-produits-derives","8":"product_cat-super-heros-marvel","10":"first","11":"instock","12":"taxable","13":"shipping-taxable","14":"purchasable","15":"product-type-simple"},"yoast_head":"<!-- This site is optimized with the Yoast SEO plugin v27.5 - https:\/\/yoast.com\/product\/yoast-seo-wordpress\/ -->\n<title>Trident Aquaman Justice League - Echelle 1\/1 186cm | RMC<\/title>\n<meta name=\"description\" content=\"Offrez-lui cette r\u00e9plique officielle du Trident Aquaman Justice League au meilleur prix. Tout en ABS moul\u00e9 - Sous licence officielle DC Comics - 186 cm\" \/>\n<meta name=\"robots\" content=\"index, follow, max-snippet:-1, max-image-preview:large, max-video-preview:-1\" \/>\n<link rel=\"canonical\" href=\"https:\/\/repliquemangacine.fr\/es\/superheroes-marvel\/liga-de-la-justicia-replica-aquaman-tridente-186-cm\/\" \/>\n<meta property=\"og:locale\" content=\"es_ES\" \/>\n<meta property=\"og:type\" content=\"article\" \/>\n<meta property=\"og:title\" content=\"Trident Aquaman Justice League - Echelle 1\/1 186cm | RMC\" \/>\n<meta property=\"og:description\" content=\"Offrez-lui cette r\u00e9plique officielle du Trident Aquaman Justice League au meilleur prix. Tout en ABS moul\u00e9 - Sous licence officielle DC Comics - 186 cm\" \/>\n<meta property=\"og:url\" content=\"https:\/\/repliquemangacine.fr\/es\/superheroes-marvel\/liga-de-la-justicia-replica-aquaman-tridente-186-cm\/\" \/>\n<meta property=\"og:site_name\" content=\"R\u00e9plique Manga Cin\u00e9\" \/>\n<meta property=\"article:publisher\" content=\"https:\/\/www.facebook.com\/RepliqueMangaCine\" \/>\n<meta property=\"article:modified_time\" content=\"2026-03-11T17:14:58+00:00\" \/>\n<meta property=\"og:image\" content=\"https:\/\/repliquemangacine.fr\/wp-content\/uploads\/2023\/10\/2961-Justice-League-replique-trident-de-Aquaman-186-cm.jpg\" \/>\n\t<meta property=\"og:image:width\" content=\"800\" \/>\n\t<meta property=\"og:image:height\" content=\"800\" \/>\n\t<meta property=\"og:image:type\" content=\"image\/jpeg\" \/>\n<meta name=\"twitter:card\" content=\"summary_large_image\" \/>\n<meta name=\"twitter:label1\" content=\"Tiempo de lectura\" \/>\n\t<meta name=\"twitter:data1\" content=\"1 minuto\" \/>\n<script type=\"application\/ld+json\" class=\"yoast-schema-graph\">{\"@context\":\"https:\\\/\\\/schema.org\",\"@graph\":[{\"@type\":\"WebPage\",\"@id\":\"https:\\\/\\\/repliquemangacine.fr\\\/super-heros-marvel\\\/justice-league-replique-trident-de-aquaman-186-cm\\\/\",\"url\":\"https:\\\/\\\/repliquemangacine.fr\\\/super-heros-marvel\\\/justice-league-replique-trident-de-aquaman-186-cm\\\/\",\"name\":\"Trident Aquaman Justice League - Echelle 1\\\/1 186cm | RMC\",\"isPartOf\":{\"@id\":\"https:\\\/\\\/repliquemangacine.fr\\\/#website\"},\"primaryImageOfPage\":{\"@id\":\"https:\\\/\\\/repliquemangacine.fr\\\/super-heros-marvel\\\/justice-league-replique-trident-de-aquaman-186-cm\\\/#primaryimage\"},\"image\":{\"@id\":\"https:\\\/\\\/repliquemangacine.fr\\\/super-heros-marvel\\\/justice-league-replique-trident-de-aquaman-186-cm\\\/#primaryimage\"},\"thumbnailUrl\":\"https:\\\/\\\/repliquemangacine.fr\\\/wp-content\\\/uploads\\\/2023\\\/10\\\/2961-Justice-League-replique-trident-de-Aquaman-186-cm.jpg\",\"datePublished\":\"2019-08-12T11:10:00+00:00\",\"dateModified\":\"2026-03-11T17:14:58+00:00\",\"description\":\"Offrez-lui cette r\u00e9plique officielle du Trident Aquaman Justice League au meilleur prix. Tout en ABS moul\u00e9 - Sous licence officielle DC Comics - 186 cm\",\"breadcrumb\":{\"@id\":\"https:\\\/\\\/repliquemangacine.fr\\\/super-heros-marvel\\\/justice-league-replique-trident-de-aquaman-186-cm\\\/#breadcrumb\"},\"inLanguage\":\"es\",\"potentialAction\":[{\"@type\":\"ReadAction\",\"target\":[\"https:\\\/\\\/repliquemangacine.fr\\\/super-heros-marvel\\\/justice-league-replique-trident-de-aquaman-186-cm\\\/\"]}]},{\"@type\":\"ImageObject\",\"inLanguage\":\"es\",\"@id\":\"https:\\\/\\\/repliquemangacine.fr\\\/super-heros-marvel\\\/justice-league-replique-trident-de-aquaman-186-cm\\\/#primaryimage\",\"url\":\"https:\\\/\\\/repliquemangacine.fr\\\/wp-content\\\/uploads\\\/2023\\\/10\\\/2961-Justice-League-replique-trident-de-Aquaman-186-cm.jpg\",\"contentUrl\":\"https:\\\/\\\/repliquemangacine.fr\\\/wp-content\\\/uploads\\\/2023\\\/10\\\/2961-Justice-League-replique-trident-de-Aquaman-186-cm.jpg\",\"width\":800,\"height\":800,\"caption\":\"Justice League r\u00e9plique trident de Aquaman 186 cm\"},{\"@type\":\"BreadcrumbList\",\"@id\":\"https:\\\/\\\/repliquemangacine.fr\\\/super-heros-marvel\\\/justice-league-replique-trident-de-aquaman-186-cm\\\/#breadcrumb\",\"itemListElement\":[{\"@type\":\"ListItem\",\"position\":1,\"name\":\"Accueil\",\"item\":\"https:\\\/\\\/repliquemangacine.fr\\\/\"},{\"@type\":\"ListItem\",\"position\":2,\"name\":\"Produits\",\"item\":\"https:\\\/\\\/repliquemangacine.fr\\\/boutique\\\/\"},{\"@type\":\"ListItem\",\"position\":3,\"name\":\"Trident Aquaman Justice League\"}]},{\"@type\":\"WebSite\",\"@id\":\"https:\\\/\\\/repliquemangacine.fr\\\/#website\",\"url\":\"https:\\\/\\\/repliquemangacine.fr\\\/\",\"name\":\"R\u00e9plique Manga Cin\u00e9\",\"description\":\"\",\"publisher\":{\"@id\":\"https:\\\/\\\/repliquemangacine.fr\\\/#organization\"},\"potentialAction\":[{\"@type\":\"SearchAction\",\"target\":{\"@type\":\"EntryPoint\",\"urlTemplate\":\"https:\\\/\\\/repliquemangacine.fr\\\/?s={search_term_string}\"},\"query-input\":{\"@type\":\"PropertyValueSpecification\",\"valueRequired\":true,\"valueName\":\"search_term_string\"}}],\"inLanguage\":\"es\"},{\"@type\":\"Organization\",\"@id\":\"https:\\\/\\\/repliquemangacine.fr\\\/#organization\",\"name\":\"R\u00e9plique Manga Cin\u00e9\",\"url\":\"https:\\\/\\\/repliquemangacine.fr\\\/\",\"logo\":{\"@type\":\"ImageObject\",\"inLanguage\":\"es\",\"@id\":\"https:\\\/\\\/repliquemangacine.fr\\\/#\\\/schema\\\/logo\\\/image\\\/\",\"url\":\"https:\\\/\\\/repliquemangacine.fr\\\/wp-content\\\/uploads\\\/2023\\\/10\\\/RMC-500250.png\",\"contentUrl\":\"https:\\\/\\\/repliquemangacine.fr\\\/wp-content\\\/uploads\\\/2023\\\/10\\\/RMC-500250.png\",\"width\":500,\"height\":250,\"caption\":\"R\u00e9plique Manga Cin\u00e9\"},\"image\":{\"@id\":\"https:\\\/\\\/repliquemangacine.fr\\\/#\\\/schema\\\/logo\\\/image\\\/\"},\"sameAs\":[\"https:\\\/\\\/www.facebook.com\\\/RepliqueMangaCine\",\"https:\\\/\\\/www.instagram.com\\\/repliquemangacine.fr\\\/\"]}]}<\/script>\n<!-- \/ Yoast SEO plugin. -->","yoast_head_json":{"title":"Trident Aquaman Liga de la Justicia - Escala 1\/1 186cm | RMC","description":"Ofr\u00e9cele esta r\u00e9plica oficial del Tridente de la Liga de la Justicia de Aquaman al mejor precio. Todo en ABS moldeado - Bajo licencia oficial DC Comics - 186 cm","robots":{"index":"index","follow":"follow","max-snippet":"max-snippet:-1","max-image-preview":"max-image-preview:large","max-video-preview":"max-video-preview:-1"},"canonical":"https:\/\/repliquemangacine.fr\/es\/superheroes-marvel\/liga-de-la-justicia-replica-aquaman-tridente-186-cm\/","og_locale":"es_ES","og_type":"article","og_title":"Trident Aquaman Justice League - Echelle 1\/1 186cm | RMC","og_description":"Offrez-lui cette r\u00e9plique officielle du Trident Aquaman Justice League au meilleur prix. Tout en ABS moul\u00e9 - Sous licence officielle DC Comics - 186 cm","og_url":"https:\/\/repliquemangacine.fr\/es\/superheroes-marvel\/liga-de-la-justicia-replica-aquaman-tridente-186-cm\/","og_site_name":"R\u00e9plique Manga Cin\u00e9","article_publisher":"https:\/\/www.facebook.com\/RepliqueMangaCine","article_modified_time":"2026-03-11T17:14:58+00:00","og_image":[{"width":800,"height":800,"url":"https:\/\/repliquemangacine.fr\/wp-content\/uploads\/2023\/10\/2961-Justice-League-replique-trident-de-Aquaman-186-cm.jpg","type":"image\/jpeg"}],"twitter_card":"summary_large_image","twitter_misc":{"Tiempo de lectura":"1 minuto"},"schema":{"@context":"https:\/\/schema.org","@graph":[{"@type":"WebPage","@id":"https:\/\/repliquemangacine.fr\/super-heros-marvel\/justice-league-replique-trident-de-aquaman-186-cm\/","url":"https:\/\/repliquemangacine.fr\/super-heros-marvel\/justice-league-replique-trident-de-aquaman-186-cm\/","name":"Trident Aquaman Liga de la Justicia - Escala 1\/1 186cm | RMC","isPartOf":{"@id":"https:\/\/repliquemangacine.fr\/#website"},"primaryImageOfPage":{"@id":"https:\/\/repliquemangacine.fr\/super-heros-marvel\/justice-league-replique-trident-de-aquaman-186-cm\/#primaryimage"},"image":{"@id":"https:\/\/repliquemangacine.fr\/super-heros-marvel\/justice-league-replique-trident-de-aquaman-186-cm\/#primaryimage"},"thumbnailUrl":"https:\/\/repliquemangacine.fr\/wp-content\/uploads\/2023\/10\/2961-Justice-League-replique-trident-de-Aquaman-186-cm.jpg","datePublished":"2019-08-12T11:10:00+00:00","dateModified":"2026-03-11T17:14:58+00:00","description":"Ofr\u00e9cele esta r\u00e9plica oficial del Tridente de la Liga de la Justicia de Aquaman al mejor precio. Todo en ABS moldeado - Bajo licencia oficial DC Comics - 186 cm","breadcrumb":{"@id":"https:\/\/repliquemangacine.fr\/super-heros-marvel\/justice-league-replique-trident-de-aquaman-186-cm\/#breadcrumb"},"inLanguage":"es","potentialAction":[{"@type":"ReadAction","target":["https:\/\/repliquemangacine.fr\/super-heros-marvel\/justice-league-replique-trident-de-aquaman-186-cm\/"]}]},{"@type":"ImageObject","inLanguage":"es","@id":"https:\/\/repliquemangacine.fr\/super-heros-marvel\/justice-league-replique-trident-de-aquaman-186-cm\/#primaryimage","url":"https:\/\/repliquemangacine.fr\/wp-content\/uploads\/2023\/10\/2961-Justice-League-replique-trident-de-Aquaman-186-cm.jpg","contentUrl":"https:\/\/repliquemangacine.fr\/wp-content\/uploads\/2023\/10\/2961-Justice-League-replique-trident-de-Aquaman-186-cm.jpg","width":800,"height":800,"caption":"Justice League r\u00e9plique trident de Aquaman 186 cm"},{"@type":"BreadcrumbList","@id":"https:\/\/repliquemangacine.fr\/super-heros-marvel\/justice-league-replique-trident-de-aquaman-186-cm\/#breadcrumb","itemListElement":[{"@type":"ListItem","position":1,"name":"Accueil","item":"https:\/\/repliquemangacine.fr\/"},{"@type":"ListItem","position":2,"name":"Produits","item":"https:\/\/repliquemangacine.fr\/boutique\/"},{"@type":"ListItem","position":3,"name":"Trident Aquaman Justice League"}]},{"@type":"WebSite","@id":"https:\/\/repliquemangacine.fr\/#website","url":"https:\/\/repliquemangacine.fr\/","name":"R\u00e9plique Manga Cin\u00e9","description":"","publisher":{"@id":"https:\/\/repliquemangacine.fr\/#organization"},"potentialAction":[{"@type":"SearchAction","target":{"@type":"EntryPoint","urlTemplate":"https:\/\/repliquemangacine.fr\/?s={search_term_string}"},"query-input":{"@type":"PropertyValueSpecification","valueRequired":true,"valueName":"search_term_string"}}],"inLanguage":"es"},{"@type":"Organization","@id":"https:\/\/repliquemangacine.fr\/#organization","name":"R\u00e9plique Manga Cin\u00e9","url":"https:\/\/repliquemangacine.fr\/","logo":{"@type":"ImageObject","inLanguage":"es","@id":"https:\/\/repliquemangacine.fr\/#\/schema\/logo\/image\/","url":"https:\/\/repliquemangacine.fr\/wp-content\/uploads\/2023\/10\/RMC-500250.png","contentUrl":"https:\/\/repliquemangacine.fr\/wp-content\/uploads\/2023\/10\/RMC-500250.png","width":500,"height":250,"caption":"R\u00e9plique Manga Cin\u00e9"},"image":{"@id":"https:\/\/repliquemangacine.fr\/#\/schema\/logo\/image\/"},"sameAs":["https:\/\/www.facebook.com\/RepliqueMangaCine","https:\/\/www.instagram.com\/repliquemangacine.fr\/"]}]}},"_links":{"self":[{"href":"https:\/\/repliquemangacine.fr\/es\/wp-json\/wp\/v2\/product\/28252","targetHints":{"allow":["GET"]}}],"collection":[{"href":"https:\/\/repliquemangacine.fr\/es\/wp-json\/wp\/v2\/product"}],"about":[{"href":"https:\/\/repliquemangacine.fr\/es\/wp-json\/wp\/v2\/types\/product"}],"wp:featuredmedia":[{"embeddable":true,"href":"https:\/\/repliquemangacine.fr\/es\/wp-json\/wp\/v2\/media\/28253"}],"wp:attachment":[{"href":"https:\/\/repliquemangacine.fr\/es\/wp-json\/wp\/v2\/media?parent=28252"}],"wp:term":[{"taxonomy":"product_brand","embeddable":true,"href":"https:\/\/repliquemangacine.fr\/es\/wp-json\/wp\/v2\/product_brand?post=28252"},{"taxonomy":"product_cat","embeddable":true,"href":"https:\/\/repliquemangacine.fr\/es\/wp-json\/wp\/v2\/product_cat?post=28252"},{"taxonomy":"product_tag","embeddable":true,"href":"https:\/\/repliquemangacine.fr\/es\/wp-json\/wp\/v2\/product_tag?post=28252"}],"curies":[{"name":"wp","href":"https:\/\/api.w.org\/{rel}","templated":true}]}}