





{"id":28235,"date":"2019-08-04T16:06:45","date_gmt":"2019-08-04T14:06:45","guid":{"rendered":"https:\/\/repliquemangacine.fr\/?post_type=product&#038;p=28235"},"modified":"2026-03-31T22:43:55","modified_gmt":"2026-03-31T20:43:55","slug":"yoru-kokutou-espada-dracula-mihawk-hoja-ancha","status":"publish","type":"product","link":"https:\/\/repliquemangacine.fr\/es\/repliques-manga-jeux-video\/sabre-yoru-kokutou-epee-de-dracule-mihawk-lame-large\/","title":{"rendered":"Espada Yoru Kokutou - Dracule Mihawk"},"content":{"rendered":"<h2>Espada Yoru Mihawk One Piece<\/h2>\n<p>Para empezar, el <strong>Espada Yoru de Mihawk<\/strong> en One Piece es una de las espadas m\u00e1s poderosas del mundo.<\/p>\n<p>Conocido con el sobrenombre de Ojo de Halc\u00f3n, <a href=\"https:\/\/onepiece.fandom.com\/fr\/wiki\/Dracule_Mihawk\" target=\"_blank\" rel=\"noopener noreferrer\">Dracule Mihawk<\/a> Es considerado el mejor esgrimista del mundo. Todos los esgrimistas del mundo quieren medirse con \u00e9l.<\/p>\n<p>El Kokuto Yoru pertenece a la categor\u00eda de los 12 Saijo \u00f4 Wazamono. Es propiedad de Mihawk, un antiguo miembro de los 7 Capitanes Corsarios. Kotuto Yuro significa \u201cLa espada negra de la noche\u201d. Las espadas de hoja negra se consideran indestructibles. Seg\u00fan Roronoa Zoro, \u201cse dice que las hojas negras son tan s\u00f3lidas que ni siquiera la embestida de un dinosaurio enfurecido podr\u00eda mellarlas\u201d.\u201d<\/p>\n<h2>Tu Mihawk Yoru Sabre al mejor precio<\/h2>\n<p>Te traemos todas las l\u00edneas de tus personajes favoritos en este manga animado de One Piece.<\/p>\n<p>Lo primero y m\u00e1s importante,<\/p>\n<ul>\n<li>Vea nuestros art\u00edculos sobre alfombrillas de rat\u00f3n One Piece<\/li>\n<li>As\u00ed como nuestros llaveros One Piece, como el llavero s\u00edmbolo One Piece.<\/li>\n<li>Por supuesto, tambi\u00e9n est\u00e1n todas las katanas, espadas y <a href=\"https:\/\/repliquemangacine.fr\/es\/katana-de-una-pieza\/katana-shusui-zoro-una-pieza\/\">espadas de One Piece<\/a>.<\/li>\n<li>Y muchos m\u00e1s por descubrir en nuestra tienda en l\u00ednea.<\/li>\n<\/ul>\n<p>Por eso, aqu\u00ed tienes unas ideas fant\u00e1sticas para regalar a todos los fans de One Piece.<\/p>\n<p>En conclusi\u00f3n, tambi\u00e9n puede utilizar este <strong>Espada Yoru Mihawk<\/strong> para tus desfiles de cosplay o veladas tem\u00e1ticas. Pero sobre todo, la espada Kokuto Yoru es tambi\u00e9n una pieza de coleccionista y una pieza decorativa.<\/p>\n<h2>\u00bfC\u00f3mo mantengo la hoja de mi espada de One Piece?<\/h2>\n<p>Las katanas de colecci\u00f3n y decorativas se fabrican y ensamblan de forma simplificada. Al ser de uso decorativo, no cuentan con los elementos de seguridad necesarios para una espada japonesa destinada al entrenamiento.<\/p>\n<p>Sin embargo, su <strong>Espada Yoru Mihawk<\/strong> una hoja de acero que hay que cuidar para evitar que se deteriore con el tiempo. De hecho, vas a exponer tu katana, tus amigos sentir\u00e1n curiosidad por ver la hoja y tocarla. Ah\u00ed es donde hay que tener cuidado, hay que destacar que la acidez de los dedos es muy perjudicial para el acero, independientemente de su calidad.<\/p>\n<p>Si esto ocurre, no se preocupe, solo tiene que humedecer un pa\u00f1o con un poco de aceite y limpiar las huellas dactilares. De esta forma, conservar\u00e1 su espada durante mucho tiempo.<\/p>","protected":false},"excerpt":{"rendered":"<p>Gigantesca espada Dracule Mihawk,<\/p>\n<ul>\n<li>Hoja ancha de acero.<\/li>\n<li>Empu\u00f1adura tallada y adornada con joyas de resina.<\/li>\n<li>Asa cubierta con una correa de algod\u00f3n blanco.<\/li>\n<li>Pomo de resina de piedra.<\/li>\n<li>Funda de transporte de imitaci\u00f3n de cuero.<\/li>\n<li>Longitud de la hoja: 90 cm - Longitud total: 126 cm<\/li>\n<\/ul>","protected":false},"featured_media":28236,"template":"","meta":[],"product_brand":[896],"product_cat":[123,23],"product_tag":[],"class_list":{"0":"post-28235","1":"product","2":"type-product","3":"status-publish","4":"has-post-thumbnail","6":"product_brand-replique-manga-cine","7":"product_cat-katana-en-metal-one-piece","8":"product_cat-repliques-manga-jeux-video","10":"first","11":"instock","12":"taxable","13":"shipping-taxable","14":"purchasable","15":"product-type-simple"},"yoast_head":"<!-- This site is optimized with the Yoast SEO plugin v27.4 - https:\/\/yoast.com\/product\/yoast-seo-wordpress\/ -->\n<title>Sabre Yoru Mihawk - Vente en ligne des \u00e9p\u00e9es One Piece | RMC<\/title>\n<meta name=\"description\" content=\"Exclusivit\u00e9 ! Superbe r\u00e9plique du sabre Yoru Mihawk au meilleur prix - Lame large en acier 440 - Garde m\u00e9tal d\u00e9cor\u00e9 - Longueur totale : 126 cm\" \/>\n<meta name=\"robots\" content=\"index, follow, max-snippet:-1, max-image-preview:large, max-video-preview:-1\" \/>\n<link rel=\"canonical\" href=\"https:\/\/repliquemangacine.fr\/es\/replica-de-videojuegos-manga\/yoru-kokutou-espada-dracula-mihawk-hoja-ancha\/\" \/>\n<meta property=\"og:locale\" content=\"es_ES\" \/>\n<meta property=\"og:type\" content=\"article\" \/>\n<meta property=\"og:title\" content=\"Sabre Yoru Mihawk - Vente en ligne des \u00e9p\u00e9es One Piece | RMC\" \/>\n<meta property=\"og:description\" content=\"Exclusivit\u00e9 ! Superbe r\u00e9plique du sabre Yoru Mihawk au meilleur prix - Lame large en acier 440 - Garde m\u00e9tal d\u00e9cor\u00e9 - Longueur totale : 126 cm\" \/>\n<meta property=\"og:url\" content=\"https:\/\/repliquemangacine.fr\/es\/replica-de-videojuegos-manga\/yoru-kokutou-espada-dracula-mihawk-hoja-ancha\/\" \/>\n<meta property=\"og:site_name\" content=\"R\u00e9plique Manga Cin\u00e9\" \/>\n<meta property=\"article:publisher\" content=\"https:\/\/www.facebook.com\/RepliqueMangaCine\" \/>\n<meta property=\"article:modified_time\" content=\"2026-03-31T20:43:55+00:00\" \/>\n<meta property=\"og:image\" content=\"https:\/\/repliquemangacine.fr\/wp-content\/uploads\/2023\/10\/2941-Sabre-Yoru-Kokutou-Epee-de-Dracule-Mihawk-Lame-large.jpg\" \/>\n\t<meta property=\"og:image:width\" content=\"800\" \/>\n\t<meta property=\"og:image:height\" content=\"800\" \/>\n\t<meta property=\"og:image:type\" content=\"image\/jpeg\" \/>\n<meta name=\"twitter:card\" content=\"summary_large_image\" \/>\n<meta name=\"twitter:label1\" content=\"Tiempo de lectura\" \/>\n\t<meta name=\"twitter:data1\" content=\"3 minutos\" \/>\n<script type=\"application\/ld+json\" class=\"yoast-schema-graph\">{\"@context\":\"https:\\\/\\\/schema.org\",\"@graph\":[{\"@type\":\"WebPage\",\"@id\":\"https:\\\/\\\/repliquemangacine.fr\\\/repliques-manga-jeux-video\\\/sabre-yoru-kokutou-epee-de-dracule-mihawk-lame-large\\\/\",\"url\":\"https:\\\/\\\/repliquemangacine.fr\\\/repliques-manga-jeux-video\\\/sabre-yoru-kokutou-epee-de-dracule-mihawk-lame-large\\\/\",\"name\":\"Sabre Yoru Mihawk - Vente en ligne des \u00e9p\u00e9es One Piece | RMC\",\"isPartOf\":{\"@id\":\"https:\\\/\\\/repliquemangacine.fr\\\/#website\"},\"primaryImageOfPage\":{\"@id\":\"https:\\\/\\\/repliquemangacine.fr\\\/repliques-manga-jeux-video\\\/sabre-yoru-kokutou-epee-de-dracule-mihawk-lame-large\\\/#primaryimage\"},\"image\":{\"@id\":\"https:\\\/\\\/repliquemangacine.fr\\\/repliques-manga-jeux-video\\\/sabre-yoru-kokutou-epee-de-dracule-mihawk-lame-large\\\/#primaryimage\"},\"thumbnailUrl\":\"https:\\\/\\\/repliquemangacine.fr\\\/wp-content\\\/uploads\\\/2023\\\/10\\\/2941-Sabre-Yoru-Kokutou-Epee-de-Dracule-Mihawk-Lame-large.jpg\",\"datePublished\":\"2019-08-04T14:06:45+00:00\",\"dateModified\":\"2026-03-31T20:43:55+00:00\",\"description\":\"Exclusivit\u00e9 ! Superbe r\u00e9plique du sabre Yoru Mihawk au meilleur prix - Lame large en acier 440 - Garde m\u00e9tal d\u00e9cor\u00e9 - Longueur totale : 126 cm\",\"breadcrumb\":{\"@id\":\"https:\\\/\\\/repliquemangacine.fr\\\/repliques-manga-jeux-video\\\/sabre-yoru-kokutou-epee-de-dracule-mihawk-lame-large\\\/#breadcrumb\"},\"inLanguage\":\"es\",\"potentialAction\":[{\"@type\":\"ReadAction\",\"target\":[\"https:\\\/\\\/repliquemangacine.fr\\\/repliques-manga-jeux-video\\\/sabre-yoru-kokutou-epee-de-dracule-mihawk-lame-large\\\/\"]}]},{\"@type\":\"ImageObject\",\"inLanguage\":\"es\",\"@id\":\"https:\\\/\\\/repliquemangacine.fr\\\/repliques-manga-jeux-video\\\/sabre-yoru-kokutou-epee-de-dracule-mihawk-lame-large\\\/#primaryimage\",\"url\":\"https:\\\/\\\/repliquemangacine.fr\\\/wp-content\\\/uploads\\\/2023\\\/10\\\/2941-Sabre-Yoru-Kokutou-Epee-de-Dracule-Mihawk-Lame-large.jpg\",\"contentUrl\":\"https:\\\/\\\/repliquemangacine.fr\\\/wp-content\\\/uploads\\\/2023\\\/10\\\/2941-Sabre-Yoru-Kokutou-Epee-de-Dracule-Mihawk-Lame-large.jpg\",\"width\":800,\"height\":800,\"caption\":\"Sabre Yoru Kokutou - Ep\u00e9e de Dracule Mihawk - Lame large\"},{\"@type\":\"BreadcrumbList\",\"@id\":\"https:\\\/\\\/repliquemangacine.fr\\\/repliques-manga-jeux-video\\\/sabre-yoru-kokutou-epee-de-dracule-mihawk-lame-large\\\/#breadcrumb\",\"itemListElement\":[{\"@type\":\"ListItem\",\"position\":1,\"name\":\"Accueil\",\"item\":\"https:\\\/\\\/repliquemangacine.fr\\\/\"},{\"@type\":\"ListItem\",\"position\":2,\"name\":\"Produits\",\"item\":\"https:\\\/\\\/repliquemangacine.fr\\\/boutique\\\/\"},{\"@type\":\"ListItem\",\"position\":3,\"name\":\"Sabre Yoru Kokutou &#8211; Dracule Mihawk\"}]},{\"@type\":\"WebSite\",\"@id\":\"https:\\\/\\\/repliquemangacine.fr\\\/#website\",\"url\":\"https:\\\/\\\/repliquemangacine.fr\\\/\",\"name\":\"R\u00e9plique Manga Cin\u00e9\",\"description\":\"\",\"publisher\":{\"@id\":\"https:\\\/\\\/repliquemangacine.fr\\\/#organization\"},\"potentialAction\":[{\"@type\":\"SearchAction\",\"target\":{\"@type\":\"EntryPoint\",\"urlTemplate\":\"https:\\\/\\\/repliquemangacine.fr\\\/?s={search_term_string}\"},\"query-input\":{\"@type\":\"PropertyValueSpecification\",\"valueRequired\":true,\"valueName\":\"search_term_string\"}}],\"inLanguage\":\"es\"},{\"@type\":\"Organization\",\"@id\":\"https:\\\/\\\/repliquemangacine.fr\\\/#organization\",\"name\":\"R\u00e9plique Manga Cin\u00e9\",\"url\":\"https:\\\/\\\/repliquemangacine.fr\\\/\",\"logo\":{\"@type\":\"ImageObject\",\"inLanguage\":\"es\",\"@id\":\"https:\\\/\\\/repliquemangacine.fr\\\/#\\\/schema\\\/logo\\\/image\\\/\",\"url\":\"https:\\\/\\\/repliquemangacine.fr\\\/wp-content\\\/uploads\\\/2023\\\/10\\\/RMC-500250.png\",\"contentUrl\":\"https:\\\/\\\/repliquemangacine.fr\\\/wp-content\\\/uploads\\\/2023\\\/10\\\/RMC-500250.png\",\"width\":500,\"height\":250,\"caption\":\"R\u00e9plique Manga Cin\u00e9\"},\"image\":{\"@id\":\"https:\\\/\\\/repliquemangacine.fr\\\/#\\\/schema\\\/logo\\\/image\\\/\"},\"sameAs\":[\"https:\\\/\\\/www.facebook.com\\\/RepliqueMangaCine\",\"https:\\\/\\\/www.instagram.com\\\/repliquemangacine.fr\\\/\"]}]}<\/script>\n<!-- \/ Yoast SEO plugin. -->","yoast_head_json":{"title":"Sabre Yoru Mihawk - Comprar espadas de One Piece online en RMC","description":"\u00a1Exclusiva ! Magn\u00edfica r\u00e9plica de la espada Yoru Mihawk al mejor precio - Hoja ancha de acero 440 - Guarda de metal decorada - Longitud total: 126 cm","robots":{"index":"index","follow":"follow","max-snippet":"max-snippet:-1","max-image-preview":"max-image-preview:large","max-video-preview":"max-video-preview:-1"},"canonical":"https:\/\/repliquemangacine.fr\/es\/replica-de-videojuegos-manga\/yoru-kokutou-espada-dracula-mihawk-hoja-ancha\/","og_locale":"es_ES","og_type":"article","og_title":"Sabre Yoru Mihawk - Vente en ligne des \u00e9p\u00e9es One Piece | RMC","og_description":"Exclusivit\u00e9 ! Superbe r\u00e9plique du sabre Yoru Mihawk au meilleur prix - Lame large en acier 440 - Garde m\u00e9tal d\u00e9cor\u00e9 - Longueur totale : 126 cm","og_url":"https:\/\/repliquemangacine.fr\/es\/replica-de-videojuegos-manga\/yoru-kokutou-espada-dracula-mihawk-hoja-ancha\/","og_site_name":"R\u00e9plique Manga Cin\u00e9","article_publisher":"https:\/\/www.facebook.com\/RepliqueMangaCine","article_modified_time":"2026-03-31T20:43:55+00:00","og_image":[{"width":800,"height":800,"url":"https:\/\/repliquemangacine.fr\/wp-content\/uploads\/2023\/10\/2941-Sabre-Yoru-Kokutou-Epee-de-Dracule-Mihawk-Lame-large.jpg","type":"image\/jpeg"}],"twitter_card":"summary_large_image","twitter_misc":{"Tiempo de lectura":"3 minutos"},"schema":{"@context":"https:\/\/schema.org","@graph":[{"@type":"WebPage","@id":"https:\/\/repliquemangacine.fr\/repliques-manga-jeux-video\/sabre-yoru-kokutou-epee-de-dracule-mihawk-lame-large\/","url":"https:\/\/repliquemangacine.fr\/repliques-manga-jeux-video\/sabre-yoru-kokutou-epee-de-dracule-mihawk-lame-large\/","name":"Sabre Yoru Mihawk - Comprar espadas de One Piece online en RMC","isPartOf":{"@id":"https:\/\/repliquemangacine.fr\/#website"},"primaryImageOfPage":{"@id":"https:\/\/repliquemangacine.fr\/repliques-manga-jeux-video\/sabre-yoru-kokutou-epee-de-dracule-mihawk-lame-large\/#primaryimage"},"image":{"@id":"https:\/\/repliquemangacine.fr\/repliques-manga-jeux-video\/sabre-yoru-kokutou-epee-de-dracule-mihawk-lame-large\/#primaryimage"},"thumbnailUrl":"https:\/\/repliquemangacine.fr\/wp-content\/uploads\/2023\/10\/2941-Sabre-Yoru-Kokutou-Epee-de-Dracule-Mihawk-Lame-large.jpg","datePublished":"2019-08-04T14:06:45+00:00","dateModified":"2026-03-31T20:43:55+00:00","description":"\u00a1Exclusiva ! Magn\u00edfica r\u00e9plica de la espada Yoru Mihawk al mejor precio - Hoja ancha de acero 440 - Guarda de metal decorada - Longitud total: 126 cm","breadcrumb":{"@id":"https:\/\/repliquemangacine.fr\/repliques-manga-jeux-video\/sabre-yoru-kokutou-epee-de-dracule-mihawk-lame-large\/#breadcrumb"},"inLanguage":"es","potentialAction":[{"@type":"ReadAction","target":["https:\/\/repliquemangacine.fr\/repliques-manga-jeux-video\/sabre-yoru-kokutou-epee-de-dracule-mihawk-lame-large\/"]}]},{"@type":"ImageObject","inLanguage":"es","@id":"https:\/\/repliquemangacine.fr\/repliques-manga-jeux-video\/sabre-yoru-kokutou-epee-de-dracule-mihawk-lame-large\/#primaryimage","url":"https:\/\/repliquemangacine.fr\/wp-content\/uploads\/2023\/10\/2941-Sabre-Yoru-Kokutou-Epee-de-Dracule-Mihawk-Lame-large.jpg","contentUrl":"https:\/\/repliquemangacine.fr\/wp-content\/uploads\/2023\/10\/2941-Sabre-Yoru-Kokutou-Epee-de-Dracule-Mihawk-Lame-large.jpg","width":800,"height":800,"caption":"Sabre Yoru Kokutou - Ep\u00e9e de Dracule Mihawk - Lame large"},{"@type":"BreadcrumbList","@id":"https:\/\/repliquemangacine.fr\/repliques-manga-jeux-video\/sabre-yoru-kokutou-epee-de-dracule-mihawk-lame-large\/#breadcrumb","itemListElement":[{"@type":"ListItem","position":1,"name":"Accueil","item":"https:\/\/repliquemangacine.fr\/"},{"@type":"ListItem","position":2,"name":"Produits","item":"https:\/\/repliquemangacine.fr\/boutique\/"},{"@type":"ListItem","position":3,"name":"Sabre Yoru Kokutou &#8211; Dracule Mihawk"}]},{"@type":"WebSite","@id":"https:\/\/repliquemangacine.fr\/#website","url":"https:\/\/repliquemangacine.fr\/","name":"R\u00e9plique Manga Cin\u00e9","description":"","publisher":{"@id":"https:\/\/repliquemangacine.fr\/#organization"},"potentialAction":[{"@type":"SearchAction","target":{"@type":"EntryPoint","urlTemplate":"https:\/\/repliquemangacine.fr\/?s={search_term_string}"},"query-input":{"@type":"PropertyValueSpecification","valueRequired":true,"valueName":"search_term_string"}}],"inLanguage":"es"},{"@type":"Organization","@id":"https:\/\/repliquemangacine.fr\/#organization","name":"R\u00e9plique Manga Cin\u00e9","url":"https:\/\/repliquemangacine.fr\/","logo":{"@type":"ImageObject","inLanguage":"es","@id":"https:\/\/repliquemangacine.fr\/#\/schema\/logo\/image\/","url":"https:\/\/repliquemangacine.fr\/wp-content\/uploads\/2023\/10\/RMC-500250.png","contentUrl":"https:\/\/repliquemangacine.fr\/wp-content\/uploads\/2023\/10\/RMC-500250.png","width":500,"height":250,"caption":"R\u00e9plique Manga Cin\u00e9"},"image":{"@id":"https:\/\/repliquemangacine.fr\/#\/schema\/logo\/image\/"},"sameAs":["https:\/\/www.facebook.com\/RepliqueMangaCine","https:\/\/www.instagram.com\/repliquemangacine.fr\/"]}]}},"_links":{"self":[{"href":"https:\/\/repliquemangacine.fr\/es\/wp-json\/wp\/v2\/product\/28235","targetHints":{"allow":["GET"]}}],"collection":[{"href":"https:\/\/repliquemangacine.fr\/es\/wp-json\/wp\/v2\/product"}],"about":[{"href":"https:\/\/repliquemangacine.fr\/es\/wp-json\/wp\/v2\/types\/product"}],"wp:featuredmedia":[{"embeddable":true,"href":"https:\/\/repliquemangacine.fr\/es\/wp-json\/wp\/v2\/media\/28236"}],"wp:attachment":[{"href":"https:\/\/repliquemangacine.fr\/es\/wp-json\/wp\/v2\/media?parent=28235"}],"wp:term":[{"taxonomy":"product_brand","embeddable":true,"href":"https:\/\/repliquemangacine.fr\/es\/wp-json\/wp\/v2\/product_brand?post=28235"},{"taxonomy":"product_cat","embeddable":true,"href":"https:\/\/repliquemangacine.fr\/es\/wp-json\/wp\/v2\/product_cat?post=28235"},{"taxonomy":"product_tag","embeddable":true,"href":"https:\/\/repliquemangacine.fr\/es\/wp-json\/wp\/v2\/product_tag?post=28235"}],"curies":[{"name":"wp","href":"https:\/\/api.w.org\/{rel}","templated":true}]}}