





{"id":28226,"date":"2019-08-04T15:17:13","date_gmt":"2019-08-04T13:17:13","guid":{"rendered":"https:\/\/repliquemangacine.fr\/?post_type=product&#038;p=28226"},"modified":"2026-03-25T15:57:21","modified_gmt":"2026-03-25T14:57:21","slug":"espada-zireael-de-ciri-the-witcher-3-hoja-cortada","status":"publish","type":"product","link":"https:\/\/repliquemangacine.fr\/es\/epee-the-witcher\/epee-zireael-de-ciri-the-witcher-3-lame-decoupee\/","title":{"rendered":"Espada Ciri The Witcher 3 - Hoja tallada"},"content":{"rendered":"<h2>Espada Ciri Zireael The Witcher3<\/h2>\n<p>Para empezar, la espada Ciri The Witcher3, dise\u00f1ada con la mayor atenci\u00f3n al detalle. El proceso de producci\u00f3n de la hoja es mediante lijado pulido.<\/p>\n<p>Forjada por los gnomos, esta gwyhyr (espada), llamada Zireael (golondrina). Una <a href=\"https:\/\/witcher-archive.fandom.com\/fr\/wiki\/Gwyhyr\" target=\"_blank\" rel=\"noopener noreferrer\">gwyhyr<\/a> Es una magn\u00edfica espada gn\u00f3mica, considerada la mejor del mundo. Los gnomos dejaron de fabricar estas armas m\u00e1s de doscientos a\u00f1os antes de los acontecimientos narrados en La saga del brujo.<\/p>\n<p>Es una de las dos espadas que Geralt puede elegir cuando se encuentra con el herrero en el cuartel de Nilfgaard. Se la regala a Ciri, es su primera espada de bruja.<\/p>\n<p>Cuando a\u00fan era una ni\u00f1a, los padres de Ciri desaparecieron en una tormenta en el mar y se les dio por muertos. Pas\u00f3 su juventud entre Cintra y las Islas Skellige, al cuidado de su abuela.<\/p>\n<h2>Tu The Witcher3 Ciri Sword al mejor precio.<\/h2>\n<p>Te ofrecemos todas las r\u00e9plicas de Geralt de Riv en el juego The Witcher 3, pero tambi\u00e9n en la serie The Witcher de Netflix.<\/p>\n<p>Lo primero y m\u00e1s importante,<\/p>\n<ul>\n<li>L'<a href=\"https:\/\/repliquemangacine.fr\/es\/epee-the-witcher\/epee-wolf-the-witcher3\/\">Espada de lobo<\/a> Llevada por Geralt de Riv, es su segunda espada en el juego.<\/li>\n<li>As\u00ed como el<a href=\"https:\/\/repliquemangacine.fr\/es\/epee-the-witcher\/epee-argent-geralt-de-riv-the-witcher\/\">espada de plata<\/a> en la segunda temporada de la serie de Netflix.<\/li>\n<li>Y muchos m\u00e1s por descubrir en nuestra tienda en l\u00ednea.<\/li>\n<\/ul>\n<p>Por eso, aqu\u00ed tienes unas ideas geniales para regalar a los fans de The Witcher.<\/p>\n<p>En conclusi\u00f3n, tambi\u00e9n puede utilizar este <strong>Ciri espada The Witcher3<\/strong> para tus desfiles de cosplay o tus fiestas tem\u00e1ticas. Pero, ante todo, tambi\u00e9n es una pieza de colecci\u00f3n y decoraci\u00f3n.<\/p>\n<p>R\u00e9plique Manga Cin\u00e9 es una empresa francesa<\/p>\n<h2>\u00bfC\u00f3mo mantengo la hoja de mi espada The Witcher?<\/h2>\n<p>Las espadas de colecci\u00f3n y decorativas se fabrican y ensamblan de forma simplificada. Como su uso es decorativo, no cuentan con los elementos de seguridad necesarios para una espada japonesa destinada al entrenamiento.<\/p>\n<p>Sin embargo, su <strong>Ciri espada The Witcher3<\/strong> a una hoja de acero que hay que mantener para evitar que se da\u00f1e con el tiempo. Cuando muestres tu espada, tus amigos sentir\u00e1n curiosidad por ver la hoja y tocarla. Aqu\u00ed es donde hay que tener cuidado, porque la acidez de los dedos es muy perjudicial para el acero, sea cual sea su calidad.<\/p>\n<p>Sin embargo, si esto ocurre, no te asustes, todo lo que necesitas es un pa\u00f1o humedecido con un poco de aceite y limpiar las huellas dactilares. Si haces esto, tu espada durar\u00e1 mucho tiempo.<\/p>\n<p>&nbsp;<\/p>","protected":false},"excerpt":{"rendered":"<p>Esta r\u00e9plica de la espada Zireael est\u00e1 dise\u00f1ada con la mayor atenci\u00f3n al detalle.<\/p>\n<ul>\n<li>Hoja de acero inoxidable 440 no afilada.<\/li>\n<li>Hoja cortada cerca de la empu\u00f1adura.<\/li>\n<li>El proceso de producci\u00f3n de la hoja es el rectificado pulido.<\/li>\n<li>Asa de metal rodeada de hilo de algod\u00f3n beige.<\/li>\n<li>Empu\u00f1adura y pomo de acero macizo especialmente moldeado.<\/li>\n<li>Vaina de madera forrada de polipiel roja con costuras blancas.<\/li>\n<li>Terminales de acero pulido.<br \/>\nTambi\u00e9n tiene una correa ajustable para el hombro.<\/li>\n<\/ul>\n<p><strong><span style=\"color: #d0121a;\">El colgante con los ojos rojos viene con esta espada.<\/span> <span style=\"text-decoration: underline;\"><br \/>\n<\/span><\/strong><\/p>","protected":false},"featured_media":28227,"template":"","meta":[],"product_brand":[896],"product_cat":[23,58],"product_tag":[],"class_list":{"0":"post-28226","1":"product","2":"type-product","3":"status-publish","4":"has-post-thumbnail","6":"product_brand-replique-manga-cine","7":"product_cat-repliques-manga-jeux-video","8":"product_cat-epee-the-witcher","10":"first","11":"instock","12":"sale","13":"taxable","14":"shipping-taxable","15":"purchasable","16":"product-type-simple"},"yoast_head":"<!-- This site is optimized with the Yoast SEO plugin v27.4 - https:\/\/yoast.com\/product\/yoast-seo-wordpress\/ -->\n<title>Ep\u00e9e Ciri The Witcher3 - Vente en ligne Ep\u00e9e Zireael - RMC<\/title>\n<meta name=\"description\" content=\"Offrez-lui ! Cette superbe Ep\u00e9e de Ciri The Witcher3 au meilleur prix. Lame en acier inox d\u00e9coup\u00e9e sur le haut de la lame. Fourreau similicuir rouge\" \/>\n<meta name=\"robots\" content=\"index, follow, max-snippet:-1, max-image-preview:large, max-video-preview:-1\" \/>\n<link rel=\"canonical\" href=\"https:\/\/repliquemangacine.fr\/es\/epee-the-witcher\/espada-zireael-de-ciri-the-witcher-3-hoja-cortada\/\" \/>\n<meta property=\"og:locale\" content=\"es_ES\" \/>\n<meta property=\"og:type\" content=\"article\" \/>\n<meta property=\"og:title\" content=\"Ep\u00e9e Ciri The Witcher3 - Vente en ligne Ep\u00e9e Zireael - RMC\" \/>\n<meta property=\"og:description\" content=\"Offrez-lui ! Cette superbe Ep\u00e9e de Ciri The Witcher3 au meilleur prix. Lame en acier inox d\u00e9coup\u00e9e sur le haut de la lame. Fourreau similicuir rouge\" \/>\n<meta property=\"og:url\" content=\"https:\/\/repliquemangacine.fr\/es\/epee-the-witcher\/espada-zireael-de-ciri-the-witcher-3-hoja-cortada\/\" \/>\n<meta property=\"og:site_name\" content=\"R\u00e9plique Manga Cin\u00e9\" \/>\n<meta property=\"article:publisher\" content=\"https:\/\/www.facebook.com\/RepliqueMangaCine\" \/>\n<meta property=\"article:modified_time\" content=\"2026-03-25T14:57:21+00:00\" \/>\n<meta property=\"og:image\" content=\"https:\/\/repliquemangacine.fr\/wp-content\/uploads\/2023\/10\/2930-Epee-Zireael-de-Ciri-The-Witcher-3-Lame-decoupee.jpg\" \/>\n\t<meta property=\"og:image:width\" content=\"700\" \/>\n\t<meta property=\"og:image:height\" content=\"700\" \/>\n\t<meta property=\"og:image:type\" content=\"image\/jpeg\" \/>\n<meta name=\"twitter:card\" content=\"summary_large_image\" \/>\n<meta name=\"twitter:label1\" content=\"Tiempo de lectura\" \/>\n\t<meta name=\"twitter:data1\" content=\"1 minuto\" \/>\n<script type=\"application\/ld+json\" class=\"yoast-schema-graph\">{\"@context\":\"https:\\\/\\\/schema.org\",\"@graph\":[{\"@type\":\"WebPage\",\"@id\":\"https:\\\/\\\/repliquemangacine.fr\\\/epee-the-witcher\\\/epee-zireael-de-ciri-the-witcher-3-lame-decoupee\\\/\",\"url\":\"https:\\\/\\\/repliquemangacine.fr\\\/epee-the-witcher\\\/epee-zireael-de-ciri-the-witcher-3-lame-decoupee\\\/\",\"name\":\"Ep\u00e9e Ciri The Witcher3 - Vente en ligne Ep\u00e9e Zireael - RMC\",\"isPartOf\":{\"@id\":\"https:\\\/\\\/repliquemangacine.fr\\\/#website\"},\"primaryImageOfPage\":{\"@id\":\"https:\\\/\\\/repliquemangacine.fr\\\/epee-the-witcher\\\/epee-zireael-de-ciri-the-witcher-3-lame-decoupee\\\/#primaryimage\"},\"image\":{\"@id\":\"https:\\\/\\\/repliquemangacine.fr\\\/epee-the-witcher\\\/epee-zireael-de-ciri-the-witcher-3-lame-decoupee\\\/#primaryimage\"},\"thumbnailUrl\":\"https:\\\/\\\/repliquemangacine.fr\\\/wp-content\\\/uploads\\\/2023\\\/10\\\/2930-Epee-Zireael-de-Ciri-The-Witcher-3-Lame-decoupee.jpg\",\"datePublished\":\"2019-08-04T13:17:13+00:00\",\"dateModified\":\"2026-03-25T14:57:21+00:00\",\"description\":\"Offrez-lui ! Cette superbe Ep\u00e9e de Ciri The Witcher3 au meilleur prix. Lame en acier inox d\u00e9coup\u00e9e sur le haut de la lame. Fourreau similicuir rouge\",\"breadcrumb\":{\"@id\":\"https:\\\/\\\/repliquemangacine.fr\\\/epee-the-witcher\\\/epee-zireael-de-ciri-the-witcher-3-lame-decoupee\\\/#breadcrumb\"},\"inLanguage\":\"es\",\"potentialAction\":[{\"@type\":\"ReadAction\",\"target\":[\"https:\\\/\\\/repliquemangacine.fr\\\/epee-the-witcher\\\/epee-zireael-de-ciri-the-witcher-3-lame-decoupee\\\/\"]}]},{\"@type\":\"ImageObject\",\"inLanguage\":\"es\",\"@id\":\"https:\\\/\\\/repliquemangacine.fr\\\/epee-the-witcher\\\/epee-zireael-de-ciri-the-witcher-3-lame-decoupee\\\/#primaryimage\",\"url\":\"https:\\\/\\\/repliquemangacine.fr\\\/wp-content\\\/uploads\\\/2023\\\/10\\\/2930-Epee-Zireael-de-Ciri-The-Witcher-3-Lame-decoupee.jpg\",\"contentUrl\":\"https:\\\/\\\/repliquemangacine.fr\\\/wp-content\\\/uploads\\\/2023\\\/10\\\/2930-Epee-Zireael-de-Ciri-The-Witcher-3-Lame-decoupee.jpg\",\"width\":700,\"height\":700,\"caption\":\"Ep\u00e9e Zireael de Ciri - The Witcher 3 - Lame d\u00e9coup\u00e9e\"},{\"@type\":\"BreadcrumbList\",\"@id\":\"https:\\\/\\\/repliquemangacine.fr\\\/epee-the-witcher\\\/epee-zireael-de-ciri-the-witcher-3-lame-decoupee\\\/#breadcrumb\",\"itemListElement\":[{\"@type\":\"ListItem\",\"position\":1,\"name\":\"Accueil\",\"item\":\"https:\\\/\\\/repliquemangacine.fr\\\/\"},{\"@type\":\"ListItem\",\"position\":2,\"name\":\"Produits\",\"item\":\"https:\\\/\\\/repliquemangacine.fr\\\/boutique\\\/\"},{\"@type\":\"ListItem\",\"position\":3,\"name\":\"Ep\u00e9e Ciri The Witcher 3 &#8211; Lame d\u00e9coup\u00e9e\"}]},{\"@type\":\"WebSite\",\"@id\":\"https:\\\/\\\/repliquemangacine.fr\\\/#website\",\"url\":\"https:\\\/\\\/repliquemangacine.fr\\\/\",\"name\":\"R\u00e9plique Manga Cin\u00e9\",\"description\":\"\",\"publisher\":{\"@id\":\"https:\\\/\\\/repliquemangacine.fr\\\/#organization\"},\"potentialAction\":[{\"@type\":\"SearchAction\",\"target\":{\"@type\":\"EntryPoint\",\"urlTemplate\":\"https:\\\/\\\/repliquemangacine.fr\\\/?s={search_term_string}\"},\"query-input\":{\"@type\":\"PropertyValueSpecification\",\"valueRequired\":true,\"valueName\":\"search_term_string\"}}],\"inLanguage\":\"es\"},{\"@type\":\"Organization\",\"@id\":\"https:\\\/\\\/repliquemangacine.fr\\\/#organization\",\"name\":\"R\u00e9plique Manga Cin\u00e9\",\"url\":\"https:\\\/\\\/repliquemangacine.fr\\\/\",\"logo\":{\"@type\":\"ImageObject\",\"inLanguage\":\"es\",\"@id\":\"https:\\\/\\\/repliquemangacine.fr\\\/#\\\/schema\\\/logo\\\/image\\\/\",\"url\":\"https:\\\/\\\/repliquemangacine.fr\\\/wp-content\\\/uploads\\\/2023\\\/10\\\/RMC-500250.png\",\"contentUrl\":\"https:\\\/\\\/repliquemangacine.fr\\\/wp-content\\\/uploads\\\/2023\\\/10\\\/RMC-500250.png\",\"width\":500,\"height\":250,\"caption\":\"R\u00e9plique Manga Cin\u00e9\"},\"image\":{\"@id\":\"https:\\\/\\\/repliquemangacine.fr\\\/#\\\/schema\\\/logo\\\/image\\\/\"},\"sameAs\":[\"https:\\\/\\\/www.facebook.com\\\/RepliqueMangaCine\",\"https:\\\/\\\/www.instagram.com\\\/repliquemangacine.fr\\\/\"]}]}<\/script>\n<!-- \/ Yoast SEO plugin. -->","yoast_head_json":{"title":"Espada Ciri The Witcher3 - Venta en l\u00ednea Espada Zireael - RMC","description":"\u00a1Reg\u00e1lasela! Esta magn\u00edfica espada Ciri The Witcher3 al mejor precio. Hoja de acero inoxidable recortada en la parte superior de la hoja. Vaina de imitaci\u00f3n de cuero rojo","robots":{"index":"index","follow":"follow","max-snippet":"max-snippet:-1","max-image-preview":"max-image-preview:large","max-video-preview":"max-video-preview:-1"},"canonical":"https:\/\/repliquemangacine.fr\/es\/epee-the-witcher\/espada-zireael-de-ciri-the-witcher-3-hoja-cortada\/","og_locale":"es_ES","og_type":"article","og_title":"Ep\u00e9e Ciri The Witcher3 - Vente en ligne Ep\u00e9e Zireael - RMC","og_description":"Offrez-lui ! Cette superbe Ep\u00e9e de Ciri The Witcher3 au meilleur prix. Lame en acier inox d\u00e9coup\u00e9e sur le haut de la lame. Fourreau similicuir rouge","og_url":"https:\/\/repliquemangacine.fr\/es\/epee-the-witcher\/espada-zireael-de-ciri-the-witcher-3-hoja-cortada\/","og_site_name":"R\u00e9plique Manga Cin\u00e9","article_publisher":"https:\/\/www.facebook.com\/RepliqueMangaCine","article_modified_time":"2026-03-25T14:57:21+00:00","og_image":[{"width":700,"height":700,"url":"https:\/\/repliquemangacine.fr\/wp-content\/uploads\/2023\/10\/2930-Epee-Zireael-de-Ciri-The-Witcher-3-Lame-decoupee.jpg","type":"image\/jpeg"}],"twitter_card":"summary_large_image","twitter_misc":{"Tiempo de lectura":"1 minuto"},"schema":{"@context":"https:\/\/schema.org","@graph":[{"@type":"WebPage","@id":"https:\/\/repliquemangacine.fr\/epee-the-witcher\/epee-zireael-de-ciri-the-witcher-3-lame-decoupee\/","url":"https:\/\/repliquemangacine.fr\/epee-the-witcher\/epee-zireael-de-ciri-the-witcher-3-lame-decoupee\/","name":"Espada Ciri The Witcher3 - Venta en l\u00ednea Espada Zireael - RMC","isPartOf":{"@id":"https:\/\/repliquemangacine.fr\/#website"},"primaryImageOfPage":{"@id":"https:\/\/repliquemangacine.fr\/epee-the-witcher\/epee-zireael-de-ciri-the-witcher-3-lame-decoupee\/#primaryimage"},"image":{"@id":"https:\/\/repliquemangacine.fr\/epee-the-witcher\/epee-zireael-de-ciri-the-witcher-3-lame-decoupee\/#primaryimage"},"thumbnailUrl":"https:\/\/repliquemangacine.fr\/wp-content\/uploads\/2023\/10\/2930-Epee-Zireael-de-Ciri-The-Witcher-3-Lame-decoupee.jpg","datePublished":"2019-08-04T13:17:13+00:00","dateModified":"2026-03-25T14:57:21+00:00","description":"\u00a1Reg\u00e1lasela! Esta magn\u00edfica espada Ciri The Witcher3 al mejor precio. Hoja de acero inoxidable recortada en la parte superior de la hoja. Vaina de imitaci\u00f3n de cuero rojo","breadcrumb":{"@id":"https:\/\/repliquemangacine.fr\/epee-the-witcher\/epee-zireael-de-ciri-the-witcher-3-lame-decoupee\/#breadcrumb"},"inLanguage":"es","potentialAction":[{"@type":"ReadAction","target":["https:\/\/repliquemangacine.fr\/epee-the-witcher\/epee-zireael-de-ciri-the-witcher-3-lame-decoupee\/"]}]},{"@type":"ImageObject","inLanguage":"es","@id":"https:\/\/repliquemangacine.fr\/epee-the-witcher\/epee-zireael-de-ciri-the-witcher-3-lame-decoupee\/#primaryimage","url":"https:\/\/repliquemangacine.fr\/wp-content\/uploads\/2023\/10\/2930-Epee-Zireael-de-Ciri-The-Witcher-3-Lame-decoupee.jpg","contentUrl":"https:\/\/repliquemangacine.fr\/wp-content\/uploads\/2023\/10\/2930-Epee-Zireael-de-Ciri-The-Witcher-3-Lame-decoupee.jpg","width":700,"height":700,"caption":"Ep\u00e9e Zireael de Ciri - The Witcher 3 - Lame d\u00e9coup\u00e9e"},{"@type":"BreadcrumbList","@id":"https:\/\/repliquemangacine.fr\/epee-the-witcher\/epee-zireael-de-ciri-the-witcher-3-lame-decoupee\/#breadcrumb","itemListElement":[{"@type":"ListItem","position":1,"name":"Accueil","item":"https:\/\/repliquemangacine.fr\/"},{"@type":"ListItem","position":2,"name":"Produits","item":"https:\/\/repliquemangacine.fr\/boutique\/"},{"@type":"ListItem","position":3,"name":"Ep\u00e9e Ciri The Witcher 3 &#8211; Lame d\u00e9coup\u00e9e"}]},{"@type":"WebSite","@id":"https:\/\/repliquemangacine.fr\/#website","url":"https:\/\/repliquemangacine.fr\/","name":"R\u00e9plique Manga Cin\u00e9","description":"","publisher":{"@id":"https:\/\/repliquemangacine.fr\/#organization"},"potentialAction":[{"@type":"SearchAction","target":{"@type":"EntryPoint","urlTemplate":"https:\/\/repliquemangacine.fr\/?s={search_term_string}"},"query-input":{"@type":"PropertyValueSpecification","valueRequired":true,"valueName":"search_term_string"}}],"inLanguage":"es"},{"@type":"Organization","@id":"https:\/\/repliquemangacine.fr\/#organization","name":"R\u00e9plique Manga Cin\u00e9","url":"https:\/\/repliquemangacine.fr\/","logo":{"@type":"ImageObject","inLanguage":"es","@id":"https:\/\/repliquemangacine.fr\/#\/schema\/logo\/image\/","url":"https:\/\/repliquemangacine.fr\/wp-content\/uploads\/2023\/10\/RMC-500250.png","contentUrl":"https:\/\/repliquemangacine.fr\/wp-content\/uploads\/2023\/10\/RMC-500250.png","width":500,"height":250,"caption":"R\u00e9plique Manga Cin\u00e9"},"image":{"@id":"https:\/\/repliquemangacine.fr\/#\/schema\/logo\/image\/"},"sameAs":["https:\/\/www.facebook.com\/RepliqueMangaCine","https:\/\/www.instagram.com\/repliquemangacine.fr\/"]}]}},"_links":{"self":[{"href":"https:\/\/repliquemangacine.fr\/es\/wp-json\/wp\/v2\/product\/28226","targetHints":{"allow":["GET"]}}],"collection":[{"href":"https:\/\/repliquemangacine.fr\/es\/wp-json\/wp\/v2\/product"}],"about":[{"href":"https:\/\/repliquemangacine.fr\/es\/wp-json\/wp\/v2\/types\/product"}],"wp:featuredmedia":[{"embeddable":true,"href":"https:\/\/repliquemangacine.fr\/es\/wp-json\/wp\/v2\/media\/28227"}],"wp:attachment":[{"href":"https:\/\/repliquemangacine.fr\/es\/wp-json\/wp\/v2\/media?parent=28226"}],"wp:term":[{"taxonomy":"product_brand","embeddable":true,"href":"https:\/\/repliquemangacine.fr\/es\/wp-json\/wp\/v2\/product_brand?post=28226"},{"taxonomy":"product_cat","embeddable":true,"href":"https:\/\/repliquemangacine.fr\/es\/wp-json\/wp\/v2\/product_cat?post=28226"},{"taxonomy":"product_tag","embeddable":true,"href":"https:\/\/repliquemangacine.fr\/es\/wp-json\/wp\/v2\/product_tag?post=28226"}],"curies":[{"name":"wp","href":"https:\/\/api.w.org\/{rel}","templated":true}]}}