





{"id":28217,"date":"2019-07-19T19:49:39","date_gmt":"2019-07-19T17:49:39","guid":{"rendered":"https:\/\/repliquemangacine.fr\/?post_type=product&#038;p=28217"},"modified":"2025-09-23T18:02:09","modified_gmt":"2025-09-23T16:02:09","slug":"dali-mask-casa-de-papel","status":"publish","type":"product","link":"https:\/\/repliquemangacine.fr\/es\/katana-les-epees-de-films-et-series\/masque-dali-casa-de-papel\/","title":{"rendered":"M\u00e1scara Dal\u00ed casa de papel"},"content":{"rendered":"<h2>R\u00e9plica de la m\u00e1scara Casa de Papel de Dal\u00ed.<\/h2>\n<p>Para empezar, la m\u00e1scara Dali Casa de Papel est\u00e1 inspirada en la serie de televisi\u00f3n espa\u00f1ola emitida en Netflix.<\/p>\n<p>La historia de un hombre misterioso, apodado el Profesor, que planea el mejor atraco jam\u00e1s realizado. Para llevar a cabo su plan, recluta a ocho de los mejores delincuentes de Espa\u00f1a que no tienen nada que perder.<\/p>\n<p>El profesor tambi\u00e9n pide a los miembros de la banda que elijan un apodo basado en nombres de ciudades. As\u00ed, tenemos a Tokio, R\u00edo, Berl\u00edn, Denver, Nairobi, Oslo, Helsinki y Mosc\u00fa.<\/p>\n<p>El objetivo es infiltrarse en la F\u00e1brica Nacional de Moneda para imprimir 2400 millones de euros, en billetes peque\u00f1os de 50 \u20ac, y todo ello en menos de once d\u00edas, sin v\u00edctimas.<\/p>\n<h2>Tu Mascara Casa de Papal Dali al mejor precio.<\/h2>\n<p>Le ofrecemos una amplia selecci\u00f3n de reproducciones de objetos coleccionables de series de televisi\u00f3n.<\/p>\n<p>Lo primero y m\u00e1s importante,<\/p>\n<ul>\n<li>La r\u00e9plica del<a href=\"https:\/\/repliquemangacine.fr\/es\/otras-peliculas-y-series\/arcangel-hoja-sobrenatural\/\">Cuchilla Arc\u00e1ngel<\/a> de la serie Sobrenatural.<\/li>\n<li>Tambi\u00e9n existe la <a href=\"https:\/\/repliquemangacine.fr\/es\/otras-peliculas\/predator-machete-holandes\/\">machete daga<\/a> de Dutch en Predator.<\/li>\n<li>As\u00ed como el <a href=\"https:\/\/repliquemangacine.fr\/es\/superheroes\/el-baston-del-escuadron-suicida-del-joker\/\">jocker rod<\/a> en Escuadr\u00f3n Suicida bajo licencia oficial <a href=\"https:\/\/noblecollection.fr\/\" target=\"_blank\" rel=\"noopener noreferrer\">colecci\u00f3n noble<\/a>.<\/li>\n<li>Y muchos m\u00e1s por descubrir en nuestra tienda en l\u00ednea.<\/li>\n<\/ul>\n<p>Por eso, aqu\u00ed tienes una idea genial para regalar a todos los fans de las series de televisi\u00f3n.<\/p>\n<p>En conclusi\u00f3n, puedes utilizar la m\u00e1scara Dali Casa de Papel para tus desfiles de cosplay o tus fiestas tem\u00e1ticas. Pero, ante todo, esta m\u00e1scara es un objeto de colecci\u00f3n y decoraci\u00f3n.<\/p>\n<h2>\u00bfC\u00f3mo se hacen los trajes?<\/h2>\n<p>Para empezar, todos nuestros productos derivados son de la m\u00e1xima calidad, fabricados con meticulosa atenci\u00f3n al detalle. Una parte se hace a mano, para reproducir hasta el m\u00e1s m\u00ednimo detalle. Las partes m\u00e1s importantes se mecanizan con m\u00e1quinas muy precisas. Los grabados se hacen generalmente con punta de diamante o l\u00e1ser.<\/p>\n<p>Su <strong>Casa de Papel M\u00e1scara de Dal\u00ed<\/strong> Ha sido fabricado para reproducir con exactitud todos los detalles. Fabricado \u00edntegramente en resina moldeada con un grosor de 2 mm y pintado a mano. Correa ajustable sujeta por dos remaches.<\/p>\n<p>En conclusi\u00f3n, importadas de China, Espa\u00f1a o la India, \u00a1nuestras r\u00e9plicas le sorprender\u00e1n!<\/p>\n<p>R\u00e9plique Manga Cin\u00e9 es una empresa familiar francesa.<\/p>\n<p>Disfrute de su visita.<\/p>","protected":false},"excerpt":{"rendered":"<p>M\u00e1scara de Dal\u00ed de los famosos ladrones de bancos espa\u00f1oles en \"La casa de papel\".<\/p>\n<ul>\n<li>Fabricado \u00edntegramente en resina de 2 mm de grosor.<\/li>\n<li>Se puede llevar.<\/li>\n<li>Correa ajustable sujeta por dos remaches.<\/li>\n<li>Peso : 265 gramos - Altura : 25,5 cm - Anchura : 15,5 cm<\/li>\n<\/ul>","protected":false},"featured_media":28218,"template":"","meta":[],"product_brand":[896],"product_cat":[91,66,24],"product_tag":[],"class_list":{"0":"post-28217","1":"product","2":"type-product","3":"status-publish","4":"has-post-thumbnail","6":"product_brand-replique-manga-cine","7":"product_cat-katana-les-epees-de-films-et-series","8":"product_cat-repliques-d-armes-films-et-series","9":"product_cat-films-series-tv-vente-de-katana-epee-et-produits-derives","11":"first","12":"instock","13":"taxable","14":"shipping-taxable","15":"purchasable","16":"product-type-simple"},"yoast_head":"<!-- This site is optimized with the Yoast SEO plugin v27.4 - https:\/\/yoast.com\/product\/yoast-seo-wordpress\/ -->\n<title>Masque dali casa de papel en r\u00e9sine - R\u00e9plique Manga Cin\u00e9<\/title>\n<meta name=\"description\" content=\"Superbe r\u00e9plique tout en r\u00e9sine du Masque Dali Casa de Papel. Tr\u00e8s belle finition, peux se porter pour jouer le r\u00f4le d&#039;un de vos braqueurs pr\u00e9f\u00e9r\u00e9s.\" \/>\n<meta name=\"robots\" content=\"index, follow, max-snippet:-1, max-image-preview:large, max-video-preview:-1\" \/>\n<link rel=\"canonical\" href=\"https:\/\/repliquemangacine.fr\/es\/espadas-katana-de-peliculas-y-series\/dali-mask-casa-de-papel\/\" \/>\n<meta property=\"og:locale\" content=\"es_ES\" \/>\n<meta property=\"og:type\" content=\"article\" \/>\n<meta property=\"og:title\" content=\"Masque dali casa de papel en r\u00e9sine - R\u00e9plique Manga Cin\u00e9\" \/>\n<meta property=\"og:description\" content=\"Superbe r\u00e9plique tout en r\u00e9sine du Masque Dali Casa de Papel. Tr\u00e8s belle finition, peux se porter pour jouer le r\u00f4le d&#039;un de vos braqueurs pr\u00e9f\u00e9r\u00e9s.\" \/>\n<meta property=\"og:url\" content=\"https:\/\/repliquemangacine.fr\/es\/espadas-katana-de-peliculas-y-series\/dali-mask-casa-de-papel\/\" \/>\n<meta property=\"og:site_name\" content=\"R\u00e9plique Manga Cin\u00e9\" \/>\n<meta property=\"article:publisher\" content=\"https:\/\/www.facebook.com\/RepliqueMangaCine\" \/>\n<meta property=\"article:modified_time\" content=\"2025-09-23T16:02:09+00:00\" \/>\n<meta property=\"og:image\" content=\"https:\/\/repliquemangacine.fr\/wp-content\/uploads\/2023\/10\/2927-Masque-dali-casa-de-papel.jpg\" \/>\n\t<meta property=\"og:image:width\" content=\"600\" \/>\n\t<meta property=\"og:image:height\" content=\"600\" \/>\n\t<meta property=\"og:image:type\" content=\"image\/jpeg\" \/>\n<meta name=\"twitter:card\" content=\"summary_large_image\" \/>\n<meta name=\"twitter:label1\" content=\"Tiempo de lectura\" \/>\n\t<meta name=\"twitter:data1\" content=\"2 minutos\" \/>\n<script type=\"application\/ld+json\" class=\"yoast-schema-graph\">{\"@context\":\"https:\\\/\\\/schema.org\",\"@graph\":[{\"@type\":\"WebPage\",\"@id\":\"https:\\\/\\\/repliquemangacine.fr\\\/en\\\/katana-swords-from-films-and-series\\\/dali-casa-de-papel-mask\\\/\",\"url\":\"https:\\\/\\\/repliquemangacine.fr\\\/en\\\/katana-swords-from-films-and-series\\\/dali-casa-de-papel-mask\\\/\",\"name\":\"Masque dali casa de papel en r\u00e9sine - R\u00e9plique Manga Cin\u00e9\",\"isPartOf\":{\"@id\":\"https:\\\/\\\/repliquemangacine.fr\\\/#website\"},\"primaryImageOfPage\":{\"@id\":\"https:\\\/\\\/repliquemangacine.fr\\\/en\\\/katana-swords-from-films-and-series\\\/dali-casa-de-papel-mask\\\/#primaryimage\"},\"image\":{\"@id\":\"https:\\\/\\\/repliquemangacine.fr\\\/en\\\/katana-swords-from-films-and-series\\\/dali-casa-de-papel-mask\\\/#primaryimage\"},\"thumbnailUrl\":\"https:\\\/\\\/repliquemangacine.fr\\\/wp-content\\\/uploads\\\/2023\\\/10\\\/2927-Masque-dali-casa-de-papel.jpg\",\"datePublished\":\"2019-07-19T17:49:39+00:00\",\"dateModified\":\"2025-09-23T16:02:09+00:00\",\"description\":\"Superbe r\u00e9plique tout en r\u00e9sine du Masque Dali Casa de Papel. Tr\u00e8s belle finition, peux se porter pour jouer le r\u00f4le d'un de vos braqueurs pr\u00e9f\u00e9r\u00e9s.\",\"breadcrumb\":{\"@id\":\"https:\\\/\\\/repliquemangacine.fr\\\/en\\\/katana-swords-from-films-and-series\\\/dali-casa-de-papel-mask\\\/#breadcrumb\"},\"inLanguage\":\"es\",\"potentialAction\":[{\"@type\":\"ReadAction\",\"target\":[\"https:\\\/\\\/repliquemangacine.fr\\\/en\\\/katana-swords-from-films-and-series\\\/dali-casa-de-papel-mask\\\/\"]}]},{\"@type\":\"ImageObject\",\"inLanguage\":\"es\",\"@id\":\"https:\\\/\\\/repliquemangacine.fr\\\/en\\\/katana-swords-from-films-and-series\\\/dali-casa-de-papel-mask\\\/#primaryimage\",\"url\":\"https:\\\/\\\/repliquemangacine.fr\\\/wp-content\\\/uploads\\\/2023\\\/10\\\/2927-Masque-dali-casa-de-papel.jpg\",\"contentUrl\":\"https:\\\/\\\/repliquemangacine.fr\\\/wp-content\\\/uploads\\\/2023\\\/10\\\/2927-Masque-dali-casa-de-papel.jpg\",\"width\":600,\"height\":600,\"caption\":\"Masque dali casa de papel\"},{\"@type\":\"BreadcrumbList\",\"@id\":\"https:\\\/\\\/repliquemangacine.fr\\\/en\\\/katana-swords-from-films-and-series\\\/dali-casa-de-papel-mask\\\/#breadcrumb\",\"itemListElement\":[{\"@type\":\"ListItem\",\"position\":1,\"name\":\"Accueil\",\"item\":\"https:\\\/\\\/repliquemangacine.fr\\\/\"},{\"@type\":\"ListItem\",\"position\":2,\"name\":\"Produits\",\"item\":\"https:\\\/\\\/repliquemangacine.fr\\\/boutique\\\/\"},{\"@type\":\"ListItem\",\"position\":3,\"name\":\"Masque dali casa de papel\"}]},{\"@type\":\"WebSite\",\"@id\":\"https:\\\/\\\/repliquemangacine.fr\\\/#website\",\"url\":\"https:\\\/\\\/repliquemangacine.fr\\\/\",\"name\":\"R\u00e9plique Manga Cin\u00e9\",\"description\":\"\",\"publisher\":{\"@id\":\"https:\\\/\\\/repliquemangacine.fr\\\/#organization\"},\"potentialAction\":[{\"@type\":\"SearchAction\",\"target\":{\"@type\":\"EntryPoint\",\"urlTemplate\":\"https:\\\/\\\/repliquemangacine.fr\\\/?s={search_term_string}\"},\"query-input\":{\"@type\":\"PropertyValueSpecification\",\"valueRequired\":true,\"valueName\":\"search_term_string\"}}],\"inLanguage\":\"es\"},{\"@type\":\"Organization\",\"@id\":\"https:\\\/\\\/repliquemangacine.fr\\\/#organization\",\"name\":\"R\u00e9plique Manga Cin\u00e9\",\"url\":\"https:\\\/\\\/repliquemangacine.fr\\\/\",\"logo\":{\"@type\":\"ImageObject\",\"inLanguage\":\"es\",\"@id\":\"https:\\\/\\\/repliquemangacine.fr\\\/#\\\/schema\\\/logo\\\/image\\\/\",\"url\":\"https:\\\/\\\/repliquemangacine.fr\\\/wp-content\\\/uploads\\\/2023\\\/10\\\/RMC-500250.png\",\"contentUrl\":\"https:\\\/\\\/repliquemangacine.fr\\\/wp-content\\\/uploads\\\/2023\\\/10\\\/RMC-500250.png\",\"width\":500,\"height\":250,\"caption\":\"R\u00e9plique Manga Cin\u00e9\"},\"image\":{\"@id\":\"https:\\\/\\\/repliquemangacine.fr\\\/#\\\/schema\\\/logo\\\/image\\\/\"},\"sameAs\":[\"https:\\\/\\\/www.facebook.com\\\/RepliqueMangaCine\",\"https:\\\/\\\/www.instagram.com\\\/repliquemangacine.fr\\\/\"]}]}<\/script>\n<!-- \/ Yoast SEO plugin. -->","yoast_head_json":{"title":"M\u00e1scara Dal\u00ed casa de papel en resina - R\u00e9plique Manga Cin\u00e9","description":"Magn\u00edfica r\u00e9plica en resina de la m\u00e1scara Casa de Papel de Dal\u00ed. Con un acabado precioso, podr\u00e1s pon\u00e9rtela para encarnar a uno de tus atracadores de bancos favoritos.","robots":{"index":"index","follow":"follow","max-snippet":"max-snippet:-1","max-image-preview":"max-image-preview:large","max-video-preview":"max-video-preview:-1"},"canonical":"https:\/\/repliquemangacine.fr\/es\/espadas-katana-de-peliculas-y-series\/dali-mask-casa-de-papel\/","og_locale":"es_ES","og_type":"article","og_title":"Masque dali casa de papel en r\u00e9sine - R\u00e9plique Manga Cin\u00e9","og_description":"Superbe r\u00e9plique tout en r\u00e9sine du Masque Dali Casa de Papel. Tr\u00e8s belle finition, peux se porter pour jouer le r\u00f4le d'un de vos braqueurs pr\u00e9f\u00e9r\u00e9s.","og_url":"https:\/\/repliquemangacine.fr\/es\/espadas-katana-de-peliculas-y-series\/dali-mask-casa-de-papel\/","og_site_name":"R\u00e9plique Manga Cin\u00e9","article_publisher":"https:\/\/www.facebook.com\/RepliqueMangaCine","article_modified_time":"2025-09-23T16:02:09+00:00","og_image":[{"width":600,"height":600,"url":"https:\/\/repliquemangacine.fr\/wp-content\/uploads\/2023\/10\/2927-Masque-dali-casa-de-papel.jpg","type":"image\/jpeg"}],"twitter_card":"summary_large_image","twitter_misc":{"Tiempo de lectura":"2 minutos"},"schema":{"@context":"https:\/\/schema.org","@graph":[{"@type":"WebPage","@id":"https:\/\/repliquemangacine.fr\/en\/katana-swords-from-films-and-series\/dali-casa-de-papel-mask\/","url":"https:\/\/repliquemangacine.fr\/en\/katana-swords-from-films-and-series\/dali-casa-de-papel-mask\/","name":"M\u00e1scara Dal\u00ed casa de papel en resina - R\u00e9plique Manga Cin\u00e9","isPartOf":{"@id":"https:\/\/repliquemangacine.fr\/#website"},"primaryImageOfPage":{"@id":"https:\/\/repliquemangacine.fr\/en\/katana-swords-from-films-and-series\/dali-casa-de-papel-mask\/#primaryimage"},"image":{"@id":"https:\/\/repliquemangacine.fr\/en\/katana-swords-from-films-and-series\/dali-casa-de-papel-mask\/#primaryimage"},"thumbnailUrl":"https:\/\/repliquemangacine.fr\/wp-content\/uploads\/2023\/10\/2927-Masque-dali-casa-de-papel.jpg","datePublished":"2019-07-19T17:49:39+00:00","dateModified":"2025-09-23T16:02:09+00:00","description":"Magn\u00edfica r\u00e9plica en resina de la m\u00e1scara Casa de Papel de Dal\u00ed. Con un acabado precioso, podr\u00e1s pon\u00e9rtela para encarnar a uno de tus atracadores de bancos favoritos.","breadcrumb":{"@id":"https:\/\/repliquemangacine.fr\/en\/katana-swords-from-films-and-series\/dali-casa-de-papel-mask\/#breadcrumb"},"inLanguage":"es","potentialAction":[{"@type":"ReadAction","target":["https:\/\/repliquemangacine.fr\/en\/katana-swords-from-films-and-series\/dali-casa-de-papel-mask\/"]}]},{"@type":"ImageObject","inLanguage":"es","@id":"https:\/\/repliquemangacine.fr\/en\/katana-swords-from-films-and-series\/dali-casa-de-papel-mask\/#primaryimage","url":"https:\/\/repliquemangacine.fr\/wp-content\/uploads\/2023\/10\/2927-Masque-dali-casa-de-papel.jpg","contentUrl":"https:\/\/repliquemangacine.fr\/wp-content\/uploads\/2023\/10\/2927-Masque-dali-casa-de-papel.jpg","width":600,"height":600,"caption":"Masque dali casa de papel"},{"@type":"BreadcrumbList","@id":"https:\/\/repliquemangacine.fr\/en\/katana-swords-from-films-and-series\/dali-casa-de-papel-mask\/#breadcrumb","itemListElement":[{"@type":"ListItem","position":1,"name":"Accueil","item":"https:\/\/repliquemangacine.fr\/"},{"@type":"ListItem","position":2,"name":"Produits","item":"https:\/\/repliquemangacine.fr\/boutique\/"},{"@type":"ListItem","position":3,"name":"Masque dali casa de papel"}]},{"@type":"WebSite","@id":"https:\/\/repliquemangacine.fr\/#website","url":"https:\/\/repliquemangacine.fr\/","name":"R\u00e9plique Manga Cin\u00e9","description":"","publisher":{"@id":"https:\/\/repliquemangacine.fr\/#organization"},"potentialAction":[{"@type":"SearchAction","target":{"@type":"EntryPoint","urlTemplate":"https:\/\/repliquemangacine.fr\/?s={search_term_string}"},"query-input":{"@type":"PropertyValueSpecification","valueRequired":true,"valueName":"search_term_string"}}],"inLanguage":"es"},{"@type":"Organization","@id":"https:\/\/repliquemangacine.fr\/#organization","name":"R\u00e9plique Manga Cin\u00e9","url":"https:\/\/repliquemangacine.fr\/","logo":{"@type":"ImageObject","inLanguage":"es","@id":"https:\/\/repliquemangacine.fr\/#\/schema\/logo\/image\/","url":"https:\/\/repliquemangacine.fr\/wp-content\/uploads\/2023\/10\/RMC-500250.png","contentUrl":"https:\/\/repliquemangacine.fr\/wp-content\/uploads\/2023\/10\/RMC-500250.png","width":500,"height":250,"caption":"R\u00e9plique Manga Cin\u00e9"},"image":{"@id":"https:\/\/repliquemangacine.fr\/#\/schema\/logo\/image\/"},"sameAs":["https:\/\/www.facebook.com\/RepliqueMangaCine","https:\/\/www.instagram.com\/repliquemangacine.fr\/"]}]}},"_links":{"self":[{"href":"https:\/\/repliquemangacine.fr\/es\/wp-json\/wp\/v2\/product\/28217","targetHints":{"allow":["GET"]}}],"collection":[{"href":"https:\/\/repliquemangacine.fr\/es\/wp-json\/wp\/v2\/product"}],"about":[{"href":"https:\/\/repliquemangacine.fr\/es\/wp-json\/wp\/v2\/types\/product"}],"wp:featuredmedia":[{"embeddable":true,"href":"https:\/\/repliquemangacine.fr\/es\/wp-json\/wp\/v2\/media\/28218"}],"wp:attachment":[{"href":"https:\/\/repliquemangacine.fr\/es\/wp-json\/wp\/v2\/media?parent=28217"}],"wp:term":[{"taxonomy":"product_brand","embeddable":true,"href":"https:\/\/repliquemangacine.fr\/es\/wp-json\/wp\/v2\/product_brand?post=28217"},{"taxonomy":"product_cat","embeddable":true,"href":"https:\/\/repliquemangacine.fr\/es\/wp-json\/wp\/v2\/product_cat?post=28217"},{"taxonomy":"product_tag","embeddable":true,"href":"https:\/\/repliquemangacine.fr\/es\/wp-json\/wp\/v2\/product_tag?post=28217"}],"curies":[{"name":"wp","href":"https:\/\/api.w.org\/{rel}","templated":true}]}}