





{"id":28213,"date":"2019-06-01T20:00:54","date_gmt":"2019-06-01T18:00:54","guid":{"rendered":"https:\/\/repliquemangacine.fr\/?post_type=product&#038;p=28213"},"modified":"2026-03-23T19:13:43","modified_gmt":"2026-03-23T18:13:43","slug":"sephiroth-masamune-espada-192-cm","status":"publish","type":"product","link":"https:\/\/repliquemangacine.fr\/es\/katana-et-epee-de-jeux-video-autre-jeux-video\/epee-de-sephiroth-masamune-192-cm\/","title":{"rendered":"Espada Sephiroth Masamune 192 cm"},"content":{"rendered":"<h2>Espada Sephiroth Masamune 192cm - Final Fantasy VII.<\/h2>\n<p>Para empezar, el<strong>Espada Sephiroth Masamune 192 cm<\/strong> Es id\u00e9ntico al videojuego Final Fantasy, impresionante por su longitud de casi 2 metros.<\/p>\n<p>Final Fantasy, serie de videojuegos de rol producida por Square Enix.  El videojuego ha tenido un gran \u00e9xito comercial y de cr\u00edtica. De hecho, se considera una de las series m\u00e1s importantes del mundo de los videojuegos desde Final Fantasy VII.<\/p>\n<p>De todos los juegos de la serie, Final Fantasy VII es el m\u00e1s popular entre los jugadores. Aprovechando el entusiasmo que ha despertado este episodio, se ha llevado a cabo una remodelaci\u00f3n del mismo llamada Final Fantasy VII Remake.<\/p>\n<p><a href=\"https:\/\/finalfantasy.fandom.com\/fr\/wiki\/S\u00e9phiroth\" target=\"_blank\" rel=\"noopener noreferrer\">Sephiroth<\/a> es el antagonista principal de Final Fantasy VII y Final Fantasy VII Remake. Considerado un h\u00e9roe por todos gracias a sus haza\u00f1as y su fuerza superpoderosa. Un personaje con un poderoso carisma.<\/p>\n<h2>Tu Espada Sephiroth Masamune barata 192 cm.<\/h2>\n<p>Te ofrecemos una amplia selecci\u00f3n de r\u00e9plicas del mundo de los videojuegos.<\/p>\n<p>Lo primero y m\u00e1s importante,<\/p>\n<ul>\n<li>La r\u00e9plica del <a href=\"https:\/\/repliquemangacine.fr\/es\/saldos\/overwatch-genji-oni-dragon-blade-katana\/\">Katana de Genji Oni<\/a> el ciborg, uno de los h\u00e9roes de Overwatch.<\/li>\n<li>Tambi\u00e9n hay una r\u00e9plica del <a href=\"https:\/\/repliquemangacine.fr\/es\/otros-videojuegos\/katana-2b-traite-vertueux-nier-automata\/\">Katana 2B tratado virtuoso<\/a> Gold Edition en el videojuego NieR: Automata.<\/li>\n<li>As\u00ed como el <a href=\"https:\/\/repliquemangacine.fr\/es\/otros-videojuegos\/fushigiri-mortal-blade-sekiro-shadows-die-twice\/\">Fushigiri katana, Hoja mortal<\/a> en el videojuego sekiro: las sombras mueren dos veces.<\/li>\n<li>Y muchos m\u00e1s por descubrir en nuestra tienda en l\u00ednea.<\/li>\n<\/ul>\n<p>Por eso, aqu\u00ed tienes unas ideas fant\u00e1sticas para regalar a todos los aficionados a los videojuegos.<\/p>\n<p>Para concluir, puede utilizar el\u2019<strong>Espada Sephiroth Masamune 192 cm<\/strong> para tus desfiles de cosplay o fiestas tem\u00e1ticas. Pero sobre todo, esta katana de Final Fantasy es una pieza de coleccionista y una pieza decorativa.<\/p>\n<h2>\u00bfC\u00f3mo se mantiene la hoja de tu katana de Final Fantasy?<\/h2>\n<p>Las katanas de colecci\u00f3n y decorativas se fabrican y ensamblan de forma simplificada. Como su uso es decorativo, no cuentan con los elementos de seguridad exigidos a una espada japonesa destinada al entrenamiento.<\/p>\n<p>Sin embargo, su <strong>Espada Sephiroth Masamune 192 cm<\/strong> a una hoja de acero que hay que cuidar para evitar que se estropee con el tiempo. Cuando exponga su katana, sus amigos sentir\u00e1n curiosidad por ver la hoja y tocarla. Aqu\u00ed es donde hay que tener cuidado, ya que la acidez de los dedos es muy perjudicial para el acero, sea cual sea su calidad.<\/p>\n<p>Sin embargo, si esto ocurre, no te asustes, todo lo que necesitas es un pa\u00f1o humedecido con un poco de aceite y limpiar las huellas dactilares. Si haces esto, tu espada durar\u00e1 mucho tiempo.<\/p>\n<p><strong>\u00a0<\/strong><\/p>","protected":false},"excerpt":{"rendered":"<p>La katana de Sephiroth el Masamune en el famoso videojuego.<\/p>\n<ul>\n<li>Hoja de acero inoxidable 440.<\/li>\n<li>Guarda de acero.<\/li>\n<li>Mango recubierto de trenza de algod\u00f3n negro.<\/li>\n<li>Vaina de madera negra.<\/li>\n<li>Longitud total:192 cm<\/li>\n<\/ul>","protected":false},"featured_media":28214,"template":"","meta":[],"product_brand":[896],"product_cat":[1012,67],"product_tag":[924,927,925,922,926,915,916,913,914,911,912,923,928,921,917,920,918,910,909,919,929,930,908,932],"class_list":{"0":"post-28213","1":"product","2":"type-product","3":"status-publish","4":"has-post-thumbnail","6":"product_brand-replique-manga-cine","7":"product_cat-final-fantasy-repliques-final-fantasy","8":"product_cat-katana-et-epee-de-jeux-video-autre-jeux-video","9":"product_tag-cosplay-sword","10":"product_tag-epee-collection","11":"product_tag-epee-cosplay","12":"product_tag-epee-de-jeu-video","13":"product_tag-epee-decorative","14":"product_tag-epee-final-fantasy","15":"product_tag-epee-sephiroth","16":"product_tag-ff7","17":"product_tag-ffvii","18":"product_tag-final-fantasy","19":"product_tag-final-fantasy-vii","20":"product_tag-game-sword-replica","21":"product_tag-katana-collection","22":"product_tag-katana-long","23":"product_tag-katana-sephiroth","24":"product_tag-long-katana","25":"product_tag-masamune-katana","26":"product_tag-masamune-replica","27":"product_tag-masamune-sephiroth","28":"product_tag-nodachi","29":"product_tag-replique-darme","30":"product_tag-replique-final-fantasy","31":"product_tag-sephiroth-sword","32":"product_tag-sword-ff7","34":"first","35":"instock","36":"taxable","37":"shipping-taxable","38":"purchasable","39":"product-type-simple"},"yoast_head":"<!-- This site is optimized with the Yoast SEO plugin v27.4 - https:\/\/yoast.com\/product\/yoast-seo-wordpress\/ -->\n<title>Ep\u00e9e Sephiroth Masamune 192cm - Final Fantasy - RMC<\/title>\n<meta name=\"description\" content=\"Hallucinant ! Cette Ep\u00e9e Sephiroth Masamune 192cm de Final Fantasy pas cher. Lame en acier non coupant. Echelle 1\/1 - Longueur : 192 cm - Envoi 24\/48h\" \/>\n<meta name=\"robots\" content=\"index, follow, max-snippet:-1, max-image-preview:large, max-video-preview:-1\" \/>\n<link rel=\"canonical\" href=\"https:\/\/repliquemangacine.fr\/es\/katana-y-espada-videojuego-otros-videojuegos\/sephiroth-masamune-espada-192-cm\/\" \/>\n<meta property=\"og:locale\" content=\"es_ES\" \/>\n<meta property=\"og:type\" content=\"article\" \/>\n<meta property=\"og:title\" content=\"Ep\u00e9e Sephiroth Masamune 192cm - Final Fantasy - RMC\" \/>\n<meta property=\"og:description\" content=\"Hallucinant ! Cette Ep\u00e9e Sephiroth Masamune 192cm de Final Fantasy pas cher. Lame en acier non coupant. Echelle 1\/1 - Longueur : 192 cm - Envoi 24\/48h\" \/>\n<meta property=\"og:url\" content=\"https:\/\/repliquemangacine.fr\/es\/katana-y-espada-videojuego-otros-videojuegos\/sephiroth-masamune-espada-192-cm\/\" \/>\n<meta property=\"og:site_name\" content=\"R\u00e9plique Manga Cin\u00e9\" \/>\n<meta property=\"article:publisher\" content=\"https:\/\/www.facebook.com\/RepliqueMangaCine\" \/>\n<meta property=\"article:modified_time\" content=\"2026-03-23T18:13:43+00:00\" \/>\n<meta property=\"og:image\" content=\"https:\/\/repliquemangacine.fr\/wp-content\/uploads\/2023\/10\/2916-Katana-de-Sephiroth-Masamune-192-cm.jpg\" \/>\n\t<meta property=\"og:image:width\" content=\"800\" \/>\n\t<meta property=\"og:image:height\" content=\"800\" \/>\n\t<meta property=\"og:image:type\" content=\"image\/jpeg\" \/>\n<meta name=\"twitter:card\" content=\"summary_large_image\" \/>\n<meta name=\"twitter:label1\" content=\"Tiempo de lectura\" \/>\n\t<meta name=\"twitter:data1\" content=\"3 minutos\" \/>\n<script type=\"application\/ld+json\" class=\"yoast-schema-graph\">{\"@context\":\"https:\\\/\\\/schema.org\",\"@graph\":[{\"@type\":\"WebPage\",\"@id\":\"https:\\\/\\\/repliquemangacine.fr\\\/katana-et-epee-de-jeux-video-autre-jeux-video\\\/epee-de-sephiroth-masamune-192-cm\\\/\",\"url\":\"https:\\\/\\\/repliquemangacine.fr\\\/katana-et-epee-de-jeux-video-autre-jeux-video\\\/epee-de-sephiroth-masamune-192-cm\\\/\",\"name\":\"Ep\u00e9e Sephiroth Masamune 192cm - Final Fantasy - RMC\",\"isPartOf\":{\"@id\":\"https:\\\/\\\/repliquemangacine.fr\\\/#website\"},\"primaryImageOfPage\":{\"@id\":\"https:\\\/\\\/repliquemangacine.fr\\\/katana-et-epee-de-jeux-video-autre-jeux-video\\\/epee-de-sephiroth-masamune-192-cm\\\/#primaryimage\"},\"image\":{\"@id\":\"https:\\\/\\\/repliquemangacine.fr\\\/katana-et-epee-de-jeux-video-autre-jeux-video\\\/epee-de-sephiroth-masamune-192-cm\\\/#primaryimage\"},\"thumbnailUrl\":\"https:\\\/\\\/repliquemangacine.fr\\\/wp-content\\\/uploads\\\/2023\\\/10\\\/2916-Katana-de-Sephiroth-Masamune-192-cm.jpg\",\"datePublished\":\"2019-06-01T18:00:54+00:00\",\"dateModified\":\"2026-03-23T18:13:43+00:00\",\"description\":\"Hallucinant ! Cette Ep\u00e9e Sephiroth Masamune 192cm de Final Fantasy pas cher. Lame en acier non coupant. Echelle 1\\\/1 - Longueur : 192 cm - Envoi 24\\\/48h\",\"breadcrumb\":{\"@id\":\"https:\\\/\\\/repliquemangacine.fr\\\/katana-et-epee-de-jeux-video-autre-jeux-video\\\/epee-de-sephiroth-masamune-192-cm\\\/#breadcrumb\"},\"inLanguage\":\"es\",\"potentialAction\":[{\"@type\":\"ReadAction\",\"target\":[\"https:\\\/\\\/repliquemangacine.fr\\\/katana-et-epee-de-jeux-video-autre-jeux-video\\\/epee-de-sephiroth-masamune-192-cm\\\/\"]}]},{\"@type\":\"ImageObject\",\"inLanguage\":\"es\",\"@id\":\"https:\\\/\\\/repliquemangacine.fr\\\/katana-et-epee-de-jeux-video-autre-jeux-video\\\/epee-de-sephiroth-masamune-192-cm\\\/#primaryimage\",\"url\":\"https:\\\/\\\/repliquemangacine.fr\\\/wp-content\\\/uploads\\\/2023\\\/10\\\/2916-Katana-de-Sephiroth-Masamune-192-cm.jpg\",\"contentUrl\":\"https:\\\/\\\/repliquemangacine.fr\\\/wp-content\\\/uploads\\\/2023\\\/10\\\/2916-Katana-de-Sephiroth-Masamune-192-cm.jpg\",\"width\":800,\"height\":800,\"caption\":\"Katana de Sephiroth, Masamune 192 cm\"},{\"@type\":\"BreadcrumbList\",\"@id\":\"https:\\\/\\\/repliquemangacine.fr\\\/katana-et-epee-de-jeux-video-autre-jeux-video\\\/epee-de-sephiroth-masamune-192-cm\\\/#breadcrumb\",\"itemListElement\":[{\"@type\":\"ListItem\",\"position\":1,\"name\":\"Accueil\",\"item\":\"https:\\\/\\\/repliquemangacine.fr\\\/\"},{\"@type\":\"ListItem\",\"position\":2,\"name\":\"Produits\",\"item\":\"https:\\\/\\\/repliquemangacine.fr\\\/boutique\\\/\"},{\"@type\":\"ListItem\",\"position\":3,\"name\":\"Ep\u00e9e Sephiroth Masamune 192 cm\"}]},{\"@type\":\"WebSite\",\"@id\":\"https:\\\/\\\/repliquemangacine.fr\\\/#website\",\"url\":\"https:\\\/\\\/repliquemangacine.fr\\\/\",\"name\":\"R\u00e9plique Manga Cin\u00e9\",\"description\":\"\",\"publisher\":{\"@id\":\"https:\\\/\\\/repliquemangacine.fr\\\/#organization\"},\"potentialAction\":[{\"@type\":\"SearchAction\",\"target\":{\"@type\":\"EntryPoint\",\"urlTemplate\":\"https:\\\/\\\/repliquemangacine.fr\\\/?s={search_term_string}\"},\"query-input\":{\"@type\":\"PropertyValueSpecification\",\"valueRequired\":true,\"valueName\":\"search_term_string\"}}],\"inLanguage\":\"es\"},{\"@type\":\"Organization\",\"@id\":\"https:\\\/\\\/repliquemangacine.fr\\\/#organization\",\"name\":\"R\u00e9plique Manga Cin\u00e9\",\"url\":\"https:\\\/\\\/repliquemangacine.fr\\\/\",\"logo\":{\"@type\":\"ImageObject\",\"inLanguage\":\"es\",\"@id\":\"https:\\\/\\\/repliquemangacine.fr\\\/#\\\/schema\\\/logo\\\/image\\\/\",\"url\":\"https:\\\/\\\/repliquemangacine.fr\\\/wp-content\\\/uploads\\\/2023\\\/10\\\/RMC-500250.png\",\"contentUrl\":\"https:\\\/\\\/repliquemangacine.fr\\\/wp-content\\\/uploads\\\/2023\\\/10\\\/RMC-500250.png\",\"width\":500,\"height\":250,\"caption\":\"R\u00e9plique Manga Cin\u00e9\"},\"image\":{\"@id\":\"https:\\\/\\\/repliquemangacine.fr\\\/#\\\/schema\\\/logo\\\/image\\\/\"},\"sameAs\":[\"https:\\\/\\\/www.facebook.com\\\/RepliqueMangaCine\",\"https:\\\/\\\/www.instagram.com\\\/repliquemangacine.fr\\\/\"]}]}<\/script>\n<!-- \/ Yoast SEO plugin. -->","yoast_head_json":{"title":"Sephiroth Espada Masamune 192cm - Final Fantasy - RMC","description":"\u00a1Incre\u00edble! Esta espada Sephiroth Masamune de 192 cm de Final Fantasy es barata. Hoja de acero no cortante. Escala 1\/1 - Longitud : 192 cm - Env\u00edo 24\/48h","robots":{"index":"index","follow":"follow","max-snippet":"max-snippet:-1","max-image-preview":"max-image-preview:large","max-video-preview":"max-video-preview:-1"},"canonical":"https:\/\/repliquemangacine.fr\/es\/katana-y-espada-videojuego-otros-videojuegos\/sephiroth-masamune-espada-192-cm\/","og_locale":"es_ES","og_type":"article","og_title":"Ep\u00e9e Sephiroth Masamune 192cm - Final Fantasy - RMC","og_description":"Hallucinant ! Cette Ep\u00e9e Sephiroth Masamune 192cm de Final Fantasy pas cher. Lame en acier non coupant. Echelle 1\/1 - Longueur : 192 cm - Envoi 24\/48h","og_url":"https:\/\/repliquemangacine.fr\/es\/katana-y-espada-videojuego-otros-videojuegos\/sephiroth-masamune-espada-192-cm\/","og_site_name":"R\u00e9plique Manga Cin\u00e9","article_publisher":"https:\/\/www.facebook.com\/RepliqueMangaCine","article_modified_time":"2026-03-23T18:13:43+00:00","og_image":[{"width":800,"height":800,"url":"https:\/\/repliquemangacine.fr\/wp-content\/uploads\/2023\/10\/2916-Katana-de-Sephiroth-Masamune-192-cm.jpg","type":"image\/jpeg"}],"twitter_card":"summary_large_image","twitter_misc":{"Tiempo de lectura":"3 minutos"},"schema":{"@context":"https:\/\/schema.org","@graph":[{"@type":"WebPage","@id":"https:\/\/repliquemangacine.fr\/katana-et-epee-de-jeux-video-autre-jeux-video\/epee-de-sephiroth-masamune-192-cm\/","url":"https:\/\/repliquemangacine.fr\/katana-et-epee-de-jeux-video-autre-jeux-video\/epee-de-sephiroth-masamune-192-cm\/","name":"Sephiroth Espada Masamune 192cm - Final Fantasy - RMC","isPartOf":{"@id":"https:\/\/repliquemangacine.fr\/#website"},"primaryImageOfPage":{"@id":"https:\/\/repliquemangacine.fr\/katana-et-epee-de-jeux-video-autre-jeux-video\/epee-de-sephiroth-masamune-192-cm\/#primaryimage"},"image":{"@id":"https:\/\/repliquemangacine.fr\/katana-et-epee-de-jeux-video-autre-jeux-video\/epee-de-sephiroth-masamune-192-cm\/#primaryimage"},"thumbnailUrl":"https:\/\/repliquemangacine.fr\/wp-content\/uploads\/2023\/10\/2916-Katana-de-Sephiroth-Masamune-192-cm.jpg","datePublished":"2019-06-01T18:00:54+00:00","dateModified":"2026-03-23T18:13:43+00:00","description":"\u00a1Incre\u00edble! Esta espada Sephiroth Masamune de 192 cm de Final Fantasy es barata. Hoja de acero no cortante. Escala 1\/1 - Longitud : 192 cm - Env\u00edo 24\/48h","breadcrumb":{"@id":"https:\/\/repliquemangacine.fr\/katana-et-epee-de-jeux-video-autre-jeux-video\/epee-de-sephiroth-masamune-192-cm\/#breadcrumb"},"inLanguage":"es","potentialAction":[{"@type":"ReadAction","target":["https:\/\/repliquemangacine.fr\/katana-et-epee-de-jeux-video-autre-jeux-video\/epee-de-sephiroth-masamune-192-cm\/"]}]},{"@type":"ImageObject","inLanguage":"es","@id":"https:\/\/repliquemangacine.fr\/katana-et-epee-de-jeux-video-autre-jeux-video\/epee-de-sephiroth-masamune-192-cm\/#primaryimage","url":"https:\/\/repliquemangacine.fr\/wp-content\/uploads\/2023\/10\/2916-Katana-de-Sephiroth-Masamune-192-cm.jpg","contentUrl":"https:\/\/repliquemangacine.fr\/wp-content\/uploads\/2023\/10\/2916-Katana-de-Sephiroth-Masamune-192-cm.jpg","width":800,"height":800,"caption":"Katana de Sephiroth, Masamune 192 cm"},{"@type":"BreadcrumbList","@id":"https:\/\/repliquemangacine.fr\/katana-et-epee-de-jeux-video-autre-jeux-video\/epee-de-sephiroth-masamune-192-cm\/#breadcrumb","itemListElement":[{"@type":"ListItem","position":1,"name":"Accueil","item":"https:\/\/repliquemangacine.fr\/"},{"@type":"ListItem","position":2,"name":"Produits","item":"https:\/\/repliquemangacine.fr\/boutique\/"},{"@type":"ListItem","position":3,"name":"Ep\u00e9e Sephiroth Masamune 192 cm"}]},{"@type":"WebSite","@id":"https:\/\/repliquemangacine.fr\/#website","url":"https:\/\/repliquemangacine.fr\/","name":"R\u00e9plique Manga Cin\u00e9","description":"","publisher":{"@id":"https:\/\/repliquemangacine.fr\/#organization"},"potentialAction":[{"@type":"SearchAction","target":{"@type":"EntryPoint","urlTemplate":"https:\/\/repliquemangacine.fr\/?s={search_term_string}"},"query-input":{"@type":"PropertyValueSpecification","valueRequired":true,"valueName":"search_term_string"}}],"inLanguage":"es"},{"@type":"Organization","@id":"https:\/\/repliquemangacine.fr\/#organization","name":"R\u00e9plique Manga Cin\u00e9","url":"https:\/\/repliquemangacine.fr\/","logo":{"@type":"ImageObject","inLanguage":"es","@id":"https:\/\/repliquemangacine.fr\/#\/schema\/logo\/image\/","url":"https:\/\/repliquemangacine.fr\/wp-content\/uploads\/2023\/10\/RMC-500250.png","contentUrl":"https:\/\/repliquemangacine.fr\/wp-content\/uploads\/2023\/10\/RMC-500250.png","width":500,"height":250,"caption":"R\u00e9plique Manga Cin\u00e9"},"image":{"@id":"https:\/\/repliquemangacine.fr\/#\/schema\/logo\/image\/"},"sameAs":["https:\/\/www.facebook.com\/RepliqueMangaCine","https:\/\/www.instagram.com\/repliquemangacine.fr\/"]}]}},"_links":{"self":[{"href":"https:\/\/repliquemangacine.fr\/es\/wp-json\/wp\/v2\/product\/28213","targetHints":{"allow":["GET"]}}],"collection":[{"href":"https:\/\/repliquemangacine.fr\/es\/wp-json\/wp\/v2\/product"}],"about":[{"href":"https:\/\/repliquemangacine.fr\/es\/wp-json\/wp\/v2\/types\/product"}],"wp:featuredmedia":[{"embeddable":true,"href":"https:\/\/repliquemangacine.fr\/es\/wp-json\/wp\/v2\/media\/28214"}],"wp:attachment":[{"href":"https:\/\/repliquemangacine.fr\/es\/wp-json\/wp\/v2\/media?parent=28213"}],"wp:term":[{"taxonomy":"product_brand","embeddable":true,"href":"https:\/\/repliquemangacine.fr\/es\/wp-json\/wp\/v2\/product_brand?post=28213"},{"taxonomy":"product_cat","embeddable":true,"href":"https:\/\/repliquemangacine.fr\/es\/wp-json\/wp\/v2\/product_cat?post=28213"},{"taxonomy":"product_tag","embeddable":true,"href":"https:\/\/repliquemangacine.fr\/es\/wp-json\/wp\/v2\/product_tag?post=28213"}],"curies":[{"name":"wp","href":"https:\/\/api.w.org\/{rel}","templated":true}]}}