





{"id":28206,"date":"2019-06-01T19:42:49","date_gmt":"2019-06-01T17:42:49","guid":{"rendered":"https:\/\/repliquemangacine.fr\/?post_type=product&#038;p=28206"},"modified":"2026-04-15T12:02:29","modified_gmt":"2026-04-15T10:02:29","slug":"hacha-deuillelombre-shadowmourne-world-of-warcraft","status":"publish","type":"product","link":"https:\/\/repliquemangacine.fr\/es\/epees-world-of-warcraft\/hache-deuillelombre-shadowmourne-world-of-warcraft\/","title":{"rendered":"Shadowmourne World of Warcraft"},"content":{"rendered":"<h2>Hacha Shadowmourne en World of Warcraft<\/h2>\n<p>Para empezar, el <strong>Hacha Shadowmourne<\/strong> en World of Warcraft equipa el <a href=\"https:\/\/wow.jeuxonline.info\/article\/8860\/citadelle-roi-liche\" target=\"_blank\" rel=\"noopener noreferrer\">Rey Arthas<\/a> durante la expansi\u00f3n de World of Warcraft: Wrath of the Lich King, lanzada en noviembre de 2008. La Deuillelombre (denominaci\u00f3n francesa) es el primer hacha legendaria de WoW. Los jugadores deber\u00e1n enfrentarse a todas las criaturas de la ciudadela de la Corona de Hielo para validar sus misiones y obtener as\u00ed fragmentos de sombrahelada.<\/p>\n<p>Deuillelombre es un hacha a dos manos de poder devastador, imaginada y dise\u00f1ada con el objetivo de poner fin al reinado del Rey Ex\u00e1nime.<\/p>\n<p>Solo los guerreros, paladines y caballeros de la muerte tendr\u00e1n la oportunidad de empu\u00f1ar el legendario hacha Shadowmourne. Los jugadores que consigan este hacha tendr\u00e1n todo el poder necesario para luchar contra todas las criaturas de Norfendre.<\/p>\n<h2>Tu Hacha Shadowmourne al mejor precio.<\/h2>\n<p>Te ofrecemos una amplia selecci\u00f3n de espadas del mundo de World of Warcraft.<\/p>\n<p>Lo primero y m\u00e1s importante,<\/p>\n<ul>\n<li>El impresionante<a href=\"https:\/\/repliquemangacine.fr\/es\/world-of-warcraft-espada\/frostmourne-deuillegivre-espada-espada-del-rey-lich\/\"> Espada Deuillegivre<\/a> ( Frostmourne) d'Arthas .<\/li>\n<li>Tambi\u00e9n est\u00e1 el martillo del destino <a href=\"https:\/\/repliquemangacine.fr\/es\/world-of-warcraft-espada\/martillo-del-destino-world-of-warcraft-replica-thrall-hammer-doomhammer\/\">Doomhammer<\/a> utilizado por el ic\u00f3nico Thrall<\/li>\n<li>As\u00ed como el<a href=\"https:\/\/repliquemangacine.fr\/es\/world-of-warcraft-espada\/replica-anduin-lothar-warcraft-espada\/\">Andurin Lothar espada<\/a> en la pel\u00edcula Warcraft<\/li>\n<li>Y mucho m\u00e1s por descubrir en nuestra tienda en l\u00ednea.<\/li>\n<\/ul>\n<p>Por eso, aqu\u00ed tienes una idea estupenda para regalar a los fans de World of Warcraft.<\/p>\n<p>En conclusi\u00f3n, puede solicitar la <strong>Hacha Shadowmourne<\/strong> para tus desfiles de cosplay en convenciones. Pero, ante todo, la Deuillelombre es una pieza de colecci\u00f3n y decoraci\u00f3n.<\/p>\n<p>R\u00e9plique Manga Cin\u00e9 es una empresa familiar francesa.<\/p>\n<h2>\u00bfC\u00f3mo mantengo la hoja de mi espada de World of Warcraft?<\/h2>\n<p>Las espadas de colecci\u00f3n y decorativas se fabrican y ensamblan de forma simplificada. Como su uso es decorativo, no cuentan con los elementos de seguridad necesarios para una espada japonesa destinada al entrenamiento.<\/p>\n<p>Sin embargo, su <strong>Hacha Shadowmourne<\/strong> a una hoja de acero que hay que cuidar para evitar que se estropee con el tiempo. Cuando exponga su katana, sus amigos sentir\u00e1n curiosidad por ver la hoja y tocarla. Aqu\u00ed es donde hay que tener cuidado, ya que la acidez de los dedos es muy perjudicial para el acero, sea cual sea su calidad.<\/p>\n<p>Sin embargo, si esto ocurre, no te asustes, todo lo que necesitas es un pa\u00f1o humedecido con un poco de aceite y limpiar las huellas dactilares. Si haces esto, tu espada durar\u00e1 mucho tiempo.<\/p>\n<p><strong>\u00a0<\/strong><\/p>","protected":false},"excerpt":{"rendered":"<p>Impresionante hacha a dos manos, la \"Shadowmourne\".<\/p>\n<ul>\n<li>Hojas de acero 440 grabadas.<\/li>\n<li>Asa cubierta con correa de ante.<\/li>\n<li>Pomo de acero.<\/li>\n<li>Soporte de pared.<\/li>\n<li>Peso: unos 6 kg.<\/li>\n<li>Longitud total: 120 cm - Longitud de la hoja: 50 cm<\/li>\n<\/ul>","protected":false},"featured_media":28207,"template":"","meta":[],"product_brand":[896],"product_cat":[23,60],"product_tag":[],"class_list":{"0":"post-28206","1":"product","2":"type-product","3":"status-publish","4":"has-post-thumbnail","6":"product_brand-replique-manga-cine","7":"product_cat-repliques-manga-jeux-video","8":"product_cat-epees-world-of-warcraft","10":"first","11":"instock","12":"sale","13":"taxable","14":"shipping-taxable","15":"purchasable","16":"product-type-simple"},"yoast_head":"<!-- This site is optimized with the Yoast SEO plugin v27.5 - https:\/\/yoast.com\/product\/yoast-seo-wordpress\/ -->\n<title>Hache Shadowmourne - World of Warcraft - Vente en ligne | RMC<\/title>\n<meta name=\"description\" content=\"Achetez vite ! Votre Hache Shadowmourne d&#039;Arthas dans World of Warcraft au meilleur prix. Lame acier - Echelle 1\/1 - Longueur : 120 cm - Envoi 24\/48h\" \/>\n<meta name=\"robots\" content=\"index, follow, max-snippet:-1, max-image-preview:large, max-video-preview:-1\" \/>\n<link rel=\"canonical\" href=\"https:\/\/repliquemangacine.fr\/es\/espadas-de-world-of-warcraft\/hacha-deuillelombre-shadowmourne-world-of-warcraft\/\" \/>\n<meta property=\"og:locale\" content=\"es_ES\" \/>\n<meta property=\"og:type\" content=\"article\" \/>\n<meta property=\"og:title\" content=\"Hache Shadowmourne - World of Warcraft - Vente en ligne | RMC\" \/>\n<meta property=\"og:description\" content=\"Achetez vite ! Votre Hache Shadowmourne d&#039;Arthas dans World of Warcraft au meilleur prix. Lame acier - Echelle 1\/1 - Longueur : 120 cm - Envoi 24\/48h\" \/>\n<meta property=\"og:url\" content=\"https:\/\/repliquemangacine.fr\/es\/espadas-de-world-of-warcraft\/hacha-deuillelombre-shadowmourne-world-of-warcraft\/\" \/>\n<meta property=\"og:site_name\" content=\"R\u00e9plique Manga Cin\u00e9\" \/>\n<meta property=\"article:publisher\" content=\"https:\/\/www.facebook.com\/RepliqueMangaCine\" \/>\n<meta property=\"article:modified_time\" content=\"2026-04-15T10:02:29+00:00\" \/>\n<meta property=\"og:image\" content=\"https:\/\/repliquemangacine.fr\/wp-content\/uploads\/2023\/10\/2910-Hache-Deuillelombre-Shadowmourne-World-of-Warcraft.jpg\" \/>\n\t<meta property=\"og:image:width\" content=\"800\" \/>\n\t<meta property=\"og:image:height\" content=\"800\" \/>\n\t<meta property=\"og:image:type\" content=\"image\/jpeg\" \/>\n<meta name=\"twitter:card\" content=\"summary_large_image\" \/>\n<meta name=\"twitter:label1\" content=\"Tiempo de lectura\" \/>\n\t<meta name=\"twitter:data1\" content=\"2 minutos\" \/>\n<script type=\"application\/ld+json\" class=\"yoast-schema-graph\">{\"@context\":\"https:\\\/\\\/schema.org\",\"@graph\":[{\"@type\":\"WebPage\",\"@id\":\"https:\\\/\\\/repliquemangacine.fr\\\/epees-world-of-warcraft\\\/hache-deuillelombre-shadowmourne-world-of-warcraft\\\/\",\"url\":\"https:\\\/\\\/repliquemangacine.fr\\\/epees-world-of-warcraft\\\/hache-deuillelombre-shadowmourne-world-of-warcraft\\\/\",\"name\":\"Hache Shadowmourne - World of Warcraft - Vente en ligne | RMC\",\"isPartOf\":{\"@id\":\"https:\\\/\\\/repliquemangacine.fr\\\/#website\"},\"primaryImageOfPage\":{\"@id\":\"https:\\\/\\\/repliquemangacine.fr\\\/epees-world-of-warcraft\\\/hache-deuillelombre-shadowmourne-world-of-warcraft\\\/#primaryimage\"},\"image\":{\"@id\":\"https:\\\/\\\/repliquemangacine.fr\\\/epees-world-of-warcraft\\\/hache-deuillelombre-shadowmourne-world-of-warcraft\\\/#primaryimage\"},\"thumbnailUrl\":\"https:\\\/\\\/repliquemangacine.fr\\\/wp-content\\\/uploads\\\/2023\\\/10\\\/2910-Hache-Deuillelombre-Shadowmourne-World-of-Warcraft.jpg\",\"datePublished\":\"2019-06-01T17:42:49+00:00\",\"dateModified\":\"2026-04-15T10:02:29+00:00\",\"description\":\"Achetez vite ! Votre Hache Shadowmourne d'Arthas dans World of Warcraft au meilleur prix. Lame acier - Echelle 1\\\/1 - Longueur : 120 cm - Envoi 24\\\/48h\",\"breadcrumb\":{\"@id\":\"https:\\\/\\\/repliquemangacine.fr\\\/epees-world-of-warcraft\\\/hache-deuillelombre-shadowmourne-world-of-warcraft\\\/#breadcrumb\"},\"inLanguage\":\"es\",\"potentialAction\":[{\"@type\":\"ReadAction\",\"target\":[\"https:\\\/\\\/repliquemangacine.fr\\\/epees-world-of-warcraft\\\/hache-deuillelombre-shadowmourne-world-of-warcraft\\\/\"]}]},{\"@type\":\"ImageObject\",\"inLanguage\":\"es\",\"@id\":\"https:\\\/\\\/repliquemangacine.fr\\\/epees-world-of-warcraft\\\/hache-deuillelombre-shadowmourne-world-of-warcraft\\\/#primaryimage\",\"url\":\"https:\\\/\\\/repliquemangacine.fr\\\/wp-content\\\/uploads\\\/2023\\\/10\\\/2910-Hache-Deuillelombre-Shadowmourne-World-of-Warcraft.jpg\",\"contentUrl\":\"https:\\\/\\\/repliquemangacine.fr\\\/wp-content\\\/uploads\\\/2023\\\/10\\\/2910-Hache-Deuillelombre-Shadowmourne-World-of-Warcraft.jpg\",\"width\":800,\"height\":800,\"caption\":\"Hache Deuillelombre (Shadowmourne) World of Warcraft\"},{\"@type\":\"BreadcrumbList\",\"@id\":\"https:\\\/\\\/repliquemangacine.fr\\\/epees-world-of-warcraft\\\/hache-deuillelombre-shadowmourne-world-of-warcraft\\\/#breadcrumb\",\"itemListElement\":[{\"@type\":\"ListItem\",\"position\":1,\"name\":\"Accueil\",\"item\":\"https:\\\/\\\/repliquemangacine.fr\\\/\"},{\"@type\":\"ListItem\",\"position\":2,\"name\":\"Produits\",\"item\":\"https:\\\/\\\/repliquemangacine.fr\\\/boutique\\\/\"},{\"@type\":\"ListItem\",\"position\":3,\"name\":\"Shadowmourne World of Warcraft\"}]},{\"@type\":\"WebSite\",\"@id\":\"https:\\\/\\\/repliquemangacine.fr\\\/#website\",\"url\":\"https:\\\/\\\/repliquemangacine.fr\\\/\",\"name\":\"R\u00e9plique Manga Cin\u00e9\",\"description\":\"\",\"publisher\":{\"@id\":\"https:\\\/\\\/repliquemangacine.fr\\\/#organization\"},\"potentialAction\":[{\"@type\":\"SearchAction\",\"target\":{\"@type\":\"EntryPoint\",\"urlTemplate\":\"https:\\\/\\\/repliquemangacine.fr\\\/?s={search_term_string}\"},\"query-input\":{\"@type\":\"PropertyValueSpecification\",\"valueRequired\":true,\"valueName\":\"search_term_string\"}}],\"inLanguage\":\"es\"},{\"@type\":\"Organization\",\"@id\":\"https:\\\/\\\/repliquemangacine.fr\\\/#organization\",\"name\":\"R\u00e9plique Manga Cin\u00e9\",\"url\":\"https:\\\/\\\/repliquemangacine.fr\\\/\",\"logo\":{\"@type\":\"ImageObject\",\"inLanguage\":\"es\",\"@id\":\"https:\\\/\\\/repliquemangacine.fr\\\/#\\\/schema\\\/logo\\\/image\\\/\",\"url\":\"https:\\\/\\\/repliquemangacine.fr\\\/wp-content\\\/uploads\\\/2023\\\/10\\\/RMC-500250.png\",\"contentUrl\":\"https:\\\/\\\/repliquemangacine.fr\\\/wp-content\\\/uploads\\\/2023\\\/10\\\/RMC-500250.png\",\"width\":500,\"height\":250,\"caption\":\"R\u00e9plique Manga Cin\u00e9\"},\"image\":{\"@id\":\"https:\\\/\\\/repliquemangacine.fr\\\/#\\\/schema\\\/logo\\\/image\\\/\"},\"sameAs\":[\"https:\\\/\\\/www.facebook.com\\\/RepliqueMangaCine\",\"https:\\\/\\\/www.instagram.com\\\/repliquemangacine.fr\\\/\"]}]}<\/script>\n<!-- \/ Yoast SEO plugin. -->","yoast_head_json":{"title":"Hacha Shadowmourne - World of Warcraft - Comprar en l\u00ednea | RMC","description":"\u00a1C\u00f3mprala ahora! Tu Hacha Arthas Shadowmourne en World of Warcraft al mejor precio. Hoja de acero - Escala 1\/1 - Longitud: 120 cm - Env\u00edo 24\/48h","robots":{"index":"index","follow":"follow","max-snippet":"max-snippet:-1","max-image-preview":"max-image-preview:large","max-video-preview":"max-video-preview:-1"},"canonical":"https:\/\/repliquemangacine.fr\/es\/espadas-de-world-of-warcraft\/hacha-deuillelombre-shadowmourne-world-of-warcraft\/","og_locale":"es_ES","og_type":"article","og_title":"Hache Shadowmourne - World of Warcraft - Vente en ligne | RMC","og_description":"Achetez vite ! Votre Hache Shadowmourne d'Arthas dans World of Warcraft au meilleur prix. Lame acier - Echelle 1\/1 - Longueur : 120 cm - Envoi 24\/48h","og_url":"https:\/\/repliquemangacine.fr\/es\/espadas-de-world-of-warcraft\/hacha-deuillelombre-shadowmourne-world-of-warcraft\/","og_site_name":"R\u00e9plique Manga Cin\u00e9","article_publisher":"https:\/\/www.facebook.com\/RepliqueMangaCine","article_modified_time":"2026-04-15T10:02:29+00:00","og_image":[{"width":800,"height":800,"url":"https:\/\/repliquemangacine.fr\/wp-content\/uploads\/2023\/10\/2910-Hache-Deuillelombre-Shadowmourne-World-of-Warcraft.jpg","type":"image\/jpeg"}],"twitter_card":"summary_large_image","twitter_misc":{"Tiempo de lectura":"2 minutos"},"schema":{"@context":"https:\/\/schema.org","@graph":[{"@type":"WebPage","@id":"https:\/\/repliquemangacine.fr\/epees-world-of-warcraft\/hache-deuillelombre-shadowmourne-world-of-warcraft\/","url":"https:\/\/repliquemangacine.fr\/epees-world-of-warcraft\/hache-deuillelombre-shadowmourne-world-of-warcraft\/","name":"Hacha Shadowmourne - World of Warcraft - Comprar en l\u00ednea | RMC","isPartOf":{"@id":"https:\/\/repliquemangacine.fr\/#website"},"primaryImageOfPage":{"@id":"https:\/\/repliquemangacine.fr\/epees-world-of-warcraft\/hache-deuillelombre-shadowmourne-world-of-warcraft\/#primaryimage"},"image":{"@id":"https:\/\/repliquemangacine.fr\/epees-world-of-warcraft\/hache-deuillelombre-shadowmourne-world-of-warcraft\/#primaryimage"},"thumbnailUrl":"https:\/\/repliquemangacine.fr\/wp-content\/uploads\/2023\/10\/2910-Hache-Deuillelombre-Shadowmourne-World-of-Warcraft.jpg","datePublished":"2019-06-01T17:42:49+00:00","dateModified":"2026-04-15T10:02:29+00:00","description":"\u00a1C\u00f3mprala ahora! Tu Hacha Arthas Shadowmourne en World of Warcraft al mejor precio. Hoja de acero - Escala 1\/1 - Longitud: 120 cm - Env\u00edo 24\/48h","breadcrumb":{"@id":"https:\/\/repliquemangacine.fr\/epees-world-of-warcraft\/hache-deuillelombre-shadowmourne-world-of-warcraft\/#breadcrumb"},"inLanguage":"es","potentialAction":[{"@type":"ReadAction","target":["https:\/\/repliquemangacine.fr\/epees-world-of-warcraft\/hache-deuillelombre-shadowmourne-world-of-warcraft\/"]}]},{"@type":"ImageObject","inLanguage":"es","@id":"https:\/\/repliquemangacine.fr\/epees-world-of-warcraft\/hache-deuillelombre-shadowmourne-world-of-warcraft\/#primaryimage","url":"https:\/\/repliquemangacine.fr\/wp-content\/uploads\/2023\/10\/2910-Hache-Deuillelombre-Shadowmourne-World-of-Warcraft.jpg","contentUrl":"https:\/\/repliquemangacine.fr\/wp-content\/uploads\/2023\/10\/2910-Hache-Deuillelombre-Shadowmourne-World-of-Warcraft.jpg","width":800,"height":800,"caption":"Hache Deuillelombre (Shadowmourne) World of Warcraft"},{"@type":"BreadcrumbList","@id":"https:\/\/repliquemangacine.fr\/epees-world-of-warcraft\/hache-deuillelombre-shadowmourne-world-of-warcraft\/#breadcrumb","itemListElement":[{"@type":"ListItem","position":1,"name":"Accueil","item":"https:\/\/repliquemangacine.fr\/"},{"@type":"ListItem","position":2,"name":"Produits","item":"https:\/\/repliquemangacine.fr\/boutique\/"},{"@type":"ListItem","position":3,"name":"Shadowmourne World of Warcraft"}]},{"@type":"WebSite","@id":"https:\/\/repliquemangacine.fr\/#website","url":"https:\/\/repliquemangacine.fr\/","name":"R\u00e9plique Manga Cin\u00e9","description":"","publisher":{"@id":"https:\/\/repliquemangacine.fr\/#organization"},"potentialAction":[{"@type":"SearchAction","target":{"@type":"EntryPoint","urlTemplate":"https:\/\/repliquemangacine.fr\/?s={search_term_string}"},"query-input":{"@type":"PropertyValueSpecification","valueRequired":true,"valueName":"search_term_string"}}],"inLanguage":"es"},{"@type":"Organization","@id":"https:\/\/repliquemangacine.fr\/#organization","name":"R\u00e9plique Manga Cin\u00e9","url":"https:\/\/repliquemangacine.fr\/","logo":{"@type":"ImageObject","inLanguage":"es","@id":"https:\/\/repliquemangacine.fr\/#\/schema\/logo\/image\/","url":"https:\/\/repliquemangacine.fr\/wp-content\/uploads\/2023\/10\/RMC-500250.png","contentUrl":"https:\/\/repliquemangacine.fr\/wp-content\/uploads\/2023\/10\/RMC-500250.png","width":500,"height":250,"caption":"R\u00e9plique Manga Cin\u00e9"},"image":{"@id":"https:\/\/repliquemangacine.fr\/#\/schema\/logo\/image\/"},"sameAs":["https:\/\/www.facebook.com\/RepliqueMangaCine","https:\/\/www.instagram.com\/repliquemangacine.fr\/"]}]}},"_links":{"self":[{"href":"https:\/\/repliquemangacine.fr\/es\/wp-json\/wp\/v2\/product\/28206","targetHints":{"allow":["GET"]}}],"collection":[{"href":"https:\/\/repliquemangacine.fr\/es\/wp-json\/wp\/v2\/product"}],"about":[{"href":"https:\/\/repliquemangacine.fr\/es\/wp-json\/wp\/v2\/types\/product"}],"wp:featuredmedia":[{"embeddable":true,"href":"https:\/\/repliquemangacine.fr\/es\/wp-json\/wp\/v2\/media\/28207"}],"wp:attachment":[{"href":"https:\/\/repliquemangacine.fr\/es\/wp-json\/wp\/v2\/media?parent=28206"}],"wp:term":[{"taxonomy":"product_brand","embeddable":true,"href":"https:\/\/repliquemangacine.fr\/es\/wp-json\/wp\/v2\/product_brand?post=28206"},{"taxonomy":"product_cat","embeddable":true,"href":"https:\/\/repliquemangacine.fr\/es\/wp-json\/wp\/v2\/product_cat?post=28206"},{"taxonomy":"product_tag","embeddable":true,"href":"https:\/\/repliquemangacine.fr\/es\/wp-json\/wp\/v2\/product_tag?post=28206"}],"curies":[{"name":"wp","href":"https:\/\/api.w.org\/{rel}","templated":true}]}}