





{"id":28194,"date":"2019-06-01T17:35:43","date_gmt":"2019-06-01T15:35:43","guid":{"rendered":"https:\/\/repliquemangacine.fr\/?post_type=product&#038;p=28194"},"modified":"2025-09-23T18:02:08","modified_gmt":"2025-09-23T16:02:08","slug":"escudo-templario-metal","status":"publish","type":"product","link":"https:\/\/repliquemangacine.fr\/es\/boucliers-et-armures\/bouclier-des-templiers-metal\/","title":{"rendered":"Escudo templario de metal"},"content":{"rendered":"<h2>Escudo templario de metal.<\/h2>\n<p>Para empezar, este <strong>Escudo de los Templarios<\/strong>, totalmente met\u00e1lico, ideal para sus recreaciones hist\u00f3ricas o para la decoraci\u00f3n de su hogar.<\/p>\n<p>La Orden del Temple, orden religiosa y militar surgida de la caballer\u00eda cristiana de la Edad Media. La vocaci\u00f3n de <a href=\"https:\/\/www.histoire-pour-tous.fr\/\" target=\"_blank\" rel=\"noopener noreferrer\">la Orden del Temple<\/a> era la protecci\u00f3n de los peregrinos cristianos hacia Tierra Santa. Esta peregrinaci\u00f3n era una de las tres m\u00e1s importantes de la cristiandad medieval.<\/p>\n<p>La cruz patada indicaba la pertenencia de los templarios a la cristiandad y el color rojo recordaba la sangre derramada por Cristo. Esta cruz tambi\u00e9n expresaba el voto permanente de cruzada al que los templarios se compromet\u00edan a participar en cualquier momento.<\/p>\n<h2>Tu Escudo de los Templarios al mejor precio.<\/h2>\n<h3>Ofrecemos una amplia gama de r\u00e9plicas de la \u00e9poca medieval.<\/h3>\n<p>Lo primero y m\u00e1s importante,<\/p>\n<ul>\n<li>El magn\u00edfico <a href=\"https:\/\/repliquemangacine.fr\/es\/espada-medieval-2\/espada-templaria\/\">Espada templaria<\/a> con su vaina de cuero.<\/li>\n<li>Tambi\u00e9n existe la<a href=\"https:\/\/repliquemangacine.fr\/es\/espada-medieval-2\/espada-de-ceremonia-templaria\/\">espada ceremonial<\/a> de los Templarios.<\/li>\n<li>Adem\u00e1s de la legendaria espada del Rey Arturo <a href=\"https:\/\/repliquemangacine.fr\/es\/reproducciones-medievales\/excalibur-rey-arturo-espada-legendaria\/\">Excalibur<\/a>.<\/li>\n<li>Y muchos m\u00e1s por descubrir en nuestra tienda en l\u00ednea.<\/li>\n<\/ul>\n<p>Por eso, aqu\u00ed tienes unas ideas estupendas para regalar a los amantes de la historia.<\/p>\n<p>En conclusi\u00f3n, tambi\u00e9n puede utilizar el <strong>Escudo de los Templarios<\/strong> para sus representaciones hist\u00f3ricas. Pero, ante todo, este escudo es una pieza de colecci\u00f3n y decoraci\u00f3n.<\/p>\n<p>R\u00e9plique Manga Cin\u00e9 es una empresa familiar francesa.<\/p>\n<h2>\u00bfC\u00f3mo se fabrican sus objetos de colecci\u00f3n?<\/h2>\n<p>Para empezar, todos nuestros productos derivados son de la m\u00e1xima calidad, fabricados con meticulosa atenci\u00f3n al detalle. Una parte se hace a mano, para reproducir hasta el m\u00e1s m\u00ednimo detalle. Las partes m\u00e1s importantes se mecanizan con m\u00e1quinas muy precisas. Los grabados se hacen generalmente con punta de diamante o l\u00e1ser.<\/p>\n<p>Su <strong>Escudo de los Templarios<\/strong> fabricados para reproducir cada detalle con exactitud. Para igualar el legado de las obras maestras originales. Se hace hincapi\u00e9 en crear r\u00e9plicas de alta calidad que sean lo m\u00e1s hist\u00f3ricamente exactas posible.<\/p>\n<p>En conclusi\u00f3n, importadas de China, Espa\u00f1a o la India, \u00a1nuestras r\u00e9plicas le sorprender\u00e1n!<\/p>\n<p>R\u00e9plique Manga Cin\u00e9 es una empresa familiar francesa.<\/p>","protected":false},"excerpt":{"rendered":"<p>Magn\u00edfica r\u00e9plica de un escudo templario.<\/p>\n<ul>\n<li>Fondo jaspeado con cruz central remachada.<\/li>\n<li>El contorno del escudo est\u00e1 adornado con una peque\u00f1a banda de oro con remache.<\/li>\n<li>Asa en la parte posterior con cadena para montaje en pared.<\/li>\n<li>Altura: 60 cm - Anchura: 45 cm<\/li>\n<\/ul>","protected":false},"featured_media":28195,"template":"","meta":[],"product_brand":[896],"product_cat":[25,75,43],"product_tag":[],"class_list":{"0":"post-28194","1":"product","2":"type-product","3":"status-publish","4":"has-post-thumbnail","6":"product_brand-replique-manga-cine","7":"product_cat-armes-historiques","8":"product_cat-boucliers-et-armures","9":"product_cat-reproductions-d-armes-et-accessoires-medievales","11":"first","12":"instock","13":"taxable","14":"shipping-taxable","15":"purchasable","16":"product-type-simple"},"yoast_head":"<!-- This site is optimized with the Yoast SEO plugin v27.4 - https:\/\/yoast.com\/product\/yoast-seo-wordpress\/ -->\n<title>Bouclier des Templiers - Vente en ligne Bouclier M\u00e9di\u00e9vale | RMC<\/title>\n<meta name=\"description\" content=\"Offrez-vous cette r\u00e9plique d&#039;un Bouclier des Templiers au meilleur prix - Tout en m\u00e9tal - Croix Templi\u00e8re rivet\u00e9e et rebords dor\u00e9 - Dimensions : 60 X 45 cm\" \/>\n<meta name=\"robots\" content=\"index, follow, max-snippet:-1, max-image-preview:large, max-video-preview:-1\" \/>\n<link rel=\"canonical\" href=\"https:\/\/repliquemangacine.fr\/es\/escudos-y-armaduras\/escudo-templario-metal\/\" \/>\n<meta property=\"og:locale\" content=\"es_ES\" \/>\n<meta property=\"og:type\" content=\"article\" \/>\n<meta property=\"og:title\" content=\"Bouclier des Templiers - Vente en ligne Bouclier M\u00e9di\u00e9vale | RMC\" \/>\n<meta property=\"og:description\" content=\"Offrez-vous cette r\u00e9plique d&#039;un Bouclier des Templiers au meilleur prix - Tout en m\u00e9tal - Croix Templi\u00e8re rivet\u00e9e et rebords dor\u00e9 - Dimensions : 60 X 45 cm\" \/>\n<meta property=\"og:url\" content=\"https:\/\/repliquemangacine.fr\/es\/escudos-y-armaduras\/escudo-templario-metal\/\" \/>\n<meta property=\"og:site_name\" content=\"R\u00e9plique Manga Cin\u00e9\" \/>\n<meta property=\"article:publisher\" content=\"https:\/\/www.facebook.com\/RepliqueMangaCine\" \/>\n<meta property=\"article:modified_time\" content=\"2025-09-23T16:02:08+00:00\" \/>\n<meta property=\"og:image\" content=\"https:\/\/repliquemangacine.fr\/wp-content\/uploads\/2023\/10\/2904-Bouclier-des-Templiers-metal.jpg\" \/>\n\t<meta property=\"og:image:width\" content=\"800\" \/>\n\t<meta property=\"og:image:height\" content=\"800\" \/>\n\t<meta property=\"og:image:type\" content=\"image\/jpeg\" \/>\n<meta name=\"twitter:card\" content=\"summary_large_image\" \/>\n<meta name=\"twitter:label1\" content=\"Tiempo de lectura\" \/>\n\t<meta name=\"twitter:data1\" content=\"2 minutos\" \/>\n<script type=\"application\/ld+json\" class=\"yoast-schema-graph\">{\"@context\":\"https:\\\/\\\/schema.org\",\"@graph\":[{\"@type\":\"WebPage\",\"@id\":\"https:\\\/\\\/repliquemangacine.fr\\\/boucliers-et-armures\\\/bouclier-des-templiers-metal\\\/\",\"url\":\"https:\\\/\\\/repliquemangacine.fr\\\/boucliers-et-armures\\\/bouclier-des-templiers-metal\\\/\",\"name\":\"Bouclier des Templiers - Vente en ligne Bouclier M\u00e9di\u00e9vale | RMC\",\"isPartOf\":{\"@id\":\"https:\\\/\\\/repliquemangacine.fr\\\/#website\"},\"primaryImageOfPage\":{\"@id\":\"https:\\\/\\\/repliquemangacine.fr\\\/boucliers-et-armures\\\/bouclier-des-templiers-metal\\\/#primaryimage\"},\"image\":{\"@id\":\"https:\\\/\\\/repliquemangacine.fr\\\/boucliers-et-armures\\\/bouclier-des-templiers-metal\\\/#primaryimage\"},\"thumbnailUrl\":\"https:\\\/\\\/repliquemangacine.fr\\\/wp-content\\\/uploads\\\/2023\\\/10\\\/2904-Bouclier-des-Templiers-metal.jpg\",\"datePublished\":\"2019-06-01T15:35:43+00:00\",\"dateModified\":\"2025-09-23T16:02:08+00:00\",\"description\":\"Offrez-vous cette r\u00e9plique d'un Bouclier des Templiers au meilleur prix - Tout en m\u00e9tal - Croix Templi\u00e8re rivet\u00e9e et rebords dor\u00e9 - Dimensions : 60 X 45 cm\",\"breadcrumb\":{\"@id\":\"https:\\\/\\\/repliquemangacine.fr\\\/boucliers-et-armures\\\/bouclier-des-templiers-metal\\\/#breadcrumb\"},\"inLanguage\":\"es\",\"potentialAction\":[{\"@type\":\"ReadAction\",\"target\":[\"https:\\\/\\\/repliquemangacine.fr\\\/boucliers-et-armures\\\/bouclier-des-templiers-metal\\\/\"]}]},{\"@type\":\"ImageObject\",\"inLanguage\":\"es\",\"@id\":\"https:\\\/\\\/repliquemangacine.fr\\\/boucliers-et-armures\\\/bouclier-des-templiers-metal\\\/#primaryimage\",\"url\":\"https:\\\/\\\/repliquemangacine.fr\\\/wp-content\\\/uploads\\\/2023\\\/10\\\/2904-Bouclier-des-Templiers-metal.jpg\",\"contentUrl\":\"https:\\\/\\\/repliquemangacine.fr\\\/wp-content\\\/uploads\\\/2023\\\/10\\\/2904-Bouclier-des-Templiers-metal.jpg\",\"width\":800,\"height\":800,\"caption\":\"Bouclier des Templiers m\u00e9tal\"},{\"@type\":\"BreadcrumbList\",\"@id\":\"https:\\\/\\\/repliquemangacine.fr\\\/boucliers-et-armures\\\/bouclier-des-templiers-metal\\\/#breadcrumb\",\"itemListElement\":[{\"@type\":\"ListItem\",\"position\":1,\"name\":\"Accueil\",\"item\":\"https:\\\/\\\/repliquemangacine.fr\\\/\"},{\"@type\":\"ListItem\",\"position\":2,\"name\":\"Produits\",\"item\":\"https:\\\/\\\/repliquemangacine.fr\\\/boutique\\\/\"},{\"@type\":\"ListItem\",\"position\":3,\"name\":\"Bouclier des Templiers m\u00e9tal\"}]},{\"@type\":\"WebSite\",\"@id\":\"https:\\\/\\\/repliquemangacine.fr\\\/#website\",\"url\":\"https:\\\/\\\/repliquemangacine.fr\\\/\",\"name\":\"R\u00e9plique Manga Cin\u00e9\",\"description\":\"\",\"publisher\":{\"@id\":\"https:\\\/\\\/repliquemangacine.fr\\\/#organization\"},\"potentialAction\":[{\"@type\":\"SearchAction\",\"target\":{\"@type\":\"EntryPoint\",\"urlTemplate\":\"https:\\\/\\\/repliquemangacine.fr\\\/?s={search_term_string}\"},\"query-input\":{\"@type\":\"PropertyValueSpecification\",\"valueRequired\":true,\"valueName\":\"search_term_string\"}}],\"inLanguage\":\"es\"},{\"@type\":\"Organization\",\"@id\":\"https:\\\/\\\/repliquemangacine.fr\\\/#organization\",\"name\":\"R\u00e9plique Manga Cin\u00e9\",\"url\":\"https:\\\/\\\/repliquemangacine.fr\\\/\",\"logo\":{\"@type\":\"ImageObject\",\"inLanguage\":\"es\",\"@id\":\"https:\\\/\\\/repliquemangacine.fr\\\/#\\\/schema\\\/logo\\\/image\\\/\",\"url\":\"https:\\\/\\\/repliquemangacine.fr\\\/wp-content\\\/uploads\\\/2023\\\/10\\\/RMC-500250.png\",\"contentUrl\":\"https:\\\/\\\/repliquemangacine.fr\\\/wp-content\\\/uploads\\\/2023\\\/10\\\/RMC-500250.png\",\"width\":500,\"height\":250,\"caption\":\"R\u00e9plique Manga Cin\u00e9\"},\"image\":{\"@id\":\"https:\\\/\\\/repliquemangacine.fr\\\/#\\\/schema\\\/logo\\\/image\\\/\"},\"sameAs\":[\"https:\\\/\\\/www.facebook.com\\\/RepliqueMangaCine\",\"https:\\\/\\\/www.instagram.com\\\/repliquemangacine.fr\\\/\"]}]}<\/script>\n<!-- \/ Yoast SEO plugin. -->","yoast_head_json":{"title":"Escudo de los Templarios - Escudos Medievales venta online | RMC","description":"Reg\u00e1lese esta r\u00e9plica de escudo templario al mejor precio - Todo metal - Cruz templaria remachada y bordes dorados - Dimensiones : 60 X 45 cm","robots":{"index":"index","follow":"follow","max-snippet":"max-snippet:-1","max-image-preview":"max-image-preview:large","max-video-preview":"max-video-preview:-1"},"canonical":"https:\/\/repliquemangacine.fr\/es\/escudos-y-armaduras\/escudo-templario-metal\/","og_locale":"es_ES","og_type":"article","og_title":"Bouclier des Templiers - Vente en ligne Bouclier M\u00e9di\u00e9vale | RMC","og_description":"Offrez-vous cette r\u00e9plique d'un Bouclier des Templiers au meilleur prix - Tout en m\u00e9tal - Croix Templi\u00e8re rivet\u00e9e et rebords dor\u00e9 - Dimensions : 60 X 45 cm","og_url":"https:\/\/repliquemangacine.fr\/es\/escudos-y-armaduras\/escudo-templario-metal\/","og_site_name":"R\u00e9plique Manga Cin\u00e9","article_publisher":"https:\/\/www.facebook.com\/RepliqueMangaCine","article_modified_time":"2025-09-23T16:02:08+00:00","og_image":[{"width":800,"height":800,"url":"https:\/\/repliquemangacine.fr\/wp-content\/uploads\/2023\/10\/2904-Bouclier-des-Templiers-metal.jpg","type":"image\/jpeg"}],"twitter_card":"summary_large_image","twitter_misc":{"Tiempo de lectura":"2 minutos"},"schema":{"@context":"https:\/\/schema.org","@graph":[{"@type":"WebPage","@id":"https:\/\/repliquemangacine.fr\/boucliers-et-armures\/bouclier-des-templiers-metal\/","url":"https:\/\/repliquemangacine.fr\/boucliers-et-armures\/bouclier-des-templiers-metal\/","name":"Escudo de los Templarios - Escudos Medievales venta online | RMC","isPartOf":{"@id":"https:\/\/repliquemangacine.fr\/#website"},"primaryImageOfPage":{"@id":"https:\/\/repliquemangacine.fr\/boucliers-et-armures\/bouclier-des-templiers-metal\/#primaryimage"},"image":{"@id":"https:\/\/repliquemangacine.fr\/boucliers-et-armures\/bouclier-des-templiers-metal\/#primaryimage"},"thumbnailUrl":"https:\/\/repliquemangacine.fr\/wp-content\/uploads\/2023\/10\/2904-Bouclier-des-Templiers-metal.jpg","datePublished":"2019-06-01T15:35:43+00:00","dateModified":"2025-09-23T16:02:08+00:00","description":"Reg\u00e1lese esta r\u00e9plica de escudo templario al mejor precio - Todo metal - Cruz templaria remachada y bordes dorados - Dimensiones : 60 X 45 cm","breadcrumb":{"@id":"https:\/\/repliquemangacine.fr\/boucliers-et-armures\/bouclier-des-templiers-metal\/#breadcrumb"},"inLanguage":"es","potentialAction":[{"@type":"ReadAction","target":["https:\/\/repliquemangacine.fr\/boucliers-et-armures\/bouclier-des-templiers-metal\/"]}]},{"@type":"ImageObject","inLanguage":"es","@id":"https:\/\/repliquemangacine.fr\/boucliers-et-armures\/bouclier-des-templiers-metal\/#primaryimage","url":"https:\/\/repliquemangacine.fr\/wp-content\/uploads\/2023\/10\/2904-Bouclier-des-Templiers-metal.jpg","contentUrl":"https:\/\/repliquemangacine.fr\/wp-content\/uploads\/2023\/10\/2904-Bouclier-des-Templiers-metal.jpg","width":800,"height":800,"caption":"Bouclier des Templiers m\u00e9tal"},{"@type":"BreadcrumbList","@id":"https:\/\/repliquemangacine.fr\/boucliers-et-armures\/bouclier-des-templiers-metal\/#breadcrumb","itemListElement":[{"@type":"ListItem","position":1,"name":"Accueil","item":"https:\/\/repliquemangacine.fr\/"},{"@type":"ListItem","position":2,"name":"Produits","item":"https:\/\/repliquemangacine.fr\/boutique\/"},{"@type":"ListItem","position":3,"name":"Bouclier des Templiers m\u00e9tal"}]},{"@type":"WebSite","@id":"https:\/\/repliquemangacine.fr\/#website","url":"https:\/\/repliquemangacine.fr\/","name":"R\u00e9plique Manga Cin\u00e9","description":"","publisher":{"@id":"https:\/\/repliquemangacine.fr\/#organization"},"potentialAction":[{"@type":"SearchAction","target":{"@type":"EntryPoint","urlTemplate":"https:\/\/repliquemangacine.fr\/?s={search_term_string}"},"query-input":{"@type":"PropertyValueSpecification","valueRequired":true,"valueName":"search_term_string"}}],"inLanguage":"es"},{"@type":"Organization","@id":"https:\/\/repliquemangacine.fr\/#organization","name":"R\u00e9plique Manga Cin\u00e9","url":"https:\/\/repliquemangacine.fr\/","logo":{"@type":"ImageObject","inLanguage":"es","@id":"https:\/\/repliquemangacine.fr\/#\/schema\/logo\/image\/","url":"https:\/\/repliquemangacine.fr\/wp-content\/uploads\/2023\/10\/RMC-500250.png","contentUrl":"https:\/\/repliquemangacine.fr\/wp-content\/uploads\/2023\/10\/RMC-500250.png","width":500,"height":250,"caption":"R\u00e9plique Manga Cin\u00e9"},"image":{"@id":"https:\/\/repliquemangacine.fr\/#\/schema\/logo\/image\/"},"sameAs":["https:\/\/www.facebook.com\/RepliqueMangaCine","https:\/\/www.instagram.com\/repliquemangacine.fr\/"]}]}},"_links":{"self":[{"href":"https:\/\/repliquemangacine.fr\/es\/wp-json\/wp\/v2\/product\/28194","targetHints":{"allow":["GET"]}}],"collection":[{"href":"https:\/\/repliquemangacine.fr\/es\/wp-json\/wp\/v2\/product"}],"about":[{"href":"https:\/\/repliquemangacine.fr\/es\/wp-json\/wp\/v2\/types\/product"}],"wp:featuredmedia":[{"embeddable":true,"href":"https:\/\/repliquemangacine.fr\/es\/wp-json\/wp\/v2\/media\/28195"}],"wp:attachment":[{"href":"https:\/\/repliquemangacine.fr\/es\/wp-json\/wp\/v2\/media?parent=28194"}],"wp:term":[{"taxonomy":"product_brand","embeddable":true,"href":"https:\/\/repliquemangacine.fr\/es\/wp-json\/wp\/v2\/product_brand?post=28194"},{"taxonomy":"product_cat","embeddable":true,"href":"https:\/\/repliquemangacine.fr\/es\/wp-json\/wp\/v2\/product_cat?post=28194"},{"taxonomy":"product_tag","embeddable":true,"href":"https:\/\/repliquemangacine.fr\/es\/wp-json\/wp\/v2\/product_tag?post=28194"}],"curies":[{"name":"wp","href":"https:\/\/api.w.org\/{rel}","templated":true}]}}