





{"id":28176,"date":"2019-06-01T14:32:58","date_gmt":"2019-06-01T12:32:58","guid":{"rendered":"https:\/\/repliquemangacine.fr\/?post_type=product&#038;p=28176"},"modified":"2026-04-13T20:51:39","modified_gmt":"2026-04-13T18:51:39","slug":"daga-escorpion-fantasia","status":"publish","type":"product","link":"https:\/\/repliquemangacine.fr\/es\/epees-et-dagues-fantasy\/dague-scorpion-fantasy\/","title":{"rendered":"Daga Escorpi\u00f3n Fantas\u00eda"},"content":{"rendered":"<div class=\"text col-xs-offset-0\" style=\"height: auto;\">\n<h2>Pu\u00f1al Fantas\u00eda Escorpi\u00f3n para decoraci\u00f3n.<\/h2>\n<p>Para empezar, la Daga Escorpi\u00f3n Fantasy, con magn\u00edficos acabados, ideal para la decoraci\u00f3n de su hogar.<\/p>\n<p>La <a href=\"https:\/\/fr.wikipedia.org\/wiki\/Fantasy\" target=\"_blank\" rel=\"noopener noreferrer\">fantas\u00eda<\/a>, g\u00e9nero art\u00edstico que representa fen\u00f3menos sobrenaturales imaginarios, a menudo asociados al mito y representados mediante la intervenci\u00f3n o el uso de la magia.<\/p>\n<p>En el cine, las primeras pel\u00edculas de fantas\u00eda se remontan a los dibujos animados de Disney adaptados de cuentos de hadas, o al Mago de Oz. Pero las primeras pel\u00edculas de fantas\u00eda llegaron a las pantallas en los a\u00f1os 70 y 80, con Conan el B\u00e1rbaro.<\/p>\n<p>Tras un cierto declive en la d\u00e9cada de 1990, la fantas\u00eda en el cine experimenta un espectacular resurgimiento con El se\u00f1or de los anillos, de Peter Jackson, adaptaci\u00f3n del cl\u00e1sico de Tolkien, cuyo cuidado universo visual y su \u00e9pico aliento confieren a las pel\u00edculas de fantas\u00eda una nueva dimensi\u00f3n.<\/p>\n<h2>Tu Daga Escorpi\u00f3n Fantas\u00eda de Decoraci\u00f3n al mejor precio.<\/h2>\n<p>Le ofrecemos una amplia selecci\u00f3n de r\u00e9plicas del g\u00e9nero art\u00edstico Fantasy.<\/p>\n<p>Lo primero y m\u00e1s importante,<\/p>\n<ul>\n<li>La <a href=\"https:\/\/repliquemangacine.fr\/es\/espadas-y-dagas-de-fantasia\/dague-epee-dark-fantasy\/\">Daga espada Dark Fantasy<\/a> con sus dos estrellitas arrojadizas.<\/li>\n<li>As\u00ed como <a href=\"https:\/\/repliquemangacine.fr\/es\/espadas-y-dagas-de-fantasia\/daga-espada-dragon\/\">daga espada drag\u00f3n<\/a>con su hoja entrelazada de dragones<\/li>\n<li>Tambi\u00e9n existe la <a href=\"https:\/\/repliquemangacine.fr\/es\/espadas-y-dagas-de-fantasia\/daga-espada-doble-cobra-fantasia-daga-decorativa\/\">daga espada doble cobra<\/a>enrosca las dos dagas y encuentra un arma fant\u00e1stica<\/li>\n<li>Y muchos m\u00e1s por descubrir en nuestra tienda en l\u00ednea.<\/li>\n<\/ul>\n<p>Por eso, esta es una magn\u00edfica idea de regalo para todos los apasionados del Dark Fantasy.<\/p>\n<p>En conclusi\u00f3n, tambi\u00e9n puede utilizar este <strong>Daga Escorpi\u00f3n Fantas\u00eda<\/strong> para la decoraci\u00f3n de su hogar. Pero, ante todo, es una pieza de colecci\u00f3n y decoraci\u00f3n.<\/p>\n<p>R\u00e9plique Manga Cin\u00e9 es una empresa familiar francesa.<\/p>\n<\/div>\n<div class=\"row\">\n<div class=\"col-lg-12 col-md-12 col-xs-12 sectionSeparator\">\n<h2>\u00bfC\u00f3mo mantengo la hoja de mi daga?<\/h2>\n<p>Las dagas de colecci\u00f3n y decorativas se fabrican y ensamblan de forma simplificada. Como su uso es decorativo, no cuentan con los elementos de seguridad exigidos para un sable japon\u00e9s destinado al entrenamiento.<\/p>\n<p>Sin embargo, su <strong>Daga Escorpi\u00f3n Fantas\u00eda<\/strong> a una hoja de acero que hay que mantener para evitar que se da\u00f1e con el tiempo. Cuando muestres tu espada, tus amigos sentir\u00e1n curiosidad por ver la hoja y tocarla. Aqu\u00ed es donde hay que tener cuidado, porque la acidez de los dedos es muy perjudicial para el acero, sea cual sea su calidad.<\/p>\n<p>Sin embargo, si esto ocurre, no te asustes, simplemente utiliza un pa\u00f1o humedecido con un poco de aceite y limpia las huellas dactilares. Si haces esto, tu daga durar\u00e1 mucho tiempo.<\/p>\n<\/div>\n<\/div>","protected":false},"excerpt":{"rendered":"<div class=\"text col-xs-offset-0\" style=\"height: auto;\">Espl\u00e9ndida daga decorativa.<\/div>\n<ul>\n<li class=\"text col-xs-offset-0\" style=\"height: auto;\">Hoja de acero con grabado.<\/li>\n<li class=\"text col-xs-offset-0\" style=\"height: auto;\">Cabeza de escorpi\u00f3n con dos garras.<\/li>\n<li class=\"text col-xs-offset-0\" style=\"height: auto;\">Asa de goma.<\/li>\n<li class=\"text col-xs-offset-0\" style=\"height: auto;\">El mango termina en una cola de escorpi\u00f3n enroscada.<\/li>\n<li class=\"text col-xs-offset-0\" style=\"height: auto;\">Expositor de madera.<\/li>\n<li>Longitud de la hoja: 39 cm - Longitud total: 54 cm<\/li>\n<\/ul>\n<div class=\"row\">\n<div class=\"col-lg-12 col-md-12 col-xs-12 sectionSeparator\"><\/div>\n<\/div>","protected":false},"featured_media":28177,"template":"","meta":[],"product_brand":[896],"product_cat":[44,26],"product_tag":[],"class_list":{"0":"post-28176","1":"product","2":"type-product","3":"status-publish","4":"has-post-thumbnail","6":"product_brand-replique-manga-cine","7":"product_cat-epees-et-dagues-fantasy","8":"product_cat-katana-epee","10":"first","11":"instock","12":"taxable","13":"shipping-taxable","14":"purchasable","15":"product-type-simple"},"yoast_head":"<!-- This site is optimized with the Yoast SEO plugin v27.4 - https:\/\/yoast.com\/product\/yoast-seo-wordpress\/ -->\n<title>Dague Scorpion Fantasy - Vente en ligne - R\u00e9plique Manga Cin\u00e9<\/title>\n<meta name=\"description\" content=\"Offrez-vous cette Dague Scorpion Fantasy au meilleur prix - Lame en acier grav\u00e9e - Poign\u00e9e caoutchouc - Support bois - Longueur totale : 54 cm\" \/>\n<meta name=\"robots\" content=\"index, follow, max-snippet:-1, max-image-preview:large, max-video-preview:-1\" \/>\n<link rel=\"canonical\" href=\"https:\/\/repliquemangacine.fr\/es\/espadas-y-dagas-de-fantasia\/daga-escorpion-fantasia\/\" \/>\n<meta property=\"og:locale\" content=\"es_ES\" \/>\n<meta property=\"og:type\" content=\"article\" \/>\n<meta property=\"og:title\" content=\"Dague Scorpion Fantasy - Vente en ligne - R\u00e9plique Manga Cin\u00e9\" \/>\n<meta property=\"og:description\" content=\"Offrez-vous cette Dague Scorpion Fantasy au meilleur prix - Lame en acier grav\u00e9e - Poign\u00e9e caoutchouc - Support bois - Longueur totale : 54 cm\" \/>\n<meta property=\"og:url\" content=\"https:\/\/repliquemangacine.fr\/es\/espadas-y-dagas-de-fantasia\/daga-escorpion-fantasia\/\" \/>\n<meta property=\"og:site_name\" content=\"R\u00e9plique Manga Cin\u00e9\" \/>\n<meta property=\"article:publisher\" content=\"https:\/\/www.facebook.com\/RepliqueMangaCine\" \/>\n<meta property=\"article:modified_time\" content=\"2026-04-13T18:51:39+00:00\" \/>\n<meta property=\"og:image\" content=\"https:\/\/repliquemangacine.fr\/wp-content\/uploads\/2023\/10\/2887-Dague-Scorpion-Fantasy.jpg\" \/>\n\t<meta property=\"og:image:width\" content=\"800\" \/>\n\t<meta property=\"og:image:height\" content=\"800\" \/>\n\t<meta property=\"og:image:type\" content=\"image\/jpeg\" \/>\n<meta name=\"twitter:card\" content=\"summary_large_image\" \/>\n<meta name=\"twitter:label1\" content=\"Tiempo de lectura\" \/>\n\t<meta name=\"twitter:data1\" content=\"2 minutos\" \/>\n<script type=\"application\/ld+json\" class=\"yoast-schema-graph\">{\"@context\":\"https:\\\/\\\/schema.org\",\"@graph\":[{\"@type\":\"WebPage\",\"@id\":\"https:\\\/\\\/repliquemangacine.fr\\\/epees-et-dagues-fantasy\\\/dague-scorpion-fantasy\\\/\",\"url\":\"https:\\\/\\\/repliquemangacine.fr\\\/epees-et-dagues-fantasy\\\/dague-scorpion-fantasy\\\/\",\"name\":\"Dague Scorpion Fantasy - Vente en ligne - R\u00e9plique Manga Cin\u00e9\",\"isPartOf\":{\"@id\":\"https:\\\/\\\/repliquemangacine.fr\\\/#website\"},\"primaryImageOfPage\":{\"@id\":\"https:\\\/\\\/repliquemangacine.fr\\\/epees-et-dagues-fantasy\\\/dague-scorpion-fantasy\\\/#primaryimage\"},\"image\":{\"@id\":\"https:\\\/\\\/repliquemangacine.fr\\\/epees-et-dagues-fantasy\\\/dague-scorpion-fantasy\\\/#primaryimage\"},\"thumbnailUrl\":\"https:\\\/\\\/repliquemangacine.fr\\\/wp-content\\\/uploads\\\/2023\\\/10\\\/2887-Dague-Scorpion-Fantasy.jpg\",\"datePublished\":\"2019-06-01T12:32:58+00:00\",\"dateModified\":\"2026-04-13T18:51:39+00:00\",\"description\":\"Offrez-vous cette Dague Scorpion Fantasy au meilleur prix - Lame en acier grav\u00e9e - Poign\u00e9e caoutchouc - Support bois - Longueur totale : 54 cm\",\"breadcrumb\":{\"@id\":\"https:\\\/\\\/repliquemangacine.fr\\\/epees-et-dagues-fantasy\\\/dague-scorpion-fantasy\\\/#breadcrumb\"},\"inLanguage\":\"es\",\"potentialAction\":[{\"@type\":\"ReadAction\",\"target\":[\"https:\\\/\\\/repliquemangacine.fr\\\/epees-et-dagues-fantasy\\\/dague-scorpion-fantasy\\\/\"]}]},{\"@type\":\"ImageObject\",\"inLanguage\":\"es\",\"@id\":\"https:\\\/\\\/repliquemangacine.fr\\\/epees-et-dagues-fantasy\\\/dague-scorpion-fantasy\\\/#primaryimage\",\"url\":\"https:\\\/\\\/repliquemangacine.fr\\\/wp-content\\\/uploads\\\/2023\\\/10\\\/2887-Dague-Scorpion-Fantasy.jpg\",\"contentUrl\":\"https:\\\/\\\/repliquemangacine.fr\\\/wp-content\\\/uploads\\\/2023\\\/10\\\/2887-Dague-Scorpion-Fantasy.jpg\",\"width\":800,\"height\":800,\"caption\":\"Dague Scorpion Fantasy\"},{\"@type\":\"BreadcrumbList\",\"@id\":\"https:\\\/\\\/repliquemangacine.fr\\\/epees-et-dagues-fantasy\\\/dague-scorpion-fantasy\\\/#breadcrumb\",\"itemListElement\":[{\"@type\":\"ListItem\",\"position\":1,\"name\":\"Accueil\",\"item\":\"https:\\\/\\\/repliquemangacine.fr\\\/\"},{\"@type\":\"ListItem\",\"position\":2,\"name\":\"Produits\",\"item\":\"https:\\\/\\\/repliquemangacine.fr\\\/boutique\\\/\"},{\"@type\":\"ListItem\",\"position\":3,\"name\":\"Dague Scorpion Fantasy\"}]},{\"@type\":\"WebSite\",\"@id\":\"https:\\\/\\\/repliquemangacine.fr\\\/#website\",\"url\":\"https:\\\/\\\/repliquemangacine.fr\\\/\",\"name\":\"R\u00e9plique Manga Cin\u00e9\",\"description\":\"\",\"publisher\":{\"@id\":\"https:\\\/\\\/repliquemangacine.fr\\\/#organization\"},\"potentialAction\":[{\"@type\":\"SearchAction\",\"target\":{\"@type\":\"EntryPoint\",\"urlTemplate\":\"https:\\\/\\\/repliquemangacine.fr\\\/?s={search_term_string}\"},\"query-input\":{\"@type\":\"PropertyValueSpecification\",\"valueRequired\":true,\"valueName\":\"search_term_string\"}}],\"inLanguage\":\"es\"},{\"@type\":\"Organization\",\"@id\":\"https:\\\/\\\/repliquemangacine.fr\\\/#organization\",\"name\":\"R\u00e9plique Manga Cin\u00e9\",\"url\":\"https:\\\/\\\/repliquemangacine.fr\\\/\",\"logo\":{\"@type\":\"ImageObject\",\"inLanguage\":\"es\",\"@id\":\"https:\\\/\\\/repliquemangacine.fr\\\/#\\\/schema\\\/logo\\\/image\\\/\",\"url\":\"https:\\\/\\\/repliquemangacine.fr\\\/wp-content\\\/uploads\\\/2023\\\/10\\\/RMC-500250.png\",\"contentUrl\":\"https:\\\/\\\/repliquemangacine.fr\\\/wp-content\\\/uploads\\\/2023\\\/10\\\/RMC-500250.png\",\"width\":500,\"height\":250,\"caption\":\"R\u00e9plique Manga Cin\u00e9\"},\"image\":{\"@id\":\"https:\\\/\\\/repliquemangacine.fr\\\/#\\\/schema\\\/logo\\\/image\\\/\"},\"sameAs\":[\"https:\\\/\\\/www.facebook.com\\\/RepliqueMangaCine\",\"https:\\\/\\\/www.instagram.com\\\/repliquemangacine.fr\\\/\"]}]}<\/script>\n<!-- \/ Yoast SEO plugin. -->","yoast_head_json":{"title":"Daga Escorpi\u00f3n Fantas\u00eda - Venta en l\u00ednea - R\u00e9plique Manga Cin\u00e9","description":"Reg\u00e1late esta Daga Fantas\u00eda Escorpi\u00f3n al mejor precio - Hoja de acero grabada - Empu\u00f1adura de goma - Soporte de madera - Longitud total: 54 cm","robots":{"index":"index","follow":"follow","max-snippet":"max-snippet:-1","max-image-preview":"max-image-preview:large","max-video-preview":"max-video-preview:-1"},"canonical":"https:\/\/repliquemangacine.fr\/es\/espadas-y-dagas-de-fantasia\/daga-escorpion-fantasia\/","og_locale":"es_ES","og_type":"article","og_title":"Dague Scorpion Fantasy - Vente en ligne - R\u00e9plique Manga Cin\u00e9","og_description":"Offrez-vous cette Dague Scorpion Fantasy au meilleur prix - Lame en acier grav\u00e9e - Poign\u00e9e caoutchouc - Support bois - Longueur totale : 54 cm","og_url":"https:\/\/repliquemangacine.fr\/es\/espadas-y-dagas-de-fantasia\/daga-escorpion-fantasia\/","og_site_name":"R\u00e9plique Manga Cin\u00e9","article_publisher":"https:\/\/www.facebook.com\/RepliqueMangaCine","article_modified_time":"2026-04-13T18:51:39+00:00","og_image":[{"width":800,"height":800,"url":"https:\/\/repliquemangacine.fr\/wp-content\/uploads\/2023\/10\/2887-Dague-Scorpion-Fantasy.jpg","type":"image\/jpeg"}],"twitter_card":"summary_large_image","twitter_misc":{"Tiempo de lectura":"2 minutos"},"schema":{"@context":"https:\/\/schema.org","@graph":[{"@type":"WebPage","@id":"https:\/\/repliquemangacine.fr\/epees-et-dagues-fantasy\/dague-scorpion-fantasy\/","url":"https:\/\/repliquemangacine.fr\/epees-et-dagues-fantasy\/dague-scorpion-fantasy\/","name":"Daga Escorpi\u00f3n Fantas\u00eda - Venta en l\u00ednea - R\u00e9plique Manga Cin\u00e9","isPartOf":{"@id":"https:\/\/repliquemangacine.fr\/#website"},"primaryImageOfPage":{"@id":"https:\/\/repliquemangacine.fr\/epees-et-dagues-fantasy\/dague-scorpion-fantasy\/#primaryimage"},"image":{"@id":"https:\/\/repliquemangacine.fr\/epees-et-dagues-fantasy\/dague-scorpion-fantasy\/#primaryimage"},"thumbnailUrl":"https:\/\/repliquemangacine.fr\/wp-content\/uploads\/2023\/10\/2887-Dague-Scorpion-Fantasy.jpg","datePublished":"2019-06-01T12:32:58+00:00","dateModified":"2026-04-13T18:51:39+00:00","description":"Reg\u00e1late esta Daga Fantas\u00eda Escorpi\u00f3n al mejor precio - Hoja de acero grabada - Empu\u00f1adura de goma - Soporte de madera - Longitud total: 54 cm","breadcrumb":{"@id":"https:\/\/repliquemangacine.fr\/epees-et-dagues-fantasy\/dague-scorpion-fantasy\/#breadcrumb"},"inLanguage":"es","potentialAction":[{"@type":"ReadAction","target":["https:\/\/repliquemangacine.fr\/epees-et-dagues-fantasy\/dague-scorpion-fantasy\/"]}]},{"@type":"ImageObject","inLanguage":"es","@id":"https:\/\/repliquemangacine.fr\/epees-et-dagues-fantasy\/dague-scorpion-fantasy\/#primaryimage","url":"https:\/\/repliquemangacine.fr\/wp-content\/uploads\/2023\/10\/2887-Dague-Scorpion-Fantasy.jpg","contentUrl":"https:\/\/repliquemangacine.fr\/wp-content\/uploads\/2023\/10\/2887-Dague-Scorpion-Fantasy.jpg","width":800,"height":800,"caption":"Dague Scorpion Fantasy"},{"@type":"BreadcrumbList","@id":"https:\/\/repliquemangacine.fr\/epees-et-dagues-fantasy\/dague-scorpion-fantasy\/#breadcrumb","itemListElement":[{"@type":"ListItem","position":1,"name":"Accueil","item":"https:\/\/repliquemangacine.fr\/"},{"@type":"ListItem","position":2,"name":"Produits","item":"https:\/\/repliquemangacine.fr\/boutique\/"},{"@type":"ListItem","position":3,"name":"Dague Scorpion Fantasy"}]},{"@type":"WebSite","@id":"https:\/\/repliquemangacine.fr\/#website","url":"https:\/\/repliquemangacine.fr\/","name":"R\u00e9plique Manga Cin\u00e9","description":"","publisher":{"@id":"https:\/\/repliquemangacine.fr\/#organization"},"potentialAction":[{"@type":"SearchAction","target":{"@type":"EntryPoint","urlTemplate":"https:\/\/repliquemangacine.fr\/?s={search_term_string}"},"query-input":{"@type":"PropertyValueSpecification","valueRequired":true,"valueName":"search_term_string"}}],"inLanguage":"es"},{"@type":"Organization","@id":"https:\/\/repliquemangacine.fr\/#organization","name":"R\u00e9plique Manga Cin\u00e9","url":"https:\/\/repliquemangacine.fr\/","logo":{"@type":"ImageObject","inLanguage":"es","@id":"https:\/\/repliquemangacine.fr\/#\/schema\/logo\/image\/","url":"https:\/\/repliquemangacine.fr\/wp-content\/uploads\/2023\/10\/RMC-500250.png","contentUrl":"https:\/\/repliquemangacine.fr\/wp-content\/uploads\/2023\/10\/RMC-500250.png","width":500,"height":250,"caption":"R\u00e9plique Manga Cin\u00e9"},"image":{"@id":"https:\/\/repliquemangacine.fr\/#\/schema\/logo\/image\/"},"sameAs":["https:\/\/www.facebook.com\/RepliqueMangaCine","https:\/\/www.instagram.com\/repliquemangacine.fr\/"]}]}},"_links":{"self":[{"href":"https:\/\/repliquemangacine.fr\/es\/wp-json\/wp\/v2\/product\/28176","targetHints":{"allow":["GET"]}}],"collection":[{"href":"https:\/\/repliquemangacine.fr\/es\/wp-json\/wp\/v2\/product"}],"about":[{"href":"https:\/\/repliquemangacine.fr\/es\/wp-json\/wp\/v2\/types\/product"}],"wp:featuredmedia":[{"embeddable":true,"href":"https:\/\/repliquemangacine.fr\/es\/wp-json\/wp\/v2\/media\/28177"}],"wp:attachment":[{"href":"https:\/\/repliquemangacine.fr\/es\/wp-json\/wp\/v2\/media?parent=28176"}],"wp:term":[{"taxonomy":"product_brand","embeddable":true,"href":"https:\/\/repliquemangacine.fr\/es\/wp-json\/wp\/v2\/product_brand?post=28176"},{"taxonomy":"product_cat","embeddable":true,"href":"https:\/\/repliquemangacine.fr\/es\/wp-json\/wp\/v2\/product_cat?post=28176"},{"taxonomy":"product_tag","embeddable":true,"href":"https:\/\/repliquemangacine.fr\/es\/wp-json\/wp\/v2\/product_tag?post=28176"}],"curies":[{"name":"wp","href":"https:\/\/api.w.org\/{rel}","templated":true}]}}