





{"id":28134,"date":"2019-04-26T14:20:01","date_gmt":"2019-04-26T12:20:01","guid":{"rendered":"https:\/\/repliquemangacine.fr\/?post_type=product&#038;p=28134"},"modified":"2025-09-23T18:02:03","modified_gmt":"2025-09-23T16:02:03","slug":"varita-norbert-dragonneau-nucleo-metalico","status":"publish","type":"product","link":"https:\/\/repliquemangacine.fr\/es\/les-animaux-fantastiques\/baguette-norbert-dragonneau-noyau-metal\/","title":{"rendered":"Varita de Newt Scamander"},"content":{"rendered":"<h2>Varita de Norbert Dragonneau - Fantastic Beasts.<\/h2>\n<p>Para empezar, el <strong>Varita m\u00e1gica de Norbert Dragonneau<\/strong>, es de resina con un n\u00facleo central de metal.<\/p>\n<p>Norbert Dragonneau es un exc\u00e9ntrico mago y famoso magizo\u00f3logo, autor del libro Vida y h\u00e1bitat de los animales fant\u00e1sticos. Es el personaje principal de la serie de pel\u00edculas Animales fant\u00e1sticos. Antiguo alumno de Hogwarts, recibi\u00f3 clases de Albus Dumbledore, entre otros.<\/p>\n<p>Tiene una maleta de cuero de aspecto normal, aunque vieja y en muy mal estado en su versi\u00f3n. <a href=\"https:\/\/harrypotter.fandom.com\/fr\/wiki\/Valise_de_Norbert_Dragonneau\" target=\"_blank\" rel=\"noopener noreferrer\">muggle<\/a>. La versi\u00f3n m\u00e1gica de la maleta, sin embargo, es muy diferente: ampliada m\u00e1gicamente, el interior es todo lo contrario de la versi\u00f3n muggle. Al entrar en la maleta, los visitantes llegan a una caba\u00f1a alta en la que Norbert Dragonneau almacena numerosas plantas, pociones, alimentos y diversos documentos sobre animales m\u00e1gicos.<\/p>\n<h2>Tu Varita Norbert Dragonneau al mejor precio.<\/h2>\n<p>Ofrecemos una amplia gama de varitas m\u00e1gicas de Fantastic Beasts.<\/p>\n<p>Lo primero y m\u00e1s importante,<\/p>\n<ul>\n<li>La <a href=\"https:\/\/repliquemangacine.fr\/es\/animales-fantasticos\/baguette-dumbledore-animaux-fantastique-3\/\">La varita de Albus Dumbledore<\/a> en Fantastic Beasts.<\/li>\n<li>Tambi\u00e9n es la varita de Gellert Grindelwald, que Dumbledore utiliza m\u00e1s tarde en Harry Potter.<\/li>\n<li>Y muchos m\u00e1s por descubrir en nuestra tienda en l\u00ednea.<\/li>\n<\/ul>\n<p>Por eso, aqu\u00ed tienes una idea estupenda para regalar a todos los fans de Harry Potter.<\/p>\n<p>En conclusi\u00f3n, tambi\u00e9n puede utilizar este <strong>Varita m\u00e1gica de Norbert Dragonneau<\/strong> para tus cosplays o fiestas tem\u00e1ticas. Pero, ante todo, es una pieza de colecci\u00f3n y decoraci\u00f3n.<\/p>\n<p>R\u00e9plique Manga Cin\u00e9 es una empresa familiar francesa.<\/p>\n<h2>\u00bfC\u00f3mo se fabrican las varitas de los brujos?<\/h2>\n<p>Una varita m\u00e1gica es un objeto compuesto por dos elementos variables: una madera, que suele proceder de un \u00e1rbol, y lo que se conoce como el n\u00facleo de la varita, que puede proceder de diversas criaturas o plantas m\u00e1gicas. Es una herramienta utilizada por brujos y brujas para afinar sus hechizos y obtener mejores resultados cuando emplean la magia.<\/p>\n<p>Nuestros baguettes est\u00e1n fabricados en resina moldeada, con un n\u00facleo de metal en el centro que aporta a su <strong>Varita m\u00e1gica de Norbert Dragonneau<\/strong> una resistencia extraordinaria.<\/p>\n<p>Cabe destacar que la mayor\u00eda de los magos compran su varita a los once a\u00f1os, antes de comenzar su educaci\u00f3n m\u00e1gica. Los j\u00f3venes magos pueden ir a comprar su varita ellos mismos a una tienda especializada; los estudiantes brit\u00e1nicos suelen acudir a Ollivander.<\/p>","protected":false},"excerpt":{"rendered":"<p>Varita m\u00e1gica de Norbert Dragonneau inspirada en la pel\u00edcula Animales fant\u00e1sticos.<\/p>\n<ul>\n<li>Varilla de resina.<\/li>\n<li>N\u00facleo met\u00e1lico.<\/li>\n<li>Mide 36,5 cm y pesa 74 gramos.<\/li>\n<li>Caja de colecci\u00f3n Ollivander, interior de terciopelo.<\/li>\n<li>Ficha de personaje.<\/li>\n<\/ul>\n<p>&nbsp;<\/p>","protected":false},"featured_media":28135,"template":"","meta":[],"product_brand":[896],"product_cat":[24,104],"product_tag":[],"class_list":{"0":"post-28134","1":"product","2":"type-product","3":"status-publish","4":"has-post-thumbnail","6":"product_brand-replique-manga-cine","7":"product_cat-films-series-tv-vente-de-katana-epee-et-produits-derives","8":"product_cat-les-animaux-fantastiques","10":"first","11":"instock","12":"taxable","13":"shipping-taxable","14":"purchasable","15":"product-type-simple"},"yoast_head":"<!-- This site is optimized with the Yoast SEO plugin v27.4 - https:\/\/yoast.com\/product\/yoast-seo-wordpress\/ -->\n<title>Baguette Norbert Dragonneau - Les Animaux Fantastiques | RMC<\/title>\n<meta name=\"description\" content=\"D\u00e9couvrez cette Baguette magique Norbert Dragonneau dans les Animaux Fantastiques au meilleur prix - En r\u00e9sine - Noyau m\u00e9tal - Longueur : 36.5 cm\" \/>\n<meta name=\"robots\" content=\"index, follow, max-snippet:-1, max-image-preview:large, max-video-preview:-1\" \/>\n<link rel=\"canonical\" href=\"https:\/\/repliquemangacine.fr\/es\/animales-fantasticos\/varita-norbert-dragonneau-nucleo-metalico\/\" \/>\n<meta property=\"og:locale\" content=\"es_ES\" \/>\n<meta property=\"og:type\" content=\"article\" \/>\n<meta property=\"og:title\" content=\"Baguette Norbert Dragonneau - Les Animaux Fantastiques | RMC\" \/>\n<meta property=\"og:description\" content=\"D\u00e9couvrez cette Baguette magique Norbert Dragonneau dans les Animaux Fantastiques au meilleur prix - En r\u00e9sine - Noyau m\u00e9tal - Longueur : 36.5 cm\" \/>\n<meta property=\"og:url\" content=\"https:\/\/repliquemangacine.fr\/es\/animales-fantasticos\/varita-norbert-dragonneau-nucleo-metalico\/\" \/>\n<meta property=\"og:site_name\" content=\"R\u00e9plique Manga Cin\u00e9\" \/>\n<meta property=\"article:publisher\" content=\"https:\/\/www.facebook.com\/RepliqueMangaCine\" \/>\n<meta property=\"article:modified_time\" content=\"2025-09-23T16:02:03+00:00\" \/>\n<meta property=\"og:image\" content=\"https:\/\/repliquemangacine.fr\/wp-content\/uploads\/2023\/10\/baguette-dragonneau-1.jpg\" \/>\n\t<meta property=\"og:image:width\" content=\"600\" \/>\n\t<meta property=\"og:image:height\" content=\"600\" \/>\n\t<meta property=\"og:image:type\" content=\"image\/jpeg\" \/>\n<meta name=\"twitter:card\" content=\"summary_large_image\" \/>\n<meta name=\"twitter:label1\" content=\"Tiempo de lectura\" \/>\n\t<meta name=\"twitter:data1\" content=\"2 minutos\" \/>\n<script type=\"application\/ld+json\" class=\"yoast-schema-graph\">{\"@context\":\"https:\\\/\\\/schema.org\",\"@graph\":[{\"@type\":\"WebPage\",\"@id\":\"https:\\\/\\\/repliquemangacine.fr\\\/les-animaux-fantastiques\\\/baguette-norbert-dragonneau-noyau-metal\\\/\",\"url\":\"https:\\\/\\\/repliquemangacine.fr\\\/les-animaux-fantastiques\\\/baguette-norbert-dragonneau-noyau-metal\\\/\",\"name\":\"Baguette Norbert Dragonneau - Les Animaux Fantastiques | RMC\",\"isPartOf\":{\"@id\":\"https:\\\/\\\/repliquemangacine.fr\\\/#website\"},\"primaryImageOfPage\":{\"@id\":\"https:\\\/\\\/repliquemangacine.fr\\\/les-animaux-fantastiques\\\/baguette-norbert-dragonneau-noyau-metal\\\/#primaryimage\"},\"image\":{\"@id\":\"https:\\\/\\\/repliquemangacine.fr\\\/les-animaux-fantastiques\\\/baguette-norbert-dragonneau-noyau-metal\\\/#primaryimage\"},\"thumbnailUrl\":\"https:\\\/\\\/repliquemangacine.fr\\\/wp-content\\\/uploads\\\/2023\\\/10\\\/baguette-dragonneau-1.jpg\",\"datePublished\":\"2019-04-26T12:20:01+00:00\",\"dateModified\":\"2025-09-23T16:02:03+00:00\",\"description\":\"D\u00e9couvrez cette Baguette magique Norbert Dragonneau dans les Animaux Fantastiques au meilleur prix - En r\u00e9sine - Noyau m\u00e9tal - Longueur : 36.5 cm\",\"breadcrumb\":{\"@id\":\"https:\\\/\\\/repliquemangacine.fr\\\/les-animaux-fantastiques\\\/baguette-norbert-dragonneau-noyau-metal\\\/#breadcrumb\"},\"inLanguage\":\"es\",\"potentialAction\":[{\"@type\":\"ReadAction\",\"target\":[\"https:\\\/\\\/repliquemangacine.fr\\\/les-animaux-fantastiques\\\/baguette-norbert-dragonneau-noyau-metal\\\/\"]}]},{\"@type\":\"ImageObject\",\"inLanguage\":\"es\",\"@id\":\"https:\\\/\\\/repliquemangacine.fr\\\/les-animaux-fantastiques\\\/baguette-norbert-dragonneau-noyau-metal\\\/#primaryimage\",\"url\":\"https:\\\/\\\/repliquemangacine.fr\\\/wp-content\\\/uploads\\\/2023\\\/10\\\/baguette-dragonneau-1.jpg\",\"contentUrl\":\"https:\\\/\\\/repliquemangacine.fr\\\/wp-content\\\/uploads\\\/2023\\\/10\\\/baguette-dragonneau-1.jpg\",\"width\":600,\"height\":600,\"caption\":\"baguette magique les animaux fantastique dragonneau\"},{\"@type\":\"BreadcrumbList\",\"@id\":\"https:\\\/\\\/repliquemangacine.fr\\\/les-animaux-fantastiques\\\/baguette-norbert-dragonneau-noyau-metal\\\/#breadcrumb\",\"itemListElement\":[{\"@type\":\"ListItem\",\"position\":1,\"name\":\"Accueil\",\"item\":\"https:\\\/\\\/repliquemangacine.fr\\\/\"},{\"@type\":\"ListItem\",\"position\":2,\"name\":\"Produits\",\"item\":\"https:\\\/\\\/repliquemangacine.fr\\\/boutique\\\/\"},{\"@type\":\"ListItem\",\"position\":3,\"name\":\"Baguette Newt Scamander\"}]},{\"@type\":\"WebSite\",\"@id\":\"https:\\\/\\\/repliquemangacine.fr\\\/#website\",\"url\":\"https:\\\/\\\/repliquemangacine.fr\\\/\",\"name\":\"R\u00e9plique Manga Cin\u00e9\",\"description\":\"\",\"publisher\":{\"@id\":\"https:\\\/\\\/repliquemangacine.fr\\\/#organization\"},\"potentialAction\":[{\"@type\":\"SearchAction\",\"target\":{\"@type\":\"EntryPoint\",\"urlTemplate\":\"https:\\\/\\\/repliquemangacine.fr\\\/?s={search_term_string}\"},\"query-input\":{\"@type\":\"PropertyValueSpecification\",\"valueRequired\":true,\"valueName\":\"search_term_string\"}}],\"inLanguage\":\"es\"},{\"@type\":\"Organization\",\"@id\":\"https:\\\/\\\/repliquemangacine.fr\\\/#organization\",\"name\":\"R\u00e9plique Manga Cin\u00e9\",\"url\":\"https:\\\/\\\/repliquemangacine.fr\\\/\",\"logo\":{\"@type\":\"ImageObject\",\"inLanguage\":\"es\",\"@id\":\"https:\\\/\\\/repliquemangacine.fr\\\/#\\\/schema\\\/logo\\\/image\\\/\",\"url\":\"https:\\\/\\\/repliquemangacine.fr\\\/wp-content\\\/uploads\\\/2023\\\/10\\\/RMC-500250.png\",\"contentUrl\":\"https:\\\/\\\/repliquemangacine.fr\\\/wp-content\\\/uploads\\\/2023\\\/10\\\/RMC-500250.png\",\"width\":500,\"height\":250,\"caption\":\"R\u00e9plique Manga Cin\u00e9\"},\"image\":{\"@id\":\"https:\\\/\\\/repliquemangacine.fr\\\/#\\\/schema\\\/logo\\\/image\\\/\"},\"sameAs\":[\"https:\\\/\\\/www.facebook.com\\\/RepliqueMangaCine\",\"https:\\\/\\\/www.instagram.com\\\/repliquemangacine.fr\\\/\"]}]}<\/script>\n<!-- \/ Yoast SEO plugin. -->","yoast_head_json":{"title":"Varita de Norbert Dragonneau - Fantastic Beasts | RMC","description":"Descubra esta varita m\u00e1gica de Norbert Dragonneau en Fantastic Beasts al mejor precio - Resina - N\u00facleo de metal - Longitud: 36,5 cm","robots":{"index":"index","follow":"follow","max-snippet":"max-snippet:-1","max-image-preview":"max-image-preview:large","max-video-preview":"max-video-preview:-1"},"canonical":"https:\/\/repliquemangacine.fr\/es\/animales-fantasticos\/varita-norbert-dragonneau-nucleo-metalico\/","og_locale":"es_ES","og_type":"article","og_title":"Baguette Norbert Dragonneau - Les Animaux Fantastiques | RMC","og_description":"D\u00e9couvrez cette Baguette magique Norbert Dragonneau dans les Animaux Fantastiques au meilleur prix - En r\u00e9sine - Noyau m\u00e9tal - Longueur : 36.5 cm","og_url":"https:\/\/repliquemangacine.fr\/es\/animales-fantasticos\/varita-norbert-dragonneau-nucleo-metalico\/","og_site_name":"R\u00e9plique Manga Cin\u00e9","article_publisher":"https:\/\/www.facebook.com\/RepliqueMangaCine","article_modified_time":"2025-09-23T16:02:03+00:00","og_image":[{"width":600,"height":600,"url":"https:\/\/repliquemangacine.fr\/wp-content\/uploads\/2023\/10\/baguette-dragonneau-1.jpg","type":"image\/jpeg"}],"twitter_card":"summary_large_image","twitter_misc":{"Tiempo de lectura":"2 minutos"},"schema":{"@context":"https:\/\/schema.org","@graph":[{"@type":"WebPage","@id":"https:\/\/repliquemangacine.fr\/les-animaux-fantastiques\/baguette-norbert-dragonneau-noyau-metal\/","url":"https:\/\/repliquemangacine.fr\/les-animaux-fantastiques\/baguette-norbert-dragonneau-noyau-metal\/","name":"Varita de Norbert Dragonneau - Fantastic Beasts | RMC","isPartOf":{"@id":"https:\/\/repliquemangacine.fr\/#website"},"primaryImageOfPage":{"@id":"https:\/\/repliquemangacine.fr\/les-animaux-fantastiques\/baguette-norbert-dragonneau-noyau-metal\/#primaryimage"},"image":{"@id":"https:\/\/repliquemangacine.fr\/les-animaux-fantastiques\/baguette-norbert-dragonneau-noyau-metal\/#primaryimage"},"thumbnailUrl":"https:\/\/repliquemangacine.fr\/wp-content\/uploads\/2023\/10\/baguette-dragonneau-1.jpg","datePublished":"2019-04-26T12:20:01+00:00","dateModified":"2025-09-23T16:02:03+00:00","description":"Descubra esta varita m\u00e1gica de Norbert Dragonneau en Fantastic Beasts al mejor precio - Resina - N\u00facleo de metal - Longitud: 36,5 cm","breadcrumb":{"@id":"https:\/\/repliquemangacine.fr\/les-animaux-fantastiques\/baguette-norbert-dragonneau-noyau-metal\/#breadcrumb"},"inLanguage":"es","potentialAction":[{"@type":"ReadAction","target":["https:\/\/repliquemangacine.fr\/les-animaux-fantastiques\/baguette-norbert-dragonneau-noyau-metal\/"]}]},{"@type":"ImageObject","inLanguage":"es","@id":"https:\/\/repliquemangacine.fr\/les-animaux-fantastiques\/baguette-norbert-dragonneau-noyau-metal\/#primaryimage","url":"https:\/\/repliquemangacine.fr\/wp-content\/uploads\/2023\/10\/baguette-dragonneau-1.jpg","contentUrl":"https:\/\/repliquemangacine.fr\/wp-content\/uploads\/2023\/10\/baguette-dragonneau-1.jpg","width":600,"height":600,"caption":"baguette magique les animaux fantastique dragonneau"},{"@type":"BreadcrumbList","@id":"https:\/\/repliquemangacine.fr\/les-animaux-fantastiques\/baguette-norbert-dragonneau-noyau-metal\/#breadcrumb","itemListElement":[{"@type":"ListItem","position":1,"name":"Accueil","item":"https:\/\/repliquemangacine.fr\/"},{"@type":"ListItem","position":2,"name":"Produits","item":"https:\/\/repliquemangacine.fr\/boutique\/"},{"@type":"ListItem","position":3,"name":"Baguette Newt Scamander"}]},{"@type":"WebSite","@id":"https:\/\/repliquemangacine.fr\/#website","url":"https:\/\/repliquemangacine.fr\/","name":"R\u00e9plique Manga Cin\u00e9","description":"","publisher":{"@id":"https:\/\/repliquemangacine.fr\/#organization"},"potentialAction":[{"@type":"SearchAction","target":{"@type":"EntryPoint","urlTemplate":"https:\/\/repliquemangacine.fr\/?s={search_term_string}"},"query-input":{"@type":"PropertyValueSpecification","valueRequired":true,"valueName":"search_term_string"}}],"inLanguage":"es"},{"@type":"Organization","@id":"https:\/\/repliquemangacine.fr\/#organization","name":"R\u00e9plique Manga Cin\u00e9","url":"https:\/\/repliquemangacine.fr\/","logo":{"@type":"ImageObject","inLanguage":"es","@id":"https:\/\/repliquemangacine.fr\/#\/schema\/logo\/image\/","url":"https:\/\/repliquemangacine.fr\/wp-content\/uploads\/2023\/10\/RMC-500250.png","contentUrl":"https:\/\/repliquemangacine.fr\/wp-content\/uploads\/2023\/10\/RMC-500250.png","width":500,"height":250,"caption":"R\u00e9plique Manga Cin\u00e9"},"image":{"@id":"https:\/\/repliquemangacine.fr\/#\/schema\/logo\/image\/"},"sameAs":["https:\/\/www.facebook.com\/RepliqueMangaCine","https:\/\/www.instagram.com\/repliquemangacine.fr\/"]}]}},"_links":{"self":[{"href":"https:\/\/repliquemangacine.fr\/es\/wp-json\/wp\/v2\/product\/28134","targetHints":{"allow":["GET"]}}],"collection":[{"href":"https:\/\/repliquemangacine.fr\/es\/wp-json\/wp\/v2\/product"}],"about":[{"href":"https:\/\/repliquemangacine.fr\/es\/wp-json\/wp\/v2\/types\/product"}],"wp:featuredmedia":[{"embeddable":true,"href":"https:\/\/repliquemangacine.fr\/es\/wp-json\/wp\/v2\/media\/28135"}],"wp:attachment":[{"href":"https:\/\/repliquemangacine.fr\/es\/wp-json\/wp\/v2\/media?parent=28134"}],"wp:term":[{"taxonomy":"product_brand","embeddable":true,"href":"https:\/\/repliquemangacine.fr\/es\/wp-json\/wp\/v2\/product_brand?post=28134"},{"taxonomy":"product_cat","embeddable":true,"href":"https:\/\/repliquemangacine.fr\/es\/wp-json\/wp\/v2\/product_cat?post=28134"},{"taxonomy":"product_tag","embeddable":true,"href":"https:\/\/repliquemangacine.fr\/es\/wp-json\/wp\/v2\/product_tag?post=28134"}],"curies":[{"name":"wp","href":"https:\/\/api.w.org\/{rel}","templated":true}]}}