





{"id":28126,"date":"2019-04-26T13:57:13","date_gmt":"2019-04-26T11:57:13","guid":{"rendered":"https:\/\/repliquemangacine.fr\/?post_type=product&#038;p=28126"},"modified":"2026-04-18T14:54:06","modified_gmt":"2026-04-18T12:54:06","slug":"luna-lovegood-varita-con-nucleo-de-metal-de-alta-calidad","status":"publish","type":"product","link":"https:\/\/repliquemangacine.fr\/es\/baguettes-personnages-harry-potter\/baguette-de-luna-lovegood-noyau-metal-de-haute-qualite\/","title":{"rendered":"Baguette Luna"},"content":{"rendered":"<h2>La varita de Luna Lovegood en Harry Potter.<\/h2>\n<p>Para empezar, el <strong>Luna Lovegood varita<\/strong> est\u00e1 fabricado \u00edntegramente en resina, con una varilla met\u00e1lica en el centro que le confiere una gran calidad.<\/p>\n<p>Entra en Hogwarts en 1992, al mismo tiempo que Ginny Weasley, en la casa <a href=\"https:\/\/harrypotter.fandom.com\/fr\/wiki\/Serdaigle\" target=\"_blank\" rel=\"noopener noreferrer\">Slytherin<\/a>. Es miembro del ej\u00e9rcito de Dumbledore. Todo el mundo describe a Luna como una chica un poco rara y la apodan Loufoca.<\/p>\n<p>Durante el a\u00f1o, ella es una de las \u00fanicas personas que cree a Harry cuando dice que Voldemort ha regresado. Adem\u00e1s, le permite a Harry expresarse en El Chicaneur y contar toda la verdad sobre la noche en que Cedric Diggory muri\u00f3 y Voldemort volvi\u00f3 a la vida.<\/p>\n<h2>Tu varita barata de Luna Lovegood.<\/h2>\n<p>Ofrecemos una amplia gama de varitas Ollivander de Harry Potter.<\/p>\n<p>Lo primero y m\u00e1s importante,<\/p>\n<ul>\n<li>La varita m\u00e1gica de su amiga <a href=\"https:\/\/repliquemangacine.fr\/es\/palillos-de-caracteres\/varita-ginny-weasley-nucleo-metalico\/\">Ginny Weasley<\/a><\/li>\n<li>As\u00ed como el <a href=\"https:\/\/repliquemangacine.fr\/es\/palillos-de-caracteres\/varita-de-bellatrix-lestrange-nucleo-metalico\/\">Bellatrix Lestrange<\/a> a la que se enfrent\u00f3 en la batalla de Hogwarts.<\/li>\n<li>Y muchos m\u00e1s por descubrir en nuestra tienda en l\u00ednea.<\/li>\n<\/ul>\n<p>Por eso, aqu\u00ed tienes una idea estupenda para regalar a todos los fans de Harry Potter.<\/p>\n<p>En conclusi\u00f3n, tambi\u00e9n puede utilizar esta varita de <strong>Luna Lovegood<\/strong> para tus cosplays o fiestas tem\u00e1ticas. Pero, ante todo, es una pieza de colecci\u00f3n y decoraci\u00f3n.<\/p>\n<p>R\u00e9plique Manga Cin\u00e9 es una empresa familiar francesa.<\/p>\n<h2>\u00bfC\u00f3mo se fabrican las varitas de los brujos?<\/h2>\n<p>Una varita m\u00e1gica es un objeto compuesto por dos elementos variables: una madera, que suele proceder de un \u00e1rbol, y lo que se conoce como el n\u00facleo de la varita, que puede provenir de diversas criaturas o plantas m\u00e1gicas. Es una herramienta utilizada por brujos y brujas para afinar sus hechizos y obtener mejores resultados cuando emplean la magia.<\/p>\n<p>Nuestros baguettes est\u00e1n fabricados en resina moldeada, con un n\u00facleo de metal en el centro que aporta a su <strong>Luna Lovegood varita<\/strong> una resistencia extraordinaria.<\/p>\n<p>Cabe destacar que la mayor\u00eda de los magos compran su varita a los once a\u00f1os, antes de comenzar su educaci\u00f3n m\u00e1gica. Los j\u00f3venes magos pueden ir a comprar su varita ellos mismos a una tienda especializada; los estudiantes brit\u00e1nicos suelen acudir a Ollivander.<\/p>\n<p>&nbsp;<\/p>","protected":false},"excerpt":{"rendered":"<p>Varita de Luna Lovegood inspirada en la saga Harry Potter.<\/p>\n<ul>\n<li class=\"text col-xs-offset-0\" style=\"height: auto;\">Palillo de resina, imita una madera clara, el mango est\u00e1 tallado en forma de tulip\u00e1n.<\/li>\n<li>N\u00facleo met\u00e1lico.<\/li>\n<li class=\"text col-xs-offset-0\" style=\"height: auto;\">Caja de coleccionista con interior de terciopelo.<\/li>\n<li class=\"text col-xs-offset-0\" style=\"height: auto;\">Ficha de personaje.<\/li>\n<li>Longitud total: 35,5 cm - Peso: 78 grs<\/li>\n<\/ul>\n<div class=\"row\">\n<div class=\"col-lg-12 col-md-12 col-xs-12 sectionSeparator\"><\/div>\n<\/div>","protected":false},"featured_media":28127,"template":"","meta":[],"product_brand":[896],"product_cat":[80,24,41],"product_tag":[],"class_list":{"0":"post-28126","1":"product","2":"type-product","3":"status-publish","4":"has-post-thumbnail","6":"product_brand-replique-manga-cine","7":"product_cat-baguettes-personnages-harry-potter","8":"product_cat-films-series-tv-vente-de-katana-epee-et-produits-derives","9":"product_cat-baguettes-et-goodies-harry-potter","11":"first","12":"instock","13":"taxable","14":"shipping-taxable","15":"purchasable","16":"product-type-simple"},"yoast_head":"<!-- This site is optimized with the Yoast SEO plugin v27.4 - https:\/\/yoast.com\/product\/yoast-seo-wordpress\/ -->\n<title>Baguette Luna Lovegood - Harry Potter - R\u00e9plique Manga Cin\u00e9<\/title>\n<meta name=\"description\" content=\"D\u00e9couvrez cette superbe Baguette Luna Lovegood dans Harry Potter au meilleur prix. En r\u00e9sine - Noyau en m\u00e9tal - Bo\u00eete Collector - Longueur : 35.5 cm\" \/>\n<meta name=\"robots\" content=\"index, follow, max-snippet:-1, max-image-preview:large, max-video-preview:-1\" \/>\n<link rel=\"canonical\" href=\"https:\/\/repliquemangacine.fr\/es\/varitas-de-personajes-de-harry-potter\/luna-lovegood-varita-con-nucleo-de-metal-de-alta-calidad\/\" \/>\n<meta property=\"og:locale\" content=\"es_ES\" \/>\n<meta property=\"og:type\" content=\"article\" \/>\n<meta property=\"og:title\" content=\"Baguette Luna Lovegood - Harry Potter - R\u00e9plique Manga Cin\u00e9\" \/>\n<meta property=\"og:description\" content=\"D\u00e9couvrez cette superbe Baguette Luna Lovegood dans Harry Potter au meilleur prix. En r\u00e9sine - Noyau en m\u00e9tal - Bo\u00eete Collector - Longueur : 35.5 cm\" \/>\n<meta property=\"og:url\" content=\"https:\/\/repliquemangacine.fr\/es\/varitas-de-personajes-de-harry-potter\/luna-lovegood-varita-con-nucleo-de-metal-de-alta-calidad\/\" \/>\n<meta property=\"og:site_name\" content=\"R\u00e9plique Manga Cin\u00e9\" \/>\n<meta property=\"article:publisher\" content=\"https:\/\/www.facebook.com\/RepliqueMangaCine\" \/>\n<meta property=\"article:modified_time\" content=\"2026-04-18T12:54:06+00:00\" \/>\n<meta property=\"og:image\" content=\"https:\/\/repliquemangacine.fr\/wp-content\/uploads\/2023\/10\/2840-Baguette-de-Luna-lovegood-Noyau-metal-de-Haute-qualite.jpg\" \/>\n\t<meta property=\"og:image:width\" content=\"800\" \/>\n\t<meta property=\"og:image:height\" content=\"800\" \/>\n\t<meta property=\"og:image:type\" content=\"image\/jpeg\" \/>\n<meta name=\"twitter:card\" content=\"summary_large_image\" \/>\n<meta name=\"twitter:label1\" content=\"Tiempo de lectura\" \/>\n\t<meta name=\"twitter:data1\" content=\"2 minutos\" \/>\n<script type=\"application\/ld+json\" class=\"yoast-schema-graph\">{\"@context\":\"https:\\\/\\\/schema.org\",\"@graph\":[{\"@type\":\"WebPage\",\"@id\":\"https:\\\/\\\/repliquemangacine.fr\\\/en\\\/harry-potter-character-wands\\\/luna-lovegood-rod-high-quality-metal-core\\\/\",\"url\":\"https:\\\/\\\/repliquemangacine.fr\\\/en\\\/harry-potter-character-wands\\\/luna-lovegood-rod-high-quality-metal-core\\\/\",\"name\":\"Baguette Luna Lovegood - Harry Potter - R\u00e9plique Manga Cin\u00e9\",\"isPartOf\":{\"@id\":\"https:\\\/\\\/repliquemangacine.fr\\\/#website\"},\"primaryImageOfPage\":{\"@id\":\"https:\\\/\\\/repliquemangacine.fr\\\/en\\\/harry-potter-character-wands\\\/luna-lovegood-rod-high-quality-metal-core\\\/#primaryimage\"},\"image\":{\"@id\":\"https:\\\/\\\/repliquemangacine.fr\\\/en\\\/harry-potter-character-wands\\\/luna-lovegood-rod-high-quality-metal-core\\\/#primaryimage\"},\"thumbnailUrl\":\"https:\\\/\\\/repliquemangacine.fr\\\/wp-content\\\/uploads\\\/2023\\\/10\\\/2840-Baguette-de-Luna-lovegood-Noyau-metal-de-Haute-qualite.jpg\",\"datePublished\":\"2019-04-26T11:57:13+00:00\",\"dateModified\":\"2026-04-18T12:54:06+00:00\",\"description\":\"D\u00e9couvrez cette superbe Baguette Luna Lovegood dans Harry Potter au meilleur prix. En r\u00e9sine - Noyau en m\u00e9tal - Bo\u00eete Collector - Longueur : 35.5 cm\",\"breadcrumb\":{\"@id\":\"https:\\\/\\\/repliquemangacine.fr\\\/en\\\/harry-potter-character-wands\\\/luna-lovegood-rod-high-quality-metal-core\\\/#breadcrumb\"},\"inLanguage\":\"es\",\"potentialAction\":[{\"@type\":\"ReadAction\",\"target\":[\"https:\\\/\\\/repliquemangacine.fr\\\/en\\\/harry-potter-character-wands\\\/luna-lovegood-rod-high-quality-metal-core\\\/\"]}]},{\"@type\":\"ImageObject\",\"inLanguage\":\"es\",\"@id\":\"https:\\\/\\\/repliquemangacine.fr\\\/en\\\/harry-potter-character-wands\\\/luna-lovegood-rod-high-quality-metal-core\\\/#primaryimage\",\"url\":\"https:\\\/\\\/repliquemangacine.fr\\\/wp-content\\\/uploads\\\/2023\\\/10\\\/2840-Baguette-de-Luna-lovegood-Noyau-metal-de-Haute-qualite.jpg\",\"contentUrl\":\"https:\\\/\\\/repliquemangacine.fr\\\/wp-content\\\/uploads\\\/2023\\\/10\\\/2840-Baguette-de-Luna-lovegood-Noyau-metal-de-Haute-qualite.jpg\",\"width\":800,\"height\":800,\"caption\":\"Baguette de Luna lovegood Noyau m\u00e9tal de Haute qualit\u00e9\"},{\"@type\":\"BreadcrumbList\",\"@id\":\"https:\\\/\\\/repliquemangacine.fr\\\/en\\\/harry-potter-character-wands\\\/luna-lovegood-rod-high-quality-metal-core\\\/#breadcrumb\",\"itemListElement\":[{\"@type\":\"ListItem\",\"position\":1,\"name\":\"Accueil\",\"item\":\"https:\\\/\\\/repliquemangacine.fr\\\/\"},{\"@type\":\"ListItem\",\"position\":2,\"name\":\"Produits\",\"item\":\"https:\\\/\\\/repliquemangacine.fr\\\/boutique\\\/\"},{\"@type\":\"ListItem\",\"position\":3,\"name\":\"Baguette Luna\"}]},{\"@type\":\"WebSite\",\"@id\":\"https:\\\/\\\/repliquemangacine.fr\\\/#website\",\"url\":\"https:\\\/\\\/repliquemangacine.fr\\\/\",\"name\":\"R\u00e9plique Manga Cin\u00e9\",\"description\":\"\",\"publisher\":{\"@id\":\"https:\\\/\\\/repliquemangacine.fr\\\/#organization\"},\"potentialAction\":[{\"@type\":\"SearchAction\",\"target\":{\"@type\":\"EntryPoint\",\"urlTemplate\":\"https:\\\/\\\/repliquemangacine.fr\\\/?s={search_term_string}\"},\"query-input\":{\"@type\":\"PropertyValueSpecification\",\"valueRequired\":true,\"valueName\":\"search_term_string\"}}],\"inLanguage\":\"es\"},{\"@type\":\"Organization\",\"@id\":\"https:\\\/\\\/repliquemangacine.fr\\\/#organization\",\"name\":\"R\u00e9plique Manga Cin\u00e9\",\"url\":\"https:\\\/\\\/repliquemangacine.fr\\\/\",\"logo\":{\"@type\":\"ImageObject\",\"inLanguage\":\"es\",\"@id\":\"https:\\\/\\\/repliquemangacine.fr\\\/#\\\/schema\\\/logo\\\/image\\\/\",\"url\":\"https:\\\/\\\/repliquemangacine.fr\\\/wp-content\\\/uploads\\\/2023\\\/10\\\/RMC-500250.png\",\"contentUrl\":\"https:\\\/\\\/repliquemangacine.fr\\\/wp-content\\\/uploads\\\/2023\\\/10\\\/RMC-500250.png\",\"width\":500,\"height\":250,\"caption\":\"R\u00e9plique Manga Cin\u00e9\"},\"image\":{\"@id\":\"https:\\\/\\\/repliquemangacine.fr\\\/#\\\/schema\\\/logo\\\/image\\\/\"},\"sameAs\":[\"https:\\\/\\\/www.facebook.com\\\/RepliqueMangaCine\",\"https:\\\/\\\/www.instagram.com\\\/repliquemangacine.fr\\\/\"]}]}<\/script>\n<!-- \/ Yoast SEO plugin. -->","yoast_head_json":{"title":"Varita Luna Lovegood - Harry Potter - R\u00e9plique Manga Cin\u00e9","description":"Descubre esta magn\u00edfica Varita de Luna Lovegood de Harry Potter al mejor precio. Resina - N\u00facleo de metal - Caja de colecci\u00f3n - Longitud : 35,5 cm","robots":{"index":"index","follow":"follow","max-snippet":"max-snippet:-1","max-image-preview":"max-image-preview:large","max-video-preview":"max-video-preview:-1"},"canonical":"https:\/\/repliquemangacine.fr\/es\/varitas-de-personajes-de-harry-potter\/luna-lovegood-varita-con-nucleo-de-metal-de-alta-calidad\/","og_locale":"es_ES","og_type":"article","og_title":"Baguette Luna Lovegood - Harry Potter - R\u00e9plique Manga Cin\u00e9","og_description":"D\u00e9couvrez cette superbe Baguette Luna Lovegood dans Harry Potter au meilleur prix. En r\u00e9sine - Noyau en m\u00e9tal - Bo\u00eete Collector - Longueur : 35.5 cm","og_url":"https:\/\/repliquemangacine.fr\/es\/varitas-de-personajes-de-harry-potter\/luna-lovegood-varita-con-nucleo-de-metal-de-alta-calidad\/","og_site_name":"R\u00e9plique Manga Cin\u00e9","article_publisher":"https:\/\/www.facebook.com\/RepliqueMangaCine","article_modified_time":"2026-04-18T12:54:06+00:00","og_image":[{"width":800,"height":800,"url":"https:\/\/repliquemangacine.fr\/wp-content\/uploads\/2023\/10\/2840-Baguette-de-Luna-lovegood-Noyau-metal-de-Haute-qualite.jpg","type":"image\/jpeg"}],"twitter_card":"summary_large_image","twitter_misc":{"Tiempo de lectura":"2 minutos"},"schema":{"@context":"https:\/\/schema.org","@graph":[{"@type":"WebPage","@id":"https:\/\/repliquemangacine.fr\/en\/harry-potter-character-wands\/luna-lovegood-rod-high-quality-metal-core\/","url":"https:\/\/repliquemangacine.fr\/en\/harry-potter-character-wands\/luna-lovegood-rod-high-quality-metal-core\/","name":"Varita Luna Lovegood - Harry Potter - R\u00e9plique Manga Cin\u00e9","isPartOf":{"@id":"https:\/\/repliquemangacine.fr\/#website"},"primaryImageOfPage":{"@id":"https:\/\/repliquemangacine.fr\/en\/harry-potter-character-wands\/luna-lovegood-rod-high-quality-metal-core\/#primaryimage"},"image":{"@id":"https:\/\/repliquemangacine.fr\/en\/harry-potter-character-wands\/luna-lovegood-rod-high-quality-metal-core\/#primaryimage"},"thumbnailUrl":"https:\/\/repliquemangacine.fr\/wp-content\/uploads\/2023\/10\/2840-Baguette-de-Luna-lovegood-Noyau-metal-de-Haute-qualite.jpg","datePublished":"2019-04-26T11:57:13+00:00","dateModified":"2026-04-18T12:54:06+00:00","description":"Descubre esta magn\u00edfica Varita de Luna Lovegood de Harry Potter al mejor precio. Resina - N\u00facleo de metal - Caja de colecci\u00f3n - Longitud : 35,5 cm","breadcrumb":{"@id":"https:\/\/repliquemangacine.fr\/en\/harry-potter-character-wands\/luna-lovegood-rod-high-quality-metal-core\/#breadcrumb"},"inLanguage":"es","potentialAction":[{"@type":"ReadAction","target":["https:\/\/repliquemangacine.fr\/en\/harry-potter-character-wands\/luna-lovegood-rod-high-quality-metal-core\/"]}]},{"@type":"ImageObject","inLanguage":"es","@id":"https:\/\/repliquemangacine.fr\/en\/harry-potter-character-wands\/luna-lovegood-rod-high-quality-metal-core\/#primaryimage","url":"https:\/\/repliquemangacine.fr\/wp-content\/uploads\/2023\/10\/2840-Baguette-de-Luna-lovegood-Noyau-metal-de-Haute-qualite.jpg","contentUrl":"https:\/\/repliquemangacine.fr\/wp-content\/uploads\/2023\/10\/2840-Baguette-de-Luna-lovegood-Noyau-metal-de-Haute-qualite.jpg","width":800,"height":800,"caption":"Baguette de Luna lovegood Noyau m\u00e9tal de Haute qualit\u00e9"},{"@type":"BreadcrumbList","@id":"https:\/\/repliquemangacine.fr\/en\/harry-potter-character-wands\/luna-lovegood-rod-high-quality-metal-core\/#breadcrumb","itemListElement":[{"@type":"ListItem","position":1,"name":"Accueil","item":"https:\/\/repliquemangacine.fr\/"},{"@type":"ListItem","position":2,"name":"Produits","item":"https:\/\/repliquemangacine.fr\/boutique\/"},{"@type":"ListItem","position":3,"name":"Baguette Luna"}]},{"@type":"WebSite","@id":"https:\/\/repliquemangacine.fr\/#website","url":"https:\/\/repliquemangacine.fr\/","name":"R\u00e9plique Manga Cin\u00e9","description":"","publisher":{"@id":"https:\/\/repliquemangacine.fr\/#organization"},"potentialAction":[{"@type":"SearchAction","target":{"@type":"EntryPoint","urlTemplate":"https:\/\/repliquemangacine.fr\/?s={search_term_string}"},"query-input":{"@type":"PropertyValueSpecification","valueRequired":true,"valueName":"search_term_string"}}],"inLanguage":"es"},{"@type":"Organization","@id":"https:\/\/repliquemangacine.fr\/#organization","name":"R\u00e9plique Manga Cin\u00e9","url":"https:\/\/repliquemangacine.fr\/","logo":{"@type":"ImageObject","inLanguage":"es","@id":"https:\/\/repliquemangacine.fr\/#\/schema\/logo\/image\/","url":"https:\/\/repliquemangacine.fr\/wp-content\/uploads\/2023\/10\/RMC-500250.png","contentUrl":"https:\/\/repliquemangacine.fr\/wp-content\/uploads\/2023\/10\/RMC-500250.png","width":500,"height":250,"caption":"R\u00e9plique Manga Cin\u00e9"},"image":{"@id":"https:\/\/repliquemangacine.fr\/#\/schema\/logo\/image\/"},"sameAs":["https:\/\/www.facebook.com\/RepliqueMangaCine","https:\/\/www.instagram.com\/repliquemangacine.fr\/"]}]}},"_links":{"self":[{"href":"https:\/\/repliquemangacine.fr\/es\/wp-json\/wp\/v2\/product\/28126","targetHints":{"allow":["GET"]}}],"collection":[{"href":"https:\/\/repliquemangacine.fr\/es\/wp-json\/wp\/v2\/product"}],"about":[{"href":"https:\/\/repliquemangacine.fr\/es\/wp-json\/wp\/v2\/types\/product"}],"wp:featuredmedia":[{"embeddable":true,"href":"https:\/\/repliquemangacine.fr\/es\/wp-json\/wp\/v2\/media\/28127"}],"wp:attachment":[{"href":"https:\/\/repliquemangacine.fr\/es\/wp-json\/wp\/v2\/media?parent=28126"}],"wp:term":[{"taxonomy":"product_brand","embeddable":true,"href":"https:\/\/repliquemangacine.fr\/es\/wp-json\/wp\/v2\/product_brand?post=28126"},{"taxonomy":"product_cat","embeddable":true,"href":"https:\/\/repliquemangacine.fr\/es\/wp-json\/wp\/v2\/product_cat?post=28126"},{"taxonomy":"product_tag","embeddable":true,"href":"https:\/\/repliquemangacine.fr\/es\/wp-json\/wp\/v2\/product_tag?post=28126"}],"curies":[{"name":"wp","href":"https:\/\/api.w.org\/{rel}","templated":true}]}}