





{"id":28096,"date":"2019-04-25T19:38:54","date_gmt":"2019-04-25T17:38:54","guid":{"rendered":"https:\/\/repliquemangacine.fr\/?post_type=product&#038;p=28096"},"modified":"2026-04-07T08:19:27","modified_gmt":"2026-04-07T06:19:27","slug":"varilla-de-nucleo-metalico-negro-sirius-de-alta-calidad","status":"publish","type":"product","link":"https:\/\/repliquemangacine.fr\/es\/baguettes-personnages-harry-potter\/sirius-black-baguette-haute-qualite-noyau-metal\/","title":{"rendered":"Varita de Sirius Black"},"content":{"rendered":"<h2>Varita de Sirius Black - Harry Potter<\/h2>\n<p>Para empezar, el <strong>Varita de Sirius Black<\/strong> est\u00e1 fabricado \u00edntegramente en resina, con una varilla met\u00e1lica en el centro que le confiere una gran calidad.<\/p>\n<p>Sirius Black, apodado Patmol, es un mago de sangre pura, hijo de Orion y Walburga. Se hizo amigo de James Potter, Remus Lupin y Peter Pettigrow. Los cuatro formaron el grupo de los <a href=\"https:\/\/harrypotter.fandom.com\/fr\/wiki\/Maraudeurs\" target=\"_blank\" rel=\"noopener noreferrer\">Marauders<\/a>. En 1980, nace el peque\u00f1o Harry y sus padres eligen a Sirius como padrino.<\/p>\n<p>Acusado injustamente de asesinato, pasa doce a\u00f1os en la prisi\u00f3n de Azkaban y es el primer mago conocido en escapar de ella. Adem\u00e1s, es buscado activamente por el Ministerio de Magia. Cabe destacar que Sirius se esconde en la casa que ha heredado y que detesta. Adem\u00e1s, mantiene el contacto con Harry.<\/p>\n<h2>Tu Varita de Sirius Black barata.<\/h2>\n<p>Le ofrecemos una amplia selecci\u00f3n de varitas m\u00e1gicas de Ollivander.<\/p>\n<p>Lo primero y m\u00e1s importante,<\/p>\n<ul>\n<li>La varita m\u00e1gica de su amigo <a href=\"https:\/\/repliquemangacine.fr\/es\/palillos-de-caracteres\/varita-remus-lupin-metal-core\/\">Remus Lupin<\/a>.<\/li>\n<li>As\u00ed como el <a href=\"https:\/\/repliquemangacine.fr\/es\/palillos-de-caracteres\/varita-de-bellatrix-lestrange-nucleo-metalico\/\">Bellatrix Lestrange<\/a> que le lanza un hechizo y lo mata.<\/li>\n<li>Y muchos m\u00e1s por descubrir en nuestra tienda en l\u00ednea.<\/li>\n<\/ul>\n<p>Por eso, aqu\u00ed tienes una idea estupenda para regalar a todos los fans de Harry Potter.<\/p>\n<p>En conclusi\u00f3n, tambi\u00e9n puede utilizar este <strong>La varita de Sirius Black<\/strong> para tus cosplays o fiestas tem\u00e1ticas. Pero, ante todo, es una pieza de colecci\u00f3n y decoraci\u00f3n.<\/p>\n<p>R\u00e9plique Manga Cin\u00e9 es una empresa familiar francesa.<\/p>\n<h2>\u00bfC\u00f3mo se fabrican las varitas de los brujos?<\/h2>\n<p>Una varita m\u00e1gica es un objeto compuesto por dos elementos variables: una madera, que suele proceder de un \u00e1rbol, y lo que se conoce como el n\u00facleo de la varita, que puede provenir de diversas criaturas o plantas m\u00e1gicas. Es una herramienta utilizada por brujos y brujas para afinar sus hechizos y obtener mejores resultados cuando emplean la magia.<\/p>\n<p>Nuestros baguettes est\u00e1n fabricados en resina moldeada, con un n\u00facleo de metal en el centro que aporta a su <strong>Varita de Sirius Black<\/strong> una resistencia extraordinaria.<\/p>\n<p>Cabe destacar que la mayor\u00eda de los magos compran su varita a los once a\u00f1os, antes de comenzar su educaci\u00f3n m\u00e1gica. Los j\u00f3venes magos pueden ir a comprar su varita ellos mismos a una tienda especializada; los estudiantes brit\u00e1nicos suelen acudir a Ollivander.<\/p>\n<p>&nbsp;<\/p>","protected":false},"excerpt":{"rendered":"<p>Varita de Sirius Black inspirada en la saga Harry Potter.<\/p>\n<ul>\n<li>La varita est\u00e1 decorada con runas grabadas en la resina.<\/li>\n<li>N\u00facleo met\u00e1lico.<\/li>\n<li>Caja de coleccionista con interior de terciopelo.<\/li>\n<li>Tarjeta de Harry Potter.<\/li>\n<li>Longitud total: 40 cm - Peso: 67 grs<\/li>\n<\/ul>","protected":false},"featured_media":28097,"template":"","meta":[],"product_brand":[896],"product_cat":[80,24,41],"product_tag":[],"class_list":{"0":"post-28096","1":"product","2":"type-product","3":"status-publish","4":"has-post-thumbnail","6":"product_brand-replique-manga-cine","7":"product_cat-baguettes-personnages-harry-potter","8":"product_cat-films-series-tv-vente-de-katana-epee-et-produits-derives","9":"product_cat-baguettes-et-goodies-harry-potter","11":"first","12":"instock","13":"taxable","14":"shipping-taxable","15":"purchasable","16":"product-type-simple"},"yoast_head":"<!-- This site is optimized with the Yoast SEO plugin v27.4 - https:\/\/yoast.com\/product\/yoast-seo-wordpress\/ -->\n<title>Baguette Sirius Black - Harry Potter | R\u00e9plique Manga Cin\u00e9<\/title>\n<meta name=\"description\" content=\"Offrez-vous cette Baguette Sirius Black dans Harry Potter au meilleur prix. En r\u00e9sine - Noyau m\u00e9tal - Bo\u00eete collector - Longueur totale : 40 cm\" \/>\n<meta name=\"robots\" content=\"index, follow, max-snippet:-1, max-image-preview:large, max-video-preview:-1\" \/>\n<link rel=\"canonical\" href=\"https:\/\/repliquemangacine.fr\/es\/varitas-de-personajes-de-harry-potter\/varilla-de-nucleo-metalico-negro-sirius-de-alta-calidad\/\" \/>\n<meta property=\"og:locale\" content=\"es_ES\" \/>\n<meta property=\"og:type\" content=\"article\" \/>\n<meta property=\"og:title\" content=\"Baguette Sirius Black - Harry Potter | R\u00e9plique Manga Cin\u00e9\" \/>\n<meta property=\"og:description\" content=\"Offrez-vous cette Baguette Sirius Black dans Harry Potter au meilleur prix. En r\u00e9sine - Noyau m\u00e9tal - Bo\u00eete collector - Longueur totale : 40 cm\" \/>\n<meta property=\"og:url\" content=\"https:\/\/repliquemangacine.fr\/es\/varitas-de-personajes-de-harry-potter\/varilla-de-nucleo-metalico-negro-sirius-de-alta-calidad\/\" \/>\n<meta property=\"og:site_name\" content=\"R\u00e9plique Manga Cin\u00e9\" \/>\n<meta property=\"article:publisher\" content=\"https:\/\/www.facebook.com\/RepliqueMangaCine\" \/>\n<meta property=\"article:modified_time\" content=\"2026-04-07T06:19:27+00:00\" \/>\n<meta property=\"og:image\" content=\"https:\/\/repliquemangacine.fr\/wp-content\/uploads\/2023\/10\/2814-Sirius-Black-Baguette-Haute-qualite-Noyau-metal.jpg\" \/>\n\t<meta property=\"og:image:width\" content=\"800\" \/>\n\t<meta property=\"og:image:height\" content=\"800\" \/>\n\t<meta property=\"og:image:type\" content=\"image\/jpeg\" \/>\n<meta name=\"twitter:card\" content=\"summary_large_image\" \/>\n<meta name=\"twitter:label1\" content=\"Tiempo de lectura\" \/>\n\t<meta name=\"twitter:data1\" content=\"3 minutos\" \/>\n<script type=\"application\/ld+json\" class=\"yoast-schema-graph\">{\"@context\":\"https:\\\/\\\/schema.org\",\"@graph\":[{\"@type\":\"WebPage\",\"@id\":\"https:\\\/\\\/repliquemangacine.fr\\\/baguettes-personnages-harry-potter\\\/sirius-black-baguette-haute-qualite-noyau-metal\\\/\",\"url\":\"https:\\\/\\\/repliquemangacine.fr\\\/baguettes-personnages-harry-potter\\\/sirius-black-baguette-haute-qualite-noyau-metal\\\/\",\"name\":\"Baguette Sirius Black - Harry Potter | R\u00e9plique Manga Cin\u00e9\",\"isPartOf\":{\"@id\":\"https:\\\/\\\/repliquemangacine.fr\\\/#website\"},\"primaryImageOfPage\":{\"@id\":\"https:\\\/\\\/repliquemangacine.fr\\\/baguettes-personnages-harry-potter\\\/sirius-black-baguette-haute-qualite-noyau-metal\\\/#primaryimage\"},\"image\":{\"@id\":\"https:\\\/\\\/repliquemangacine.fr\\\/baguettes-personnages-harry-potter\\\/sirius-black-baguette-haute-qualite-noyau-metal\\\/#primaryimage\"},\"thumbnailUrl\":\"https:\\\/\\\/repliquemangacine.fr\\\/wp-content\\\/uploads\\\/2023\\\/10\\\/2814-Sirius-Black-Baguette-Haute-qualite-Noyau-metal.jpg\",\"datePublished\":\"2019-04-25T17:38:54+00:00\",\"dateModified\":\"2026-04-07T06:19:27+00:00\",\"description\":\"Offrez-vous cette Baguette Sirius Black dans Harry Potter au meilleur prix. En r\u00e9sine - Noyau m\u00e9tal - Bo\u00eete collector - Longueur totale : 40 cm\",\"breadcrumb\":{\"@id\":\"https:\\\/\\\/repliquemangacine.fr\\\/baguettes-personnages-harry-potter\\\/sirius-black-baguette-haute-qualite-noyau-metal\\\/#breadcrumb\"},\"inLanguage\":\"es\",\"potentialAction\":[{\"@type\":\"ReadAction\",\"target\":[\"https:\\\/\\\/repliquemangacine.fr\\\/baguettes-personnages-harry-potter\\\/sirius-black-baguette-haute-qualite-noyau-metal\\\/\"]}]},{\"@type\":\"ImageObject\",\"inLanguage\":\"es\",\"@id\":\"https:\\\/\\\/repliquemangacine.fr\\\/baguettes-personnages-harry-potter\\\/sirius-black-baguette-haute-qualite-noyau-metal\\\/#primaryimage\",\"url\":\"https:\\\/\\\/repliquemangacine.fr\\\/wp-content\\\/uploads\\\/2023\\\/10\\\/2814-Sirius-Black-Baguette-Haute-qualite-Noyau-metal.jpg\",\"contentUrl\":\"https:\\\/\\\/repliquemangacine.fr\\\/wp-content\\\/uploads\\\/2023\\\/10\\\/2814-Sirius-Black-Baguette-Haute-qualite-Noyau-metal.jpg\",\"width\":800,\"height\":800,\"caption\":\"Sirius Black Baguette Haute qualit\u00e9 Noyau m\u00e9tal\"},{\"@type\":\"BreadcrumbList\",\"@id\":\"https:\\\/\\\/repliquemangacine.fr\\\/baguettes-personnages-harry-potter\\\/sirius-black-baguette-haute-qualite-noyau-metal\\\/#breadcrumb\",\"itemListElement\":[{\"@type\":\"ListItem\",\"position\":1,\"name\":\"Accueil\",\"item\":\"https:\\\/\\\/repliquemangacine.fr\\\/\"},{\"@type\":\"ListItem\",\"position\":2,\"name\":\"Produits\",\"item\":\"https:\\\/\\\/repliquemangacine.fr\\\/boutique\\\/\"},{\"@type\":\"ListItem\",\"position\":3,\"name\":\"Baguette Sirius Black\"}]},{\"@type\":\"WebSite\",\"@id\":\"https:\\\/\\\/repliquemangacine.fr\\\/#website\",\"url\":\"https:\\\/\\\/repliquemangacine.fr\\\/\",\"name\":\"R\u00e9plique Manga Cin\u00e9\",\"description\":\"\",\"publisher\":{\"@id\":\"https:\\\/\\\/repliquemangacine.fr\\\/#organization\"},\"potentialAction\":[{\"@type\":\"SearchAction\",\"target\":{\"@type\":\"EntryPoint\",\"urlTemplate\":\"https:\\\/\\\/repliquemangacine.fr\\\/?s={search_term_string}\"},\"query-input\":{\"@type\":\"PropertyValueSpecification\",\"valueRequired\":true,\"valueName\":\"search_term_string\"}}],\"inLanguage\":\"es\"},{\"@type\":\"Organization\",\"@id\":\"https:\\\/\\\/repliquemangacine.fr\\\/#organization\",\"name\":\"R\u00e9plique Manga Cin\u00e9\",\"url\":\"https:\\\/\\\/repliquemangacine.fr\\\/\",\"logo\":{\"@type\":\"ImageObject\",\"inLanguage\":\"es\",\"@id\":\"https:\\\/\\\/repliquemangacine.fr\\\/#\\\/schema\\\/logo\\\/image\\\/\",\"url\":\"https:\\\/\\\/repliquemangacine.fr\\\/wp-content\\\/uploads\\\/2023\\\/10\\\/RMC-500250.png\",\"contentUrl\":\"https:\\\/\\\/repliquemangacine.fr\\\/wp-content\\\/uploads\\\/2023\\\/10\\\/RMC-500250.png\",\"width\":500,\"height\":250,\"caption\":\"R\u00e9plique Manga Cin\u00e9\"},\"image\":{\"@id\":\"https:\\\/\\\/repliquemangacine.fr\\\/#\\\/schema\\\/logo\\\/image\\\/\"},\"sameAs\":[\"https:\\\/\\\/www.facebook.com\\\/RepliqueMangaCine\",\"https:\\\/\\\/www.instagram.com\\\/repliquemangacine.fr\\\/\"]}]}<\/script>\n<!-- \/ Yoast SEO plugin. -->","yoast_head_json":{"title":"Varita de Sirius Black - Harry Potter | R\u00e9plique Manga Cin\u00e9","description":"Reg\u00e1late esta Varita de Sirius Black de Harry Potter al mejor precio. Resina - N\u00facleo de metal - Caja de coleccionista - Longitud total : 40 cm","robots":{"index":"index","follow":"follow","max-snippet":"max-snippet:-1","max-image-preview":"max-image-preview:large","max-video-preview":"max-video-preview:-1"},"canonical":"https:\/\/repliquemangacine.fr\/es\/varitas-de-personajes-de-harry-potter\/varilla-de-nucleo-metalico-negro-sirius-de-alta-calidad\/","og_locale":"es_ES","og_type":"article","og_title":"Baguette Sirius Black - Harry Potter | R\u00e9plique Manga Cin\u00e9","og_description":"Offrez-vous cette Baguette Sirius Black dans Harry Potter au meilleur prix. En r\u00e9sine - Noyau m\u00e9tal - Bo\u00eete collector - Longueur totale : 40 cm","og_url":"https:\/\/repliquemangacine.fr\/es\/varitas-de-personajes-de-harry-potter\/varilla-de-nucleo-metalico-negro-sirius-de-alta-calidad\/","og_site_name":"R\u00e9plique Manga Cin\u00e9","article_publisher":"https:\/\/www.facebook.com\/RepliqueMangaCine","article_modified_time":"2026-04-07T06:19:27+00:00","og_image":[{"width":800,"height":800,"url":"https:\/\/repliquemangacine.fr\/wp-content\/uploads\/2023\/10\/2814-Sirius-Black-Baguette-Haute-qualite-Noyau-metal.jpg","type":"image\/jpeg"}],"twitter_card":"summary_large_image","twitter_misc":{"Tiempo de lectura":"3 minutos"},"schema":{"@context":"https:\/\/schema.org","@graph":[{"@type":"WebPage","@id":"https:\/\/repliquemangacine.fr\/baguettes-personnages-harry-potter\/sirius-black-baguette-haute-qualite-noyau-metal\/","url":"https:\/\/repliquemangacine.fr\/baguettes-personnages-harry-potter\/sirius-black-baguette-haute-qualite-noyau-metal\/","name":"Varita de Sirius Black - Harry Potter | R\u00e9plique Manga Cin\u00e9","isPartOf":{"@id":"https:\/\/repliquemangacine.fr\/#website"},"primaryImageOfPage":{"@id":"https:\/\/repliquemangacine.fr\/baguettes-personnages-harry-potter\/sirius-black-baguette-haute-qualite-noyau-metal\/#primaryimage"},"image":{"@id":"https:\/\/repliquemangacine.fr\/baguettes-personnages-harry-potter\/sirius-black-baguette-haute-qualite-noyau-metal\/#primaryimage"},"thumbnailUrl":"https:\/\/repliquemangacine.fr\/wp-content\/uploads\/2023\/10\/2814-Sirius-Black-Baguette-Haute-qualite-Noyau-metal.jpg","datePublished":"2019-04-25T17:38:54+00:00","dateModified":"2026-04-07T06:19:27+00:00","description":"Reg\u00e1late esta Varita de Sirius Black de Harry Potter al mejor precio. Resina - N\u00facleo de metal - Caja de coleccionista - Longitud total : 40 cm","breadcrumb":{"@id":"https:\/\/repliquemangacine.fr\/baguettes-personnages-harry-potter\/sirius-black-baguette-haute-qualite-noyau-metal\/#breadcrumb"},"inLanguage":"es","potentialAction":[{"@type":"ReadAction","target":["https:\/\/repliquemangacine.fr\/baguettes-personnages-harry-potter\/sirius-black-baguette-haute-qualite-noyau-metal\/"]}]},{"@type":"ImageObject","inLanguage":"es","@id":"https:\/\/repliquemangacine.fr\/baguettes-personnages-harry-potter\/sirius-black-baguette-haute-qualite-noyau-metal\/#primaryimage","url":"https:\/\/repliquemangacine.fr\/wp-content\/uploads\/2023\/10\/2814-Sirius-Black-Baguette-Haute-qualite-Noyau-metal.jpg","contentUrl":"https:\/\/repliquemangacine.fr\/wp-content\/uploads\/2023\/10\/2814-Sirius-Black-Baguette-Haute-qualite-Noyau-metal.jpg","width":800,"height":800,"caption":"Sirius Black Baguette Haute qualit\u00e9 Noyau m\u00e9tal"},{"@type":"BreadcrumbList","@id":"https:\/\/repliquemangacine.fr\/baguettes-personnages-harry-potter\/sirius-black-baguette-haute-qualite-noyau-metal\/#breadcrumb","itemListElement":[{"@type":"ListItem","position":1,"name":"Accueil","item":"https:\/\/repliquemangacine.fr\/"},{"@type":"ListItem","position":2,"name":"Produits","item":"https:\/\/repliquemangacine.fr\/boutique\/"},{"@type":"ListItem","position":3,"name":"Baguette Sirius Black"}]},{"@type":"WebSite","@id":"https:\/\/repliquemangacine.fr\/#website","url":"https:\/\/repliquemangacine.fr\/","name":"R\u00e9plique Manga Cin\u00e9","description":"","publisher":{"@id":"https:\/\/repliquemangacine.fr\/#organization"},"potentialAction":[{"@type":"SearchAction","target":{"@type":"EntryPoint","urlTemplate":"https:\/\/repliquemangacine.fr\/?s={search_term_string}"},"query-input":{"@type":"PropertyValueSpecification","valueRequired":true,"valueName":"search_term_string"}}],"inLanguage":"es"},{"@type":"Organization","@id":"https:\/\/repliquemangacine.fr\/#organization","name":"R\u00e9plique Manga Cin\u00e9","url":"https:\/\/repliquemangacine.fr\/","logo":{"@type":"ImageObject","inLanguage":"es","@id":"https:\/\/repliquemangacine.fr\/#\/schema\/logo\/image\/","url":"https:\/\/repliquemangacine.fr\/wp-content\/uploads\/2023\/10\/RMC-500250.png","contentUrl":"https:\/\/repliquemangacine.fr\/wp-content\/uploads\/2023\/10\/RMC-500250.png","width":500,"height":250,"caption":"R\u00e9plique Manga Cin\u00e9"},"image":{"@id":"https:\/\/repliquemangacine.fr\/#\/schema\/logo\/image\/"},"sameAs":["https:\/\/www.facebook.com\/RepliqueMangaCine","https:\/\/www.instagram.com\/repliquemangacine.fr\/"]}]}},"_links":{"self":[{"href":"https:\/\/repliquemangacine.fr\/es\/wp-json\/wp\/v2\/product\/28096","targetHints":{"allow":["GET"]}}],"collection":[{"href":"https:\/\/repliquemangacine.fr\/es\/wp-json\/wp\/v2\/product"}],"about":[{"href":"https:\/\/repliquemangacine.fr\/es\/wp-json\/wp\/v2\/types\/product"}],"wp:featuredmedia":[{"embeddable":true,"href":"https:\/\/repliquemangacine.fr\/es\/wp-json\/wp\/v2\/media\/28097"}],"wp:attachment":[{"href":"https:\/\/repliquemangacine.fr\/es\/wp-json\/wp\/v2\/media?parent=28096"}],"wp:term":[{"taxonomy":"product_brand","embeddable":true,"href":"https:\/\/repliquemangacine.fr\/es\/wp-json\/wp\/v2\/product_brand?post=28096"},{"taxonomy":"product_cat","embeddable":true,"href":"https:\/\/repliquemangacine.fr\/es\/wp-json\/wp\/v2\/product_cat?post=28096"},{"taxonomy":"product_tag","embeddable":true,"href":"https:\/\/repliquemangacine.fr\/es\/wp-json\/wp\/v2\/product_tag?post=28096"}],"curies":[{"name":"wp","href":"https:\/\/api.w.org\/{rel}","templated":true}]}}