





{"id":28068,"date":"2019-04-04T17:23:08","date_gmt":"2019-04-04T15:23:08","guid":{"rendered":"https:\/\/repliquemangacine.fr\/?post_type=product&#038;p=28068"},"modified":"2025-12-10T12:44:04","modified_gmt":"2025-12-10T11:44:04","slug":"epee-twin-wolf-geralt-de-riv-the-witcher-3-lame-gravee","status":"publish","type":"product","link":"https:\/\/repliquemangacine.fr\/es\/epee-the-witcher\/epee-twin-wolf-geralt-de-riv-the-witcher-3-lame-gravee\/","title":{"rendered":"Lobo gemelo grabado -The Witcher 3"},"content":{"rendered":"<h2>Espada Twin-Wolf de The Witcher3 con hoja grabada.<\/h2>\n<p>Para empezar, el<strong>Espada Twin-Wolf de The Witcher3<\/strong> se utiliza para matar monstruos, y es una de las dos espadas que lleva a la espalda.<\/p>\n<p><a href=\"https:\/\/witcher.fandom.com\/wiki\/The_Witcher_3:_Wild_Hunt\" target=\"_blank\" rel=\"noopener noreferrer\">The Witcher 3<\/a>: Wild Hunt es el \u00faltimo juego de la serie desarrollada por CD Projekt RED protagonizada por el brujo Geralt de Riv.<\/p>\n<p>Reconocido por los profesionales del sector como un juego excepcional. Todos coinciden en la calidad narrativa y la inmersi\u00f3n que ofrece el t\u00edtulo, y consideran The Witcher 3 una obra maestra.<\/p>\n<p>Geralt de Riv es un brujo dotado de facultades extraordinarias. Adem\u00e1s, ofrece sus servicios como cazador de monstruos. Lleva a la espalda dos espadas que forman parte del equipamiento de la escuela del lobo del Maestro. Una de ellas sirve para matar monstruos y la otra para matar humanos.<\/p>\n<h2>Tu The Witcher3 Espada Lobo Gemela al mejor precio.<\/h2>\n<p>Te ofrecemos todas las r\u00e9plicas de Geralt de Riv en el juego The Witcher 3, pero tambi\u00e9n en la serie The Witcher de Netflix.<\/p>\n<p>Lo primero y m\u00e1s importante,<\/p>\n<ul>\n<li>L'<a href=\"https:\/\/repliquemangacine.fr\/es\/el-brujo\/epee-gerald-de-riv-the-witcher-saison-2\/\">espada de brujo<\/a> que utiliza en la serie de Netflix.<\/li>\n<li>Adem\u00e1s de su <a href=\"https:\/\/repliquemangacine.fr\/es\/el-brujo\/medaillon-the-witcher\/\">medall\u00f3n<\/a> que lleva consigo en todo momento en The Witcher 3.<\/li>\n<li>Y muchos m\u00e1s por descubrir en nuestra tienda en l\u00ednea.<\/li>\n<\/ul>\n<p>Por eso, aqu\u00ed tienes unas ideas geniales para regalar a los fans de The Witcher.<\/p>\n<p>En conclusi\u00f3n, tambi\u00e9n puede utilizar este <strong>Espada el Brujo3 Twin-Wolf<\/strong> para tus desfiles de cosplay o tus fiestas tem\u00e1ticas. Pero, ante todo, la espada Twin-Wolf grabada  Witcher3 es tambi\u00e9n una pieza de colecci\u00f3n y decoraci\u00f3n.<\/p>\n<p>R\u00e9plique Manga Cin\u00e9 es una empresa francesa<\/p>\n<h2>\u00bfC\u00f3mo mantengo la hoja de mi espada Geralt of Riv?<\/h2>\n<p>Las espadas de colecci\u00f3n y decorativas se fabrican y ensamblan de forma simplificada. Como su uso es decorativo, no cuentan con los elementos de seguridad necesarios para una espada japonesa destinada al entrenamiento.<\/p>\n<p>Sin embargo, su <strong>Espada Twin-Wolf de The Witcher3<\/strong> a una hoja de acero que hay que cuidar para evitar que se estropee con el tiempo. Cuando exponga su katana, sus amigos sentir\u00e1n curiosidad por ver la hoja y tocarla. Aqu\u00ed es donde hay que tener cuidado, ya que la acidez de los dedos es muy perjudicial para el acero, sea cual sea su calidad.<\/p>\n<p>Sin embargo, si esto ocurre, no te asustes, todo lo que necesitas es un pa\u00f1o humedecido con un poco de aceite y limpiar las huellas dactilares. Si haces esto, tu espada durar\u00e1 mucho tiempo.<\/p>\n<p><strong>\u00a0<\/strong><\/p>","protected":false},"excerpt":{"rendered":"<p>La espada de Geralt of Riv en The Witcher 3 Wild Hunt.<\/p>\n<ul>\n<li>Hoja de acero inoxidable con estr\u00edas y grabados.<\/li>\n<li>Guarda de acero macizo con grabado.<\/li>\n<li>Mango met\u00e1lico recubierto de hilo de algod\u00f3n negro.<\/li>\n<li>Pomo de acero macizo con dos cabezas de lobo.<\/li>\n<li>Funda de polipiel.<\/li>\n<li>Longitud total: 123 cm<\/li>\n<\/ul>\n<p><strong><span style=\"color: #d0121a;\">El colgante con los ojos rojos viene con esta espada.<\/span><span style=\"text-decoration: underline;\"><br \/>\n<\/span><\/strong><\/p>","protected":false},"featured_media":28069,"template":"","meta":[],"product_brand":[896],"product_cat":[23,58],"product_tag":[],"class_list":{"0":"post-28068","1":"product","2":"type-product","3":"status-publish","4":"has-post-thumbnail","6":"product_brand-replique-manga-cine","7":"product_cat-repliques-manga-jeux-video","8":"product_cat-epee-the-witcher","10":"first","11":"instock","12":"sale","13":"taxable","14":"shipping-taxable","15":"purchasable","16":"product-type-simple"},"yoast_head":"<!-- This site is optimized with the Yoast SEO plugin v27.4 - https:\/\/yoast.com\/product\/yoast-seo-wordpress\/ -->\n<title>Ep\u00e9e The Witcher3 Twin-Wolf - Boutique en ligne | RMC<\/title>\n<meta name=\"description\" content=\"Offrez-vous l&#039;Ep\u00e9e The Witcher3 Twin-Wolf\u00a0au meilleur Prix. Lame acier grav\u00e9e - Fourreau - M\u00e9daillon offert - Longueur : 123cm - Envoi 24\/48h\" \/>\n<meta name=\"robots\" content=\"index, follow, max-snippet:-1, max-image-preview:large, max-video-preview:-1\" \/>\n<link rel=\"canonical\" href=\"https:\/\/repliquemangacine.fr\/es\/epee-the-witcher\/epee-twin-wolf-geralt-de-riv-the-witcher-3-lame-gravee\/\" \/>\n<meta property=\"og:locale\" content=\"es_ES\" \/>\n<meta property=\"og:type\" content=\"article\" \/>\n<meta property=\"og:title\" content=\"Ep\u00e9e The Witcher3 Twin-Wolf - Boutique en ligne | RMC\" \/>\n<meta property=\"og:description\" content=\"Offrez-vous l&#039;Ep\u00e9e The Witcher3 Twin-Wolf\u00a0au meilleur Prix. Lame acier grav\u00e9e - Fourreau - M\u00e9daillon offert - Longueur : 123cm - Envoi 24\/48h\" \/>\n<meta property=\"og:url\" content=\"https:\/\/repliquemangacine.fr\/es\/epee-the-witcher\/epee-twin-wolf-geralt-de-riv-the-witcher-3-lame-gravee\/\" \/>\n<meta property=\"og:site_name\" content=\"R\u00e9plique Manga Cin\u00e9\" \/>\n<meta property=\"article:publisher\" content=\"https:\/\/www.facebook.com\/RepliqueMangaCine\" \/>\n<meta property=\"article:modified_time\" content=\"2025-12-10T11:44:04+00:00\" \/>\n<meta property=\"og:image\" content=\"https:\/\/repliquemangacine.fr\/wp-content\/uploads\/2023\/10\/2790-Epee-Twin-Wolf-Geralt-de-Riv-The-Witcher-3-Lame-Gravee.png\" \/>\n\t<meta property=\"og:image:width\" content=\"500\" \/>\n\t<meta property=\"og:image:height\" content=\"500\" \/>\n\t<meta property=\"og:image:type\" content=\"image\/png\" \/>\n<meta name=\"twitter:card\" content=\"summary_large_image\" \/>\n<meta name=\"twitter:label1\" content=\"Tiempo de lectura\" \/>\n\t<meta name=\"twitter:data1\" content=\"1 minuto\" \/>\n<script type=\"application\/ld+json\" class=\"yoast-schema-graph\">{\"@context\":\"https:\\\/\\\/schema.org\",\"@graph\":[{\"@type\":\"WebPage\",\"@id\":\"https:\\\/\\\/repliquemangacine.fr\\\/epee-the-witcher\\\/epee-twin-wolf-geralt-de-riv-the-witcher-3-lame-gravee\\\/\",\"url\":\"https:\\\/\\\/repliquemangacine.fr\\\/epee-the-witcher\\\/epee-twin-wolf-geralt-de-riv-the-witcher-3-lame-gravee\\\/\",\"name\":\"Ep\u00e9e The Witcher3 Twin-Wolf - Boutique en ligne | RMC\",\"isPartOf\":{\"@id\":\"https:\\\/\\\/repliquemangacine.fr\\\/#website\"},\"primaryImageOfPage\":{\"@id\":\"https:\\\/\\\/repliquemangacine.fr\\\/epee-the-witcher\\\/epee-twin-wolf-geralt-de-riv-the-witcher-3-lame-gravee\\\/#primaryimage\"},\"image\":{\"@id\":\"https:\\\/\\\/repliquemangacine.fr\\\/epee-the-witcher\\\/epee-twin-wolf-geralt-de-riv-the-witcher-3-lame-gravee\\\/#primaryimage\"},\"thumbnailUrl\":\"https:\\\/\\\/repliquemangacine.fr\\\/wp-content\\\/uploads\\\/2023\\\/10\\\/2790-Epee-Twin-Wolf-Geralt-de-Riv-The-Witcher-3-Lame-Gravee.png\",\"datePublished\":\"2019-04-04T15:23:08+00:00\",\"dateModified\":\"2025-12-10T11:44:04+00:00\",\"description\":\"Offrez-vous l'Ep\u00e9e The Witcher3 Twin-Wolf\u00a0au meilleur Prix. Lame acier grav\u00e9e - Fourreau - M\u00e9daillon offert - Longueur : 123cm - Envoi 24\\\/48h\",\"breadcrumb\":{\"@id\":\"https:\\\/\\\/repliquemangacine.fr\\\/epee-the-witcher\\\/epee-twin-wolf-geralt-de-riv-the-witcher-3-lame-gravee\\\/#breadcrumb\"},\"inLanguage\":\"es\",\"potentialAction\":[{\"@type\":\"ReadAction\",\"target\":[\"https:\\\/\\\/repliquemangacine.fr\\\/epee-the-witcher\\\/epee-twin-wolf-geralt-de-riv-the-witcher-3-lame-gravee\\\/\"]}]},{\"@type\":\"ImageObject\",\"inLanguage\":\"es\",\"@id\":\"https:\\\/\\\/repliquemangacine.fr\\\/epee-the-witcher\\\/epee-twin-wolf-geralt-de-riv-the-witcher-3-lame-gravee\\\/#primaryimage\",\"url\":\"https:\\\/\\\/repliquemangacine.fr\\\/wp-content\\\/uploads\\\/2023\\\/10\\\/2790-Epee-Twin-Wolf-Geralt-de-Riv-The-Witcher-3-Lame-Gravee.png\",\"contentUrl\":\"https:\\\/\\\/repliquemangacine.fr\\\/wp-content\\\/uploads\\\/2023\\\/10\\\/2790-Epee-Twin-Wolf-Geralt-de-Riv-The-Witcher-3-Lame-Gravee.png\",\"width\":500,\"height\":500,\"caption\":\"Ep\u00e9e The Witcher3 Twin Wolf\"},{\"@type\":\"BreadcrumbList\",\"@id\":\"https:\\\/\\\/repliquemangacine.fr\\\/epee-the-witcher\\\/epee-twin-wolf-geralt-de-riv-the-witcher-3-lame-gravee\\\/#breadcrumb\",\"itemListElement\":[{\"@type\":\"ListItem\",\"position\":1,\"name\":\"Accueil\",\"item\":\"https:\\\/\\\/repliquemangacine.fr\\\/\"},{\"@type\":\"ListItem\",\"position\":2,\"name\":\"Produits\",\"item\":\"https:\\\/\\\/repliquemangacine.fr\\\/boutique\\\/\"},{\"@type\":\"ListItem\",\"position\":3,\"name\":\"Twin Wolf Grav\u00e9e -The Witcher 3\"}]},{\"@type\":\"WebSite\",\"@id\":\"https:\\\/\\\/repliquemangacine.fr\\\/#website\",\"url\":\"https:\\\/\\\/repliquemangacine.fr\\\/\",\"name\":\"R\u00e9plique Manga Cin\u00e9\",\"description\":\"\",\"publisher\":{\"@id\":\"https:\\\/\\\/repliquemangacine.fr\\\/#organization\"},\"potentialAction\":[{\"@type\":\"SearchAction\",\"target\":{\"@type\":\"EntryPoint\",\"urlTemplate\":\"https:\\\/\\\/repliquemangacine.fr\\\/?s={search_term_string}\"},\"query-input\":{\"@type\":\"PropertyValueSpecification\",\"valueRequired\":true,\"valueName\":\"search_term_string\"}}],\"inLanguage\":\"es\"},{\"@type\":\"Organization\",\"@id\":\"https:\\\/\\\/repliquemangacine.fr\\\/#organization\",\"name\":\"R\u00e9plique Manga Cin\u00e9\",\"url\":\"https:\\\/\\\/repliquemangacine.fr\\\/\",\"logo\":{\"@type\":\"ImageObject\",\"inLanguage\":\"es\",\"@id\":\"https:\\\/\\\/repliquemangacine.fr\\\/#\\\/schema\\\/logo\\\/image\\\/\",\"url\":\"https:\\\/\\\/repliquemangacine.fr\\\/wp-content\\\/uploads\\\/2023\\\/10\\\/RMC-500250.png\",\"contentUrl\":\"https:\\\/\\\/repliquemangacine.fr\\\/wp-content\\\/uploads\\\/2023\\\/10\\\/RMC-500250.png\",\"width\":500,\"height\":250,\"caption\":\"R\u00e9plique Manga Cin\u00e9\"},\"image\":{\"@id\":\"https:\\\/\\\/repliquemangacine.fr\\\/#\\\/schema\\\/logo\\\/image\\\/\"},\"sameAs\":[\"https:\\\/\\\/www.facebook.com\\\/RepliqueMangaCine\",\"https:\\\/\\\/www.instagram.com\\\/repliquemangacine.fr\\\/\"]}]}<\/script>\n<!-- \/ Yoast SEO plugin. -->","yoast_head_json":{"title":"Espada The Witcher3 Twin-Wolf - Boutique en ligne | RMC","description":"Reg\u00e1late la Espada Lobo Gemela de The Witcher3 al mejor precio. Hoja de acero grabada - Vaina - Medall\u00f3n de regalo - Longitud : 123cm - Env\u00edo 24\/48h","robots":{"index":"index","follow":"follow","max-snippet":"max-snippet:-1","max-image-preview":"max-image-preview:large","max-video-preview":"max-video-preview:-1"},"canonical":"https:\/\/repliquemangacine.fr\/es\/epee-the-witcher\/epee-twin-wolf-geralt-de-riv-the-witcher-3-lame-gravee\/","og_locale":"es_ES","og_type":"article","og_title":"Ep\u00e9e The Witcher3 Twin-Wolf - Boutique en ligne | RMC","og_description":"Offrez-vous l'Ep\u00e9e The Witcher3 Twin-Wolf\u00a0au meilleur Prix. Lame acier grav\u00e9e - Fourreau - M\u00e9daillon offert - Longueur : 123cm - Envoi 24\/48h","og_url":"https:\/\/repliquemangacine.fr\/es\/epee-the-witcher\/epee-twin-wolf-geralt-de-riv-the-witcher-3-lame-gravee\/","og_site_name":"R\u00e9plique Manga Cin\u00e9","article_publisher":"https:\/\/www.facebook.com\/RepliqueMangaCine","article_modified_time":"2025-12-10T11:44:04+00:00","og_image":[{"width":500,"height":500,"url":"https:\/\/repliquemangacine.fr\/wp-content\/uploads\/2023\/10\/2790-Epee-Twin-Wolf-Geralt-de-Riv-The-Witcher-3-Lame-Gravee.png","type":"image\/png"}],"twitter_card":"summary_large_image","twitter_misc":{"Tiempo de lectura":"1 minuto"},"schema":{"@context":"https:\/\/schema.org","@graph":[{"@type":"WebPage","@id":"https:\/\/repliquemangacine.fr\/epee-the-witcher\/epee-twin-wolf-geralt-de-riv-the-witcher-3-lame-gravee\/","url":"https:\/\/repliquemangacine.fr\/epee-the-witcher\/epee-twin-wolf-geralt-de-riv-the-witcher-3-lame-gravee\/","name":"Espada The Witcher3 Twin-Wolf - Boutique en ligne | RMC","isPartOf":{"@id":"https:\/\/repliquemangacine.fr\/#website"},"primaryImageOfPage":{"@id":"https:\/\/repliquemangacine.fr\/epee-the-witcher\/epee-twin-wolf-geralt-de-riv-the-witcher-3-lame-gravee\/#primaryimage"},"image":{"@id":"https:\/\/repliquemangacine.fr\/epee-the-witcher\/epee-twin-wolf-geralt-de-riv-the-witcher-3-lame-gravee\/#primaryimage"},"thumbnailUrl":"https:\/\/repliquemangacine.fr\/wp-content\/uploads\/2023\/10\/2790-Epee-Twin-Wolf-Geralt-de-Riv-The-Witcher-3-Lame-Gravee.png","datePublished":"2019-04-04T15:23:08+00:00","dateModified":"2025-12-10T11:44:04+00:00","description":"Reg\u00e1late la Espada Lobo Gemela de The Witcher3 al mejor precio. Hoja de acero grabada - Vaina - Medall\u00f3n de regalo - Longitud : 123cm - Env\u00edo 24\/48h","breadcrumb":{"@id":"https:\/\/repliquemangacine.fr\/epee-the-witcher\/epee-twin-wolf-geralt-de-riv-the-witcher-3-lame-gravee\/#breadcrumb"},"inLanguage":"es","potentialAction":[{"@type":"ReadAction","target":["https:\/\/repliquemangacine.fr\/epee-the-witcher\/epee-twin-wolf-geralt-de-riv-the-witcher-3-lame-gravee\/"]}]},{"@type":"ImageObject","inLanguage":"es","@id":"https:\/\/repliquemangacine.fr\/epee-the-witcher\/epee-twin-wolf-geralt-de-riv-the-witcher-3-lame-gravee\/#primaryimage","url":"https:\/\/repliquemangacine.fr\/wp-content\/uploads\/2023\/10\/2790-Epee-Twin-Wolf-Geralt-de-Riv-The-Witcher-3-Lame-Gravee.png","contentUrl":"https:\/\/repliquemangacine.fr\/wp-content\/uploads\/2023\/10\/2790-Epee-Twin-Wolf-Geralt-de-Riv-The-Witcher-3-Lame-Gravee.png","width":500,"height":500,"caption":"Ep\u00e9e The Witcher3 Twin Wolf"},{"@type":"BreadcrumbList","@id":"https:\/\/repliquemangacine.fr\/epee-the-witcher\/epee-twin-wolf-geralt-de-riv-the-witcher-3-lame-gravee\/#breadcrumb","itemListElement":[{"@type":"ListItem","position":1,"name":"Accueil","item":"https:\/\/repliquemangacine.fr\/"},{"@type":"ListItem","position":2,"name":"Produits","item":"https:\/\/repliquemangacine.fr\/boutique\/"},{"@type":"ListItem","position":3,"name":"Twin Wolf Grav\u00e9e -The Witcher 3"}]},{"@type":"WebSite","@id":"https:\/\/repliquemangacine.fr\/#website","url":"https:\/\/repliquemangacine.fr\/","name":"R\u00e9plique Manga Cin\u00e9","description":"","publisher":{"@id":"https:\/\/repliquemangacine.fr\/#organization"},"potentialAction":[{"@type":"SearchAction","target":{"@type":"EntryPoint","urlTemplate":"https:\/\/repliquemangacine.fr\/?s={search_term_string}"},"query-input":{"@type":"PropertyValueSpecification","valueRequired":true,"valueName":"search_term_string"}}],"inLanguage":"es"},{"@type":"Organization","@id":"https:\/\/repliquemangacine.fr\/#organization","name":"R\u00e9plique Manga Cin\u00e9","url":"https:\/\/repliquemangacine.fr\/","logo":{"@type":"ImageObject","inLanguage":"es","@id":"https:\/\/repliquemangacine.fr\/#\/schema\/logo\/image\/","url":"https:\/\/repliquemangacine.fr\/wp-content\/uploads\/2023\/10\/RMC-500250.png","contentUrl":"https:\/\/repliquemangacine.fr\/wp-content\/uploads\/2023\/10\/RMC-500250.png","width":500,"height":250,"caption":"R\u00e9plique Manga Cin\u00e9"},"image":{"@id":"https:\/\/repliquemangacine.fr\/#\/schema\/logo\/image\/"},"sameAs":["https:\/\/www.facebook.com\/RepliqueMangaCine","https:\/\/www.instagram.com\/repliquemangacine.fr\/"]}]}},"_links":{"self":[{"href":"https:\/\/repliquemangacine.fr\/es\/wp-json\/wp\/v2\/product\/28068","targetHints":{"allow":["GET"]}}],"collection":[{"href":"https:\/\/repliquemangacine.fr\/es\/wp-json\/wp\/v2\/product"}],"about":[{"href":"https:\/\/repliquemangacine.fr\/es\/wp-json\/wp\/v2\/types\/product"}],"wp:featuredmedia":[{"embeddable":true,"href":"https:\/\/repliquemangacine.fr\/es\/wp-json\/wp\/v2\/media\/28069"}],"wp:attachment":[{"href":"https:\/\/repliquemangacine.fr\/es\/wp-json\/wp\/v2\/media?parent=28068"}],"wp:term":[{"taxonomy":"product_brand","embeddable":true,"href":"https:\/\/repliquemangacine.fr\/es\/wp-json\/wp\/v2\/product_brand?post=28068"},{"taxonomy":"product_cat","embeddable":true,"href":"https:\/\/repliquemangacine.fr\/es\/wp-json\/wp\/v2\/product_cat?post=28068"},{"taxonomy":"product_tag","embeddable":true,"href":"https:\/\/repliquemangacine.fr\/es\/wp-json\/wp\/v2\/product_tag?post=28068"}],"curies":[{"name":"wp","href":"https:\/\/api.w.org\/{rel}","templated":true}]}}