





{"id":28056,"date":"2019-04-03T15:10:08","date_gmt":"2019-04-03T13:10:08","guid":{"rendered":"https:\/\/repliquemangacine.fr\/?post_type=product&#038;p=28056"},"modified":"2025-09-23T18:02:02","modified_gmt":"2025-09-23T16:02:02","slug":"escudo-de-castilla-y-leon","status":"publish","type":"product","link":"https:\/\/repliquemangacine.fr\/es\/boucliers-et-armures\/bouclier-blason-castille-et-leon\/","title":{"rendered":"Escudo Escudo de Castilla y Le\u00f3n"},"content":{"rendered":"<h2>Escudo de Castilla y Le\u00f3n en metal.<\/h2>\n<p>Para empezar, el <strong>Escudo Escudo de Castilla y Le\u00f3n<\/strong>, indisociable del equipamiento del combatiente a lo largo de la historia. El escudo es el arma defensiva m\u00e1s antigua y est\u00e1 destinado a repeler un ataque. En la Edad Media, los escudos, llamados \u00ab\u00e9cu\u00bb, llevaban el escudo de armas del se\u00f1or al que pertenec\u00edan los caballeros.<\/p>\n<p>La regi\u00f3n de Castilla y Le\u00f3n es una comunidad aut\u00f3noma espa\u00f1ola situada en el noroeste del pa\u00eds. La corona de Castilla reun\u00eda los territorios que en la Edad Media estaban bajo la autoridad de los reyes de Castilla.<\/p>\n<p>Ferdinand I de Castilla fue el primero en reunir bajo su autoridad, en 1037, los reinos de Castilla y Le\u00f3n. Tras varias divisiones din\u00e1sticas, la corona de Castilla se reform\u00f3 en 1230 bajo el reinado del rey Fernando III de Castilla.<\/p>\n<h2>Su escudo de Castilla y Le\u00f3n al mejor precio.<\/h2>\n<p>Ofrecemos una amplia gama de r\u00e9plicas de la \u00e9poca medieval.<\/p>\n<p>Lo primero y m\u00e1s importante,<\/p>\n<ul>\n<li>El magn\u00edfico <a href=\"https:\/\/repliquemangacine.fr\/es\/espada-medieval-2\/sir-william-marshal-espada-siglo-xii\/\">La espada de Sir William Marshal<\/a> del siglo XVIII.<\/li>\n<li>Tambi\u00e9n est\u00e1 la legendaria y m\u00e1gica espada del Rey Arturo, la Excalibur, firmada <a href=\"https:\/\/www.denix.fr\/\" target=\"_blank\" rel=\"noopener noreferrer\">Denix<\/a>.<\/li>\n<li>Adem\u00e1s del casco blindado ingl\u00e9s, el<a href=\"https:\/\/repliquemangacine.fr\/es\/casco-casco\/armet-anglais-casque-d-armure\/\">Armet English<\/a>.<\/li>\n<li>Y muchos m\u00e1s por descubrir en nuestra tienda en l\u00ednea.<\/li>\n<\/ul>\n<p>Por eso, aqu\u00ed tienes unas ideas estupendas para regalar a los amantes de la historia.<\/p>\n<p>En conclusi\u00f3n, tambi\u00e9n puede utilizar el <strong>Escudo Escudo de Castilla y Le\u00f3n<\/strong> para sus representaciones hist\u00f3ricas o la decoraci\u00f3n de su hogar. Pero, ante todo, este escudo es una pieza de colecci\u00f3n y decoraci\u00f3n.<\/p>\n<p>R\u00e9plique Manga Cin\u00e9 es una empresa familiar francesa.<\/p>\n<h2>\u00bfC\u00f3mo se fabrican sus objetos de colecci\u00f3n?<\/h2>\n<p>Para empezar, todos nuestros productos derivados son de la m\u00e1xima calidad, fabricados con meticulosa atenci\u00f3n al detalle. Una parte se hace a mano, para reproducir hasta el m\u00e1s m\u00ednimo detalle. Las partes m\u00e1s importantes se mecanizan con m\u00e1quinas muy precisas. Los grabados se hacen generalmente con punta de diamante o l\u00e1ser.<\/p>\n<p>Su <strong>Escudo Escudo de Castilla y Le\u00f3n<\/strong> fabricados para reproducir cada detalle con exactitud. Para igualar el legado de las obras maestras originales. Se hace hincapi\u00e9 en crear r\u00e9plicas de alta calidad que sean lo m\u00e1s hist\u00f3ricamente exactas posible.<\/p>\n<p>En conclusi\u00f3n, importadas de China, Espa\u00f1a o la India, \u00a1nuestras r\u00e9plicas le sorprender\u00e1n!<\/p>\n<p>R\u00e9plique Manga Cin\u00e9 es una empresa familiar francesa.<\/p>","protected":false},"excerpt":{"rendered":"<p>Magn\u00edfica reproducci\u00f3n de un escudo medieval.<\/p>\n<ul>\n<li>Totalmente de acero.<\/li>\n<li>Fondo jaspeado.<\/li>\n<li>Escudo central del \u00e1guila bic\u00e9fala y emblema de Castilla y Le\u00f3n en acero envejecido.<\/li>\n<li>Cadena met\u00e1lica para exposici\u00f3n mural.<\/li>\n<li>Anchura: 46 cm - Altura: 58 cm - Peso: 2,4 kg<\/li>\n<\/ul>","protected":false},"featured_media":28057,"template":"","meta":[],"product_brand":[896],"product_cat":[25,75,43],"product_tag":[560,561,562,563],"class_list":{"0":"post-28056","1":"product","2":"type-product","3":"status-publish","4":"has-post-thumbnail","6":"product_brand-replique-manga-cine","7":"product_cat-armes-historiques","8":"product_cat-boucliers-et-armures","9":"product_cat-reproductions-d-armes-et-accessoires-medievales","10":"product_tag-bouclier","11":"product_tag-bouclier-de-decoration","12":"product_tag-bouclier-medievale","13":"product_tag-bouclier-templier","15":"first","16":"instock","17":"taxable","18":"shipping-taxable","19":"purchasable","20":"product-type-simple"},"yoast_head":"<!-- This site is optimized with the Yoast SEO plugin v27.4 - https:\/\/yoast.com\/product\/yoast-seo-wordpress\/ -->\n<title>Bouclier Blason Castille-et-L\u00e9on - Accessoire M\u00e9di\u00e9val | RMC<\/title>\n<meta name=\"description\" content=\"Offrez-lui ce Bouclier Blason Castille-et-L\u00e9on au meilleur prix - Tout en m\u00e9tal - Blason aigle \u00e0 deux t\u00eates et embl\u00e8me de Castille de L\u00e9on - 46 X 58 cm\" \/>\n<meta name=\"robots\" content=\"index, follow, max-snippet:-1, max-image-preview:large, max-video-preview:-1\" \/>\n<link rel=\"canonical\" href=\"https:\/\/repliquemangacine.fr\/es\/escudos-y-armaduras\/escudo-de-castilla-y-leon\/\" \/>\n<meta property=\"og:locale\" content=\"es_ES\" \/>\n<meta property=\"og:type\" content=\"article\" \/>\n<meta property=\"og:title\" content=\"Bouclier Blason Castille-et-L\u00e9on - Accessoire M\u00e9di\u00e9val | RMC\" \/>\n<meta property=\"og:description\" content=\"Offrez-lui ce Bouclier Blason Castille-et-L\u00e9on au meilleur prix - Tout en m\u00e9tal - Blason aigle \u00e0 deux t\u00eates et embl\u00e8me de Castille de L\u00e9on - 46 X 58 cm\" \/>\n<meta property=\"og:url\" content=\"https:\/\/repliquemangacine.fr\/es\/escudos-y-armaduras\/escudo-de-castilla-y-leon\/\" \/>\n<meta property=\"og:site_name\" content=\"R\u00e9plique Manga Cin\u00e9\" \/>\n<meta property=\"article:publisher\" content=\"https:\/\/www.facebook.com\/RepliqueMangaCine\" \/>\n<meta property=\"article:modified_time\" content=\"2025-09-23T16:02:02+00:00\" \/>\n<meta property=\"og:image\" content=\"https:\/\/repliquemangacine.fr\/wp-content\/uploads\/2023\/10\/2779-Bouclier-Medievale-avec-Blason-de-Castille-et-Leon.jpg\" \/>\n\t<meta property=\"og:image:width\" content=\"800\" \/>\n\t<meta property=\"og:image:height\" content=\"800\" \/>\n\t<meta property=\"og:image:type\" content=\"image\/jpeg\" \/>\n<meta name=\"twitter:card\" content=\"summary_large_image\" \/>\n<meta name=\"twitter:label1\" content=\"Tiempo de lectura\" \/>\n\t<meta name=\"twitter:data1\" content=\"2 minutos\" \/>\n<script type=\"application\/ld+json\" class=\"yoast-schema-graph\">{\"@context\":\"https:\\\/\\\/schema.org\",\"@graph\":[{\"@type\":\"WebPage\",\"@id\":\"https:\\\/\\\/repliquemangacine.fr\\\/boucliers-et-armures\\\/bouclier-blason-castille-et-leon\\\/\",\"url\":\"https:\\\/\\\/repliquemangacine.fr\\\/boucliers-et-armures\\\/bouclier-blason-castille-et-leon\\\/\",\"name\":\"Bouclier Blason Castille-et-L\u00e9on - Accessoire M\u00e9di\u00e9val | RMC\",\"isPartOf\":{\"@id\":\"https:\\\/\\\/repliquemangacine.fr\\\/#website\"},\"primaryImageOfPage\":{\"@id\":\"https:\\\/\\\/repliquemangacine.fr\\\/boucliers-et-armures\\\/bouclier-blason-castille-et-leon\\\/#primaryimage\"},\"image\":{\"@id\":\"https:\\\/\\\/repliquemangacine.fr\\\/boucliers-et-armures\\\/bouclier-blason-castille-et-leon\\\/#primaryimage\"},\"thumbnailUrl\":\"https:\\\/\\\/repliquemangacine.fr\\\/wp-content\\\/uploads\\\/2023\\\/10\\\/2779-Bouclier-Medievale-avec-Blason-de-Castille-et-Leon.jpg\",\"datePublished\":\"2019-04-03T13:10:08+00:00\",\"dateModified\":\"2025-09-23T16:02:02+00:00\",\"description\":\"Offrez-lui ce Bouclier Blason Castille-et-L\u00e9on au meilleur prix - Tout en m\u00e9tal - Blason aigle \u00e0 deux t\u00eates et embl\u00e8me de Castille de L\u00e9on - 46 X 58 cm\",\"breadcrumb\":{\"@id\":\"https:\\\/\\\/repliquemangacine.fr\\\/boucliers-et-armures\\\/bouclier-blason-castille-et-leon\\\/#breadcrumb\"},\"inLanguage\":\"es\",\"potentialAction\":[{\"@type\":\"ReadAction\",\"target\":[\"https:\\\/\\\/repliquemangacine.fr\\\/boucliers-et-armures\\\/bouclier-blason-castille-et-leon\\\/\"]}]},{\"@type\":\"ImageObject\",\"inLanguage\":\"es\",\"@id\":\"https:\\\/\\\/repliquemangacine.fr\\\/boucliers-et-armures\\\/bouclier-blason-castille-et-leon\\\/#primaryimage\",\"url\":\"https:\\\/\\\/repliquemangacine.fr\\\/wp-content\\\/uploads\\\/2023\\\/10\\\/2779-Bouclier-Medievale-avec-Blason-de-Castille-et-Leon.jpg\",\"contentUrl\":\"https:\\\/\\\/repliquemangacine.fr\\\/wp-content\\\/uploads\\\/2023\\\/10\\\/2779-Bouclier-Medievale-avec-Blason-de-Castille-et-Leon.jpg\",\"width\":800,\"height\":800,\"caption\":\"Bouclier M\u00e9di\u00e9vale avec Blason de Castille et L\u00e9on\"},{\"@type\":\"BreadcrumbList\",\"@id\":\"https:\\\/\\\/repliquemangacine.fr\\\/boucliers-et-armures\\\/bouclier-blason-castille-et-leon\\\/#breadcrumb\",\"itemListElement\":[{\"@type\":\"ListItem\",\"position\":1,\"name\":\"Accueil\",\"item\":\"https:\\\/\\\/repliquemangacine.fr\\\/\"},{\"@type\":\"ListItem\",\"position\":2,\"name\":\"Produits\",\"item\":\"https:\\\/\\\/repliquemangacine.fr\\\/boutique\\\/\"},{\"@type\":\"ListItem\",\"position\":3,\"name\":\"Bouclier Blason Castille-et-L\u00e9on\"}]},{\"@type\":\"WebSite\",\"@id\":\"https:\\\/\\\/repliquemangacine.fr\\\/#website\",\"url\":\"https:\\\/\\\/repliquemangacine.fr\\\/\",\"name\":\"R\u00e9plique Manga Cin\u00e9\",\"description\":\"\",\"publisher\":{\"@id\":\"https:\\\/\\\/repliquemangacine.fr\\\/#organization\"},\"potentialAction\":[{\"@type\":\"SearchAction\",\"target\":{\"@type\":\"EntryPoint\",\"urlTemplate\":\"https:\\\/\\\/repliquemangacine.fr\\\/?s={search_term_string}\"},\"query-input\":{\"@type\":\"PropertyValueSpecification\",\"valueRequired\":true,\"valueName\":\"search_term_string\"}}],\"inLanguage\":\"es\"},{\"@type\":\"Organization\",\"@id\":\"https:\\\/\\\/repliquemangacine.fr\\\/#organization\",\"name\":\"R\u00e9plique Manga Cin\u00e9\",\"url\":\"https:\\\/\\\/repliquemangacine.fr\\\/\",\"logo\":{\"@type\":\"ImageObject\",\"inLanguage\":\"es\",\"@id\":\"https:\\\/\\\/repliquemangacine.fr\\\/#\\\/schema\\\/logo\\\/image\\\/\",\"url\":\"https:\\\/\\\/repliquemangacine.fr\\\/wp-content\\\/uploads\\\/2023\\\/10\\\/RMC-500250.png\",\"contentUrl\":\"https:\\\/\\\/repliquemangacine.fr\\\/wp-content\\\/uploads\\\/2023\\\/10\\\/RMC-500250.png\",\"width\":500,\"height\":250,\"caption\":\"R\u00e9plique Manga Cin\u00e9\"},\"image\":{\"@id\":\"https:\\\/\\\/repliquemangacine.fr\\\/#\\\/schema\\\/logo\\\/image\\\/\"},\"sameAs\":[\"https:\\\/\\\/www.facebook.com\\\/RepliqueMangaCine\",\"https:\\\/\\\/www.instagram.com\\\/repliquemangacine.fr\\\/\"]}]}<\/script>\n<!-- \/ Yoast SEO plugin. -->","yoast_head_json":{"title":"Escudo de Armas de Castilla y Le\u00f3n - Accesorio Medieval | RMC","description":"Ofrezca este Escudo Escudo de Castilla y Le\u00f3n al mejor precio - Todo metal - Escudo \u00e1guila bic\u00e9fala y emblema de Castilla y Le\u00f3n - 46 X 58 cm","robots":{"index":"index","follow":"follow","max-snippet":"max-snippet:-1","max-image-preview":"max-image-preview:large","max-video-preview":"max-video-preview:-1"},"canonical":"https:\/\/repliquemangacine.fr\/es\/escudos-y-armaduras\/escudo-de-castilla-y-leon\/","og_locale":"es_ES","og_type":"article","og_title":"Bouclier Blason Castille-et-L\u00e9on - Accessoire M\u00e9di\u00e9val | RMC","og_description":"Offrez-lui ce Bouclier Blason Castille-et-L\u00e9on au meilleur prix - Tout en m\u00e9tal - Blason aigle \u00e0 deux t\u00eates et embl\u00e8me de Castille de L\u00e9on - 46 X 58 cm","og_url":"https:\/\/repliquemangacine.fr\/es\/escudos-y-armaduras\/escudo-de-castilla-y-leon\/","og_site_name":"R\u00e9plique Manga Cin\u00e9","article_publisher":"https:\/\/www.facebook.com\/RepliqueMangaCine","article_modified_time":"2025-09-23T16:02:02+00:00","og_image":[{"width":800,"height":800,"url":"https:\/\/repliquemangacine.fr\/wp-content\/uploads\/2023\/10\/2779-Bouclier-Medievale-avec-Blason-de-Castille-et-Leon.jpg","type":"image\/jpeg"}],"twitter_card":"summary_large_image","twitter_misc":{"Tiempo de lectura":"2 minutos"},"schema":{"@context":"https:\/\/schema.org","@graph":[{"@type":"WebPage","@id":"https:\/\/repliquemangacine.fr\/boucliers-et-armures\/bouclier-blason-castille-et-leon\/","url":"https:\/\/repliquemangacine.fr\/boucliers-et-armures\/bouclier-blason-castille-et-leon\/","name":"Escudo de Armas de Castilla y Le\u00f3n - Accesorio Medieval | RMC","isPartOf":{"@id":"https:\/\/repliquemangacine.fr\/#website"},"primaryImageOfPage":{"@id":"https:\/\/repliquemangacine.fr\/boucliers-et-armures\/bouclier-blason-castille-et-leon\/#primaryimage"},"image":{"@id":"https:\/\/repliquemangacine.fr\/boucliers-et-armures\/bouclier-blason-castille-et-leon\/#primaryimage"},"thumbnailUrl":"https:\/\/repliquemangacine.fr\/wp-content\/uploads\/2023\/10\/2779-Bouclier-Medievale-avec-Blason-de-Castille-et-Leon.jpg","datePublished":"2019-04-03T13:10:08+00:00","dateModified":"2025-09-23T16:02:02+00:00","description":"Ofrezca este Escudo Escudo de Castilla y Le\u00f3n al mejor precio - Todo metal - Escudo \u00e1guila bic\u00e9fala y emblema de Castilla y Le\u00f3n - 46 X 58 cm","breadcrumb":{"@id":"https:\/\/repliquemangacine.fr\/boucliers-et-armures\/bouclier-blason-castille-et-leon\/#breadcrumb"},"inLanguage":"es","potentialAction":[{"@type":"ReadAction","target":["https:\/\/repliquemangacine.fr\/boucliers-et-armures\/bouclier-blason-castille-et-leon\/"]}]},{"@type":"ImageObject","inLanguage":"es","@id":"https:\/\/repliquemangacine.fr\/boucliers-et-armures\/bouclier-blason-castille-et-leon\/#primaryimage","url":"https:\/\/repliquemangacine.fr\/wp-content\/uploads\/2023\/10\/2779-Bouclier-Medievale-avec-Blason-de-Castille-et-Leon.jpg","contentUrl":"https:\/\/repliquemangacine.fr\/wp-content\/uploads\/2023\/10\/2779-Bouclier-Medievale-avec-Blason-de-Castille-et-Leon.jpg","width":800,"height":800,"caption":"Bouclier M\u00e9di\u00e9vale avec Blason de Castille et L\u00e9on"},{"@type":"BreadcrumbList","@id":"https:\/\/repliquemangacine.fr\/boucliers-et-armures\/bouclier-blason-castille-et-leon\/#breadcrumb","itemListElement":[{"@type":"ListItem","position":1,"name":"Accueil","item":"https:\/\/repliquemangacine.fr\/"},{"@type":"ListItem","position":2,"name":"Produits","item":"https:\/\/repliquemangacine.fr\/boutique\/"},{"@type":"ListItem","position":3,"name":"Bouclier Blason Castille-et-L\u00e9on"}]},{"@type":"WebSite","@id":"https:\/\/repliquemangacine.fr\/#website","url":"https:\/\/repliquemangacine.fr\/","name":"R\u00e9plique Manga Cin\u00e9","description":"","publisher":{"@id":"https:\/\/repliquemangacine.fr\/#organization"},"potentialAction":[{"@type":"SearchAction","target":{"@type":"EntryPoint","urlTemplate":"https:\/\/repliquemangacine.fr\/?s={search_term_string}"},"query-input":{"@type":"PropertyValueSpecification","valueRequired":true,"valueName":"search_term_string"}}],"inLanguage":"es"},{"@type":"Organization","@id":"https:\/\/repliquemangacine.fr\/#organization","name":"R\u00e9plique Manga Cin\u00e9","url":"https:\/\/repliquemangacine.fr\/","logo":{"@type":"ImageObject","inLanguage":"es","@id":"https:\/\/repliquemangacine.fr\/#\/schema\/logo\/image\/","url":"https:\/\/repliquemangacine.fr\/wp-content\/uploads\/2023\/10\/RMC-500250.png","contentUrl":"https:\/\/repliquemangacine.fr\/wp-content\/uploads\/2023\/10\/RMC-500250.png","width":500,"height":250,"caption":"R\u00e9plique Manga Cin\u00e9"},"image":{"@id":"https:\/\/repliquemangacine.fr\/#\/schema\/logo\/image\/"},"sameAs":["https:\/\/www.facebook.com\/RepliqueMangaCine","https:\/\/www.instagram.com\/repliquemangacine.fr\/"]}]}},"_links":{"self":[{"href":"https:\/\/repliquemangacine.fr\/es\/wp-json\/wp\/v2\/product\/28056","targetHints":{"allow":["GET"]}}],"collection":[{"href":"https:\/\/repliquemangacine.fr\/es\/wp-json\/wp\/v2\/product"}],"about":[{"href":"https:\/\/repliquemangacine.fr\/es\/wp-json\/wp\/v2\/types\/product"}],"wp:featuredmedia":[{"embeddable":true,"href":"https:\/\/repliquemangacine.fr\/es\/wp-json\/wp\/v2\/media\/28057"}],"wp:attachment":[{"href":"https:\/\/repliquemangacine.fr\/es\/wp-json\/wp\/v2\/media?parent=28056"}],"wp:term":[{"taxonomy":"product_brand","embeddable":true,"href":"https:\/\/repliquemangacine.fr\/es\/wp-json\/wp\/v2\/product_brand?post=28056"},{"taxonomy":"product_cat","embeddable":true,"href":"https:\/\/repliquemangacine.fr\/es\/wp-json\/wp\/v2\/product_cat?post=28056"},{"taxonomy":"product_tag","embeddable":true,"href":"https:\/\/repliquemangacine.fr\/es\/wp-json\/wp\/v2\/product_tag?post=28056"}],"curies":[{"name":"wp","href":"https:\/\/api.w.org\/{rel}","templated":true}]}}