





{"id":28048,"date":"2019-03-26T19:47:24","date_gmt":"2019-03-26T18:47:24","guid":{"rendered":"https:\/\/repliquemangacine.fr\/?post_type=product&#038;p=28048"},"modified":"2026-04-14T15:46:16","modified_gmt":"2026-04-14T13:46:16","slug":"colt-python-rick-grimes","status":"publish","type":"product","link":"https:\/\/repliquemangacine.fr\/es\/pistolet-moderne\/colt-python-rick-grimes\/","title":{"rendered":"Colt Python Rick Grimes"},"content":{"rendered":"<h2>Colt Python Rick Grimes The Walking Dead.<\/h2>\n<p>Para empezar, el <strong>Colt Python Rick Grimes<\/strong>Es su arma preferida y la lleva durante toda la serie. Ocupa un lugar destacado en los cr\u00e9ditos iniciales de las primeras temporadas.<\/p>\n<p>El Colt Python es un rev\u00f3lver de doble acci\u00f3n con rec\u00e1mara para munici\u00f3n .357 Magnum. Fabricado por Colt's Manufacturing Company.<\/p>\n<p>Presentado por primera vez en mayo de 1955, el Python .37 ten\u00eda un ca\u00f1\u00f3n de 15 cm (6 pulgadas). Fue en el tiro r\u00e1pido de doble acci\u00f3n con el .357 Magnum cuando el Python justific\u00f3 mejor su t\u00edtulo de \"Mejor rev\u00f3lver jam\u00e1s fabricado\".<\/p>\n<p>El cine, las series de televisi\u00f3n y los videojuegos se han apropiado en gran medida de esta arma. Es el arma del comandante Beaumont, interpretado por Belmondo en Le Professionnel. Pero tambi\u00e9n en la pel\u00edcula Police Python 357. As\u00ed como en Call of Duty, Resident Evil 1 y 2...<\/p>\n<h2>Tu Colt Python de Rick Grimes al mejor precio.<\/h2>\n<p>Ofrecemos una amplia gama de reproducciones de armas <a href=\"https:\/\/www.denix.fr\/\" target=\"_blank\" rel=\"noopener noreferrer\">Denix<\/a><\/p>\n<p>Lo primero y m\u00e1s importante,<\/p>\n<ul>\n<li>La r\u00e9plica de la pistola <a href=\"https:\/\/repliquemangacine.fr\/es\/pistola-moderna\/pistola-beretta-92f-parabellum-italia-1975\/\">Beretta 92f Parabellum<\/a> utilizado por Mel Gibson en la pel\u00edcula Arma Letal.<\/li>\n<li>Tambi\u00e9n hay una reproducci\u00f3n del rev\u00f3lver <a href=\"https:\/\/repliquemangacine.fr\/es\/pistola-moderna\/revolver-colt-python-357-magnum-8\/\">Colt Python 357 Magnum 8<\/a>\"Barril\", EE.UU. 1955.<\/li>\n<li>As\u00ed como la pistola <a href=\"https:\/\/repliquemangacine.fr\/es\/pistola-moderna\/1982-denix-nickele-pistola-desert-eagle\/\">Desert Eagle niquelado<\/a> semiautom\u00e1tica, calibre 357. 44 y 50.<\/li>\n<li>Y muchos m\u00e1s por descubrir en nuestra tienda en l\u00ednea.<\/li>\n<\/ul>\n<p>He aqu\u00ed una gran idea de regalo para coleccionistas y fans de Walking Dead.<\/p>\n<p>En conclusi\u00f3n, puede utilizar el <strong>Colt Python Rick Grimes<\/strong> para tus desfiles de cosplay o fiestas tem\u00e1ticas. Pero, sobre todo, es una pieza de coleccionista y un objeto decorativo.<\/p>\n<h2>\u00bfC\u00f3mo se fabrican las r\u00e9plicas de armas Denix?<\/h2>\n<p>Utilizadas en recreaciones hist\u00f3ricas, pel\u00edculas, series de televisi\u00f3n y por coleccionistas. Las reproducciones Denix est\u00e1n fabricadas con materiales de alta calidad. Cuidadosamente elaboradas y ensambladas para crear armas de colecci\u00f3n realistas.<\/p>\n<ul>\n<li>Los metales se encuentran en una aleaci\u00f3n met\u00e1lica conocida como Zamac, cuya composici\u00f3n b\u00e1sica es zinc en 95%.<\/li>\n<li>Las piezas de pl\u00e1stico de las r\u00e9plicas son de ABS moldeado, que ofrece una gran resistencia.<\/li>\n<li>Las maderas elegidas por su belleza y durabilidad, como la caoba, el olivo o el nogal, dar\u00e1n a sus culatas y barricas un aspecto elegante y aut\u00e9ntico.<\/li>\n<\/ul>\n<p>Cabe se\u00f1alar que todas las reproducciones Denix son id\u00e9nticas a los originales, como su <strong>Colt Python Rick Grimes<\/strong>.<\/p>","protected":false},"excerpt":{"rendered":"<p>El rev\u00f3lver pit\u00f3n que es el arma principal de Rick Grimes en la serie de televisi\u00f3n The Walking Dead.<\/p>\n<ul>\n<li>El marco es de Zamac.<\/li>\n<li>Placas de agarre de ABS.<\/li>\n<li>Cilindro basculante y giratorio.<\/li>\n<li>Armas y golpes como los de verdad, totalmente <strong>no apto para disparar.<\/strong><\/li>\n<li>No se requiere autorizaci\u00f3n. Venta y posesi\u00f3n libres.<\/li>\n<li>Dimensiones: 31,5 cm - Peso: 1050 gramos<\/li>\n<\/ul>\n<p><iframe title=\"Reproductor de v\u00eddeo YouTube\" src=\"https:\/\/www.youtube.com\/embed\/3heF2bkPatQ\" width=\"560\" height=\"315\" frameborder=\"0\" allowfullscreen=\"allowfullscreen\"><\/iframe><\/p>","protected":false},"featured_media":28049,"template":"","meta":[],"product_brand":[896],"product_cat":[102,24,40,28,62],"product_tag":[],"class_list":{"0":"post-28048","1":"product","2":"type-product","3":"status-publish","4":"has-post-thumbnail","6":"product_brand-replique-manga-cine","7":"product_cat-denix","8":"product_cat-films-series-tv-vente-de-katana-epee-et-produits-derives","9":"product_cat-pistolet-moderne","10":"product_cat-repliques-darmes","11":"product_cat-armes-the-walking-dead","13":"first","14":"instock","15":"taxable","16":"shipping-taxable","17":"purchasable","18":"product-type-simple"},"yoast_head":"<!-- This site is optimized with the Yoast SEO plugin v27.4 - https:\/\/yoast.com\/product\/yoast-seo-wordpress\/ -->\n<title>Colt Python Rick Grimes - Walking Dead - R\u00e9plique Manga Cin\u00e9<\/title>\n<meta name=\"description\" content=\"Offrez-vous le Colt Python Rick Grimes dans The Walking Dead au meilleur prix. En Zamac - S&#039;arme et percute - Simulation de tir - 31.5 cm - poids : 1050grs\" \/>\n<meta name=\"robots\" content=\"index, follow, max-snippet:-1, max-image-preview:large, max-video-preview:-1\" \/>\n<link rel=\"canonical\" href=\"https:\/\/repliquemangacine.fr\/es\/pistola-moderna\/colt-python-rick-grimes\/\" \/>\n<meta property=\"og:locale\" content=\"es_ES\" \/>\n<meta property=\"og:type\" content=\"article\" \/>\n<meta property=\"og:title\" content=\"Colt Python Rick Grimes - Walking Dead - R\u00e9plique Manga Cin\u00e9\" \/>\n<meta property=\"og:description\" content=\"Offrez-vous le Colt Python Rick Grimes dans The Walking Dead au meilleur prix. En Zamac - S&#039;arme et percute - Simulation de tir - 31.5 cm - poids : 1050grs\" \/>\n<meta property=\"og:url\" content=\"https:\/\/repliquemangacine.fr\/es\/pistola-moderna\/colt-python-rick-grimes\/\" \/>\n<meta property=\"og:site_name\" content=\"R\u00e9plique Manga Cin\u00e9\" \/>\n<meta property=\"article:publisher\" content=\"https:\/\/www.facebook.com\/RepliqueMangaCine\" \/>\n<meta property=\"article:modified_time\" content=\"2026-04-14T13:46:16+00:00\" \/>\n<meta property=\"og:image\" content=\"https:\/\/repliquemangacine.fr\/wp-content\/uploads\/2023\/10\/2773-Replique-revolver-Python-Rick-the-walking-dead.jpg\" \/>\n\t<meta property=\"og:image:width\" content=\"800\" \/>\n\t<meta property=\"og:image:height\" content=\"800\" \/>\n\t<meta property=\"og:image:type\" content=\"image\/jpeg\" \/>\n<meta name=\"twitter:card\" content=\"summary_large_image\" \/>\n<meta name=\"twitter:label1\" content=\"Tiempo de lectura\" \/>\n\t<meta name=\"twitter:data1\" content=\"3 minutos\" \/>\n<script type=\"application\/ld+json\" class=\"yoast-schema-graph\">{\"@context\":\"https:\\\/\\\/schema.org\",\"@graph\":[{\"@type\":\"WebPage\",\"@id\":\"https:\\\/\\\/repliquemangacine.fr\\\/pistolet-moderne\\\/colt-python-rick-grimes\\\/\",\"url\":\"https:\\\/\\\/repliquemangacine.fr\\\/pistolet-moderne\\\/colt-python-rick-grimes\\\/\",\"name\":\"Colt Python Rick Grimes - Walking Dead - R\u00e9plique Manga Cin\u00e9\",\"isPartOf\":{\"@id\":\"https:\\\/\\\/repliquemangacine.fr\\\/#website\"},\"primaryImageOfPage\":{\"@id\":\"https:\\\/\\\/repliquemangacine.fr\\\/pistolet-moderne\\\/colt-python-rick-grimes\\\/#primaryimage\"},\"image\":{\"@id\":\"https:\\\/\\\/repliquemangacine.fr\\\/pistolet-moderne\\\/colt-python-rick-grimes\\\/#primaryimage\"},\"thumbnailUrl\":\"https:\\\/\\\/repliquemangacine.fr\\\/wp-content\\\/uploads\\\/2023\\\/10\\\/2773-Replique-revolver-Python-Rick-the-walking-dead.jpg\",\"datePublished\":\"2019-03-26T18:47:24+00:00\",\"dateModified\":\"2026-04-14T13:46:16+00:00\",\"description\":\"Offrez-vous le Colt Python Rick Grimes dans The Walking Dead au meilleur prix. En Zamac - S'arme et percute - Simulation de tir - 31.5 cm - poids : 1050grs\",\"breadcrumb\":{\"@id\":\"https:\\\/\\\/repliquemangacine.fr\\\/pistolet-moderne\\\/colt-python-rick-grimes\\\/#breadcrumb\"},\"inLanguage\":\"es\",\"potentialAction\":[{\"@type\":\"ReadAction\",\"target\":[\"https:\\\/\\\/repliquemangacine.fr\\\/pistolet-moderne\\\/colt-python-rick-grimes\\\/\"]}]},{\"@type\":\"ImageObject\",\"inLanguage\":\"es\",\"@id\":\"https:\\\/\\\/repliquemangacine.fr\\\/pistolet-moderne\\\/colt-python-rick-grimes\\\/#primaryimage\",\"url\":\"https:\\\/\\\/repliquemangacine.fr\\\/wp-content\\\/uploads\\\/2023\\\/10\\\/2773-Replique-revolver-Python-Rick-the-walking-dead.jpg\",\"contentUrl\":\"https:\\\/\\\/repliquemangacine.fr\\\/wp-content\\\/uploads\\\/2023\\\/10\\\/2773-Replique-revolver-Python-Rick-the-walking-dead.jpg\",\"width\":800,\"height\":800,\"caption\":\"R\u00e9plique r\u00e9volver Python Rick the walking dead\"},{\"@type\":\"BreadcrumbList\",\"@id\":\"https:\\\/\\\/repliquemangacine.fr\\\/pistolet-moderne\\\/colt-python-rick-grimes\\\/#breadcrumb\",\"itemListElement\":[{\"@type\":\"ListItem\",\"position\":1,\"name\":\"Accueil\",\"item\":\"https:\\\/\\\/repliquemangacine.fr\\\/\"},{\"@type\":\"ListItem\",\"position\":2,\"name\":\"Produits\",\"item\":\"https:\\\/\\\/repliquemangacine.fr\\\/boutique\\\/\"},{\"@type\":\"ListItem\",\"position\":3,\"name\":\"Colt Python Rick Grimes\"}]},{\"@type\":\"WebSite\",\"@id\":\"https:\\\/\\\/repliquemangacine.fr\\\/#website\",\"url\":\"https:\\\/\\\/repliquemangacine.fr\\\/\",\"name\":\"R\u00e9plique Manga Cin\u00e9\",\"description\":\"\",\"publisher\":{\"@id\":\"https:\\\/\\\/repliquemangacine.fr\\\/#organization\"},\"potentialAction\":[{\"@type\":\"SearchAction\",\"target\":{\"@type\":\"EntryPoint\",\"urlTemplate\":\"https:\\\/\\\/repliquemangacine.fr\\\/?s={search_term_string}\"},\"query-input\":{\"@type\":\"PropertyValueSpecification\",\"valueRequired\":true,\"valueName\":\"search_term_string\"}}],\"inLanguage\":\"es\"},{\"@type\":\"Organization\",\"@id\":\"https:\\\/\\\/repliquemangacine.fr\\\/#organization\",\"name\":\"R\u00e9plique Manga Cin\u00e9\",\"url\":\"https:\\\/\\\/repliquemangacine.fr\\\/\",\"logo\":{\"@type\":\"ImageObject\",\"inLanguage\":\"es\",\"@id\":\"https:\\\/\\\/repliquemangacine.fr\\\/#\\\/schema\\\/logo\\\/image\\\/\",\"url\":\"https:\\\/\\\/repliquemangacine.fr\\\/wp-content\\\/uploads\\\/2023\\\/10\\\/RMC-500250.png\",\"contentUrl\":\"https:\\\/\\\/repliquemangacine.fr\\\/wp-content\\\/uploads\\\/2023\\\/10\\\/RMC-500250.png\",\"width\":500,\"height\":250,\"caption\":\"R\u00e9plique Manga Cin\u00e9\"},\"image\":{\"@id\":\"https:\\\/\\\/repliquemangacine.fr\\\/#\\\/schema\\\/logo\\\/image\\\/\"},\"sameAs\":[\"https:\\\/\\\/www.facebook.com\\\/RepliqueMangaCine\",\"https:\\\/\\\/www.instagram.com\\\/repliquemangacine.fr\\\/\"]}]}<\/script>\n<!-- \/ Yoast SEO plugin. -->","yoast_head_json":{"title":"Colt Python Rick Grimes - Walking Dead - R\u00e9plique Manga Cin\u00e9","description":"Reg\u00e1late la Colt Python Rick Grimes de The Walking Dead al mejor precio. En Zamac - Armas y golpes - Simulaci\u00f3n de tiro - 31.5 cm - peso : 1050grs","robots":{"index":"index","follow":"follow","max-snippet":"max-snippet:-1","max-image-preview":"max-image-preview:large","max-video-preview":"max-video-preview:-1"},"canonical":"https:\/\/repliquemangacine.fr\/es\/pistola-moderna\/colt-python-rick-grimes\/","og_locale":"es_ES","og_type":"article","og_title":"Colt Python Rick Grimes - Walking Dead - R\u00e9plique Manga Cin\u00e9","og_description":"Offrez-vous le Colt Python Rick Grimes dans The Walking Dead au meilleur prix. En Zamac - S'arme et percute - Simulation de tir - 31.5 cm - poids : 1050grs","og_url":"https:\/\/repliquemangacine.fr\/es\/pistola-moderna\/colt-python-rick-grimes\/","og_site_name":"R\u00e9plique Manga Cin\u00e9","article_publisher":"https:\/\/www.facebook.com\/RepliqueMangaCine","article_modified_time":"2026-04-14T13:46:16+00:00","og_image":[{"width":800,"height":800,"url":"https:\/\/repliquemangacine.fr\/wp-content\/uploads\/2023\/10\/2773-Replique-revolver-Python-Rick-the-walking-dead.jpg","type":"image\/jpeg"}],"twitter_card":"summary_large_image","twitter_misc":{"Tiempo de lectura":"3 minutos"},"schema":{"@context":"https:\/\/schema.org","@graph":[{"@type":"WebPage","@id":"https:\/\/repliquemangacine.fr\/pistolet-moderne\/colt-python-rick-grimes\/","url":"https:\/\/repliquemangacine.fr\/pistolet-moderne\/colt-python-rick-grimes\/","name":"Colt Python Rick Grimes - Walking Dead - R\u00e9plique Manga Cin\u00e9","isPartOf":{"@id":"https:\/\/repliquemangacine.fr\/#website"},"primaryImageOfPage":{"@id":"https:\/\/repliquemangacine.fr\/pistolet-moderne\/colt-python-rick-grimes\/#primaryimage"},"image":{"@id":"https:\/\/repliquemangacine.fr\/pistolet-moderne\/colt-python-rick-grimes\/#primaryimage"},"thumbnailUrl":"https:\/\/repliquemangacine.fr\/wp-content\/uploads\/2023\/10\/2773-Replique-revolver-Python-Rick-the-walking-dead.jpg","datePublished":"2019-03-26T18:47:24+00:00","dateModified":"2026-04-14T13:46:16+00:00","description":"Reg\u00e1late la Colt Python Rick Grimes de The Walking Dead al mejor precio. En Zamac - Armas y golpes - Simulaci\u00f3n de tiro - 31.5 cm - peso : 1050grs","breadcrumb":{"@id":"https:\/\/repliquemangacine.fr\/pistolet-moderne\/colt-python-rick-grimes\/#breadcrumb"},"inLanguage":"es","potentialAction":[{"@type":"ReadAction","target":["https:\/\/repliquemangacine.fr\/pistolet-moderne\/colt-python-rick-grimes\/"]}]},{"@type":"ImageObject","inLanguage":"es","@id":"https:\/\/repliquemangacine.fr\/pistolet-moderne\/colt-python-rick-grimes\/#primaryimage","url":"https:\/\/repliquemangacine.fr\/wp-content\/uploads\/2023\/10\/2773-Replique-revolver-Python-Rick-the-walking-dead.jpg","contentUrl":"https:\/\/repliquemangacine.fr\/wp-content\/uploads\/2023\/10\/2773-Replique-revolver-Python-Rick-the-walking-dead.jpg","width":800,"height":800,"caption":"R\u00e9plique r\u00e9volver Python Rick the walking dead"},{"@type":"BreadcrumbList","@id":"https:\/\/repliquemangacine.fr\/pistolet-moderne\/colt-python-rick-grimes\/#breadcrumb","itemListElement":[{"@type":"ListItem","position":1,"name":"Accueil","item":"https:\/\/repliquemangacine.fr\/"},{"@type":"ListItem","position":2,"name":"Produits","item":"https:\/\/repliquemangacine.fr\/boutique\/"},{"@type":"ListItem","position":3,"name":"Colt Python Rick Grimes"}]},{"@type":"WebSite","@id":"https:\/\/repliquemangacine.fr\/#website","url":"https:\/\/repliquemangacine.fr\/","name":"R\u00e9plique Manga Cin\u00e9","description":"","publisher":{"@id":"https:\/\/repliquemangacine.fr\/#organization"},"potentialAction":[{"@type":"SearchAction","target":{"@type":"EntryPoint","urlTemplate":"https:\/\/repliquemangacine.fr\/?s={search_term_string}"},"query-input":{"@type":"PropertyValueSpecification","valueRequired":true,"valueName":"search_term_string"}}],"inLanguage":"es"},{"@type":"Organization","@id":"https:\/\/repliquemangacine.fr\/#organization","name":"R\u00e9plique Manga Cin\u00e9","url":"https:\/\/repliquemangacine.fr\/","logo":{"@type":"ImageObject","inLanguage":"es","@id":"https:\/\/repliquemangacine.fr\/#\/schema\/logo\/image\/","url":"https:\/\/repliquemangacine.fr\/wp-content\/uploads\/2023\/10\/RMC-500250.png","contentUrl":"https:\/\/repliquemangacine.fr\/wp-content\/uploads\/2023\/10\/RMC-500250.png","width":500,"height":250,"caption":"R\u00e9plique Manga Cin\u00e9"},"image":{"@id":"https:\/\/repliquemangacine.fr\/#\/schema\/logo\/image\/"},"sameAs":["https:\/\/www.facebook.com\/RepliqueMangaCine","https:\/\/www.instagram.com\/repliquemangacine.fr\/"]}]}},"_links":{"self":[{"href":"https:\/\/repliquemangacine.fr\/es\/wp-json\/wp\/v2\/product\/28048","targetHints":{"allow":["GET"]}}],"collection":[{"href":"https:\/\/repliquemangacine.fr\/es\/wp-json\/wp\/v2\/product"}],"about":[{"href":"https:\/\/repliquemangacine.fr\/es\/wp-json\/wp\/v2\/types\/product"}],"wp:featuredmedia":[{"embeddable":true,"href":"https:\/\/repliquemangacine.fr\/es\/wp-json\/wp\/v2\/media\/28049"}],"wp:attachment":[{"href":"https:\/\/repliquemangacine.fr\/es\/wp-json\/wp\/v2\/media?parent=28048"}],"wp:term":[{"taxonomy":"product_brand","embeddable":true,"href":"https:\/\/repliquemangacine.fr\/es\/wp-json\/wp\/v2\/product_brand?post=28048"},{"taxonomy":"product_cat","embeddable":true,"href":"https:\/\/repliquemangacine.fr\/es\/wp-json\/wp\/v2\/product_cat?post=28048"},{"taxonomy":"product_tag","embeddable":true,"href":"https:\/\/repliquemangacine.fr\/es\/wp-json\/wp\/v2\/product_tag?post=28048"}],"curies":[{"name":"wp","href":"https:\/\/api.w.org\/{rel}","templated":true}]}}