





{"id":28034,"date":"2019-03-14T19:48:40","date_gmt":"2019-03-14T18:48:40","guid":{"rendered":"https:\/\/repliquemangacine.fr\/?post_type=product&#038;p=28034"},"modified":"2026-04-24T15:35:27","modified_gmt":"2026-04-24T13:35:27","slug":"mjolnir-metal-thor-martillo-con-base","status":"publish","type":"product","link":"https:\/\/repliquemangacine.fr\/es\/super-heros-marvel\/marteau-de-thor-mjolnir-en-metal-avec-base\/","title":{"rendered":"Martillo de Thor Metal"},"content":{"rendered":"<h2>El martillo Mjolnir de Thor en el universo Marvel.<\/h2>\n<p>Para empezar, el <strong>Mjolnir, el martillo de Thor<\/strong>, poderoso martillo de guerra encantado forjado por los enanos para la familia real asgardiana.<\/p>\n<p>A Thor se le ha confiado el poderoso martillo Mj\u00f8lnir, \u201cforjado en el coraz\u00f3n de una estrella moribunda\u201d. Thor es capaz de lanzar Mj\u00f8lnir con gran fuerza. Agarr\u00e1ndose a la correa o al cintur\u00f3n de cuero, es capaz de volar por los aires a velocidades enormes.<\/p>\n<p>Cuando Steve Rogers manej\u00f3 <a href=\"https:\/\/universcinematographiquemarvel.fandom.com\/fr\/wiki\/Mj\u00f8lnir#Capacit\u00e9s\">Mj\u00f8lnir<\/a>Al usarlo, Rogers adquiri\u00f3 la capacidad de convocar rayos del horizonte circundante. En efecto, al usarlo, Rogers adquiri\u00f3 la capacidad de invocar rayos del horizonte circundante.<\/p>\n<h2>Tu Martillo de Thor Mjolnir al mejor precio.<\/h2>\n<p>Ofrecemos una amplia gama de r\u00e9plicas del universo Marvel.<\/p>\n<p>Lo primero y m\u00e1s importante,<\/p>\n<ul>\n<li>La r\u00e9plica a tama\u00f1o real del <a href=\"https:\/\/repliquemangacine.fr\/es\/superheroes\/stormbreaker-hache-marteau-de-thor\/\">Stormbreaker<\/a> (hacha martillo) utilizada por Thor en la pel\u00edcula Vengadores, Infinity War.<\/li>\n<li>Tambi\u00e9n est\u00e1 el famoso <a href=\"https:\/\/repliquemangacine.fr\/es\/superheroes\/capitan-america-escudo-version-de-lujo\/\">El escudo del Capit\u00e1n Am\u00e9rica<\/a> Escala 1\/1, todo metal.<\/li>\n<li>Adem\u00e1s de una r\u00e9plica a tama\u00f1o real del<a href=\"https:\/\/repliquemangacine.fr\/es\/superheroes\/replique-epee-god-killer-wonder-woman\/\">Espada God Killer<\/a> inspirado en la pel\u00edcula Wonder Woman utilizado por Diana.<\/li>\n<li>Y muchos m\u00e1s por descubrir en nuestra tienda en l\u00ednea.<\/li>\n<\/ul>\n<p>Por eso, aqu\u00ed tienes una idea genial para regalar a todos los fans de los superh\u00e9roes de Marvel.<\/p>\n<p>En conclusi\u00f3n, puede utilizar el <strong>Mjolnir, el martillo de Thor<\/strong> para tus desfiles de Cosplay. Pero sobre todo, es una pieza de coleccionista y decoraci\u00f3n.<\/p>\n<h2>\u00bfC\u00f3mo se fabrican nuestros productos Marvel?<\/h2>\n<p>Para empezar, todos nuestros productos derivados son de alta calidad y est\u00e1n fabricados con especial minuciosidad. De hecho, su fabricaci\u00f3n se realiza en parte de forma manual para reproducir hasta el m\u00e1s m\u00ednimo detalle. En cuanto a las partes m\u00e1s importantes, se mecanizan con m\u00e1quinas de gran precisi\u00f3n. Los grabados se realizan generalmente con una punta de diamante o con l\u00e1ser.<\/p>\n<p>Su <strong>Mjolnir, el martillo de Thor<\/strong> Ha sido fabricado para reproducir con exactitud todos los detalles. Totalmente met\u00e1lico con grabados en la masa. Soporte con forma de roca moldeado en resina.<\/p>\n<p>En conclusi\u00f3n, nuestras r\u00e9plicas, importadas de China o Espa\u00f1a, \u00a1le sorprender\u00e1n!<\/p>\n<p>R\u00e9plique Manga Cin\u00e9 es una empresa familiar francesa.<\/p>","protected":false},"excerpt":{"rendered":"<p>R\u00e9plica del Martillo de Mj\u00f6lnir utilizado por Thor.<\/p>\n<ul>\n<li>Fabricado en metal de alta calidad.<\/li>\n<li>Masa tallada id\u00e9ntica.<\/li>\n<li>Correa de cuero.<\/li>\n<li>Soporte de presentaci\u00f3n de resina.<\/li>\n<li>Tama\u00f1o total del martillo: Largo 45 cm x Ancho 22,5 cm x Fondo 13,5 cm.<\/li>\n<li>Tama\u00f1o del soporte: Largo 28 cm x Ancho 24 cm x Alto 8,5 cm<\/li>\n<li>Peso total: 5,4 kg<\/li>\n<\/ul>","protected":false},"featured_media":28035,"template":"","meta":[],"product_brand":[896],"product_cat":[24,59],"product_tag":[534,548,549],"class_list":{"0":"post-28034","1":"product","2":"type-product","3":"status-publish","4":"has-post-thumbnail","6":"product_brand-replique-manga-cine","7":"product_cat-films-series-tv-vente-de-katana-epee-et-produits-derives","8":"product_cat-super-heros-marvel","9":"product_tag-marteau-de-thor","10":"product_tag-marteau-marvel","11":"product_tag-marteau-mjollnir","13":"first","14":"instock","15":"taxable","16":"shipping-taxable","17":"purchasable","18":"product-type-simple"},"yoast_head":"<!-- This site is optimized with the Yoast SEO plugin v27.5 - https:\/\/yoast.com\/product\/yoast-seo-wordpress\/ -->\n<title>Marteau de Thor Mjolnir - En m\u00e9tal - Echelle 1\/1 - Support | RMC<\/title>\n<meta name=\"description\" content=\"Achetez vite votre Marteau de Thor Mjolnir au meilleur prix. Tout en m\u00e9tal - Base de pr\u00e9sentation en r\u00e9sine moul\u00e9 - Longueur : 45 cm - Poids : 5.4 kg\" \/>\n<meta name=\"robots\" content=\"index, follow, max-snippet:-1, max-image-preview:large, max-video-preview:-1\" \/>\n<link rel=\"canonical\" href=\"https:\/\/repliquemangacine.fr\/es\/superheroes-marvel\/mjolnir-metal-thor-martillo-con-base\/\" \/>\n<meta property=\"og:locale\" content=\"es_ES\" \/>\n<meta property=\"og:type\" content=\"article\" \/>\n<meta property=\"og:title\" content=\"Marteau de Thor Mjolnir - En m\u00e9tal - Echelle 1\/1 - Support | RMC\" \/>\n<meta property=\"og:description\" content=\"Achetez vite votre Marteau de Thor Mjolnir au meilleur prix. Tout en m\u00e9tal - Base de pr\u00e9sentation en r\u00e9sine moul\u00e9 - Longueur : 45 cm - Poids : 5.4 kg\" \/>\n<meta property=\"og:url\" content=\"https:\/\/repliquemangacine.fr\/es\/superheroes-marvel\/mjolnir-metal-thor-martillo-con-base\/\" \/>\n<meta property=\"og:site_name\" content=\"R\u00e9plique Manga Cin\u00e9\" \/>\n<meta property=\"article:publisher\" content=\"https:\/\/www.facebook.com\/RepliqueMangaCine\" \/>\n<meta property=\"article:modified_time\" content=\"2026-04-24T13:35:27+00:00\" \/>\n<meta property=\"og:image\" content=\"https:\/\/repliquemangacine.fr\/wp-content\/uploads\/2023\/10\/2758-Marteau-de-Thor-Mjollnir-Full-Metal-marvel.jpg\" \/>\n\t<meta property=\"og:image:width\" content=\"800\" \/>\n\t<meta property=\"og:image:height\" content=\"800\" \/>\n\t<meta property=\"og:image:type\" content=\"image\/jpeg\" \/>\n<meta name=\"twitter:card\" content=\"summary_large_image\" \/>\n<meta name=\"twitter:label1\" content=\"Tiempo de lectura\" \/>\n\t<meta name=\"twitter:data1\" content=\"2 minutos\" \/>\n<script type=\"application\/ld+json\" class=\"yoast-schema-graph\">{\"@context\":\"https:\\\/\\\/schema.org\",\"@graph\":[{\"@type\":\"WebPage\",\"@id\":\"https:\\\/\\\/repliquemangacine.fr\\\/super-heros-marvel\\\/marteau-de-thor-mjolnir-en-metal-avec-base\\\/\",\"url\":\"https:\\\/\\\/repliquemangacine.fr\\\/super-heros-marvel\\\/marteau-de-thor-mjolnir-en-metal-avec-base\\\/\",\"name\":\"Marteau de Thor Mjolnir - En m\u00e9tal - Echelle 1\\\/1 - Support | RMC\",\"isPartOf\":{\"@id\":\"https:\\\/\\\/repliquemangacine.fr\\\/#website\"},\"primaryImageOfPage\":{\"@id\":\"https:\\\/\\\/repliquemangacine.fr\\\/super-heros-marvel\\\/marteau-de-thor-mjolnir-en-metal-avec-base\\\/#primaryimage\"},\"image\":{\"@id\":\"https:\\\/\\\/repliquemangacine.fr\\\/super-heros-marvel\\\/marteau-de-thor-mjolnir-en-metal-avec-base\\\/#primaryimage\"},\"thumbnailUrl\":\"https:\\\/\\\/repliquemangacine.fr\\\/wp-content\\\/uploads\\\/2023\\\/10\\\/2758-Marteau-de-Thor-Mjollnir-Full-Metal-marvel.jpg\",\"datePublished\":\"2019-03-14T18:48:40+00:00\",\"dateModified\":\"2026-04-24T13:35:27+00:00\",\"description\":\"Achetez vite votre Marteau de Thor Mjolnir au meilleur prix. Tout en m\u00e9tal - Base de pr\u00e9sentation en r\u00e9sine moul\u00e9 - Longueur : 45 cm - Poids : 5.4 kg\",\"breadcrumb\":{\"@id\":\"https:\\\/\\\/repliquemangacine.fr\\\/super-heros-marvel\\\/marteau-de-thor-mjolnir-en-metal-avec-base\\\/#breadcrumb\"},\"inLanguage\":\"es\",\"potentialAction\":[{\"@type\":\"ReadAction\",\"target\":[\"https:\\\/\\\/repliquemangacine.fr\\\/super-heros-marvel\\\/marteau-de-thor-mjolnir-en-metal-avec-base\\\/\"]}]},{\"@type\":\"ImageObject\",\"inLanguage\":\"es\",\"@id\":\"https:\\\/\\\/repliquemangacine.fr\\\/super-heros-marvel\\\/marteau-de-thor-mjolnir-en-metal-avec-base\\\/#primaryimage\",\"url\":\"https:\\\/\\\/repliquemangacine.fr\\\/wp-content\\\/uploads\\\/2023\\\/10\\\/2758-Marteau-de-Thor-Mjollnir-Full-Metal-marvel.jpg\",\"contentUrl\":\"https:\\\/\\\/repliquemangacine.fr\\\/wp-content\\\/uploads\\\/2023\\\/10\\\/2758-Marteau-de-Thor-Mjollnir-Full-Metal-marvel.jpg\",\"width\":800,\"height\":800,\"caption\":\"Marteau de Thor, Mj\u00f6llnir Full M\u00e9tal, marvel\"},{\"@type\":\"BreadcrumbList\",\"@id\":\"https:\\\/\\\/repliquemangacine.fr\\\/super-heros-marvel\\\/marteau-de-thor-mjolnir-en-metal-avec-base\\\/#breadcrumb\",\"itemListElement\":[{\"@type\":\"ListItem\",\"position\":1,\"name\":\"Accueil\",\"item\":\"https:\\\/\\\/repliquemangacine.fr\\\/\"},{\"@type\":\"ListItem\",\"position\":2,\"name\":\"Produits\",\"item\":\"https:\\\/\\\/repliquemangacine.fr\\\/boutique\\\/\"},{\"@type\":\"ListItem\",\"position\":3,\"name\":\"Marteau de Thor M\u00e9tal\"}]},{\"@type\":\"WebSite\",\"@id\":\"https:\\\/\\\/repliquemangacine.fr\\\/#website\",\"url\":\"https:\\\/\\\/repliquemangacine.fr\\\/\",\"name\":\"R\u00e9plique Manga Cin\u00e9\",\"description\":\"\",\"publisher\":{\"@id\":\"https:\\\/\\\/repliquemangacine.fr\\\/#organization\"},\"potentialAction\":[{\"@type\":\"SearchAction\",\"target\":{\"@type\":\"EntryPoint\",\"urlTemplate\":\"https:\\\/\\\/repliquemangacine.fr\\\/?s={search_term_string}\"},\"query-input\":{\"@type\":\"PropertyValueSpecification\",\"valueRequired\":true,\"valueName\":\"search_term_string\"}}],\"inLanguage\":\"es\"},{\"@type\":\"Organization\",\"@id\":\"https:\\\/\\\/repliquemangacine.fr\\\/#organization\",\"name\":\"R\u00e9plique Manga Cin\u00e9\",\"url\":\"https:\\\/\\\/repliquemangacine.fr\\\/\",\"logo\":{\"@type\":\"ImageObject\",\"inLanguage\":\"es\",\"@id\":\"https:\\\/\\\/repliquemangacine.fr\\\/#\\\/schema\\\/logo\\\/image\\\/\",\"url\":\"https:\\\/\\\/repliquemangacine.fr\\\/wp-content\\\/uploads\\\/2023\\\/10\\\/RMC-500250.png\",\"contentUrl\":\"https:\\\/\\\/repliquemangacine.fr\\\/wp-content\\\/uploads\\\/2023\\\/10\\\/RMC-500250.png\",\"width\":500,\"height\":250,\"caption\":\"R\u00e9plique Manga Cin\u00e9\"},\"image\":{\"@id\":\"https:\\\/\\\/repliquemangacine.fr\\\/#\\\/schema\\\/logo\\\/image\\\/\"},\"sameAs\":[\"https:\\\/\\\/www.facebook.com\\\/RepliqueMangaCine\",\"https:\\\/\\\/www.instagram.com\\\/repliquemangacine.fr\\\/\"]}]}<\/script>\n<!-- \/ Yoast SEO plugin. -->","yoast_head_json":{"title":"Martillo de Thor Mjolnir - Metal - Escala 1\/1 - Soporte | RMC","description":"Compra ahora tu Martillo de Thor Mjolnir al mejor precio. Todo de metal - Base de presentaci\u00f3n de resina moldeada - Longitud : 45 cm - Peso : 5,4 kg","robots":{"index":"index","follow":"follow","max-snippet":"max-snippet:-1","max-image-preview":"max-image-preview:large","max-video-preview":"max-video-preview:-1"},"canonical":"https:\/\/repliquemangacine.fr\/es\/superheroes-marvel\/mjolnir-metal-thor-martillo-con-base\/","og_locale":"es_ES","og_type":"article","og_title":"Marteau de Thor Mjolnir - En m\u00e9tal - Echelle 1\/1 - Support | RMC","og_description":"Achetez vite votre Marteau de Thor Mjolnir au meilleur prix. Tout en m\u00e9tal - Base de pr\u00e9sentation en r\u00e9sine moul\u00e9 - Longueur : 45 cm - Poids : 5.4 kg","og_url":"https:\/\/repliquemangacine.fr\/es\/superheroes-marvel\/mjolnir-metal-thor-martillo-con-base\/","og_site_name":"R\u00e9plique Manga Cin\u00e9","article_publisher":"https:\/\/www.facebook.com\/RepliqueMangaCine","article_modified_time":"2026-04-24T13:35:27+00:00","og_image":[{"width":800,"height":800,"url":"https:\/\/repliquemangacine.fr\/wp-content\/uploads\/2023\/10\/2758-Marteau-de-Thor-Mjollnir-Full-Metal-marvel.jpg","type":"image\/jpeg"}],"twitter_card":"summary_large_image","twitter_misc":{"Tiempo de lectura":"2 minutos"},"schema":{"@context":"https:\/\/schema.org","@graph":[{"@type":"WebPage","@id":"https:\/\/repliquemangacine.fr\/super-heros-marvel\/marteau-de-thor-mjolnir-en-metal-avec-base\/","url":"https:\/\/repliquemangacine.fr\/super-heros-marvel\/marteau-de-thor-mjolnir-en-metal-avec-base\/","name":"Martillo de Thor Mjolnir - Metal - Escala 1\/1 - Soporte | RMC","isPartOf":{"@id":"https:\/\/repliquemangacine.fr\/#website"},"primaryImageOfPage":{"@id":"https:\/\/repliquemangacine.fr\/super-heros-marvel\/marteau-de-thor-mjolnir-en-metal-avec-base\/#primaryimage"},"image":{"@id":"https:\/\/repliquemangacine.fr\/super-heros-marvel\/marteau-de-thor-mjolnir-en-metal-avec-base\/#primaryimage"},"thumbnailUrl":"https:\/\/repliquemangacine.fr\/wp-content\/uploads\/2023\/10\/2758-Marteau-de-Thor-Mjollnir-Full-Metal-marvel.jpg","datePublished":"2019-03-14T18:48:40+00:00","dateModified":"2026-04-24T13:35:27+00:00","description":"Compra ahora tu Martillo de Thor Mjolnir al mejor precio. Todo de metal - Base de presentaci\u00f3n de resina moldeada - Longitud : 45 cm - Peso : 5,4 kg","breadcrumb":{"@id":"https:\/\/repliquemangacine.fr\/super-heros-marvel\/marteau-de-thor-mjolnir-en-metal-avec-base\/#breadcrumb"},"inLanguage":"es","potentialAction":[{"@type":"ReadAction","target":["https:\/\/repliquemangacine.fr\/super-heros-marvel\/marteau-de-thor-mjolnir-en-metal-avec-base\/"]}]},{"@type":"ImageObject","inLanguage":"es","@id":"https:\/\/repliquemangacine.fr\/super-heros-marvel\/marteau-de-thor-mjolnir-en-metal-avec-base\/#primaryimage","url":"https:\/\/repliquemangacine.fr\/wp-content\/uploads\/2023\/10\/2758-Marteau-de-Thor-Mjollnir-Full-Metal-marvel.jpg","contentUrl":"https:\/\/repliquemangacine.fr\/wp-content\/uploads\/2023\/10\/2758-Marteau-de-Thor-Mjollnir-Full-Metal-marvel.jpg","width":800,"height":800,"caption":"Marteau de Thor, Mj\u00f6llnir Full M\u00e9tal, marvel"},{"@type":"BreadcrumbList","@id":"https:\/\/repliquemangacine.fr\/super-heros-marvel\/marteau-de-thor-mjolnir-en-metal-avec-base\/#breadcrumb","itemListElement":[{"@type":"ListItem","position":1,"name":"Accueil","item":"https:\/\/repliquemangacine.fr\/"},{"@type":"ListItem","position":2,"name":"Produits","item":"https:\/\/repliquemangacine.fr\/boutique\/"},{"@type":"ListItem","position":3,"name":"Marteau de Thor M\u00e9tal"}]},{"@type":"WebSite","@id":"https:\/\/repliquemangacine.fr\/#website","url":"https:\/\/repliquemangacine.fr\/","name":"R\u00e9plique Manga Cin\u00e9","description":"","publisher":{"@id":"https:\/\/repliquemangacine.fr\/#organization"},"potentialAction":[{"@type":"SearchAction","target":{"@type":"EntryPoint","urlTemplate":"https:\/\/repliquemangacine.fr\/?s={search_term_string}"},"query-input":{"@type":"PropertyValueSpecification","valueRequired":true,"valueName":"search_term_string"}}],"inLanguage":"es"},{"@type":"Organization","@id":"https:\/\/repliquemangacine.fr\/#organization","name":"R\u00e9plique Manga Cin\u00e9","url":"https:\/\/repliquemangacine.fr\/","logo":{"@type":"ImageObject","inLanguage":"es","@id":"https:\/\/repliquemangacine.fr\/#\/schema\/logo\/image\/","url":"https:\/\/repliquemangacine.fr\/wp-content\/uploads\/2023\/10\/RMC-500250.png","contentUrl":"https:\/\/repliquemangacine.fr\/wp-content\/uploads\/2023\/10\/RMC-500250.png","width":500,"height":250,"caption":"R\u00e9plique Manga Cin\u00e9"},"image":{"@id":"https:\/\/repliquemangacine.fr\/#\/schema\/logo\/image\/"},"sameAs":["https:\/\/www.facebook.com\/RepliqueMangaCine","https:\/\/www.instagram.com\/repliquemangacine.fr\/"]}]}},"_links":{"self":[{"href":"https:\/\/repliquemangacine.fr\/es\/wp-json\/wp\/v2\/product\/28034","targetHints":{"allow":["GET"]}}],"collection":[{"href":"https:\/\/repliquemangacine.fr\/es\/wp-json\/wp\/v2\/product"}],"about":[{"href":"https:\/\/repliquemangacine.fr\/es\/wp-json\/wp\/v2\/types\/product"}],"wp:featuredmedia":[{"embeddable":true,"href":"https:\/\/repliquemangacine.fr\/es\/wp-json\/wp\/v2\/media\/28035"}],"wp:attachment":[{"href":"https:\/\/repliquemangacine.fr\/es\/wp-json\/wp\/v2\/media?parent=28034"}],"wp:term":[{"taxonomy":"product_brand","embeddable":true,"href":"https:\/\/repliquemangacine.fr\/es\/wp-json\/wp\/v2\/product_brand?post=28034"},{"taxonomy":"product_cat","embeddable":true,"href":"https:\/\/repliquemangacine.fr\/es\/wp-json\/wp\/v2\/product_cat?post=28034"},{"taxonomy":"product_tag","embeddable":true,"href":"https:\/\/repliquemangacine.fr\/es\/wp-json\/wp\/v2\/product_tag?post=28034"}],"curies":[{"name":"wp","href":"https:\/\/api.w.org\/{rel}","templated":true}]}}