





{"id":28028,"date":"2019-03-14T19:04:59","date_gmt":"2019-03-14T18:04:59","guid":{"rendered":"https:\/\/repliquemangacine.fr\/?post_type=product&#038;p=28028"},"modified":"2025-11-17T14:37:40","modified_gmt":"2025-11-17T13:37:40","slug":"capitan-america-escudo-version-de-lujo","status":"publish","type":"product","link":"https:\/\/repliquemangacine.fr\/es\/super-heros-marvel\/bouclier-captain-america-version-luxe\/","title":{"rendered":"Escudo del Capit\u00e1n Am\u00e9rica"},"content":{"rendered":"<h2>Escudo del Capit\u00e1n Am\u00e9rica - Marvel.<\/h2>\n<p>Para empezar, el <strong>Escudo del Capit\u00e1n Am\u00e9rica<\/strong> Es el arma principal de Rogers. Fabricado exclusivamente con vibranium, es pr\u00e1cticamente indestructible. La composici\u00f3n del vibranium permite que el escudo absorba y refleje la energ\u00eda cin\u00e9tica de los impactos.<\/p>\n<p>Casi ning\u00fan tipo de arma humana puede da\u00f1arlo, las balas rebotan en \u00e9l. El escudo tambi\u00e9n es lo suficientemente fuerte como para combatir armas m\u00e1gicas y m\u00edsticas, como el martillo de Thor, Mj\u00f8lnir.<\/p>\n<p>Considerado por muchos como el primer y m\u00e1s grande superh\u00e9roe del mundo, <a href=\"https:\/\/universcinematographiquemarvel.fandom.com\/fr\/wiki\/Steve_Rogers#Personnalit\u00e9\" target=\"_blank\" rel=\"noopener noreferrer\">Steve Rogers<\/a> se defini\u00f3 por su valent\u00eda, patriotismo y rectitud. Rogers siempre tuvo un esp\u00edritu noble y honesto, intolerante con la injusticia y el abuso de poder.<\/p>\n<h2>Tu Escudo Capit\u00e1n Am\u00e9rica al mejor precio.<\/h2>\n<p>Ofrecemos una amplia gama de r\u00e9plicas del universo Marvel.<\/p>\n<p>Lo primero y m\u00e1s importante,<\/p>\n<ul>\n<li>El hacha martillo de Thor el <a href=\"https:\/\/repliquemangacine.fr\/es\/superheroes\/stormbreaker-hache-marteau-de-thor\/\">Stormbreaker<\/a> Escala 1\/1 en resina.<\/li>\n<li>Tambi\u00e9n est\u00e1 la espada<a href=\"https:\/\/repliquemangacine.fr\/es\/superheroes\/epee-wonder-woman-justice-league\/\"> de la Mujer Maravilla<\/a> alias Diana Pr\u00edncipe de Themyscira con sus runas \u00e9lficas en la hoja.<\/li>\n<li>As\u00ed como la r\u00e9plica de la r\u00e9plica de la <a href=\"https:\/\/repliquemangacine.fr\/es\/peliculas-series-tv-venta-de-espadas-katana-y-productos-relacionados\/x-men-griffes-de-wolverine-replique\/\">Las garras de Lobezno<\/a> usado por Lobezno Logan.<\/li>\n<li>Y muchos m\u00e1s por descubrir en nuestra tienda en l\u00ednea.<\/li>\n<\/ul>\n<p>Por eso, aqu\u00ed tienes una idea genial para regalar a todos los fans de los superh\u00e9roes de Marvel.<\/p>\n<p>En conclusi\u00f3n, puede utilizar el <strong>Escudo del Capit\u00e1n Am\u00e9rica<\/strong> para tus desfiles de Cosplay. Pero sobre todo, es una pieza de coleccionista y decoraci\u00f3n.<\/p>\n<h2>\u00bfC\u00f3mo se fabrican nuestros productos Avengers Marvel?<\/h2>\n<p>Para empezar, todos nuestros productos derivados son de alta calidad y est\u00e1n fabricados con especial minuciosidad. De hecho, su fabricaci\u00f3n se realiza en parte de forma manual para reproducir hasta el m\u00e1s m\u00ednimo detalle. En cuanto a las partes m\u00e1s importantes, se mecanizan con m\u00e1quinas de gran precisi\u00f3n. Los grabados se realizan generalmente con una punta de diamante o con l\u00e1ser.<\/p>\n<p>Su <strong>Escudo del Capit\u00e1n Am\u00e9rica<\/strong> Ha sido fabricado para reproducir con exactitud todos los detalles. En aleaci\u00f3n de aluminio aeron\u00e1utico de alta resistencia. Proceso de fabricaci\u00f3n: fundici\u00f3n a presi\u00f3n, chapado. Tratamiento superficial anticorrosi\u00f3n con pintura para autom\u00f3viles, tratado para obtener un efecto casi espejo.<\/p>\n<p>En conclusi\u00f3n, nuestras r\u00e9plicas, importadas de China o Espa\u00f1a, \u00a1le sorprender\u00e1n!<\/p>\n<p>R\u00e9plique Manga Cin\u00e9 es una empresa familiar francesa.<\/p>","protected":false},"excerpt":{"rendered":"<p>R\u00e9plica no oficial del escudo del Capit\u00e1n Am\u00e9rica.<\/p>\n<ul>\n<li>Aleaci\u00f3n a\u00e9rea de aluminio de alta resistencia.<\/li>\n<li>Proceso de fabricaci\u00f3n: fundici\u00f3n a presi\u00f3n, chapado.<\/li>\n<li>Tratamiento superficial anticorrosi\u00f3n para la pintura de autom\u00f3viles, tratado para dar un efecto casi de espejo.<\/li>\n<li>Correas de cuero marr\u00f3n de alta calidad.<\/li>\n<li>Soporte de madera.<\/li>\n<li>Escala 1\/1<\/li>\n<li>Di\u00e1metro: 60 cm - Peso: 3,2 kg<\/li>\n<\/ul>","protected":false},"featured_media":28029,"template":"","meta":[],"product_brand":[896],"product_cat":[24,59],"product_tag":[543,544],"class_list":{"0":"post-28028","1":"product","2":"type-product","3":"status-publish","4":"has-post-thumbnail","6":"product_brand-replique-manga-cine","7":"product_cat-films-series-tv-vente-de-katana-epee-et-produits-derives","8":"product_cat-super-heros-marvel","9":"product_tag-bouclier-captain-america","10":"product_tag-bouclier-de-steve-rogers","12":"first","13":"instock","14":"taxable","15":"shipping-taxable","16":"purchasable","17":"product-type-simple"},"yoast_head":"<!-- This site is optimized with the Yoast SEO plugin v27.4 - https:\/\/yoast.com\/product\/yoast-seo-wordpress\/ -->\n<title>Bouclier Captain America - Echelle 1\/1 - R\u00e9plique Manga Cin\u00e9<\/title>\n<meta name=\"description\" content=\"Commandez vite! Votre Bouclier Captain America, entrez dans le combat comme Steve Rogers. Vous allez faire fureur dans les conventions et d\u00e9fil\u00e9s de Cosplay\" \/>\n<meta name=\"robots\" content=\"index, follow, max-snippet:-1, max-image-preview:large, max-video-preview:-1\" \/>\n<link rel=\"canonical\" href=\"https:\/\/repliquemangacine.fr\/es\/superheroes-marvel\/capitan-america-escudo-version-de-lujo\/\" \/>\n<meta property=\"og:locale\" content=\"es_ES\" \/>\n<meta property=\"og:type\" content=\"article\" \/>\n<meta property=\"og:title\" content=\"Bouclier Captain America - Echelle 1\/1 - R\u00e9plique Manga Cin\u00e9\" \/>\n<meta property=\"og:description\" content=\"Commandez vite! Votre Bouclier Captain America, entrez dans le combat comme Steve Rogers. Vous allez faire fureur dans les conventions et d\u00e9fil\u00e9s de Cosplay\" \/>\n<meta property=\"og:url\" content=\"https:\/\/repliquemangacine.fr\/es\/superheroes-marvel\/capitan-america-escudo-version-de-lujo\/\" \/>\n<meta property=\"og:site_name\" content=\"R\u00e9plique Manga Cin\u00e9\" \/>\n<meta property=\"article:publisher\" content=\"https:\/\/www.facebook.com\/RepliqueMangaCine\" \/>\n<meta property=\"article:modified_time\" content=\"2025-11-17T13:37:40+00:00\" \/>\n<meta property=\"og:image\" content=\"https:\/\/repliquemangacine.fr\/wp-content\/uploads\/2023\/10\/2754-Bouclier-Captain-America-full-metal.jpg\" \/>\n\t<meta property=\"og:image:width\" content=\"800\" \/>\n\t<meta property=\"og:image:height\" content=\"800\" \/>\n\t<meta property=\"og:image:type\" content=\"image\/jpeg\" \/>\n<meta name=\"twitter:card\" content=\"summary_large_image\" \/>\n<meta name=\"twitter:label1\" content=\"Tiempo de lectura\" \/>\n\t<meta name=\"twitter:data1\" content=\"2 minutos\" \/>\n<script type=\"application\/ld+json\" class=\"yoast-schema-graph\">{\"@context\":\"https:\\\/\\\/schema.org\",\"@graph\":[{\"@type\":\"WebPage\",\"@id\":\"https:\\\/\\\/repliquemangacine.fr\\\/super-heros-marvel\\\/bouclier-captain-america-version-luxe\\\/\",\"url\":\"https:\\\/\\\/repliquemangacine.fr\\\/super-heros-marvel\\\/bouclier-captain-america-version-luxe\\\/\",\"name\":\"Bouclier Captain America - Echelle 1\\\/1 - R\u00e9plique Manga Cin\u00e9\",\"isPartOf\":{\"@id\":\"https:\\\/\\\/repliquemangacine.fr\\\/#website\"},\"primaryImageOfPage\":{\"@id\":\"https:\\\/\\\/repliquemangacine.fr\\\/super-heros-marvel\\\/bouclier-captain-america-version-luxe\\\/#primaryimage\"},\"image\":{\"@id\":\"https:\\\/\\\/repliquemangacine.fr\\\/super-heros-marvel\\\/bouclier-captain-america-version-luxe\\\/#primaryimage\"},\"thumbnailUrl\":\"https:\\\/\\\/repliquemangacine.fr\\\/wp-content\\\/uploads\\\/2023\\\/10\\\/2754-Bouclier-Captain-America-full-metal.jpg\",\"datePublished\":\"2019-03-14T18:04:59+00:00\",\"dateModified\":\"2025-11-17T13:37:40+00:00\",\"description\":\"Commandez vite! Votre Bouclier Captain America, entrez dans le combat comme Steve Rogers. Vous allez faire fureur dans les conventions et d\u00e9fil\u00e9s de Cosplay\",\"breadcrumb\":{\"@id\":\"https:\\\/\\\/repliquemangacine.fr\\\/super-heros-marvel\\\/bouclier-captain-america-version-luxe\\\/#breadcrumb\"},\"inLanguage\":\"es\",\"potentialAction\":[{\"@type\":\"ReadAction\",\"target\":[\"https:\\\/\\\/repliquemangacine.fr\\\/super-heros-marvel\\\/bouclier-captain-america-version-luxe\\\/\"]}]},{\"@type\":\"ImageObject\",\"inLanguage\":\"es\",\"@id\":\"https:\\\/\\\/repliquemangacine.fr\\\/super-heros-marvel\\\/bouclier-captain-america-version-luxe\\\/#primaryimage\",\"url\":\"https:\\\/\\\/repliquemangacine.fr\\\/wp-content\\\/uploads\\\/2023\\\/10\\\/2754-Bouclier-Captain-America-full-metal.jpg\",\"contentUrl\":\"https:\\\/\\\/repliquemangacine.fr\\\/wp-content\\\/uploads\\\/2023\\\/10\\\/2754-Bouclier-Captain-America-full-metal.jpg\",\"width\":800,\"height\":800,\"caption\":\"Bouclier Captain Am\u00e9rica full metal\"},{\"@type\":\"BreadcrumbList\",\"@id\":\"https:\\\/\\\/repliquemangacine.fr\\\/super-heros-marvel\\\/bouclier-captain-america-version-luxe\\\/#breadcrumb\",\"itemListElement\":[{\"@type\":\"ListItem\",\"position\":1,\"name\":\"Accueil\",\"item\":\"https:\\\/\\\/repliquemangacine.fr\\\/\"},{\"@type\":\"ListItem\",\"position\":2,\"name\":\"Produits\",\"item\":\"https:\\\/\\\/repliquemangacine.fr\\\/boutique\\\/\"},{\"@type\":\"ListItem\",\"position\":3,\"name\":\"Bouclier Captain America\"}]},{\"@type\":\"WebSite\",\"@id\":\"https:\\\/\\\/repliquemangacine.fr\\\/#website\",\"url\":\"https:\\\/\\\/repliquemangacine.fr\\\/\",\"name\":\"R\u00e9plique Manga Cin\u00e9\",\"description\":\"\",\"publisher\":{\"@id\":\"https:\\\/\\\/repliquemangacine.fr\\\/#organization\"},\"potentialAction\":[{\"@type\":\"SearchAction\",\"target\":{\"@type\":\"EntryPoint\",\"urlTemplate\":\"https:\\\/\\\/repliquemangacine.fr\\\/?s={search_term_string}\"},\"query-input\":{\"@type\":\"PropertyValueSpecification\",\"valueRequired\":true,\"valueName\":\"search_term_string\"}}],\"inLanguage\":\"es\"},{\"@type\":\"Organization\",\"@id\":\"https:\\\/\\\/repliquemangacine.fr\\\/#organization\",\"name\":\"R\u00e9plique Manga Cin\u00e9\",\"url\":\"https:\\\/\\\/repliquemangacine.fr\\\/\",\"logo\":{\"@type\":\"ImageObject\",\"inLanguage\":\"es\",\"@id\":\"https:\\\/\\\/repliquemangacine.fr\\\/#\\\/schema\\\/logo\\\/image\\\/\",\"url\":\"https:\\\/\\\/repliquemangacine.fr\\\/wp-content\\\/uploads\\\/2023\\\/10\\\/RMC-500250.png\",\"contentUrl\":\"https:\\\/\\\/repliquemangacine.fr\\\/wp-content\\\/uploads\\\/2023\\\/10\\\/RMC-500250.png\",\"width\":500,\"height\":250,\"caption\":\"R\u00e9plique Manga Cin\u00e9\"},\"image\":{\"@id\":\"https:\\\/\\\/repliquemangacine.fr\\\/#\\\/schema\\\/logo\\\/image\\\/\"},\"sameAs\":[\"https:\\\/\\\/www.facebook.com\\\/RepliqueMangaCine\",\"https:\\\/\\\/www.instagram.com\\\/repliquemangacine.fr\\\/\"]}]}<\/script>\n<!-- \/ Yoast SEO plugin. -->","yoast_head_json":{"title":"Escudo del Capit\u00e1n Am\u00e9rica - Escala 1\/1 - R\u00e9plique Manga Cin\u00e9","description":"\u00a1P\u00eddelo ya! Tu escudo del Capit\u00e1n Am\u00e9rica, entra en combate como Steve Rogers. \u00a1Estar\u00e1s de moda en las convenciones y desfiles Cosplay!","robots":{"index":"index","follow":"follow","max-snippet":"max-snippet:-1","max-image-preview":"max-image-preview:large","max-video-preview":"max-video-preview:-1"},"canonical":"https:\/\/repliquemangacine.fr\/es\/superheroes-marvel\/capitan-america-escudo-version-de-lujo\/","og_locale":"es_ES","og_type":"article","og_title":"Bouclier Captain America - Echelle 1\/1 - R\u00e9plique Manga Cin\u00e9","og_description":"Commandez vite! Votre Bouclier Captain America, entrez dans le combat comme Steve Rogers. Vous allez faire fureur dans les conventions et d\u00e9fil\u00e9s de Cosplay","og_url":"https:\/\/repliquemangacine.fr\/es\/superheroes-marvel\/capitan-america-escudo-version-de-lujo\/","og_site_name":"R\u00e9plique Manga Cin\u00e9","article_publisher":"https:\/\/www.facebook.com\/RepliqueMangaCine","article_modified_time":"2025-11-17T13:37:40+00:00","og_image":[{"width":800,"height":800,"url":"https:\/\/repliquemangacine.fr\/wp-content\/uploads\/2023\/10\/2754-Bouclier-Captain-America-full-metal.jpg","type":"image\/jpeg"}],"twitter_card":"summary_large_image","twitter_misc":{"Tiempo de lectura":"2 minutos"},"schema":{"@context":"https:\/\/schema.org","@graph":[{"@type":"WebPage","@id":"https:\/\/repliquemangacine.fr\/super-heros-marvel\/bouclier-captain-america-version-luxe\/","url":"https:\/\/repliquemangacine.fr\/super-heros-marvel\/bouclier-captain-america-version-luxe\/","name":"Escudo del Capit\u00e1n Am\u00e9rica - Escala 1\/1 - R\u00e9plique Manga Cin\u00e9","isPartOf":{"@id":"https:\/\/repliquemangacine.fr\/#website"},"primaryImageOfPage":{"@id":"https:\/\/repliquemangacine.fr\/super-heros-marvel\/bouclier-captain-america-version-luxe\/#primaryimage"},"image":{"@id":"https:\/\/repliquemangacine.fr\/super-heros-marvel\/bouclier-captain-america-version-luxe\/#primaryimage"},"thumbnailUrl":"https:\/\/repliquemangacine.fr\/wp-content\/uploads\/2023\/10\/2754-Bouclier-Captain-America-full-metal.jpg","datePublished":"2019-03-14T18:04:59+00:00","dateModified":"2025-11-17T13:37:40+00:00","description":"\u00a1P\u00eddelo ya! Tu escudo del Capit\u00e1n Am\u00e9rica, entra en combate como Steve Rogers. \u00a1Estar\u00e1s de moda en las convenciones y desfiles Cosplay!","breadcrumb":{"@id":"https:\/\/repliquemangacine.fr\/super-heros-marvel\/bouclier-captain-america-version-luxe\/#breadcrumb"},"inLanguage":"es","potentialAction":[{"@type":"ReadAction","target":["https:\/\/repliquemangacine.fr\/super-heros-marvel\/bouclier-captain-america-version-luxe\/"]}]},{"@type":"ImageObject","inLanguage":"es","@id":"https:\/\/repliquemangacine.fr\/super-heros-marvel\/bouclier-captain-america-version-luxe\/#primaryimage","url":"https:\/\/repliquemangacine.fr\/wp-content\/uploads\/2023\/10\/2754-Bouclier-Captain-America-full-metal.jpg","contentUrl":"https:\/\/repliquemangacine.fr\/wp-content\/uploads\/2023\/10\/2754-Bouclier-Captain-America-full-metal.jpg","width":800,"height":800,"caption":"Bouclier Captain Am\u00e9rica full metal"},{"@type":"BreadcrumbList","@id":"https:\/\/repliquemangacine.fr\/super-heros-marvel\/bouclier-captain-america-version-luxe\/#breadcrumb","itemListElement":[{"@type":"ListItem","position":1,"name":"Accueil","item":"https:\/\/repliquemangacine.fr\/"},{"@type":"ListItem","position":2,"name":"Produits","item":"https:\/\/repliquemangacine.fr\/boutique\/"},{"@type":"ListItem","position":3,"name":"Bouclier Captain America"}]},{"@type":"WebSite","@id":"https:\/\/repliquemangacine.fr\/#website","url":"https:\/\/repliquemangacine.fr\/","name":"R\u00e9plique Manga Cin\u00e9","description":"","publisher":{"@id":"https:\/\/repliquemangacine.fr\/#organization"},"potentialAction":[{"@type":"SearchAction","target":{"@type":"EntryPoint","urlTemplate":"https:\/\/repliquemangacine.fr\/?s={search_term_string}"},"query-input":{"@type":"PropertyValueSpecification","valueRequired":true,"valueName":"search_term_string"}}],"inLanguage":"es"},{"@type":"Organization","@id":"https:\/\/repliquemangacine.fr\/#organization","name":"R\u00e9plique Manga Cin\u00e9","url":"https:\/\/repliquemangacine.fr\/","logo":{"@type":"ImageObject","inLanguage":"es","@id":"https:\/\/repliquemangacine.fr\/#\/schema\/logo\/image\/","url":"https:\/\/repliquemangacine.fr\/wp-content\/uploads\/2023\/10\/RMC-500250.png","contentUrl":"https:\/\/repliquemangacine.fr\/wp-content\/uploads\/2023\/10\/RMC-500250.png","width":500,"height":250,"caption":"R\u00e9plique Manga Cin\u00e9"},"image":{"@id":"https:\/\/repliquemangacine.fr\/#\/schema\/logo\/image\/"},"sameAs":["https:\/\/www.facebook.com\/RepliqueMangaCine","https:\/\/www.instagram.com\/repliquemangacine.fr\/"]}]}},"_links":{"self":[{"href":"https:\/\/repliquemangacine.fr\/es\/wp-json\/wp\/v2\/product\/28028","targetHints":{"allow":["GET"]}}],"collection":[{"href":"https:\/\/repliquemangacine.fr\/es\/wp-json\/wp\/v2\/product"}],"about":[{"href":"https:\/\/repliquemangacine.fr\/es\/wp-json\/wp\/v2\/types\/product"}],"wp:featuredmedia":[{"embeddable":true,"href":"https:\/\/repliquemangacine.fr\/es\/wp-json\/wp\/v2\/media\/28029"}],"wp:attachment":[{"href":"https:\/\/repliquemangacine.fr\/es\/wp-json\/wp\/v2\/media?parent=28028"}],"wp:term":[{"taxonomy":"product_brand","embeddable":true,"href":"https:\/\/repliquemangacine.fr\/es\/wp-json\/wp\/v2\/product_brand?post=28028"},{"taxonomy":"product_cat","embeddable":true,"href":"https:\/\/repliquemangacine.fr\/es\/wp-json\/wp\/v2\/product_cat?post=28028"},{"taxonomy":"product_tag","embeddable":true,"href":"https:\/\/repliquemangacine.fr\/es\/wp-json\/wp\/v2\/product_tag?post=28028"}],"curies":[{"name":"wp","href":"https:\/\/api.w.org\/{rel}","templated":true}]}}