





{"id":28013,"date":"2019-01-29T11:00:38","date_gmt":"2019-01-29T10:00:38","guid":{"rendered":"https:\/\/repliquemangacine.fr\/?post_type=product&#038;p=28013"},"modified":"2025-09-23T18:02:02","modified_gmt":"2025-09-23T16:02:02","slug":"hacha-martillo-stormbreaker-pm","status":"publish","type":"product","link":"https:\/\/repliquemangacine.fr\/es\/super-heros-marvel\/hache-marteau-stormbreaker-pm\/","title":{"rendered":"Stormbreaker PM"},"content":{"rendered":"<h2>Hacha martillo PM Stormbreaker de Thor.<\/h2>\n<p>Para empezar, el Stormbreaker PM Axe Hammer de Thor, este martillo hacha est\u00e1 hecho completamente de resina, el mango es una imitaci\u00f3n de la punta de una <a href=\"https:\/\/universcinematographiquemarvel.fandom.com\/fr\/wiki\/Groot?so=search\" target=\"_blank\" rel=\"noopener noreferrer\">Groot<\/a> !<\/p>\n<p>Stormbreaker es un hacha encantada de fabricaci\u00f3n enana, forjada con uru en Nidavellir, con la capacidad de invocar al Bifrost. Tras la destrucci\u00f3n de Mj\u00f8lnir, Thor utiliza esta arma.<\/p>\n<p>Stormbreaker es capaz de concentrar y mejorar los poderes de Thor. Debido a su composici\u00f3n de Uru, el arma es casi indestructible y capaz de resistir las explosiones de energ\u00eda creadas por las Gemas del Infinito. Tambi\u00e9n es capaz de canalizar la energ\u00eda dimensional e invocar el Bifrost, lo que permiti\u00f3 a Thor teletransportarse, junto con Rocket Raccoon y Groot, a Wakanda.<\/p>\n<h2>Su PM Stormbreaker al mejor precio.<\/h2>\n<p>Ofrecemos una amplia gama de r\u00e9plicas de tus superh\u00e9roes Marvel.<\/p>\n<p>Lo primero y m\u00e1s importante,<\/p>\n<ul>\n<li>Le <a href=\"https:\/\/repliquemangacine.fr\/es\/superheroes\/llavero-escudo-capitan-america\/\">Llavero con el escudo del Capit\u00e1n Am\u00e9rica<\/a> todo de metal.<\/li>\n<li>Tambi\u00e9n existe la <a href=\"https:\/\/repliquemangacine.fr\/es\/superheroes\/llavero-escudo-capitan-america\/\">Caja de coleccionista Marvel<\/a> Llavero o collar de 11 piezas.<\/li>\n<li>Adem\u00e1s de la enorme <a href=\"https:\/\/repliquemangacine.fr\/es\/superheroes\/double-epee-de-thanos-avengers-endgame\/\">La doble espada de Thanos<\/a> en Avengers Endgame.<\/li>\n<li>Y mucho m\u00e1s por descubrir en nuestra tienda en l\u00ednea.<\/li>\n<\/ul>\n<p>Por eso, esta es una idea estupenda para regalar a todos los fans de Marvel.<\/p>\n<p>En conclusi\u00f3n, tambi\u00e9n puedes utilizar este Stormbreaker PM de Thor para tus desfiles de cosplay. Pero, ante todo, el hacha martillo es tambi\u00e9n una pieza de colecci\u00f3n y decoraci\u00f3n.<\/p>\n<h2>\u00bfC\u00f3mo se fabrican nuestros productos Marvel?<\/h2>\n<p>Para empezar, todos nuestros productos derivados son de la m\u00e1xima calidad, fabricados con meticulosa atenci\u00f3n al detalle. Una parte se hace a mano, para reproducir hasta el m\u00e1s m\u00ednimo detalle. Las partes m\u00e1s importantes se mecanizan con m\u00e1quinas muy precisas. Los grabados se hacen generalmente con punta de diamante o l\u00e1ser.<\/p>\n<p>Su <strong>Stormbreaker PM,<\/strong> Fabricado para reproducir con exactitud todos los detalles. Totalmente hecho de resina moldeada. El hacha martillo, fabricada como Eitri, el \u00faltimo enano herrero de la estrella.<\/p>\n<p>En conclusi\u00f3n, nuestras r\u00e9plicas, importadas de China o Espa\u00f1a, \u00a1le sorprender\u00e1n!<\/p>\n<p>R\u00e9plique Manga Cin\u00e9 es una empresa familiar francesa.<\/p>","protected":false},"excerpt":{"rendered":"<p>Magn\u00edfica r\u00e9plica del Stormbreaker utilizado por Thor en Vengadores, Infinity War.<\/p>\n<ul>\n<li>Fabricado \u00edntegramente en resina moldeada.<\/li>\n<li>Peque\u00f1a pieza de colecci\u00f3n<\/li>\n<li>Mango de imitaci\u00f3n de Groot.<\/li>\n<li>Longitud del mango: 57 cm - Longitud total: 67 cm<\/li>\n<\/ul>","protected":false},"featured_media":28014,"template":"","meta":[],"product_brand":[896],"product_cat":[24,59],"product_tag":[533,538,507],"class_list":{"0":"post-28013","1":"product","2":"type-product","3":"status-publish","4":"has-post-thumbnail","6":"product_brand-replique-manga-cine","7":"product_cat-films-series-tv-vente-de-katana-epee-et-produits-derives","8":"product_cat-super-heros-marvel","9":"product_tag-avengers-infinity","10":"product_tag-hache-marteau-thor","11":"product_tag-replique-stormbreaker","13":"first","14":"instock","15":"taxable","16":"shipping-taxable","17":"purchasable","18":"product-type-simple"},"yoast_head":"<!-- This site is optimized with the Yoast SEO plugin v27.5 - https:\/\/yoast.com\/product\/yoast-seo-wordpress\/ -->\n<title>Stormbreaker PM r\u00e9sine - Hache Marteau | R\u00e9plique Manga Cin\u00e9<\/title>\n<meta name=\"description\" content=\"Commandez vite\u202f! La Hache Marteau Stormbreaker PM au meilleur prix - Tout en r\u00e9sine moul\u00e9 - Longueur totale : 67 cm - Poids : 955g - Envoi 24\/48h\" \/>\n<meta name=\"robots\" content=\"index, follow, max-snippet:-1, max-image-preview:large, max-video-preview:-1\" \/>\n<link rel=\"canonical\" href=\"https:\/\/repliquemangacine.fr\/es\/superheroes-marvel\/hacha-martillo-stormbreaker-pm\/\" \/>\n<meta property=\"og:locale\" content=\"es_ES\" \/>\n<meta property=\"og:type\" content=\"article\" \/>\n<meta property=\"og:title\" content=\"Stormbreaker PM r\u00e9sine - Hache Marteau | R\u00e9plique Manga Cin\u00e9\" \/>\n<meta property=\"og:description\" content=\"Commandez vite\u202f! La Hache Marteau Stormbreaker PM au meilleur prix - Tout en r\u00e9sine moul\u00e9 - Longueur totale : 67 cm - Poids : 955g - Envoi 24\/48h\" \/>\n<meta property=\"og:url\" content=\"https:\/\/repliquemangacine.fr\/es\/superheroes-marvel\/hacha-martillo-stormbreaker-pm\/\" \/>\n<meta property=\"og:site_name\" content=\"R\u00e9plique Manga Cin\u00e9\" \/>\n<meta property=\"article:publisher\" content=\"https:\/\/www.facebook.com\/RepliqueMangaCine\" \/>\n<meta property=\"article:modified_time\" content=\"2025-09-23T16:02:02+00:00\" \/>\n<meta property=\"og:image\" content=\"https:\/\/repliquemangacine.fr\/wp-content\/uploads\/2023\/10\/stormbreaker-pm.jpg\" \/>\n\t<meta property=\"og:image:width\" content=\"500\" \/>\n\t<meta property=\"og:image:height\" content=\"500\" \/>\n\t<meta property=\"og:image:type\" content=\"image\/jpeg\" \/>\n<meta name=\"twitter:card\" content=\"summary_large_image\" \/>\n<meta name=\"twitter:label1\" content=\"Tiempo de lectura\" \/>\n\t<meta name=\"twitter:data1\" content=\"1 minuto\" \/>\n<script type=\"application\/ld+json\" class=\"yoast-schema-graph\">{\"@context\":\"https:\\\/\\\/schema.org\",\"@graph\":[{\"@type\":\"WebPage\",\"@id\":\"https:\\\/\\\/repliquemangacine.fr\\\/super-heros-marvel\\\/hache-marteau-stormbreaker-pm\\\/\",\"url\":\"https:\\\/\\\/repliquemangacine.fr\\\/super-heros-marvel\\\/hache-marteau-stormbreaker-pm\\\/\",\"name\":\"Stormbreaker PM r\u00e9sine - Hache Marteau | R\u00e9plique Manga Cin\u00e9\",\"isPartOf\":{\"@id\":\"https:\\\/\\\/repliquemangacine.fr\\\/#website\"},\"primaryImageOfPage\":{\"@id\":\"https:\\\/\\\/repliquemangacine.fr\\\/super-heros-marvel\\\/hache-marteau-stormbreaker-pm\\\/#primaryimage\"},\"image\":{\"@id\":\"https:\\\/\\\/repliquemangacine.fr\\\/super-heros-marvel\\\/hache-marteau-stormbreaker-pm\\\/#primaryimage\"},\"thumbnailUrl\":\"https:\\\/\\\/repliquemangacine.fr\\\/wp-content\\\/uploads\\\/2023\\\/10\\\/stormbreaker-pm.jpg\",\"datePublished\":\"2019-01-29T10:00:38+00:00\",\"dateModified\":\"2025-09-23T16:02:02+00:00\",\"description\":\"Commandez vite\u202f! La Hache Marteau Stormbreaker PM au meilleur prix - Tout en r\u00e9sine moul\u00e9 - Longueur totale : 67 cm - Poids : 955g - Envoi 24\\\/48h\",\"breadcrumb\":{\"@id\":\"https:\\\/\\\/repliquemangacine.fr\\\/super-heros-marvel\\\/hache-marteau-stormbreaker-pm\\\/#breadcrumb\"},\"inLanguage\":\"es\",\"potentialAction\":[{\"@type\":\"ReadAction\",\"target\":[\"https:\\\/\\\/repliquemangacine.fr\\\/super-heros-marvel\\\/hache-marteau-stormbreaker-pm\\\/\"]}]},{\"@type\":\"ImageObject\",\"inLanguage\":\"es\",\"@id\":\"https:\\\/\\\/repliquemangacine.fr\\\/super-heros-marvel\\\/hache-marteau-stormbreaker-pm\\\/#primaryimage\",\"url\":\"https:\\\/\\\/repliquemangacine.fr\\\/wp-content\\\/uploads\\\/2023\\\/10\\\/stormbreaker-pm.jpg\",\"contentUrl\":\"https:\\\/\\\/repliquemangacine.fr\\\/wp-content\\\/uploads\\\/2023\\\/10\\\/stormbreaker-pm.jpg\",\"width\":500,\"height\":500,\"caption\":\"Hache Marteau Stormbreaker PM\"},{\"@type\":\"BreadcrumbList\",\"@id\":\"https:\\\/\\\/repliquemangacine.fr\\\/super-heros-marvel\\\/hache-marteau-stormbreaker-pm\\\/#breadcrumb\",\"itemListElement\":[{\"@type\":\"ListItem\",\"position\":1,\"name\":\"Accueil\",\"item\":\"https:\\\/\\\/repliquemangacine.fr\\\/\"},{\"@type\":\"ListItem\",\"position\":2,\"name\":\"Produits\",\"item\":\"https:\\\/\\\/repliquemangacine.fr\\\/boutique\\\/\"},{\"@type\":\"ListItem\",\"position\":3,\"name\":\"Stormbreaker PM\"}]},{\"@type\":\"WebSite\",\"@id\":\"https:\\\/\\\/repliquemangacine.fr\\\/#website\",\"url\":\"https:\\\/\\\/repliquemangacine.fr\\\/\",\"name\":\"R\u00e9plique Manga Cin\u00e9\",\"description\":\"\",\"publisher\":{\"@id\":\"https:\\\/\\\/repliquemangacine.fr\\\/#organization\"},\"potentialAction\":[{\"@type\":\"SearchAction\",\"target\":{\"@type\":\"EntryPoint\",\"urlTemplate\":\"https:\\\/\\\/repliquemangacine.fr\\\/?s={search_term_string}\"},\"query-input\":{\"@type\":\"PropertyValueSpecification\",\"valueRequired\":true,\"valueName\":\"search_term_string\"}}],\"inLanguage\":\"es\"},{\"@type\":\"Organization\",\"@id\":\"https:\\\/\\\/repliquemangacine.fr\\\/#organization\",\"name\":\"R\u00e9plique Manga Cin\u00e9\",\"url\":\"https:\\\/\\\/repliquemangacine.fr\\\/\",\"logo\":{\"@type\":\"ImageObject\",\"inLanguage\":\"es\",\"@id\":\"https:\\\/\\\/repliquemangacine.fr\\\/#\\\/schema\\\/logo\\\/image\\\/\",\"url\":\"https:\\\/\\\/repliquemangacine.fr\\\/wp-content\\\/uploads\\\/2023\\\/10\\\/RMC-500250.png\",\"contentUrl\":\"https:\\\/\\\/repliquemangacine.fr\\\/wp-content\\\/uploads\\\/2023\\\/10\\\/RMC-500250.png\",\"width\":500,\"height\":250,\"caption\":\"R\u00e9plique Manga Cin\u00e9\"},\"image\":{\"@id\":\"https:\\\/\\\/repliquemangacine.fr\\\/#\\\/schema\\\/logo\\\/image\\\/\"},\"sameAs\":[\"https:\\\/\\\/www.facebook.com\\\/RepliqueMangaCine\",\"https:\\\/\\\/www.instagram.com\\\/repliquemangacine.fr\\\/\"]}]}<\/script>\n<!-- \/ Yoast SEO plugin. -->","yoast_head_json":{"title":"Stormbreaker PM resina - Axe Hammer | R\u00e9plique Manga Cin\u00e9","description":"Haz tu pedido El Hacha Martillo Stormbreaker PM al mejor precio - Toda la resina moldeada - Longitud total: 67 cm - Peso: 955g - Env\u00edo 24\/48h","robots":{"index":"index","follow":"follow","max-snippet":"max-snippet:-1","max-image-preview":"max-image-preview:large","max-video-preview":"max-video-preview:-1"},"canonical":"https:\/\/repliquemangacine.fr\/es\/superheroes-marvel\/hacha-martillo-stormbreaker-pm\/","og_locale":"es_ES","og_type":"article","og_title":"Stormbreaker PM r\u00e9sine - Hache Marteau | R\u00e9plique Manga Cin\u00e9","og_description":"Commandez vite\u202f! La Hache Marteau Stormbreaker PM au meilleur prix - Tout en r\u00e9sine moul\u00e9 - Longueur totale : 67 cm - Poids : 955g - Envoi 24\/48h","og_url":"https:\/\/repliquemangacine.fr\/es\/superheroes-marvel\/hacha-martillo-stormbreaker-pm\/","og_site_name":"R\u00e9plique Manga Cin\u00e9","article_publisher":"https:\/\/www.facebook.com\/RepliqueMangaCine","article_modified_time":"2025-09-23T16:02:02+00:00","og_image":[{"width":500,"height":500,"url":"https:\/\/repliquemangacine.fr\/wp-content\/uploads\/2023\/10\/stormbreaker-pm.jpg","type":"image\/jpeg"}],"twitter_card":"summary_large_image","twitter_misc":{"Tiempo de lectura":"1 minuto"},"schema":{"@context":"https:\/\/schema.org","@graph":[{"@type":"WebPage","@id":"https:\/\/repliquemangacine.fr\/super-heros-marvel\/hache-marteau-stormbreaker-pm\/","url":"https:\/\/repliquemangacine.fr\/super-heros-marvel\/hache-marteau-stormbreaker-pm\/","name":"Stormbreaker PM resina - Axe Hammer | R\u00e9plique Manga Cin\u00e9","isPartOf":{"@id":"https:\/\/repliquemangacine.fr\/#website"},"primaryImageOfPage":{"@id":"https:\/\/repliquemangacine.fr\/super-heros-marvel\/hache-marteau-stormbreaker-pm\/#primaryimage"},"image":{"@id":"https:\/\/repliquemangacine.fr\/super-heros-marvel\/hache-marteau-stormbreaker-pm\/#primaryimage"},"thumbnailUrl":"https:\/\/repliquemangacine.fr\/wp-content\/uploads\/2023\/10\/stormbreaker-pm.jpg","datePublished":"2019-01-29T10:00:38+00:00","dateModified":"2025-09-23T16:02:02+00:00","description":"Haz tu pedido El Hacha Martillo Stormbreaker PM al mejor precio - Toda la resina moldeada - Longitud total: 67 cm - Peso: 955g - Env\u00edo 24\/48h","breadcrumb":{"@id":"https:\/\/repliquemangacine.fr\/super-heros-marvel\/hache-marteau-stormbreaker-pm\/#breadcrumb"},"inLanguage":"es","potentialAction":[{"@type":"ReadAction","target":["https:\/\/repliquemangacine.fr\/super-heros-marvel\/hache-marteau-stormbreaker-pm\/"]}]},{"@type":"ImageObject","inLanguage":"es","@id":"https:\/\/repliquemangacine.fr\/super-heros-marvel\/hache-marteau-stormbreaker-pm\/#primaryimage","url":"https:\/\/repliquemangacine.fr\/wp-content\/uploads\/2023\/10\/stormbreaker-pm.jpg","contentUrl":"https:\/\/repliquemangacine.fr\/wp-content\/uploads\/2023\/10\/stormbreaker-pm.jpg","width":500,"height":500,"caption":"Hache Marteau Stormbreaker PM"},{"@type":"BreadcrumbList","@id":"https:\/\/repliquemangacine.fr\/super-heros-marvel\/hache-marteau-stormbreaker-pm\/#breadcrumb","itemListElement":[{"@type":"ListItem","position":1,"name":"Accueil","item":"https:\/\/repliquemangacine.fr\/"},{"@type":"ListItem","position":2,"name":"Produits","item":"https:\/\/repliquemangacine.fr\/boutique\/"},{"@type":"ListItem","position":3,"name":"Stormbreaker PM"}]},{"@type":"WebSite","@id":"https:\/\/repliquemangacine.fr\/#website","url":"https:\/\/repliquemangacine.fr\/","name":"R\u00e9plique Manga Cin\u00e9","description":"","publisher":{"@id":"https:\/\/repliquemangacine.fr\/#organization"},"potentialAction":[{"@type":"SearchAction","target":{"@type":"EntryPoint","urlTemplate":"https:\/\/repliquemangacine.fr\/?s={search_term_string}"},"query-input":{"@type":"PropertyValueSpecification","valueRequired":true,"valueName":"search_term_string"}}],"inLanguage":"es"},{"@type":"Organization","@id":"https:\/\/repliquemangacine.fr\/#organization","name":"R\u00e9plique Manga Cin\u00e9","url":"https:\/\/repliquemangacine.fr\/","logo":{"@type":"ImageObject","inLanguage":"es","@id":"https:\/\/repliquemangacine.fr\/#\/schema\/logo\/image\/","url":"https:\/\/repliquemangacine.fr\/wp-content\/uploads\/2023\/10\/RMC-500250.png","contentUrl":"https:\/\/repliquemangacine.fr\/wp-content\/uploads\/2023\/10\/RMC-500250.png","width":500,"height":250,"caption":"R\u00e9plique Manga Cin\u00e9"},"image":{"@id":"https:\/\/repliquemangacine.fr\/#\/schema\/logo\/image\/"},"sameAs":["https:\/\/www.facebook.com\/RepliqueMangaCine","https:\/\/www.instagram.com\/repliquemangacine.fr\/"]}]}},"_links":{"self":[{"href":"https:\/\/repliquemangacine.fr\/es\/wp-json\/wp\/v2\/product\/28013","targetHints":{"allow":["GET"]}}],"collection":[{"href":"https:\/\/repliquemangacine.fr\/es\/wp-json\/wp\/v2\/product"}],"about":[{"href":"https:\/\/repliquemangacine.fr\/es\/wp-json\/wp\/v2\/types\/product"}],"wp:featuredmedia":[{"embeddable":true,"href":"https:\/\/repliquemangacine.fr\/es\/wp-json\/wp\/v2\/media\/28014"}],"wp:attachment":[{"href":"https:\/\/repliquemangacine.fr\/es\/wp-json\/wp\/v2\/media?parent=28013"}],"wp:term":[{"taxonomy":"product_brand","embeddable":true,"href":"https:\/\/repliquemangacine.fr\/es\/wp-json\/wp\/v2\/product_brand?post=28013"},{"taxonomy":"product_cat","embeddable":true,"href":"https:\/\/repliquemangacine.fr\/es\/wp-json\/wp\/v2\/product_cat?post=28013"},{"taxonomy":"product_tag","embeddable":true,"href":"https:\/\/repliquemangacine.fr\/es\/wp-json\/wp\/v2\/product_tag?post=28013"}],"curies":[{"name":"wp","href":"https:\/\/api.w.org\/{rel}","templated":true}]}}