





{"id":27989,"date":"2019-01-26T14:54:59","date_gmt":"2019-01-26T13:54:59","guid":{"rendered":"https:\/\/repliquemangacine.fr\/?post_type=product&#038;p=27989"},"modified":"2025-11-19T11:26:52","modified_gmt":"2025-11-19T10:26:52","slug":"replica-de-espuma-del-martillo-de-thrall-doomhammer-world-of-warcraft","status":"publish","type":"product","link":"https:\/\/repliquemangacine.fr\/es\/epees-world-of-warcraft\/replique-en-mousse-du-marteau-de-thrall-doomhammer-world-of-warcraft\/","title":{"rendered":"Espuma Doomhammer World of Warcraft"},"content":{"rendered":"<h2>Martillo de Thrall Mousse en World of Warcraft<\/h2>\n<p>Para empezar, el <strong>Thrall Martillo Espuma<\/strong>, el Martillo del Destino, forjado en la lava elemental de Draenor. Cuando su portador lo empu\u00f1a en la batalla, sella el destino de sus enemigos, Orgrim Martillo del Destino.<\/p>\n<p>Thrall es un personaje emblem\u00e1tico del universo del videojuego Warcraft, creado por los estudios Blizzard. Es el jefe guerrero que lidera la nueva Horda durante la Tercera Guerra. Entre los jugadores de World of Warcraft, el Martillo de Thrall es visible en la capital de la Horda. <a href=\"https:\/\/wow.fandom.com\/fr\/wiki\/Orgrimmar\" target=\"_blank\" rel=\"noopener noreferrer\">Orgrimmar<\/a>.<\/p>\n<p>Se convirti\u00f3 en el primer orco en dominar los elementos en muchos a\u00f1os. As\u00ed, es el jefe de guerra que lidera la nueva Horda durante la Tercera Guerra. Entre los jugadores de World of Warcraft, el Martillo de Thrall es visible en la capital de la Horda, Orgrimmar.<\/p>\n<h2>Tu Martillo de Espuma Thrall al mejor precio<\/h2>\n<p>Te ofrecemos una amplia selecci\u00f3n de espadas del mundo de World of Warcraft.<\/p>\n<p>Lo primero y m\u00e1s importante,<\/p>\n<ul>\n<li>El impresionante <a href=\"https:\/\/repliquemangacine.fr\/es\/espadas-de-world-of-warcraft\/espadas-gemelas-de-azzinoth-espada-legendaria-de-illidan\/\">hojas gemelas de Azzintoh<\/a> Las armas legendarias de Illidan.<\/li>\n<li>Tambi\u00e9n est\u00e1 la legendaria espada del palad\u00edn Alexandros Mograine la <a href=\"https:\/\/repliquemangacine.fr\/es\/espadas-de-world-of-warcraft\/epee-ashbringer-world-of-warcraft\/\">Ashbringer<\/a><\/li>\n<li>Adem\u00e1s del hacha a dos manos, el <a href=\"https:\/\/repliquemangacine.fr\/es\/espadas-de-world-of-warcraft\/hacha-deuillelombre-shadowmourne-world-of-warcraft\/\">Shadowmourne<\/a> del Rey Arthas.<\/li>\n<li>Y mucho m\u00e1s por descubrir en nuestra tienda en l\u00ednea.<\/li>\n<\/ul>\n<p>Por eso, esta es una idea estupenda para regalar a los fans de WoW.<\/p>\n<p>En conclusi\u00f3n, puede utilizar el <strong>Thrall Martillo Espuma<\/strong> Doomhammer para tus desfiles de cosplay o fiestas tem\u00e1ticas. Pero sobre todo, el martillo de Thrall es un objeto de coleccionista y una pieza decorativa.<\/p>\n<h2>Descubre nuestras novedades World of Warcraft baratas.<\/h2>\n<p>Siempre estamos a la b\u00fasqueda de algo nuevo, \u00a1as\u00ed que tenemos algunas peque\u00f1as pepitas para que las descubra!<\/p>\n<ul>\n<li>La <a href=\"https:\/\/repliquemangacine.fr\/es\/espadas-de-world-of-warcraft\/frostmourne-figurine-and-arthas-base-box-set\/\">Figura espada Frostmourne<\/a> en metal sobre su base de hielo de resina luminosa. Esta pieza de coleccionista se presenta en una vitrina con los colores del juego.<\/li>\n<li>Tambi\u00e9n est\u00e1 el Martillo del Destino, todo en resina finamente detallada.<\/li>\n<li>As\u00ed como las banderas de la Horda y la Alianza, de un metro de altura.<\/li>\n<\/ul>\n<p>Pr\u00f3ximamente, tambi\u00e9n habr\u00e1 figuras de World of Warcraft y p\u00f3sters enrollables de tus personajes favoritos.<\/p>\n<p>R\u00e9plique Manga Cin\u00e9 es una empresa familiar francesa.<\/p>","protected":false},"excerpt":{"rendered":"<div class=\"text col-xs-offset-0\" style=\"height: auto;\">El martillo de espuma de Thrall en World of Warcraft.<\/div>\n<div><\/div>\n<ul>\n<li class=\"text col-xs-offset-0\" style=\"height: auto;\">Fabricado \u00edntegramente con elast\u00f3meros de poliuretano (espuma) de alta calidad.<\/li>\n<li class=\"text col-xs-offset-0\" style=\"height: auto;\">La maza con el emblema del lobo a\u00f1adido por Thrall.<\/li>\n<li class=\"text col-xs-offset-0\" style=\"height: auto;\">Empu\u00f1adura y pomo de espuma con correa de imitaci\u00f3n.<\/li>\n<li>Longitud total: 43 cm<\/li>\n<\/ul>\n<div class=\"text col-xs-offset-0\" style=\"height: auto;\"><\/div>","protected":false},"featured_media":27990,"template":"","meta":[],"product_brand":[896],"product_cat":[23,60],"product_tag":[],"class_list":{"0":"post-27989","1":"product","2":"type-product","3":"status-publish","4":"has-post-thumbnail","6":"product_brand-replique-manga-cine","7":"product_cat-repliques-manga-jeux-video","8":"product_cat-epees-world-of-warcraft","10":"first","11":"instock","12":"taxable","13":"shipping-taxable","14":"purchasable","15":"product-type-simple"},"yoast_head":"<!-- This site is optimized with the Yoast SEO plugin v27.5 - https:\/\/yoast.com\/product\/yoast-seo-wordpress\/ -->\n<title>Marteau de Thrall mousse - WOW - Boutique en ligne | RMC<\/title>\n<meta name=\"description\" content=\"Voil\u00e0 une r\u00e9plique qui ravira vos enfants avec ce Marteau de Thrall qui est tout en mousse. Accessoire parfait pour vos d\u00e9guisements. Envoi 24\/48h\" \/>\n<meta name=\"robots\" content=\"index, follow, max-snippet:-1, max-image-preview:large, max-video-preview:-1\" \/>\n<link rel=\"canonical\" href=\"https:\/\/repliquemangacine.fr\/es\/espadas-de-world-of-warcraft\/replica-de-espuma-del-martillo-de-thrall-doomhammer-world-of-warcraft\/\" \/>\n<meta property=\"og:locale\" content=\"es_ES\" \/>\n<meta property=\"og:type\" content=\"article\" \/>\n<meta property=\"og:title\" content=\"Marteau de Thrall mousse - WOW - Boutique en ligne | RMC\" \/>\n<meta property=\"og:description\" content=\"Voil\u00e0 une r\u00e9plique qui ravira vos enfants avec ce Marteau de Thrall qui est tout en mousse. Accessoire parfait pour vos d\u00e9guisements. Envoi 24\/48h\" \/>\n<meta property=\"og:url\" content=\"https:\/\/repliquemangacine.fr\/es\/espadas-de-world-of-warcraft\/replica-de-espuma-del-martillo-de-thrall-doomhammer-world-of-warcraft\/\" \/>\n<meta property=\"og:site_name\" content=\"R\u00e9plique Manga Cin\u00e9\" \/>\n<meta property=\"article:publisher\" content=\"https:\/\/www.facebook.com\/RepliqueMangaCine\" \/>\n<meta property=\"article:modified_time\" content=\"2025-11-19T10:26:52+00:00\" \/>\n<meta property=\"og:image\" content=\"https:\/\/repliquemangacine.fr\/wp-content\/uploads\/2023\/10\/2718-Replique-en-mousse-du-marteau-de-Thrall-Doomhammer-Wow.jpg\" \/>\n\t<meta property=\"og:image:width\" content=\"800\" \/>\n\t<meta property=\"og:image:height\" content=\"800\" \/>\n\t<meta property=\"og:image:type\" content=\"image\/jpeg\" \/>\n<meta name=\"twitter:card\" content=\"summary_large_image\" \/>\n<meta name=\"twitter:label1\" content=\"Tiempo de lectura\" \/>\n\t<meta name=\"twitter:data1\" content=\"2 minutos\" \/>\n<script type=\"application\/ld+json\" class=\"yoast-schema-graph\">{\"@context\":\"https:\\\/\\\/schema.org\",\"@graph\":[{\"@type\":\"WebPage\",\"@id\":\"https:\\\/\\\/repliquemangacine.fr\\\/epees-world-of-warcraft\\\/replique-en-mousse-du-marteau-de-thrall-doomhammer-world-of-warcraft\\\/\",\"url\":\"https:\\\/\\\/repliquemangacine.fr\\\/epees-world-of-warcraft\\\/replique-en-mousse-du-marteau-de-thrall-doomhammer-world-of-warcraft\\\/\",\"name\":\"Marteau de Thrall mousse - WOW - Boutique en ligne | RMC\",\"isPartOf\":{\"@id\":\"https:\\\/\\\/repliquemangacine.fr\\\/#website\"},\"primaryImageOfPage\":{\"@id\":\"https:\\\/\\\/repliquemangacine.fr\\\/epees-world-of-warcraft\\\/replique-en-mousse-du-marteau-de-thrall-doomhammer-world-of-warcraft\\\/#primaryimage\"},\"image\":{\"@id\":\"https:\\\/\\\/repliquemangacine.fr\\\/epees-world-of-warcraft\\\/replique-en-mousse-du-marteau-de-thrall-doomhammer-world-of-warcraft\\\/#primaryimage\"},\"thumbnailUrl\":\"https:\\\/\\\/repliquemangacine.fr\\\/wp-content\\\/uploads\\\/2023\\\/10\\\/2718-Replique-en-mousse-du-marteau-de-Thrall-Doomhammer-Wow.jpg\",\"datePublished\":\"2019-01-26T13:54:59+00:00\",\"dateModified\":\"2025-11-19T10:26:52+00:00\",\"description\":\"Voil\u00e0 une r\u00e9plique qui ravira vos enfants avec ce Marteau de Thrall qui est tout en mousse. Accessoire parfait pour vos d\u00e9guisements. Envoi 24\\\/48h\",\"breadcrumb\":{\"@id\":\"https:\\\/\\\/repliquemangacine.fr\\\/epees-world-of-warcraft\\\/replique-en-mousse-du-marteau-de-thrall-doomhammer-world-of-warcraft\\\/#breadcrumb\"},\"inLanguage\":\"es\",\"potentialAction\":[{\"@type\":\"ReadAction\",\"target\":[\"https:\\\/\\\/repliquemangacine.fr\\\/epees-world-of-warcraft\\\/replique-en-mousse-du-marteau-de-thrall-doomhammer-world-of-warcraft\\\/\"]}]},{\"@type\":\"ImageObject\",\"inLanguage\":\"es\",\"@id\":\"https:\\\/\\\/repliquemangacine.fr\\\/epees-world-of-warcraft\\\/replique-en-mousse-du-marteau-de-thrall-doomhammer-world-of-warcraft\\\/#primaryimage\",\"url\":\"https:\\\/\\\/repliquemangacine.fr\\\/wp-content\\\/uploads\\\/2023\\\/10\\\/2718-Replique-en-mousse-du-marteau-de-Thrall-Doomhammer-Wow.jpg\",\"contentUrl\":\"https:\\\/\\\/repliquemangacine.fr\\\/wp-content\\\/uploads\\\/2023\\\/10\\\/2718-Replique-en-mousse-du-marteau-de-Thrall-Doomhammer-Wow.jpg\",\"width\":800,\"height\":800,\"caption\":\"R\u00e9plique en mousse du marteau de Thrall Doomhammer Wow\"},{\"@type\":\"BreadcrumbList\",\"@id\":\"https:\\\/\\\/repliquemangacine.fr\\\/epees-world-of-warcraft\\\/replique-en-mousse-du-marteau-de-thrall-doomhammer-world-of-warcraft\\\/#breadcrumb\",\"itemListElement\":[{\"@type\":\"ListItem\",\"position\":1,\"name\":\"Accueil\",\"item\":\"https:\\\/\\\/repliquemangacine.fr\\\/\"},{\"@type\":\"ListItem\",\"position\":2,\"name\":\"Produits\",\"item\":\"https:\\\/\\\/repliquemangacine.fr\\\/boutique\\\/\"},{\"@type\":\"ListItem\",\"position\":3,\"name\":\"Doomhammer Mousse World of Warcraft\"}]},{\"@type\":\"WebSite\",\"@id\":\"https:\\\/\\\/repliquemangacine.fr\\\/#website\",\"url\":\"https:\\\/\\\/repliquemangacine.fr\\\/\",\"name\":\"R\u00e9plique Manga Cin\u00e9\",\"description\":\"\",\"publisher\":{\"@id\":\"https:\\\/\\\/repliquemangacine.fr\\\/#organization\"},\"potentialAction\":[{\"@type\":\"SearchAction\",\"target\":{\"@type\":\"EntryPoint\",\"urlTemplate\":\"https:\\\/\\\/repliquemangacine.fr\\\/?s={search_term_string}\"},\"query-input\":{\"@type\":\"PropertyValueSpecification\",\"valueRequired\":true,\"valueName\":\"search_term_string\"}}],\"inLanguage\":\"es\"},{\"@type\":\"Organization\",\"@id\":\"https:\\\/\\\/repliquemangacine.fr\\\/#organization\",\"name\":\"R\u00e9plique Manga Cin\u00e9\",\"url\":\"https:\\\/\\\/repliquemangacine.fr\\\/\",\"logo\":{\"@type\":\"ImageObject\",\"inLanguage\":\"es\",\"@id\":\"https:\\\/\\\/repliquemangacine.fr\\\/#\\\/schema\\\/logo\\\/image\\\/\",\"url\":\"https:\\\/\\\/repliquemangacine.fr\\\/wp-content\\\/uploads\\\/2023\\\/10\\\/RMC-500250.png\",\"contentUrl\":\"https:\\\/\\\/repliquemangacine.fr\\\/wp-content\\\/uploads\\\/2023\\\/10\\\/RMC-500250.png\",\"width\":500,\"height\":250,\"caption\":\"R\u00e9plique Manga Cin\u00e9\"},\"image\":{\"@id\":\"https:\\\/\\\/repliquemangacine.fr\\\/#\\\/schema\\\/logo\\\/image\\\/\"},\"sameAs\":[\"https:\\\/\\\/www.facebook.com\\\/RepliqueMangaCine\",\"https:\\\/\\\/www.instagram.com\\\/repliquemangacine.fr\\\/\"]}]}<\/script>\n<!-- \/ Yoast SEO plugin. -->","yoast_head_json":{"title":"Espuma Martillo Thrall - WOW - Boutique en ligne | RMC","description":"Aqu\u00ed tienes una r\u00e9plica que seguro har\u00e1 las delicias de tus hijos: el Martillo de Thrall, fabricado \u00edntegramente en espuma. El accesorio perfecto para tus disfraces. Entrega en 24\/48h","robots":{"index":"index","follow":"follow","max-snippet":"max-snippet:-1","max-image-preview":"max-image-preview:large","max-video-preview":"max-video-preview:-1"},"canonical":"https:\/\/repliquemangacine.fr\/es\/espadas-de-world-of-warcraft\/replica-de-espuma-del-martillo-de-thrall-doomhammer-world-of-warcraft\/","og_locale":"es_ES","og_type":"article","og_title":"Marteau de Thrall mousse - WOW - Boutique en ligne | RMC","og_description":"Voil\u00e0 une r\u00e9plique qui ravira vos enfants avec ce Marteau de Thrall qui est tout en mousse. Accessoire parfait pour vos d\u00e9guisements. Envoi 24\/48h","og_url":"https:\/\/repliquemangacine.fr\/es\/espadas-de-world-of-warcraft\/replica-de-espuma-del-martillo-de-thrall-doomhammer-world-of-warcraft\/","og_site_name":"R\u00e9plique Manga Cin\u00e9","article_publisher":"https:\/\/www.facebook.com\/RepliqueMangaCine","article_modified_time":"2025-11-19T10:26:52+00:00","og_image":[{"width":800,"height":800,"url":"https:\/\/repliquemangacine.fr\/wp-content\/uploads\/2023\/10\/2718-Replique-en-mousse-du-marteau-de-Thrall-Doomhammer-Wow.jpg","type":"image\/jpeg"}],"twitter_card":"summary_large_image","twitter_misc":{"Tiempo de lectura":"2 minutos"},"schema":{"@context":"https:\/\/schema.org","@graph":[{"@type":"WebPage","@id":"https:\/\/repliquemangacine.fr\/epees-world-of-warcraft\/replique-en-mousse-du-marteau-de-thrall-doomhammer-world-of-warcraft\/","url":"https:\/\/repliquemangacine.fr\/epees-world-of-warcraft\/replique-en-mousse-du-marteau-de-thrall-doomhammer-world-of-warcraft\/","name":"Espuma Martillo Thrall - WOW - Boutique en ligne | RMC","isPartOf":{"@id":"https:\/\/repliquemangacine.fr\/#website"},"primaryImageOfPage":{"@id":"https:\/\/repliquemangacine.fr\/epees-world-of-warcraft\/replique-en-mousse-du-marteau-de-thrall-doomhammer-world-of-warcraft\/#primaryimage"},"image":{"@id":"https:\/\/repliquemangacine.fr\/epees-world-of-warcraft\/replique-en-mousse-du-marteau-de-thrall-doomhammer-world-of-warcraft\/#primaryimage"},"thumbnailUrl":"https:\/\/repliquemangacine.fr\/wp-content\/uploads\/2023\/10\/2718-Replique-en-mousse-du-marteau-de-Thrall-Doomhammer-Wow.jpg","datePublished":"2019-01-26T13:54:59+00:00","dateModified":"2025-11-19T10:26:52+00:00","description":"Aqu\u00ed tienes una r\u00e9plica que seguro har\u00e1 las delicias de tus hijos: el Martillo de Thrall, fabricado \u00edntegramente en espuma. El accesorio perfecto para tus disfraces. Entrega en 24\/48h","breadcrumb":{"@id":"https:\/\/repliquemangacine.fr\/epees-world-of-warcraft\/replique-en-mousse-du-marteau-de-thrall-doomhammer-world-of-warcraft\/#breadcrumb"},"inLanguage":"es","potentialAction":[{"@type":"ReadAction","target":["https:\/\/repliquemangacine.fr\/epees-world-of-warcraft\/replique-en-mousse-du-marteau-de-thrall-doomhammer-world-of-warcraft\/"]}]},{"@type":"ImageObject","inLanguage":"es","@id":"https:\/\/repliquemangacine.fr\/epees-world-of-warcraft\/replique-en-mousse-du-marteau-de-thrall-doomhammer-world-of-warcraft\/#primaryimage","url":"https:\/\/repliquemangacine.fr\/wp-content\/uploads\/2023\/10\/2718-Replique-en-mousse-du-marteau-de-Thrall-Doomhammer-Wow.jpg","contentUrl":"https:\/\/repliquemangacine.fr\/wp-content\/uploads\/2023\/10\/2718-Replique-en-mousse-du-marteau-de-Thrall-Doomhammer-Wow.jpg","width":800,"height":800,"caption":"R\u00e9plique en mousse du marteau de Thrall Doomhammer Wow"},{"@type":"BreadcrumbList","@id":"https:\/\/repliquemangacine.fr\/epees-world-of-warcraft\/replique-en-mousse-du-marteau-de-thrall-doomhammer-world-of-warcraft\/#breadcrumb","itemListElement":[{"@type":"ListItem","position":1,"name":"Accueil","item":"https:\/\/repliquemangacine.fr\/"},{"@type":"ListItem","position":2,"name":"Produits","item":"https:\/\/repliquemangacine.fr\/boutique\/"},{"@type":"ListItem","position":3,"name":"Doomhammer Mousse World of Warcraft"}]},{"@type":"WebSite","@id":"https:\/\/repliquemangacine.fr\/#website","url":"https:\/\/repliquemangacine.fr\/","name":"R\u00e9plique Manga Cin\u00e9","description":"","publisher":{"@id":"https:\/\/repliquemangacine.fr\/#organization"},"potentialAction":[{"@type":"SearchAction","target":{"@type":"EntryPoint","urlTemplate":"https:\/\/repliquemangacine.fr\/?s={search_term_string}"},"query-input":{"@type":"PropertyValueSpecification","valueRequired":true,"valueName":"search_term_string"}}],"inLanguage":"es"},{"@type":"Organization","@id":"https:\/\/repliquemangacine.fr\/#organization","name":"R\u00e9plique Manga Cin\u00e9","url":"https:\/\/repliquemangacine.fr\/","logo":{"@type":"ImageObject","inLanguage":"es","@id":"https:\/\/repliquemangacine.fr\/#\/schema\/logo\/image\/","url":"https:\/\/repliquemangacine.fr\/wp-content\/uploads\/2023\/10\/RMC-500250.png","contentUrl":"https:\/\/repliquemangacine.fr\/wp-content\/uploads\/2023\/10\/RMC-500250.png","width":500,"height":250,"caption":"R\u00e9plique Manga Cin\u00e9"},"image":{"@id":"https:\/\/repliquemangacine.fr\/#\/schema\/logo\/image\/"},"sameAs":["https:\/\/www.facebook.com\/RepliqueMangaCine","https:\/\/www.instagram.com\/repliquemangacine.fr\/"]}]}},"_links":{"self":[{"href":"https:\/\/repliquemangacine.fr\/es\/wp-json\/wp\/v2\/product\/27989","targetHints":{"allow":["GET"]}}],"collection":[{"href":"https:\/\/repliquemangacine.fr\/es\/wp-json\/wp\/v2\/product"}],"about":[{"href":"https:\/\/repliquemangacine.fr\/es\/wp-json\/wp\/v2\/types\/product"}],"wp:featuredmedia":[{"embeddable":true,"href":"https:\/\/repliquemangacine.fr\/es\/wp-json\/wp\/v2\/media\/27990"}],"wp:attachment":[{"href":"https:\/\/repliquemangacine.fr\/es\/wp-json\/wp\/v2\/media?parent=27989"}],"wp:term":[{"taxonomy":"product_brand","embeddable":true,"href":"https:\/\/repliquemangacine.fr\/es\/wp-json\/wp\/v2\/product_brand?post=27989"},{"taxonomy":"product_cat","embeddable":true,"href":"https:\/\/repliquemangacine.fr\/es\/wp-json\/wp\/v2\/product_cat?post=27989"},{"taxonomy":"product_tag","embeddable":true,"href":"https:\/\/repliquemangacine.fr\/es\/wp-json\/wp\/v2\/product_tag?post=27989"}],"curies":[{"name":"wp","href":"https:\/\/api.w.org\/{rel}","templated":true}]}}