





{"id":27920,"date":"2018-09-02T17:37:57","date_gmt":"2018-09-02T15:37:57","guid":{"rendered":"https:\/\/repliquemangacine.fr\/?post_type=product&#038;p=27920"},"modified":"2025-09-23T18:02:01","modified_gmt":"2025-09-23T16:02:01","slug":"hermione-granger-varita-pluma-marcador-de-pagina","status":"publish","type":"product","link":"https:\/\/repliquemangacine.fr\/es\/collectors-et-goodies-harry-potter\/stylo-baguette-hermione-granger-marque-pages\/","title":{"rendered":"Bol\u00edgrafo Hermione Granger"},"content":{"rendered":"<h2>Bol\u00edgrafo varita Hermione Granger en Harry Potter.<\/h2>\n<p>Para empezar, el <strong>Bol\u00edgrafo varita Hermione Granger<\/strong> Est\u00e1 inspirado en su propia varita m\u00e1gica. Con marcap\u00e1ginas con la efigie de Hermione. Con licencia oficial de Noble Collection.<\/p>\n<p>Hermione Granger, hija de padres muggles dentistas. Alumna brillante, una joven generosa y muy sensible. Es muy estudiosa y le encanta leer.<\/p>\n<p>Hermione es uno de los personajes principales de la saga Harry Potter. Conoce a Harry Potter y Ron Weasley por primera vez en el Expreso de Hogwarts. En la distribuci\u00f3n de los alumnos, Hermione es enviada a Gryffindor, al igual que Ron y Harry. El tr\u00edo se vuelve r\u00e1pidamente inseparable.<\/p>\n<p>Ron y ella suelen pasar el tiempo discutiendo como perros y gatos. De hecho, ella incluso le lanza un hechizo a Ron, Oppugno, simplemente por celos. Pero detr\u00e1s de esta aparente hostilidad nace un afecto creciente, que m\u00e1s tarde se convertir\u00e1 en amor.<\/p>\n<h2>Tu art\u00edculo de coleccionista de Harry Potter al mejor precio<\/h2>\n<p>Ofrecemos una amplia gama de art\u00edculos de Harry Potter.<\/p>\n<p>Lo primero y m\u00e1s importante,<\/p>\n<ul>\n<li>La <a href=\"https:\/\/repliquemangacine.fr\/es\/harry-potter\/hermione-granger-harry-potter-caja-de-artefactos\/\">Caja de artefactos<\/a> Hermione Granger contiene objetos queridos por Hermione que definen su personalidad y su historia.<\/li>\n<li>Le <a href=\"https:\/\/repliquemangacine.fr\/es\/coleccionistas-de-harry-potter\/varita-de-harry-potter\/\">caja de 15 llaveros<\/a>.<\/li>\n<li>Y muchos m\u00e1s por descubrir en nuestra tienda en l\u00ednea.<\/li>\n<li>Por supuesto, tambi\u00e9n tenemos todos los palillos oficiales. <a href=\"https:\/\/noblecollection.fr\/index.php\" target=\"_blank\" rel=\"noopener noreferrer\">Colecci\u00f3n Noble<\/a> previa solicitud.<\/li>\n<\/ul>\n<p>Por eso, aqu\u00ed tienes una idea estupenda para regalar a todos los fans de Harry Potter.<\/p>\n<p>En conclusi\u00f3n, tambi\u00e9n puede utilizar este <strong>Bol\u00edgrafo varita Hermione Granger<\/strong> para tus cosplays o fiestas tem\u00e1ticas. Pero, ante todo, es una pieza de colecci\u00f3n y decoraci\u00f3n.<\/p>\n<p>R\u00e9plique Manga Cin\u00e9 es una empresa familiar francesa.<\/p>\n<p>&nbsp;<\/p>","protected":false},"excerpt":{"rendered":"<p>Aqu\u00ed tienes un original birrete con la forma de la varita de Hermione Granger, de la saga Harry Potter.<\/p>\n<ul>\n<li>Cuerpo de ABS.<\/li>\n<li>Largo 18,5 cm<\/li>\n<li>Creado por The Noble Collection.<\/li>\n<li>Marcap\u00e1ginas Hermione<\/li>\n<\/ul>","protected":false},"featured_media":27921,"template":"","meta":[],"product_brand":[896],"product_cat":[87,24,41],"product_tag":[],"class_list":{"0":"post-27920","1":"product","2":"type-product","3":"status-publish","4":"has-post-thumbnail","6":"product_brand-replique-manga-cine","7":"product_cat-collectors-et-goodies-harry-potter","8":"product_cat-films-series-tv-vente-de-katana-epee-et-produits-derives","9":"product_cat-baguettes-et-goodies-harry-potter","11":"first","12":"instock","13":"taxable","14":"shipping-taxable","15":"purchasable","16":"product-type-simple"},"yoast_head":"<!-- This site is optimized with the Yoast SEO plugin v27.4 - https:\/\/yoast.com\/product\/yoast-seo-wordpress\/ -->\n<title>Stylo Baguette Hermione Granger - Harry Potter | RMC<\/title>\n<meta name=\"description\" content=\"Commandez vite votre Stylo Baguette Hermione Granger dans Harry Potter au meilleur prix. Livr\u00e9 avec son marque page - Licence Noble Collection - 18.5cm\" \/>\n<meta name=\"robots\" content=\"index, follow, max-snippet:-1, max-image-preview:large, max-video-preview:-1\" \/>\n<link rel=\"canonical\" href=\"https:\/\/repliquemangacine.fr\/es\/coleccionistas-y-objetos-de-harry-potter\/hermione-granger-varita-pluma-marcador-de-pagina\/\" \/>\n<meta property=\"og:locale\" content=\"es_ES\" \/>\n<meta property=\"og:type\" content=\"article\" \/>\n<meta property=\"og:title\" content=\"Stylo Baguette Hermione Granger - Harry Potter | RMC\" \/>\n<meta property=\"og:description\" content=\"Commandez vite votre Stylo Baguette Hermione Granger dans Harry Potter au meilleur prix. Livr\u00e9 avec son marque page - Licence Noble Collection - 18.5cm\" \/>\n<meta property=\"og:url\" content=\"https:\/\/repliquemangacine.fr\/es\/coleccionistas-y-objetos-de-harry-potter\/hermione-granger-varita-pluma-marcador-de-pagina\/\" \/>\n<meta property=\"og:site_name\" content=\"R\u00e9plique Manga Cin\u00e9\" \/>\n<meta property=\"article:publisher\" content=\"https:\/\/www.facebook.com\/RepliqueMangaCine\" \/>\n<meta property=\"article:modified_time\" content=\"2025-09-23T16:02:01+00:00\" \/>\n<meta property=\"og:image\" content=\"https:\/\/repliquemangacine.fr\/wp-content\/uploads\/2023\/10\/2654-Stylo-baguette-Hermione-Granger-Marque-pages-HP.jpg\" \/>\n\t<meta property=\"og:image:width\" content=\"800\" \/>\n\t<meta property=\"og:image:height\" content=\"800\" \/>\n\t<meta property=\"og:image:type\" content=\"image\/jpeg\" \/>\n<meta name=\"twitter:card\" content=\"summary_large_image\" \/>\n<meta name=\"twitter:label1\" content=\"Tiempo de lectura\" \/>\n\t<meta name=\"twitter:data1\" content=\"1 minuto\" \/>\n<script type=\"application\/ld+json\" class=\"yoast-schema-graph\">{\"@context\":\"https:\\\/\\\/schema.org\",\"@graph\":[{\"@type\":\"WebPage\",\"@id\":\"https:\\\/\\\/repliquemangacine.fr\\\/collectors-et-goodies-harry-potter\\\/stylo-baguette-hermione-granger-marque-pages\\\/\",\"url\":\"https:\\\/\\\/repliquemangacine.fr\\\/collectors-et-goodies-harry-potter\\\/stylo-baguette-hermione-granger-marque-pages\\\/\",\"name\":\"Stylo Baguette Hermione Granger - Harry Potter | RMC\",\"isPartOf\":{\"@id\":\"https:\\\/\\\/repliquemangacine.fr\\\/#website\"},\"primaryImageOfPage\":{\"@id\":\"https:\\\/\\\/repliquemangacine.fr\\\/collectors-et-goodies-harry-potter\\\/stylo-baguette-hermione-granger-marque-pages\\\/#primaryimage\"},\"image\":{\"@id\":\"https:\\\/\\\/repliquemangacine.fr\\\/collectors-et-goodies-harry-potter\\\/stylo-baguette-hermione-granger-marque-pages\\\/#primaryimage\"},\"thumbnailUrl\":\"https:\\\/\\\/repliquemangacine.fr\\\/wp-content\\\/uploads\\\/2023\\\/10\\\/2654-Stylo-baguette-Hermione-Granger-Marque-pages-HP.jpg\",\"datePublished\":\"2018-09-02T15:37:57+00:00\",\"dateModified\":\"2025-09-23T16:02:01+00:00\",\"description\":\"Commandez vite votre Stylo Baguette Hermione Granger dans Harry Potter au meilleur prix. Livr\u00e9 avec son marque page - Licence Noble Collection - 18.5cm\",\"breadcrumb\":{\"@id\":\"https:\\\/\\\/repliquemangacine.fr\\\/collectors-et-goodies-harry-potter\\\/stylo-baguette-hermione-granger-marque-pages\\\/#breadcrumb\"},\"inLanguage\":\"es\",\"potentialAction\":[{\"@type\":\"ReadAction\",\"target\":[\"https:\\\/\\\/repliquemangacine.fr\\\/collectors-et-goodies-harry-potter\\\/stylo-baguette-hermione-granger-marque-pages\\\/\"]}]},{\"@type\":\"ImageObject\",\"inLanguage\":\"es\",\"@id\":\"https:\\\/\\\/repliquemangacine.fr\\\/collectors-et-goodies-harry-potter\\\/stylo-baguette-hermione-granger-marque-pages\\\/#primaryimage\",\"url\":\"https:\\\/\\\/repliquemangacine.fr\\\/wp-content\\\/uploads\\\/2023\\\/10\\\/2654-Stylo-baguette-Hermione-Granger-Marque-pages-HP.jpg\",\"contentUrl\":\"https:\\\/\\\/repliquemangacine.fr\\\/wp-content\\\/uploads\\\/2023\\\/10\\\/2654-Stylo-baguette-Hermione-Granger-Marque-pages-HP.jpg\",\"width\":800,\"height\":800,\"caption\":\"Stylo baguette Hermione Granger- Marque pages HP\"},{\"@type\":\"BreadcrumbList\",\"@id\":\"https:\\\/\\\/repliquemangacine.fr\\\/collectors-et-goodies-harry-potter\\\/stylo-baguette-hermione-granger-marque-pages\\\/#breadcrumb\",\"itemListElement\":[{\"@type\":\"ListItem\",\"position\":1,\"name\":\"Accueil\",\"item\":\"https:\\\/\\\/repliquemangacine.fr\\\/\"},{\"@type\":\"ListItem\",\"position\":2,\"name\":\"Produits\",\"item\":\"https:\\\/\\\/repliquemangacine.fr\\\/boutique\\\/\"},{\"@type\":\"ListItem\",\"position\":3,\"name\":\"Stylo Hermione Granger\"}]},{\"@type\":\"WebSite\",\"@id\":\"https:\\\/\\\/repliquemangacine.fr\\\/#website\",\"url\":\"https:\\\/\\\/repliquemangacine.fr\\\/\",\"name\":\"R\u00e9plique Manga Cin\u00e9\",\"description\":\"\",\"publisher\":{\"@id\":\"https:\\\/\\\/repliquemangacine.fr\\\/#organization\"},\"potentialAction\":[{\"@type\":\"SearchAction\",\"target\":{\"@type\":\"EntryPoint\",\"urlTemplate\":\"https:\\\/\\\/repliquemangacine.fr\\\/?s={search_term_string}\"},\"query-input\":{\"@type\":\"PropertyValueSpecification\",\"valueRequired\":true,\"valueName\":\"search_term_string\"}}],\"inLanguage\":\"es\"},{\"@type\":\"Organization\",\"@id\":\"https:\\\/\\\/repliquemangacine.fr\\\/#organization\",\"name\":\"R\u00e9plique Manga Cin\u00e9\",\"url\":\"https:\\\/\\\/repliquemangacine.fr\\\/\",\"logo\":{\"@type\":\"ImageObject\",\"inLanguage\":\"es\",\"@id\":\"https:\\\/\\\/repliquemangacine.fr\\\/#\\\/schema\\\/logo\\\/image\\\/\",\"url\":\"https:\\\/\\\/repliquemangacine.fr\\\/wp-content\\\/uploads\\\/2023\\\/10\\\/RMC-500250.png\",\"contentUrl\":\"https:\\\/\\\/repliquemangacine.fr\\\/wp-content\\\/uploads\\\/2023\\\/10\\\/RMC-500250.png\",\"width\":500,\"height\":250,\"caption\":\"R\u00e9plique Manga Cin\u00e9\"},\"image\":{\"@id\":\"https:\\\/\\\/repliquemangacine.fr\\\/#\\\/schema\\\/logo\\\/image\\\/\"},\"sameAs\":[\"https:\\\/\\\/www.facebook.com\\\/RepliqueMangaCine\",\"https:\\\/\\\/www.instagram.com\\\/repliquemangacine.fr\\\/\"]}]}<\/script>\n<!-- \/ Yoast SEO plugin. -->","yoast_head_json":{"title":"Bol\u00edgrafo varita Hermione Granger - Harry Potter | RMC","description":"Pide tu Bol\u00edgrafo Varita Hermione Granger de Harry Potter al mejor precio. Se entrega con su marcap\u00e1ginas - Licencia Noble Collection - 18.5cm","robots":{"index":"index","follow":"follow","max-snippet":"max-snippet:-1","max-image-preview":"max-image-preview:large","max-video-preview":"max-video-preview:-1"},"canonical":"https:\/\/repliquemangacine.fr\/es\/coleccionistas-y-objetos-de-harry-potter\/hermione-granger-varita-pluma-marcador-de-pagina\/","og_locale":"es_ES","og_type":"article","og_title":"Stylo Baguette Hermione Granger - Harry Potter | RMC","og_description":"Commandez vite votre Stylo Baguette Hermione Granger dans Harry Potter au meilleur prix. Livr\u00e9 avec son marque page - Licence Noble Collection - 18.5cm","og_url":"https:\/\/repliquemangacine.fr\/es\/coleccionistas-y-objetos-de-harry-potter\/hermione-granger-varita-pluma-marcador-de-pagina\/","og_site_name":"R\u00e9plique Manga Cin\u00e9","article_publisher":"https:\/\/www.facebook.com\/RepliqueMangaCine","article_modified_time":"2025-09-23T16:02:01+00:00","og_image":[{"width":800,"height":800,"url":"https:\/\/repliquemangacine.fr\/wp-content\/uploads\/2023\/10\/2654-Stylo-baguette-Hermione-Granger-Marque-pages-HP.jpg","type":"image\/jpeg"}],"twitter_card":"summary_large_image","twitter_misc":{"Tiempo de lectura":"1 minuto"},"schema":{"@context":"https:\/\/schema.org","@graph":[{"@type":"WebPage","@id":"https:\/\/repliquemangacine.fr\/collectors-et-goodies-harry-potter\/stylo-baguette-hermione-granger-marque-pages\/","url":"https:\/\/repliquemangacine.fr\/collectors-et-goodies-harry-potter\/stylo-baguette-hermione-granger-marque-pages\/","name":"Bol\u00edgrafo varita Hermione Granger - Harry Potter | RMC","isPartOf":{"@id":"https:\/\/repliquemangacine.fr\/#website"},"primaryImageOfPage":{"@id":"https:\/\/repliquemangacine.fr\/collectors-et-goodies-harry-potter\/stylo-baguette-hermione-granger-marque-pages\/#primaryimage"},"image":{"@id":"https:\/\/repliquemangacine.fr\/collectors-et-goodies-harry-potter\/stylo-baguette-hermione-granger-marque-pages\/#primaryimage"},"thumbnailUrl":"https:\/\/repliquemangacine.fr\/wp-content\/uploads\/2023\/10\/2654-Stylo-baguette-Hermione-Granger-Marque-pages-HP.jpg","datePublished":"2018-09-02T15:37:57+00:00","dateModified":"2025-09-23T16:02:01+00:00","description":"Pide tu Bol\u00edgrafo Varita Hermione Granger de Harry Potter al mejor precio. Se entrega con su marcap\u00e1ginas - Licencia Noble Collection - 18.5cm","breadcrumb":{"@id":"https:\/\/repliquemangacine.fr\/collectors-et-goodies-harry-potter\/stylo-baguette-hermione-granger-marque-pages\/#breadcrumb"},"inLanguage":"es","potentialAction":[{"@type":"ReadAction","target":["https:\/\/repliquemangacine.fr\/collectors-et-goodies-harry-potter\/stylo-baguette-hermione-granger-marque-pages\/"]}]},{"@type":"ImageObject","inLanguage":"es","@id":"https:\/\/repliquemangacine.fr\/collectors-et-goodies-harry-potter\/stylo-baguette-hermione-granger-marque-pages\/#primaryimage","url":"https:\/\/repliquemangacine.fr\/wp-content\/uploads\/2023\/10\/2654-Stylo-baguette-Hermione-Granger-Marque-pages-HP.jpg","contentUrl":"https:\/\/repliquemangacine.fr\/wp-content\/uploads\/2023\/10\/2654-Stylo-baguette-Hermione-Granger-Marque-pages-HP.jpg","width":800,"height":800,"caption":"Stylo baguette Hermione Granger- Marque pages HP"},{"@type":"BreadcrumbList","@id":"https:\/\/repliquemangacine.fr\/collectors-et-goodies-harry-potter\/stylo-baguette-hermione-granger-marque-pages\/#breadcrumb","itemListElement":[{"@type":"ListItem","position":1,"name":"Accueil","item":"https:\/\/repliquemangacine.fr\/"},{"@type":"ListItem","position":2,"name":"Produits","item":"https:\/\/repliquemangacine.fr\/boutique\/"},{"@type":"ListItem","position":3,"name":"Stylo Hermione Granger"}]},{"@type":"WebSite","@id":"https:\/\/repliquemangacine.fr\/#website","url":"https:\/\/repliquemangacine.fr\/","name":"R\u00e9plique Manga Cin\u00e9","description":"","publisher":{"@id":"https:\/\/repliquemangacine.fr\/#organization"},"potentialAction":[{"@type":"SearchAction","target":{"@type":"EntryPoint","urlTemplate":"https:\/\/repliquemangacine.fr\/?s={search_term_string}"},"query-input":{"@type":"PropertyValueSpecification","valueRequired":true,"valueName":"search_term_string"}}],"inLanguage":"es"},{"@type":"Organization","@id":"https:\/\/repliquemangacine.fr\/#organization","name":"R\u00e9plique Manga Cin\u00e9","url":"https:\/\/repliquemangacine.fr\/","logo":{"@type":"ImageObject","inLanguage":"es","@id":"https:\/\/repliquemangacine.fr\/#\/schema\/logo\/image\/","url":"https:\/\/repliquemangacine.fr\/wp-content\/uploads\/2023\/10\/RMC-500250.png","contentUrl":"https:\/\/repliquemangacine.fr\/wp-content\/uploads\/2023\/10\/RMC-500250.png","width":500,"height":250,"caption":"R\u00e9plique Manga Cin\u00e9"},"image":{"@id":"https:\/\/repliquemangacine.fr\/#\/schema\/logo\/image\/"},"sameAs":["https:\/\/www.facebook.com\/RepliqueMangaCine","https:\/\/www.instagram.com\/repliquemangacine.fr\/"]}]}},"_links":{"self":[{"href":"https:\/\/repliquemangacine.fr\/es\/wp-json\/wp\/v2\/product\/27920","targetHints":{"allow":["GET"]}}],"collection":[{"href":"https:\/\/repliquemangacine.fr\/es\/wp-json\/wp\/v2\/product"}],"about":[{"href":"https:\/\/repliquemangacine.fr\/es\/wp-json\/wp\/v2\/types\/product"}],"wp:featuredmedia":[{"embeddable":true,"href":"https:\/\/repliquemangacine.fr\/es\/wp-json\/wp\/v2\/media\/27921"}],"wp:attachment":[{"href":"https:\/\/repliquemangacine.fr\/es\/wp-json\/wp\/v2\/media?parent=27920"}],"wp:term":[{"taxonomy":"product_brand","embeddable":true,"href":"https:\/\/repliquemangacine.fr\/es\/wp-json\/wp\/v2\/product_brand?post=27920"},{"taxonomy":"product_cat","embeddable":true,"href":"https:\/\/repliquemangacine.fr\/es\/wp-json\/wp\/v2\/product_cat?post=27920"},{"taxonomy":"product_tag","embeddable":true,"href":"https:\/\/repliquemangacine.fr\/es\/wp-json\/wp\/v2\/product_tag?post=27920"}],"curies":[{"name":"wp","href":"https:\/\/api.w.org\/{rel}","templated":true}]}}