





{"id":27894,"date":"2018-08-02T17:34:35","date_gmt":"2018-08-02T15:34:35","guid":{"rendered":"https:\/\/repliquemangacine.fr\/?post_type=product&#038;p=27894"},"modified":"2026-04-22T19:47:34","modified_gmt":"2026-04-22T17:47:34","slug":"soporte-de-pared-en-forma-de-bala-para-pistola-rifle-y-espada","status":"publish","type":"product","link":"https:\/\/repliquemangacine.fr\/es\/holster-accessoires-western\/support-mural-en-forme-de-balles-pour-pistolet-fusil-et-epee\/","title":{"rendered":"Soporte mural esf\u00e9rico"},"content":{"rendered":"<h2>Soporte mural de bola - Denix<\/h2>\n<p>Para empezar, el <strong>Soporte mural esf\u00e9rico<\/strong>, el accesorio indispensable para exponer en la pared tus r\u00e9plicas Denix.<\/p>\n<p>Este soporte permite ajustar la profundidad entre 3 y 5 cm, por lo que puede colocar varias capas de fusiles o rev\u00f3lveres. Con su forma de bala Cal.30-06 Springfield, \u00a1sorprender\u00e1 a m\u00e1s de uno!<\/p>\n<p>De alta calidad, fabricado con especial minuciosidad. De hecho, esta fabricaci\u00f3n de Denix se realiza en parte manualmente para reproducir hasta el m\u00e1s m\u00ednimo detalle. En cuanto a las partes m\u00e1s importantes, se mecanizan con m\u00e1quinas de gran precisi\u00f3n. Los grabados se realizan generalmente con una punta de diamante o con l\u00e1ser.<\/p>\n<p>Denix, l\u00edder mundial en la reproducci\u00f3n de armas hist\u00f3ricas. Cabe destacar que Denix se centra en la creaci\u00f3n de r\u00e9plicas de alta calidad que sean lo m\u00e1s precisas posible desde el punto de vista hist\u00f3rico.<\/p>\n<h2>Sus reproducciones de armas hist\u00f3ricas al mejor precio.<\/h2>\n<p>Le ofrecemos una amplia selecci\u00f3n de r\u00e9plicas de armas Denix. Este soporte de pared combinar\u00e1 perfectamente con todas las r\u00e9plicas de armas que ofrecemos en nuestra tienda online.<\/p>\n<p>Lo primero y m\u00e1s importante,<\/p>\n<ul>\n<li>Le <a href=\"https:\/\/repliquemangacine.fr\/es\/replica-western-winchesters\/wyatt-earp-escopeta-de-doble-canon-usa-1881\/\">Rifle Wyatt Earp<\/a> con su doble ca\u00f1\u00f3n yuxtapuesto y su enorme culata de madera.<\/li>\n<li>As\u00ed como el <a href=\"https:\/\/repliquemangacine.fr\/es\/rifle-winchester\/rifle-henry-guerra-civil-eeuu-1860\/\">Rifle Henry 1860<\/a>tan famosos como los westerns americanos e italianos.<\/li>\n<li>Tambi\u00e9n hay <a href=\"https:\/\/repliquemangacine.fr\/es\/pistola-colt\/\">Potros Peacemaker<\/a> Calibre 45, en varias longitudes de ca\u00f1\u00f3n<\/li>\n<li>Y muchos m\u00e1s por descubrir en nuestra tienda en l\u00ednea.<\/li>\n<\/ul>\n<p>Por eso, aqu\u00ed tienes unas ideas fant\u00e1sticas para regalar a todos los apasionados de las armas hist\u00f3ricas.<\/p>\n<p>En conclusi\u00f3n, puede utilizar este <strong>Soporte mural esf\u00e9rico<\/strong> para su exposici\u00f3n hist\u00f3rica e interior.<\/p>\n<p>R\u00e9plique Manga Cin\u00e9 es una empresa familiar francesa, distribuidora oficial de la marca. <a href=\"https:\/\/www.denix.fr\/\" target=\"_blank\" rel=\"noopener noreferrer\">Denix<\/a>.<\/p>","protected":false},"excerpt":{"rendered":"<p>Juego de dos piezas en forma de bala para exponer sus potros, rifles y Winchester.<\/p>\n<ul>\n<li>Totalmente de metal.<\/li>\n<li>Profundidad ajustable de 2,5 cm a 4,5 cm.<\/li>\n<li>Se fija con dos tornillos (suministrados).<\/li>\n<li>Dimensiones: Altura de la bola: 4 cm - Anchura: 1,5 cm.<\/li>\n<\/ul>","protected":false},"featured_media":27895,"template":"","meta":[],"product_brand":[896],"product_cat":[51,25,34,102,54,90,85,28,27],"product_tag":[],"class_list":{"0":"post-27894","1":"product","2":"type-product","3":"status-publish","4":"has-post-thumbnail","6":"product_brand-replique-manga-cine","7":"product_cat-accessoires-western","8":"product_cat-armes-historiques","9":"product_cat-armes-westerns","10":"product_cat-denix","11":"product_cat-armes-accessoires-guerre-mondiale","12":"product_cat-holster-accessoires-western","13":"product_cat-dagues-et-accessoires-seconde-guerre-mondiale-materiels-militaria","14":"product_cat-repliques-darmes","15":"product_cat-armes-et-accessoires-western","17":"first","18":"instock","19":"taxable","20":"shipping-taxable","21":"purchasable","22":"product-type-simple"},"yoast_head":"<!-- This site is optimized with the Yoast SEO plugin v27.4 - https:\/\/yoast.com\/product\/yoast-seo-wordpress\/ -->\n<title>Support mural balle - Boutique en ligne | R\u00e9plique Manga Cin\u00e9<\/title>\n<meta name=\"description\" content=\"Offrez-vous ce support mural balle au meilleur prix - Tout en m\u00e9tal - R\u00e9glable en profondeur de 2.5 cm \u00e0 4.5 cm - Hauteur : 4 cm - Envoi 24\/48h\" \/>\n<meta name=\"robots\" content=\"index, follow, max-snippet:-1, max-image-preview:large, max-video-preview:-1\" \/>\n<link rel=\"canonical\" href=\"https:\/\/repliquemangacine.fr\/es\/denix\/soporte-de-pared-en-forma-de-bala-para-pistola-rifle-y-espada\/\" \/>\n<meta property=\"og:locale\" content=\"es_ES\" \/>\n<meta property=\"og:type\" content=\"article\" \/>\n<meta property=\"og:title\" content=\"Support mural balle - Boutique en ligne | R\u00e9plique Manga Cin\u00e9\" \/>\n<meta property=\"og:description\" content=\"Offrez-vous ce support mural balle au meilleur prix - Tout en m\u00e9tal - R\u00e9glable en profondeur de 2.5 cm \u00e0 4.5 cm - Hauteur : 4 cm - Envoi 24\/48h\" \/>\n<meta property=\"og:url\" content=\"https:\/\/repliquemangacine.fr\/es\/denix\/soporte-de-pared-en-forma-de-bala-para-pistola-rifle-y-espada\/\" \/>\n<meta property=\"og:site_name\" content=\"R\u00e9plique Manga Cin\u00e9\" \/>\n<meta property=\"article:publisher\" content=\"https:\/\/www.facebook.com\/RepliqueMangaCine\" \/>\n<meta property=\"article:modified_time\" content=\"2026-04-22T17:47:34+00:00\" \/>\n<meta property=\"og:image\" content=\"https:\/\/repliquemangacine.fr\/wp-content\/uploads\/2023\/10\/2945-Support-mural-en-forme-de-balles-pour-Pistolet-fusil-et-epee.jpg\" \/>\n\t<meta property=\"og:image:width\" content=\"800\" \/>\n\t<meta property=\"og:image:height\" content=\"800\" \/>\n\t<meta property=\"og:image:type\" content=\"image\/jpeg\" \/>\n<meta name=\"twitter:card\" content=\"summary_large_image\" \/>\n<meta name=\"twitter:label1\" content=\"Tiempo de lectura\" \/>\n\t<meta name=\"twitter:data1\" content=\"1 minuto\" \/>\n<script type=\"application\/ld+json\" class=\"yoast-schema-graph\">{\"@context\":\"https:\\\/\\\/schema.org\",\"@graph\":[{\"@type\":\"WebPage\",\"@id\":\"https:\\\/\\\/repliquemangacine.fr\\\/denix\\\/support-mural-en-forme-de-balles-pour-pistolet-fusil-et-epee\\\/\",\"url\":\"https:\\\/\\\/repliquemangacine.fr\\\/denix\\\/support-mural-en-forme-de-balles-pour-pistolet-fusil-et-epee\\\/\",\"name\":\"Support mural balle - Boutique en ligne | R\u00e9plique Manga Cin\u00e9\",\"isPartOf\":{\"@id\":\"https:\\\/\\\/repliquemangacine.fr\\\/#website\"},\"primaryImageOfPage\":{\"@id\":\"https:\\\/\\\/repliquemangacine.fr\\\/denix\\\/support-mural-en-forme-de-balles-pour-pistolet-fusil-et-epee\\\/#primaryimage\"},\"image\":{\"@id\":\"https:\\\/\\\/repliquemangacine.fr\\\/denix\\\/support-mural-en-forme-de-balles-pour-pistolet-fusil-et-epee\\\/#primaryimage\"},\"thumbnailUrl\":\"https:\\\/\\\/repliquemangacine.fr\\\/wp-content\\\/uploads\\\/2023\\\/10\\\/2945-Support-mural-en-forme-de-balles-pour-Pistolet-fusil-et-epee.jpg\",\"datePublished\":\"2018-08-02T15:34:35+00:00\",\"dateModified\":\"2026-04-22T17:47:34+00:00\",\"description\":\"Offrez-vous ce support mural balle au meilleur prix - Tout en m\u00e9tal - R\u00e9glable en profondeur de 2.5 cm \u00e0 4.5 cm - Hauteur : 4 cm - Envoi 24\\\/48h\",\"breadcrumb\":{\"@id\":\"https:\\\/\\\/repliquemangacine.fr\\\/denix\\\/support-mural-en-forme-de-balles-pour-pistolet-fusil-et-epee\\\/#breadcrumb\"},\"inLanguage\":\"es\",\"potentialAction\":[{\"@type\":\"ReadAction\",\"target\":[\"https:\\\/\\\/repliquemangacine.fr\\\/denix\\\/support-mural-en-forme-de-balles-pour-pistolet-fusil-et-epee\\\/\"]}]},{\"@type\":\"ImageObject\",\"inLanguage\":\"es\",\"@id\":\"https:\\\/\\\/repliquemangacine.fr\\\/denix\\\/support-mural-en-forme-de-balles-pour-pistolet-fusil-et-epee\\\/#primaryimage\",\"url\":\"https:\\\/\\\/repliquemangacine.fr\\\/wp-content\\\/uploads\\\/2023\\\/10\\\/2945-Support-mural-en-forme-de-balles-pour-Pistolet-fusil-et-epee.jpg\",\"contentUrl\":\"https:\\\/\\\/repliquemangacine.fr\\\/wp-content\\\/uploads\\\/2023\\\/10\\\/2945-Support-mural-en-forme-de-balles-pour-Pistolet-fusil-et-epee.jpg\",\"width\":800,\"height\":800,\"caption\":\"Support mural en forme de balles pour Pistolet, fusil et \u00e9p\u00e9e\"},{\"@type\":\"BreadcrumbList\",\"@id\":\"https:\\\/\\\/repliquemangacine.fr\\\/denix\\\/support-mural-en-forme-de-balles-pour-pistolet-fusil-et-epee\\\/#breadcrumb\",\"itemListElement\":[{\"@type\":\"ListItem\",\"position\":1,\"name\":\"Accueil\",\"item\":\"https:\\\/\\\/repliquemangacine.fr\\\/\"},{\"@type\":\"ListItem\",\"position\":2,\"name\":\"Produits\",\"item\":\"https:\\\/\\\/repliquemangacine.fr\\\/boutique\\\/\"},{\"@type\":\"ListItem\",\"position\":3,\"name\":\"Support mural balle\"}]},{\"@type\":\"WebSite\",\"@id\":\"https:\\\/\\\/repliquemangacine.fr\\\/#website\",\"url\":\"https:\\\/\\\/repliquemangacine.fr\\\/\",\"name\":\"R\u00e9plique Manga Cin\u00e9\",\"description\":\"\",\"publisher\":{\"@id\":\"https:\\\/\\\/repliquemangacine.fr\\\/#organization\"},\"potentialAction\":[{\"@type\":\"SearchAction\",\"target\":{\"@type\":\"EntryPoint\",\"urlTemplate\":\"https:\\\/\\\/repliquemangacine.fr\\\/?s={search_term_string}\"},\"query-input\":{\"@type\":\"PropertyValueSpecification\",\"valueRequired\":true,\"valueName\":\"search_term_string\"}}],\"inLanguage\":\"es\"},{\"@type\":\"Organization\",\"@id\":\"https:\\\/\\\/repliquemangacine.fr\\\/#organization\",\"name\":\"R\u00e9plique Manga Cin\u00e9\",\"url\":\"https:\\\/\\\/repliquemangacine.fr\\\/\",\"logo\":{\"@type\":\"ImageObject\",\"inLanguage\":\"es\",\"@id\":\"https:\\\/\\\/repliquemangacine.fr\\\/#\\\/schema\\\/logo\\\/image\\\/\",\"url\":\"https:\\\/\\\/repliquemangacine.fr\\\/wp-content\\\/uploads\\\/2023\\\/10\\\/RMC-500250.png\",\"contentUrl\":\"https:\\\/\\\/repliquemangacine.fr\\\/wp-content\\\/uploads\\\/2023\\\/10\\\/RMC-500250.png\",\"width\":500,\"height\":250,\"caption\":\"R\u00e9plique Manga Cin\u00e9\"},\"image\":{\"@id\":\"https:\\\/\\\/repliquemangacine.fr\\\/#\\\/schema\\\/logo\\\/image\\\/\"},\"sameAs\":[\"https:\\\/\\\/www.facebook.com\\\/RepliqueMangaCine\",\"https:\\\/\\\/www.instagram.com\\\/repliquemangacine.fr\\\/\"]}]}<\/script>\n<!-- \/ Yoast SEO plugin. -->","yoast_head_json":{"title":"Soporte de pared de bola - Boutique en ligne | R\u00e9plique Manga Cin\u00e9","description":"Reg\u00e1late este soporte de pared de bola al mejor precio - Todo de metal - Ajustable en profundidad de 2,5 cm a 4,5 cm - Altura: 4 cm - Env\u00edo 24\/48h","robots":{"index":"index","follow":"follow","max-snippet":"max-snippet:-1","max-image-preview":"max-image-preview:large","max-video-preview":"max-video-preview:-1"},"canonical":"https:\/\/repliquemangacine.fr\/es\/denix\/soporte-de-pared-en-forma-de-bala-para-pistola-rifle-y-espada\/","og_locale":"es_ES","og_type":"article","og_title":"Support mural balle - Boutique en ligne | R\u00e9plique Manga Cin\u00e9","og_description":"Offrez-vous ce support mural balle au meilleur prix - Tout en m\u00e9tal - R\u00e9glable en profondeur de 2.5 cm \u00e0 4.5 cm - Hauteur : 4 cm - Envoi 24\/48h","og_url":"https:\/\/repliquemangacine.fr\/es\/denix\/soporte-de-pared-en-forma-de-bala-para-pistola-rifle-y-espada\/","og_site_name":"R\u00e9plique Manga Cin\u00e9","article_publisher":"https:\/\/www.facebook.com\/RepliqueMangaCine","article_modified_time":"2026-04-22T17:47:34+00:00","og_image":[{"width":800,"height":800,"url":"https:\/\/repliquemangacine.fr\/wp-content\/uploads\/2023\/10\/2945-Support-mural-en-forme-de-balles-pour-Pistolet-fusil-et-epee.jpg","type":"image\/jpeg"}],"twitter_card":"summary_large_image","twitter_misc":{"Tiempo de lectura":"1 minuto"},"schema":{"@context":"https:\/\/schema.org","@graph":[{"@type":"WebPage","@id":"https:\/\/repliquemangacine.fr\/denix\/support-mural-en-forme-de-balles-pour-pistolet-fusil-et-epee\/","url":"https:\/\/repliquemangacine.fr\/denix\/support-mural-en-forme-de-balles-pour-pistolet-fusil-et-epee\/","name":"Soporte de pared de bola - Boutique en ligne | R\u00e9plique Manga Cin\u00e9","isPartOf":{"@id":"https:\/\/repliquemangacine.fr\/#website"},"primaryImageOfPage":{"@id":"https:\/\/repliquemangacine.fr\/denix\/support-mural-en-forme-de-balles-pour-pistolet-fusil-et-epee\/#primaryimage"},"image":{"@id":"https:\/\/repliquemangacine.fr\/denix\/support-mural-en-forme-de-balles-pour-pistolet-fusil-et-epee\/#primaryimage"},"thumbnailUrl":"https:\/\/repliquemangacine.fr\/wp-content\/uploads\/2023\/10\/2945-Support-mural-en-forme-de-balles-pour-Pistolet-fusil-et-epee.jpg","datePublished":"2018-08-02T15:34:35+00:00","dateModified":"2026-04-22T17:47:34+00:00","description":"Reg\u00e1late este soporte de pared de bola al mejor precio - Todo de metal - Ajustable en profundidad de 2,5 cm a 4,5 cm - Altura: 4 cm - Env\u00edo 24\/48h","breadcrumb":{"@id":"https:\/\/repliquemangacine.fr\/denix\/support-mural-en-forme-de-balles-pour-pistolet-fusil-et-epee\/#breadcrumb"},"inLanguage":"es","potentialAction":[{"@type":"ReadAction","target":["https:\/\/repliquemangacine.fr\/denix\/support-mural-en-forme-de-balles-pour-pistolet-fusil-et-epee\/"]}]},{"@type":"ImageObject","inLanguage":"es","@id":"https:\/\/repliquemangacine.fr\/denix\/support-mural-en-forme-de-balles-pour-pistolet-fusil-et-epee\/#primaryimage","url":"https:\/\/repliquemangacine.fr\/wp-content\/uploads\/2023\/10\/2945-Support-mural-en-forme-de-balles-pour-Pistolet-fusil-et-epee.jpg","contentUrl":"https:\/\/repliquemangacine.fr\/wp-content\/uploads\/2023\/10\/2945-Support-mural-en-forme-de-balles-pour-Pistolet-fusil-et-epee.jpg","width":800,"height":800,"caption":"Support mural en forme de balles pour Pistolet, fusil et \u00e9p\u00e9e"},{"@type":"BreadcrumbList","@id":"https:\/\/repliquemangacine.fr\/denix\/support-mural-en-forme-de-balles-pour-pistolet-fusil-et-epee\/#breadcrumb","itemListElement":[{"@type":"ListItem","position":1,"name":"Accueil","item":"https:\/\/repliquemangacine.fr\/"},{"@type":"ListItem","position":2,"name":"Produits","item":"https:\/\/repliquemangacine.fr\/boutique\/"},{"@type":"ListItem","position":3,"name":"Support mural balle"}]},{"@type":"WebSite","@id":"https:\/\/repliquemangacine.fr\/#website","url":"https:\/\/repliquemangacine.fr\/","name":"R\u00e9plique Manga Cin\u00e9","description":"","publisher":{"@id":"https:\/\/repliquemangacine.fr\/#organization"},"potentialAction":[{"@type":"SearchAction","target":{"@type":"EntryPoint","urlTemplate":"https:\/\/repliquemangacine.fr\/?s={search_term_string}"},"query-input":{"@type":"PropertyValueSpecification","valueRequired":true,"valueName":"search_term_string"}}],"inLanguage":"es"},{"@type":"Organization","@id":"https:\/\/repliquemangacine.fr\/#organization","name":"R\u00e9plique Manga Cin\u00e9","url":"https:\/\/repliquemangacine.fr\/","logo":{"@type":"ImageObject","inLanguage":"es","@id":"https:\/\/repliquemangacine.fr\/#\/schema\/logo\/image\/","url":"https:\/\/repliquemangacine.fr\/wp-content\/uploads\/2023\/10\/RMC-500250.png","contentUrl":"https:\/\/repliquemangacine.fr\/wp-content\/uploads\/2023\/10\/RMC-500250.png","width":500,"height":250,"caption":"R\u00e9plique Manga Cin\u00e9"},"image":{"@id":"https:\/\/repliquemangacine.fr\/#\/schema\/logo\/image\/"},"sameAs":["https:\/\/www.facebook.com\/RepliqueMangaCine","https:\/\/www.instagram.com\/repliquemangacine.fr\/"]}]}},"_links":{"self":[{"href":"https:\/\/repliquemangacine.fr\/es\/wp-json\/wp\/v2\/product\/27894","targetHints":{"allow":["GET"]}}],"collection":[{"href":"https:\/\/repliquemangacine.fr\/es\/wp-json\/wp\/v2\/product"}],"about":[{"href":"https:\/\/repliquemangacine.fr\/es\/wp-json\/wp\/v2\/types\/product"}],"wp:featuredmedia":[{"embeddable":true,"href":"https:\/\/repliquemangacine.fr\/es\/wp-json\/wp\/v2\/media\/27895"}],"wp:attachment":[{"href":"https:\/\/repliquemangacine.fr\/es\/wp-json\/wp\/v2\/media?parent=27894"}],"wp:term":[{"taxonomy":"product_brand","embeddable":true,"href":"https:\/\/repliquemangacine.fr\/es\/wp-json\/wp\/v2\/product_brand?post=27894"},{"taxonomy":"product_cat","embeddable":true,"href":"https:\/\/repliquemangacine.fr\/es\/wp-json\/wp\/v2\/product_cat?post=27894"},{"taxonomy":"product_tag","embeddable":true,"href":"https:\/\/repliquemangacine.fr\/es\/wp-json\/wp\/v2\/product_tag?post=27894"}],"curies":[{"name":"wp","href":"https:\/\/api.w.org\/{rel}","templated":true}]}}