





{"id":27890,"date":"2018-08-02T16:44:18","date_gmt":"2018-08-02T14:44:18","guid":{"rendered":"https:\/\/repliquemangacine.fr\/?post_type=product&#038;p=27890"},"modified":"2026-04-18T19:35:37","modified_gmt":"2026-04-18T17:35:37","slug":"soporte-de-pared-para-pistola-y-espada","status":"publish","type":"product","link":"https:\/\/repliquemangacine.fr\/es\/dagues-et-accessoires-seconde-guerre-mondiale-materiels-militaria\/support-mural-pour-pistolet-fusil-et-epee\/","title":{"rendered":"Soporte de pared para pistola, rifle y espada"},"content":{"rendered":"<h2>Soporte de pared dorado Fleur de Lys.<\/h2>\n<p>Para empezar, el S<strong>Soporte de pared Fleur de Lys<\/strong> est\u00e1 fabricado \u00edntegramente en acero para una bonita presentaci\u00f3n de sus espadas y rifles. <a href=\"https:\/\/www.denix.fr\/\" target=\"_blank\" rel=\"noopener noreferrer\">Denix<\/a>.<\/p>\n<p>Los soportes de presentaci\u00f3n desempe\u00f1an un papel esencial en la exposici\u00f3n de sus espadas, sables, katanas, pistolas y rifles de colecci\u00f3n. De hecho, este conjunto de dos piezas totalmente de acero, ajustable en profundidad, le garantiza poder mostrar a sus amigos la calidad de sus reproducciones de armas hist\u00f3ricas.<\/p>\n<p>Cabe destacar que Denix ofrece un acabado de fabricaci\u00f3n que sorprender\u00e1 a m\u00e1s de uno. Denix, importador de renombre mundial, es la marca de referencia en reproducciones de armas hist\u00f3ricas. De hecho, todas las grandes historias de batallas y guerras est\u00e1n representadas, como:<\/p>\n<ul>\n<li>El primer Imperio con sus espadas y pistolas.<\/li>\n<li>Espadas y armas de la Edad Media<\/li>\n<li>Potros vaqueros<\/li>\n<li>Por \u00faltimo, las armas de la Segunda Guerra Mundial.<\/li>\n<\/ul>\n<h2>Tus r\u00e9plicas de armas hist\u00f3ricas al mejor precio.<\/h2>\n<p>Le ofrecemos una amplia selecci\u00f3n de r\u00e9plicas de espadas, rifles y pistolas de la marca Denix.<\/p>\n<p>Lo primero y m\u00e1s importante,<\/p>\n<ul>\n<li>En <a href=\"https:\/\/repliquemangacine.fr\/es\/pistola-kolser\/\">colts westerns<\/a> con fundas para ser un aut\u00e9ntico vaquero.<\/li>\n<li>Tambi\u00e9n hay pistolas antiguas, as\u00ed como <a href=\"https:\/\/repliquemangacine.fr\/es\/rifle-antiguo\/\">rifles antiguos<\/a> con sus bayonetas.<\/li>\n<li>As\u00ed como todas las reproducciones de armas de la Segunda Guerra Mundial\u1d49 y sus desembarcos del D\u00eda D.<\/li>\n<li>Y mucho m\u00e1s por descubrir en nuestra tienda en l\u00ednea.<\/li>\n<\/ul>\n<p>Por eso, aqu\u00ed tienes unas ideas fant\u00e1sticas para regalar a todos los amantes de las historias.<\/p>\n<p>En conclusi\u00f3n, puede utilizar su <strong>Soporte de pared Fleur de Lys<\/strong> para exponer todas tus armas de colecci\u00f3n.<\/p>\n<p>R\u00e9plique Manga Cin\u00e9 es una empresa familiar francesa, distribuidora oficial de la marca Denix.<\/p>","protected":false},"excerpt":{"rendered":"<p>Precioso juego de dos piezas en forma de flor de lis para exponer sus pistolas, rifles o espadas en la pared.<\/p>\n<ul>\n<li>Totalmente de metal.<\/li>\n<li>Ajustable en profundidad.<\/li>\n<li>Se fija con dos tornillos (suministrados).<\/li>\n<li>Dimensiones: Altura: 9 cm - Anchura: 2,5 cm.<\/li>\n<\/ul>","protected":false},"featured_media":27891,"template":"","meta":[],"product_brand":[896],"product_cat":[50,51,25,102,55,54,92,26,85,52,37,83,28,43,27],"product_tag":[],"class_list":{"0":"post-27890","1":"product","2":"type-product","3":"status-publish","4":"has-post-thumbnail","6":"product_brand-replique-manga-cine","7":"product_cat-accessoires-katana","8":"product_cat-accessoires-western","9":"product_cat-armes-historiques","10":"product_cat-denix","11":"product_cat-fusil-ancien","12":"product_cat-armes-accessoires-guerre-mondiale","13":"product_cat-haches-de-guerre-medievale-et-accessoire-medievaux","14":"product_cat-katana-epee","15":"product_cat-dagues-et-accessoires-seconde-guerre-mondiale-materiels-militaria","16":"product_cat-pistolet-ancien","17":"product_cat-premier-empire","18":"product_cat-replique-d-armes-1er-empire","19":"product_cat-repliques-darmes","20":"product_cat-reproductions-d-armes-et-accessoires-medievales","21":"product_cat-armes-et-accessoires-western","23":"first","24":"outofstock","25":"taxable","26":"shipping-taxable","27":"purchasable","28":"product-type-simple"},"yoast_head":"<!-- This site is optimized with the Yoast SEO plugin v27.4 - https:\/\/yoast.com\/product\/yoast-seo-wordpress\/ -->\n<title>Support mural - Fusil, \u00e9p\u00e9e et colt Denix | R\u00e9plique Manga Cin\u00e9<\/title>\n<meta name=\"description\" content=\"Id\u00e9al pour mettre vos pistolets, fusils et \u00e9p\u00e9es en valeur avec ce Support mural au meilleur prix - Enti\u00e8rement en m\u00e9tal - R\u00e9glable dans la profondeur.\" \/>\n<meta name=\"robots\" content=\"index, follow, max-snippet:-1, max-image-preview:large, max-video-preview:-1\" \/>\n<link rel=\"canonical\" href=\"https:\/\/repliquemangacine.fr\/es\/denix\/soporte-de-pared-para-pistola-y-espada\/\" \/>\n<meta property=\"og:locale\" content=\"es_ES\" \/>\n<meta property=\"og:type\" content=\"article\" \/>\n<meta property=\"og:title\" content=\"Support mural - Fusil, \u00e9p\u00e9e et colt Denix | R\u00e9plique Manga Cin\u00e9\" \/>\n<meta property=\"og:description\" content=\"Id\u00e9al pour mettre vos pistolets, fusils et \u00e9p\u00e9es en valeur avec ce Support mural au meilleur prix - Enti\u00e8rement en m\u00e9tal - R\u00e9glable dans la profondeur.\" \/>\n<meta property=\"og:url\" content=\"https:\/\/repliquemangacine.fr\/es\/denix\/soporte-de-pared-para-pistola-y-espada\/\" \/>\n<meta property=\"og:site_name\" content=\"R\u00e9plique Manga Cin\u00e9\" \/>\n<meta property=\"article:publisher\" content=\"https:\/\/www.facebook.com\/RepliqueMangaCine\" \/>\n<meta property=\"article:modified_time\" content=\"2026-04-18T17:35:37+00:00\" \/>\n<meta property=\"og:image\" content=\"https:\/\/repliquemangacine.fr\/wp-content\/uploads\/2023\/10\/2633-Support-mural-pour-Pistolet-fusil-et-epee.jpg\" \/>\n\t<meta property=\"og:image:width\" content=\"800\" \/>\n\t<meta property=\"og:image:height\" content=\"800\" \/>\n\t<meta property=\"og:image:type\" content=\"image\/jpeg\" \/>\n<meta name=\"twitter:card\" content=\"summary_large_image\" \/>\n<meta name=\"twitter:label1\" content=\"Tiempo de lectura\" \/>\n\t<meta name=\"twitter:data1\" content=\"1 minuto\" \/>\n<script type=\"application\/ld+json\" class=\"yoast-schema-graph\">{\"@context\":\"https:\\\/\\\/schema.org\",\"@graph\":[{\"@type\":\"WebPage\",\"@id\":\"https:\\\/\\\/repliquemangacine.fr\\\/denix\\\/support-mural-pour-pistolet-fusil-et-epee\\\/\",\"url\":\"https:\\\/\\\/repliquemangacine.fr\\\/denix\\\/support-mural-pour-pistolet-fusil-et-epee\\\/\",\"name\":\"Support mural - Fusil, \u00e9p\u00e9e et colt Denix | R\u00e9plique Manga Cin\u00e9\",\"isPartOf\":{\"@id\":\"https:\\\/\\\/repliquemangacine.fr\\\/#website\"},\"primaryImageOfPage\":{\"@id\":\"https:\\\/\\\/repliquemangacine.fr\\\/denix\\\/support-mural-pour-pistolet-fusil-et-epee\\\/#primaryimage\"},\"image\":{\"@id\":\"https:\\\/\\\/repliquemangacine.fr\\\/denix\\\/support-mural-pour-pistolet-fusil-et-epee\\\/#primaryimage\"},\"thumbnailUrl\":\"https:\\\/\\\/repliquemangacine.fr\\\/wp-content\\\/uploads\\\/2023\\\/10\\\/2633-Support-mural-pour-Pistolet-fusil-et-epee.jpg\",\"datePublished\":\"2018-08-02T14:44:18+00:00\",\"dateModified\":\"2026-04-18T17:35:37+00:00\",\"description\":\"Id\u00e9al pour mettre vos pistolets, fusils et \u00e9p\u00e9es en valeur avec ce Support mural au meilleur prix - Enti\u00e8rement en m\u00e9tal - R\u00e9glable dans la profondeur.\",\"breadcrumb\":{\"@id\":\"https:\\\/\\\/repliquemangacine.fr\\\/denix\\\/support-mural-pour-pistolet-fusil-et-epee\\\/#breadcrumb\"},\"inLanguage\":\"es\",\"potentialAction\":[{\"@type\":\"ReadAction\",\"target\":[\"https:\\\/\\\/repliquemangacine.fr\\\/denix\\\/support-mural-pour-pistolet-fusil-et-epee\\\/\"]}]},{\"@type\":\"ImageObject\",\"inLanguage\":\"es\",\"@id\":\"https:\\\/\\\/repliquemangacine.fr\\\/denix\\\/support-mural-pour-pistolet-fusil-et-epee\\\/#primaryimage\",\"url\":\"https:\\\/\\\/repliquemangacine.fr\\\/wp-content\\\/uploads\\\/2023\\\/10\\\/2633-Support-mural-pour-Pistolet-fusil-et-epee.jpg\",\"contentUrl\":\"https:\\\/\\\/repliquemangacine.fr\\\/wp-content\\\/uploads\\\/2023\\\/10\\\/2633-Support-mural-pour-Pistolet-fusil-et-epee.jpg\",\"width\":800,\"height\":800,\"caption\":\"Support mural pour Pistolet, fusil et \u00e9p\u00e9e\"},{\"@type\":\"BreadcrumbList\",\"@id\":\"https:\\\/\\\/repliquemangacine.fr\\\/denix\\\/support-mural-pour-pistolet-fusil-et-epee\\\/#breadcrumb\",\"itemListElement\":[{\"@type\":\"ListItem\",\"position\":1,\"name\":\"Accueil\",\"item\":\"https:\\\/\\\/repliquemangacine.fr\\\/\"},{\"@type\":\"ListItem\",\"position\":2,\"name\":\"Produits\",\"item\":\"https:\\\/\\\/repliquemangacine.fr\\\/boutique\\\/\"},{\"@type\":\"ListItem\",\"position\":3,\"name\":\"Support mural pour Pistolet, fusil et \u00e9p\u00e9e\"}]},{\"@type\":\"WebSite\",\"@id\":\"https:\\\/\\\/repliquemangacine.fr\\\/#website\",\"url\":\"https:\\\/\\\/repliquemangacine.fr\\\/\",\"name\":\"R\u00e9plique Manga Cin\u00e9\",\"description\":\"\",\"publisher\":{\"@id\":\"https:\\\/\\\/repliquemangacine.fr\\\/#organization\"},\"potentialAction\":[{\"@type\":\"SearchAction\",\"target\":{\"@type\":\"EntryPoint\",\"urlTemplate\":\"https:\\\/\\\/repliquemangacine.fr\\\/?s={search_term_string}\"},\"query-input\":{\"@type\":\"PropertyValueSpecification\",\"valueRequired\":true,\"valueName\":\"search_term_string\"}}],\"inLanguage\":\"es\"},{\"@type\":\"Organization\",\"@id\":\"https:\\\/\\\/repliquemangacine.fr\\\/#organization\",\"name\":\"R\u00e9plique Manga Cin\u00e9\",\"url\":\"https:\\\/\\\/repliquemangacine.fr\\\/\",\"logo\":{\"@type\":\"ImageObject\",\"inLanguage\":\"es\",\"@id\":\"https:\\\/\\\/repliquemangacine.fr\\\/#\\\/schema\\\/logo\\\/image\\\/\",\"url\":\"https:\\\/\\\/repliquemangacine.fr\\\/wp-content\\\/uploads\\\/2023\\\/10\\\/RMC-500250.png\",\"contentUrl\":\"https:\\\/\\\/repliquemangacine.fr\\\/wp-content\\\/uploads\\\/2023\\\/10\\\/RMC-500250.png\",\"width\":500,\"height\":250,\"caption\":\"R\u00e9plique Manga Cin\u00e9\"},\"image\":{\"@id\":\"https:\\\/\\\/repliquemangacine.fr\\\/#\\\/schema\\\/logo\\\/image\\\/\"},\"sameAs\":[\"https:\\\/\\\/www.facebook.com\\\/RepliqueMangaCine\",\"https:\\\/\\\/www.instagram.com\\\/repliquemangacine.fr\\\/\"]}]}<\/script>\n<!-- \/ Yoast SEO plugin. -->","yoast_head_json":{"title":"Soporte de pared - Rifle, espada y potro Denix | R\u00e9plique Manga Cin\u00e9","description":"Ideal para exhibir sus pistolas, rifles y espadas con este soporte de pared al mejor precio - Fabricado totalmente en metal - Profundidad ajustable.","robots":{"index":"index","follow":"follow","max-snippet":"max-snippet:-1","max-image-preview":"max-image-preview:large","max-video-preview":"max-video-preview:-1"},"canonical":"https:\/\/repliquemangacine.fr\/es\/denix\/soporte-de-pared-para-pistola-y-espada\/","og_locale":"es_ES","og_type":"article","og_title":"Support mural - Fusil, \u00e9p\u00e9e et colt Denix | R\u00e9plique Manga Cin\u00e9","og_description":"Id\u00e9al pour mettre vos pistolets, fusils et \u00e9p\u00e9es en valeur avec ce Support mural au meilleur prix - Enti\u00e8rement en m\u00e9tal - R\u00e9glable dans la profondeur.","og_url":"https:\/\/repliquemangacine.fr\/es\/denix\/soporte-de-pared-para-pistola-y-espada\/","og_site_name":"R\u00e9plique Manga Cin\u00e9","article_publisher":"https:\/\/www.facebook.com\/RepliqueMangaCine","article_modified_time":"2026-04-18T17:35:37+00:00","og_image":[{"width":800,"height":800,"url":"https:\/\/repliquemangacine.fr\/wp-content\/uploads\/2023\/10\/2633-Support-mural-pour-Pistolet-fusil-et-epee.jpg","type":"image\/jpeg"}],"twitter_card":"summary_large_image","twitter_misc":{"Tiempo de lectura":"1 minuto"},"schema":{"@context":"https:\/\/schema.org","@graph":[{"@type":"WebPage","@id":"https:\/\/repliquemangacine.fr\/denix\/support-mural-pour-pistolet-fusil-et-epee\/","url":"https:\/\/repliquemangacine.fr\/denix\/support-mural-pour-pistolet-fusil-et-epee\/","name":"Soporte de pared - Rifle, espada y potro Denix | R\u00e9plique Manga Cin\u00e9","isPartOf":{"@id":"https:\/\/repliquemangacine.fr\/#website"},"primaryImageOfPage":{"@id":"https:\/\/repliquemangacine.fr\/denix\/support-mural-pour-pistolet-fusil-et-epee\/#primaryimage"},"image":{"@id":"https:\/\/repliquemangacine.fr\/denix\/support-mural-pour-pistolet-fusil-et-epee\/#primaryimage"},"thumbnailUrl":"https:\/\/repliquemangacine.fr\/wp-content\/uploads\/2023\/10\/2633-Support-mural-pour-Pistolet-fusil-et-epee.jpg","datePublished":"2018-08-02T14:44:18+00:00","dateModified":"2026-04-18T17:35:37+00:00","description":"Ideal para exhibir sus pistolas, rifles y espadas con este soporte de pared al mejor precio - Fabricado totalmente en metal - Profundidad ajustable.","breadcrumb":{"@id":"https:\/\/repliquemangacine.fr\/denix\/support-mural-pour-pistolet-fusil-et-epee\/#breadcrumb"},"inLanguage":"es","potentialAction":[{"@type":"ReadAction","target":["https:\/\/repliquemangacine.fr\/denix\/support-mural-pour-pistolet-fusil-et-epee\/"]}]},{"@type":"ImageObject","inLanguage":"es","@id":"https:\/\/repliquemangacine.fr\/denix\/support-mural-pour-pistolet-fusil-et-epee\/#primaryimage","url":"https:\/\/repliquemangacine.fr\/wp-content\/uploads\/2023\/10\/2633-Support-mural-pour-Pistolet-fusil-et-epee.jpg","contentUrl":"https:\/\/repliquemangacine.fr\/wp-content\/uploads\/2023\/10\/2633-Support-mural-pour-Pistolet-fusil-et-epee.jpg","width":800,"height":800,"caption":"Support mural pour Pistolet, fusil et \u00e9p\u00e9e"},{"@type":"BreadcrumbList","@id":"https:\/\/repliquemangacine.fr\/denix\/support-mural-pour-pistolet-fusil-et-epee\/#breadcrumb","itemListElement":[{"@type":"ListItem","position":1,"name":"Accueil","item":"https:\/\/repliquemangacine.fr\/"},{"@type":"ListItem","position":2,"name":"Produits","item":"https:\/\/repliquemangacine.fr\/boutique\/"},{"@type":"ListItem","position":3,"name":"Support mural pour Pistolet, fusil et \u00e9p\u00e9e"}]},{"@type":"WebSite","@id":"https:\/\/repliquemangacine.fr\/#website","url":"https:\/\/repliquemangacine.fr\/","name":"R\u00e9plique Manga Cin\u00e9","description":"","publisher":{"@id":"https:\/\/repliquemangacine.fr\/#organization"},"potentialAction":[{"@type":"SearchAction","target":{"@type":"EntryPoint","urlTemplate":"https:\/\/repliquemangacine.fr\/?s={search_term_string}"},"query-input":{"@type":"PropertyValueSpecification","valueRequired":true,"valueName":"search_term_string"}}],"inLanguage":"es"},{"@type":"Organization","@id":"https:\/\/repliquemangacine.fr\/#organization","name":"R\u00e9plique Manga Cin\u00e9","url":"https:\/\/repliquemangacine.fr\/","logo":{"@type":"ImageObject","inLanguage":"es","@id":"https:\/\/repliquemangacine.fr\/#\/schema\/logo\/image\/","url":"https:\/\/repliquemangacine.fr\/wp-content\/uploads\/2023\/10\/RMC-500250.png","contentUrl":"https:\/\/repliquemangacine.fr\/wp-content\/uploads\/2023\/10\/RMC-500250.png","width":500,"height":250,"caption":"R\u00e9plique Manga Cin\u00e9"},"image":{"@id":"https:\/\/repliquemangacine.fr\/#\/schema\/logo\/image\/"},"sameAs":["https:\/\/www.facebook.com\/RepliqueMangaCine","https:\/\/www.instagram.com\/repliquemangacine.fr\/"]}]}},"_links":{"self":[{"href":"https:\/\/repliquemangacine.fr\/es\/wp-json\/wp\/v2\/product\/27890","targetHints":{"allow":["GET"]}}],"collection":[{"href":"https:\/\/repliquemangacine.fr\/es\/wp-json\/wp\/v2\/product"}],"about":[{"href":"https:\/\/repliquemangacine.fr\/es\/wp-json\/wp\/v2\/types\/product"}],"wp:featuredmedia":[{"embeddable":true,"href":"https:\/\/repliquemangacine.fr\/es\/wp-json\/wp\/v2\/media\/27891"}],"wp:attachment":[{"href":"https:\/\/repliquemangacine.fr\/es\/wp-json\/wp\/v2\/media?parent=27890"}],"wp:term":[{"taxonomy":"product_brand","embeddable":true,"href":"https:\/\/repliquemangacine.fr\/es\/wp-json\/wp\/v2\/product_brand?post=27890"},{"taxonomy":"product_cat","embeddable":true,"href":"https:\/\/repliquemangacine.fr\/es\/wp-json\/wp\/v2\/product_cat?post=27890"},{"taxonomy":"product_tag","embeddable":true,"href":"https:\/\/repliquemangacine.fr\/es\/wp-json\/wp\/v2\/product_tag?post=27890"}],"curies":[{"name":"wp","href":"https:\/\/api.w.org\/{rel}","templated":true}]}}