





{"id":27816,"date":"2018-04-10T17:14:59","date_gmt":"2018-04-10T15:14:59","guid":{"rendered":"https:\/\/repliquemangacine.fr\/?post_type=product&#038;p=27816"},"modified":"2026-03-31T08:28:10","modified_gmt":"2026-03-31T06:28:10","slug":"replica-de-la-daga-catspaw-juego-de-tronos","status":"publish","type":"product","link":"https:\/\/repliquemangacine.fr\/es\/epees-game-of-thrones\/replique-dague-catspaw-game-of-thrones\/","title":{"rendered":"Daga Catspaw de Juego de Tronos"},"content":{"rendered":"<h2>Daga Catspaw en Juego de Tronos y La Casa del Drag\u00f3n.<\/h2>\n<p>Para empezar, el <strong>Daga Catspaw<\/strong> daga <a href=\"https:\/\/gameofthrones.fandom.com\/fr\/wiki\/L'Acier_Valyrien\" target=\"_blank\" rel=\"noopener noreferrer\">Acero valyrio<\/a> Aparece por primera vez al comienzo de la temporada 1, durante el ataque contra Bran Stark en Invernalia.<\/p>\n<p>La daga aparece en varios episodios de la temporada 7 en manos de Arya, quien la utiliza, entre otras cosas, para degollar a Peter Baelish y, sobre todo, para matar al Rey Nocturno cuando este se dispone a matar a su hermano.<\/p>\n<p>Volvemos a ver la daga en House of the Dragon en manos del rey Viserys, quien explica con precisi\u00f3n el origen de la daga. En el cuarto episodio de la temporada 1, Viserys le explica a Rhaenyra que esta daga perteneci\u00f3 a Aegon el Conquistador. Y antes de eso, a Aenar Targaryen.<\/p>\n<h2>Tu Daga Catspaw al mejor precio.<\/h2>\n<p>Te ofrecemos todas las r\u00e9plicas de espadas y dagas de la serie Juego de Tronos y, muy pronto, de House of the Dragon.<\/p>\n<p>Lo primero y m\u00e1s importante,<\/p>\n<ul>\n<li>L'<a href=\"https:\/\/repliquemangacine.fr\/es\/juego-de-tronos\/jon-snow-espada-grande-juego-de-tronos-etiqueta\/\">Espada Gran Garra<\/a> de Jon Snow como serie, pero tambi\u00e9n existe como novela.<\/li>\n<li>Tambi\u00e9n existe la<a href=\"https:\/\/repliquemangacine.fr\/es\/espadas-de-juego-de-tronos\/arya-stark-vaina-aguja\/\">espada de aguja Arya<\/a> con su vaina que le dio Jon Nieve.<\/li>\n<li>Y muchos m\u00e1s.<\/li>\n<\/ul>\n<p>Por eso, aqu\u00ed tienes una idea estupenda para regalar a los fans de la serie Juego de Tronos.<\/p>\n<p>Para concluir, puede utilizar la <strong>Daga Catspaw<\/strong> para tus desfiles de Cosplays, pero tambi\u00e9n para tus veladas tem\u00e1ticas. Pero sobre todo, es una pieza de coleccionista y una gran decoraci\u00f3n.<\/p>\n<h2>\u00bfC\u00f3mo mantengo la hoja de mi daga de Juego de Tronos?<\/h2>\n<p>Las dagas de colecci\u00f3n y decorativas se fabrican y ensamblan de forma simplificada. Como su uso es decorativo, no cuentan con los elementos de seguridad exigidos para un sable japon\u00e9s destinado al entrenamiento.<\/p>\n<p>Sin embargo, su <strong>Daga Catspaw<\/strong> a una hoja de acero que hay que cuidar para evitar que se estropee con el tiempo. Cuando exponga su katana, sus amigos sentir\u00e1n curiosidad por ver la hoja y tocarla. Aqu\u00ed es donde hay que tener cuidado, ya que la acidez de los dedos es muy perjudicial para el acero, sea cual sea su calidad.<\/p>\n<p>Sin embargo, si esto ocurre, no te asustes, todo lo que necesitas es un pa\u00f1o humedecido con un poco de aceite y limpiar las huellas dactilares. Si haces esto, tu espada durar\u00e1 mucho tiempo.<\/p>\n<p><strong>\u00a0<\/strong><\/p>","protected":false},"excerpt":{"rendered":"<p>Catspaw, la daga de acero valyrio.<\/p>\n<ul>\n<li>Hoja de acero con motivo muar\u00e9 imitaci\u00f3n acero de Damasco.<\/li>\n<li>Mango de ABS con imitaci\u00f3n de hueso de drag\u00f3n y parte de metal dorado.<\/li>\n<li>Imitaci\u00f3n de rub\u00ed.<\/li>\n<li>Placa de madera.<\/li>\n<li>Longitud hoja: 25 cm - Longitud total: 48 cm - Peso: 490 grs<\/li>\n<\/ul>","protected":false},"featured_media":27817,"template":"","meta":[],"product_brand":[896],"product_cat":[72,24,47,105],"product_tag":[],"class_list":{"0":"post-27816","1":"product","2":"type-product","3":"status-publish","4":"has-post-thumbnail","6":"product_brand-replique-manga-cine","7":"product_cat-epees-game-of-thrones","8":"product_cat-films-series-tv-vente-de-katana-epee-et-produits-derives","9":"product_cat-game-of-thrones","10":"product_cat-house-of-the-dragon","12":"first","13":"instock","14":"sale","15":"taxable","16":"shipping-taxable","17":"purchasable","18":"product-type-simple"},"yoast_head":"<!-- This site is optimized with the Yoast SEO plugin v27.4 - https:\/\/yoast.com\/product\/yoast-seo-wordpress\/ -->\n<title>Dague Catspaw - Game of Thrones - R\u00e9plique Manga Cin\u00e9<\/title>\n<meta name=\"description\" content=\"Achetez vite ! la Dague Catspaw dans Game of Thrones et House of the Dragon au meilleur prix - Lame en acier fa\u00e7on damas - Longueur : 48 cm\" \/>\n<meta name=\"robots\" content=\"index, follow, max-snippet:-1, max-image-preview:large, max-video-preview:-1\" \/>\n<link rel=\"canonical\" href=\"https:\/\/repliquemangacine.fr\/es\/casa-del-dragon\/replica-de-la-daga-catspaw-juego-de-tronos\/\" \/>\n<meta property=\"og:locale\" content=\"es_ES\" \/>\n<meta property=\"og:type\" content=\"article\" \/>\n<meta property=\"og:title\" content=\"Dague Catspaw - Game of Thrones - R\u00e9plique Manga Cin\u00e9\" \/>\n<meta property=\"og:description\" content=\"Achetez vite ! la Dague Catspaw dans Game of Thrones et House of the Dragon au meilleur prix - Lame en acier fa\u00e7on damas - Longueur : 48 cm\" \/>\n<meta property=\"og:url\" content=\"https:\/\/repliquemangacine.fr\/es\/casa-del-dragon\/replica-de-la-daga-catspaw-juego-de-tronos\/\" \/>\n<meta property=\"og:site_name\" content=\"R\u00e9plique Manga Cin\u00e9\" \/>\n<meta property=\"article:publisher\" content=\"https:\/\/www.facebook.com\/RepliqueMangaCine\" \/>\n<meta property=\"article:modified_time\" content=\"2026-03-31T06:28:10+00:00\" \/>\n<meta property=\"og:image\" content=\"https:\/\/repliquemangacine.fr\/wp-content\/uploads\/2023\/10\/2566-Dague-Catspaw-Game-of-Throneslame-avec-gorge.jpg\" \/>\n\t<meta property=\"og:image:width\" content=\"600\" \/>\n\t<meta property=\"og:image:height\" content=\"600\" \/>\n\t<meta property=\"og:image:type\" content=\"image\/jpeg\" \/>\n<meta name=\"twitter:card\" content=\"summary_large_image\" \/>\n<meta name=\"twitter:label1\" content=\"Tiempo de lectura\" \/>\n\t<meta name=\"twitter:data1\" content=\"1 minuto\" \/>\n<script type=\"application\/ld+json\" class=\"yoast-schema-graph\">{\"@context\":\"https:\\\/\\\/schema.org\",\"@graph\":[{\"@type\":\"WebPage\",\"@id\":\"https:\\\/\\\/repliquemangacine.fr\\\/house-of-the-dragon\\\/replique-dague-catspaw-game-of-thrones\\\/\",\"url\":\"https:\\\/\\\/repliquemangacine.fr\\\/house-of-the-dragon\\\/replique-dague-catspaw-game-of-thrones\\\/\",\"name\":\"Dague Catspaw - Game of Thrones - R\u00e9plique Manga Cin\u00e9\",\"isPartOf\":{\"@id\":\"https:\\\/\\\/repliquemangacine.fr\\\/#website\"},\"primaryImageOfPage\":{\"@id\":\"https:\\\/\\\/repliquemangacine.fr\\\/house-of-the-dragon\\\/replique-dague-catspaw-game-of-thrones\\\/#primaryimage\"},\"image\":{\"@id\":\"https:\\\/\\\/repliquemangacine.fr\\\/house-of-the-dragon\\\/replique-dague-catspaw-game-of-thrones\\\/#primaryimage\"},\"thumbnailUrl\":\"https:\\\/\\\/repliquemangacine.fr\\\/wp-content\\\/uploads\\\/2023\\\/10\\\/2566-Dague-Catspaw-Game-of-Throneslame-avec-gorge.jpg\",\"datePublished\":\"2018-04-10T15:14:59+00:00\",\"dateModified\":\"2026-03-31T06:28:10+00:00\",\"description\":\"Achetez vite ! la Dague Catspaw dans Game of Thrones et House of the Dragon au meilleur prix - Lame en acier fa\u00e7on damas - Longueur : 48 cm\",\"breadcrumb\":{\"@id\":\"https:\\\/\\\/repliquemangacine.fr\\\/house-of-the-dragon\\\/replique-dague-catspaw-game-of-thrones\\\/#breadcrumb\"},\"inLanguage\":\"es\",\"potentialAction\":[{\"@type\":\"ReadAction\",\"target\":[\"https:\\\/\\\/repliquemangacine.fr\\\/house-of-the-dragon\\\/replique-dague-catspaw-game-of-thrones\\\/\"]}]},{\"@type\":\"ImageObject\",\"inLanguage\":\"es\",\"@id\":\"https:\\\/\\\/repliquemangacine.fr\\\/house-of-the-dragon\\\/replique-dague-catspaw-game-of-thrones\\\/#primaryimage\",\"url\":\"https:\\\/\\\/repliquemangacine.fr\\\/wp-content\\\/uploads\\\/2023\\\/10\\\/2566-Dague-Catspaw-Game-of-Throneslame-avec-gorge.jpg\",\"contentUrl\":\"https:\\\/\\\/repliquemangacine.fr\\\/wp-content\\\/uploads\\\/2023\\\/10\\\/2566-Dague-Catspaw-Game-of-Throneslame-avec-gorge.jpg\",\"width\":600,\"height\":600,\"caption\":\"Dague Catspaw - Game of Thrones+lame avec gorge\"},{\"@type\":\"BreadcrumbList\",\"@id\":\"https:\\\/\\\/repliquemangacine.fr\\\/house-of-the-dragon\\\/replique-dague-catspaw-game-of-thrones\\\/#breadcrumb\",\"itemListElement\":[{\"@type\":\"ListItem\",\"position\":1,\"name\":\"Accueil\",\"item\":\"https:\\\/\\\/repliquemangacine.fr\\\/\"},{\"@type\":\"ListItem\",\"position\":2,\"name\":\"Produits\",\"item\":\"https:\\\/\\\/repliquemangacine.fr\\\/boutique\\\/\"},{\"@type\":\"ListItem\",\"position\":3,\"name\":\"Dague Catspaw Game of Thrones\"}]},{\"@type\":\"WebSite\",\"@id\":\"https:\\\/\\\/repliquemangacine.fr\\\/#website\",\"url\":\"https:\\\/\\\/repliquemangacine.fr\\\/\",\"name\":\"R\u00e9plique Manga Cin\u00e9\",\"description\":\"\",\"publisher\":{\"@id\":\"https:\\\/\\\/repliquemangacine.fr\\\/#organization\"},\"potentialAction\":[{\"@type\":\"SearchAction\",\"target\":{\"@type\":\"EntryPoint\",\"urlTemplate\":\"https:\\\/\\\/repliquemangacine.fr\\\/?s={search_term_string}\"},\"query-input\":{\"@type\":\"PropertyValueSpecification\",\"valueRequired\":true,\"valueName\":\"search_term_string\"}}],\"inLanguage\":\"es\"},{\"@type\":\"Organization\",\"@id\":\"https:\\\/\\\/repliquemangacine.fr\\\/#organization\",\"name\":\"R\u00e9plique Manga Cin\u00e9\",\"url\":\"https:\\\/\\\/repliquemangacine.fr\\\/\",\"logo\":{\"@type\":\"ImageObject\",\"inLanguage\":\"es\",\"@id\":\"https:\\\/\\\/repliquemangacine.fr\\\/#\\\/schema\\\/logo\\\/image\\\/\",\"url\":\"https:\\\/\\\/repliquemangacine.fr\\\/wp-content\\\/uploads\\\/2023\\\/10\\\/RMC-500250.png\",\"contentUrl\":\"https:\\\/\\\/repliquemangacine.fr\\\/wp-content\\\/uploads\\\/2023\\\/10\\\/RMC-500250.png\",\"width\":500,\"height\":250,\"caption\":\"R\u00e9plique Manga Cin\u00e9\"},\"image\":{\"@id\":\"https:\\\/\\\/repliquemangacine.fr\\\/#\\\/schema\\\/logo\\\/image\\\/\"},\"sameAs\":[\"https:\\\/\\\/www.facebook.com\\\/RepliqueMangaCine\",\"https:\\\/\\\/www.instagram.com\\\/repliquemangacine.fr\\\/\"]}]}<\/script>\n<!-- \/ Yoast SEO plugin. -->","yoast_head_json":{"title":"Daga Catspaw - Juego de Tronos - R\u00e9plique Manga Cin\u00e9","description":"Compra ahora la Daga Catspaw de Juego de Tronos y la Casa del Drag\u00f3n al mejor precio - Hoja de acero estilo Damasco - Longitud: 48 cm","robots":{"index":"index","follow":"follow","max-snippet":"max-snippet:-1","max-image-preview":"max-image-preview:large","max-video-preview":"max-video-preview:-1"},"canonical":"https:\/\/repliquemangacine.fr\/es\/casa-del-dragon\/replica-de-la-daga-catspaw-juego-de-tronos\/","og_locale":"es_ES","og_type":"article","og_title":"Dague Catspaw - Game of Thrones - R\u00e9plique Manga Cin\u00e9","og_description":"Achetez vite ! la Dague Catspaw dans Game of Thrones et House of the Dragon au meilleur prix - Lame en acier fa\u00e7on damas - Longueur : 48 cm","og_url":"https:\/\/repliquemangacine.fr\/es\/casa-del-dragon\/replica-de-la-daga-catspaw-juego-de-tronos\/","og_site_name":"R\u00e9plique Manga Cin\u00e9","article_publisher":"https:\/\/www.facebook.com\/RepliqueMangaCine","article_modified_time":"2026-03-31T06:28:10+00:00","og_image":[{"width":600,"height":600,"url":"https:\/\/repliquemangacine.fr\/wp-content\/uploads\/2023\/10\/2566-Dague-Catspaw-Game-of-Throneslame-avec-gorge.jpg","type":"image\/jpeg"}],"twitter_card":"summary_large_image","twitter_misc":{"Tiempo de lectura":"1 minuto"},"schema":{"@context":"https:\/\/schema.org","@graph":[{"@type":"WebPage","@id":"https:\/\/repliquemangacine.fr\/house-of-the-dragon\/replique-dague-catspaw-game-of-thrones\/","url":"https:\/\/repliquemangacine.fr\/house-of-the-dragon\/replique-dague-catspaw-game-of-thrones\/","name":"Daga Catspaw - Juego de Tronos - R\u00e9plique Manga Cin\u00e9","isPartOf":{"@id":"https:\/\/repliquemangacine.fr\/#website"},"primaryImageOfPage":{"@id":"https:\/\/repliquemangacine.fr\/house-of-the-dragon\/replique-dague-catspaw-game-of-thrones\/#primaryimage"},"image":{"@id":"https:\/\/repliquemangacine.fr\/house-of-the-dragon\/replique-dague-catspaw-game-of-thrones\/#primaryimage"},"thumbnailUrl":"https:\/\/repliquemangacine.fr\/wp-content\/uploads\/2023\/10\/2566-Dague-Catspaw-Game-of-Throneslame-avec-gorge.jpg","datePublished":"2018-04-10T15:14:59+00:00","dateModified":"2026-03-31T06:28:10+00:00","description":"Compra ahora la Daga Catspaw de Juego de Tronos y la Casa del Drag\u00f3n al mejor precio - Hoja de acero estilo Damasco - Longitud: 48 cm","breadcrumb":{"@id":"https:\/\/repliquemangacine.fr\/house-of-the-dragon\/replique-dague-catspaw-game-of-thrones\/#breadcrumb"},"inLanguage":"es","potentialAction":[{"@type":"ReadAction","target":["https:\/\/repliquemangacine.fr\/house-of-the-dragon\/replique-dague-catspaw-game-of-thrones\/"]}]},{"@type":"ImageObject","inLanguage":"es","@id":"https:\/\/repliquemangacine.fr\/house-of-the-dragon\/replique-dague-catspaw-game-of-thrones\/#primaryimage","url":"https:\/\/repliquemangacine.fr\/wp-content\/uploads\/2023\/10\/2566-Dague-Catspaw-Game-of-Throneslame-avec-gorge.jpg","contentUrl":"https:\/\/repliquemangacine.fr\/wp-content\/uploads\/2023\/10\/2566-Dague-Catspaw-Game-of-Throneslame-avec-gorge.jpg","width":600,"height":600,"caption":"Dague Catspaw - Game of Thrones+lame avec gorge"},{"@type":"BreadcrumbList","@id":"https:\/\/repliquemangacine.fr\/house-of-the-dragon\/replique-dague-catspaw-game-of-thrones\/#breadcrumb","itemListElement":[{"@type":"ListItem","position":1,"name":"Accueil","item":"https:\/\/repliquemangacine.fr\/"},{"@type":"ListItem","position":2,"name":"Produits","item":"https:\/\/repliquemangacine.fr\/boutique\/"},{"@type":"ListItem","position":3,"name":"Dague Catspaw Game of Thrones"}]},{"@type":"WebSite","@id":"https:\/\/repliquemangacine.fr\/#website","url":"https:\/\/repliquemangacine.fr\/","name":"R\u00e9plique Manga Cin\u00e9","description":"","publisher":{"@id":"https:\/\/repliquemangacine.fr\/#organization"},"potentialAction":[{"@type":"SearchAction","target":{"@type":"EntryPoint","urlTemplate":"https:\/\/repliquemangacine.fr\/?s={search_term_string}"},"query-input":{"@type":"PropertyValueSpecification","valueRequired":true,"valueName":"search_term_string"}}],"inLanguage":"es"},{"@type":"Organization","@id":"https:\/\/repliquemangacine.fr\/#organization","name":"R\u00e9plique Manga Cin\u00e9","url":"https:\/\/repliquemangacine.fr\/","logo":{"@type":"ImageObject","inLanguage":"es","@id":"https:\/\/repliquemangacine.fr\/#\/schema\/logo\/image\/","url":"https:\/\/repliquemangacine.fr\/wp-content\/uploads\/2023\/10\/RMC-500250.png","contentUrl":"https:\/\/repliquemangacine.fr\/wp-content\/uploads\/2023\/10\/RMC-500250.png","width":500,"height":250,"caption":"R\u00e9plique Manga Cin\u00e9"},"image":{"@id":"https:\/\/repliquemangacine.fr\/#\/schema\/logo\/image\/"},"sameAs":["https:\/\/www.facebook.com\/RepliqueMangaCine","https:\/\/www.instagram.com\/repliquemangacine.fr\/"]}]}},"_links":{"self":[{"href":"https:\/\/repliquemangacine.fr\/es\/wp-json\/wp\/v2\/product\/27816","targetHints":{"allow":["GET"]}}],"collection":[{"href":"https:\/\/repliquemangacine.fr\/es\/wp-json\/wp\/v2\/product"}],"about":[{"href":"https:\/\/repliquemangacine.fr\/es\/wp-json\/wp\/v2\/types\/product"}],"wp:featuredmedia":[{"embeddable":true,"href":"https:\/\/repliquemangacine.fr\/es\/wp-json\/wp\/v2\/media\/27817"}],"wp:attachment":[{"href":"https:\/\/repliquemangacine.fr\/es\/wp-json\/wp\/v2\/media?parent=27816"}],"wp:term":[{"taxonomy":"product_brand","embeddable":true,"href":"https:\/\/repliquemangacine.fr\/es\/wp-json\/wp\/v2\/product_brand?post=27816"},{"taxonomy":"product_cat","embeddable":true,"href":"https:\/\/repliquemangacine.fr\/es\/wp-json\/wp\/v2\/product_cat?post=27816"},{"taxonomy":"product_tag","embeddable":true,"href":"https:\/\/repliquemangacine.fr\/es\/wp-json\/wp\/v2\/product_tag?post=27816"}],"curies":[{"name":"wp","href":"https:\/\/api.w.org\/{rel}","templated":true}]}}