





{"id":27807,"date":"2018-04-07T17:42:57","date_gmt":"2018-04-07T15:42:57","guid":{"rendered":"https:\/\/repliquemangacine.fr\/?post_type=product&#038;p=27807"},"modified":"2026-02-28T06:06:32","modified_gmt":"2026-02-28T05:06:32","slug":"serie-vikingos-hacha-ragnar-lothbrok-hacha","status":"publish","type":"product","link":"https:\/\/repliquemangacine.fr\/es\/haches-serie-vikings\/hache-de-la-serie-vikings-hache-de-ragnar-lothbrok\/","title":{"rendered":"Hacha de Ragnar Lothbrok"},"content":{"rendered":"<h2>El hacha vikinga de Ragnar Lothbrok en la serie Vikingos<\/h2>\n<p>Para empezar, este <strong>Hacha vikinga Ragnar Lothbrok<\/strong>, r\u00e9plica exacta de la utilizada en la serie.<\/p>\n<p>El hacha, un arma r\u00e1pida que golpea constantemente con una fuerza letal. La mayor\u00eda de los vikingos no pod\u00edan permitirse el lujo de usar una espada costosa, por lo que el hacha y la lanza eran sus compa\u00f1eros de batalla de confianza.<\/p>\n<p>Los vikingos, navegantes excepcionales, tambi\u00e9n se aventuraron hasta la pen\u00ednsula ib\u00e9rica. Entraron en el Mediterr\u00e1neo por el estrecho de Gibraltar y, en su incursi\u00f3n m\u00e1s importante, entre 859 y 861, se establecieron en el delta del R\u00f3dano, en la Camarga, y luego pasaron a Italia.<\/p>\n<p>Reconocidos como temibles guerreros, los vikingos nunca lograron formar un verdadero ej\u00e9rcito. Su t\u00e1ctica depredadora no puede atribuirse a un arte militar que no dominaban.<\/p>\n<h2>Tu Hacha Vikinga Ragnar Lothbrok al mejor precio.<\/h2>\n<p>Le ofrecemos una amplia selecci\u00f3n de espadas, as\u00ed como cascos y escudos de la \u00e9poca vikinga.<\/p>\n<p>Lo primero y m\u00e1s importante,<\/p>\n<ul>\n<li>La espada de Lagertha, esposa de Ragnar Lothbrok en la serie Vikingos.<\/li>\n<li>Tambi\u00e9n existe la <a href=\"https:\/\/repliquemangacine.fr\/es\/vikingo\/escudo-vikingo-de-madera\/\">escudo redondo de madera<\/a>con un Umbo de acero.<\/li>\n<li>As\u00ed como el <a href=\"https:\/\/repliquemangacine.fr\/es\/vikingo\/casco-vikingo-de-beowulf\/\">Beowulf Casco vikingo<\/a> con apliques de lat\u00f3n repouss\u00e9.<\/li>\n<li>Y muchos m\u00e1s.<\/li>\n<li>Si busca una pulsera o un anillo, descubra nuestra tienda asociada <a href=\"https:\/\/www.viking-clan.com\/\" target=\"_blank\" rel=\"noopener noreferrer\">Clan vikingo<\/a>.<\/li>\n<\/ul>\n<p>Por eso, aqu\u00ed tienes una idea estupenda para regalar a los fans de la famosa serie Vikings.<\/p>\n<p>En conclusi\u00f3n, tambi\u00e9n puede utilizar este hacha de Ragnar para sus recreaciones hist\u00f3ricas. Ante todo, la <strong>Hacha vikinga Ragnar Lothbrok<\/strong>Es una pieza de coleccionista, adem\u00e1s de decorativa.<\/p>\n<h2>\u00bfC\u00f3mo debo mantener la hoja de mi hacha?<\/h2>\n<p>Las hachas de colecci\u00f3n y decoraci\u00f3n se fabrican y ensamblan de forma simplificada. Dado que su uso es decorativo, no cuentan con los elementos de seguridad necesarios para una espada japonesa destinada al entrenamiento.<\/p>\n<p>Sin embargo, su <strong>Hacha vikinga Ragnar Lothbrock<\/strong> a una hoja de acero que hay que cuidar para evitar que se estropee con el tiempo. Cuando exponga su katana, sus amigos sentir\u00e1n curiosidad por ver la hoja y tocarla. Aqu\u00ed es donde hay que tener cuidado, ya que la acidez de los dedos es muy perjudicial para el acero, sea cual sea su calidad.<\/p>\n<p>Sin embargo, si esto ocurre, no te asustes, todo lo que necesitas es un pa\u00f1o humedecido con un poco de aceite y limpiar las huellas dactilares. Si haces esto, tu espada durar\u00e1 mucho tiempo.<\/p>","protected":false},"excerpt":{"rendered":"<p>El hacha de Ragnar Lothbrok de la serie de televisi\u00f3n \"Vikingos\".<\/p>\n<ul>\n<li>Cabeza de hacha de acero inoxidable fundido.<\/li>\n<li>Mango de madera.<\/li>\n<li>Correa de cuero trenzado a lo largo del asa.<\/li>\n<li>Soporte mural de madera serigrafiado con el logotipo de la serie.<\/li>\n<li>Longitud total: 68 cm - Peso: 900 grs<\/li>\n<\/ul>","protected":false},"featured_media":27808,"template":"","meta":[],"product_brand":[896],"product_cat":[25,24,111,103,57],"product_tag":[],"class_list":{"0":"post-27807","1":"product","2":"type-product","3":"status-publish","4":"has-post-thumbnail","6":"product_brand-replique-manga-cine","7":"product_cat-armes-historiques","8":"product_cat-films-series-tv-vente-de-katana-epee-et-produits-derives","9":"product_cat-haches-serie-vikings","10":"product_cat-armes-et-accessoires-vikings","11":"product_cat-armes-vikings","13":"first","14":"instock","15":"taxable","16":"shipping-taxable","17":"purchasable","18":"product-type-simple"},"yoast_head":"<!-- This site is optimized with the Yoast SEO plugin v27.4 - https:\/\/yoast.com\/product\/yoast-seo-wordpress\/ -->\n<title>Hache Viking Ragnar Lothbrok - Vente en ligne hache viking | RMC<\/title>\n<meta name=\"description\" content=\"Offrez-vous la Hache Viking Ragnar Lothbrok dans la s\u00e9rie TV Vikings au meilleur prix - Hache en acier et bois - Longueur totale : 68 cm - Support bois\" \/>\n<meta name=\"robots\" content=\"index, follow, max-snippet:-1, max-image-preview:large, max-video-preview:-1\" \/>\n<link rel=\"canonical\" href=\"https:\/\/repliquemangacine.fr\/es\/ejes-de-la-serie-viking\/serie-vikingos-hacha-ragnar-lothbrok-hacha\/\" \/>\n<meta property=\"og:locale\" content=\"es_ES\" \/>\n<meta property=\"og:type\" content=\"article\" \/>\n<meta property=\"og:title\" content=\"Hache Viking Ragnar Lothbrok - Vente en ligne hache viking | RMC\" \/>\n<meta property=\"og:description\" content=\"Offrez-vous la Hache Viking Ragnar Lothbrok dans la s\u00e9rie TV Vikings au meilleur prix - Hache en acier et bois - Longueur totale : 68 cm - Support bois\" \/>\n<meta property=\"og:url\" content=\"https:\/\/repliquemangacine.fr\/es\/ejes-de-la-serie-viking\/serie-vikingos-hacha-ragnar-lothbrok-hacha\/\" \/>\n<meta property=\"og:site_name\" content=\"R\u00e9plique Manga Cin\u00e9\" \/>\n<meta property=\"article:publisher\" content=\"https:\/\/www.facebook.com\/RepliqueMangaCine\" \/>\n<meta property=\"article:modified_time\" content=\"2026-02-28T05:06:32+00:00\" \/>\n<meta property=\"og:image\" content=\"https:\/\/repliquemangacine.fr\/wp-content\/uploads\/2023\/10\/2559-Hache-Vikings-hache-de-Ragnar-Lothbrok.jpg\" \/>\n\t<meta property=\"og:image:width\" content=\"600\" \/>\n\t<meta property=\"og:image:height\" content=\"600\" \/>\n\t<meta property=\"og:image:type\" content=\"image\/jpeg\" \/>\n<meta name=\"twitter:card\" content=\"summary_large_image\" \/>\n<meta name=\"twitter:label1\" content=\"Tiempo de lectura\" \/>\n\t<meta name=\"twitter:data1\" content=\"1 minuto\" \/>\n<script type=\"application\/ld+json\" class=\"yoast-schema-graph\">{\"@context\":\"https:\\\/\\\/schema.org\",\"@graph\":[{\"@type\":\"WebPage\",\"@id\":\"https:\\\/\\\/repliquemangacine.fr\\\/haches-serie-vikings\\\/hache-de-la-serie-vikings-hache-de-ragnar-lothbrok\\\/\",\"url\":\"https:\\\/\\\/repliquemangacine.fr\\\/haches-serie-vikings\\\/hache-de-la-serie-vikings-hache-de-ragnar-lothbrok\\\/\",\"name\":\"Hache Viking Ragnar Lothbrok - Vente en ligne hache viking | RMC\",\"isPartOf\":{\"@id\":\"https:\\\/\\\/repliquemangacine.fr\\\/#website\"},\"primaryImageOfPage\":{\"@id\":\"https:\\\/\\\/repliquemangacine.fr\\\/haches-serie-vikings\\\/hache-de-la-serie-vikings-hache-de-ragnar-lothbrok\\\/#primaryimage\"},\"image\":{\"@id\":\"https:\\\/\\\/repliquemangacine.fr\\\/haches-serie-vikings\\\/hache-de-la-serie-vikings-hache-de-ragnar-lothbrok\\\/#primaryimage\"},\"thumbnailUrl\":\"https:\\\/\\\/repliquemangacine.fr\\\/wp-content\\\/uploads\\\/2023\\\/10\\\/2559-Hache-Vikings-hache-de-Ragnar-Lothbrok.jpg\",\"datePublished\":\"2018-04-07T15:42:57+00:00\",\"dateModified\":\"2026-02-28T05:06:32+00:00\",\"description\":\"Offrez-vous la Hache Viking Ragnar Lothbrok dans la s\u00e9rie TV Vikings au meilleur prix - Hache en acier et bois - Longueur totale : 68 cm - Support bois\",\"breadcrumb\":{\"@id\":\"https:\\\/\\\/repliquemangacine.fr\\\/haches-serie-vikings\\\/hache-de-la-serie-vikings-hache-de-ragnar-lothbrok\\\/#breadcrumb\"},\"inLanguage\":\"es\",\"potentialAction\":[{\"@type\":\"ReadAction\",\"target\":[\"https:\\\/\\\/repliquemangacine.fr\\\/haches-serie-vikings\\\/hache-de-la-serie-vikings-hache-de-ragnar-lothbrok\\\/\"]}]},{\"@type\":\"ImageObject\",\"inLanguage\":\"es\",\"@id\":\"https:\\\/\\\/repliquemangacine.fr\\\/haches-serie-vikings\\\/hache-de-la-serie-vikings-hache-de-ragnar-lothbrok\\\/#primaryimage\",\"url\":\"https:\\\/\\\/repliquemangacine.fr\\\/wp-content\\\/uploads\\\/2023\\\/10\\\/2559-Hache-Vikings-hache-de-Ragnar-Lothbrok.jpg\",\"contentUrl\":\"https:\\\/\\\/repliquemangacine.fr\\\/wp-content\\\/uploads\\\/2023\\\/10\\\/2559-Hache-Vikings-hache-de-Ragnar-Lothbrok.jpg\",\"width\":600,\"height\":600,\"caption\":\"Hache Vikings, hache de Ragnar Lothbrok\"},{\"@type\":\"BreadcrumbList\",\"@id\":\"https:\\\/\\\/repliquemangacine.fr\\\/haches-serie-vikings\\\/hache-de-la-serie-vikings-hache-de-ragnar-lothbrok\\\/#breadcrumb\",\"itemListElement\":[{\"@type\":\"ListItem\",\"position\":1,\"name\":\"Accueil\",\"item\":\"https:\\\/\\\/repliquemangacine.fr\\\/\"},{\"@type\":\"ListItem\",\"position\":2,\"name\":\"Produits\",\"item\":\"https:\\\/\\\/repliquemangacine.fr\\\/boutique\\\/\"},{\"@type\":\"ListItem\",\"position\":3,\"name\":\"Hache Ragnar Lothbrok\"}]},{\"@type\":\"WebSite\",\"@id\":\"https:\\\/\\\/repliquemangacine.fr\\\/#website\",\"url\":\"https:\\\/\\\/repliquemangacine.fr\\\/\",\"name\":\"R\u00e9plique Manga Cin\u00e9\",\"description\":\"\",\"publisher\":{\"@id\":\"https:\\\/\\\/repliquemangacine.fr\\\/#organization\"},\"potentialAction\":[{\"@type\":\"SearchAction\",\"target\":{\"@type\":\"EntryPoint\",\"urlTemplate\":\"https:\\\/\\\/repliquemangacine.fr\\\/?s={search_term_string}\"},\"query-input\":{\"@type\":\"PropertyValueSpecification\",\"valueRequired\":true,\"valueName\":\"search_term_string\"}}],\"inLanguage\":\"es\"},{\"@type\":\"Organization\",\"@id\":\"https:\\\/\\\/repliquemangacine.fr\\\/#organization\",\"name\":\"R\u00e9plique Manga Cin\u00e9\",\"url\":\"https:\\\/\\\/repliquemangacine.fr\\\/\",\"logo\":{\"@type\":\"ImageObject\",\"inLanguage\":\"es\",\"@id\":\"https:\\\/\\\/repliquemangacine.fr\\\/#\\\/schema\\\/logo\\\/image\\\/\",\"url\":\"https:\\\/\\\/repliquemangacine.fr\\\/wp-content\\\/uploads\\\/2023\\\/10\\\/RMC-500250.png\",\"contentUrl\":\"https:\\\/\\\/repliquemangacine.fr\\\/wp-content\\\/uploads\\\/2023\\\/10\\\/RMC-500250.png\",\"width\":500,\"height\":250,\"caption\":\"R\u00e9plique Manga Cin\u00e9\"},\"image\":{\"@id\":\"https:\\\/\\\/repliquemangacine.fr\\\/#\\\/schema\\\/logo\\\/image\\\/\"},\"sameAs\":[\"https:\\\/\\\/www.facebook.com\\\/RepliqueMangaCine\",\"https:\\\/\\\/www.instagram.com\\\/repliquemangacine.fr\\\/\"]}]}<\/script>\n<!-- \/ Yoast SEO plugin. -->","yoast_head_json":{"title":"Hacha vikinga Ragnar Lothbrok - Venta online hacha vikinga | RMC","description":"Reg\u00e1late el hacha vikinga Ragnar Lothbrok de la serie de TV Vikingos al mejor precio - Hacha de acero y madera - Longitud total: 68 cm - Soporte de madera","robots":{"index":"index","follow":"follow","max-snippet":"max-snippet:-1","max-image-preview":"max-image-preview:large","max-video-preview":"max-video-preview:-1"},"canonical":"https:\/\/repliquemangacine.fr\/es\/ejes-de-la-serie-viking\/serie-vikingos-hacha-ragnar-lothbrok-hacha\/","og_locale":"es_ES","og_type":"article","og_title":"Hache Viking Ragnar Lothbrok - Vente en ligne hache viking | RMC","og_description":"Offrez-vous la Hache Viking Ragnar Lothbrok dans la s\u00e9rie TV Vikings au meilleur prix - Hache en acier et bois - Longueur totale : 68 cm - Support bois","og_url":"https:\/\/repliquemangacine.fr\/es\/ejes-de-la-serie-viking\/serie-vikingos-hacha-ragnar-lothbrok-hacha\/","og_site_name":"R\u00e9plique Manga Cin\u00e9","article_publisher":"https:\/\/www.facebook.com\/RepliqueMangaCine","article_modified_time":"2026-02-28T05:06:32+00:00","og_image":[{"width":600,"height":600,"url":"https:\/\/repliquemangacine.fr\/wp-content\/uploads\/2023\/10\/2559-Hache-Vikings-hache-de-Ragnar-Lothbrok.jpg","type":"image\/jpeg"}],"twitter_card":"summary_large_image","twitter_misc":{"Tiempo de lectura":"1 minuto"},"schema":{"@context":"https:\/\/schema.org","@graph":[{"@type":"WebPage","@id":"https:\/\/repliquemangacine.fr\/haches-serie-vikings\/hache-de-la-serie-vikings-hache-de-ragnar-lothbrok\/","url":"https:\/\/repliquemangacine.fr\/haches-serie-vikings\/hache-de-la-serie-vikings-hache-de-ragnar-lothbrok\/","name":"Hacha vikinga Ragnar Lothbrok - Venta online hacha vikinga | RMC","isPartOf":{"@id":"https:\/\/repliquemangacine.fr\/#website"},"primaryImageOfPage":{"@id":"https:\/\/repliquemangacine.fr\/haches-serie-vikings\/hache-de-la-serie-vikings-hache-de-ragnar-lothbrok\/#primaryimage"},"image":{"@id":"https:\/\/repliquemangacine.fr\/haches-serie-vikings\/hache-de-la-serie-vikings-hache-de-ragnar-lothbrok\/#primaryimage"},"thumbnailUrl":"https:\/\/repliquemangacine.fr\/wp-content\/uploads\/2023\/10\/2559-Hache-Vikings-hache-de-Ragnar-Lothbrok.jpg","datePublished":"2018-04-07T15:42:57+00:00","dateModified":"2026-02-28T05:06:32+00:00","description":"Reg\u00e1late el hacha vikinga Ragnar Lothbrok de la serie de TV Vikingos al mejor precio - Hacha de acero y madera - Longitud total: 68 cm - Soporte de madera","breadcrumb":{"@id":"https:\/\/repliquemangacine.fr\/haches-serie-vikings\/hache-de-la-serie-vikings-hache-de-ragnar-lothbrok\/#breadcrumb"},"inLanguage":"es","potentialAction":[{"@type":"ReadAction","target":["https:\/\/repliquemangacine.fr\/haches-serie-vikings\/hache-de-la-serie-vikings-hache-de-ragnar-lothbrok\/"]}]},{"@type":"ImageObject","inLanguage":"es","@id":"https:\/\/repliquemangacine.fr\/haches-serie-vikings\/hache-de-la-serie-vikings-hache-de-ragnar-lothbrok\/#primaryimage","url":"https:\/\/repliquemangacine.fr\/wp-content\/uploads\/2023\/10\/2559-Hache-Vikings-hache-de-Ragnar-Lothbrok.jpg","contentUrl":"https:\/\/repliquemangacine.fr\/wp-content\/uploads\/2023\/10\/2559-Hache-Vikings-hache-de-Ragnar-Lothbrok.jpg","width":600,"height":600,"caption":"Hache Vikings, hache de Ragnar Lothbrok"},{"@type":"BreadcrumbList","@id":"https:\/\/repliquemangacine.fr\/haches-serie-vikings\/hache-de-la-serie-vikings-hache-de-ragnar-lothbrok\/#breadcrumb","itemListElement":[{"@type":"ListItem","position":1,"name":"Accueil","item":"https:\/\/repliquemangacine.fr\/"},{"@type":"ListItem","position":2,"name":"Produits","item":"https:\/\/repliquemangacine.fr\/boutique\/"},{"@type":"ListItem","position":3,"name":"Hache Ragnar Lothbrok"}]},{"@type":"WebSite","@id":"https:\/\/repliquemangacine.fr\/#website","url":"https:\/\/repliquemangacine.fr\/","name":"R\u00e9plique Manga Cin\u00e9","description":"","publisher":{"@id":"https:\/\/repliquemangacine.fr\/#organization"},"potentialAction":[{"@type":"SearchAction","target":{"@type":"EntryPoint","urlTemplate":"https:\/\/repliquemangacine.fr\/?s={search_term_string}"},"query-input":{"@type":"PropertyValueSpecification","valueRequired":true,"valueName":"search_term_string"}}],"inLanguage":"es"},{"@type":"Organization","@id":"https:\/\/repliquemangacine.fr\/#organization","name":"R\u00e9plique Manga Cin\u00e9","url":"https:\/\/repliquemangacine.fr\/","logo":{"@type":"ImageObject","inLanguage":"es","@id":"https:\/\/repliquemangacine.fr\/#\/schema\/logo\/image\/","url":"https:\/\/repliquemangacine.fr\/wp-content\/uploads\/2023\/10\/RMC-500250.png","contentUrl":"https:\/\/repliquemangacine.fr\/wp-content\/uploads\/2023\/10\/RMC-500250.png","width":500,"height":250,"caption":"R\u00e9plique Manga Cin\u00e9"},"image":{"@id":"https:\/\/repliquemangacine.fr\/#\/schema\/logo\/image\/"},"sameAs":["https:\/\/www.facebook.com\/RepliqueMangaCine","https:\/\/www.instagram.com\/repliquemangacine.fr\/"]}]}},"_links":{"self":[{"href":"https:\/\/repliquemangacine.fr\/es\/wp-json\/wp\/v2\/product\/27807","targetHints":{"allow":["GET"]}}],"collection":[{"href":"https:\/\/repliquemangacine.fr\/es\/wp-json\/wp\/v2\/product"}],"about":[{"href":"https:\/\/repliquemangacine.fr\/es\/wp-json\/wp\/v2\/types\/product"}],"wp:featuredmedia":[{"embeddable":true,"href":"https:\/\/repliquemangacine.fr\/es\/wp-json\/wp\/v2\/media\/27808"}],"wp:attachment":[{"href":"https:\/\/repliquemangacine.fr\/es\/wp-json\/wp\/v2\/media?parent=27807"}],"wp:term":[{"taxonomy":"product_brand","embeddable":true,"href":"https:\/\/repliquemangacine.fr\/es\/wp-json\/wp\/v2\/product_brand?post=27807"},{"taxonomy":"product_cat","embeddable":true,"href":"https:\/\/repliquemangacine.fr\/es\/wp-json\/wp\/v2\/product_cat?post=27807"},{"taxonomy":"product_tag","embeddable":true,"href":"https:\/\/repliquemangacine.fr\/es\/wp-json\/wp\/v2\/product_tag?post=27807"}],"curies":[{"name":"wp","href":"https:\/\/api.w.org\/{rel}","templated":true}]}}