





{"id":27785,"date":"2018-04-02T14:58:35","date_gmt":"2018-04-02T12:58:35","guid":{"rendered":"https:\/\/repliquemangacine.fr\/?post_type=product&#038;p=27785"},"modified":"2026-04-12T16:31:29","modified_gmt":"2026-04-12T14:31:29","slug":"link-espada-maestra-espada-de-espuma-en-zelda","status":"publish","type":"product","link":"https:\/\/repliquemangacine.fr\/es\/epee-zelda\/epee-en-mousse-de-link-master-sword-dans-zelda\/","title":{"rendered":"Espada maestra"},"content":{"rendered":"<h2>La Espada Maestra en Zelda.<\/h2>\n<p>Para empezar, el<strong>Espada maestra<\/strong> o Espada de la Leyenda es la m\u00e1s emblem\u00e1tica de la serie. Denominada Master Sword en las traducciones al ingl\u00e9s, esta espada sagrada sirve para repeler el mal, o m\u00e1s generalmente para repeler a Ganon, pero tambi\u00e9n sirve para adquirir nuevos poderes.<\/p>\n<p>Su origen se revela en Skyward Sword: antiguamente era la Espada Divina, perfeccionada y transformada en esta Espada de la Leyenda despu\u00e9s de que Link la sumergiera en las tres llamas de las diosas.<\/p>\n<p>Link, protagonista de la serie The Legend of Zelda. Es casi siempre hu\u00e9rfano y forma parte del pueblo de los <a href=\"https:\/\/zelda.fandom.com\/fr\/wiki\/Hylien\" target=\"_blank\" rel=\"noopener noreferrer\">Hylians<\/a>.<\/p>\n<h2>Tu Espada Espuma Master Sword al mejor precio.<\/h2>\n<p>Te ofrecemos una amplia selecci\u00f3n de r\u00e9plicas de los videojuegos Zelda.<\/p>\n<p>Lo primero y m\u00e1s importante,<\/p>\n<ul>\n<li>L'<a href=\"https:\/\/repliquemangacine.fr\/es\/zelda\/espada-maestra-espada-zelda\/\">Espada maestra<\/a> en una versi\u00f3n de lujo con su funda de cuero y un acabado absolutamente extraordinario.<\/li>\n<li>A continuaci\u00f3n, Le<a href=\"https:\/\/repliquemangacine.fr\/es\/zelda\/bouclier-de-zelda-en-mousse-bouclier-hylian-de-link\/\"> Escudo hyliano<\/a> La Trifuerza de espuma de Link.<\/li>\n<li>As\u00ed como el<a href=\"https:\/\/repliquemangacine.fr\/es\/zelda\/zelda-epee-dark-link-link-corrompu\/\">Espada Dark Link<\/a> y su lado oscuro.<\/li>\n<li>Y muchos m\u00e1s por descubrir en nuestra tienda en l\u00ednea.<\/li>\n<\/ul>\n<p>Por eso, esta es una idea estupenda para regalar a los fans de Zelda.<\/p>\n<p>En conclusi\u00f3n, puedes usar la espada Mousse Master Sword de Zelda para tus desfiles de cosplay en las convenciones.<\/p>\n<p>Pero, ante todo, es una pieza de colecci\u00f3n y decoraci\u00f3n.<\/p>\n<h2>Descubre nuestros \u00faltimos lanzamientos de Zelda<\/h2>\n<p>Nuestro objetivo es satisfacerle, por eso hacemos todo lo posible para encontrar los objetos de colecci\u00f3n que busca. \u00a1No dude en hacernos llegar sus solicitudes y comentarios para que podamos continuar juntos esta aventura!<\/p>\n<p>Siempre a la vanguardia de las novedades y atentos a sus b\u00fasquedas de productos, tenemos el placer de ofrecerle algunas peque\u00f1as joyas como:<\/p>\n<ul>\n<li>Le <a href=\"https:\/\/repliquemangacine.fr\/es\/espada-de-zelda\/caja-de-13-piezas-de-zelda\/\">Juego de 13 espadas Zelda<\/a> como llaveros o colgantes seg\u00fan su estado de \u00e1nimo.<\/li>\n<li>Tambi\u00e9n hay un juego de 8 colgantes de Zelda con los s\u00edmbolos de la princesa Zelda.<\/li>\n<li>Y muchas m\u00e1s por descubrir pronto, como las figuritas<\/li>\n<\/ul>","protected":false},"excerpt":{"rendered":"<p>Tama\u00f1o real de la espada de espuma de Link, la excalibur, en Zelda.<\/p>\n<ul>\n<li>Fabricado \u00edntegramente con espuma de poliuretano.<\/li>\n<li>L\u00e1tex para exteriores.<\/li>\n<li>N\u00facleo interior, varilla reforzada con fibra de vidrio.<\/li>\n<li>Esto hace que la espada sea ultrarresistente y absorba los golpes.<\/li>\n<li>Longitud total: 108 cm - Peso: 440 gramos<\/li>\n<\/ul>","protected":false},"featured_media":27786,"template":"","meta":[],"product_brand":[896],"product_cat":[23,56],"product_tag":[],"class_list":{"0":"post-27785","1":"product","2":"type-product","3":"status-publish","4":"has-post-thumbnail","6":"product_brand-replique-manga-cine","7":"product_cat-repliques-manga-jeux-video","8":"product_cat-epee-zelda","10":"first","11":"outofstock","12":"taxable","13":"shipping-taxable","14":"purchasable","15":"product-type-simple"},"yoast_head":"<!-- This site is optimized with the Yoast SEO plugin v27.4 - https:\/\/yoast.com\/product\/yoast-seo-wordpress\/ -->\n<title>Ep\u00e9e Mousse Master Sword - Zelda | R\u00e9plique Manga Cin\u00e9<\/title>\n<meta name=\"description\" content=\"Ep\u00e9e Mousse Master Sword du jeu vid\u00e9o Zelda au meilleur prix - Sans danger pour votre enfant - Ultra-r\u00e9sistante - Longueur totale : 108cm - Envoi 24\/48h\" \/>\n<meta name=\"robots\" content=\"index, follow, max-snippet:-1, max-image-preview:large, max-video-preview:-1\" \/>\n<link rel=\"canonical\" href=\"https:\/\/repliquemangacine.fr\/es\/espada-de-zelda\/link-espada-maestra-espada-de-espuma-en-zelda\/\" \/>\n<meta property=\"og:locale\" content=\"es_ES\" \/>\n<meta property=\"og:type\" content=\"article\" \/>\n<meta property=\"og:title\" content=\"Ep\u00e9e Mousse Master Sword - Zelda | R\u00e9plique Manga Cin\u00e9\" \/>\n<meta property=\"og:description\" content=\"Ep\u00e9e Mousse Master Sword du jeu vid\u00e9o Zelda au meilleur prix - Sans danger pour votre enfant - Ultra-r\u00e9sistante - Longueur totale : 108cm - Envoi 24\/48h\" \/>\n<meta property=\"og:url\" content=\"https:\/\/repliquemangacine.fr\/es\/espada-de-zelda\/link-espada-maestra-espada-de-espuma-en-zelda\/\" \/>\n<meta property=\"og:site_name\" content=\"R\u00e9plique Manga Cin\u00e9\" \/>\n<meta property=\"article:publisher\" content=\"https:\/\/www.facebook.com\/RepliqueMangaCine\" \/>\n<meta property=\"article:modified_time\" content=\"2026-04-12T14:31:29+00:00\" \/>\n<meta property=\"og:image\" content=\"https:\/\/repliquemangacine.fr\/wp-content\/uploads\/2023\/10\/2537-Epee-en-Mousse-de-Link-Master-sword-dans-Zeldagarde.jpg\" \/>\n\t<meta property=\"og:image:width\" content=\"700\" \/>\n\t<meta property=\"og:image:height\" content=\"700\" \/>\n\t<meta property=\"og:image:type\" content=\"image\/jpeg\" \/>\n<meta name=\"twitter:card\" content=\"summary_large_image\" \/>\n<meta name=\"twitter:label1\" content=\"Tiempo de lectura\" \/>\n\t<meta name=\"twitter:data1\" content=\"2 minutos\" \/>\n<script type=\"application\/ld+json\" class=\"yoast-schema-graph\">{\"@context\":\"https:\\\/\\\/schema.org\",\"@graph\":[{\"@type\":\"WebPage\",\"@id\":\"https:\\\/\\\/repliquemangacine.fr\\\/epee-zelda\\\/epee-en-mousse-de-link-master-sword-dans-zelda\\\/\",\"url\":\"https:\\\/\\\/repliquemangacine.fr\\\/epee-zelda\\\/epee-en-mousse-de-link-master-sword-dans-zelda\\\/\",\"name\":\"Ep\u00e9e Mousse Master Sword - Zelda | R\u00e9plique Manga Cin\u00e9\",\"isPartOf\":{\"@id\":\"https:\\\/\\\/repliquemangacine.fr\\\/#website\"},\"primaryImageOfPage\":{\"@id\":\"https:\\\/\\\/repliquemangacine.fr\\\/epee-zelda\\\/epee-en-mousse-de-link-master-sword-dans-zelda\\\/#primaryimage\"},\"image\":{\"@id\":\"https:\\\/\\\/repliquemangacine.fr\\\/epee-zelda\\\/epee-en-mousse-de-link-master-sword-dans-zelda\\\/#primaryimage\"},\"thumbnailUrl\":\"https:\\\/\\\/repliquemangacine.fr\\\/wp-content\\\/uploads\\\/2023\\\/10\\\/2537-Epee-en-Mousse-de-Link-Master-sword-dans-Zeldagarde.jpg\",\"datePublished\":\"2018-04-02T12:58:35+00:00\",\"dateModified\":\"2026-04-12T14:31:29+00:00\",\"description\":\"Ep\u00e9e Mousse Master Sword du jeu vid\u00e9o Zelda au meilleur prix - Sans danger pour votre enfant - Ultra-r\u00e9sistante - Longueur totale : 108cm - Envoi 24\\\/48h\",\"breadcrumb\":{\"@id\":\"https:\\\/\\\/repliquemangacine.fr\\\/epee-zelda\\\/epee-en-mousse-de-link-master-sword-dans-zelda\\\/#breadcrumb\"},\"inLanguage\":\"es\",\"potentialAction\":[{\"@type\":\"ReadAction\",\"target\":[\"https:\\\/\\\/repliquemangacine.fr\\\/epee-zelda\\\/epee-en-mousse-de-link-master-sword-dans-zelda\\\/\"]}]},{\"@type\":\"ImageObject\",\"inLanguage\":\"es\",\"@id\":\"https:\\\/\\\/repliquemangacine.fr\\\/epee-zelda\\\/epee-en-mousse-de-link-master-sword-dans-zelda\\\/#primaryimage\",\"url\":\"https:\\\/\\\/repliquemangacine.fr\\\/wp-content\\\/uploads\\\/2023\\\/10\\\/2537-Epee-en-Mousse-de-Link-Master-sword-dans-Zeldagarde.jpg\",\"contentUrl\":\"https:\\\/\\\/repliquemangacine.fr\\\/wp-content\\\/uploads\\\/2023\\\/10\\\/2537-Epee-en-Mousse-de-Link-Master-sword-dans-Zeldagarde.jpg\",\"width\":700,\"height\":700,\"caption\":\"Ep\u00e9e en Mousse de Link, Master sword dans Zelda+garde\"},{\"@type\":\"BreadcrumbList\",\"@id\":\"https:\\\/\\\/repliquemangacine.fr\\\/epee-zelda\\\/epee-en-mousse-de-link-master-sword-dans-zelda\\\/#breadcrumb\",\"itemListElement\":[{\"@type\":\"ListItem\",\"position\":1,\"name\":\"Accueil\",\"item\":\"https:\\\/\\\/repliquemangacine.fr\\\/\"},{\"@type\":\"ListItem\",\"position\":2,\"name\":\"Produits\",\"item\":\"https:\\\/\\\/repliquemangacine.fr\\\/boutique\\\/\"},{\"@type\":\"ListItem\",\"position\":3,\"name\":\"Ep\u00e9e Mousse Master Sword\"}]},{\"@type\":\"WebSite\",\"@id\":\"https:\\\/\\\/repliquemangacine.fr\\\/#website\",\"url\":\"https:\\\/\\\/repliquemangacine.fr\\\/\",\"name\":\"R\u00e9plique Manga Cin\u00e9\",\"description\":\"\",\"publisher\":{\"@id\":\"https:\\\/\\\/repliquemangacine.fr\\\/#organization\"},\"potentialAction\":[{\"@type\":\"SearchAction\",\"target\":{\"@type\":\"EntryPoint\",\"urlTemplate\":\"https:\\\/\\\/repliquemangacine.fr\\\/?s={search_term_string}\"},\"query-input\":{\"@type\":\"PropertyValueSpecification\",\"valueRequired\":true,\"valueName\":\"search_term_string\"}}],\"inLanguage\":\"es\"},{\"@type\":\"Organization\",\"@id\":\"https:\\\/\\\/repliquemangacine.fr\\\/#organization\",\"name\":\"R\u00e9plique Manga Cin\u00e9\",\"url\":\"https:\\\/\\\/repliquemangacine.fr\\\/\",\"logo\":{\"@type\":\"ImageObject\",\"inLanguage\":\"es\",\"@id\":\"https:\\\/\\\/repliquemangacine.fr\\\/#\\\/schema\\\/logo\\\/image\\\/\",\"url\":\"https:\\\/\\\/repliquemangacine.fr\\\/wp-content\\\/uploads\\\/2023\\\/10\\\/RMC-500250.png\",\"contentUrl\":\"https:\\\/\\\/repliquemangacine.fr\\\/wp-content\\\/uploads\\\/2023\\\/10\\\/RMC-500250.png\",\"width\":500,\"height\":250,\"caption\":\"R\u00e9plique Manga Cin\u00e9\"},\"image\":{\"@id\":\"https:\\\/\\\/repliquemangacine.fr\\\/#\\\/schema\\\/logo\\\/image\\\/\"},\"sameAs\":[\"https:\\\/\\\/www.facebook.com\\\/RepliqueMangaCine\",\"https:\\\/\\\/www.instagram.com\\\/repliquemangacine.fr\\\/\"]}]}<\/script>\n<!-- \/ Yoast SEO plugin. -->","yoast_head_json":{"title":"Espada maestra Espada de espuma - Zelda | R\u00e9plique Manga Cin\u00e9","description":"Espada Master Sword de espuma del videojuego Zelda al mejor precio - Segura para tu hijo - Ultrarresistente - Longitud total: 108cm - Env\u00edo 24\/48h","robots":{"index":"index","follow":"follow","max-snippet":"max-snippet:-1","max-image-preview":"max-image-preview:large","max-video-preview":"max-video-preview:-1"},"canonical":"https:\/\/repliquemangacine.fr\/es\/espada-de-zelda\/link-espada-maestra-espada-de-espuma-en-zelda\/","og_locale":"es_ES","og_type":"article","og_title":"Ep\u00e9e Mousse Master Sword - Zelda | R\u00e9plique Manga Cin\u00e9","og_description":"Ep\u00e9e Mousse Master Sword du jeu vid\u00e9o Zelda au meilleur prix - Sans danger pour votre enfant - Ultra-r\u00e9sistante - Longueur totale : 108cm - Envoi 24\/48h","og_url":"https:\/\/repliquemangacine.fr\/es\/espada-de-zelda\/link-espada-maestra-espada-de-espuma-en-zelda\/","og_site_name":"R\u00e9plique Manga Cin\u00e9","article_publisher":"https:\/\/www.facebook.com\/RepliqueMangaCine","article_modified_time":"2026-04-12T14:31:29+00:00","og_image":[{"width":700,"height":700,"url":"https:\/\/repliquemangacine.fr\/wp-content\/uploads\/2023\/10\/2537-Epee-en-Mousse-de-Link-Master-sword-dans-Zeldagarde.jpg","type":"image\/jpeg"}],"twitter_card":"summary_large_image","twitter_misc":{"Tiempo de lectura":"2 minutos"},"schema":{"@context":"https:\/\/schema.org","@graph":[{"@type":"WebPage","@id":"https:\/\/repliquemangacine.fr\/epee-zelda\/epee-en-mousse-de-link-master-sword-dans-zelda\/","url":"https:\/\/repliquemangacine.fr\/epee-zelda\/epee-en-mousse-de-link-master-sword-dans-zelda\/","name":"Espada maestra Espada de espuma - Zelda | R\u00e9plique Manga Cin\u00e9","isPartOf":{"@id":"https:\/\/repliquemangacine.fr\/#website"},"primaryImageOfPage":{"@id":"https:\/\/repliquemangacine.fr\/epee-zelda\/epee-en-mousse-de-link-master-sword-dans-zelda\/#primaryimage"},"image":{"@id":"https:\/\/repliquemangacine.fr\/epee-zelda\/epee-en-mousse-de-link-master-sword-dans-zelda\/#primaryimage"},"thumbnailUrl":"https:\/\/repliquemangacine.fr\/wp-content\/uploads\/2023\/10\/2537-Epee-en-Mousse-de-Link-Master-sword-dans-Zeldagarde.jpg","datePublished":"2018-04-02T12:58:35+00:00","dateModified":"2026-04-12T14:31:29+00:00","description":"Espada Master Sword de espuma del videojuego Zelda al mejor precio - Segura para tu hijo - Ultrarresistente - Longitud total: 108cm - Env\u00edo 24\/48h","breadcrumb":{"@id":"https:\/\/repliquemangacine.fr\/epee-zelda\/epee-en-mousse-de-link-master-sword-dans-zelda\/#breadcrumb"},"inLanguage":"es","potentialAction":[{"@type":"ReadAction","target":["https:\/\/repliquemangacine.fr\/epee-zelda\/epee-en-mousse-de-link-master-sword-dans-zelda\/"]}]},{"@type":"ImageObject","inLanguage":"es","@id":"https:\/\/repliquemangacine.fr\/epee-zelda\/epee-en-mousse-de-link-master-sword-dans-zelda\/#primaryimage","url":"https:\/\/repliquemangacine.fr\/wp-content\/uploads\/2023\/10\/2537-Epee-en-Mousse-de-Link-Master-sword-dans-Zeldagarde.jpg","contentUrl":"https:\/\/repliquemangacine.fr\/wp-content\/uploads\/2023\/10\/2537-Epee-en-Mousse-de-Link-Master-sword-dans-Zeldagarde.jpg","width":700,"height":700,"caption":"Ep\u00e9e en Mousse de Link, Master sword dans Zelda+garde"},{"@type":"BreadcrumbList","@id":"https:\/\/repliquemangacine.fr\/epee-zelda\/epee-en-mousse-de-link-master-sword-dans-zelda\/#breadcrumb","itemListElement":[{"@type":"ListItem","position":1,"name":"Accueil","item":"https:\/\/repliquemangacine.fr\/"},{"@type":"ListItem","position":2,"name":"Produits","item":"https:\/\/repliquemangacine.fr\/boutique\/"},{"@type":"ListItem","position":3,"name":"Ep\u00e9e Mousse Master Sword"}]},{"@type":"WebSite","@id":"https:\/\/repliquemangacine.fr\/#website","url":"https:\/\/repliquemangacine.fr\/","name":"R\u00e9plique Manga Cin\u00e9","description":"","publisher":{"@id":"https:\/\/repliquemangacine.fr\/#organization"},"potentialAction":[{"@type":"SearchAction","target":{"@type":"EntryPoint","urlTemplate":"https:\/\/repliquemangacine.fr\/?s={search_term_string}"},"query-input":{"@type":"PropertyValueSpecification","valueRequired":true,"valueName":"search_term_string"}}],"inLanguage":"es"},{"@type":"Organization","@id":"https:\/\/repliquemangacine.fr\/#organization","name":"R\u00e9plique Manga Cin\u00e9","url":"https:\/\/repliquemangacine.fr\/","logo":{"@type":"ImageObject","inLanguage":"es","@id":"https:\/\/repliquemangacine.fr\/#\/schema\/logo\/image\/","url":"https:\/\/repliquemangacine.fr\/wp-content\/uploads\/2023\/10\/RMC-500250.png","contentUrl":"https:\/\/repliquemangacine.fr\/wp-content\/uploads\/2023\/10\/RMC-500250.png","width":500,"height":250,"caption":"R\u00e9plique Manga Cin\u00e9"},"image":{"@id":"https:\/\/repliquemangacine.fr\/#\/schema\/logo\/image\/"},"sameAs":["https:\/\/www.facebook.com\/RepliqueMangaCine","https:\/\/www.instagram.com\/repliquemangacine.fr\/"]}]}},"_links":{"self":[{"href":"https:\/\/repliquemangacine.fr\/es\/wp-json\/wp\/v2\/product\/27785","targetHints":{"allow":["GET"]}}],"collection":[{"href":"https:\/\/repliquemangacine.fr\/es\/wp-json\/wp\/v2\/product"}],"about":[{"href":"https:\/\/repliquemangacine.fr\/es\/wp-json\/wp\/v2\/types\/product"}],"wp:featuredmedia":[{"embeddable":true,"href":"https:\/\/repliquemangacine.fr\/es\/wp-json\/wp\/v2\/media\/27786"}],"wp:attachment":[{"href":"https:\/\/repliquemangacine.fr\/es\/wp-json\/wp\/v2\/media?parent=27785"}],"wp:term":[{"taxonomy":"product_brand","embeddable":true,"href":"https:\/\/repliquemangacine.fr\/es\/wp-json\/wp\/v2\/product_brand?post=27785"},{"taxonomy":"product_cat","embeddable":true,"href":"https:\/\/repliquemangacine.fr\/es\/wp-json\/wp\/v2\/product_cat?post=27785"},{"taxonomy":"product_tag","embeddable":true,"href":"https:\/\/repliquemangacine.fr\/es\/wp-json\/wp\/v2\/product_tag?post=27785"}],"curies":[{"name":"wp","href":"https:\/\/api.w.org\/{rel}","templated":true}]}}