





{"id":27760,"date":"2018-03-25T15:51:15","date_gmt":"2018-03-25T13:51:15","guid":{"rendered":"https:\/\/repliquemangacine.fr\/?post_type=product&#038;p=27760"},"modified":"2026-04-16T15:28:28","modified_gmt":"2026-04-16T13:28:28","slug":"gladius-espada-de-los-legionarios-romanos","status":"publish","type":"product","link":"https:\/\/repliquemangacine.fr\/es\/epees-glaives-antique\/gladius-epee-des-legionnaires-romains\/","title":{"rendered":"Gladius Legionarios romanos"},"content":{"rendered":"<h2>Espada gladius de los legionarios romanos.<\/h2>\n<p>Para empezar, el <strong>Espada gladius de los legionarios<\/strong>, espada romana utilizada para designar una espada corta, arma de los legionarios romanos. Espada conocida como \u00abde Tiberio\u00bb.\u00bb<\/p>\n<p>Desgraciadamente, se sabe poco o nada sobre la evoluci\u00f3n del gladius durante los cuatro siglos anteriores a la era cristiana.<\/p>\n<p>Las espadas romanas procedentes de yacimientos arqueol\u00f3gicos solo datan del siglo I a. C. La \u00fanica caracter\u00edstica que confirma su parentesco con el gladius romano es el hecho de que tienen exactamente el mismo tipo de vaina. Los romanos conservaron los cuatro anillos de sujeci\u00f3n.<\/p>\n<p>Nombrado por los historiadores modernos en honor a la ciudad romana de Pompeya, este gladius era, con diferencia, el m\u00e1s popular. En Pompeya se han encontrado cuatro ejemplos de este tipo de espada.<\/p>\n<h2>Tu espada Gladius Legionario Romano al mejor precio.<\/h2>\n<p>Le ofrecemos una amplia selecci\u00f3n de espadas y cascos de la \u00e9poca antigua.<\/p>\n<p>Lo primero y m\u00e1s importante,<\/p>\n<ul>\n<li>La espada tipo Pompei est\u00e1 fabricada por <a href=\"https:\/\/deepeeka.in\" target=\"_blank\" rel=\"noopener noreferrer\">Deepeeka<\/a>fabricaci\u00f3n en la India.<\/li>\n<li>Tambi\u00e9n existe la<a href=\"https:\/\/repliquemangacine.fr\/es\/armas-historicas\/glaive-romain-epee-jules-cesar-noire\/\">La espada de Julio C\u00e9sar<\/a> fabricado por Denix en Espa\u00f1a.<\/li>\n<li>Y el casco de Maximus en la pel\u00edcula Gladiator.<\/li>\n<li>Y muchos m\u00e1s por descubrir en nuestra tienda en l\u00ednea.<\/li>\n<\/ul>\n<p>Por eso, aqu\u00ed tienes unas ideas fant\u00e1sticas para regalar a todos los apasionados de la Antig\u00fcedad.<\/p>\n<p>En conclusi\u00f3n, puede utilizar este <strong>Espada gladius de los legionarios<\/strong> para sus recreaciones hist\u00f3ricas o veladas tem\u00e1ticas. Pero, sobre todo, es una pieza de coleccionista y decoraci\u00f3n.<\/p>\n<h2>\u00bfC\u00f3mo mantengo la hoja de mi espada antigua?<\/h2>\n<p>Las espadas de colecci\u00f3n y decorativas se fabrican y ensamblan de forma simplificada. Como su uso es decorativo, no cuentan con los elementos de seguridad necesarios para una espada japonesa destinada al entrenamiento.<\/p>\n<p>Sin embargo, su <strong>Espada gladius de los legionarios<\/strong> a una hoja de acero que hay que cuidar para evitar que se estropee con el tiempo. Cuando exponga su katana, sus amigos sentir\u00e1n curiosidad por ver la hoja y tocarla. Aqu\u00ed es donde hay que tener cuidado, ya que la acidez de los dedos es muy perjudicial para el acero, sea cual sea su calidad.<\/p>\n<p>Sin embargo, si esto ocurre, no te asustes, todo lo que necesitas es un pa\u00f1o humedecido con un poco de aceite y limpiar las huellas dactilares. Si haces esto, tu espada durar\u00e1 mucho tiempo.<\/p>","protected":false},"excerpt":{"rendered":"<p>Glaive, llevado por legionarios romanos.<\/p>\n<ul>\n<li>Hoja de acero de doble filo.<\/li>\n<li>Extensi\u00f3n de cuchilla atornillada.<\/li>\n<li>Empu\u00f1adura y pomo de madera natural.<\/li>\n<li>Mango de hueso aut\u00e9ntico de animal.<\/li>\n<li>Vaina forrada de cuero con herrajes de lat\u00f3n.<\/li>\n<li>Longitud hoja: 52 cm - Longitud total: 73 cm - Peso: 1400 grs<\/li>\n<\/ul>","protected":false},"featured_media":27761,"template":"","meta":[],"product_brand":[896],"product_cat":[31,25,73],"product_tag":[],"class_list":{"0":"post-27760","1":"product","2":"type-product","3":"status-publish","4":"has-post-thumbnail","6":"product_brand-replique-manga-cine","7":"product_cat-armes-antiques","8":"product_cat-armes-historiques","9":"product_cat-epees-glaives-antique","11":"first","12":"outofstock","13":"taxable","14":"shipping-taxable","15":"purchasable","16":"product-type-simple"},"yoast_head":"<!-- This site is optimized with the Yoast SEO plugin v27.4 - https:\/\/yoast.com\/product\/yoast-seo-wordpress\/ -->\n<title>Gladius \u00e9p\u00e9e des l\u00e9gionnaires- Ep\u00e9e Antique | RepliqueMangaCine<\/title>\n<meta name=\"description\" content=\"D\u00e9couvrez votre Gladius \u00e9p\u00e9e des L\u00e9gionnaires Romain au meilleur prix. Lame acier - Garde et pommeau en bois naturel - Longueur totale : 73 cm\" \/>\n<meta name=\"robots\" content=\"index, follow, max-snippet:-1, max-image-preview:large, max-video-preview:-1\" \/>\n<link rel=\"canonical\" href=\"https:\/\/repliquemangacine.fr\/es\/espadas-espada-antigua\/gladius-espada-de-los-legionarios-romanos\/\" \/>\n<meta property=\"og:locale\" content=\"es_ES\" \/>\n<meta property=\"og:type\" content=\"article\" \/>\n<meta property=\"og:title\" content=\"Gladius \u00e9p\u00e9e des l\u00e9gionnaires- Ep\u00e9e Antique | RepliqueMangaCine\" \/>\n<meta property=\"og:description\" content=\"D\u00e9couvrez votre Gladius \u00e9p\u00e9e des L\u00e9gionnaires Romain au meilleur prix. Lame acier - Garde et pommeau en bois naturel - Longueur totale : 73 cm\" \/>\n<meta property=\"og:url\" content=\"https:\/\/repliquemangacine.fr\/es\/espadas-espada-antigua\/gladius-espada-de-los-legionarios-romanos\/\" \/>\n<meta property=\"og:site_name\" content=\"R\u00e9plique Manga Cin\u00e9\" \/>\n<meta property=\"article:publisher\" content=\"https:\/\/www.facebook.com\/RepliqueMangaCine\" \/>\n<meta property=\"article:modified_time\" content=\"2026-04-16T13:28:28+00:00\" \/>\n<meta property=\"og:image\" content=\"https:\/\/repliquemangacine.fr\/wp-content\/uploads\/2023\/10\/2515-Glaive-epee-des-legionnaires-romains.jpg\" \/>\n\t<meta property=\"og:image:width\" content=\"600\" \/>\n\t<meta property=\"og:image:height\" content=\"600\" \/>\n\t<meta property=\"og:image:type\" content=\"image\/jpeg\" \/>\n<meta name=\"twitter:card\" content=\"summary_large_image\" \/>\n<meta name=\"twitter:label1\" content=\"Tiempo de lectura\" \/>\n\t<meta name=\"twitter:data1\" content=\"2 minutos\" \/>\n<script type=\"application\/ld+json\" class=\"yoast-schema-graph\">{\"@context\":\"https:\\\/\\\/schema.org\",\"@graph\":[{\"@type\":\"WebPage\",\"@id\":\"https:\\\/\\\/repliquemangacine.fr\\\/epees-glaives-antique\\\/gladius-epee-des-legionnaires-romains\\\/\",\"url\":\"https:\\\/\\\/repliquemangacine.fr\\\/epees-glaives-antique\\\/gladius-epee-des-legionnaires-romains\\\/\",\"name\":\"Gladius \u00e9p\u00e9e des l\u00e9gionnaires- Ep\u00e9e Antique | RepliqueMangaCine\",\"isPartOf\":{\"@id\":\"https:\\\/\\\/repliquemangacine.fr\\\/#website\"},\"primaryImageOfPage\":{\"@id\":\"https:\\\/\\\/repliquemangacine.fr\\\/epees-glaives-antique\\\/gladius-epee-des-legionnaires-romains\\\/#primaryimage\"},\"image\":{\"@id\":\"https:\\\/\\\/repliquemangacine.fr\\\/epees-glaives-antique\\\/gladius-epee-des-legionnaires-romains\\\/#primaryimage\"},\"thumbnailUrl\":\"https:\\\/\\\/repliquemangacine.fr\\\/wp-content\\\/uploads\\\/2023\\\/10\\\/2515-Glaive-epee-des-legionnaires-romains.jpg\",\"datePublished\":\"2018-03-25T13:51:15+00:00\",\"dateModified\":\"2026-04-16T13:28:28+00:00\",\"description\":\"D\u00e9couvrez votre Gladius \u00e9p\u00e9e des L\u00e9gionnaires Romain au meilleur prix. Lame acier - Garde et pommeau en bois naturel - Longueur totale : 73 cm\",\"breadcrumb\":{\"@id\":\"https:\\\/\\\/repliquemangacine.fr\\\/epees-glaives-antique\\\/gladius-epee-des-legionnaires-romains\\\/#breadcrumb\"},\"inLanguage\":\"es\",\"potentialAction\":[{\"@type\":\"ReadAction\",\"target\":[\"https:\\\/\\\/repliquemangacine.fr\\\/epees-glaives-antique\\\/gladius-epee-des-legionnaires-romains\\\/\"]}]},{\"@type\":\"ImageObject\",\"inLanguage\":\"es\",\"@id\":\"https:\\\/\\\/repliquemangacine.fr\\\/epees-glaives-antique\\\/gladius-epee-des-legionnaires-romains\\\/#primaryimage\",\"url\":\"https:\\\/\\\/repliquemangacine.fr\\\/wp-content\\\/uploads\\\/2023\\\/10\\\/2515-Glaive-epee-des-legionnaires-romains.jpg\",\"contentUrl\":\"https:\\\/\\\/repliquemangacine.fr\\\/wp-content\\\/uploads\\\/2023\\\/10\\\/2515-Glaive-epee-des-legionnaires-romains.jpg\",\"width\":600,\"height\":600,\"caption\":\"Glaive, \u00e9p\u00e9e des l\u00e9gionnaires romains\"},{\"@type\":\"BreadcrumbList\",\"@id\":\"https:\\\/\\\/repliquemangacine.fr\\\/epees-glaives-antique\\\/gladius-epee-des-legionnaires-romains\\\/#breadcrumb\",\"itemListElement\":[{\"@type\":\"ListItem\",\"position\":1,\"name\":\"Accueil\",\"item\":\"https:\\\/\\\/repliquemangacine.fr\\\/\"},{\"@type\":\"ListItem\",\"position\":2,\"name\":\"Produits\",\"item\":\"https:\\\/\\\/repliquemangacine.fr\\\/boutique\\\/\"},{\"@type\":\"ListItem\",\"position\":3,\"name\":\"Gladius l\u00e9gionnaires Romain\"}]},{\"@type\":\"WebSite\",\"@id\":\"https:\\\/\\\/repliquemangacine.fr\\\/#website\",\"url\":\"https:\\\/\\\/repliquemangacine.fr\\\/\",\"name\":\"R\u00e9plique Manga Cin\u00e9\",\"description\":\"\",\"publisher\":{\"@id\":\"https:\\\/\\\/repliquemangacine.fr\\\/#organization\"},\"potentialAction\":[{\"@type\":\"SearchAction\",\"target\":{\"@type\":\"EntryPoint\",\"urlTemplate\":\"https:\\\/\\\/repliquemangacine.fr\\\/?s={search_term_string}\"},\"query-input\":{\"@type\":\"PropertyValueSpecification\",\"valueRequired\":true,\"valueName\":\"search_term_string\"}}],\"inLanguage\":\"es\"},{\"@type\":\"Organization\",\"@id\":\"https:\\\/\\\/repliquemangacine.fr\\\/#organization\",\"name\":\"R\u00e9plique Manga Cin\u00e9\",\"url\":\"https:\\\/\\\/repliquemangacine.fr\\\/\",\"logo\":{\"@type\":\"ImageObject\",\"inLanguage\":\"es\",\"@id\":\"https:\\\/\\\/repliquemangacine.fr\\\/#\\\/schema\\\/logo\\\/image\\\/\",\"url\":\"https:\\\/\\\/repliquemangacine.fr\\\/wp-content\\\/uploads\\\/2023\\\/10\\\/RMC-500250.png\",\"contentUrl\":\"https:\\\/\\\/repliquemangacine.fr\\\/wp-content\\\/uploads\\\/2023\\\/10\\\/RMC-500250.png\",\"width\":500,\"height\":250,\"caption\":\"R\u00e9plique Manga Cin\u00e9\"},\"image\":{\"@id\":\"https:\\\/\\\/repliquemangacine.fr\\\/#\\\/schema\\\/logo\\\/image\\\/\"},\"sameAs\":[\"https:\\\/\\\/www.facebook.com\\\/RepliqueMangaCine\",\"https:\\\/\\\/www.instagram.com\\\/repliquemangacine.fr\\\/\"]}]}<\/script>\n<!-- \/ Yoast SEO plugin. -->","yoast_head_json":{"title":"Espada gladius de los legionarios- Espada antigua | RepliqueMangaCine","description":"Descubre tu espada Gladius Legionario Romano al mejor precio. Hoja de acero - Empu\u00f1adura y pomo de madera natural - Longitud total: 73 cm.","robots":{"index":"index","follow":"follow","max-snippet":"max-snippet:-1","max-image-preview":"max-image-preview:large","max-video-preview":"max-video-preview:-1"},"canonical":"https:\/\/repliquemangacine.fr\/es\/espadas-espada-antigua\/gladius-espada-de-los-legionarios-romanos\/","og_locale":"es_ES","og_type":"article","og_title":"Gladius \u00e9p\u00e9e des l\u00e9gionnaires- Ep\u00e9e Antique | RepliqueMangaCine","og_description":"D\u00e9couvrez votre Gladius \u00e9p\u00e9e des L\u00e9gionnaires Romain au meilleur prix. Lame acier - Garde et pommeau en bois naturel - Longueur totale : 73 cm","og_url":"https:\/\/repliquemangacine.fr\/es\/espadas-espada-antigua\/gladius-espada-de-los-legionarios-romanos\/","og_site_name":"R\u00e9plique Manga Cin\u00e9","article_publisher":"https:\/\/www.facebook.com\/RepliqueMangaCine","article_modified_time":"2026-04-16T13:28:28+00:00","og_image":[{"width":600,"height":600,"url":"https:\/\/repliquemangacine.fr\/wp-content\/uploads\/2023\/10\/2515-Glaive-epee-des-legionnaires-romains.jpg","type":"image\/jpeg"}],"twitter_card":"summary_large_image","twitter_misc":{"Tiempo de lectura":"2 minutos"},"schema":{"@context":"https:\/\/schema.org","@graph":[{"@type":"WebPage","@id":"https:\/\/repliquemangacine.fr\/epees-glaives-antique\/gladius-epee-des-legionnaires-romains\/","url":"https:\/\/repliquemangacine.fr\/epees-glaives-antique\/gladius-epee-des-legionnaires-romains\/","name":"Espada gladius de los legionarios- Espada antigua | RepliqueMangaCine","isPartOf":{"@id":"https:\/\/repliquemangacine.fr\/#website"},"primaryImageOfPage":{"@id":"https:\/\/repliquemangacine.fr\/epees-glaives-antique\/gladius-epee-des-legionnaires-romains\/#primaryimage"},"image":{"@id":"https:\/\/repliquemangacine.fr\/epees-glaives-antique\/gladius-epee-des-legionnaires-romains\/#primaryimage"},"thumbnailUrl":"https:\/\/repliquemangacine.fr\/wp-content\/uploads\/2023\/10\/2515-Glaive-epee-des-legionnaires-romains.jpg","datePublished":"2018-03-25T13:51:15+00:00","dateModified":"2026-04-16T13:28:28+00:00","description":"Descubre tu espada Gladius Legionario Romano al mejor precio. Hoja de acero - Empu\u00f1adura y pomo de madera natural - Longitud total: 73 cm.","breadcrumb":{"@id":"https:\/\/repliquemangacine.fr\/epees-glaives-antique\/gladius-epee-des-legionnaires-romains\/#breadcrumb"},"inLanguage":"es","potentialAction":[{"@type":"ReadAction","target":["https:\/\/repliquemangacine.fr\/epees-glaives-antique\/gladius-epee-des-legionnaires-romains\/"]}]},{"@type":"ImageObject","inLanguage":"es","@id":"https:\/\/repliquemangacine.fr\/epees-glaives-antique\/gladius-epee-des-legionnaires-romains\/#primaryimage","url":"https:\/\/repliquemangacine.fr\/wp-content\/uploads\/2023\/10\/2515-Glaive-epee-des-legionnaires-romains.jpg","contentUrl":"https:\/\/repliquemangacine.fr\/wp-content\/uploads\/2023\/10\/2515-Glaive-epee-des-legionnaires-romains.jpg","width":600,"height":600,"caption":"Glaive, \u00e9p\u00e9e des l\u00e9gionnaires romains"},{"@type":"BreadcrumbList","@id":"https:\/\/repliquemangacine.fr\/epees-glaives-antique\/gladius-epee-des-legionnaires-romains\/#breadcrumb","itemListElement":[{"@type":"ListItem","position":1,"name":"Accueil","item":"https:\/\/repliquemangacine.fr\/"},{"@type":"ListItem","position":2,"name":"Produits","item":"https:\/\/repliquemangacine.fr\/boutique\/"},{"@type":"ListItem","position":3,"name":"Gladius l\u00e9gionnaires Romain"}]},{"@type":"WebSite","@id":"https:\/\/repliquemangacine.fr\/#website","url":"https:\/\/repliquemangacine.fr\/","name":"R\u00e9plique Manga Cin\u00e9","description":"","publisher":{"@id":"https:\/\/repliquemangacine.fr\/#organization"},"potentialAction":[{"@type":"SearchAction","target":{"@type":"EntryPoint","urlTemplate":"https:\/\/repliquemangacine.fr\/?s={search_term_string}"},"query-input":{"@type":"PropertyValueSpecification","valueRequired":true,"valueName":"search_term_string"}}],"inLanguage":"es"},{"@type":"Organization","@id":"https:\/\/repliquemangacine.fr\/#organization","name":"R\u00e9plique Manga Cin\u00e9","url":"https:\/\/repliquemangacine.fr\/","logo":{"@type":"ImageObject","inLanguage":"es","@id":"https:\/\/repliquemangacine.fr\/#\/schema\/logo\/image\/","url":"https:\/\/repliquemangacine.fr\/wp-content\/uploads\/2023\/10\/RMC-500250.png","contentUrl":"https:\/\/repliquemangacine.fr\/wp-content\/uploads\/2023\/10\/RMC-500250.png","width":500,"height":250,"caption":"R\u00e9plique Manga Cin\u00e9"},"image":{"@id":"https:\/\/repliquemangacine.fr\/#\/schema\/logo\/image\/"},"sameAs":["https:\/\/www.facebook.com\/RepliqueMangaCine","https:\/\/www.instagram.com\/repliquemangacine.fr\/"]}]}},"_links":{"self":[{"href":"https:\/\/repliquemangacine.fr\/es\/wp-json\/wp\/v2\/product\/27760","targetHints":{"allow":["GET"]}}],"collection":[{"href":"https:\/\/repliquemangacine.fr\/es\/wp-json\/wp\/v2\/product"}],"about":[{"href":"https:\/\/repliquemangacine.fr\/es\/wp-json\/wp\/v2\/types\/product"}],"wp:featuredmedia":[{"embeddable":true,"href":"https:\/\/repliquemangacine.fr\/es\/wp-json\/wp\/v2\/media\/27761"}],"wp:attachment":[{"href":"https:\/\/repliquemangacine.fr\/es\/wp-json\/wp\/v2\/media?parent=27760"}],"wp:term":[{"taxonomy":"product_brand","embeddable":true,"href":"https:\/\/repliquemangacine.fr\/es\/wp-json\/wp\/v2\/product_brand?post=27760"},{"taxonomy":"product_cat","embeddable":true,"href":"https:\/\/repliquemangacine.fr\/es\/wp-json\/wp\/v2\/product_cat?post=27760"},{"taxonomy":"product_tag","embeddable":true,"href":"https:\/\/repliquemangacine.fr\/es\/wp-json\/wp\/v2\/product_tag?post=27760"}],"curies":[{"name":"wp","href":"https:\/\/api.w.org\/{rel}","templated":true}]}}