





{"id":27747,"date":"2018-03-24T18:19:16","date_gmt":"2018-03-24T17:19:16","guid":{"rendered":"https:\/\/repliquemangacine.fr\/?post_type=product&#038;p=27747"},"modified":"2026-03-29T17:16:00","modified_gmt":"2026-03-29T15:16:00","slug":"espada-de-san-mauricio-de-turin-siglo-xiii","status":"publish","type":"product","link":"https:\/\/repliquemangacine.fr\/es\/epee-templier-medievale\/epee-de-saint-maurice-de-turin-13e-siecle\/","title":{"rendered":"Espada de San Mauricio de Tur\u00edn siglo XIII"},"content":{"rendered":"<h2>Espada de San Mauricio de Tur\u00edn, siglo XIII.<\/h2>\n<p>Para empezar, el<strong>Espada de San Mauricio de Tur\u00edn<\/strong>, data del periodo comprendido entre 1200 y 1250. Se conserva en Tur\u00edn junto con algunos restos de San Mauricio y se venera como reliquia.<\/p>\n<p>Cuenta la leyenda que se trata de la espada utilizada para su decapitaci\u00f3n, lo cual es muy improbable, ya que fue forjada aproximadamente mil a\u00f1os despu\u00e9s de su muerte. Representa m\u00e1s bien la imaginaci\u00f3n de la historiograf\u00eda medieval bajo la omnipresente influencia de la Iglesia.<\/p>\n<p>Desde 1858, el original se expone en el\u2019<a href=\"https:\/\/www.divento.com\/fr\/turin\/8987-armeria-reale-e-biblitoeca-reale-turin.html\" target=\"_blank\" rel=\"noopener noreferrer\">Armer\u00eda Real de Tur\u00edn<\/a>, con el n\u00famero de inventario AR G 25  en muy buen estado de conservaci\u00f3n.<\/p>\n<p>San Mauricio o Mauricio de Agaune, conocido como el jefe de la legi\u00f3n tebana. La Iglesia cat\u00f3lica venera a San Mauricio como santo patr\u00f3n del ej\u00e9rcito y de la infanter\u00eda, por citar solo algunos ejemplos.<\/p>\n<h2>Su espada St Maurice al mejor precio.<\/h2>\n<p>Le ofrecemos magn\u00edficas r\u00e9plicas de armas hist\u00f3ricas de la \u00e9poca medieval.<\/p>\n<p>Lo primero y m\u00e1s importante,<\/p>\n<ul>\n<li>L'<a href=\"https:\/\/repliquemangacine.fr\/es\/espada-medieval-2\/epee-medievale-a-une-main-practical\/\">pr\u00e1ctica espada para golpear con una mano<\/a>Concebido para iniciarse en el entrenamiento de combate.<\/li>\n<li>Tambi\u00e9n existe la<a href=\"https:\/\/repliquemangacine.fr\/es\/otras-peliculas\/le-roi-arthur-excalibur-epee-de-legende\/\">espada legendaria Excalibur<\/a> utilizado por Arturo en la pel\u00edcula \"La leyenda de Excalibur\".<\/li>\n<li>Y muchos m\u00e1s por descubrir en nuestra tienda en l\u00ednea.<\/li>\n<\/ul>\n<p>Por eso, aqu\u00ed tienes unas ideas fant\u00e1sticas para regalar a los apasionados y coleccionistas de la Edad Media.<\/p>\n<p>En conclusi\u00f3n, tambi\u00e9n puede utilizar este <strong>Espada de San Mauricio de Tur\u00edn<\/strong>Para sus recreaciones hist\u00f3ricas o veladas tem\u00e1ticas. Pero, sobre todo, es tambi\u00e9n una pieza de coleccionista y un objeto decorativo.<\/p>\n<h2>\u00bfC\u00f3mo se mantiene la hoja de su espada medieval?<\/h2>\n<p>Las espadas de colecci\u00f3n y decorativas se fabrican y ensamblan de forma simplificada. Como su uso es decorativo, no cuentan con los elementos de seguridad necesarios para una espada japonesa destinada al entrenamiento.<\/p>\n<p>Sin embargo, su <strong>Espada de San Mauricio de Tur\u00edn<\/strong> a una hoja de acero que hay que mantener para evitar que se da\u00f1e con el tiempo. Cuando muestres tu espada, tus amigos sentir\u00e1n curiosidad por ver la hoja y tocarla. Aqu\u00ed es donde hay que tener cuidado, porque la acidez de los dedos es muy perjudicial para el acero, sea cual sea su calidad.<\/p>\n<p>Sin embargo, si esto ocurre, no te asustes, todo lo que necesitas es un pa\u00f1o humedecido con un poco de aceite y limpiar las huellas dactilares. Si haces esto, tu espada durar\u00e1 mucho tiempo.<\/p>","protected":false},"excerpt":{"rendered":"<p>R\u00e9plica de la espada San Mauricio de Tur\u00edn con vaina.<\/p>\n<ul>\n<li>Hoja de acero endurecido, 48 HRC.<\/li>\n<li>Empu\u00f1adura y pomo de acero.<\/li>\n<li>Asa forrada de cuero.<\/li>\n<li>Vaina de madera recubierta de cuero.<\/li>\n<li>Punto de equilibrio: aprox. a 17 cm de la empu\u00f1adura - Tipo de espada seg\u00fan la tipolog\u00eda de Oakeshott: XII<\/li>\n<li>Longitud hoja: 78,5 cm - Longitud total: 94 cm - Peso: 1150 grs<\/li>\n<\/ul>\n<p><em><strong>\u00a0<\/strong><\/em><\/p>","protected":false},"featured_media":27748,"template":"","meta":[],"product_brand":[896],"product_cat":[25,84,43,101],"product_tag":[],"class_list":{"0":"post-27747","1":"product","2":"type-product","3":"status-publish","4":"has-post-thumbnail","6":"product_brand-replique-manga-cine","7":"product_cat-armes-historiques","8":"product_cat-epee-templier-medievale","9":"product_cat-reproductions-d-armes-et-accessoires-medievales","10":"product_cat-soldes","12":"first","13":"instock","14":"sale","15":"taxable","16":"shipping-taxable","17":"purchasable","18":"product-type-simple"},"yoast_head":"<!-- This site is optimized with the Yoast SEO plugin v27.4 - https:\/\/yoast.com\/product\/yoast-seo-wordpress\/ -->\n<title>Ep\u00e9e de St Maurice - Vente \u00e9p\u00e9e m\u00e9di\u00e9vale | R\u00e9plique Manga Cin\u00e9<\/title>\n<meta name=\"description\" content=\"D\u00e9couvrez cette Ep\u00e9e de St Maurice de Turin au meilleur prix - Lame en acier forg\u00e9 et tremp\u00e9 48 HRC - Point d&#039;\u00e9quilibrage - Fourreau cuir - Longueur : 94 cm\" \/>\n<meta name=\"robots\" content=\"index, follow, max-snippet:-1, max-image-preview:large, max-video-preview:-1\" \/>\n<link rel=\"canonical\" href=\"https:\/\/repliquemangacine.fr\/es\/saldos\/espada-de-san-mauricio-de-turin-siglo-xiii\/\" \/>\n<meta property=\"og:locale\" content=\"es_ES\" \/>\n<meta property=\"og:type\" content=\"article\" \/>\n<meta property=\"og:title\" content=\"Ep\u00e9e de St Maurice - Vente \u00e9p\u00e9e m\u00e9di\u00e9vale | R\u00e9plique Manga Cin\u00e9\" \/>\n<meta property=\"og:description\" content=\"D\u00e9couvrez cette Ep\u00e9e de St Maurice de Turin au meilleur prix - Lame en acier forg\u00e9 et tremp\u00e9 48 HRC - Point d&#039;\u00e9quilibrage - Fourreau cuir - Longueur : 94 cm\" \/>\n<meta property=\"og:url\" content=\"https:\/\/repliquemangacine.fr\/es\/saldos\/espada-de-san-mauricio-de-turin-siglo-xiii\/\" \/>\n<meta property=\"og:site_name\" content=\"R\u00e9plique Manga Cin\u00e9\" \/>\n<meta property=\"article:publisher\" content=\"https:\/\/www.facebook.com\/RepliqueMangaCine\" \/>\n<meta property=\"article:modified_time\" content=\"2026-03-29T15:16:00+00:00\" \/>\n<meta property=\"og:image\" content=\"https:\/\/repliquemangacine.fr\/wp-content\/uploads\/2023\/10\/2505-Epee-de-Saint-Maurice-de-Turin-13e-Sieclepommeau.jpg\" \/>\n\t<meta property=\"og:image:width\" content=\"600\" \/>\n\t<meta property=\"og:image:height\" content=\"600\" \/>\n\t<meta property=\"og:image:type\" content=\"image\/jpeg\" \/>\n<meta name=\"twitter:card\" content=\"summary_large_image\" \/>\n<meta name=\"twitter:label1\" content=\"Tiempo de lectura\" \/>\n\t<meta name=\"twitter:data1\" content=\"1 minuto\" \/>\n<script type=\"application\/ld+json\" class=\"yoast-schema-graph\">{\"@context\":\"https:\\\/\\\/schema.org\",\"@graph\":[{\"@type\":\"WebPage\",\"@id\":\"https:\\\/\\\/repliquemangacine.fr\\\/soldes\\\/epee-de-saint-maurice-de-turin-13e-siecle\\\/\",\"url\":\"https:\\\/\\\/repliquemangacine.fr\\\/soldes\\\/epee-de-saint-maurice-de-turin-13e-siecle\\\/\",\"name\":\"Ep\u00e9e de St Maurice - Vente \u00e9p\u00e9e m\u00e9di\u00e9vale | R\u00e9plique Manga Cin\u00e9\",\"isPartOf\":{\"@id\":\"https:\\\/\\\/repliquemangacine.fr\\\/#website\"},\"primaryImageOfPage\":{\"@id\":\"https:\\\/\\\/repliquemangacine.fr\\\/soldes\\\/epee-de-saint-maurice-de-turin-13e-siecle\\\/#primaryimage\"},\"image\":{\"@id\":\"https:\\\/\\\/repliquemangacine.fr\\\/soldes\\\/epee-de-saint-maurice-de-turin-13e-siecle\\\/#primaryimage\"},\"thumbnailUrl\":\"https:\\\/\\\/repliquemangacine.fr\\\/wp-content\\\/uploads\\\/2023\\\/10\\\/2505-Epee-de-Saint-Maurice-de-Turin-13e-Sieclepommeau.jpg\",\"datePublished\":\"2018-03-24T17:19:16+00:00\",\"dateModified\":\"2026-03-29T15:16:00+00:00\",\"description\":\"D\u00e9couvrez cette Ep\u00e9e de St Maurice de Turin au meilleur prix - Lame en acier forg\u00e9 et tremp\u00e9 48 HRC - Point d'\u00e9quilibrage - Fourreau cuir - Longueur : 94 cm\",\"breadcrumb\":{\"@id\":\"https:\\\/\\\/repliquemangacine.fr\\\/soldes\\\/epee-de-saint-maurice-de-turin-13e-siecle\\\/#breadcrumb\"},\"inLanguage\":\"es\",\"potentialAction\":[{\"@type\":\"ReadAction\",\"target\":[\"https:\\\/\\\/repliquemangacine.fr\\\/soldes\\\/epee-de-saint-maurice-de-turin-13e-siecle\\\/\"]}]},{\"@type\":\"ImageObject\",\"inLanguage\":\"es\",\"@id\":\"https:\\\/\\\/repliquemangacine.fr\\\/soldes\\\/epee-de-saint-maurice-de-turin-13e-siecle\\\/#primaryimage\",\"url\":\"https:\\\/\\\/repliquemangacine.fr\\\/wp-content\\\/uploads\\\/2023\\\/10\\\/2505-Epee-de-Saint-Maurice-de-Turin-13e-Sieclepommeau.jpg\",\"contentUrl\":\"https:\\\/\\\/repliquemangacine.fr\\\/wp-content\\\/uploads\\\/2023\\\/10\\\/2505-Epee-de-Saint-Maurice-de-Turin-13e-Sieclepommeau.jpg\",\"width\":600,\"height\":600,\"caption\":\"Ep\u00e9e de St Maurice de Turin 13e Si\u00e8cle+pommeau\"},{\"@type\":\"BreadcrumbList\",\"@id\":\"https:\\\/\\\/repliquemangacine.fr\\\/soldes\\\/epee-de-saint-maurice-de-turin-13e-siecle\\\/#breadcrumb\",\"itemListElement\":[{\"@type\":\"ListItem\",\"position\":1,\"name\":\"Accueil\",\"item\":\"https:\\\/\\\/repliquemangacine.fr\\\/\"},{\"@type\":\"ListItem\",\"position\":2,\"name\":\"Produits\",\"item\":\"https:\\\/\\\/repliquemangacine.fr\\\/boutique\\\/\"},{\"@type\":\"ListItem\",\"position\":3,\"name\":\"\u00c9p\u00e9e St Maurice de Turin 13\u1d49 Si\u00e8cle\"}]},{\"@type\":\"WebSite\",\"@id\":\"https:\\\/\\\/repliquemangacine.fr\\\/#website\",\"url\":\"https:\\\/\\\/repliquemangacine.fr\\\/\",\"name\":\"R\u00e9plique Manga Cin\u00e9\",\"description\":\"\",\"publisher\":{\"@id\":\"https:\\\/\\\/repliquemangacine.fr\\\/#organization\"},\"potentialAction\":[{\"@type\":\"SearchAction\",\"target\":{\"@type\":\"EntryPoint\",\"urlTemplate\":\"https:\\\/\\\/repliquemangacine.fr\\\/?s={search_term_string}\"},\"query-input\":{\"@type\":\"PropertyValueSpecification\",\"valueRequired\":true,\"valueName\":\"search_term_string\"}}],\"inLanguage\":\"es\"},{\"@type\":\"Organization\",\"@id\":\"https:\\\/\\\/repliquemangacine.fr\\\/#organization\",\"name\":\"R\u00e9plique Manga Cin\u00e9\",\"url\":\"https:\\\/\\\/repliquemangacine.fr\\\/\",\"logo\":{\"@type\":\"ImageObject\",\"inLanguage\":\"es\",\"@id\":\"https:\\\/\\\/repliquemangacine.fr\\\/#\\\/schema\\\/logo\\\/image\\\/\",\"url\":\"https:\\\/\\\/repliquemangacine.fr\\\/wp-content\\\/uploads\\\/2023\\\/10\\\/RMC-500250.png\",\"contentUrl\":\"https:\\\/\\\/repliquemangacine.fr\\\/wp-content\\\/uploads\\\/2023\\\/10\\\/RMC-500250.png\",\"width\":500,\"height\":250,\"caption\":\"R\u00e9plique Manga Cin\u00e9\"},\"image\":{\"@id\":\"https:\\\/\\\/repliquemangacine.fr\\\/#\\\/schema\\\/logo\\\/image\\\/\"},\"sameAs\":[\"https:\\\/\\\/www.facebook.com\\\/RepliqueMangaCine\",\"https:\\\/\\\/www.instagram.com\\\/repliquemangacine.fr\\\/\"]}]}<\/script>\n<!-- \/ Yoast SEO plugin. -->","yoast_head_json":{"title":"Ep\u00e9e de St Maurice - Espada medieval en venta | R\u00e9plique Manga Cin\u00e9","description":"Descubra esta Espada de San Mauricio de Tur\u00edn al mejor precio - Hoja de acero forjado y templado 48 HRC - Punta de equilibrio - Vaina de cuero - Longitud: 94 cm","robots":{"index":"index","follow":"follow","max-snippet":"max-snippet:-1","max-image-preview":"max-image-preview:large","max-video-preview":"max-video-preview:-1"},"canonical":"https:\/\/repliquemangacine.fr\/es\/saldos\/espada-de-san-mauricio-de-turin-siglo-xiii\/","og_locale":"es_ES","og_type":"article","og_title":"Ep\u00e9e de St Maurice - Vente \u00e9p\u00e9e m\u00e9di\u00e9vale | R\u00e9plique Manga Cin\u00e9","og_description":"D\u00e9couvrez cette Ep\u00e9e de St Maurice de Turin au meilleur prix - Lame en acier forg\u00e9 et tremp\u00e9 48 HRC - Point d'\u00e9quilibrage - Fourreau cuir - Longueur : 94 cm","og_url":"https:\/\/repliquemangacine.fr\/es\/saldos\/espada-de-san-mauricio-de-turin-siglo-xiii\/","og_site_name":"R\u00e9plique Manga Cin\u00e9","article_publisher":"https:\/\/www.facebook.com\/RepliqueMangaCine","article_modified_time":"2026-03-29T15:16:00+00:00","og_image":[{"width":600,"height":600,"url":"https:\/\/repliquemangacine.fr\/wp-content\/uploads\/2023\/10\/2505-Epee-de-Saint-Maurice-de-Turin-13e-Sieclepommeau.jpg","type":"image\/jpeg"}],"twitter_card":"summary_large_image","twitter_misc":{"Tiempo de lectura":"1 minuto"},"schema":{"@context":"https:\/\/schema.org","@graph":[{"@type":"WebPage","@id":"https:\/\/repliquemangacine.fr\/soldes\/epee-de-saint-maurice-de-turin-13e-siecle\/","url":"https:\/\/repliquemangacine.fr\/soldes\/epee-de-saint-maurice-de-turin-13e-siecle\/","name":"Ep\u00e9e de St Maurice - Espada medieval en venta | R\u00e9plique Manga Cin\u00e9","isPartOf":{"@id":"https:\/\/repliquemangacine.fr\/#website"},"primaryImageOfPage":{"@id":"https:\/\/repliquemangacine.fr\/soldes\/epee-de-saint-maurice-de-turin-13e-siecle\/#primaryimage"},"image":{"@id":"https:\/\/repliquemangacine.fr\/soldes\/epee-de-saint-maurice-de-turin-13e-siecle\/#primaryimage"},"thumbnailUrl":"https:\/\/repliquemangacine.fr\/wp-content\/uploads\/2023\/10\/2505-Epee-de-Saint-Maurice-de-Turin-13e-Sieclepommeau.jpg","datePublished":"2018-03-24T17:19:16+00:00","dateModified":"2026-03-29T15:16:00+00:00","description":"Descubra esta Espada de San Mauricio de Tur\u00edn al mejor precio - Hoja de acero forjado y templado 48 HRC - Punta de equilibrio - Vaina de cuero - Longitud: 94 cm","breadcrumb":{"@id":"https:\/\/repliquemangacine.fr\/soldes\/epee-de-saint-maurice-de-turin-13e-siecle\/#breadcrumb"},"inLanguage":"es","potentialAction":[{"@type":"ReadAction","target":["https:\/\/repliquemangacine.fr\/soldes\/epee-de-saint-maurice-de-turin-13e-siecle\/"]}]},{"@type":"ImageObject","inLanguage":"es","@id":"https:\/\/repliquemangacine.fr\/soldes\/epee-de-saint-maurice-de-turin-13e-siecle\/#primaryimage","url":"https:\/\/repliquemangacine.fr\/wp-content\/uploads\/2023\/10\/2505-Epee-de-Saint-Maurice-de-Turin-13e-Sieclepommeau.jpg","contentUrl":"https:\/\/repliquemangacine.fr\/wp-content\/uploads\/2023\/10\/2505-Epee-de-Saint-Maurice-de-Turin-13e-Sieclepommeau.jpg","width":600,"height":600,"caption":"Ep\u00e9e de St Maurice de Turin 13e Si\u00e8cle+pommeau"},{"@type":"BreadcrumbList","@id":"https:\/\/repliquemangacine.fr\/soldes\/epee-de-saint-maurice-de-turin-13e-siecle\/#breadcrumb","itemListElement":[{"@type":"ListItem","position":1,"name":"Accueil","item":"https:\/\/repliquemangacine.fr\/"},{"@type":"ListItem","position":2,"name":"Produits","item":"https:\/\/repliquemangacine.fr\/boutique\/"},{"@type":"ListItem","position":3,"name":"\u00c9p\u00e9e St Maurice de Turin 13\u1d49 Si\u00e8cle"}]},{"@type":"WebSite","@id":"https:\/\/repliquemangacine.fr\/#website","url":"https:\/\/repliquemangacine.fr\/","name":"R\u00e9plique Manga Cin\u00e9","description":"","publisher":{"@id":"https:\/\/repliquemangacine.fr\/#organization"},"potentialAction":[{"@type":"SearchAction","target":{"@type":"EntryPoint","urlTemplate":"https:\/\/repliquemangacine.fr\/?s={search_term_string}"},"query-input":{"@type":"PropertyValueSpecification","valueRequired":true,"valueName":"search_term_string"}}],"inLanguage":"es"},{"@type":"Organization","@id":"https:\/\/repliquemangacine.fr\/#organization","name":"R\u00e9plique Manga Cin\u00e9","url":"https:\/\/repliquemangacine.fr\/","logo":{"@type":"ImageObject","inLanguage":"es","@id":"https:\/\/repliquemangacine.fr\/#\/schema\/logo\/image\/","url":"https:\/\/repliquemangacine.fr\/wp-content\/uploads\/2023\/10\/RMC-500250.png","contentUrl":"https:\/\/repliquemangacine.fr\/wp-content\/uploads\/2023\/10\/RMC-500250.png","width":500,"height":250,"caption":"R\u00e9plique Manga Cin\u00e9"},"image":{"@id":"https:\/\/repliquemangacine.fr\/#\/schema\/logo\/image\/"},"sameAs":["https:\/\/www.facebook.com\/RepliqueMangaCine","https:\/\/www.instagram.com\/repliquemangacine.fr\/"]}]}},"_links":{"self":[{"href":"https:\/\/repliquemangacine.fr\/es\/wp-json\/wp\/v2\/product\/27747","targetHints":{"allow":["GET"]}}],"collection":[{"href":"https:\/\/repliquemangacine.fr\/es\/wp-json\/wp\/v2\/product"}],"about":[{"href":"https:\/\/repliquemangacine.fr\/es\/wp-json\/wp\/v2\/types\/product"}],"wp:featuredmedia":[{"embeddable":true,"href":"https:\/\/repliquemangacine.fr\/es\/wp-json\/wp\/v2\/media\/27748"}],"wp:attachment":[{"href":"https:\/\/repliquemangacine.fr\/es\/wp-json\/wp\/v2\/media?parent=27747"}],"wp:term":[{"taxonomy":"product_brand","embeddable":true,"href":"https:\/\/repliquemangacine.fr\/es\/wp-json\/wp\/v2\/product_brand?post=27747"},{"taxonomy":"product_cat","embeddable":true,"href":"https:\/\/repliquemangacine.fr\/es\/wp-json\/wp\/v2\/product_cat?post=27747"},{"taxonomy":"product_tag","embeddable":true,"href":"https:\/\/repliquemangacine.fr\/es\/wp-json\/wp\/v2\/product_tag?post=27747"}],"curies":[{"name":"wp","href":"https:\/\/api.w.org\/{rel}","templated":true}]}}