





{"id":27741,"date":"2018-03-24T16:58:45","date_gmt":"2018-03-24T15:58:45","guid":{"rendered":"https:\/\/repliquemangacine.fr\/?post_type=product&#038;p=27741"},"modified":"2026-01-29T17:26:28","modified_gmt":"2026-01-29T16:26:28","slug":"sir-william-marshal-espada-siglo-xii","status":"publish","type":"product","link":"https:\/\/repliquemangacine.fr\/es\/epee-templier-medievale\/epee-sir-william-marshal-12eme-siecle\/","title":{"rendered":"Sir William Marshal espada siglo XII"},"content":{"rendered":"<h2>Espada de Sir William Marshal Siglo XII<\/h2>\n<p>Para empezar, el<strong>Sir William Marshal espada<\/strong>, primer conde de Pembroke, esta reproducci\u00f3n es id\u00e9ntica al original, que se expone en un museo brit\u00e1nico.<\/p>\n<p>William Marshal, descrito como \u00abel caballero m\u00e1s grande del mundo\u00bb por sus contempor\u00e1neos. Sirvi\u00f3 a cuatro reyes: Enrique II, Ricardo Coraz\u00f3n de Le\u00f3n, Juan Sin Tierra y Enrique III, de quien fue regente.<\/p>\n<p>Como regente, William Marshal reedit\u00f3 la Carta Magna, asegurando as\u00ed su supervivencia. Tambi\u00e9n luch\u00f3 y gan\u00f3 la batalla de Lincoln contra una fuerza invasora francesa. Y fue como regente que gobern\u00f3 el reino desde su mansi\u00f3n de Caversham, durante su \u00faltima enfermedad.<\/p>\n<p>En mayo de 2019, el <a href=\"https:\/\/www.readingmuseum.org.uk\/blog\/greatest-knight-be-found-all-world-william-marshal\" target=\"_blank\" rel=\"noopener noreferrer\">Museo de la Lectura<\/a> organiza un acto para conmemorar el 800 aniversario de su muerte.<\/p>\n<h2>Tu espada Sir William Marshal al mejor precio.<\/h2>\n<p>Le ofrecemos magn\u00edficas r\u00e9plicas de armas hist\u00f3ricas de la \u00e9poca medieval.<\/p>\n<p>Lo primero y m\u00e1s importante,<\/p>\n<ul>\n<li>este <a href=\"https:\/\/repliquemangacine.fr\/es\/armas-historicas\/epee-de-frappe-epee-de-combat\/\">espada de golpe medieval<\/a>con su hoja de acero al carbono.<\/li>\n<li>Tambi\u00e9n existe la<a href=\"https:\/\/repliquemangacine.fr\/es\/espada-medieval-2\/espada-del-templario-jacques-de-molay\/\">espada del templario Jacques de Molay<\/a>el \u00faltimo Gran Maestre de los Caballeros Templarios.<\/li>\n<li>Y muchos m\u00e1s por descubrir en nuestra tienda en l\u00ednea.<\/li>\n<\/ul>\n<p>Por eso, aqu\u00ed tienes unas ideas fant\u00e1sticas para regalar a los apasionados y coleccionistas de la Edad Media.<\/p>\n<p>En conclusi\u00f3n, tambi\u00e9n puede utilizar este <strong>Sir William Marshal espada<\/strong>Para sus recreaciones hist\u00f3ricas o veladas tem\u00e1ticas. Pero, sobre todo, es tambi\u00e9n una pieza de coleccionista y un objeto decorativo.<\/p>\n<h2>\u00bfC\u00f3mo se mantiene la hoja de su espada medieval?<\/h2>\n<p>Las espadas de colecci\u00f3n y decorativas se fabrican y ensamblan de forma simplificada. Como su uso es decorativo, no cuentan con los elementos de seguridad necesarios para una espada japonesa destinada al entrenamiento.<\/p>\n<p>Sin embargo, su <strong>Sir William Marshal espada<\/strong> a una hoja de acero que hay que mantener para evitar que se da\u00f1e con el tiempo. Cuando muestres tu espada, tus amigos sentir\u00e1n curiosidad por ver la hoja y tocarla. Aqu\u00ed es donde hay que tener cuidado, porque la acidez de los dedos es muy perjudicial para el acero, sea cual sea su calidad.<\/p>\n<p>Sin embargo, si esto ocurre, no te asustes, todo lo que necesitas es un pa\u00f1o humedecido con un poco de aceite y limpiar las huellas dactilares. Si haces esto, tu espada durar\u00e1 mucho tiempo.<\/p>","protected":false},"excerpt":{"rendered":"<p>Esta magn\u00edfica espada es una r\u00e9plica del original finamente detallada.<\/p>\n<ul>\n<li>Hoja de acero endurecido, 48-50 HRC.<\/li>\n<li>Empu\u00f1adura y pomo de acero.<\/li>\n<li>Asa forrada de cuero.<\/li>\n<li>Vaina recubierta de cuero.<\/li>\n<li>Punto de equilibrio: a unos 16 cm de la empu\u00f1adura<\/li>\n<li>Longitud hoja: 79 cm - Longitud total: 95,5 cm - Peso: 1200 Grs<\/li>\n<\/ul>","protected":false},"featured_media":27742,"template":"","meta":[],"product_brand":[896],"product_cat":[25,84,43,101],"product_tag":[],"class_list":{"0":"post-27741","1":"product","2":"type-product","3":"status-publish","4":"has-post-thumbnail","6":"product_brand-replique-manga-cine","7":"product_cat-armes-historiques","8":"product_cat-epee-templier-medievale","9":"product_cat-reproductions-d-armes-et-accessoires-medievales","10":"product_cat-soldes","12":"first","13":"outofstock","14":"taxable","15":"shipping-taxable","16":"purchasable","17":"product-type-simple"},"yoast_head":"<!-- This site is optimized with the Yoast SEO plugin v27.4 - https:\/\/yoast.com\/product\/yoast-seo-wordpress\/ -->\n<title>Ep\u00e9e Sir William Marshal - Ep\u00e9e de frappe - R\u00e9plique Manga Cin\u00e9<\/title>\n<meta name=\"description\" content=\"Offrez-vous ! L&#039;Ep\u00e9e Sir William Marshal au meilleur prix - Lame en acier tremp\u00e9 - Fourreau en cuir - Point d&#039;\u00e9quilibre - Longueur totale : 95.5 cm\" \/>\n<meta name=\"robots\" content=\"index, follow, max-snippet:-1, max-image-preview:large, max-video-preview:-1\" \/>\n<link rel=\"canonical\" href=\"https:\/\/repliquemangacine.fr\/es\/saldos\/sir-william-marshal-espada-siglo-xii\/\" \/>\n<meta property=\"og:locale\" content=\"es_ES\" \/>\n<meta property=\"og:type\" content=\"article\" \/>\n<meta property=\"og:title\" content=\"Ep\u00e9e Sir William Marshal - Ep\u00e9e de frappe - R\u00e9plique Manga Cin\u00e9\" \/>\n<meta property=\"og:description\" content=\"Offrez-vous ! L&#039;Ep\u00e9e Sir William Marshal au meilleur prix - Lame en acier tremp\u00e9 - Fourreau en cuir - Point d&#039;\u00e9quilibre - Longueur totale : 95.5 cm\" \/>\n<meta property=\"og:url\" content=\"https:\/\/repliquemangacine.fr\/es\/saldos\/sir-william-marshal-espada-siglo-xii\/\" \/>\n<meta property=\"og:site_name\" content=\"R\u00e9plique Manga Cin\u00e9\" \/>\n<meta property=\"article:publisher\" content=\"https:\/\/www.facebook.com\/RepliqueMangaCine\" \/>\n<meta property=\"article:modified_time\" content=\"2026-01-29T16:26:28+00:00\" \/>\n<meta property=\"og:image\" content=\"https:\/\/repliquemangacine.fr\/wp-content\/uploads\/2023\/10\/2500-Epee-medievale-Sir-William-Marshal-12eme-siecle.jpg\" \/>\n\t<meta property=\"og:image:width\" content=\"600\" \/>\n\t<meta property=\"og:image:height\" content=\"600\" \/>\n\t<meta property=\"og:image:type\" content=\"image\/jpeg\" \/>\n<meta name=\"twitter:card\" content=\"summary_large_image\" \/>\n<meta name=\"twitter:label1\" content=\"Tiempo de lectura\" \/>\n\t<meta name=\"twitter:data1\" content=\"2 minutos\" \/>\n<script type=\"application\/ld+json\" class=\"yoast-schema-graph\">{\"@context\":\"https:\\\/\\\/schema.org\",\"@graph\":[{\"@type\":\"WebPage\",\"@id\":\"https:\\\/\\\/repliquemangacine.fr\\\/soldes\\\/epee-sir-william-marshal-12eme-siecle\\\/\",\"url\":\"https:\\\/\\\/repliquemangacine.fr\\\/soldes\\\/epee-sir-william-marshal-12eme-siecle\\\/\",\"name\":\"Ep\u00e9e Sir William Marshal - Ep\u00e9e de frappe - R\u00e9plique Manga Cin\u00e9\",\"isPartOf\":{\"@id\":\"https:\\\/\\\/repliquemangacine.fr\\\/#website\"},\"primaryImageOfPage\":{\"@id\":\"https:\\\/\\\/repliquemangacine.fr\\\/soldes\\\/epee-sir-william-marshal-12eme-siecle\\\/#primaryimage\"},\"image\":{\"@id\":\"https:\\\/\\\/repliquemangacine.fr\\\/soldes\\\/epee-sir-william-marshal-12eme-siecle\\\/#primaryimage\"},\"thumbnailUrl\":\"https:\\\/\\\/repliquemangacine.fr\\\/wp-content\\\/uploads\\\/2023\\\/10\\\/2500-Epee-medievale-Sir-William-Marshal-12eme-siecle.jpg\",\"datePublished\":\"2018-03-24T15:58:45+00:00\",\"dateModified\":\"2026-01-29T16:26:28+00:00\",\"description\":\"Offrez-vous ! L'Ep\u00e9e Sir William Marshal au meilleur prix - Lame en acier tremp\u00e9 - Fourreau en cuir - Point d'\u00e9quilibre - Longueur totale : 95.5 cm\",\"breadcrumb\":{\"@id\":\"https:\\\/\\\/repliquemangacine.fr\\\/soldes\\\/epee-sir-william-marshal-12eme-siecle\\\/#breadcrumb\"},\"inLanguage\":\"es\",\"potentialAction\":[{\"@type\":\"ReadAction\",\"target\":[\"https:\\\/\\\/repliquemangacine.fr\\\/soldes\\\/epee-sir-william-marshal-12eme-siecle\\\/\"]}]},{\"@type\":\"ImageObject\",\"inLanguage\":\"es\",\"@id\":\"https:\\\/\\\/repliquemangacine.fr\\\/soldes\\\/epee-sir-william-marshal-12eme-siecle\\\/#primaryimage\",\"url\":\"https:\\\/\\\/repliquemangacine.fr\\\/wp-content\\\/uploads\\\/2023\\\/10\\\/2500-Epee-medievale-Sir-William-Marshal-12eme-siecle.jpg\",\"contentUrl\":\"https:\\\/\\\/repliquemangacine.fr\\\/wp-content\\\/uploads\\\/2023\\\/10\\\/2500-Epee-medievale-Sir-William-Marshal-12eme-siecle.jpg\",\"width\":600,\"height\":600,\"caption\":\"Ep\u00e9e m\u00e9di\u00e9vale Sir William Marshal 12\u00e8me si\u00e8cle\"},{\"@type\":\"BreadcrumbList\",\"@id\":\"https:\\\/\\\/repliquemangacine.fr\\\/soldes\\\/epee-sir-william-marshal-12eme-siecle\\\/#breadcrumb\",\"itemListElement\":[{\"@type\":\"ListItem\",\"position\":1,\"name\":\"Accueil\",\"item\":\"https:\\\/\\\/repliquemangacine.fr\\\/\"},{\"@type\":\"ListItem\",\"position\":2,\"name\":\"Produits\",\"item\":\"https:\\\/\\\/repliquemangacine.fr\\\/boutique\\\/\"},{\"@type\":\"ListItem\",\"position\":3,\"name\":\"Ep\u00e9e Sir William Marshal 12\u00e8me si\u00e8cle\"}]},{\"@type\":\"WebSite\",\"@id\":\"https:\\\/\\\/repliquemangacine.fr\\\/#website\",\"url\":\"https:\\\/\\\/repliquemangacine.fr\\\/\",\"name\":\"R\u00e9plique Manga Cin\u00e9\",\"description\":\"\",\"publisher\":{\"@id\":\"https:\\\/\\\/repliquemangacine.fr\\\/#organization\"},\"potentialAction\":[{\"@type\":\"SearchAction\",\"target\":{\"@type\":\"EntryPoint\",\"urlTemplate\":\"https:\\\/\\\/repliquemangacine.fr\\\/?s={search_term_string}\"},\"query-input\":{\"@type\":\"PropertyValueSpecification\",\"valueRequired\":true,\"valueName\":\"search_term_string\"}}],\"inLanguage\":\"es\"},{\"@type\":\"Organization\",\"@id\":\"https:\\\/\\\/repliquemangacine.fr\\\/#organization\",\"name\":\"R\u00e9plique Manga Cin\u00e9\",\"url\":\"https:\\\/\\\/repliquemangacine.fr\\\/\",\"logo\":{\"@type\":\"ImageObject\",\"inLanguage\":\"es\",\"@id\":\"https:\\\/\\\/repliquemangacine.fr\\\/#\\\/schema\\\/logo\\\/image\\\/\",\"url\":\"https:\\\/\\\/repliquemangacine.fr\\\/wp-content\\\/uploads\\\/2023\\\/10\\\/RMC-500250.png\",\"contentUrl\":\"https:\\\/\\\/repliquemangacine.fr\\\/wp-content\\\/uploads\\\/2023\\\/10\\\/RMC-500250.png\",\"width\":500,\"height\":250,\"caption\":\"R\u00e9plique Manga Cin\u00e9\"},\"image\":{\"@id\":\"https:\\\/\\\/repliquemangacine.fr\\\/#\\\/schema\\\/logo\\\/image\\\/\"},\"sameAs\":[\"https:\\\/\\\/www.facebook.com\\\/RepliqueMangaCine\",\"https:\\\/\\\/www.instagram.com\\\/repliquemangacine.fr\\\/\"]}]}<\/script>\n<!-- \/ Yoast SEO plugin. -->","yoast_head_json":{"title":"Espada Sir William Marshal - Espada de golpear - R\u00e9plique Manga Cin\u00e9","description":"\u00a1Date un capricho! La espada Sir William Marshal al mejor precio - Hoja de acero templado - Vaina de cuero - Punta de equilibrio - Longitud total : 95,5 cm","robots":{"index":"index","follow":"follow","max-snippet":"max-snippet:-1","max-image-preview":"max-image-preview:large","max-video-preview":"max-video-preview:-1"},"canonical":"https:\/\/repliquemangacine.fr\/es\/saldos\/sir-william-marshal-espada-siglo-xii\/","og_locale":"es_ES","og_type":"article","og_title":"Ep\u00e9e Sir William Marshal - Ep\u00e9e de frappe - R\u00e9plique Manga Cin\u00e9","og_description":"Offrez-vous ! L'Ep\u00e9e Sir William Marshal au meilleur prix - Lame en acier tremp\u00e9 - Fourreau en cuir - Point d'\u00e9quilibre - Longueur totale : 95.5 cm","og_url":"https:\/\/repliquemangacine.fr\/es\/saldos\/sir-william-marshal-espada-siglo-xii\/","og_site_name":"R\u00e9plique Manga Cin\u00e9","article_publisher":"https:\/\/www.facebook.com\/RepliqueMangaCine","article_modified_time":"2026-01-29T16:26:28+00:00","og_image":[{"width":600,"height":600,"url":"https:\/\/repliquemangacine.fr\/wp-content\/uploads\/2023\/10\/2500-Epee-medievale-Sir-William-Marshal-12eme-siecle.jpg","type":"image\/jpeg"}],"twitter_card":"summary_large_image","twitter_misc":{"Tiempo de lectura":"2 minutos"},"schema":{"@context":"https:\/\/schema.org","@graph":[{"@type":"WebPage","@id":"https:\/\/repliquemangacine.fr\/soldes\/epee-sir-william-marshal-12eme-siecle\/","url":"https:\/\/repliquemangacine.fr\/soldes\/epee-sir-william-marshal-12eme-siecle\/","name":"Espada Sir William Marshal - Espada de golpear - R\u00e9plique Manga Cin\u00e9","isPartOf":{"@id":"https:\/\/repliquemangacine.fr\/#website"},"primaryImageOfPage":{"@id":"https:\/\/repliquemangacine.fr\/soldes\/epee-sir-william-marshal-12eme-siecle\/#primaryimage"},"image":{"@id":"https:\/\/repliquemangacine.fr\/soldes\/epee-sir-william-marshal-12eme-siecle\/#primaryimage"},"thumbnailUrl":"https:\/\/repliquemangacine.fr\/wp-content\/uploads\/2023\/10\/2500-Epee-medievale-Sir-William-Marshal-12eme-siecle.jpg","datePublished":"2018-03-24T15:58:45+00:00","dateModified":"2026-01-29T16:26:28+00:00","description":"\u00a1Date un capricho! La espada Sir William Marshal al mejor precio - Hoja de acero templado - Vaina de cuero - Punta de equilibrio - Longitud total : 95,5 cm","breadcrumb":{"@id":"https:\/\/repliquemangacine.fr\/soldes\/epee-sir-william-marshal-12eme-siecle\/#breadcrumb"},"inLanguage":"es","potentialAction":[{"@type":"ReadAction","target":["https:\/\/repliquemangacine.fr\/soldes\/epee-sir-william-marshal-12eme-siecle\/"]}]},{"@type":"ImageObject","inLanguage":"es","@id":"https:\/\/repliquemangacine.fr\/soldes\/epee-sir-william-marshal-12eme-siecle\/#primaryimage","url":"https:\/\/repliquemangacine.fr\/wp-content\/uploads\/2023\/10\/2500-Epee-medievale-Sir-William-Marshal-12eme-siecle.jpg","contentUrl":"https:\/\/repliquemangacine.fr\/wp-content\/uploads\/2023\/10\/2500-Epee-medievale-Sir-William-Marshal-12eme-siecle.jpg","width":600,"height":600,"caption":"Ep\u00e9e m\u00e9di\u00e9vale Sir William Marshal 12\u00e8me si\u00e8cle"},{"@type":"BreadcrumbList","@id":"https:\/\/repliquemangacine.fr\/soldes\/epee-sir-william-marshal-12eme-siecle\/#breadcrumb","itemListElement":[{"@type":"ListItem","position":1,"name":"Accueil","item":"https:\/\/repliquemangacine.fr\/"},{"@type":"ListItem","position":2,"name":"Produits","item":"https:\/\/repliquemangacine.fr\/boutique\/"},{"@type":"ListItem","position":3,"name":"Ep\u00e9e Sir William Marshal 12\u00e8me si\u00e8cle"}]},{"@type":"WebSite","@id":"https:\/\/repliquemangacine.fr\/#website","url":"https:\/\/repliquemangacine.fr\/","name":"R\u00e9plique Manga Cin\u00e9","description":"","publisher":{"@id":"https:\/\/repliquemangacine.fr\/#organization"},"potentialAction":[{"@type":"SearchAction","target":{"@type":"EntryPoint","urlTemplate":"https:\/\/repliquemangacine.fr\/?s={search_term_string}"},"query-input":{"@type":"PropertyValueSpecification","valueRequired":true,"valueName":"search_term_string"}}],"inLanguage":"es"},{"@type":"Organization","@id":"https:\/\/repliquemangacine.fr\/#organization","name":"R\u00e9plique Manga Cin\u00e9","url":"https:\/\/repliquemangacine.fr\/","logo":{"@type":"ImageObject","inLanguage":"es","@id":"https:\/\/repliquemangacine.fr\/#\/schema\/logo\/image\/","url":"https:\/\/repliquemangacine.fr\/wp-content\/uploads\/2023\/10\/RMC-500250.png","contentUrl":"https:\/\/repliquemangacine.fr\/wp-content\/uploads\/2023\/10\/RMC-500250.png","width":500,"height":250,"caption":"R\u00e9plique Manga Cin\u00e9"},"image":{"@id":"https:\/\/repliquemangacine.fr\/#\/schema\/logo\/image\/"},"sameAs":["https:\/\/www.facebook.com\/RepliqueMangaCine","https:\/\/www.instagram.com\/repliquemangacine.fr\/"]}]}},"_links":{"self":[{"href":"https:\/\/repliquemangacine.fr\/es\/wp-json\/wp\/v2\/product\/27741","targetHints":{"allow":["GET"]}}],"collection":[{"href":"https:\/\/repliquemangacine.fr\/es\/wp-json\/wp\/v2\/product"}],"about":[{"href":"https:\/\/repliquemangacine.fr\/es\/wp-json\/wp\/v2\/types\/product"}],"wp:featuredmedia":[{"embeddable":true,"href":"https:\/\/repliquemangacine.fr\/es\/wp-json\/wp\/v2\/media\/27742"}],"wp:attachment":[{"href":"https:\/\/repliquemangacine.fr\/es\/wp-json\/wp\/v2\/media?parent=27741"}],"wp:term":[{"taxonomy":"product_brand","embeddable":true,"href":"https:\/\/repliquemangacine.fr\/es\/wp-json\/wp\/v2\/product_brand?post=27741"},{"taxonomy":"product_cat","embeddable":true,"href":"https:\/\/repliquemangacine.fr\/es\/wp-json\/wp\/v2\/product_cat?post=27741"},{"taxonomy":"product_tag","embeddable":true,"href":"https:\/\/repliquemangacine.fr\/es\/wp-json\/wp\/v2\/product_tag?post=27741"}],"curies":[{"name":"wp","href":"https:\/\/api.w.org\/{rel}","templated":true}]}}