





{"id":27734,"date":"2018-03-24T14:53:51","date_gmt":"2018-03-24T13:53:51","guid":{"rendered":"https:\/\/repliquemangacine.fr\/?post_type=product&#038;p=27734"},"modified":"2025-09-23T18:01:59","modified_gmt":"2025-09-23T16:01:59","slug":"norman-lucha-espada-ulfberht","status":"publish","type":"product","link":"https:\/\/repliquemangacine.fr\/es\/epee-templier-medievale\/epee-normande-de-combat-ulfberht\/","title":{"rendered":"Espada de combate normanda"},"content":{"rendered":"<h2>Ulfberht forj\u00f3 una espada normanda<\/h2>\n<p>Para empezar, este <strong>Ulfberht forj\u00f3 una espada normanda<\/strong>, sigue la tradici\u00f3n de este tipo de espadas. La hoja tiene un caracter\u00edstico canal que le confiere flexibilidad y ligereza. Bordes romos y punta redondeada para mayor seguridad.<\/p>\n<p>Cabe destacar que cada una de nuestras espadas normandas de una mano est\u00e1 minuciosamente fabricada a mano. Tipol\u00f3gicamente, la espada es claramente una <a href=\"https:\/\/fr.wikipedia.org\/wiki\/Classification_d'Oakeshott\" target=\"_blank\" rel=\"noopener noreferrer\">Oakshott<\/a> Tipo X.<\/p>\n<p>En conclusi\u00f3n, Ulfberht es la transcripci\u00f3n moderna del nombre de un modelo de espada vikinga utilizada en Escandinavia entre los a\u00f1os 800 y 1000. Forjadas en un acero cuya calidad no se volvi\u00f3 a reproducir en Europa hasta la revoluci\u00f3n industrial. Por otra parte, se dispone de muy poca informaci\u00f3n sobre la fabricaci\u00f3n de las espadas Ulfberht.<\/p>\n<h2>Tu Ulfberht Espada forjada Normand\u00eda al mejor precio.<\/h2>\n<p>Ofrecemos una amplia gama de r\u00e9plicas de la \u00e9poca medieval.<\/p>\n<p>Lo primero y m\u00e1s importante,<\/p>\n<ul>\n<li>L'<a href=\"https:\/\/repliquemangacine.fr\/es\/armas-historicas\/espada-de-combate-medieval\/\">Espada de combate medieval<\/a> con su hoja ancha y estriada.<\/li>\n<li>As\u00ed como el<a href=\"https:\/\/repliquemangacine.fr\/es\/espada-medieval-2\/practica-espada-de-combate-medieval\/\">Espada medieval<\/a> con una mano.<\/li>\n<li>Y muchos m\u00e1s por descubrir en nuestra tienda en l\u00ednea.<\/li>\n<\/ul>\n<p>Por eso, esta es una magn\u00edfica idea de regalo para todos los apasionados de la \u00e9poca medieval.<\/p>\n<p>En conclusi\u00f3n, tambi\u00e9n puede utilizar el\u2019<strong>Ulfberht forj\u00f3 una espada normanda<\/strong> para sus recreaciones y representaciones hist\u00f3ricas. Pero, sobre todo, esta espada es tambi\u00e9n una pieza de coleccionista y una pieza decorativa.<\/p>\n<p>R\u00e9plique Manga Cin\u00e9 es una empresa familiar francesa.<\/p>\n<h2>\u00bfC\u00f3mo se mantiene la hoja de su espada medieval?<\/h2>\n<p>Espadas de colecci\u00f3n y decorativas fabricadas y ensambladas de forma simplificada. Al ser de uso decorativo, no cuentan con los elementos de seguridad necesarios para una espada japonesa destinada al entrenamiento.<\/p>\n<p>Sin embargo, su <strong>Ulfberht forj\u00f3 una espada normanda<\/strong> a una hoja de acero que hay que mantener para evitar que se da\u00f1e con el tiempo. Cuando muestres tu espada, tus amigos sentir\u00e1n curiosidad por ver la hoja y tocarla. Aqu\u00ed es donde hay que tener cuidado, porque la acidez de los dedos es muy perjudicial para el acero, sea cual sea su calidad.<\/p>\n<p>Sin embargo, si esto ocurre, no te asustes, todo lo que necesitas es un pa\u00f1o humedecido con un poco de aceite y limpiar las huellas dactilares. Si haces esto, tu espada durar\u00e1 mucho tiempo.<\/p>","protected":false},"excerpt":{"rendered":"<p>Tipol\u00f3gicamente la espada es claramente una Oakshott Tipo X.  Guarda: No. 6, Pomo: Tipo A<\/p>\n<ul>\n<li>La hoja de acero forjado a mano est\u00e1 endurecida a una dureza Rockwell de alrededor de 50 HRC.<\/li>\n<li>Forjado y martillado con el pomo.<\/li>\n<li>Asa forrada de cuero aut\u00e9ntico.<\/li>\n<li>Guarda forjada de acero dulce.<\/li>\n<li>Los bordes son romos y la punta redondeada para mayor seguridad.<\/li>\n<li>Punto de equilibrio: a unos 14,5 cm de la empu\u00f1adura.<\/li>\n<li>Longitud hoja: 74,7 cm - Longitud total: 91 cm - Peso: 950 Grs<\/li>\n<li>Se trata de un producto ULFBERTH\u00ae original.<\/li>\n<\/ul>","protected":false},"featured_media":27735,"template":"","meta":[],"product_brand":[896],"product_cat":[25,84,43],"product_tag":[],"class_list":{"0":"post-27734","1":"product","2":"type-product","3":"status-publish","4":"has-post-thumbnail","6":"product_brand-replique-manga-cine","7":"product_cat-armes-historiques","8":"product_cat-epee-templier-medievale","9":"product_cat-reproductions-d-armes-et-accessoires-medievales","11":"first","12":"instock","13":"taxable","14":"shipping-taxable","15":"purchasable","16":"product-type-simple"},"yoast_head":"<!-- This site is optimized with the Yoast SEO plugin v27.4 - https:\/\/yoast.com\/product\/yoast-seo-wordpress\/ -->\n<title>Ep\u00e9e Normande forg\u00e9e Ulfberht - R\u00e9plique Manga Cin\u00e9<\/title>\n<meta name=\"description\" content=\"Pr\u00eat pour le combat ! Superbe Ep\u00e9e Normande forg\u00e9e Ulfberht au meilleur prix - Lame en acier forg\u00e9 et tremp\u00e9 - Poign\u00e9e cuir - Longueur totale : 91 cm\" \/>\n<meta name=\"robots\" content=\"index, follow, max-snippet:-1, max-image-preview:large, max-video-preview:-1\" \/>\n<link rel=\"canonical\" href=\"https:\/\/repliquemangacine.fr\/es\/espada-templaria-medieval\/norman-lucha-espada-ulfberht\/\" \/>\n<meta property=\"og:locale\" content=\"es_ES\" \/>\n<meta property=\"og:type\" content=\"article\" \/>\n<meta property=\"og:title\" content=\"Ep\u00e9e Normande forg\u00e9e Ulfberht - R\u00e9plique Manga Cin\u00e9\" \/>\n<meta property=\"og:description\" content=\"Pr\u00eat pour le combat ! Superbe Ep\u00e9e Normande forg\u00e9e Ulfberht au meilleur prix - Lame en acier forg\u00e9 et tremp\u00e9 - Poign\u00e9e cuir - Longueur totale : 91 cm\" \/>\n<meta property=\"og:url\" content=\"https:\/\/repliquemangacine.fr\/es\/espada-templaria-medieval\/norman-lucha-espada-ulfberht\/\" \/>\n<meta property=\"og:site_name\" content=\"R\u00e9plique Manga Cin\u00e9\" \/>\n<meta property=\"article:publisher\" content=\"https:\/\/www.facebook.com\/RepliqueMangaCine\" \/>\n<meta property=\"article:modified_time\" content=\"2025-09-23T16:01:59+00:00\" \/>\n<meta property=\"og:image\" content=\"https:\/\/repliquemangacine.fr\/wp-content\/uploads\/2023\/10\/2494-Epee-de-frappe-a-une-main-Normand.jpg\" \/>\n\t<meta property=\"og:image:width\" content=\"600\" \/>\n\t<meta property=\"og:image:height\" content=\"600\" \/>\n\t<meta property=\"og:image:type\" content=\"image\/jpeg\" \/>\n<meta name=\"twitter:card\" content=\"summary_large_image\" \/>\n<meta name=\"twitter:label1\" content=\"Tiempo de lectura\" \/>\n\t<meta name=\"twitter:data1\" content=\"2 minutos\" \/>\n<script type=\"application\/ld+json\" class=\"yoast-schema-graph\">{\"@context\":\"https:\\\/\\\/schema.org\",\"@graph\":[{\"@type\":\"WebPage\",\"@id\":\"https:\\\/\\\/repliquemangacine.fr\\\/de\\\/mittelalterliches-schwert-der-templer\\\/normannisches-kampfschwert-ulfberht\\\/\",\"url\":\"https:\\\/\\\/repliquemangacine.fr\\\/de\\\/mittelalterliches-schwert-der-templer\\\/normannisches-kampfschwert-ulfberht\\\/\",\"name\":\"Ep\u00e9e Normande forg\u00e9e Ulfberht - R\u00e9plique Manga Cin\u00e9\",\"isPartOf\":{\"@id\":\"https:\\\/\\\/repliquemangacine.fr\\\/#website\"},\"primaryImageOfPage\":{\"@id\":\"https:\\\/\\\/repliquemangacine.fr\\\/de\\\/mittelalterliches-schwert-der-templer\\\/normannisches-kampfschwert-ulfberht\\\/#primaryimage\"},\"image\":{\"@id\":\"https:\\\/\\\/repliquemangacine.fr\\\/de\\\/mittelalterliches-schwert-der-templer\\\/normannisches-kampfschwert-ulfberht\\\/#primaryimage\"},\"thumbnailUrl\":\"https:\\\/\\\/repliquemangacine.fr\\\/wp-content\\\/uploads\\\/2023\\\/10\\\/2494-Epee-de-frappe-a-une-main-Normand.jpg\",\"datePublished\":\"2018-03-24T13:53:51+00:00\",\"dateModified\":\"2025-09-23T16:01:59+00:00\",\"description\":\"Pr\u00eat pour le combat ! Superbe Ep\u00e9e Normande forg\u00e9e Ulfberht au meilleur prix - Lame en acier forg\u00e9 et tremp\u00e9 - Poign\u00e9e cuir - Longueur totale : 91 cm\",\"breadcrumb\":{\"@id\":\"https:\\\/\\\/repliquemangacine.fr\\\/de\\\/mittelalterliches-schwert-der-templer\\\/normannisches-kampfschwert-ulfberht\\\/#breadcrumb\"},\"inLanguage\":\"es\",\"potentialAction\":[{\"@type\":\"ReadAction\",\"target\":[\"https:\\\/\\\/repliquemangacine.fr\\\/de\\\/mittelalterliches-schwert-der-templer\\\/normannisches-kampfschwert-ulfberht\\\/\"]}]},{\"@type\":\"ImageObject\",\"inLanguage\":\"es\",\"@id\":\"https:\\\/\\\/repliquemangacine.fr\\\/de\\\/mittelalterliches-schwert-der-templer\\\/normannisches-kampfschwert-ulfberht\\\/#primaryimage\",\"url\":\"https:\\\/\\\/repliquemangacine.fr\\\/wp-content\\\/uploads\\\/2023\\\/10\\\/2494-Epee-de-frappe-a-une-main-Normand.jpg\",\"contentUrl\":\"https:\\\/\\\/repliquemangacine.fr\\\/wp-content\\\/uploads\\\/2023\\\/10\\\/2494-Epee-de-frappe-a-une-main-Normand.jpg\",\"width\":600,\"height\":600,\"caption\":\"Ep\u00e9e Normande forg\u00e9e Ulfberht\"},{\"@type\":\"BreadcrumbList\",\"@id\":\"https:\\\/\\\/repliquemangacine.fr\\\/de\\\/mittelalterliches-schwert-der-templer\\\/normannisches-kampfschwert-ulfberht\\\/#breadcrumb\",\"itemListElement\":[{\"@type\":\"ListItem\",\"position\":1,\"name\":\"Accueil\",\"item\":\"https:\\\/\\\/repliquemangacine.fr\\\/\"},{\"@type\":\"ListItem\",\"position\":2,\"name\":\"Produits\",\"item\":\"https:\\\/\\\/repliquemangacine.fr\\\/boutique\\\/\"},{\"@type\":\"ListItem\",\"position\":3,\"name\":\"Ep\u00e9e Normande de combat\"}]},{\"@type\":\"WebSite\",\"@id\":\"https:\\\/\\\/repliquemangacine.fr\\\/#website\",\"url\":\"https:\\\/\\\/repliquemangacine.fr\\\/\",\"name\":\"R\u00e9plique Manga Cin\u00e9\",\"description\":\"\",\"publisher\":{\"@id\":\"https:\\\/\\\/repliquemangacine.fr\\\/#organization\"},\"potentialAction\":[{\"@type\":\"SearchAction\",\"target\":{\"@type\":\"EntryPoint\",\"urlTemplate\":\"https:\\\/\\\/repliquemangacine.fr\\\/?s={search_term_string}\"},\"query-input\":{\"@type\":\"PropertyValueSpecification\",\"valueRequired\":true,\"valueName\":\"search_term_string\"}}],\"inLanguage\":\"es\"},{\"@type\":\"Organization\",\"@id\":\"https:\\\/\\\/repliquemangacine.fr\\\/#organization\",\"name\":\"R\u00e9plique Manga Cin\u00e9\",\"url\":\"https:\\\/\\\/repliquemangacine.fr\\\/\",\"logo\":{\"@type\":\"ImageObject\",\"inLanguage\":\"es\",\"@id\":\"https:\\\/\\\/repliquemangacine.fr\\\/#\\\/schema\\\/logo\\\/image\\\/\",\"url\":\"https:\\\/\\\/repliquemangacine.fr\\\/wp-content\\\/uploads\\\/2023\\\/10\\\/RMC-500250.png\",\"contentUrl\":\"https:\\\/\\\/repliquemangacine.fr\\\/wp-content\\\/uploads\\\/2023\\\/10\\\/RMC-500250.png\",\"width\":500,\"height\":250,\"caption\":\"R\u00e9plique Manga Cin\u00e9\"},\"image\":{\"@id\":\"https:\\\/\\\/repliquemangacine.fr\\\/#\\\/schema\\\/logo\\\/image\\\/\"},\"sameAs\":[\"https:\\\/\\\/www.facebook.com\\\/RepliqueMangaCine\",\"https:\\\/\\\/www.instagram.com\\\/repliquemangacine.fr\\\/\"]}]}<\/script>\n<!-- \/ Yoast SEO plugin. -->","yoast_head_json":{"title":"Ulfberht Espada forjada Normand\u00eda - R\u00e9plique Manga Cin\u00e9","description":"\u00a1Listo para la batalla! Magn\u00edfica espada normanda forjada Ulfberht al mejor precio - Hoja de acero forjado y templado - Empu\u00f1adura de cuero - Longitud total: 91 cm","robots":{"index":"index","follow":"follow","max-snippet":"max-snippet:-1","max-image-preview":"max-image-preview:large","max-video-preview":"max-video-preview:-1"},"canonical":"https:\/\/repliquemangacine.fr\/es\/espada-templaria-medieval\/norman-lucha-espada-ulfberht\/","og_locale":"es_ES","og_type":"article","og_title":"Ep\u00e9e Normande forg\u00e9e Ulfberht - R\u00e9plique Manga Cin\u00e9","og_description":"Pr\u00eat pour le combat ! Superbe Ep\u00e9e Normande forg\u00e9e Ulfberht au meilleur prix - Lame en acier forg\u00e9 et tremp\u00e9 - Poign\u00e9e cuir - Longueur totale : 91 cm","og_url":"https:\/\/repliquemangacine.fr\/es\/espada-templaria-medieval\/norman-lucha-espada-ulfberht\/","og_site_name":"R\u00e9plique Manga Cin\u00e9","article_publisher":"https:\/\/www.facebook.com\/RepliqueMangaCine","article_modified_time":"2025-09-23T16:01:59+00:00","og_image":[{"width":600,"height":600,"url":"https:\/\/repliquemangacine.fr\/wp-content\/uploads\/2023\/10\/2494-Epee-de-frappe-a-une-main-Normand.jpg","type":"image\/jpeg"}],"twitter_card":"summary_large_image","twitter_misc":{"Tiempo de lectura":"2 minutos"},"schema":{"@context":"https:\/\/schema.org","@graph":[{"@type":"WebPage","@id":"https:\/\/repliquemangacine.fr\/de\/mittelalterliches-schwert-der-templer\/normannisches-kampfschwert-ulfberht\/","url":"https:\/\/repliquemangacine.fr\/de\/mittelalterliches-schwert-der-templer\/normannisches-kampfschwert-ulfberht\/","name":"Ulfberht Espada forjada Normand\u00eda - R\u00e9plique Manga Cin\u00e9","isPartOf":{"@id":"https:\/\/repliquemangacine.fr\/#website"},"primaryImageOfPage":{"@id":"https:\/\/repliquemangacine.fr\/de\/mittelalterliches-schwert-der-templer\/normannisches-kampfschwert-ulfberht\/#primaryimage"},"image":{"@id":"https:\/\/repliquemangacine.fr\/de\/mittelalterliches-schwert-der-templer\/normannisches-kampfschwert-ulfberht\/#primaryimage"},"thumbnailUrl":"https:\/\/repliquemangacine.fr\/wp-content\/uploads\/2023\/10\/2494-Epee-de-frappe-a-une-main-Normand.jpg","datePublished":"2018-03-24T13:53:51+00:00","dateModified":"2025-09-23T16:01:59+00:00","description":"\u00a1Listo para la batalla! Magn\u00edfica espada normanda forjada Ulfberht al mejor precio - Hoja de acero forjado y templado - Empu\u00f1adura de cuero - Longitud total: 91 cm","breadcrumb":{"@id":"https:\/\/repliquemangacine.fr\/de\/mittelalterliches-schwert-der-templer\/normannisches-kampfschwert-ulfberht\/#breadcrumb"},"inLanguage":"es","potentialAction":[{"@type":"ReadAction","target":["https:\/\/repliquemangacine.fr\/de\/mittelalterliches-schwert-der-templer\/normannisches-kampfschwert-ulfberht\/"]}]},{"@type":"ImageObject","inLanguage":"es","@id":"https:\/\/repliquemangacine.fr\/de\/mittelalterliches-schwert-der-templer\/normannisches-kampfschwert-ulfberht\/#primaryimage","url":"https:\/\/repliquemangacine.fr\/wp-content\/uploads\/2023\/10\/2494-Epee-de-frappe-a-une-main-Normand.jpg","contentUrl":"https:\/\/repliquemangacine.fr\/wp-content\/uploads\/2023\/10\/2494-Epee-de-frappe-a-une-main-Normand.jpg","width":600,"height":600,"caption":"Ep\u00e9e Normande forg\u00e9e Ulfberht"},{"@type":"BreadcrumbList","@id":"https:\/\/repliquemangacine.fr\/de\/mittelalterliches-schwert-der-templer\/normannisches-kampfschwert-ulfberht\/#breadcrumb","itemListElement":[{"@type":"ListItem","position":1,"name":"Accueil","item":"https:\/\/repliquemangacine.fr\/"},{"@type":"ListItem","position":2,"name":"Produits","item":"https:\/\/repliquemangacine.fr\/boutique\/"},{"@type":"ListItem","position":3,"name":"Ep\u00e9e Normande de combat"}]},{"@type":"WebSite","@id":"https:\/\/repliquemangacine.fr\/#website","url":"https:\/\/repliquemangacine.fr\/","name":"R\u00e9plique Manga Cin\u00e9","description":"","publisher":{"@id":"https:\/\/repliquemangacine.fr\/#organization"},"potentialAction":[{"@type":"SearchAction","target":{"@type":"EntryPoint","urlTemplate":"https:\/\/repliquemangacine.fr\/?s={search_term_string}"},"query-input":{"@type":"PropertyValueSpecification","valueRequired":true,"valueName":"search_term_string"}}],"inLanguage":"es"},{"@type":"Organization","@id":"https:\/\/repliquemangacine.fr\/#organization","name":"R\u00e9plique Manga Cin\u00e9","url":"https:\/\/repliquemangacine.fr\/","logo":{"@type":"ImageObject","inLanguage":"es","@id":"https:\/\/repliquemangacine.fr\/#\/schema\/logo\/image\/","url":"https:\/\/repliquemangacine.fr\/wp-content\/uploads\/2023\/10\/RMC-500250.png","contentUrl":"https:\/\/repliquemangacine.fr\/wp-content\/uploads\/2023\/10\/RMC-500250.png","width":500,"height":250,"caption":"R\u00e9plique Manga Cin\u00e9"},"image":{"@id":"https:\/\/repliquemangacine.fr\/#\/schema\/logo\/image\/"},"sameAs":["https:\/\/www.facebook.com\/RepliqueMangaCine","https:\/\/www.instagram.com\/repliquemangacine.fr\/"]}]}},"_links":{"self":[{"href":"https:\/\/repliquemangacine.fr\/es\/wp-json\/wp\/v2\/product\/27734","targetHints":{"allow":["GET"]}}],"collection":[{"href":"https:\/\/repliquemangacine.fr\/es\/wp-json\/wp\/v2\/product"}],"about":[{"href":"https:\/\/repliquemangacine.fr\/es\/wp-json\/wp\/v2\/types\/product"}],"wp:featuredmedia":[{"embeddable":true,"href":"https:\/\/repliquemangacine.fr\/es\/wp-json\/wp\/v2\/media\/27735"}],"wp:attachment":[{"href":"https:\/\/repliquemangacine.fr\/es\/wp-json\/wp\/v2\/media?parent=27734"}],"wp:term":[{"taxonomy":"product_brand","embeddable":true,"href":"https:\/\/repliquemangacine.fr\/es\/wp-json\/wp\/v2\/product_brand?post=27734"},{"taxonomy":"product_cat","embeddable":true,"href":"https:\/\/repliquemangacine.fr\/es\/wp-json\/wp\/v2\/product_cat?post=27734"},{"taxonomy":"product_tag","embeddable":true,"href":"https:\/\/repliquemangacine.fr\/es\/wp-json\/wp\/v2\/product_tag?post=27734"}],"curies":[{"name":"wp","href":"https:\/\/api.w.org\/{rel}","templated":true}]}}